{"id":4871,"date":"2026-04-06T10:56:01","date_gmt":"2026-04-06T10:56:01","guid":{"rendered":"https:\/\/bhimportsexports.com\/hl=pt\/?post_type=product&#038;p=4871"},"modified":"2026-04-20T11:02:10","modified_gmt":"2026-04-20T11:02:10","slug":"disjuntor-bipolar-abb-s202-c10-curva-c-10a-400v-6ka","status":"publish","type":"product","link":"https:\/\/bhimportsexports.com\/hl=pt\/produto\/disjuntor-bipolar-abb-s202-c10-curva-c-10a-400v-6ka\/","title":{"rendered":"Disjuntor Bipolar Abb S202-c10 Curva C 10a 400v 6ka"},"content":{"rendered":"<p>Disjuntor Bipolar ABB S202-C10 Curva C 10A 400v 6kA Produto NOVO fora da caixa do fabricante Marca: ABB Modelo: S202-C10 \u00a0 Um disjuntor \u00e9 um dispositivo de prote\u00e7\u00e3o el\u00e9trica que tem a fun\u00e7\u00e3o de interromper automaticamente a passagem de corrente em um circuito quando detecta situa\u00e7\u00f5es anormais, como sobrecarga, curto-circuito ou, em alguns casos, fuga de corrente. Ele pode ser rearmado manualmente ou automaticamente, permitindo o restabelecimento do circuito ap\u00f3s resolver a causa da falha. \u00a0 Fun\u00e7\u00e3o Principal: \u00a0 Proteger pessoas, equipamentos e instala\u00e7\u00f5es contra danos causados por correntes excessivas. Principais Tipos de Falhas que Protege: \u00a0 Sobrecarga: Quando o consumo de corrente supera o limite nominal do circuito por um per\u00edodo prolongado. Curto-circuito: Quando h\u00e1 um caminho direto e de baixa resist\u00eancia entre dois condutores, causando um fluxo de corrente muito alto. \u00a0 Curva C: Mais tolerante a picos de corrente (uso industrial leve). \u00a0 Aplica\u00e7\u00f5es: \u00a0 Prote\u00e7\u00e3o de circuitos residenciais, comerciais e industriais. Prote\u00e7\u00e3o de equipamentos como motores, transformadores e m\u00e1quinas. \u00a0 Linha S200 &#8211; Curva C &#8211; Fun\u00e7\u00e3o: prote\u00e7\u00e3o e controle de circuitos contra sobrecargas e curtos-circuitos; prote\u00e7\u00e3o para cargas resistivas e indutivas com baixa corrente de partida. M\u00e1xima tens\u00e3o de trabalho (Ubm\u00e1x): 440 Vca, 50\/60 Hz. Aplica\u00e7\u00f5es: residencial, comercial e industrial. &#8211; Fixa\u00e7\u00e3o Trilho DIN &#8211; Caracter\u00edsticas construtivas robustas com componentes internos 100% met\u00e1licos &#8211; Material auto-extingu\u00edvel (V0) &#8211; Materiais recicl\u00e1veis e 100% livre de hal\u00f3genos De acordo com ABNT NBR NM 60898 &#8211; Corrente alternada Corrente nominal In 0,5\u202663A Icu de 6 kA em 230V \/ 400V) &#8211; (De acordo com NBR IEC 60947-2 &#8211; Corrente alternada Corrente nominal In 0,5\u202663A para 1P Icu de 20kA em 127V e 10kA em 230V, para 2P, 3P e 4P Icu de 20kA em 230V e 10kA em 400V) &#8211; De acordo com NBR IEC 60947-2 &#8211; Corrente cont\u00ednua Corrente alternada Corrente nominal In 0,5\u202663A para 1P Icu de 20kA em 24Vcc e 10kA em 60Vcc, para 2P Icu de 20kA em 48Vcc e 10kA em 125Vcc) \u00a0 Caracter\u00edsticas T\u00e9cnicas Corrente Nominal: 10A, adequado para circuitos de baixa corrente. Tens\u00e3o Nominal de Opera\u00e7\u00e3o: 400V AC. Curva de Disparo: Curva C, que tolera picos de corrente de 5 a 10 vezes a corrente nominal antes do disparo, ideal para cargas indutivas leves.<\/p>\n","protected":false},"excerpt":{"rendered":"<p>PRE\u00c7O SOB CONSULTA<\/p>\n","protected":false},"featured_media":4896,"comment_status":"open","ping_status":"closed","template":"","meta":[],"product_brand":[],"product_cat":[1091],"product_tag":[],"class_list":{"0":"post-4871","1":"product","2":"type-product","3":"status-publish","4":"has-post-thumbnail","6":"product_cat-disjuntor","8":"first","9":"onbackorder","10":"shipping-taxable","11":"product-type-simple"},"yoast_head":"<!-- This site is optimized with the Yoast SEO plugin v27.4 - https:\/\/yoast.com\/product\/yoast-seo-wordpress\/ -->\n<title>Disjuntor Bipolar Abb S202-c10 Curva C 10a 400v 6ka - BH IMPORTS &amp; EXPORTS<\/title>\n<meta name=\"robots\" content=\"index, follow, max-snippet:-1, max-image-preview:large, max-video-preview:-1\" \/>\n<link rel=\"canonical\" href=\"https:\/\/bhimportsexports.com\/hl=pt\/produto\/disjuntor-bipolar-abb-s202-c10-curva-c-10a-400v-6ka\/\" \/>\n<meta property=\"og:locale\" content=\"pt_BR\" \/>\n<meta property=\"og:type\" content=\"article\" \/>\n<meta property=\"og:title\" content=\"Disjuntor Bipolar Abb S202-c10 Curva C 10a 400v 6ka - BH IMPORTS &amp; EXPORTS\" \/>\n<meta property=\"og:description\" content=\"PRE\u00c7O SOB CONSULTA\" \/>\n<meta property=\"og:url\" content=\"https:\/\/bhimportsexports.com\/hl=pt\/produto\/disjuntor-bipolar-abb-s202-c10-curva-c-10a-400v-6ka\/\" \/>\n<meta property=\"og:site_name\" content=\"BH IMPORTS &amp; EXPORTS\" \/>\n<meta property=\"article:modified_time\" content=\"2026-04-20T11:02:10+00:00\" \/>\n<meta property=\"og:image\" content=\"https:\/\/bhimportsexports.com\/wp-content\/uploads\/2026\/04\/D_NQ_NP_2X_663674-MLB104020472428_012026-F.webp\" \/>\n\t<meta property=\"og:image:width\" content=\"913\" \/>\n\t<meta property=\"og:image:height\" content=\"1180\" \/>\n\t<meta property=\"og:image:type\" content=\"image\/webp\" \/>\n<meta name=\"twitter:card\" content=\"summary_large_image\" \/>\n<meta name=\"twitter:label1\" content=\"Est. tempo de leitura\" \/>\n\t<meta name=\"twitter:data1\" content=\"2 minutos\" \/>\n<script type=\"application\/ld+json\" class=\"yoast-schema-graph\">{\"@context\":\"https:\\\/\\\/schema.org\",\"@graph\":[{\"@type\":\"WebPage\",\"@id\":\"https:\\\/\\\/bhimportsexports.com\\\/hl=pt\\\/produto\\\/disjuntor-bipolar-abb-s202-c10-curva-c-10a-400v-6ka\\\/\",\"url\":\"https:\\\/\\\/bhimportsexports.com\\\/hl=pt\\\/produto\\\/disjuntor-bipolar-abb-s202-c10-curva-c-10a-400v-6ka\\\/\",\"name\":\"Disjuntor Bipolar Abb S202-c10 Curva C 10a 400v 6ka - BH IMPORTS &amp; EXPORTS\",\"isPartOf\":{\"@id\":\"https:\\\/\\\/bhimportsexports.com\\\/hl=pt\\\/#website\"},\"primaryImageOfPage\":{\"@id\":\"https:\\\/\\\/bhimportsexports.com\\\/hl=pt\\\/produto\\\/disjuntor-bipolar-abb-s202-c10-curva-c-10a-400v-6ka\\\/#primaryimage\"},\"image\":{\"@id\":\"https:\\\/\\\/bhimportsexports.com\\\/hl=pt\\\/produto\\\/disjuntor-bipolar-abb-s202-c10-curva-c-10a-400v-6ka\\\/#primaryimage\"},\"thumbnailUrl\":\"https:\\\/\\\/bhimportsexports.com\\\/wp-content\\\/uploads\\\/2026\\\/04\\\/D_NQ_NP_2X_663674-MLB104020472428_012026-F.webp\",\"datePublished\":\"2026-04-06T10:56:01+00:00\",\"dateModified\":\"2026-04-20T11:02:10+00:00\",\"breadcrumb\":{\"@id\":\"https:\\\/\\\/bhimportsexports.com\\\/hl=pt\\\/produto\\\/disjuntor-bipolar-abb-s202-c10-curva-c-10a-400v-6ka\\\/#breadcrumb\"},\"inLanguage\":\"pt-BR\",\"potentialAction\":[{\"@type\":\"ReadAction\",\"target\":[\"https:\\\/\\\/bhimportsexports.com\\\/hl=pt\\\/produto\\\/disjuntor-bipolar-abb-s202-c10-curva-c-10a-400v-6ka\\\/\"]}]},{\"@type\":\"ImageObject\",\"inLanguage\":\"pt-BR\",\"@id\":\"https:\\\/\\\/bhimportsexports.com\\\/hl=pt\\\/produto\\\/disjuntor-bipolar-abb-s202-c10-curva-c-10a-400v-6ka\\\/#primaryimage\",\"url\":\"https:\\\/\\\/bhimportsexports.com\\\/wp-content\\\/uploads\\\/2026\\\/04\\\/D_NQ_NP_2X_663674-MLB104020472428_012026-F.webp\",\"contentUrl\":\"https:\\\/\\\/bhimportsexports.com\\\/wp-content\\\/uploads\\\/2026\\\/04\\\/D_NQ_NP_2X_663674-MLB104020472428_012026-F.webp\",\"width\":913,\"height\":1180},{\"@type\":\"BreadcrumbList\",\"@id\":\"https:\\\/\\\/bhimportsexports.com\\\/hl=pt\\\/produto\\\/disjuntor-bipolar-abb-s202-c10-curva-c-10a-400v-6ka\\\/#breadcrumb\",\"itemListElement\":[{\"@type\":\"ListItem\",\"position\":1,\"name\":\"In\u00edcio\",\"item\":\"https:\\\/\\\/bhimportsexports.com\\\/hl=pt\\\/\"},{\"@type\":\"ListItem\",\"position\":2,\"name\":\"Loja\",\"item\":\"https:\\\/\\\/bhimportsexports.com\\\/hl=pt\\\/loja\\\/\"},{\"@type\":\"ListItem\",\"position\":3,\"name\":\"Disjuntor Bipolar Abb S202-c10 Curva C 10a 400v 6ka\"}]},{\"@type\":\"WebSite\",\"@id\":\"https:\\\/\\\/bhimportsexports.com\\\/hl=pt\\\/#website\",\"url\":\"https:\\\/\\\/bhimportsexports.com\\\/hl=pt\\\/\",\"name\":\"BH IMPORTS & EXPORTS\",\"description\":\"Innovation and excellence in international trade. Import, export, consultancy and sourcing.\",\"publisher\":{\"@id\":\"https:\\\/\\\/bhimportsexports.com\\\/hl=pt\\\/#organization\"},\"potentialAction\":[{\"@type\":\"SearchAction\",\"target\":{\"@type\":\"EntryPoint\",\"urlTemplate\":\"https:\\\/\\\/bhimportsexports.com\\\/hl=pt\\\/?s={search_term_string}\"},\"query-input\":{\"@type\":\"PropertyValueSpecification\",\"valueRequired\":true,\"valueName\":\"search_term_string\"}}],\"inLanguage\":\"pt-BR\"},{\"@type\":\"Organization\",\"@id\":\"https:\\\/\\\/bhimportsexports.com\\\/hl=pt\\\/#organization\",\"name\":\"BH IMPORTS & EXPORTS\",\"url\":\"https:\\\/\\\/bhimportsexports.com\\\/hl=pt\\\/\",\"logo\":{\"@type\":\"ImageObject\",\"inLanguage\":\"pt-BR\",\"@id\":\"https:\\\/\\\/bhimportsexports.com\\\/hl=pt\\\/#\\\/schema\\\/logo\\\/image\\\/\",\"url\":\"https:\\\/\\\/bhimportsexports.com\\\/wp-content\\\/uploads\\\/2024\\\/09\\\/BH-IMPORTS.png\",\"contentUrl\":\"https:\\\/\\\/bhimportsexports.com\\\/wp-content\\\/uploads\\\/2024\\\/09\\\/BH-IMPORTS.png\",\"width\":300,\"height\":200,\"caption\":\"BH IMPORTS & EXPORTS\"},\"image\":{\"@id\":\"https:\\\/\\\/bhimportsexports.com\\\/hl=pt\\\/#\\\/schema\\\/logo\\\/image\\\/\"}}]}<\/script>\n<!-- \/ Yoast SEO plugin. -->","yoast_head_json":{"title":"Disjuntor Bipolar Abb S202-c10 Curva C 10a 400v 6ka - BH IMPORTS &amp; EXPORTS","robots":{"index":"index","follow":"follow","max-snippet":"max-snippet:-1","max-image-preview":"max-image-preview:large","max-video-preview":"max-video-preview:-1"},"canonical":"https:\/\/bhimportsexports.com\/hl=pt\/produto\/disjuntor-bipolar-abb-s202-c10-curva-c-10a-400v-6ka\/","og_locale":"pt_BR","og_type":"article","og_title":"Disjuntor Bipolar Abb S202-c10 Curva C 10a 400v 6ka - BH IMPORTS &amp; EXPORTS","og_description":"PRE\u00c7O SOB CONSULTA","og_url":"https:\/\/bhimportsexports.com\/hl=pt\/produto\/disjuntor-bipolar-abb-s202-c10-curva-c-10a-400v-6ka\/","og_site_name":"BH IMPORTS &amp; EXPORTS","article_modified_time":"2026-04-20T11:02:10+00:00","og_image":[{"width":913,"height":1180,"url":"https:\/\/bhimportsexports.com\/wp-content\/uploads\/2026\/04\/D_NQ_NP_2X_663674-MLB104020472428_012026-F.webp","type":"image\/webp"}],"twitter_card":"summary_large_image","twitter_misc":{"Est. tempo de leitura":"2 minutos"},"schema":{"@context":"https:\/\/schema.org","@graph":[{"@type":"WebPage","@id":"https:\/\/bhimportsexports.com\/hl=pt\/produto\/disjuntor-bipolar-abb-s202-c10-curva-c-10a-400v-6ka\/","url":"https:\/\/bhimportsexports.com\/hl=pt\/produto\/disjuntor-bipolar-abb-s202-c10-curva-c-10a-400v-6ka\/","name":"Disjuntor Bipolar Abb S202-c10 Curva C 10a 400v 6ka - BH IMPORTS &amp; EXPORTS","isPartOf":{"@id":"https:\/\/bhimportsexports.com\/hl=pt\/#website"},"primaryImageOfPage":{"@id":"https:\/\/bhimportsexports.com\/hl=pt\/produto\/disjuntor-bipolar-abb-s202-c10-curva-c-10a-400v-6ka\/#primaryimage"},"image":{"@id":"https:\/\/bhimportsexports.com\/hl=pt\/produto\/disjuntor-bipolar-abb-s202-c10-curva-c-10a-400v-6ka\/#primaryimage"},"thumbnailUrl":"https:\/\/bhimportsexports.com\/wp-content\/uploads\/2026\/04\/D_NQ_NP_2X_663674-MLB104020472428_012026-F.webp","datePublished":"2026-04-06T10:56:01+00:00","dateModified":"2026-04-20T11:02:10+00:00","breadcrumb":{"@id":"https:\/\/bhimportsexports.com\/hl=pt\/produto\/disjuntor-bipolar-abb-s202-c10-curva-c-10a-400v-6ka\/#breadcrumb"},"inLanguage":"pt-BR","potentialAction":[{"@type":"ReadAction","target":["https:\/\/bhimportsexports.com\/hl=pt\/produto\/disjuntor-bipolar-abb-s202-c10-curva-c-10a-400v-6ka\/"]}]},{"@type":"ImageObject","inLanguage":"pt-BR","@id":"https:\/\/bhimportsexports.com\/hl=pt\/produto\/disjuntor-bipolar-abb-s202-c10-curva-c-10a-400v-6ka\/#primaryimage","url":"https:\/\/bhimportsexports.com\/wp-content\/uploads\/2026\/04\/D_NQ_NP_2X_663674-MLB104020472428_012026-F.webp","contentUrl":"https:\/\/bhimportsexports.com\/wp-content\/uploads\/2026\/04\/D_NQ_NP_2X_663674-MLB104020472428_012026-F.webp","width":913,"height":1180},{"@type":"BreadcrumbList","@id":"https:\/\/bhimportsexports.com\/hl=pt\/produto\/disjuntor-bipolar-abb-s202-c10-curva-c-10a-400v-6ka\/#breadcrumb","itemListElement":[{"@type":"ListItem","position":1,"name":"In\u00edcio","item":"https:\/\/bhimportsexports.com\/hl=pt\/"},{"@type":"ListItem","position":2,"name":"Loja","item":"https:\/\/bhimportsexports.com\/hl=pt\/loja\/"},{"@type":"ListItem","position":3,"name":"Disjuntor Bipolar Abb S202-c10 Curva C 10a 400v 6ka"}]},{"@type":"WebSite","@id":"https:\/\/bhimportsexports.com\/hl=pt\/#website","url":"https:\/\/bhimportsexports.com\/hl=pt\/","name":"BH IMPORTS & EXPORTS","description":"Innovation and excellence in international trade. Import, export, consultancy and sourcing.","publisher":{"@id":"https:\/\/bhimportsexports.com\/hl=pt\/#organization"},"potentialAction":[{"@type":"SearchAction","target":{"@type":"EntryPoint","urlTemplate":"https:\/\/bhimportsexports.com\/hl=pt\/?s={search_term_string}"},"query-input":{"@type":"PropertyValueSpecification","valueRequired":true,"valueName":"search_term_string"}}],"inLanguage":"pt-BR"},{"@type":"Organization","@id":"https:\/\/bhimportsexports.com\/hl=pt\/#organization","name":"BH IMPORTS & EXPORTS","url":"https:\/\/bhimportsexports.com\/hl=pt\/","logo":{"@type":"ImageObject","inLanguage":"pt-BR","@id":"https:\/\/bhimportsexports.com\/hl=pt\/#\/schema\/logo\/image\/","url":"https:\/\/bhimportsexports.com\/wp-content\/uploads\/2024\/09\/BH-IMPORTS.png","contentUrl":"https:\/\/bhimportsexports.com\/wp-content\/uploads\/2024\/09\/BH-IMPORTS.png","width":300,"height":200,"caption":"BH IMPORTS & EXPORTS"},"image":{"@id":"https:\/\/bhimportsexports.com\/hl=pt\/#\/schema\/logo\/image\/"}}]}},"_links":{"self":[{"href":"https:\/\/bhimportsexports.com\/hl=pt\/wp-json\/wp\/v2\/product\/4871","targetHints":{"allow":["GET"]}}],"collection":[{"href":"https:\/\/bhimportsexports.com\/hl=pt\/wp-json\/wp\/v2\/product"}],"about":[{"href":"https:\/\/bhimportsexports.com\/hl=pt\/wp-json\/wp\/v2\/types\/product"}],"replies":[{"embeddable":true,"href":"https:\/\/bhimportsexports.com\/hl=pt\/wp-json\/wp\/v2\/comments?post=4871"}],"wp:featuredmedia":[{"embeddable":true,"href":"https:\/\/bhimportsexports.com\/hl=pt\/wp-json\/wp\/v2\/media\/4896"}],"wp:attachment":[{"href":"https:\/\/bhimportsexports.com\/hl=pt\/wp-json\/wp\/v2\/media?parent=4871"}],"wp:term":[{"taxonomy":"product_brand","embeddable":true,"href":"https:\/\/bhimportsexports.com\/hl=pt\/wp-json\/wp\/v2\/product_brand?post=4871"},{"taxonomy":"product_cat","embeddable":true,"href":"https:\/\/bhimportsexports.com\/hl=pt\/wp-json\/wp\/v2\/product_cat?post=4871"},{"taxonomy":"product_tag","embeddable":true,"href":"https:\/\/bhimportsexports.com\/hl=pt\/wp-json\/wp\/v2\/product_tag?post=4871"}],"curies":[{"name":"wp","href":"https:\/\/api.w.org\/{rel}","templated":true}]}}