{"id":4855,"date":"2026-03-30T17:42:14","date_gmt":"2026-03-30T17:42:14","guid":{"rendered":"https:\/\/bhimportsexports.com\/hl=pt\/?post_type=product&#038;p=4855"},"modified":"2026-03-30T17:42:14","modified_gmt":"2026-03-30T17:42:14","slug":"densimetro-sf6-akm-38750-38920-38960","status":"publish","type":"product","link":"https:\/\/bhimportsexports.com\/hl=pt\/produto\/densimetro-sf6-akm-38750-38920-38960\/","title":{"rendered":"Dens\u00edmetro SF6 AKM 38750\/38920\/38960"},"content":{"rendered":"<p>Monitor grande de g\u00e1s SF6 que d\u00e1 indica\u00e7\u00e3o mec\u00e2nica e local.<br \/>\nCompensa automaticamente as mudan\u00e7as na press\u00e3o do g\u00e1s devido \u00e0 temperatura ambiente.<br \/>\nOferece alarme e controle de limites com at\u00e9 tr\u00eas comutadores ajustados na f\u00e1brica.<br \/>\nOs interruptores de a\u00e7\u00e3o de disparo, SPST ou SPDT s\u00e3o aprovados por Underwriters Laboratories (UL) e Canadian Standards Association (CSA).<br \/>\nCada monitor de densidade de g\u00e1s \u00e9 individualmente testado e certificado na f\u00e1brica antes do envio.<\/p>\n<h3>Caracter\u00edsticas<\/h3>\n<p>Indica\u00e7\u00e3o local, com base mec\u00e2nica, com compensa\u00e7\u00e3o de temperatura ambiente opcional bimet\u00e1lica e comutadores para as fun\u00e7\u00f5es de alarme e fun\u00e7\u00f5es de controle.<br \/>\nSuporte \u00e0 prova de vibra\u00e7\u00e3o e caixa robusta em a\u00e7o inoxid\u00e1vel para uma longa vida \u00fatil.<br \/>\nPrecis\u00e3o da comuta\u00e7\u00e3o de \u00b13% para controle de limite confi\u00e1vel e disparo de alarmes dentro da faixa total de temperatura ambiente.<br \/>\n\u00c0 prova de intemp\u00e9ries de acordo com a IP54 (equivalente \u00e0 classifica\u00e7\u00e3o NEMA 3S).<br \/>\nApresenta alojamento em a\u00e7o inoxid\u00e1vel, placa chanfrada antivibra\u00e7\u00e3o.<br \/>\nGabinete em alum\u00ednio fundido para fia\u00e7\u00e3o com acabamento de cobertura em p\u00f3 para proporcionar maior durabilidade.<br \/>\nLente de policarbonato estabilizada com raios UV resiste ao amarelamento oriundo do envelhecimento.<\/p>\n<h3>Op\u00e7\u00f5es<\/h3>\n<p>Mostrador de 5 polegadas (88,9 mm) com diversas op\u00e7\u00f5es de faixa de press\u00e3o.<br \/>\nAt\u00e9 3 comutadores opcionais ajustados em f\u00e1brica permite as fun\u00e7\u00f5es de alarme e bloqueio.<br \/>\nAs op\u00e7\u00f5es de faixa de press\u00e3o e conex\u00e3o podem ser configuradas conforme necess\u00e1rio.<\/p>\n<h3>Aplica\u00e7\u00e3o<\/h3>\n<p>Para uso com disjuntores isolados a g\u00e1s de alta e m\u00e9dia tens\u00e3o (tanque ativo ou passivo), buchas de comutadores e transformadores. Para aplica\u00e7\u00f5es de monitoramento da densidade do g\u00e1s que exijam indica\u00e7\u00e3o local e comutadores opcionais para alarme e controle de limites.<\/p>\n","protected":false},"excerpt":{"rendered":"<p>PRE\u00c7O SOB CONSULTA<\/p>\n","protected":false},"featured_media":4856,"comment_status":"open","ping_status":"closed","template":"","meta":[],"product_brand":[],"product_cat":[1237],"product_tag":[],"class_list":{"0":"post-4855","1":"product","2":"type-product","3":"status-publish","4":"has-post-thumbnail","6":"product_cat-densostato","8":"first","9":"onbackorder","10":"shipping-taxable","11":"product-type-simple"},"yoast_head":"<!-- This site is optimized with the Yoast SEO plugin v27.4 - https:\/\/yoast.com\/product\/yoast-seo-wordpress\/ -->\n<title>Dens\u00edmetro SF6 AKM 38750\/38920\/38960 - BH IMPORTS &amp; EXPORTS<\/title>\n<meta name=\"robots\" content=\"index, follow, max-snippet:-1, max-image-preview:large, max-video-preview:-1\" \/>\n<link rel=\"canonical\" href=\"https:\/\/bhimportsexports.com\/hl=pt\/produto\/densimetro-sf6-akm-38750-38920-38960\/\" \/>\n<meta property=\"og:locale\" content=\"pt_BR\" \/>\n<meta property=\"og:type\" content=\"article\" \/>\n<meta property=\"og:title\" content=\"Dens\u00edmetro SF6 AKM 38750\/38920\/38960 - BH IMPORTS &amp; EXPORTS\" \/>\n<meta property=\"og:description\" content=\"PRE\u00c7O SOB CONSULTA\" \/>\n<meta property=\"og:url\" content=\"https:\/\/bhimportsexports.com\/hl=pt\/produto\/densimetro-sf6-akm-38750-38920-38960\/\" \/>\n<meta property=\"og:site_name\" content=\"BH IMPORTS &amp; EXPORTS\" \/>\n<meta property=\"og:image\" content=\"https:\/\/bhimportsexports.com\/wp-content\/uploads\/2026\/03\/QUALITROL_149_and_AKM_47209_COMBINED.jpg\" \/>\n\t<meta property=\"og:image:width\" content=\"720\" \/>\n\t<meta property=\"og:image:height\" content=\"480\" \/>\n\t<meta property=\"og:image:type\" content=\"image\/jpeg\" \/>\n<meta name=\"twitter:card\" content=\"summary_large_image\" \/>\n<meta name=\"twitter:label1\" content=\"Est. tempo de leitura\" \/>\n\t<meta name=\"twitter:data1\" content=\"2 minutos\" \/>\n<script type=\"application\/ld+json\" class=\"yoast-schema-graph\">{\"@context\":\"https:\\\/\\\/schema.org\",\"@graph\":[{\"@type\":\"WebPage\",\"@id\":\"https:\\\/\\\/bhimportsexports.com\\\/hl=pt\\\/produto\\\/densimetro-sf6-akm-38750-38920-38960\\\/\",\"url\":\"https:\\\/\\\/bhimportsexports.com\\\/hl=pt\\\/produto\\\/densimetro-sf6-akm-38750-38920-38960\\\/\",\"name\":\"Dens\u00edmetro SF6 AKM 38750\\\/38920\\\/38960 - BH IMPORTS &amp; EXPORTS\",\"isPartOf\":{\"@id\":\"https:\\\/\\\/bhimportsexports.com\\\/hl=pt\\\/#website\"},\"primaryImageOfPage\":{\"@id\":\"https:\\\/\\\/bhimportsexports.com\\\/hl=pt\\\/produto\\\/densimetro-sf6-akm-38750-38920-38960\\\/#primaryimage\"},\"image\":{\"@id\":\"https:\\\/\\\/bhimportsexports.com\\\/hl=pt\\\/produto\\\/densimetro-sf6-akm-38750-38920-38960\\\/#primaryimage\"},\"thumbnailUrl\":\"https:\\\/\\\/bhimportsexports.com\\\/wp-content\\\/uploads\\\/2026\\\/03\\\/QUALITROL_149_and_AKM_47209_COMBINED.jpg\",\"datePublished\":\"2026-03-30T17:42:14+00:00\",\"breadcrumb\":{\"@id\":\"https:\\\/\\\/bhimportsexports.com\\\/hl=pt\\\/produto\\\/densimetro-sf6-akm-38750-38920-38960\\\/#breadcrumb\"},\"inLanguage\":\"pt-BR\",\"potentialAction\":[{\"@type\":\"ReadAction\",\"target\":[\"https:\\\/\\\/bhimportsexports.com\\\/hl=pt\\\/produto\\\/densimetro-sf6-akm-38750-38920-38960\\\/\"]}]},{\"@type\":\"ImageObject\",\"inLanguage\":\"pt-BR\",\"@id\":\"https:\\\/\\\/bhimportsexports.com\\\/hl=pt\\\/produto\\\/densimetro-sf6-akm-38750-38920-38960\\\/#primaryimage\",\"url\":\"https:\\\/\\\/bhimportsexports.com\\\/wp-content\\\/uploads\\\/2026\\\/03\\\/QUALITROL_149_and_AKM_47209_COMBINED.jpg\",\"contentUrl\":\"https:\\\/\\\/bhimportsexports.com\\\/wp-content\\\/uploads\\\/2026\\\/03\\\/QUALITROL_149_and_AKM_47209_COMBINED.jpg\",\"width\":720,\"height\":480},{\"@type\":\"BreadcrumbList\",\"@id\":\"https:\\\/\\\/bhimportsexports.com\\\/hl=pt\\\/produto\\\/densimetro-sf6-akm-38750-38920-38960\\\/#breadcrumb\",\"itemListElement\":[{\"@type\":\"ListItem\",\"position\":1,\"name\":\"In\u00edcio\",\"item\":\"https:\\\/\\\/bhimportsexports.com\\\/hl=pt\\\/\"},{\"@type\":\"ListItem\",\"position\":2,\"name\":\"Loja\",\"item\":\"https:\\\/\\\/bhimportsexports.com\\\/hl=pt\\\/loja\\\/\"},{\"@type\":\"ListItem\",\"position\":3,\"name\":\"Dens\u00edmetro SF6 AKM 38750\\\/38920\\\/38960\"}]},{\"@type\":\"WebSite\",\"@id\":\"https:\\\/\\\/bhimportsexports.com\\\/hl=pt\\\/#website\",\"url\":\"https:\\\/\\\/bhimportsexports.com\\\/hl=pt\\\/\",\"name\":\"BH IMPORTS & EXPORTS\",\"description\":\"Innovation and excellence in international trade. Import, export, consultancy and sourcing.\",\"publisher\":{\"@id\":\"https:\\\/\\\/bhimportsexports.com\\\/hl=pt\\\/#organization\"},\"potentialAction\":[{\"@type\":\"SearchAction\",\"target\":{\"@type\":\"EntryPoint\",\"urlTemplate\":\"https:\\\/\\\/bhimportsexports.com\\\/hl=pt\\\/?s={search_term_string}\"},\"query-input\":{\"@type\":\"PropertyValueSpecification\",\"valueRequired\":true,\"valueName\":\"search_term_string\"}}],\"inLanguage\":\"pt-BR\"},{\"@type\":\"Organization\",\"@id\":\"https:\\\/\\\/bhimportsexports.com\\\/hl=pt\\\/#organization\",\"name\":\"BH IMPORTS & EXPORTS\",\"url\":\"https:\\\/\\\/bhimportsexports.com\\\/hl=pt\\\/\",\"logo\":{\"@type\":\"ImageObject\",\"inLanguage\":\"pt-BR\",\"@id\":\"https:\\\/\\\/bhimportsexports.com\\\/hl=pt\\\/#\\\/schema\\\/logo\\\/image\\\/\",\"url\":\"https:\\\/\\\/bhimportsexports.com\\\/wp-content\\\/uploads\\\/2024\\\/09\\\/BH-IMPORTS.png\",\"contentUrl\":\"https:\\\/\\\/bhimportsexports.com\\\/wp-content\\\/uploads\\\/2024\\\/09\\\/BH-IMPORTS.png\",\"width\":300,\"height\":200,\"caption\":\"BH IMPORTS & EXPORTS\"},\"image\":{\"@id\":\"https:\\\/\\\/bhimportsexports.com\\\/hl=pt\\\/#\\\/schema\\\/logo\\\/image\\\/\"}}]}<\/script>\n<!-- \/ Yoast SEO plugin. -->","yoast_head_json":{"title":"Dens\u00edmetro SF6 AKM 38750\/38920\/38960 - BH IMPORTS &amp; EXPORTS","robots":{"index":"index","follow":"follow","max-snippet":"max-snippet:-1","max-image-preview":"max-image-preview:large","max-video-preview":"max-video-preview:-1"},"canonical":"https:\/\/bhimportsexports.com\/hl=pt\/produto\/densimetro-sf6-akm-38750-38920-38960\/","og_locale":"pt_BR","og_type":"article","og_title":"Dens\u00edmetro SF6 AKM 38750\/38920\/38960 - BH IMPORTS &amp; EXPORTS","og_description":"PRE\u00c7O SOB CONSULTA","og_url":"https:\/\/bhimportsexports.com\/hl=pt\/produto\/densimetro-sf6-akm-38750-38920-38960\/","og_site_name":"BH IMPORTS &amp; EXPORTS","og_image":[{"width":720,"height":480,"url":"https:\/\/bhimportsexports.com\/wp-content\/uploads\/2026\/03\/QUALITROL_149_and_AKM_47209_COMBINED.jpg","type":"image\/jpeg"}],"twitter_card":"summary_large_image","twitter_misc":{"Est. tempo de leitura":"2 minutos"},"schema":{"@context":"https:\/\/schema.org","@graph":[{"@type":"WebPage","@id":"https:\/\/bhimportsexports.com\/hl=pt\/produto\/densimetro-sf6-akm-38750-38920-38960\/","url":"https:\/\/bhimportsexports.com\/hl=pt\/produto\/densimetro-sf6-akm-38750-38920-38960\/","name":"Dens\u00edmetro SF6 AKM 38750\/38920\/38960 - BH IMPORTS &amp; EXPORTS","isPartOf":{"@id":"https:\/\/bhimportsexports.com\/hl=pt\/#website"},"primaryImageOfPage":{"@id":"https:\/\/bhimportsexports.com\/hl=pt\/produto\/densimetro-sf6-akm-38750-38920-38960\/#primaryimage"},"image":{"@id":"https:\/\/bhimportsexports.com\/hl=pt\/produto\/densimetro-sf6-akm-38750-38920-38960\/#primaryimage"},"thumbnailUrl":"https:\/\/bhimportsexports.com\/wp-content\/uploads\/2026\/03\/QUALITROL_149_and_AKM_47209_COMBINED.jpg","datePublished":"2026-03-30T17:42:14+00:00","breadcrumb":{"@id":"https:\/\/bhimportsexports.com\/hl=pt\/produto\/densimetro-sf6-akm-38750-38920-38960\/#breadcrumb"},"inLanguage":"pt-BR","potentialAction":[{"@type":"ReadAction","target":["https:\/\/bhimportsexports.com\/hl=pt\/produto\/densimetro-sf6-akm-38750-38920-38960\/"]}]},{"@type":"ImageObject","inLanguage":"pt-BR","@id":"https:\/\/bhimportsexports.com\/hl=pt\/produto\/densimetro-sf6-akm-38750-38920-38960\/#primaryimage","url":"https:\/\/bhimportsexports.com\/wp-content\/uploads\/2026\/03\/QUALITROL_149_and_AKM_47209_COMBINED.jpg","contentUrl":"https:\/\/bhimportsexports.com\/wp-content\/uploads\/2026\/03\/QUALITROL_149_and_AKM_47209_COMBINED.jpg","width":720,"height":480},{"@type":"BreadcrumbList","@id":"https:\/\/bhimportsexports.com\/hl=pt\/produto\/densimetro-sf6-akm-38750-38920-38960\/#breadcrumb","itemListElement":[{"@type":"ListItem","position":1,"name":"In\u00edcio","item":"https:\/\/bhimportsexports.com\/hl=pt\/"},{"@type":"ListItem","position":2,"name":"Loja","item":"https:\/\/bhimportsexports.com\/hl=pt\/loja\/"},{"@type":"ListItem","position":3,"name":"Dens\u00edmetro SF6 AKM 38750\/38920\/38960"}]},{"@type":"WebSite","@id":"https:\/\/bhimportsexports.com\/hl=pt\/#website","url":"https:\/\/bhimportsexports.com\/hl=pt\/","name":"BH IMPORTS & EXPORTS","description":"Innovation and excellence in international trade. Import, export, consultancy and sourcing.","publisher":{"@id":"https:\/\/bhimportsexports.com\/hl=pt\/#organization"},"potentialAction":[{"@type":"SearchAction","target":{"@type":"EntryPoint","urlTemplate":"https:\/\/bhimportsexports.com\/hl=pt\/?s={search_term_string}"},"query-input":{"@type":"PropertyValueSpecification","valueRequired":true,"valueName":"search_term_string"}}],"inLanguage":"pt-BR"},{"@type":"Organization","@id":"https:\/\/bhimportsexports.com\/hl=pt\/#organization","name":"BH IMPORTS & EXPORTS","url":"https:\/\/bhimportsexports.com\/hl=pt\/","logo":{"@type":"ImageObject","inLanguage":"pt-BR","@id":"https:\/\/bhimportsexports.com\/hl=pt\/#\/schema\/logo\/image\/","url":"https:\/\/bhimportsexports.com\/wp-content\/uploads\/2024\/09\/BH-IMPORTS.png","contentUrl":"https:\/\/bhimportsexports.com\/wp-content\/uploads\/2024\/09\/BH-IMPORTS.png","width":300,"height":200,"caption":"BH IMPORTS & EXPORTS"},"image":{"@id":"https:\/\/bhimportsexports.com\/hl=pt\/#\/schema\/logo\/image\/"}}]}},"_links":{"self":[{"href":"https:\/\/bhimportsexports.com\/hl=pt\/wp-json\/wp\/v2\/product\/4855","targetHints":{"allow":["GET"]}}],"collection":[{"href":"https:\/\/bhimportsexports.com\/hl=pt\/wp-json\/wp\/v2\/product"}],"about":[{"href":"https:\/\/bhimportsexports.com\/hl=pt\/wp-json\/wp\/v2\/types\/product"}],"replies":[{"embeddable":true,"href":"https:\/\/bhimportsexports.com\/hl=pt\/wp-json\/wp\/v2\/comments?post=4855"}],"wp:featuredmedia":[{"embeddable":true,"href":"https:\/\/bhimportsexports.com\/hl=pt\/wp-json\/wp\/v2\/media\/4856"}],"wp:attachment":[{"href":"https:\/\/bhimportsexports.com\/hl=pt\/wp-json\/wp\/v2\/media?parent=4855"}],"wp:term":[{"taxonomy":"product_brand","embeddable":true,"href":"https:\/\/bhimportsexports.com\/hl=pt\/wp-json\/wp\/v2\/product_brand?post=4855"},{"taxonomy":"product_cat","embeddable":true,"href":"https:\/\/bhimportsexports.com\/hl=pt\/wp-json\/wp\/v2\/product_cat?post=4855"},{"taxonomy":"product_tag","embeddable":true,"href":"https:\/\/bhimportsexports.com\/hl=pt\/wp-json\/wp\/v2\/product_tag?post=4855"}],"curies":[{"name":"wp","href":"https:\/\/api.w.org\/{rel}","templated":true}]}}