{"id":4785,"date":"2026-02-03T12:13:26","date_gmt":"2026-02-03T12:13:26","guid":{"rendered":"https:\/\/bhimportsexports.com\/hl=pt\/?post_type=product&#038;p=4785"},"modified":"2026-02-03T12:13:26","modified_gmt":"2026-02-03T12:13:26","slug":"chave-seletora-o22mm-plastica-3-posicoes-fixas-manopla-curta-2na","status":"publish","type":"product","link":"https:\/\/bhimportsexports.com\/hl=pt\/produto\/chave-seletora-o22mm-plastica-3-posicoes-fixas-manopla-curta-2na\/","title":{"rendered":"Chave seletora \u00d822mm pl\u00e1stica, 3 posi\u00e7\u00f5es fixas, manopla curta, 2NA"},"content":{"rendered":"<p>A chave comutadora 3 posi\u00e7\u00f5es XA2ED33 faz parte da linha Easy Harmony XA2, que oferece bot\u00f5es, interruptores e sinalizadores pl\u00e1sticos de \u00d8 22mm. Esta chave comutadora possui uma manopla curta padr\u00e3o e vem com 2 posi\u00e7\u00f5es fixas, operando com mecanismo de reten\u00e7\u00e3o. Ela oferece uma interface vers\u00e1til para controlar m\u00e1quinas e possui 2 contatos NA com opera\u00e7\u00e3o de interrup\u00e7\u00e3o lenta. O interruptor \u00e9 feito de pl\u00e1stico e possui uma moldura com design de anel de apar\u00eancia met\u00e1lica. Com classifica\u00e7\u00e3o IP54, o produto \u00e9 certificado conforme os padr\u00f5es CE, CCC e EAC, atendendo \u00e0s normas GB 14048.1, IEC 60947-1, GB 14048.5 e IEC 60947-5-1. F\u00e1cil de instalar em recortes de painel padr\u00e3o de 22 mm de di\u00e2metro, \u00e9 conectado a circuitos de controle atrav\u00e9s de bra\u00e7adeiras de parafuso. Resistente a impactos, poeira, \u00e1gua e vibra\u00e7\u00e3o, a chave seletora 3 posi\u00e7\u00f5es \u00e9 ideal para opera\u00e7\u00e3o em ambientes agressivos. Este produto com classifica\u00e7\u00e3o IP54 possui certifica\u00e7\u00e3o CE, CCC e EAC, atendendo a padr\u00f5es como GB 14048.1, IEC 60947-1, GB 14048.5 e IEC 60947-5-1. Projetado para f\u00e1cil instala\u00e7\u00e3o em pain\u00e9is de fura\u00e7\u00e3o padr\u00e3o de 22 mm de di\u00e2metro e \u00e9 conectado a circuitos de controle com conex\u00f5es do tipo parafuso. \u00c9 resistente a impactos, \u00e0 poeira, \u00e0 \u00e1gua e \u00e0 vibra\u00e7\u00e3o, tornando-o adequado para opera\u00e7\u00e3o em ambientes agressivos. \u00c9 resistente a impactos, \u00e0 poeira, \u00e0 \u00e1gua e \u00e0 vibra\u00e7\u00e3o, tornando-o adequado para opera\u00e7\u00e3o em ambientes agressivos.<\/p>\n","protected":false},"excerpt":{"rendered":"<p>PRE\u00c7O SOB CONSULTA<\/p>\n","protected":false},"featured_media":4786,"comment_status":"open","ping_status":"closed","template":"","meta":[],"product_brand":[],"product_cat":[1224],"product_tag":[],"class_list":{"0":"post-4785","1":"product","2":"type-product","3":"status-publish","4":"has-post-thumbnail","6":"product_cat-chave-comutadora","8":"first","9":"onbackorder","10":"shipping-taxable","11":"product-type-simple"},"yoast_head":"<!-- This site is optimized with the Yoast SEO plugin v27.4 - https:\/\/yoast.com\/product\/yoast-seo-wordpress\/ -->\n<title>Chave seletora \u00d822mm pl\u00e1stica, 3 posi\u00e7\u00f5es fixas, manopla curta, 2NA - BH IMPORTS &amp; EXPORTS<\/title>\n<meta name=\"robots\" content=\"index, follow, max-snippet:-1, max-image-preview:large, max-video-preview:-1\" \/>\n<link rel=\"canonical\" href=\"https:\/\/bhimportsexports.com\/hl=pt\/produto\/chave-seletora-o22mm-plastica-3-posicoes-fixas-manopla-curta-2na\/\" \/>\n<meta property=\"og:locale\" content=\"pt_BR\" \/>\n<meta property=\"og:type\" content=\"article\" \/>\n<meta property=\"og:title\" content=\"Chave seletora \u00d822mm pl\u00e1stica, 3 posi\u00e7\u00f5es fixas, manopla curta, 2NA - BH IMPORTS &amp; EXPORTS\" \/>\n<meta property=\"og:description\" content=\"PRE\u00c7O SOB CONSULTA\" \/>\n<meta property=\"og:url\" content=\"https:\/\/bhimportsexports.com\/hl=pt\/produto\/chave-seletora-o22mm-plastica-3-posicoes-fixas-manopla-curta-2na\/\" \/>\n<meta property=\"og:site_name\" content=\"BH IMPORTS &amp; EXPORTS\" \/>\n<meta property=\"og:image\" content=\"https:\/\/bhimportsexports.com\/wp-content\/uploads\/2026\/02\/PF132030_369.jpg\" \/>\n\t<meta property=\"og:image:width\" content=\"369\" \/>\n\t<meta property=\"og:image:height\" content=\"369\" \/>\n\t<meta property=\"og:image:type\" content=\"image\/jpeg\" \/>\n<meta name=\"twitter:card\" content=\"summary_large_image\" \/>\n<meta name=\"twitter:label1\" content=\"Est. tempo de leitura\" \/>\n\t<meta name=\"twitter:data1\" content=\"1 minuto\" \/>\n<script type=\"application\/ld+json\" class=\"yoast-schema-graph\">{\"@context\":\"https:\\\/\\\/schema.org\",\"@graph\":[{\"@type\":\"WebPage\",\"@id\":\"https:\\\/\\\/bhimportsexports.com\\\/hl=pt\\\/produto\\\/chave-seletora-o22mm-plastica-3-posicoes-fixas-manopla-curta-2na\\\/\",\"url\":\"https:\\\/\\\/bhimportsexports.com\\\/hl=pt\\\/produto\\\/chave-seletora-o22mm-plastica-3-posicoes-fixas-manopla-curta-2na\\\/\",\"name\":\"Chave seletora \u00d822mm pl\u00e1stica, 3 posi\u00e7\u00f5es fixas, manopla curta, 2NA - BH IMPORTS &amp; EXPORTS\",\"isPartOf\":{\"@id\":\"https:\\\/\\\/bhimportsexports.com\\\/hl=pt\\\/#website\"},\"primaryImageOfPage\":{\"@id\":\"https:\\\/\\\/bhimportsexports.com\\\/hl=pt\\\/produto\\\/chave-seletora-o22mm-plastica-3-posicoes-fixas-manopla-curta-2na\\\/#primaryimage\"},\"image\":{\"@id\":\"https:\\\/\\\/bhimportsexports.com\\\/hl=pt\\\/produto\\\/chave-seletora-o22mm-plastica-3-posicoes-fixas-manopla-curta-2na\\\/#primaryimage\"},\"thumbnailUrl\":\"https:\\\/\\\/bhimportsexports.com\\\/wp-content\\\/uploads\\\/2026\\\/02\\\/PF132030_369.jpg\",\"datePublished\":\"2026-02-03T12:13:26+00:00\",\"breadcrumb\":{\"@id\":\"https:\\\/\\\/bhimportsexports.com\\\/hl=pt\\\/produto\\\/chave-seletora-o22mm-plastica-3-posicoes-fixas-manopla-curta-2na\\\/#breadcrumb\"},\"inLanguage\":\"pt-BR\",\"potentialAction\":[{\"@type\":\"ReadAction\",\"target\":[\"https:\\\/\\\/bhimportsexports.com\\\/hl=pt\\\/produto\\\/chave-seletora-o22mm-plastica-3-posicoes-fixas-manopla-curta-2na\\\/\"]}]},{\"@type\":\"ImageObject\",\"inLanguage\":\"pt-BR\",\"@id\":\"https:\\\/\\\/bhimportsexports.com\\\/hl=pt\\\/produto\\\/chave-seletora-o22mm-plastica-3-posicoes-fixas-manopla-curta-2na\\\/#primaryimage\",\"url\":\"https:\\\/\\\/bhimportsexports.com\\\/wp-content\\\/uploads\\\/2026\\\/02\\\/PF132030_369.jpg\",\"contentUrl\":\"https:\\\/\\\/bhimportsexports.com\\\/wp-content\\\/uploads\\\/2026\\\/02\\\/PF132030_369.jpg\",\"width\":369,\"height\":369},{\"@type\":\"BreadcrumbList\",\"@id\":\"https:\\\/\\\/bhimportsexports.com\\\/hl=pt\\\/produto\\\/chave-seletora-o22mm-plastica-3-posicoes-fixas-manopla-curta-2na\\\/#breadcrumb\",\"itemListElement\":[{\"@type\":\"ListItem\",\"position\":1,\"name\":\"In\u00edcio\",\"item\":\"https:\\\/\\\/bhimportsexports.com\\\/hl=pt\\\/\"},{\"@type\":\"ListItem\",\"position\":2,\"name\":\"Loja\",\"item\":\"https:\\\/\\\/bhimportsexports.com\\\/hl=pt\\\/loja\\\/\"},{\"@type\":\"ListItem\",\"position\":3,\"name\":\"Chave seletora \u00d822mm pl\u00e1stica, 3 posi\u00e7\u00f5es fixas, manopla curta, 2NA\"}]},{\"@type\":\"WebSite\",\"@id\":\"https:\\\/\\\/bhimportsexports.com\\\/hl=pt\\\/#website\",\"url\":\"https:\\\/\\\/bhimportsexports.com\\\/hl=pt\\\/\",\"name\":\"BH IMPORTS & EXPORTS\",\"description\":\"Innovation and excellence in international trade. Import, export, consultancy and sourcing.\",\"publisher\":{\"@id\":\"https:\\\/\\\/bhimportsexports.com\\\/hl=pt\\\/#organization\"},\"potentialAction\":[{\"@type\":\"SearchAction\",\"target\":{\"@type\":\"EntryPoint\",\"urlTemplate\":\"https:\\\/\\\/bhimportsexports.com\\\/hl=pt\\\/?s={search_term_string}\"},\"query-input\":{\"@type\":\"PropertyValueSpecification\",\"valueRequired\":true,\"valueName\":\"search_term_string\"}}],\"inLanguage\":\"pt-BR\"},{\"@type\":\"Organization\",\"@id\":\"https:\\\/\\\/bhimportsexports.com\\\/hl=pt\\\/#organization\",\"name\":\"BH IMPORTS & EXPORTS\",\"url\":\"https:\\\/\\\/bhimportsexports.com\\\/hl=pt\\\/\",\"logo\":{\"@type\":\"ImageObject\",\"inLanguage\":\"pt-BR\",\"@id\":\"https:\\\/\\\/bhimportsexports.com\\\/hl=pt\\\/#\\\/schema\\\/logo\\\/image\\\/\",\"url\":\"https:\\\/\\\/bhimportsexports.com\\\/wp-content\\\/uploads\\\/2024\\\/09\\\/BH-IMPORTS.png\",\"contentUrl\":\"https:\\\/\\\/bhimportsexports.com\\\/wp-content\\\/uploads\\\/2024\\\/09\\\/BH-IMPORTS.png\",\"width\":300,\"height\":200,\"caption\":\"BH IMPORTS & EXPORTS\"},\"image\":{\"@id\":\"https:\\\/\\\/bhimportsexports.com\\\/hl=pt\\\/#\\\/schema\\\/logo\\\/image\\\/\"}}]}<\/script>\n<!-- \/ Yoast SEO plugin. -->","yoast_head_json":{"title":"Chave seletora \u00d822mm pl\u00e1stica, 3 posi\u00e7\u00f5es fixas, manopla curta, 2NA - BH IMPORTS &amp; EXPORTS","robots":{"index":"index","follow":"follow","max-snippet":"max-snippet:-1","max-image-preview":"max-image-preview:large","max-video-preview":"max-video-preview:-1"},"canonical":"https:\/\/bhimportsexports.com\/hl=pt\/produto\/chave-seletora-o22mm-plastica-3-posicoes-fixas-manopla-curta-2na\/","og_locale":"pt_BR","og_type":"article","og_title":"Chave seletora \u00d822mm pl\u00e1stica, 3 posi\u00e7\u00f5es fixas, manopla curta, 2NA - BH IMPORTS &amp; EXPORTS","og_description":"PRE\u00c7O SOB CONSULTA","og_url":"https:\/\/bhimportsexports.com\/hl=pt\/produto\/chave-seletora-o22mm-plastica-3-posicoes-fixas-manopla-curta-2na\/","og_site_name":"BH IMPORTS &amp; EXPORTS","og_image":[{"width":369,"height":369,"url":"https:\/\/bhimportsexports.com\/wp-content\/uploads\/2026\/02\/PF132030_369.jpg","type":"image\/jpeg"}],"twitter_card":"summary_large_image","twitter_misc":{"Est. tempo de leitura":"1 minuto"},"schema":{"@context":"https:\/\/schema.org","@graph":[{"@type":"WebPage","@id":"https:\/\/bhimportsexports.com\/hl=pt\/produto\/chave-seletora-o22mm-plastica-3-posicoes-fixas-manopla-curta-2na\/","url":"https:\/\/bhimportsexports.com\/hl=pt\/produto\/chave-seletora-o22mm-plastica-3-posicoes-fixas-manopla-curta-2na\/","name":"Chave seletora \u00d822mm pl\u00e1stica, 3 posi\u00e7\u00f5es fixas, manopla curta, 2NA - BH IMPORTS &amp; EXPORTS","isPartOf":{"@id":"https:\/\/bhimportsexports.com\/hl=pt\/#website"},"primaryImageOfPage":{"@id":"https:\/\/bhimportsexports.com\/hl=pt\/produto\/chave-seletora-o22mm-plastica-3-posicoes-fixas-manopla-curta-2na\/#primaryimage"},"image":{"@id":"https:\/\/bhimportsexports.com\/hl=pt\/produto\/chave-seletora-o22mm-plastica-3-posicoes-fixas-manopla-curta-2na\/#primaryimage"},"thumbnailUrl":"https:\/\/bhimportsexports.com\/wp-content\/uploads\/2026\/02\/PF132030_369.jpg","datePublished":"2026-02-03T12:13:26+00:00","breadcrumb":{"@id":"https:\/\/bhimportsexports.com\/hl=pt\/produto\/chave-seletora-o22mm-plastica-3-posicoes-fixas-manopla-curta-2na\/#breadcrumb"},"inLanguage":"pt-BR","potentialAction":[{"@type":"ReadAction","target":["https:\/\/bhimportsexports.com\/hl=pt\/produto\/chave-seletora-o22mm-plastica-3-posicoes-fixas-manopla-curta-2na\/"]}]},{"@type":"ImageObject","inLanguage":"pt-BR","@id":"https:\/\/bhimportsexports.com\/hl=pt\/produto\/chave-seletora-o22mm-plastica-3-posicoes-fixas-manopla-curta-2na\/#primaryimage","url":"https:\/\/bhimportsexports.com\/wp-content\/uploads\/2026\/02\/PF132030_369.jpg","contentUrl":"https:\/\/bhimportsexports.com\/wp-content\/uploads\/2026\/02\/PF132030_369.jpg","width":369,"height":369},{"@type":"BreadcrumbList","@id":"https:\/\/bhimportsexports.com\/hl=pt\/produto\/chave-seletora-o22mm-plastica-3-posicoes-fixas-manopla-curta-2na\/#breadcrumb","itemListElement":[{"@type":"ListItem","position":1,"name":"In\u00edcio","item":"https:\/\/bhimportsexports.com\/hl=pt\/"},{"@type":"ListItem","position":2,"name":"Loja","item":"https:\/\/bhimportsexports.com\/hl=pt\/loja\/"},{"@type":"ListItem","position":3,"name":"Chave seletora \u00d822mm pl\u00e1stica, 3 posi\u00e7\u00f5es fixas, manopla curta, 2NA"}]},{"@type":"WebSite","@id":"https:\/\/bhimportsexports.com\/hl=pt\/#website","url":"https:\/\/bhimportsexports.com\/hl=pt\/","name":"BH IMPORTS & EXPORTS","description":"Innovation and excellence in international trade. Import, export, consultancy and sourcing.","publisher":{"@id":"https:\/\/bhimportsexports.com\/hl=pt\/#organization"},"potentialAction":[{"@type":"SearchAction","target":{"@type":"EntryPoint","urlTemplate":"https:\/\/bhimportsexports.com\/hl=pt\/?s={search_term_string}"},"query-input":{"@type":"PropertyValueSpecification","valueRequired":true,"valueName":"search_term_string"}}],"inLanguage":"pt-BR"},{"@type":"Organization","@id":"https:\/\/bhimportsexports.com\/hl=pt\/#organization","name":"BH IMPORTS & EXPORTS","url":"https:\/\/bhimportsexports.com\/hl=pt\/","logo":{"@type":"ImageObject","inLanguage":"pt-BR","@id":"https:\/\/bhimportsexports.com\/hl=pt\/#\/schema\/logo\/image\/","url":"https:\/\/bhimportsexports.com\/wp-content\/uploads\/2024\/09\/BH-IMPORTS.png","contentUrl":"https:\/\/bhimportsexports.com\/wp-content\/uploads\/2024\/09\/BH-IMPORTS.png","width":300,"height":200,"caption":"BH IMPORTS & EXPORTS"},"image":{"@id":"https:\/\/bhimportsexports.com\/hl=pt\/#\/schema\/logo\/image\/"}}]}},"_links":{"self":[{"href":"https:\/\/bhimportsexports.com\/hl=pt\/wp-json\/wp\/v2\/product\/4785","targetHints":{"allow":["GET"]}}],"collection":[{"href":"https:\/\/bhimportsexports.com\/hl=pt\/wp-json\/wp\/v2\/product"}],"about":[{"href":"https:\/\/bhimportsexports.com\/hl=pt\/wp-json\/wp\/v2\/types\/product"}],"replies":[{"embeddable":true,"href":"https:\/\/bhimportsexports.com\/hl=pt\/wp-json\/wp\/v2\/comments?post=4785"}],"wp:featuredmedia":[{"embeddable":true,"href":"https:\/\/bhimportsexports.com\/hl=pt\/wp-json\/wp\/v2\/media\/4786"}],"wp:attachment":[{"href":"https:\/\/bhimportsexports.com\/hl=pt\/wp-json\/wp\/v2\/media?parent=4785"}],"wp:term":[{"taxonomy":"product_brand","embeddable":true,"href":"https:\/\/bhimportsexports.com\/hl=pt\/wp-json\/wp\/v2\/product_brand?post=4785"},{"taxonomy":"product_cat","embeddable":true,"href":"https:\/\/bhimportsexports.com\/hl=pt\/wp-json\/wp\/v2\/product_cat?post=4785"},{"taxonomy":"product_tag","embeddable":true,"href":"https:\/\/bhimportsexports.com\/hl=pt\/wp-json\/wp\/v2\/product_tag?post=4785"}],"curies":[{"name":"wp","href":"https:\/\/api.w.org\/{rel}","templated":true}]}}