{"id":4769,"date":"2026-02-03T11:49:03","date_gmt":"2026-02-03T11:49:03","guid":{"rendered":"https:\/\/bhimportsexports.com\/hl=pt\/?post_type=product&#038;p=4769"},"modified":"2026-02-03T11:49:03","modified_gmt":"2026-02-03T11:49:03","slug":"interruptor-de-chave-ronis-22-mm-siemens-3su1000-4bf11-0aa0","status":"publish","type":"product","link":"https:\/\/bhimportsexports.com\/hl=pt\/produto\/interruptor-de-chave-ronis-22-mm-siemens-3su1000-4bf11-0aa0\/","title":{"rendered":"Interruptor de chave Ronis, 22 mm Siemens 3su1000-4bf11-0aa0"},"content":{"rendered":"<p>Interruptor de chave RONIS, 22 mm, redondo, pl\u00e1stico, n\u00famero de trava SB30, com 2 chaves, 2 posi\u00e7\u00f5es de interruptor OI, intercambi\u00e1vel, \u00e2ngulo operacional de 90\u00b0, 10:30 h\/ 13:30 h, remo\u00e7\u00e3o da chave O+I, poss\u00edveis travas especiais: SB31, 421, 455 Dados t\u00e9cnicos gerais Nome comercial do produto SIRIUS ACT Nome do produto: Interruptores de chave Design do produto: Atuador\/sinaliza\u00e7\u00e3o elemento Designa\u00e7\u00e3o do tipo de produto: 3SU1 Linha de produtos: pl\u00e1stico, preto, 22 mm Material do elemento atuador: metal Forma do elemento atuador: Chave Di\u00e2metro externo do elemento atuador: 29,5 mm N\u00famero de posi\u00e7\u00f5es de comuta\u00e7\u00e3o: 2 \u00c2ngulo de atua\u00e7\u00e3o no sentido hor\u00e1rio 90\u00b0 Marca Lock: RONIS N\u00famero chave: SB30 Anel: frontal Anel frontal Componente do produto: Sim Design do anel frontal: padr\u00e3o Material do anel frontal: pl\u00e1stico Cor do anel frontal: preto Grau de prote\u00e7\u00e3o Classifica\u00e7\u00e3o NEMA: 1, 2, 3, 3R, 4, 4X, 12, 13 Resist\u00eancia ao choque de acordo com a IEC 60068-2-27 meia onda senoidal 15g\/11 ms para aplica\u00e7\u00f5es ferrovi\u00e1rias de acordo com EN 61373 Categoria 1, Classe B Resist\u00eancia \u00e0 vibra\u00e7\u00e3o de acordo com IEC 60068-2-6 10&#8230; 500 Hz: 5g para aplica\u00e7\u00f5es ferrovi\u00e1rias de acordo com EN 61373 Categoria 1, Classe B Frequ\u00eancia m\u00e1xima de opera\u00e7\u00e3o: 1 800 1\/h Vida \u00fatil mec\u00e2nica t\u00edpica (ciclos operacionais): 1 000 000 C\u00f3digo de refer\u00eancia de acordo com a IEC 81346-2: S<\/p>\n","protected":false},"excerpt":{"rendered":"<p>PRE\u00c7O SOB CONSULTA<\/p>\n","protected":false},"featured_media":4770,"comment_status":"open","ping_status":"closed","template":"","meta":[],"product_brand":[],"product_cat":[1192],"product_tag":[],"class_list":{"0":"post-4769","1":"product","2":"type-product","3":"status-publish","4":"has-post-thumbnail","6":"product_cat-acessorios","8":"first","9":"onbackorder","10":"shipping-taxable","11":"product-type-simple"},"yoast_head":"<!-- This site is optimized with the Yoast SEO plugin v27.4 - https:\/\/yoast.com\/product\/yoast-seo-wordpress\/ -->\n<title>Interruptor de chave Ronis, 22 mm Siemens 3su1000-4bf11-0aa0 - BH IMPORTS &amp; EXPORTS<\/title>\n<meta name=\"robots\" content=\"index, follow, max-snippet:-1, max-image-preview:large, max-video-preview:-1\" \/>\n<link rel=\"canonical\" href=\"https:\/\/bhimportsexports.com\/hl=pt\/produto\/interruptor-de-chave-ronis-22-mm-siemens-3su1000-4bf11-0aa0\/\" \/>\n<meta property=\"og:locale\" content=\"pt_BR\" \/>\n<meta property=\"og:type\" content=\"article\" \/>\n<meta property=\"og:title\" content=\"Interruptor de chave Ronis, 22 mm Siemens 3su1000-4bf11-0aa0 - BH IMPORTS &amp; EXPORTS\" \/>\n<meta property=\"og:description\" content=\"PRE\u00c7O SOB CONSULTA\" \/>\n<meta property=\"og:url\" content=\"https:\/\/bhimportsexports.com\/hl=pt\/produto\/interruptor-de-chave-ronis-22-mm-siemens-3su1000-4bf11-0aa0\/\" \/>\n<meta property=\"og:site_name\" content=\"BH IMPORTS &amp; EXPORTS\" \/>\n<meta property=\"og:image\" content=\"https:\/\/bhimportsexports.com\/wp-content\/uploads\/2026\/02\/D_NQ_NP_2X_989646-MLU71876346277_092023-F.webp\" \/>\n\t<meta property=\"og:image:width\" content=\"1081\" \/>\n\t<meta property=\"og:image:height\" content=\"1038\" \/>\n\t<meta property=\"og:image:type\" content=\"image\/webp\" \/>\n<meta name=\"twitter:card\" content=\"summary_large_image\" \/>\n<meta name=\"twitter:label1\" content=\"Est. tempo de leitura\" \/>\n\t<meta name=\"twitter:data1\" content=\"1 minuto\" \/>\n<script type=\"application\/ld+json\" class=\"yoast-schema-graph\">{\"@context\":\"https:\\\/\\\/schema.org\",\"@graph\":[{\"@type\":\"WebPage\",\"@id\":\"https:\\\/\\\/bhimportsexports.com\\\/hl=pt\\\/produto\\\/interruptor-de-chave-ronis-22-mm-siemens-3su1000-4bf11-0aa0\\\/\",\"url\":\"https:\\\/\\\/bhimportsexports.com\\\/hl=pt\\\/produto\\\/interruptor-de-chave-ronis-22-mm-siemens-3su1000-4bf11-0aa0\\\/\",\"name\":\"Interruptor de chave Ronis, 22 mm Siemens 3su1000-4bf11-0aa0 - BH IMPORTS &amp; EXPORTS\",\"isPartOf\":{\"@id\":\"https:\\\/\\\/bhimportsexports.com\\\/hl=pt\\\/#website\"},\"primaryImageOfPage\":{\"@id\":\"https:\\\/\\\/bhimportsexports.com\\\/hl=pt\\\/produto\\\/interruptor-de-chave-ronis-22-mm-siemens-3su1000-4bf11-0aa0\\\/#primaryimage\"},\"image\":{\"@id\":\"https:\\\/\\\/bhimportsexports.com\\\/hl=pt\\\/produto\\\/interruptor-de-chave-ronis-22-mm-siemens-3su1000-4bf11-0aa0\\\/#primaryimage\"},\"thumbnailUrl\":\"https:\\\/\\\/bhimportsexports.com\\\/wp-content\\\/uploads\\\/2026\\\/02\\\/D_NQ_NP_2X_989646-MLU71876346277_092023-F.webp\",\"datePublished\":\"2026-02-03T11:49:03+00:00\",\"breadcrumb\":{\"@id\":\"https:\\\/\\\/bhimportsexports.com\\\/hl=pt\\\/produto\\\/interruptor-de-chave-ronis-22-mm-siemens-3su1000-4bf11-0aa0\\\/#breadcrumb\"},\"inLanguage\":\"pt-BR\",\"potentialAction\":[{\"@type\":\"ReadAction\",\"target\":[\"https:\\\/\\\/bhimportsexports.com\\\/hl=pt\\\/produto\\\/interruptor-de-chave-ronis-22-mm-siemens-3su1000-4bf11-0aa0\\\/\"]}]},{\"@type\":\"ImageObject\",\"inLanguage\":\"pt-BR\",\"@id\":\"https:\\\/\\\/bhimportsexports.com\\\/hl=pt\\\/produto\\\/interruptor-de-chave-ronis-22-mm-siemens-3su1000-4bf11-0aa0\\\/#primaryimage\",\"url\":\"https:\\\/\\\/bhimportsexports.com\\\/wp-content\\\/uploads\\\/2026\\\/02\\\/D_NQ_NP_2X_989646-MLU71876346277_092023-F.webp\",\"contentUrl\":\"https:\\\/\\\/bhimportsexports.com\\\/wp-content\\\/uploads\\\/2026\\\/02\\\/D_NQ_NP_2X_989646-MLU71876346277_092023-F.webp\",\"width\":1081,\"height\":1038},{\"@type\":\"BreadcrumbList\",\"@id\":\"https:\\\/\\\/bhimportsexports.com\\\/hl=pt\\\/produto\\\/interruptor-de-chave-ronis-22-mm-siemens-3su1000-4bf11-0aa0\\\/#breadcrumb\",\"itemListElement\":[{\"@type\":\"ListItem\",\"position\":1,\"name\":\"In\u00edcio\",\"item\":\"https:\\\/\\\/bhimportsexports.com\\\/hl=pt\\\/\"},{\"@type\":\"ListItem\",\"position\":2,\"name\":\"Loja\",\"item\":\"https:\\\/\\\/bhimportsexports.com\\\/hl=pt\\\/loja\\\/\"},{\"@type\":\"ListItem\",\"position\":3,\"name\":\"Interruptor de chave Ronis, 22 mm Siemens 3su1000-4bf11-0aa0\"}]},{\"@type\":\"WebSite\",\"@id\":\"https:\\\/\\\/bhimportsexports.com\\\/hl=pt\\\/#website\",\"url\":\"https:\\\/\\\/bhimportsexports.com\\\/hl=pt\\\/\",\"name\":\"BH IMPORTS & EXPORTS\",\"description\":\"Innovation and excellence in international trade. Import, export, consultancy and sourcing.\",\"publisher\":{\"@id\":\"https:\\\/\\\/bhimportsexports.com\\\/hl=pt\\\/#organization\"},\"potentialAction\":[{\"@type\":\"SearchAction\",\"target\":{\"@type\":\"EntryPoint\",\"urlTemplate\":\"https:\\\/\\\/bhimportsexports.com\\\/hl=pt\\\/?s={search_term_string}\"},\"query-input\":{\"@type\":\"PropertyValueSpecification\",\"valueRequired\":true,\"valueName\":\"search_term_string\"}}],\"inLanguage\":\"pt-BR\"},{\"@type\":\"Organization\",\"@id\":\"https:\\\/\\\/bhimportsexports.com\\\/hl=pt\\\/#organization\",\"name\":\"BH IMPORTS & EXPORTS\",\"url\":\"https:\\\/\\\/bhimportsexports.com\\\/hl=pt\\\/\",\"logo\":{\"@type\":\"ImageObject\",\"inLanguage\":\"pt-BR\",\"@id\":\"https:\\\/\\\/bhimportsexports.com\\\/hl=pt\\\/#\\\/schema\\\/logo\\\/image\\\/\",\"url\":\"https:\\\/\\\/bhimportsexports.com\\\/wp-content\\\/uploads\\\/2024\\\/09\\\/BH-IMPORTS.png\",\"contentUrl\":\"https:\\\/\\\/bhimportsexports.com\\\/wp-content\\\/uploads\\\/2024\\\/09\\\/BH-IMPORTS.png\",\"width\":300,\"height\":200,\"caption\":\"BH IMPORTS & EXPORTS\"},\"image\":{\"@id\":\"https:\\\/\\\/bhimportsexports.com\\\/hl=pt\\\/#\\\/schema\\\/logo\\\/image\\\/\"}}]}<\/script>\n<!-- \/ Yoast SEO plugin. -->","yoast_head_json":{"title":"Interruptor de chave Ronis, 22 mm Siemens 3su1000-4bf11-0aa0 - BH IMPORTS &amp; EXPORTS","robots":{"index":"index","follow":"follow","max-snippet":"max-snippet:-1","max-image-preview":"max-image-preview:large","max-video-preview":"max-video-preview:-1"},"canonical":"https:\/\/bhimportsexports.com\/hl=pt\/produto\/interruptor-de-chave-ronis-22-mm-siemens-3su1000-4bf11-0aa0\/","og_locale":"pt_BR","og_type":"article","og_title":"Interruptor de chave Ronis, 22 mm Siemens 3su1000-4bf11-0aa0 - BH IMPORTS &amp; EXPORTS","og_description":"PRE\u00c7O SOB CONSULTA","og_url":"https:\/\/bhimportsexports.com\/hl=pt\/produto\/interruptor-de-chave-ronis-22-mm-siemens-3su1000-4bf11-0aa0\/","og_site_name":"BH IMPORTS &amp; EXPORTS","og_image":[{"width":1081,"height":1038,"url":"https:\/\/bhimportsexports.com\/wp-content\/uploads\/2026\/02\/D_NQ_NP_2X_989646-MLU71876346277_092023-F.webp","type":"image\/webp"}],"twitter_card":"summary_large_image","twitter_misc":{"Est. tempo de leitura":"1 minuto"},"schema":{"@context":"https:\/\/schema.org","@graph":[{"@type":"WebPage","@id":"https:\/\/bhimportsexports.com\/hl=pt\/produto\/interruptor-de-chave-ronis-22-mm-siemens-3su1000-4bf11-0aa0\/","url":"https:\/\/bhimportsexports.com\/hl=pt\/produto\/interruptor-de-chave-ronis-22-mm-siemens-3su1000-4bf11-0aa0\/","name":"Interruptor de chave Ronis, 22 mm Siemens 3su1000-4bf11-0aa0 - BH IMPORTS &amp; EXPORTS","isPartOf":{"@id":"https:\/\/bhimportsexports.com\/hl=pt\/#website"},"primaryImageOfPage":{"@id":"https:\/\/bhimportsexports.com\/hl=pt\/produto\/interruptor-de-chave-ronis-22-mm-siemens-3su1000-4bf11-0aa0\/#primaryimage"},"image":{"@id":"https:\/\/bhimportsexports.com\/hl=pt\/produto\/interruptor-de-chave-ronis-22-mm-siemens-3su1000-4bf11-0aa0\/#primaryimage"},"thumbnailUrl":"https:\/\/bhimportsexports.com\/wp-content\/uploads\/2026\/02\/D_NQ_NP_2X_989646-MLU71876346277_092023-F.webp","datePublished":"2026-02-03T11:49:03+00:00","breadcrumb":{"@id":"https:\/\/bhimportsexports.com\/hl=pt\/produto\/interruptor-de-chave-ronis-22-mm-siemens-3su1000-4bf11-0aa0\/#breadcrumb"},"inLanguage":"pt-BR","potentialAction":[{"@type":"ReadAction","target":["https:\/\/bhimportsexports.com\/hl=pt\/produto\/interruptor-de-chave-ronis-22-mm-siemens-3su1000-4bf11-0aa0\/"]}]},{"@type":"ImageObject","inLanguage":"pt-BR","@id":"https:\/\/bhimportsexports.com\/hl=pt\/produto\/interruptor-de-chave-ronis-22-mm-siemens-3su1000-4bf11-0aa0\/#primaryimage","url":"https:\/\/bhimportsexports.com\/wp-content\/uploads\/2026\/02\/D_NQ_NP_2X_989646-MLU71876346277_092023-F.webp","contentUrl":"https:\/\/bhimportsexports.com\/wp-content\/uploads\/2026\/02\/D_NQ_NP_2X_989646-MLU71876346277_092023-F.webp","width":1081,"height":1038},{"@type":"BreadcrumbList","@id":"https:\/\/bhimportsexports.com\/hl=pt\/produto\/interruptor-de-chave-ronis-22-mm-siemens-3su1000-4bf11-0aa0\/#breadcrumb","itemListElement":[{"@type":"ListItem","position":1,"name":"In\u00edcio","item":"https:\/\/bhimportsexports.com\/hl=pt\/"},{"@type":"ListItem","position":2,"name":"Loja","item":"https:\/\/bhimportsexports.com\/hl=pt\/loja\/"},{"@type":"ListItem","position":3,"name":"Interruptor de chave Ronis, 22 mm Siemens 3su1000-4bf11-0aa0"}]},{"@type":"WebSite","@id":"https:\/\/bhimportsexports.com\/hl=pt\/#website","url":"https:\/\/bhimportsexports.com\/hl=pt\/","name":"BH IMPORTS & EXPORTS","description":"Innovation and excellence in international trade. Import, export, consultancy and sourcing.","publisher":{"@id":"https:\/\/bhimportsexports.com\/hl=pt\/#organization"},"potentialAction":[{"@type":"SearchAction","target":{"@type":"EntryPoint","urlTemplate":"https:\/\/bhimportsexports.com\/hl=pt\/?s={search_term_string}"},"query-input":{"@type":"PropertyValueSpecification","valueRequired":true,"valueName":"search_term_string"}}],"inLanguage":"pt-BR"},{"@type":"Organization","@id":"https:\/\/bhimportsexports.com\/hl=pt\/#organization","name":"BH IMPORTS & EXPORTS","url":"https:\/\/bhimportsexports.com\/hl=pt\/","logo":{"@type":"ImageObject","inLanguage":"pt-BR","@id":"https:\/\/bhimportsexports.com\/hl=pt\/#\/schema\/logo\/image\/","url":"https:\/\/bhimportsexports.com\/wp-content\/uploads\/2024\/09\/BH-IMPORTS.png","contentUrl":"https:\/\/bhimportsexports.com\/wp-content\/uploads\/2024\/09\/BH-IMPORTS.png","width":300,"height":200,"caption":"BH IMPORTS & EXPORTS"},"image":{"@id":"https:\/\/bhimportsexports.com\/hl=pt\/#\/schema\/logo\/image\/"}}]}},"_links":{"self":[{"href":"https:\/\/bhimportsexports.com\/hl=pt\/wp-json\/wp\/v2\/product\/4769","targetHints":{"allow":["GET"]}}],"collection":[{"href":"https:\/\/bhimportsexports.com\/hl=pt\/wp-json\/wp\/v2\/product"}],"about":[{"href":"https:\/\/bhimportsexports.com\/hl=pt\/wp-json\/wp\/v2\/types\/product"}],"replies":[{"embeddable":true,"href":"https:\/\/bhimportsexports.com\/hl=pt\/wp-json\/wp\/v2\/comments?post=4769"}],"wp:featuredmedia":[{"embeddable":true,"href":"https:\/\/bhimportsexports.com\/hl=pt\/wp-json\/wp\/v2\/media\/4770"}],"wp:attachment":[{"href":"https:\/\/bhimportsexports.com\/hl=pt\/wp-json\/wp\/v2\/media?parent=4769"}],"wp:term":[{"taxonomy":"product_brand","embeddable":true,"href":"https:\/\/bhimportsexports.com\/hl=pt\/wp-json\/wp\/v2\/product_brand?post=4769"},{"taxonomy":"product_cat","embeddable":true,"href":"https:\/\/bhimportsexports.com\/hl=pt\/wp-json\/wp\/v2\/product_cat?post=4769"},{"taxonomy":"product_tag","embeddable":true,"href":"https:\/\/bhimportsexports.com\/hl=pt\/wp-json\/wp\/v2\/product_tag?post=4769"}],"curies":[{"name":"wp","href":"https:\/\/api.w.org\/{rel}","templated":true}]}}