{"id":4696,"date":"2026-01-30T23:00:00","date_gmt":"2026-01-30T23:00:00","guid":{"rendered":"https:\/\/bhimportsexports.com\/hl=pt\/?post_type=product&#038;p=4696"},"modified":"2026-01-30T23:00:00","modified_gmt":"2026-01-30T23:00:00","slug":"simatic-cartao-memoria-capac-1mb-ram-6es79521ak000aa0-siemens","status":"publish","type":"product","link":"https:\/\/bhimportsexports.com\/hl=pt\/produto\/simatic-cartao-memoria-capac-1mb-ram-6es79521ak000aa0-siemens\/","title":{"rendered":"Simatic Cartao Memoria Capac 1Mb Ram 6ES79521AK000AA0 Siemens"},"content":{"rendered":"<p>O SIMATIC carteira de mem\u00f3ria \u00e9 essencial para o seu trabalho em diversos equipamentos. Com capacidade de armazenamento de 1MB em RAM, ele \u00e9 indicado tanto para profissionais que atuam em ind\u00fastrias de pequeno porte quanto para grandes corpora\u00e7\u00f5es. Com o cart\u00e3o de mem\u00f3ria SIMATIC voc\u00ea pode guardar programas, arquivos de configura\u00e7\u00e3o e dados sens\u00edveis para a sua rotina de trabalho, sem riscos de perda ou acesso n\u00e3o autorizado. Al\u00e9m disso, ele oferece praticidade para a transfer\u00eancia de dados entre diferentes dispositivos, evitando a necessidade de transfer\u00eancias em nuvem ou c\u00f3digos manuais. O SIMATIC \u00e9 pr\u00e1tico, f\u00e1cil de usar e armazena todos os seus dados com seguran\u00e7a. Produzido pela Siemens, marca l\u00edder em tecnologia de automa\u00e7\u00e3o industrial, ele \u00e9 perfeito para quem busca qualidade e confiabilidade.<\/p>\n","protected":false},"excerpt":{"rendered":"<p>PRE\u00c7O SOB CONSULTA<\/p>\n","protected":false},"featured_media":4697,"comment_status":"open","ping_status":"closed","template":"","meta":[],"product_brand":[],"product_cat":[1192],"product_tag":[],"class_list":{"0":"post-4696","1":"product","2":"type-product","3":"status-publish","4":"has-post-thumbnail","6":"product_cat-acessorios","8":"first","9":"onbackorder","10":"shipping-taxable","11":"product-type-simple"},"yoast_head":"<!-- This site is optimized with the Yoast SEO plugin v27.4 - https:\/\/yoast.com\/product\/yoast-seo-wordpress\/ -->\n<title>Simatic Cartao Memoria Capac 1Mb Ram 6ES79521AK000AA0 Siemens - BH IMPORTS &amp; EXPORTS<\/title>\n<meta name=\"robots\" content=\"index, follow, max-snippet:-1, max-image-preview:large, max-video-preview:-1\" \/>\n<link rel=\"canonical\" href=\"https:\/\/bhimportsexports.com\/hl=pt\/produto\/simatic-cartao-memoria-capac-1mb-ram-6es79521ak000aa0-siemens\/\" \/>\n<meta property=\"og:locale\" content=\"pt_BR\" \/>\n<meta property=\"og:type\" content=\"article\" \/>\n<meta property=\"og:title\" content=\"Simatic Cartao Memoria Capac 1Mb Ram 6ES79521AK000AA0 Siemens - BH IMPORTS &amp; EXPORTS\" \/>\n<meta property=\"og:description\" content=\"PRE\u00c7O SOB CONSULTA\" \/>\n<meta property=\"og:url\" content=\"https:\/\/bhimportsexports.com\/hl=pt\/produto\/simatic-cartao-memoria-capac-1mb-ram-6es79521ak000aa0-siemens\/\" \/>\n<meta property=\"og:site_name\" content=\"BH IMPORTS &amp; EXPORTS\" \/>\n<meta property=\"og:image\" content=\"https:\/\/bhimportsexports.com\/wp-content\/uploads\/2026\/01\/D_NQ_NP_960411-MLB90893820322_082025-O.webp\" \/>\n\t<meta property=\"og:image:width\" content=\"500\" \/>\n\t<meta property=\"og:image:height\" content=\"312\" \/>\n\t<meta property=\"og:image:type\" content=\"image\/webp\" \/>\n<meta name=\"twitter:card\" content=\"summary_large_image\" \/>\n<meta name=\"twitter:label1\" content=\"Est. tempo de leitura\" \/>\n\t<meta name=\"twitter:data1\" content=\"1 minuto\" \/>\n<script type=\"application\/ld+json\" class=\"yoast-schema-graph\">{\"@context\":\"https:\\\/\\\/schema.org\",\"@graph\":[{\"@type\":\"WebPage\",\"@id\":\"https:\\\/\\\/bhimportsexports.com\\\/hl=pt\\\/produto\\\/simatic-cartao-memoria-capac-1mb-ram-6es79521ak000aa0-siemens\\\/\",\"url\":\"https:\\\/\\\/bhimportsexports.com\\\/hl=pt\\\/produto\\\/simatic-cartao-memoria-capac-1mb-ram-6es79521ak000aa0-siemens\\\/\",\"name\":\"Simatic Cartao Memoria Capac 1Mb Ram 6ES79521AK000AA0 Siemens - BH IMPORTS &amp; EXPORTS\",\"isPartOf\":{\"@id\":\"https:\\\/\\\/bhimportsexports.com\\\/hl=pt\\\/#website\"},\"primaryImageOfPage\":{\"@id\":\"https:\\\/\\\/bhimportsexports.com\\\/hl=pt\\\/produto\\\/simatic-cartao-memoria-capac-1mb-ram-6es79521ak000aa0-siemens\\\/#primaryimage\"},\"image\":{\"@id\":\"https:\\\/\\\/bhimportsexports.com\\\/hl=pt\\\/produto\\\/simatic-cartao-memoria-capac-1mb-ram-6es79521ak000aa0-siemens\\\/#primaryimage\"},\"thumbnailUrl\":\"https:\\\/\\\/bhimportsexports.com\\\/wp-content\\\/uploads\\\/2026\\\/01\\\/D_NQ_NP_960411-MLB90893820322_082025-O.webp\",\"datePublished\":\"2026-01-30T23:00:00+00:00\",\"breadcrumb\":{\"@id\":\"https:\\\/\\\/bhimportsexports.com\\\/hl=pt\\\/produto\\\/simatic-cartao-memoria-capac-1mb-ram-6es79521ak000aa0-siemens\\\/#breadcrumb\"},\"inLanguage\":\"pt-BR\",\"potentialAction\":[{\"@type\":\"ReadAction\",\"target\":[\"https:\\\/\\\/bhimportsexports.com\\\/hl=pt\\\/produto\\\/simatic-cartao-memoria-capac-1mb-ram-6es79521ak000aa0-siemens\\\/\"]}]},{\"@type\":\"ImageObject\",\"inLanguage\":\"pt-BR\",\"@id\":\"https:\\\/\\\/bhimportsexports.com\\\/hl=pt\\\/produto\\\/simatic-cartao-memoria-capac-1mb-ram-6es79521ak000aa0-siemens\\\/#primaryimage\",\"url\":\"https:\\\/\\\/bhimportsexports.com\\\/wp-content\\\/uploads\\\/2026\\\/01\\\/D_NQ_NP_960411-MLB90893820322_082025-O.webp\",\"contentUrl\":\"https:\\\/\\\/bhimportsexports.com\\\/wp-content\\\/uploads\\\/2026\\\/01\\\/D_NQ_NP_960411-MLB90893820322_082025-O.webp\",\"width\":500,\"height\":312},{\"@type\":\"BreadcrumbList\",\"@id\":\"https:\\\/\\\/bhimportsexports.com\\\/hl=pt\\\/produto\\\/simatic-cartao-memoria-capac-1mb-ram-6es79521ak000aa0-siemens\\\/#breadcrumb\",\"itemListElement\":[{\"@type\":\"ListItem\",\"position\":1,\"name\":\"In\u00edcio\",\"item\":\"https:\\\/\\\/bhimportsexports.com\\\/hl=pt\\\/\"},{\"@type\":\"ListItem\",\"position\":2,\"name\":\"Loja\",\"item\":\"https:\\\/\\\/bhimportsexports.com\\\/hl=pt\\\/loja\\\/\"},{\"@type\":\"ListItem\",\"position\":3,\"name\":\"Simatic Cartao Memoria Capac 1Mb Ram 6ES79521AK000AA0 Siemens\"}]},{\"@type\":\"WebSite\",\"@id\":\"https:\\\/\\\/bhimportsexports.com\\\/hl=pt\\\/#website\",\"url\":\"https:\\\/\\\/bhimportsexports.com\\\/hl=pt\\\/\",\"name\":\"BH IMPORTS & EXPORTS\",\"description\":\"Innovation and excellence in international trade. Import, export, consultancy and sourcing.\",\"publisher\":{\"@id\":\"https:\\\/\\\/bhimportsexports.com\\\/hl=pt\\\/#organization\"},\"potentialAction\":[{\"@type\":\"SearchAction\",\"target\":{\"@type\":\"EntryPoint\",\"urlTemplate\":\"https:\\\/\\\/bhimportsexports.com\\\/hl=pt\\\/?s={search_term_string}\"},\"query-input\":{\"@type\":\"PropertyValueSpecification\",\"valueRequired\":true,\"valueName\":\"search_term_string\"}}],\"inLanguage\":\"pt-BR\"},{\"@type\":\"Organization\",\"@id\":\"https:\\\/\\\/bhimportsexports.com\\\/hl=pt\\\/#organization\",\"name\":\"BH IMPORTS & EXPORTS\",\"url\":\"https:\\\/\\\/bhimportsexports.com\\\/hl=pt\\\/\",\"logo\":{\"@type\":\"ImageObject\",\"inLanguage\":\"pt-BR\",\"@id\":\"https:\\\/\\\/bhimportsexports.com\\\/hl=pt\\\/#\\\/schema\\\/logo\\\/image\\\/\",\"url\":\"https:\\\/\\\/bhimportsexports.com\\\/wp-content\\\/uploads\\\/2024\\\/09\\\/BH-IMPORTS.png\",\"contentUrl\":\"https:\\\/\\\/bhimportsexports.com\\\/wp-content\\\/uploads\\\/2024\\\/09\\\/BH-IMPORTS.png\",\"width\":300,\"height\":200,\"caption\":\"BH IMPORTS & EXPORTS\"},\"image\":{\"@id\":\"https:\\\/\\\/bhimportsexports.com\\\/hl=pt\\\/#\\\/schema\\\/logo\\\/image\\\/\"}}]}<\/script>\n<!-- \/ Yoast SEO plugin. -->","yoast_head_json":{"title":"Simatic Cartao Memoria Capac 1Mb Ram 6ES79521AK000AA0 Siemens - BH IMPORTS &amp; EXPORTS","robots":{"index":"index","follow":"follow","max-snippet":"max-snippet:-1","max-image-preview":"max-image-preview:large","max-video-preview":"max-video-preview:-1"},"canonical":"https:\/\/bhimportsexports.com\/hl=pt\/produto\/simatic-cartao-memoria-capac-1mb-ram-6es79521ak000aa0-siemens\/","og_locale":"pt_BR","og_type":"article","og_title":"Simatic Cartao Memoria Capac 1Mb Ram 6ES79521AK000AA0 Siemens - BH IMPORTS &amp; EXPORTS","og_description":"PRE\u00c7O SOB CONSULTA","og_url":"https:\/\/bhimportsexports.com\/hl=pt\/produto\/simatic-cartao-memoria-capac-1mb-ram-6es79521ak000aa0-siemens\/","og_site_name":"BH IMPORTS &amp; EXPORTS","og_image":[{"width":500,"height":312,"url":"https:\/\/bhimportsexports.com\/wp-content\/uploads\/2026\/01\/D_NQ_NP_960411-MLB90893820322_082025-O.webp","type":"image\/webp"}],"twitter_card":"summary_large_image","twitter_misc":{"Est. tempo de leitura":"1 minuto"},"schema":{"@context":"https:\/\/schema.org","@graph":[{"@type":"WebPage","@id":"https:\/\/bhimportsexports.com\/hl=pt\/produto\/simatic-cartao-memoria-capac-1mb-ram-6es79521ak000aa0-siemens\/","url":"https:\/\/bhimportsexports.com\/hl=pt\/produto\/simatic-cartao-memoria-capac-1mb-ram-6es79521ak000aa0-siemens\/","name":"Simatic Cartao Memoria Capac 1Mb Ram 6ES79521AK000AA0 Siemens - BH IMPORTS &amp; EXPORTS","isPartOf":{"@id":"https:\/\/bhimportsexports.com\/hl=pt\/#website"},"primaryImageOfPage":{"@id":"https:\/\/bhimportsexports.com\/hl=pt\/produto\/simatic-cartao-memoria-capac-1mb-ram-6es79521ak000aa0-siemens\/#primaryimage"},"image":{"@id":"https:\/\/bhimportsexports.com\/hl=pt\/produto\/simatic-cartao-memoria-capac-1mb-ram-6es79521ak000aa0-siemens\/#primaryimage"},"thumbnailUrl":"https:\/\/bhimportsexports.com\/wp-content\/uploads\/2026\/01\/D_NQ_NP_960411-MLB90893820322_082025-O.webp","datePublished":"2026-01-30T23:00:00+00:00","breadcrumb":{"@id":"https:\/\/bhimportsexports.com\/hl=pt\/produto\/simatic-cartao-memoria-capac-1mb-ram-6es79521ak000aa0-siemens\/#breadcrumb"},"inLanguage":"pt-BR","potentialAction":[{"@type":"ReadAction","target":["https:\/\/bhimportsexports.com\/hl=pt\/produto\/simatic-cartao-memoria-capac-1mb-ram-6es79521ak000aa0-siemens\/"]}]},{"@type":"ImageObject","inLanguage":"pt-BR","@id":"https:\/\/bhimportsexports.com\/hl=pt\/produto\/simatic-cartao-memoria-capac-1mb-ram-6es79521ak000aa0-siemens\/#primaryimage","url":"https:\/\/bhimportsexports.com\/wp-content\/uploads\/2026\/01\/D_NQ_NP_960411-MLB90893820322_082025-O.webp","contentUrl":"https:\/\/bhimportsexports.com\/wp-content\/uploads\/2026\/01\/D_NQ_NP_960411-MLB90893820322_082025-O.webp","width":500,"height":312},{"@type":"BreadcrumbList","@id":"https:\/\/bhimportsexports.com\/hl=pt\/produto\/simatic-cartao-memoria-capac-1mb-ram-6es79521ak000aa0-siemens\/#breadcrumb","itemListElement":[{"@type":"ListItem","position":1,"name":"In\u00edcio","item":"https:\/\/bhimportsexports.com\/hl=pt\/"},{"@type":"ListItem","position":2,"name":"Loja","item":"https:\/\/bhimportsexports.com\/hl=pt\/loja\/"},{"@type":"ListItem","position":3,"name":"Simatic Cartao Memoria Capac 1Mb Ram 6ES79521AK000AA0 Siemens"}]},{"@type":"WebSite","@id":"https:\/\/bhimportsexports.com\/hl=pt\/#website","url":"https:\/\/bhimportsexports.com\/hl=pt\/","name":"BH IMPORTS & EXPORTS","description":"Innovation and excellence in international trade. Import, export, consultancy and sourcing.","publisher":{"@id":"https:\/\/bhimportsexports.com\/hl=pt\/#organization"},"potentialAction":[{"@type":"SearchAction","target":{"@type":"EntryPoint","urlTemplate":"https:\/\/bhimportsexports.com\/hl=pt\/?s={search_term_string}"},"query-input":{"@type":"PropertyValueSpecification","valueRequired":true,"valueName":"search_term_string"}}],"inLanguage":"pt-BR"},{"@type":"Organization","@id":"https:\/\/bhimportsexports.com\/hl=pt\/#organization","name":"BH IMPORTS & EXPORTS","url":"https:\/\/bhimportsexports.com\/hl=pt\/","logo":{"@type":"ImageObject","inLanguage":"pt-BR","@id":"https:\/\/bhimportsexports.com\/hl=pt\/#\/schema\/logo\/image\/","url":"https:\/\/bhimportsexports.com\/wp-content\/uploads\/2024\/09\/BH-IMPORTS.png","contentUrl":"https:\/\/bhimportsexports.com\/wp-content\/uploads\/2024\/09\/BH-IMPORTS.png","width":300,"height":200,"caption":"BH IMPORTS & EXPORTS"},"image":{"@id":"https:\/\/bhimportsexports.com\/hl=pt\/#\/schema\/logo\/image\/"}}]}},"_links":{"self":[{"href":"https:\/\/bhimportsexports.com\/hl=pt\/wp-json\/wp\/v2\/product\/4696","targetHints":{"allow":["GET"]}}],"collection":[{"href":"https:\/\/bhimportsexports.com\/hl=pt\/wp-json\/wp\/v2\/product"}],"about":[{"href":"https:\/\/bhimportsexports.com\/hl=pt\/wp-json\/wp\/v2\/types\/product"}],"replies":[{"embeddable":true,"href":"https:\/\/bhimportsexports.com\/hl=pt\/wp-json\/wp\/v2\/comments?post=4696"}],"wp:featuredmedia":[{"embeddable":true,"href":"https:\/\/bhimportsexports.com\/hl=pt\/wp-json\/wp\/v2\/media\/4697"}],"wp:attachment":[{"href":"https:\/\/bhimportsexports.com\/hl=pt\/wp-json\/wp\/v2\/media?parent=4696"}],"wp:term":[{"taxonomy":"product_brand","embeddable":true,"href":"https:\/\/bhimportsexports.com\/hl=pt\/wp-json\/wp\/v2\/product_brand?post=4696"},{"taxonomy":"product_cat","embeddable":true,"href":"https:\/\/bhimportsexports.com\/hl=pt\/wp-json\/wp\/v2\/product_cat?post=4696"},{"taxonomy":"product_tag","embeddable":true,"href":"https:\/\/bhimportsexports.com\/hl=pt\/wp-json\/wp\/v2\/product_tag?post=4696"}],"curies":[{"name":"wp","href":"https:\/\/api.w.org\/{rel}","templated":true}]}}