{"id":4672,"date":"2026-01-27T02:56:34","date_gmt":"2026-01-27T02:56:34","guid":{"rendered":"https:\/\/bhimportsexports.com\/hl=pt\/?post_type=product&#038;p=4672"},"modified":"2026-01-27T02:57:29","modified_gmt":"2026-01-27T02:57:29","slug":"cabecote-para-sinalizador-modular-o22mm-plastico-para-led-integral-vermelho","status":"publish","type":"product","link":"https:\/\/bhimportsexports.com\/hl=pt\/produto\/cabecote-para-sinalizador-modular-o22mm-plastico-para-led-integral-vermelho\/","title":{"rendered":"Cabe\u00e7ote para sinalizador modular \u00d822mm pl\u00e1stico, para LED integral, vermelho"},"content":{"rendered":"<p>O ZB5AV043 \u00e9 um cabe\u00e7ote para sinalizador modular vermelho com LED universal da linha Harmony XB5. Este cabe\u00e7ote para sinalizador com l\u00e2mpada BA9s foi projetado para durar, dispensando manuten\u00e7\u00e3o para um indicador brilhante das opera\u00e7\u00f5es do processo e da m\u00e1quina. \u00c9 claramente distingu\u00edvel visualmente \u00e0 dist\u00e2ncia gra\u00e7as \u00e0 cor clara das lentes, permitindo que estados complexos da m\u00e1quina sejam lidos rapidamente. \u00c9 resistente a impactos, \u00e0 poeira, \u00e0 \u00e1gua e \u00e0 vibra\u00e7\u00e3o gra\u00e7as ao seu IP66. Possui moldura que o torna ideal para aplica\u00e7\u00f5es que exigem alta resist\u00eancia a impactos e vibra\u00e7\u00f5es. Ele foi projetado para caber em um recorte padr\u00e3o de 22 mm, garantindo compatibilidade na instala\u00e7\u00e3o em m\u00e1quinas pr\u00e9-existentes. Sua ampla faixa de temperaturas de opera\u00e7\u00e3o permite versatilidade no uso do produto.<\/p>\n","protected":false},"excerpt":{"rendered":"<p>PRE\u00c7O SOB CONSULTA<\/p>\n","protected":false},"featured_media":4673,"comment_status":"open","ping_status":"closed","template":"","meta":[],"product_brand":[],"product_cat":[1213],"product_tag":[],"class_list":{"0":"post-4672","1":"product","2":"type-product","3":"status-publish","4":"has-post-thumbnail","6":"product_cat-sinalizador","8":"first","9":"onbackorder","10":"shipping-taxable","11":"product-type-simple"},"yoast_head":"<!-- This site is optimized with the Yoast SEO plugin v27.4 - https:\/\/yoast.com\/product\/yoast-seo-wordpress\/ -->\n<title>Cabe\u00e7ote para sinalizador modular \u00d822mm pl\u00e1stico, para LED integral, vermelho - BH IMPORTS &amp; EXPORTS<\/title>\n<meta name=\"robots\" content=\"index, follow, max-snippet:-1, max-image-preview:large, max-video-preview:-1\" \/>\n<link rel=\"canonical\" href=\"https:\/\/bhimportsexports.com\/hl=pt\/produto\/cabecote-para-sinalizador-modular-o22mm-plastico-para-led-integral-vermelho\/\" \/>\n<meta property=\"og:locale\" content=\"pt_BR\" \/>\n<meta property=\"og:type\" content=\"article\" \/>\n<meta property=\"og:title\" content=\"Cabe\u00e7ote para sinalizador modular \u00d822mm pl\u00e1stico, para LED integral, vermelho - BH IMPORTS &amp; EXPORTS\" \/>\n<meta property=\"og:description\" content=\"PRE\u00c7O SOB CONSULTA\" \/>\n<meta property=\"og:url\" content=\"https:\/\/bhimportsexports.com\/hl=pt\/produto\/cabecote-para-sinalizador-modular-o22mm-plastico-para-led-integral-vermelho\/\" \/>\n<meta property=\"og:site_name\" content=\"BH IMPORTS &amp; EXPORTS\" \/>\n<meta property=\"article:modified_time\" content=\"2026-01-27T02:57:29+00:00\" \/>\n<meta property=\"og:image\" content=\"https:\/\/bhimportsexports.com\/wp-content\/uploads\/2026\/01\/ZB5AV043_main_recolored_AI-improved_2024_369.jpg\" \/>\n\t<meta property=\"og:image:width\" content=\"369\" \/>\n\t<meta property=\"og:image:height\" content=\"369\" \/>\n\t<meta property=\"og:image:type\" content=\"image\/jpeg\" \/>\n<meta name=\"twitter:card\" content=\"summary_large_image\" \/>\n<meta name=\"twitter:label1\" content=\"Est. tempo de leitura\" \/>\n\t<meta name=\"twitter:data1\" content=\"1 minuto\" \/>\n<script type=\"application\/ld+json\" class=\"yoast-schema-graph\">{\"@context\":\"https:\\\/\\\/schema.org\",\"@graph\":[{\"@type\":\"WebPage\",\"@id\":\"https:\\\/\\\/bhimportsexports.com\\\/hl=pt\\\/produto\\\/cabecote-para-sinalizador-modular-o22mm-plastico-para-led-integral-vermelho\\\/\",\"url\":\"https:\\\/\\\/bhimportsexports.com\\\/hl=pt\\\/produto\\\/cabecote-para-sinalizador-modular-o22mm-plastico-para-led-integral-vermelho\\\/\",\"name\":\"Cabe\u00e7ote para sinalizador modular \u00d822mm pl\u00e1stico, para LED integral, vermelho - BH IMPORTS &amp; EXPORTS\",\"isPartOf\":{\"@id\":\"https:\\\/\\\/bhimportsexports.com\\\/hl=pt\\\/#website\"},\"primaryImageOfPage\":{\"@id\":\"https:\\\/\\\/bhimportsexports.com\\\/hl=pt\\\/produto\\\/cabecote-para-sinalizador-modular-o22mm-plastico-para-led-integral-vermelho\\\/#primaryimage\"},\"image\":{\"@id\":\"https:\\\/\\\/bhimportsexports.com\\\/hl=pt\\\/produto\\\/cabecote-para-sinalizador-modular-o22mm-plastico-para-led-integral-vermelho\\\/#primaryimage\"},\"thumbnailUrl\":\"https:\\\/\\\/bhimportsexports.com\\\/wp-content\\\/uploads\\\/2026\\\/01\\\/ZB5AV043_main_recolored_AI-improved_2024_369.jpg\",\"datePublished\":\"2026-01-27T02:56:34+00:00\",\"dateModified\":\"2026-01-27T02:57:29+00:00\",\"breadcrumb\":{\"@id\":\"https:\\\/\\\/bhimportsexports.com\\\/hl=pt\\\/produto\\\/cabecote-para-sinalizador-modular-o22mm-plastico-para-led-integral-vermelho\\\/#breadcrumb\"},\"inLanguage\":\"pt-BR\",\"potentialAction\":[{\"@type\":\"ReadAction\",\"target\":[\"https:\\\/\\\/bhimportsexports.com\\\/hl=pt\\\/produto\\\/cabecote-para-sinalizador-modular-o22mm-plastico-para-led-integral-vermelho\\\/\"]}]},{\"@type\":\"ImageObject\",\"inLanguage\":\"pt-BR\",\"@id\":\"https:\\\/\\\/bhimportsexports.com\\\/hl=pt\\\/produto\\\/cabecote-para-sinalizador-modular-o22mm-plastico-para-led-integral-vermelho\\\/#primaryimage\",\"url\":\"https:\\\/\\\/bhimportsexports.com\\\/wp-content\\\/uploads\\\/2026\\\/01\\\/ZB5AV043_main_recolored_AI-improved_2024_369.jpg\",\"contentUrl\":\"https:\\\/\\\/bhimportsexports.com\\\/wp-content\\\/uploads\\\/2026\\\/01\\\/ZB5AV043_main_recolored_AI-improved_2024_369.jpg\",\"width\":369,\"height\":369},{\"@type\":\"BreadcrumbList\",\"@id\":\"https:\\\/\\\/bhimportsexports.com\\\/hl=pt\\\/produto\\\/cabecote-para-sinalizador-modular-o22mm-plastico-para-led-integral-vermelho\\\/#breadcrumb\",\"itemListElement\":[{\"@type\":\"ListItem\",\"position\":1,\"name\":\"In\u00edcio\",\"item\":\"https:\\\/\\\/bhimportsexports.com\\\/hl=pt\\\/\"},{\"@type\":\"ListItem\",\"position\":2,\"name\":\"Loja\",\"item\":\"https:\\\/\\\/bhimportsexports.com\\\/hl=pt\\\/loja\\\/\"},{\"@type\":\"ListItem\",\"position\":3,\"name\":\"Cabe\u00e7ote para sinalizador modular \u00d822mm pl\u00e1stico, para LED integral, vermelho\"}]},{\"@type\":\"WebSite\",\"@id\":\"https:\\\/\\\/bhimportsexports.com\\\/hl=pt\\\/#website\",\"url\":\"https:\\\/\\\/bhimportsexports.com\\\/hl=pt\\\/\",\"name\":\"BH IMPORTS & EXPORTS\",\"description\":\"Innovation and excellence in international trade. Import, export, consultancy and sourcing.\",\"publisher\":{\"@id\":\"https:\\\/\\\/bhimportsexports.com\\\/hl=pt\\\/#organization\"},\"potentialAction\":[{\"@type\":\"SearchAction\",\"target\":{\"@type\":\"EntryPoint\",\"urlTemplate\":\"https:\\\/\\\/bhimportsexports.com\\\/hl=pt\\\/?s={search_term_string}\"},\"query-input\":{\"@type\":\"PropertyValueSpecification\",\"valueRequired\":true,\"valueName\":\"search_term_string\"}}],\"inLanguage\":\"pt-BR\"},{\"@type\":\"Organization\",\"@id\":\"https:\\\/\\\/bhimportsexports.com\\\/hl=pt\\\/#organization\",\"name\":\"BH IMPORTS & EXPORTS\",\"url\":\"https:\\\/\\\/bhimportsexports.com\\\/hl=pt\\\/\",\"logo\":{\"@type\":\"ImageObject\",\"inLanguage\":\"pt-BR\",\"@id\":\"https:\\\/\\\/bhimportsexports.com\\\/hl=pt\\\/#\\\/schema\\\/logo\\\/image\\\/\",\"url\":\"https:\\\/\\\/bhimportsexports.com\\\/wp-content\\\/uploads\\\/2024\\\/09\\\/BH-IMPORTS.png\",\"contentUrl\":\"https:\\\/\\\/bhimportsexports.com\\\/wp-content\\\/uploads\\\/2024\\\/09\\\/BH-IMPORTS.png\",\"width\":300,\"height\":200,\"caption\":\"BH IMPORTS & EXPORTS\"},\"image\":{\"@id\":\"https:\\\/\\\/bhimportsexports.com\\\/hl=pt\\\/#\\\/schema\\\/logo\\\/image\\\/\"}}]}<\/script>\n<!-- \/ Yoast SEO plugin. -->","yoast_head_json":{"title":"Cabe\u00e7ote para sinalizador modular \u00d822mm pl\u00e1stico, para LED integral, vermelho - BH IMPORTS &amp; EXPORTS","robots":{"index":"index","follow":"follow","max-snippet":"max-snippet:-1","max-image-preview":"max-image-preview:large","max-video-preview":"max-video-preview:-1"},"canonical":"https:\/\/bhimportsexports.com\/hl=pt\/produto\/cabecote-para-sinalizador-modular-o22mm-plastico-para-led-integral-vermelho\/","og_locale":"pt_BR","og_type":"article","og_title":"Cabe\u00e7ote para sinalizador modular \u00d822mm pl\u00e1stico, para LED integral, vermelho - BH IMPORTS &amp; EXPORTS","og_description":"PRE\u00c7O SOB CONSULTA","og_url":"https:\/\/bhimportsexports.com\/hl=pt\/produto\/cabecote-para-sinalizador-modular-o22mm-plastico-para-led-integral-vermelho\/","og_site_name":"BH IMPORTS &amp; EXPORTS","article_modified_time":"2026-01-27T02:57:29+00:00","og_image":[{"width":369,"height":369,"url":"https:\/\/bhimportsexports.com\/wp-content\/uploads\/2026\/01\/ZB5AV043_main_recolored_AI-improved_2024_369.jpg","type":"image\/jpeg"}],"twitter_card":"summary_large_image","twitter_misc":{"Est. tempo de leitura":"1 minuto"},"schema":{"@context":"https:\/\/schema.org","@graph":[{"@type":"WebPage","@id":"https:\/\/bhimportsexports.com\/hl=pt\/produto\/cabecote-para-sinalizador-modular-o22mm-plastico-para-led-integral-vermelho\/","url":"https:\/\/bhimportsexports.com\/hl=pt\/produto\/cabecote-para-sinalizador-modular-o22mm-plastico-para-led-integral-vermelho\/","name":"Cabe\u00e7ote para sinalizador modular \u00d822mm pl\u00e1stico, para LED integral, vermelho - BH IMPORTS &amp; EXPORTS","isPartOf":{"@id":"https:\/\/bhimportsexports.com\/hl=pt\/#website"},"primaryImageOfPage":{"@id":"https:\/\/bhimportsexports.com\/hl=pt\/produto\/cabecote-para-sinalizador-modular-o22mm-plastico-para-led-integral-vermelho\/#primaryimage"},"image":{"@id":"https:\/\/bhimportsexports.com\/hl=pt\/produto\/cabecote-para-sinalizador-modular-o22mm-plastico-para-led-integral-vermelho\/#primaryimage"},"thumbnailUrl":"https:\/\/bhimportsexports.com\/wp-content\/uploads\/2026\/01\/ZB5AV043_main_recolored_AI-improved_2024_369.jpg","datePublished":"2026-01-27T02:56:34+00:00","dateModified":"2026-01-27T02:57:29+00:00","breadcrumb":{"@id":"https:\/\/bhimportsexports.com\/hl=pt\/produto\/cabecote-para-sinalizador-modular-o22mm-plastico-para-led-integral-vermelho\/#breadcrumb"},"inLanguage":"pt-BR","potentialAction":[{"@type":"ReadAction","target":["https:\/\/bhimportsexports.com\/hl=pt\/produto\/cabecote-para-sinalizador-modular-o22mm-plastico-para-led-integral-vermelho\/"]}]},{"@type":"ImageObject","inLanguage":"pt-BR","@id":"https:\/\/bhimportsexports.com\/hl=pt\/produto\/cabecote-para-sinalizador-modular-o22mm-plastico-para-led-integral-vermelho\/#primaryimage","url":"https:\/\/bhimportsexports.com\/wp-content\/uploads\/2026\/01\/ZB5AV043_main_recolored_AI-improved_2024_369.jpg","contentUrl":"https:\/\/bhimportsexports.com\/wp-content\/uploads\/2026\/01\/ZB5AV043_main_recolored_AI-improved_2024_369.jpg","width":369,"height":369},{"@type":"BreadcrumbList","@id":"https:\/\/bhimportsexports.com\/hl=pt\/produto\/cabecote-para-sinalizador-modular-o22mm-plastico-para-led-integral-vermelho\/#breadcrumb","itemListElement":[{"@type":"ListItem","position":1,"name":"In\u00edcio","item":"https:\/\/bhimportsexports.com\/hl=pt\/"},{"@type":"ListItem","position":2,"name":"Loja","item":"https:\/\/bhimportsexports.com\/hl=pt\/loja\/"},{"@type":"ListItem","position":3,"name":"Cabe\u00e7ote para sinalizador modular \u00d822mm pl\u00e1stico, para LED integral, vermelho"}]},{"@type":"WebSite","@id":"https:\/\/bhimportsexports.com\/hl=pt\/#website","url":"https:\/\/bhimportsexports.com\/hl=pt\/","name":"BH IMPORTS & EXPORTS","description":"Innovation and excellence in international trade. Import, export, consultancy and sourcing.","publisher":{"@id":"https:\/\/bhimportsexports.com\/hl=pt\/#organization"},"potentialAction":[{"@type":"SearchAction","target":{"@type":"EntryPoint","urlTemplate":"https:\/\/bhimportsexports.com\/hl=pt\/?s={search_term_string}"},"query-input":{"@type":"PropertyValueSpecification","valueRequired":true,"valueName":"search_term_string"}}],"inLanguage":"pt-BR"},{"@type":"Organization","@id":"https:\/\/bhimportsexports.com\/hl=pt\/#organization","name":"BH IMPORTS & EXPORTS","url":"https:\/\/bhimportsexports.com\/hl=pt\/","logo":{"@type":"ImageObject","inLanguage":"pt-BR","@id":"https:\/\/bhimportsexports.com\/hl=pt\/#\/schema\/logo\/image\/","url":"https:\/\/bhimportsexports.com\/wp-content\/uploads\/2024\/09\/BH-IMPORTS.png","contentUrl":"https:\/\/bhimportsexports.com\/wp-content\/uploads\/2024\/09\/BH-IMPORTS.png","width":300,"height":200,"caption":"BH IMPORTS & EXPORTS"},"image":{"@id":"https:\/\/bhimportsexports.com\/hl=pt\/#\/schema\/logo\/image\/"}}]}},"_links":{"self":[{"href":"https:\/\/bhimportsexports.com\/hl=pt\/wp-json\/wp\/v2\/product\/4672","targetHints":{"allow":["GET"]}}],"collection":[{"href":"https:\/\/bhimportsexports.com\/hl=pt\/wp-json\/wp\/v2\/product"}],"about":[{"href":"https:\/\/bhimportsexports.com\/hl=pt\/wp-json\/wp\/v2\/types\/product"}],"replies":[{"embeddable":true,"href":"https:\/\/bhimportsexports.com\/hl=pt\/wp-json\/wp\/v2\/comments?post=4672"}],"wp:featuredmedia":[{"embeddable":true,"href":"https:\/\/bhimportsexports.com\/hl=pt\/wp-json\/wp\/v2\/media\/4673"}],"wp:attachment":[{"href":"https:\/\/bhimportsexports.com\/hl=pt\/wp-json\/wp\/v2\/media?parent=4672"}],"wp:term":[{"taxonomy":"product_brand","embeddable":true,"href":"https:\/\/bhimportsexports.com\/hl=pt\/wp-json\/wp\/v2\/product_brand?post=4672"},{"taxonomy":"product_cat","embeddable":true,"href":"https:\/\/bhimportsexports.com\/hl=pt\/wp-json\/wp\/v2\/product_cat?post=4672"},{"taxonomy":"product_tag","embeddable":true,"href":"https:\/\/bhimportsexports.com\/hl=pt\/wp-json\/wp\/v2\/product_tag?post=4672"}],"curies":[{"name":"wp","href":"https:\/\/api.w.org\/{rel}","templated":true}]}}