{"id":4607,"date":"2026-01-22T04:22:57","date_gmt":"2026-01-22T04:22:57","guid":{"rendered":"https:\/\/bhimportsexports.com\/hl=pt\/?post_type=product&#038;p=4607"},"modified":"2026-01-22T04:22:58","modified_gmt":"2026-01-22T04:22:58","slug":"cinta-hellermann-t18r-102x25mm-abracadeira-plastica-branco-unidade","status":"publish","type":"product","link":"https:\/\/bhimportsexports.com\/hl=pt\/produto\/cinta-hellermann-t18r-102x25mm-abracadeira-plastica-branco-unidade\/","title":{"rendered":"Cinta Hellermann T18R 102&#215;2,5mm Abra\u00e7adeira Pl\u00e1stica Branco &#8211; Unidade"},"content":{"rendered":"<p>A Cinta Hellermann T18R \u00e9 uma abra\u00e7adeira pl\u00e1stica de alta qualidade, indicada para a fixa\u00e7\u00e3o e organiza\u00e7\u00e3o de cabos, fios e pequenos componentes. Fabricada em nylon de alta resist\u00eancia, oferece seguran\u00e7a no travamento e durabilidade mesmo em aplica\u00e7\u00f5es mais exigentes. Suas dimens\u00f5es de 102mm de comprimento e 2,5mm de largura tornam o modelo ideal para aplica\u00e7\u00f5es mais compactas e delicadas. Produto original HellermannTyton, marca refer\u00eancia em abra\u00e7adeiras.<\/p>\n","protected":false},"excerpt":{"rendered":"<p>A Cinta Hellermann T18R \u00e9 uma abra\u00e7adeira pl\u00e1stica de alta qualidade, indicada para a fixa\u00e7\u00e3o e organiza\u00e7\u00e3o de cabos, fios e pequenos componentes. Fabricada em nylon de alta resist\u00eancia, oferece seguran\u00e7a no travamento e durabilidade mesmo em aplica\u00e7\u00f5es mais exigentes. Suas dimens\u00f5es de 102mm de comprimento e 2,5mm de largura tornam o modelo ideal para [&hellip;]<\/p>\n","protected":false},"featured_media":4608,"comment_status":"open","ping_status":"closed","template":"","meta":[],"product_brand":[],"product_cat":[1192],"product_tag":[],"class_list":{"0":"post-4607","1":"product","2":"type-product","3":"status-publish","4":"has-post-thumbnail","6":"product_cat-acessorios","8":"first","9":"onbackorder","10":"shipping-taxable","11":"product-type-simple"},"yoast_head":"<!-- This site is optimized with the Yoast SEO plugin v27.4 - https:\/\/yoast.com\/product\/yoast-seo-wordpress\/ -->\n<title>Cinta Hellermann T18R 102x2,5mm Abra\u00e7adeira Pl\u00e1stica Branco - Unidade - BH IMPORTS &amp; EXPORTS<\/title>\n<meta name=\"robots\" content=\"index, follow, max-snippet:-1, max-image-preview:large, max-video-preview:-1\" \/>\n<link rel=\"canonical\" href=\"https:\/\/bhimportsexports.com\/hl=pt\/produto\/cinta-hellermann-t18r-102x25mm-abracadeira-plastica-branco-unidade\/\" \/>\n<meta property=\"og:locale\" content=\"pt_BR\" \/>\n<meta property=\"og:type\" content=\"article\" \/>\n<meta property=\"og:title\" content=\"Cinta Hellermann T18R 102x2,5mm Abra\u00e7adeira Pl\u00e1stica Branco - Unidade - BH IMPORTS &amp; EXPORTS\" \/>\n<meta property=\"og:description\" content=\"A Cinta Hellermann T18R \u00e9 uma abra\u00e7adeira pl\u00e1stica de alta qualidade, indicada para a fixa\u00e7\u00e3o e organiza\u00e7\u00e3o de cabos, fios e pequenos componentes. Fabricada em nylon de alta resist\u00eancia, oferece seguran\u00e7a no travamento e durabilidade mesmo em aplica\u00e7\u00f5es mais exigentes. Suas dimens\u00f5es de 102mm de comprimento e 2,5mm de largura tornam o modelo ideal para [&hellip;]\" \/>\n<meta property=\"og:url\" content=\"https:\/\/bhimportsexports.com\/hl=pt\/produto\/cinta-hellermann-t18r-102x25mm-abracadeira-plastica-branco-unidade\/\" \/>\n<meta property=\"og:site_name\" content=\"BH IMPORTS &amp; EXPORTS\" \/>\n<meta property=\"article:modified_time\" content=\"2026-01-22T04:22:58+00:00\" \/>\n<meta property=\"og:image\" content=\"https:\/\/bhimportsexports.com\/wp-content\/uploads\/2026\/01\/cinta_hellermann_t18r_102x2_5mm_abracadeira_plastica_branco_unidade_18929_1_d9ee22aba251d7a2aca47551da499aa1.webp\" \/>\n\t<meta property=\"og:image:width\" content=\"924\" \/>\n\t<meta property=\"og:image:height\" content=\"922\" \/>\n\t<meta property=\"og:image:type\" content=\"image\/webp\" \/>\n<meta name=\"twitter:card\" content=\"summary_large_image\" \/>\n<script type=\"application\/ld+json\" class=\"yoast-schema-graph\">{\"@context\":\"https:\\\/\\\/schema.org\",\"@graph\":[{\"@type\":\"WebPage\",\"@id\":\"https:\\\/\\\/bhimportsexports.com\\\/hl=pt\\\/produto\\\/cinta-hellermann-t18r-102x25mm-abracadeira-plastica-branco-unidade\\\/\",\"url\":\"https:\\\/\\\/bhimportsexports.com\\\/hl=pt\\\/produto\\\/cinta-hellermann-t18r-102x25mm-abracadeira-plastica-branco-unidade\\\/\",\"name\":\"Cinta Hellermann T18R 102x2,5mm Abra\u00e7adeira Pl\u00e1stica Branco - Unidade - BH IMPORTS &amp; EXPORTS\",\"isPartOf\":{\"@id\":\"https:\\\/\\\/bhimportsexports.com\\\/hl=pt\\\/#website\"},\"primaryImageOfPage\":{\"@id\":\"https:\\\/\\\/bhimportsexports.com\\\/hl=pt\\\/produto\\\/cinta-hellermann-t18r-102x25mm-abracadeira-plastica-branco-unidade\\\/#primaryimage\"},\"image\":{\"@id\":\"https:\\\/\\\/bhimportsexports.com\\\/hl=pt\\\/produto\\\/cinta-hellermann-t18r-102x25mm-abracadeira-plastica-branco-unidade\\\/#primaryimage\"},\"thumbnailUrl\":\"https:\\\/\\\/bhimportsexports.com\\\/wp-content\\\/uploads\\\/2026\\\/01\\\/cinta_hellermann_t18r_102x2_5mm_abracadeira_plastica_branco_unidade_18929_1_d9ee22aba251d7a2aca47551da499aa1.webp\",\"datePublished\":\"2026-01-22T04:22:57+00:00\",\"dateModified\":\"2026-01-22T04:22:58+00:00\",\"breadcrumb\":{\"@id\":\"https:\\\/\\\/bhimportsexports.com\\\/hl=pt\\\/produto\\\/cinta-hellermann-t18r-102x25mm-abracadeira-plastica-branco-unidade\\\/#breadcrumb\"},\"inLanguage\":\"pt-BR\",\"potentialAction\":[{\"@type\":\"ReadAction\",\"target\":[\"https:\\\/\\\/bhimportsexports.com\\\/hl=pt\\\/produto\\\/cinta-hellermann-t18r-102x25mm-abracadeira-plastica-branco-unidade\\\/\"]}]},{\"@type\":\"ImageObject\",\"inLanguage\":\"pt-BR\",\"@id\":\"https:\\\/\\\/bhimportsexports.com\\\/hl=pt\\\/produto\\\/cinta-hellermann-t18r-102x25mm-abracadeira-plastica-branco-unidade\\\/#primaryimage\",\"url\":\"https:\\\/\\\/bhimportsexports.com\\\/wp-content\\\/uploads\\\/2026\\\/01\\\/cinta_hellermann_t18r_102x2_5mm_abracadeira_plastica_branco_unidade_18929_1_d9ee22aba251d7a2aca47551da499aa1.webp\",\"contentUrl\":\"https:\\\/\\\/bhimportsexports.com\\\/wp-content\\\/uploads\\\/2026\\\/01\\\/cinta_hellermann_t18r_102x2_5mm_abracadeira_plastica_branco_unidade_18929_1_d9ee22aba251d7a2aca47551da499aa1.webp\",\"width\":924,\"height\":922},{\"@type\":\"BreadcrumbList\",\"@id\":\"https:\\\/\\\/bhimportsexports.com\\\/hl=pt\\\/produto\\\/cinta-hellermann-t18r-102x25mm-abracadeira-plastica-branco-unidade\\\/#breadcrumb\",\"itemListElement\":[{\"@type\":\"ListItem\",\"position\":1,\"name\":\"In\u00edcio\",\"item\":\"https:\\\/\\\/bhimportsexports.com\\\/hl=pt\\\/\"},{\"@type\":\"ListItem\",\"position\":2,\"name\":\"Loja\",\"item\":\"https:\\\/\\\/bhimportsexports.com\\\/hl=pt\\\/loja\\\/\"},{\"@type\":\"ListItem\",\"position\":3,\"name\":\"Cinta Hellermann T18R 102&#215;2,5mm Abra\u00e7adeira Pl\u00e1stica Branco &#8211; Unidade\"}]},{\"@type\":\"WebSite\",\"@id\":\"https:\\\/\\\/bhimportsexports.com\\\/hl=pt\\\/#website\",\"url\":\"https:\\\/\\\/bhimportsexports.com\\\/hl=pt\\\/\",\"name\":\"BH IMPORTS & EXPORTS\",\"description\":\"Innovation and excellence in international trade. Import, export, consultancy and sourcing.\",\"publisher\":{\"@id\":\"https:\\\/\\\/bhimportsexports.com\\\/hl=pt\\\/#organization\"},\"potentialAction\":[{\"@type\":\"SearchAction\",\"target\":{\"@type\":\"EntryPoint\",\"urlTemplate\":\"https:\\\/\\\/bhimportsexports.com\\\/hl=pt\\\/?s={search_term_string}\"},\"query-input\":{\"@type\":\"PropertyValueSpecification\",\"valueRequired\":true,\"valueName\":\"search_term_string\"}}],\"inLanguage\":\"pt-BR\"},{\"@type\":\"Organization\",\"@id\":\"https:\\\/\\\/bhimportsexports.com\\\/hl=pt\\\/#organization\",\"name\":\"BH IMPORTS & EXPORTS\",\"url\":\"https:\\\/\\\/bhimportsexports.com\\\/hl=pt\\\/\",\"logo\":{\"@type\":\"ImageObject\",\"inLanguage\":\"pt-BR\",\"@id\":\"https:\\\/\\\/bhimportsexports.com\\\/hl=pt\\\/#\\\/schema\\\/logo\\\/image\\\/\",\"url\":\"https:\\\/\\\/bhimportsexports.com\\\/wp-content\\\/uploads\\\/2024\\\/09\\\/BH-IMPORTS.png\",\"contentUrl\":\"https:\\\/\\\/bhimportsexports.com\\\/wp-content\\\/uploads\\\/2024\\\/09\\\/BH-IMPORTS.png\",\"width\":300,\"height\":200,\"caption\":\"BH IMPORTS & EXPORTS\"},\"image\":{\"@id\":\"https:\\\/\\\/bhimportsexports.com\\\/hl=pt\\\/#\\\/schema\\\/logo\\\/image\\\/\"}}]}<\/script>\n<!-- \/ Yoast SEO plugin. -->","yoast_head_json":{"title":"Cinta Hellermann T18R 102x2,5mm Abra\u00e7adeira Pl\u00e1stica Branco - Unidade - BH IMPORTS &amp; EXPORTS","robots":{"index":"index","follow":"follow","max-snippet":"max-snippet:-1","max-image-preview":"max-image-preview:large","max-video-preview":"max-video-preview:-1"},"canonical":"https:\/\/bhimportsexports.com\/hl=pt\/produto\/cinta-hellermann-t18r-102x25mm-abracadeira-plastica-branco-unidade\/","og_locale":"pt_BR","og_type":"article","og_title":"Cinta Hellermann T18R 102x2,5mm Abra\u00e7adeira Pl\u00e1stica Branco - Unidade - BH IMPORTS &amp; EXPORTS","og_description":"A Cinta Hellermann T18R \u00e9 uma abra\u00e7adeira pl\u00e1stica de alta qualidade, indicada para a fixa\u00e7\u00e3o e organiza\u00e7\u00e3o de cabos, fios e pequenos componentes. Fabricada em nylon de alta resist\u00eancia, oferece seguran\u00e7a no travamento e durabilidade mesmo em aplica\u00e7\u00f5es mais exigentes. Suas dimens\u00f5es de 102mm de comprimento e 2,5mm de largura tornam o modelo ideal para [&hellip;]","og_url":"https:\/\/bhimportsexports.com\/hl=pt\/produto\/cinta-hellermann-t18r-102x25mm-abracadeira-plastica-branco-unidade\/","og_site_name":"BH IMPORTS &amp; EXPORTS","article_modified_time":"2026-01-22T04:22:58+00:00","og_image":[{"width":924,"height":922,"url":"https:\/\/bhimportsexports.com\/wp-content\/uploads\/2026\/01\/cinta_hellermann_t18r_102x2_5mm_abracadeira_plastica_branco_unidade_18929_1_d9ee22aba251d7a2aca47551da499aa1.webp","type":"image\/webp"}],"twitter_card":"summary_large_image","schema":{"@context":"https:\/\/schema.org","@graph":[{"@type":"WebPage","@id":"https:\/\/bhimportsexports.com\/hl=pt\/produto\/cinta-hellermann-t18r-102x25mm-abracadeira-plastica-branco-unidade\/","url":"https:\/\/bhimportsexports.com\/hl=pt\/produto\/cinta-hellermann-t18r-102x25mm-abracadeira-plastica-branco-unidade\/","name":"Cinta Hellermann T18R 102x2,5mm Abra\u00e7adeira Pl\u00e1stica Branco - Unidade - BH IMPORTS &amp; EXPORTS","isPartOf":{"@id":"https:\/\/bhimportsexports.com\/hl=pt\/#website"},"primaryImageOfPage":{"@id":"https:\/\/bhimportsexports.com\/hl=pt\/produto\/cinta-hellermann-t18r-102x25mm-abracadeira-plastica-branco-unidade\/#primaryimage"},"image":{"@id":"https:\/\/bhimportsexports.com\/hl=pt\/produto\/cinta-hellermann-t18r-102x25mm-abracadeira-plastica-branco-unidade\/#primaryimage"},"thumbnailUrl":"https:\/\/bhimportsexports.com\/wp-content\/uploads\/2026\/01\/cinta_hellermann_t18r_102x2_5mm_abracadeira_plastica_branco_unidade_18929_1_d9ee22aba251d7a2aca47551da499aa1.webp","datePublished":"2026-01-22T04:22:57+00:00","dateModified":"2026-01-22T04:22:58+00:00","breadcrumb":{"@id":"https:\/\/bhimportsexports.com\/hl=pt\/produto\/cinta-hellermann-t18r-102x25mm-abracadeira-plastica-branco-unidade\/#breadcrumb"},"inLanguage":"pt-BR","potentialAction":[{"@type":"ReadAction","target":["https:\/\/bhimportsexports.com\/hl=pt\/produto\/cinta-hellermann-t18r-102x25mm-abracadeira-plastica-branco-unidade\/"]}]},{"@type":"ImageObject","inLanguage":"pt-BR","@id":"https:\/\/bhimportsexports.com\/hl=pt\/produto\/cinta-hellermann-t18r-102x25mm-abracadeira-plastica-branco-unidade\/#primaryimage","url":"https:\/\/bhimportsexports.com\/wp-content\/uploads\/2026\/01\/cinta_hellermann_t18r_102x2_5mm_abracadeira_plastica_branco_unidade_18929_1_d9ee22aba251d7a2aca47551da499aa1.webp","contentUrl":"https:\/\/bhimportsexports.com\/wp-content\/uploads\/2026\/01\/cinta_hellermann_t18r_102x2_5mm_abracadeira_plastica_branco_unidade_18929_1_d9ee22aba251d7a2aca47551da499aa1.webp","width":924,"height":922},{"@type":"BreadcrumbList","@id":"https:\/\/bhimportsexports.com\/hl=pt\/produto\/cinta-hellermann-t18r-102x25mm-abracadeira-plastica-branco-unidade\/#breadcrumb","itemListElement":[{"@type":"ListItem","position":1,"name":"In\u00edcio","item":"https:\/\/bhimportsexports.com\/hl=pt\/"},{"@type":"ListItem","position":2,"name":"Loja","item":"https:\/\/bhimportsexports.com\/hl=pt\/loja\/"},{"@type":"ListItem","position":3,"name":"Cinta Hellermann T18R 102&#215;2,5mm Abra\u00e7adeira Pl\u00e1stica Branco &#8211; Unidade"}]},{"@type":"WebSite","@id":"https:\/\/bhimportsexports.com\/hl=pt\/#website","url":"https:\/\/bhimportsexports.com\/hl=pt\/","name":"BH IMPORTS & EXPORTS","description":"Innovation and excellence in international trade. Import, export, consultancy and sourcing.","publisher":{"@id":"https:\/\/bhimportsexports.com\/hl=pt\/#organization"},"potentialAction":[{"@type":"SearchAction","target":{"@type":"EntryPoint","urlTemplate":"https:\/\/bhimportsexports.com\/hl=pt\/?s={search_term_string}"},"query-input":{"@type":"PropertyValueSpecification","valueRequired":true,"valueName":"search_term_string"}}],"inLanguage":"pt-BR"},{"@type":"Organization","@id":"https:\/\/bhimportsexports.com\/hl=pt\/#organization","name":"BH IMPORTS & EXPORTS","url":"https:\/\/bhimportsexports.com\/hl=pt\/","logo":{"@type":"ImageObject","inLanguage":"pt-BR","@id":"https:\/\/bhimportsexports.com\/hl=pt\/#\/schema\/logo\/image\/","url":"https:\/\/bhimportsexports.com\/wp-content\/uploads\/2024\/09\/BH-IMPORTS.png","contentUrl":"https:\/\/bhimportsexports.com\/wp-content\/uploads\/2024\/09\/BH-IMPORTS.png","width":300,"height":200,"caption":"BH IMPORTS & EXPORTS"},"image":{"@id":"https:\/\/bhimportsexports.com\/hl=pt\/#\/schema\/logo\/image\/"}}]}},"_links":{"self":[{"href":"https:\/\/bhimportsexports.com\/hl=pt\/wp-json\/wp\/v2\/product\/4607","targetHints":{"allow":["GET"]}}],"collection":[{"href":"https:\/\/bhimportsexports.com\/hl=pt\/wp-json\/wp\/v2\/product"}],"about":[{"href":"https:\/\/bhimportsexports.com\/hl=pt\/wp-json\/wp\/v2\/types\/product"}],"replies":[{"embeddable":true,"href":"https:\/\/bhimportsexports.com\/hl=pt\/wp-json\/wp\/v2\/comments?post=4607"}],"wp:featuredmedia":[{"embeddable":true,"href":"https:\/\/bhimportsexports.com\/hl=pt\/wp-json\/wp\/v2\/media\/4608"}],"wp:attachment":[{"href":"https:\/\/bhimportsexports.com\/hl=pt\/wp-json\/wp\/v2\/media?parent=4607"}],"wp:term":[{"taxonomy":"product_brand","embeddable":true,"href":"https:\/\/bhimportsexports.com\/hl=pt\/wp-json\/wp\/v2\/product_brand?post=4607"},{"taxonomy":"product_cat","embeddable":true,"href":"https:\/\/bhimportsexports.com\/hl=pt\/wp-json\/wp\/v2\/product_cat?post=4607"},{"taxonomy":"product_tag","embeddable":true,"href":"https:\/\/bhimportsexports.com\/hl=pt\/wp-json\/wp\/v2\/product_tag?post=4607"}],"curies":[{"name":"wp","href":"https:\/\/api.w.org\/{rel}","templated":true}]}}