{"id":4488,"date":"2025-10-14T10:52:18","date_gmt":"2025-10-14T10:52:18","guid":{"rendered":"https:\/\/bhimportsexports.com\/hl=pt\/?post_type=product&#038;p=4488"},"modified":"2025-10-14T10:52:18","modified_gmt":"2025-10-14T10:52:18","slug":"fonte-de-alimentacao-chaveada-24-vdc-120-w-5-a-100-120-200-500-vac-mono-bifasica-abl8rps24050","status":"publish","type":"product","link":"https:\/\/bhimportsexports.com\/hl=pt\/produto\/fonte-de-alimentacao-chaveada-24-vdc-120-w-5-a-100-120-200-500-vac-mono-bifasica-abl8rps24050\/","title":{"rendered":"Fonte de Alimenta\u00e7\u00e3o Chaveada &#8211; 24 Vdc &#8211; 120 W &#8211; 5 A &#8211; 100\/120 | 200\/500 Vac &#8211; Mono\/Bif\u00e1sica ABL8RPS24050"},"content":{"rendered":"<section class=\"section section--with-columns\">\n<div class=\"section__content\">\n<div class=\"text-container pdp-long-desc\"><span class=\"description__content font-m\">A ABL8RPS24050 \u00e9 uma fonte de alimenta\u00e7\u00e3o chaveada para aplica\u00e7\u00f5es complexas! Possui redefini\u00e7\u00e3o autom\u00e1tica que permite que as falhas de curto prazo sejam corrigidas, \u00e9 equipada com filtro de corre\u00e7\u00e3o do fator de pot\u00eancia e indicador de diagn\u00f3stico que facilita a solu\u00e7\u00e3o de problemas. Al\u00e9m disso, \u00e9 compat\u00edvel com acess\u00f3rios que permitem trabalhar com a redund\u00e2ncia na alimenta\u00e7\u00e3o. Essa varia\u00e7\u00e3o tem corrente de 5 A, tens\u00e3o de alimenta\u00e7\u00e3o mono\/bif\u00e1sica de 100-220 Vca e 200-500 Vca, e tens\u00e3o de sa\u00edda de 24Vcc.<\/span><\/div>\n<div class=\"content\"><\/div>\n<\/div>\n<\/section>\n<section class=\"section section--with-columns\">\n<hgroup class=\"qds-main qds-subsection qds-titles\" data-alignment=\"start\" data-variant=\"web-main-section-hero\">\n<h2 class=\"qds-title\" data-variant=\"web-main-section-hero\"><\/h2>\n<\/hgroup>\n<\/section>\n","protected":false},"excerpt":{"rendered":"<p>PRE\u00c7O SOB CONSULTA<\/p>\n","protected":false},"featured_media":4489,"comment_status":"open","ping_status":"closed","template":"","meta":[],"product_brand":[],"product_cat":[1113],"product_tag":[],"class_list":{"0":"post-4488","1":"product","2":"type-product","3":"status-publish","4":"has-post-thumbnail","6":"product_cat-fonte-de-alimentacao","8":"first","9":"onbackorder","10":"shipping-taxable","11":"product-type-simple"},"yoast_head":"<!-- This site is optimized with the Yoast SEO plugin v27.4 - https:\/\/yoast.com\/product\/yoast-seo-wordpress\/ -->\n<title>Fonte de Alimenta\u00e7\u00e3o Chaveada - 24 Vdc - 120 W - 5 A - 100\/120 | 200\/500 Vac - Mono\/Bif\u00e1sica ABL8RPS24050 - BH IMPORTS &amp; EXPORTS<\/title>\n<meta name=\"robots\" content=\"index, follow, max-snippet:-1, max-image-preview:large, max-video-preview:-1\" \/>\n<link rel=\"canonical\" href=\"https:\/\/bhimportsexports.com\/hl=pt\/produto\/fonte-de-alimentacao-chaveada-24-vdc-120-w-5-a-100-120-200-500-vac-mono-bifasica-abl8rps24050\/\" \/>\n<meta property=\"og:locale\" content=\"pt_BR\" \/>\n<meta property=\"og:type\" content=\"article\" \/>\n<meta property=\"og:title\" content=\"Fonte de Alimenta\u00e7\u00e3o Chaveada - 24 Vdc - 120 W - 5 A - 100\/120 | 200\/500 Vac - Mono\/Bif\u00e1sica ABL8RPS24050 - BH IMPORTS &amp; EXPORTS\" \/>\n<meta property=\"og:description\" content=\"PRE\u00c7O SOB CONSULTA\" \/>\n<meta property=\"og:url\" content=\"https:\/\/bhimportsexports.com\/hl=pt\/produto\/fonte-de-alimentacao-chaveada-24-vdc-120-w-5-a-100-120-200-500-vac-mono-bifasica-abl8rps24050\/\" \/>\n<meta property=\"og:site_name\" content=\"BH IMPORTS &amp; EXPORTS\" \/>\n<meta property=\"og:image\" content=\"https:\/\/bhimportsexports.com\/wp-content\/uploads\/2025\/10\/ABL8RPS24050_main_369.jpg\" \/>\n\t<meta property=\"og:image:width\" content=\"369\" \/>\n\t<meta property=\"og:image:height\" content=\"369\" \/>\n\t<meta property=\"og:image:type\" content=\"image\/jpeg\" \/>\n<meta name=\"twitter:card\" content=\"summary_large_image\" \/>\n<script type=\"application\/ld+json\" class=\"yoast-schema-graph\">{\"@context\":\"https:\\\/\\\/schema.org\",\"@graph\":[{\"@type\":\"WebPage\",\"@id\":\"https:\\\/\\\/bhimportsexports.com\\\/hl=pt\\\/produto\\\/fonte-de-alimentacao-chaveada-24-vdc-120-w-5-a-100-120-200-500-vac-mono-bifasica-abl8rps24050\\\/\",\"url\":\"https:\\\/\\\/bhimportsexports.com\\\/hl=pt\\\/produto\\\/fonte-de-alimentacao-chaveada-24-vdc-120-w-5-a-100-120-200-500-vac-mono-bifasica-abl8rps24050\\\/\",\"name\":\"Fonte de Alimenta\u00e7\u00e3o Chaveada - 24 Vdc - 120 W - 5 A - 100\\\/120 | 200\\\/500 Vac - Mono\\\/Bif\u00e1sica ABL8RPS24050 - BH IMPORTS &amp; EXPORTS\",\"isPartOf\":{\"@id\":\"https:\\\/\\\/bhimportsexports.com\\\/hl=pt\\\/#website\"},\"primaryImageOfPage\":{\"@id\":\"https:\\\/\\\/bhimportsexports.com\\\/hl=pt\\\/produto\\\/fonte-de-alimentacao-chaveada-24-vdc-120-w-5-a-100-120-200-500-vac-mono-bifasica-abl8rps24050\\\/#primaryimage\"},\"image\":{\"@id\":\"https:\\\/\\\/bhimportsexports.com\\\/hl=pt\\\/produto\\\/fonte-de-alimentacao-chaveada-24-vdc-120-w-5-a-100-120-200-500-vac-mono-bifasica-abl8rps24050\\\/#primaryimage\"},\"thumbnailUrl\":\"https:\\\/\\\/bhimportsexports.com\\\/wp-content\\\/uploads\\\/2025\\\/10\\\/ABL8RPS24050_main_369.jpg\",\"datePublished\":\"2025-10-14T10:52:18+00:00\",\"breadcrumb\":{\"@id\":\"https:\\\/\\\/bhimportsexports.com\\\/hl=pt\\\/produto\\\/fonte-de-alimentacao-chaveada-24-vdc-120-w-5-a-100-120-200-500-vac-mono-bifasica-abl8rps24050\\\/#breadcrumb\"},\"inLanguage\":\"pt-BR\",\"potentialAction\":[{\"@type\":\"ReadAction\",\"target\":[\"https:\\\/\\\/bhimportsexports.com\\\/hl=pt\\\/produto\\\/fonte-de-alimentacao-chaveada-24-vdc-120-w-5-a-100-120-200-500-vac-mono-bifasica-abl8rps24050\\\/\"]}]},{\"@type\":\"ImageObject\",\"inLanguage\":\"pt-BR\",\"@id\":\"https:\\\/\\\/bhimportsexports.com\\\/hl=pt\\\/produto\\\/fonte-de-alimentacao-chaveada-24-vdc-120-w-5-a-100-120-200-500-vac-mono-bifasica-abl8rps24050\\\/#primaryimage\",\"url\":\"https:\\\/\\\/bhimportsexports.com\\\/wp-content\\\/uploads\\\/2025\\\/10\\\/ABL8RPS24050_main_369.jpg\",\"contentUrl\":\"https:\\\/\\\/bhimportsexports.com\\\/wp-content\\\/uploads\\\/2025\\\/10\\\/ABL8RPS24050_main_369.jpg\",\"width\":369,\"height\":369},{\"@type\":\"BreadcrumbList\",\"@id\":\"https:\\\/\\\/bhimportsexports.com\\\/hl=pt\\\/produto\\\/fonte-de-alimentacao-chaveada-24-vdc-120-w-5-a-100-120-200-500-vac-mono-bifasica-abl8rps24050\\\/#breadcrumb\",\"itemListElement\":[{\"@type\":\"ListItem\",\"position\":1,\"name\":\"In\u00edcio\",\"item\":\"https:\\\/\\\/bhimportsexports.com\\\/hl=pt\\\/\"},{\"@type\":\"ListItem\",\"position\":2,\"name\":\"Loja\",\"item\":\"https:\\\/\\\/bhimportsexports.com\\\/hl=pt\\\/loja\\\/\"},{\"@type\":\"ListItem\",\"position\":3,\"name\":\"Fonte de Alimenta\u00e7\u00e3o Chaveada &#8211; 24 Vdc &#8211; 120 W &#8211; 5 A &#8211; 100\\\/120 | 200\\\/500 Vac &#8211; Mono\\\/Bif\u00e1sica ABL8RPS24050\"}]},{\"@type\":\"WebSite\",\"@id\":\"https:\\\/\\\/bhimportsexports.com\\\/hl=pt\\\/#website\",\"url\":\"https:\\\/\\\/bhimportsexports.com\\\/hl=pt\\\/\",\"name\":\"BH IMPORTS & EXPORTS\",\"description\":\"Innovation and excellence in international trade. Import, export, consultancy and sourcing.\",\"publisher\":{\"@id\":\"https:\\\/\\\/bhimportsexports.com\\\/hl=pt\\\/#organization\"},\"potentialAction\":[{\"@type\":\"SearchAction\",\"target\":{\"@type\":\"EntryPoint\",\"urlTemplate\":\"https:\\\/\\\/bhimportsexports.com\\\/hl=pt\\\/?s={search_term_string}\"},\"query-input\":{\"@type\":\"PropertyValueSpecification\",\"valueRequired\":true,\"valueName\":\"search_term_string\"}}],\"inLanguage\":\"pt-BR\"},{\"@type\":\"Organization\",\"@id\":\"https:\\\/\\\/bhimportsexports.com\\\/hl=pt\\\/#organization\",\"name\":\"BH IMPORTS & EXPORTS\",\"url\":\"https:\\\/\\\/bhimportsexports.com\\\/hl=pt\\\/\",\"logo\":{\"@type\":\"ImageObject\",\"inLanguage\":\"pt-BR\",\"@id\":\"https:\\\/\\\/bhimportsexports.com\\\/hl=pt\\\/#\\\/schema\\\/logo\\\/image\\\/\",\"url\":\"https:\\\/\\\/bhimportsexports.com\\\/wp-content\\\/uploads\\\/2024\\\/09\\\/BH-IMPORTS.png\",\"contentUrl\":\"https:\\\/\\\/bhimportsexports.com\\\/wp-content\\\/uploads\\\/2024\\\/09\\\/BH-IMPORTS.png\",\"width\":300,\"height\":200,\"caption\":\"BH IMPORTS & EXPORTS\"},\"image\":{\"@id\":\"https:\\\/\\\/bhimportsexports.com\\\/hl=pt\\\/#\\\/schema\\\/logo\\\/image\\\/\"}}]}<\/script>\n<!-- \/ Yoast SEO plugin. -->","yoast_head_json":{"title":"Fonte de Alimenta\u00e7\u00e3o Chaveada - 24 Vdc - 120 W - 5 A - 100\/120 | 200\/500 Vac - Mono\/Bif\u00e1sica ABL8RPS24050 - BH IMPORTS &amp; EXPORTS","robots":{"index":"index","follow":"follow","max-snippet":"max-snippet:-1","max-image-preview":"max-image-preview:large","max-video-preview":"max-video-preview:-1"},"canonical":"https:\/\/bhimportsexports.com\/hl=pt\/produto\/fonte-de-alimentacao-chaveada-24-vdc-120-w-5-a-100-120-200-500-vac-mono-bifasica-abl8rps24050\/","og_locale":"pt_BR","og_type":"article","og_title":"Fonte de Alimenta\u00e7\u00e3o Chaveada - 24 Vdc - 120 W - 5 A - 100\/120 | 200\/500 Vac - Mono\/Bif\u00e1sica ABL8RPS24050 - BH IMPORTS &amp; EXPORTS","og_description":"PRE\u00c7O SOB CONSULTA","og_url":"https:\/\/bhimportsexports.com\/hl=pt\/produto\/fonte-de-alimentacao-chaveada-24-vdc-120-w-5-a-100-120-200-500-vac-mono-bifasica-abl8rps24050\/","og_site_name":"BH IMPORTS &amp; EXPORTS","og_image":[{"width":369,"height":369,"url":"https:\/\/bhimportsexports.com\/wp-content\/uploads\/2025\/10\/ABL8RPS24050_main_369.jpg","type":"image\/jpeg"}],"twitter_card":"summary_large_image","schema":{"@context":"https:\/\/schema.org","@graph":[{"@type":"WebPage","@id":"https:\/\/bhimportsexports.com\/hl=pt\/produto\/fonte-de-alimentacao-chaveada-24-vdc-120-w-5-a-100-120-200-500-vac-mono-bifasica-abl8rps24050\/","url":"https:\/\/bhimportsexports.com\/hl=pt\/produto\/fonte-de-alimentacao-chaveada-24-vdc-120-w-5-a-100-120-200-500-vac-mono-bifasica-abl8rps24050\/","name":"Fonte de Alimenta\u00e7\u00e3o Chaveada - 24 Vdc - 120 W - 5 A - 100\/120 | 200\/500 Vac - Mono\/Bif\u00e1sica ABL8RPS24050 - BH IMPORTS &amp; EXPORTS","isPartOf":{"@id":"https:\/\/bhimportsexports.com\/hl=pt\/#website"},"primaryImageOfPage":{"@id":"https:\/\/bhimportsexports.com\/hl=pt\/produto\/fonte-de-alimentacao-chaveada-24-vdc-120-w-5-a-100-120-200-500-vac-mono-bifasica-abl8rps24050\/#primaryimage"},"image":{"@id":"https:\/\/bhimportsexports.com\/hl=pt\/produto\/fonte-de-alimentacao-chaveada-24-vdc-120-w-5-a-100-120-200-500-vac-mono-bifasica-abl8rps24050\/#primaryimage"},"thumbnailUrl":"https:\/\/bhimportsexports.com\/wp-content\/uploads\/2025\/10\/ABL8RPS24050_main_369.jpg","datePublished":"2025-10-14T10:52:18+00:00","breadcrumb":{"@id":"https:\/\/bhimportsexports.com\/hl=pt\/produto\/fonte-de-alimentacao-chaveada-24-vdc-120-w-5-a-100-120-200-500-vac-mono-bifasica-abl8rps24050\/#breadcrumb"},"inLanguage":"pt-BR","potentialAction":[{"@type":"ReadAction","target":["https:\/\/bhimportsexports.com\/hl=pt\/produto\/fonte-de-alimentacao-chaveada-24-vdc-120-w-5-a-100-120-200-500-vac-mono-bifasica-abl8rps24050\/"]}]},{"@type":"ImageObject","inLanguage":"pt-BR","@id":"https:\/\/bhimportsexports.com\/hl=pt\/produto\/fonte-de-alimentacao-chaveada-24-vdc-120-w-5-a-100-120-200-500-vac-mono-bifasica-abl8rps24050\/#primaryimage","url":"https:\/\/bhimportsexports.com\/wp-content\/uploads\/2025\/10\/ABL8RPS24050_main_369.jpg","contentUrl":"https:\/\/bhimportsexports.com\/wp-content\/uploads\/2025\/10\/ABL8RPS24050_main_369.jpg","width":369,"height":369},{"@type":"BreadcrumbList","@id":"https:\/\/bhimportsexports.com\/hl=pt\/produto\/fonte-de-alimentacao-chaveada-24-vdc-120-w-5-a-100-120-200-500-vac-mono-bifasica-abl8rps24050\/#breadcrumb","itemListElement":[{"@type":"ListItem","position":1,"name":"In\u00edcio","item":"https:\/\/bhimportsexports.com\/hl=pt\/"},{"@type":"ListItem","position":2,"name":"Loja","item":"https:\/\/bhimportsexports.com\/hl=pt\/loja\/"},{"@type":"ListItem","position":3,"name":"Fonte de Alimenta\u00e7\u00e3o Chaveada &#8211; 24 Vdc &#8211; 120 W &#8211; 5 A &#8211; 100\/120 | 200\/500 Vac &#8211; Mono\/Bif\u00e1sica ABL8RPS24050"}]},{"@type":"WebSite","@id":"https:\/\/bhimportsexports.com\/hl=pt\/#website","url":"https:\/\/bhimportsexports.com\/hl=pt\/","name":"BH IMPORTS & EXPORTS","description":"Innovation and excellence in international trade. Import, export, consultancy and sourcing.","publisher":{"@id":"https:\/\/bhimportsexports.com\/hl=pt\/#organization"},"potentialAction":[{"@type":"SearchAction","target":{"@type":"EntryPoint","urlTemplate":"https:\/\/bhimportsexports.com\/hl=pt\/?s={search_term_string}"},"query-input":{"@type":"PropertyValueSpecification","valueRequired":true,"valueName":"search_term_string"}}],"inLanguage":"pt-BR"},{"@type":"Organization","@id":"https:\/\/bhimportsexports.com\/hl=pt\/#organization","name":"BH IMPORTS & EXPORTS","url":"https:\/\/bhimportsexports.com\/hl=pt\/","logo":{"@type":"ImageObject","inLanguage":"pt-BR","@id":"https:\/\/bhimportsexports.com\/hl=pt\/#\/schema\/logo\/image\/","url":"https:\/\/bhimportsexports.com\/wp-content\/uploads\/2024\/09\/BH-IMPORTS.png","contentUrl":"https:\/\/bhimportsexports.com\/wp-content\/uploads\/2024\/09\/BH-IMPORTS.png","width":300,"height":200,"caption":"BH IMPORTS & EXPORTS"},"image":{"@id":"https:\/\/bhimportsexports.com\/hl=pt\/#\/schema\/logo\/image\/"}}]}},"_links":{"self":[{"href":"https:\/\/bhimportsexports.com\/hl=pt\/wp-json\/wp\/v2\/product\/4488","targetHints":{"allow":["GET"]}}],"collection":[{"href":"https:\/\/bhimportsexports.com\/hl=pt\/wp-json\/wp\/v2\/product"}],"about":[{"href":"https:\/\/bhimportsexports.com\/hl=pt\/wp-json\/wp\/v2\/types\/product"}],"replies":[{"embeddable":true,"href":"https:\/\/bhimportsexports.com\/hl=pt\/wp-json\/wp\/v2\/comments?post=4488"}],"wp:featuredmedia":[{"embeddable":true,"href":"https:\/\/bhimportsexports.com\/hl=pt\/wp-json\/wp\/v2\/media\/4489"}],"wp:attachment":[{"href":"https:\/\/bhimportsexports.com\/hl=pt\/wp-json\/wp\/v2\/media?parent=4488"}],"wp:term":[{"taxonomy":"product_brand","embeddable":true,"href":"https:\/\/bhimportsexports.com\/hl=pt\/wp-json\/wp\/v2\/product_brand?post=4488"},{"taxonomy":"product_cat","embeddable":true,"href":"https:\/\/bhimportsexports.com\/hl=pt\/wp-json\/wp\/v2\/product_cat?post=4488"},{"taxonomy":"product_tag","embeddable":true,"href":"https:\/\/bhimportsexports.com\/hl=pt\/wp-json\/wp\/v2\/product_tag?post=4488"}],"curies":[{"name":"wp","href":"https:\/\/api.w.org\/{rel}","templated":true}]}}