{"id":4465,"date":"2025-10-07T14:53:52","date_gmt":"2025-10-07T14:53:52","guid":{"rendered":"https:\/\/bhimportsexports.com\/hl=pt\/?post_type=product&#038;p=4465"},"modified":"2025-10-07T14:53:52","modified_gmt":"2025-10-07T14:53:52","slug":"fotossensor-rightsight-42ef-b1rcbc-a2","status":"publish","type":"product","link":"https:\/\/bhimportsexports.com\/hl=pt\/produto\/fotossensor-rightsight-42ef-b1rcbc-a2\/","title":{"rendered":"Fotossensor RightSight 42EF-B1RCBC-A2"},"content":{"rendered":"<table class=\"ra-product-new__product-table-section\">\n<tbody>\n<tr>\n<th class=\"ra-product-new__product-table-cell\"><span dir=\"auto\">Sensor de largura<\/span><\/th>\n<td class=\"ra-product-new__product-table-cell\"><span dir=\"auto\">27 mil\u00edmetros<\/span><\/td>\n<\/tr>\n<tr>\n<th class=\"ra-product-new__product-table-cell\"><span dir=\"auto\">Dist\u00e2ncia m\u00e1xima de comuta\u00e7\u00e3o<\/span><\/th>\n<td class=\"ra-product-new__product-table-cell\"><span dir=\"auto\">50 mil\u00edmetros<\/span><\/td>\n<\/tr>\n<tr>\n<th class=\"ra-product-new__product-table-cell\"><span dir=\"auto\">Grau de prote\u00e7\u00e3o (IP)<\/span><\/th>\n<td class=\"ra-product-new__product-table-cell\"><span dir=\"auto\">IP67<\/span><\/td>\n<\/tr>\n<tr>\n<th class=\"ra-product-new__product-table-cell\"><span dir=\"auto\">Altura do sensor<\/span><\/th>\n<td class=\"ra-product-new__product-table-cell\"><span dir=\"auto\">69 mil\u00edmetros<\/span><\/td>\n<\/tr>\n<tr>\n<th class=\"ra-product-new__product-table-cell\"><span dir=\"auto\">Comprimento do sensor<\/span><\/th>\n<td class=\"ra-product-new__product-table-cell\"><span dir=\"auto\">34,5 mil\u00edmetros<\/span><\/td>\n<\/tr>\n<tr>\n<th class=\"ra-product-new__product-table-cell\"><span dir=\"auto\">Modo de detec\u00e7\u00e3o<\/span><\/th>\n<td class=\"ra-product-new__product-table-cell\"><span dir=\"auto\">Supress\u00e3o de fundo<\/span><\/td>\n<\/tr>\n<tr>\n<th class=\"ra-product-new__product-table-cell\"><span dir=\"auto\">Tamanho do ponto<\/span><\/th>\n<td class=\"ra-product-new__product-table-cell\"><span dir=\"auto\">17,8 mm a 50 mm, 14,2 mm a 100 mm<\/span><\/td>\n<\/tr>\n<tr>\n<th class=\"ra-product-new__product-table-cell\"><span dir=\"auto\">Tens\u00e3o de opera\u00e7\u00e3o<\/span><\/th>\n<td class=\"ra-product-new__product-table-cell\"><span dir=\"auto\">21,6&#8230;264 V @ CA\/CC<\/span><\/td>\n<\/tr>\n<tr>\n<th class=\"ra-product-new__product-table-cell\"><span dir=\"auto\">Choque<\/span><\/th>\n<td class=\"ra-product-new__product-table-cell\"><span dir=\"auto\">30 G com dura\u00e7\u00e3o de pulso de 1 ms, atende ou excede IEC 60947-5-2<\/span><\/td>\n<\/tr>\n<tr>\n<th class=\"ra-product-new__product-table-cell\"><span dir=\"auto\">Vibra\u00e7\u00e3o<\/span><\/th>\n<td class=\"ra-product-new__product-table-cell\"><span dir=\"auto\">10&#8230;55 Hz, altitude de 1 mm, atende ou excede IEC 60947-5-2<\/span><\/td>\n<\/tr>\n<tr>\n<th class=\"ra-product-new__product-table-cell\"><span dir=\"auto\">N\u00famero AWG<\/span><\/th>\n<td class=\"ra-product-new__product-table-cell\"><span dir=\"auto\">22 AWG<\/span><\/td>\n<\/tr>\n<tr>\n<th class=\"ra-product-new__product-table-cell\"><span dir=\"auto\">Com refletor<\/span><\/th>\n<td class=\"ra-product-new__product-table-cell\"><span dir=\"auto\">Falso<\/span><\/td>\n<\/tr>\n<tr>\n<th class=\"ra-product-new__product-table-cell\"><span dir=\"auto\">Grau de prote\u00e7\u00e3o (NEMA)<\/span><\/th>\n<td class=\"ra-product-new__product-table-cell\"><span dir=\"auto\">6P<\/span><\/td>\n<\/tr>\n<tr>\n<th class=\"ra-product-new__product-table-cell\"><span dir=\"auto\">Designador de dist\u00e2ncia de detec\u00e7\u00e3o<\/span><\/th>\n<td class=\"ra-product-new__product-table-cell\"><span dir=\"auto\">A definir<\/span><\/td>\n<\/tr>\n<tr>\n<th class=\"ra-product-new__product-table-cell\"><span dir=\"auto\">Lista de graus de prote\u00e7\u00e3o (NEMA)<\/span><\/th>\n<td class=\"ra-product-new__product-table-cell\"><span dir=\"auto\">6P, 4X<\/span><\/td>\n<\/tr>\n<tr>\n<th class=\"ra-product-new__product-table-cell\"><span dir=\"auto\">Lista de graus de prote\u00e7\u00e3o (IP)<\/span><\/th>\n<td class=\"ra-product-new__product-table-cell\"><span dir=\"auto\">IP67 (IEC 529), lavagem de 1200 psi (8270 kPa)<\/span><\/td>\n<\/tr>\n<\/tbody>\n<\/table>\n","protected":false},"excerpt":{"rendered":"<p>PRE\u00c7O SOB CONSULTA<\/p>\n","protected":false},"featured_media":4466,"comment_status":"open","ping_status":"closed","template":"","meta":[],"product_brand":[],"product_cat":[1115],"product_tag":[],"class_list":{"0":"post-4465","1":"product","2":"type-product","3":"status-publish","4":"has-post-thumbnail","6":"product_cat-sensor","8":"first","9":"onbackorder","10":"shipping-taxable","11":"product-type-simple"},"yoast_head":"<!-- This site is optimized with the Yoast SEO plugin v27.4 - https:\/\/yoast.com\/product\/yoast-seo-wordpress\/ -->\n<title>Fotossensor RightSight 42EF-B1RCBC-A2 - BH IMPORTS &amp; EXPORTS<\/title>\n<meta name=\"robots\" content=\"index, follow, max-snippet:-1, max-image-preview:large, max-video-preview:-1\" \/>\n<link rel=\"canonical\" href=\"https:\/\/bhimportsexports.com\/hl=pt\/produto\/fotossensor-rightsight-42ef-b1rcbc-a2\/\" \/>\n<meta property=\"og:locale\" content=\"pt_BR\" \/>\n<meta property=\"og:type\" content=\"article\" \/>\n<meta property=\"og:title\" content=\"Fotossensor RightSight 42EF-B1RCBC-A2 - BH IMPORTS &amp; EXPORTS\" \/>\n<meta property=\"og:description\" content=\"PRE\u00c7O SOB CONSULTA\" \/>\n<meta property=\"og:url\" content=\"https:\/\/bhimportsexports.com\/hl=pt\/produto\/fotossensor-rightsight-42ef-b1rcbc-a2\/\" \/>\n<meta property=\"og:site_name\" content=\"BH IMPORTS &amp; EXPORTS\" \/>\n<meta property=\"og:image\" content=\"https:\/\/bhimportsexports.com\/wp-content\/uploads\/2025\/10\/42EF-E1EZB-A6_1000x1000.jpg\" \/>\n\t<meta property=\"og:image:width\" content=\"1000\" \/>\n\t<meta property=\"og:image:height\" content=\"1000\" \/>\n\t<meta property=\"og:image:type\" content=\"image\/jpeg\" \/>\n<meta name=\"twitter:card\" content=\"summary_large_image\" \/>\n<meta name=\"twitter:label1\" content=\"Est. tempo de leitura\" \/>\n\t<meta name=\"twitter:data1\" content=\"1 minuto\" \/>\n<script type=\"application\/ld+json\" class=\"yoast-schema-graph\">{\"@context\":\"https:\\\/\\\/schema.org\",\"@graph\":[{\"@type\":\"WebPage\",\"@id\":\"https:\\\/\\\/bhimportsexports.com\\\/hl=pt\\\/produto\\\/fotossensor-rightsight-42ef-b1rcbc-a2\\\/\",\"url\":\"https:\\\/\\\/bhimportsexports.com\\\/hl=pt\\\/produto\\\/fotossensor-rightsight-42ef-b1rcbc-a2\\\/\",\"name\":\"Fotossensor RightSight 42EF-B1RCBC-A2 - BH IMPORTS &amp; EXPORTS\",\"isPartOf\":{\"@id\":\"https:\\\/\\\/bhimportsexports.com\\\/hl=pt\\\/#website\"},\"primaryImageOfPage\":{\"@id\":\"https:\\\/\\\/bhimportsexports.com\\\/hl=pt\\\/produto\\\/fotossensor-rightsight-42ef-b1rcbc-a2\\\/#primaryimage\"},\"image\":{\"@id\":\"https:\\\/\\\/bhimportsexports.com\\\/hl=pt\\\/produto\\\/fotossensor-rightsight-42ef-b1rcbc-a2\\\/#primaryimage\"},\"thumbnailUrl\":\"https:\\\/\\\/bhimportsexports.com\\\/wp-content\\\/uploads\\\/2025\\\/10\\\/42EF-E1EZB-A6_1000x1000.jpg\",\"datePublished\":\"2025-10-07T14:53:52+00:00\",\"breadcrumb\":{\"@id\":\"https:\\\/\\\/bhimportsexports.com\\\/hl=pt\\\/produto\\\/fotossensor-rightsight-42ef-b1rcbc-a2\\\/#breadcrumb\"},\"inLanguage\":\"pt-BR\",\"potentialAction\":[{\"@type\":\"ReadAction\",\"target\":[\"https:\\\/\\\/bhimportsexports.com\\\/hl=pt\\\/produto\\\/fotossensor-rightsight-42ef-b1rcbc-a2\\\/\"]}]},{\"@type\":\"ImageObject\",\"inLanguage\":\"pt-BR\",\"@id\":\"https:\\\/\\\/bhimportsexports.com\\\/hl=pt\\\/produto\\\/fotossensor-rightsight-42ef-b1rcbc-a2\\\/#primaryimage\",\"url\":\"https:\\\/\\\/bhimportsexports.com\\\/wp-content\\\/uploads\\\/2025\\\/10\\\/42EF-E1EZB-A6_1000x1000.jpg\",\"contentUrl\":\"https:\\\/\\\/bhimportsexports.com\\\/wp-content\\\/uploads\\\/2025\\\/10\\\/42EF-E1EZB-A6_1000x1000.jpg\",\"width\":1000,\"height\":1000},{\"@type\":\"BreadcrumbList\",\"@id\":\"https:\\\/\\\/bhimportsexports.com\\\/hl=pt\\\/produto\\\/fotossensor-rightsight-42ef-b1rcbc-a2\\\/#breadcrumb\",\"itemListElement\":[{\"@type\":\"ListItem\",\"position\":1,\"name\":\"In\u00edcio\",\"item\":\"https:\\\/\\\/bhimportsexports.com\\\/hl=pt\\\/\"},{\"@type\":\"ListItem\",\"position\":2,\"name\":\"Loja\",\"item\":\"https:\\\/\\\/bhimportsexports.com\\\/hl=pt\\\/loja\\\/\"},{\"@type\":\"ListItem\",\"position\":3,\"name\":\"Fotossensor RightSight 42EF-B1RCBC-A2\"}]},{\"@type\":\"WebSite\",\"@id\":\"https:\\\/\\\/bhimportsexports.com\\\/hl=pt\\\/#website\",\"url\":\"https:\\\/\\\/bhimportsexports.com\\\/hl=pt\\\/\",\"name\":\"BH IMPORTS & EXPORTS\",\"description\":\"Innovation and excellence in international trade. Import, export, consultancy and sourcing.\",\"publisher\":{\"@id\":\"https:\\\/\\\/bhimportsexports.com\\\/hl=pt\\\/#organization\"},\"potentialAction\":[{\"@type\":\"SearchAction\",\"target\":{\"@type\":\"EntryPoint\",\"urlTemplate\":\"https:\\\/\\\/bhimportsexports.com\\\/hl=pt\\\/?s={search_term_string}\"},\"query-input\":{\"@type\":\"PropertyValueSpecification\",\"valueRequired\":true,\"valueName\":\"search_term_string\"}}],\"inLanguage\":\"pt-BR\"},{\"@type\":\"Organization\",\"@id\":\"https:\\\/\\\/bhimportsexports.com\\\/hl=pt\\\/#organization\",\"name\":\"BH IMPORTS & EXPORTS\",\"url\":\"https:\\\/\\\/bhimportsexports.com\\\/hl=pt\\\/\",\"logo\":{\"@type\":\"ImageObject\",\"inLanguage\":\"pt-BR\",\"@id\":\"https:\\\/\\\/bhimportsexports.com\\\/hl=pt\\\/#\\\/schema\\\/logo\\\/image\\\/\",\"url\":\"https:\\\/\\\/bhimportsexports.com\\\/wp-content\\\/uploads\\\/2024\\\/09\\\/BH-IMPORTS.png\",\"contentUrl\":\"https:\\\/\\\/bhimportsexports.com\\\/wp-content\\\/uploads\\\/2024\\\/09\\\/BH-IMPORTS.png\",\"width\":300,\"height\":200,\"caption\":\"BH IMPORTS & EXPORTS\"},\"image\":{\"@id\":\"https:\\\/\\\/bhimportsexports.com\\\/hl=pt\\\/#\\\/schema\\\/logo\\\/image\\\/\"}}]}<\/script>\n<!-- \/ Yoast SEO plugin. -->","yoast_head_json":{"title":"Fotossensor RightSight 42EF-B1RCBC-A2 - BH IMPORTS &amp; EXPORTS","robots":{"index":"index","follow":"follow","max-snippet":"max-snippet:-1","max-image-preview":"max-image-preview:large","max-video-preview":"max-video-preview:-1"},"canonical":"https:\/\/bhimportsexports.com\/hl=pt\/produto\/fotossensor-rightsight-42ef-b1rcbc-a2\/","og_locale":"pt_BR","og_type":"article","og_title":"Fotossensor RightSight 42EF-B1RCBC-A2 - BH IMPORTS &amp; EXPORTS","og_description":"PRE\u00c7O SOB CONSULTA","og_url":"https:\/\/bhimportsexports.com\/hl=pt\/produto\/fotossensor-rightsight-42ef-b1rcbc-a2\/","og_site_name":"BH IMPORTS &amp; EXPORTS","og_image":[{"width":1000,"height":1000,"url":"https:\/\/bhimportsexports.com\/wp-content\/uploads\/2025\/10\/42EF-E1EZB-A6_1000x1000.jpg","type":"image\/jpeg"}],"twitter_card":"summary_large_image","twitter_misc":{"Est. tempo de leitura":"1 minuto"},"schema":{"@context":"https:\/\/schema.org","@graph":[{"@type":"WebPage","@id":"https:\/\/bhimportsexports.com\/hl=pt\/produto\/fotossensor-rightsight-42ef-b1rcbc-a2\/","url":"https:\/\/bhimportsexports.com\/hl=pt\/produto\/fotossensor-rightsight-42ef-b1rcbc-a2\/","name":"Fotossensor RightSight 42EF-B1RCBC-A2 - BH IMPORTS &amp; EXPORTS","isPartOf":{"@id":"https:\/\/bhimportsexports.com\/hl=pt\/#website"},"primaryImageOfPage":{"@id":"https:\/\/bhimportsexports.com\/hl=pt\/produto\/fotossensor-rightsight-42ef-b1rcbc-a2\/#primaryimage"},"image":{"@id":"https:\/\/bhimportsexports.com\/hl=pt\/produto\/fotossensor-rightsight-42ef-b1rcbc-a2\/#primaryimage"},"thumbnailUrl":"https:\/\/bhimportsexports.com\/wp-content\/uploads\/2025\/10\/42EF-E1EZB-A6_1000x1000.jpg","datePublished":"2025-10-07T14:53:52+00:00","breadcrumb":{"@id":"https:\/\/bhimportsexports.com\/hl=pt\/produto\/fotossensor-rightsight-42ef-b1rcbc-a2\/#breadcrumb"},"inLanguage":"pt-BR","potentialAction":[{"@type":"ReadAction","target":["https:\/\/bhimportsexports.com\/hl=pt\/produto\/fotossensor-rightsight-42ef-b1rcbc-a2\/"]}]},{"@type":"ImageObject","inLanguage":"pt-BR","@id":"https:\/\/bhimportsexports.com\/hl=pt\/produto\/fotossensor-rightsight-42ef-b1rcbc-a2\/#primaryimage","url":"https:\/\/bhimportsexports.com\/wp-content\/uploads\/2025\/10\/42EF-E1EZB-A6_1000x1000.jpg","contentUrl":"https:\/\/bhimportsexports.com\/wp-content\/uploads\/2025\/10\/42EF-E1EZB-A6_1000x1000.jpg","width":1000,"height":1000},{"@type":"BreadcrumbList","@id":"https:\/\/bhimportsexports.com\/hl=pt\/produto\/fotossensor-rightsight-42ef-b1rcbc-a2\/#breadcrumb","itemListElement":[{"@type":"ListItem","position":1,"name":"In\u00edcio","item":"https:\/\/bhimportsexports.com\/hl=pt\/"},{"@type":"ListItem","position":2,"name":"Loja","item":"https:\/\/bhimportsexports.com\/hl=pt\/loja\/"},{"@type":"ListItem","position":3,"name":"Fotossensor RightSight 42EF-B1RCBC-A2"}]},{"@type":"WebSite","@id":"https:\/\/bhimportsexports.com\/hl=pt\/#website","url":"https:\/\/bhimportsexports.com\/hl=pt\/","name":"BH IMPORTS & EXPORTS","description":"Innovation and excellence in international trade. Import, export, consultancy and sourcing.","publisher":{"@id":"https:\/\/bhimportsexports.com\/hl=pt\/#organization"},"potentialAction":[{"@type":"SearchAction","target":{"@type":"EntryPoint","urlTemplate":"https:\/\/bhimportsexports.com\/hl=pt\/?s={search_term_string}"},"query-input":{"@type":"PropertyValueSpecification","valueRequired":true,"valueName":"search_term_string"}}],"inLanguage":"pt-BR"},{"@type":"Organization","@id":"https:\/\/bhimportsexports.com\/hl=pt\/#organization","name":"BH IMPORTS & EXPORTS","url":"https:\/\/bhimportsexports.com\/hl=pt\/","logo":{"@type":"ImageObject","inLanguage":"pt-BR","@id":"https:\/\/bhimportsexports.com\/hl=pt\/#\/schema\/logo\/image\/","url":"https:\/\/bhimportsexports.com\/wp-content\/uploads\/2024\/09\/BH-IMPORTS.png","contentUrl":"https:\/\/bhimportsexports.com\/wp-content\/uploads\/2024\/09\/BH-IMPORTS.png","width":300,"height":200,"caption":"BH IMPORTS & EXPORTS"},"image":{"@id":"https:\/\/bhimportsexports.com\/hl=pt\/#\/schema\/logo\/image\/"}}]}},"_links":{"self":[{"href":"https:\/\/bhimportsexports.com\/hl=pt\/wp-json\/wp\/v2\/product\/4465","targetHints":{"allow":["GET"]}}],"collection":[{"href":"https:\/\/bhimportsexports.com\/hl=pt\/wp-json\/wp\/v2\/product"}],"about":[{"href":"https:\/\/bhimportsexports.com\/hl=pt\/wp-json\/wp\/v2\/types\/product"}],"replies":[{"embeddable":true,"href":"https:\/\/bhimportsexports.com\/hl=pt\/wp-json\/wp\/v2\/comments?post=4465"}],"wp:featuredmedia":[{"embeddable":true,"href":"https:\/\/bhimportsexports.com\/hl=pt\/wp-json\/wp\/v2\/media\/4466"}],"wp:attachment":[{"href":"https:\/\/bhimportsexports.com\/hl=pt\/wp-json\/wp\/v2\/media?parent=4465"}],"wp:term":[{"taxonomy":"product_brand","embeddable":true,"href":"https:\/\/bhimportsexports.com\/hl=pt\/wp-json\/wp\/v2\/product_brand?post=4465"},{"taxonomy":"product_cat","embeddable":true,"href":"https:\/\/bhimportsexports.com\/hl=pt\/wp-json\/wp\/v2\/product_cat?post=4465"},{"taxonomy":"product_tag","embeddable":true,"href":"https:\/\/bhimportsexports.com\/hl=pt\/wp-json\/wp\/v2\/product_tag?post=4465"}],"curies":[{"name":"wp","href":"https:\/\/api.w.org\/{rel}","templated":true}]}}