{"id":4448,"date":"2025-10-06T20:45:32","date_gmt":"2025-10-06T20:45:32","guid":{"rendered":"https:\/\/bhimportsexports.com\/hl=pt\/?post_type=product&#038;p=4448"},"modified":"2025-10-06T20:45:32","modified_gmt":"2025-10-06T20:45:32","slug":"rele-de-temporizacao-de-base-de-tubo-700-ht12au120","status":"publish","type":"product","link":"https:\/\/bhimportsexports.com\/hl=pt\/produto\/rele-de-temporizacao-de-base-de-tubo-700-ht12au120\/","title":{"rendered":"Rel\u00e9 de temporiza\u00e7\u00e3o de base de tubo 700-HT12AU120"},"content":{"rendered":"<table class=\"ra-product-new__product-table-section\">\n<tbody>\n<tr>\n<th class=\"ra-product-new__product-table-cell\"><span dir=\"auto\">N\u00famero de sa\u00eddas, atraso, contato de comuta\u00e7\u00e3o<\/span><\/th>\n<td class=\"ra-product-new__product-table-cell\"><span dir=\"auto\">2<\/span><\/td>\n<\/tr>\n<tr>\n<th class=\"ra-product-new__product-table-cell\"><span dir=\"auto\">Tipo de tens\u00e3o para atua\u00e7\u00e3o<\/span><\/th>\n<td class=\"ra-product-new__product-table-cell\"><span dir=\"auto\">CA\/CC<\/span><\/td>\n<\/tr>\n<tr>\n<th class=\"ra-product-new__product-table-cell\"><span dir=\"auto\">Tens\u00e3o de alimenta\u00e7\u00e3o de controle nominal em CA 50 Hz<\/span><\/th>\n<td class=\"ra-product-new__product-table-cell\"><span dir=\"auto\">120V<\/span><\/td>\n<\/tr>\n<tr>\n<th class=\"ra-product-new__product-table-cell\"><span dir=\"auto\">Tens\u00e3o de alimenta\u00e7\u00e3o de controle nominal em CA 60 Hz<\/span><\/th>\n<td class=\"ra-product-new__product-table-cell\"><span dir=\"auto\">120V<\/span><\/td>\n<\/tr>\n<tr>\n<th class=\"ra-product-new__product-table-cell\"><span dir=\"auto\">Tens\u00e3o de alimenta\u00e7\u00e3o de controle nominal em CC<\/span><\/th>\n<td class=\"ra-product-new__product-table-cell\"><span dir=\"auto\">120V<\/span><\/td>\n<\/tr>\n<tr>\n<th class=\"ra-product-new__product-table-cell\"><span dir=\"auto\">Tipo de conex\u00e3o el\u00e9trica<\/span><\/th>\n<td class=\"ra-product-new__product-table-cell\"><span dir=\"auto\">Conex\u00e3o plug-in<\/span><\/td>\n<\/tr>\n<tr>\n<th class=\"ra-product-new__product-table-cell\"><span dir=\"auto\">Consumo de energia<\/span><\/th>\n<td class=\"ra-product-new__product-table-cell\"><span dir=\"auto\">4 \u00b110%VA @ 120 V CA<\/span><\/td>\n<\/tr>\n<tr>\n<th class=\"ra-product-new__product-table-cell\"><span dir=\"auto\">Ciclo de vida el\u00e9trico<\/span><\/th>\n<td class=\"ra-product-new__product-table-cell\"><span dir=\"auto\">100000 m\u00edni<\/span><\/td>\n<\/tr>\n<\/tbody>\n<\/table>\n","protected":false},"excerpt":{"rendered":"<p>PRE\u00c7O SOB CONSULTA<\/p>\n","protected":false},"featured_media":4449,"comment_status":"open","ping_status":"closed","template":"","meta":[],"product_brand":[],"product_cat":[1085,1086],"product_tag":[],"class_list":{"0":"post-4448","1":"product","2":"type-product","3":"status-publish","4":"has-post-thumbnail","6":"product_cat-relay","7":"product_cat-rele","9":"first","10":"onbackorder","11":"shipping-taxable","12":"product-type-simple"},"yoast_head":"<!-- This site is optimized with the Yoast SEO plugin v27.4 - https:\/\/yoast.com\/product\/yoast-seo-wordpress\/ -->\n<title>Rel\u00e9 de temporiza\u00e7\u00e3o de base de tubo 700-HT12AU120 - BH IMPORTS &amp; EXPORTS<\/title>\n<meta name=\"robots\" content=\"index, follow, max-snippet:-1, max-image-preview:large, max-video-preview:-1\" \/>\n<link rel=\"canonical\" href=\"https:\/\/bhimportsexports.com\/hl=pt\/produto\/rele-de-temporizacao-de-base-de-tubo-700-ht12au120\/\" \/>\n<meta property=\"og:locale\" content=\"pt_BR\" \/>\n<meta property=\"og:type\" content=\"article\" \/>\n<meta property=\"og:title\" content=\"Rel\u00e9 de temporiza\u00e7\u00e3o de base de tubo 700-HT12AU120 - BH IMPORTS &amp; EXPORTS\" \/>\n<meta property=\"og:description\" content=\"PRE\u00c7O SOB CONSULTA\" \/>\n<meta property=\"og:url\" content=\"https:\/\/bhimportsexports.com\/hl=pt\/produto\/rele-de-temporizacao-de-base-de-tubo-700-ht12au120\/\" \/>\n<meta property=\"og:site_name\" content=\"BH IMPORTS &amp; EXPORTS\" \/>\n<meta property=\"og:image\" content=\"https:\/\/bhimportsexports.com\/wp-content\/uploads\/2025\/10\/700-HT12AU12_1000x1000.jpg\" \/>\n\t<meta property=\"og:image:width\" content=\"1000\" \/>\n\t<meta property=\"og:image:height\" content=\"1000\" \/>\n\t<meta property=\"og:image:type\" content=\"image\/jpeg\" \/>\n<meta name=\"twitter:card\" content=\"summary_large_image\" \/>\n<script type=\"application\/ld+json\" class=\"yoast-schema-graph\">{\"@context\":\"https:\\\/\\\/schema.org\",\"@graph\":[{\"@type\":\"WebPage\",\"@id\":\"https:\\\/\\\/bhimportsexports.com\\\/hl=pt\\\/produto\\\/rele-de-temporizacao-de-base-de-tubo-700-ht12au120\\\/\",\"url\":\"https:\\\/\\\/bhimportsexports.com\\\/hl=pt\\\/produto\\\/rele-de-temporizacao-de-base-de-tubo-700-ht12au120\\\/\",\"name\":\"Rel\u00e9 de temporiza\u00e7\u00e3o de base de tubo 700-HT12AU120 - BH IMPORTS &amp; EXPORTS\",\"isPartOf\":{\"@id\":\"https:\\\/\\\/bhimportsexports.com\\\/hl=pt\\\/#website\"},\"primaryImageOfPage\":{\"@id\":\"https:\\\/\\\/bhimportsexports.com\\\/hl=pt\\\/produto\\\/rele-de-temporizacao-de-base-de-tubo-700-ht12au120\\\/#primaryimage\"},\"image\":{\"@id\":\"https:\\\/\\\/bhimportsexports.com\\\/hl=pt\\\/produto\\\/rele-de-temporizacao-de-base-de-tubo-700-ht12au120\\\/#primaryimage\"},\"thumbnailUrl\":\"https:\\\/\\\/bhimportsexports.com\\\/wp-content\\\/uploads\\\/2025\\\/10\\\/700-HT12AU12_1000x1000.jpg\",\"datePublished\":\"2025-10-06T20:45:32+00:00\",\"breadcrumb\":{\"@id\":\"https:\\\/\\\/bhimportsexports.com\\\/hl=pt\\\/produto\\\/rele-de-temporizacao-de-base-de-tubo-700-ht12au120\\\/#breadcrumb\"},\"inLanguage\":\"pt-BR\",\"potentialAction\":[{\"@type\":\"ReadAction\",\"target\":[\"https:\\\/\\\/bhimportsexports.com\\\/hl=pt\\\/produto\\\/rele-de-temporizacao-de-base-de-tubo-700-ht12au120\\\/\"]}]},{\"@type\":\"ImageObject\",\"inLanguage\":\"pt-BR\",\"@id\":\"https:\\\/\\\/bhimportsexports.com\\\/hl=pt\\\/produto\\\/rele-de-temporizacao-de-base-de-tubo-700-ht12au120\\\/#primaryimage\",\"url\":\"https:\\\/\\\/bhimportsexports.com\\\/wp-content\\\/uploads\\\/2025\\\/10\\\/700-HT12AU12_1000x1000.jpg\",\"contentUrl\":\"https:\\\/\\\/bhimportsexports.com\\\/wp-content\\\/uploads\\\/2025\\\/10\\\/700-HT12AU12_1000x1000.jpg\",\"width\":1000,\"height\":1000},{\"@type\":\"BreadcrumbList\",\"@id\":\"https:\\\/\\\/bhimportsexports.com\\\/hl=pt\\\/produto\\\/rele-de-temporizacao-de-base-de-tubo-700-ht12au120\\\/#breadcrumb\",\"itemListElement\":[{\"@type\":\"ListItem\",\"position\":1,\"name\":\"In\u00edcio\",\"item\":\"https:\\\/\\\/bhimportsexports.com\\\/hl=pt\\\/\"},{\"@type\":\"ListItem\",\"position\":2,\"name\":\"Loja\",\"item\":\"https:\\\/\\\/bhimportsexports.com\\\/hl=pt\\\/loja\\\/\"},{\"@type\":\"ListItem\",\"position\":3,\"name\":\"Rel\u00e9 de temporiza\u00e7\u00e3o de base de tubo 700-HT12AU120\"}]},{\"@type\":\"WebSite\",\"@id\":\"https:\\\/\\\/bhimportsexports.com\\\/hl=pt\\\/#website\",\"url\":\"https:\\\/\\\/bhimportsexports.com\\\/hl=pt\\\/\",\"name\":\"BH IMPORTS & EXPORTS\",\"description\":\"Innovation and excellence in international trade. Import, export, consultancy and sourcing.\",\"publisher\":{\"@id\":\"https:\\\/\\\/bhimportsexports.com\\\/hl=pt\\\/#organization\"},\"potentialAction\":[{\"@type\":\"SearchAction\",\"target\":{\"@type\":\"EntryPoint\",\"urlTemplate\":\"https:\\\/\\\/bhimportsexports.com\\\/hl=pt\\\/?s={search_term_string}\"},\"query-input\":{\"@type\":\"PropertyValueSpecification\",\"valueRequired\":true,\"valueName\":\"search_term_string\"}}],\"inLanguage\":\"pt-BR\"},{\"@type\":\"Organization\",\"@id\":\"https:\\\/\\\/bhimportsexports.com\\\/hl=pt\\\/#organization\",\"name\":\"BH IMPORTS & EXPORTS\",\"url\":\"https:\\\/\\\/bhimportsexports.com\\\/hl=pt\\\/\",\"logo\":{\"@type\":\"ImageObject\",\"inLanguage\":\"pt-BR\",\"@id\":\"https:\\\/\\\/bhimportsexports.com\\\/hl=pt\\\/#\\\/schema\\\/logo\\\/image\\\/\",\"url\":\"https:\\\/\\\/bhimportsexports.com\\\/wp-content\\\/uploads\\\/2024\\\/09\\\/BH-IMPORTS.png\",\"contentUrl\":\"https:\\\/\\\/bhimportsexports.com\\\/wp-content\\\/uploads\\\/2024\\\/09\\\/BH-IMPORTS.png\",\"width\":300,\"height\":200,\"caption\":\"BH IMPORTS & EXPORTS\"},\"image\":{\"@id\":\"https:\\\/\\\/bhimportsexports.com\\\/hl=pt\\\/#\\\/schema\\\/logo\\\/image\\\/\"}}]}<\/script>\n<!-- \/ Yoast SEO plugin. -->","yoast_head_json":{"title":"Rel\u00e9 de temporiza\u00e7\u00e3o de base de tubo 700-HT12AU120 - BH IMPORTS &amp; EXPORTS","robots":{"index":"index","follow":"follow","max-snippet":"max-snippet:-1","max-image-preview":"max-image-preview:large","max-video-preview":"max-video-preview:-1"},"canonical":"https:\/\/bhimportsexports.com\/hl=pt\/produto\/rele-de-temporizacao-de-base-de-tubo-700-ht12au120\/","og_locale":"pt_BR","og_type":"article","og_title":"Rel\u00e9 de temporiza\u00e7\u00e3o de base de tubo 700-HT12AU120 - BH IMPORTS &amp; EXPORTS","og_description":"PRE\u00c7O SOB CONSULTA","og_url":"https:\/\/bhimportsexports.com\/hl=pt\/produto\/rele-de-temporizacao-de-base-de-tubo-700-ht12au120\/","og_site_name":"BH IMPORTS &amp; EXPORTS","og_image":[{"width":1000,"height":1000,"url":"https:\/\/bhimportsexports.com\/wp-content\/uploads\/2025\/10\/700-HT12AU12_1000x1000.jpg","type":"image\/jpeg"}],"twitter_card":"summary_large_image","schema":{"@context":"https:\/\/schema.org","@graph":[{"@type":"WebPage","@id":"https:\/\/bhimportsexports.com\/hl=pt\/produto\/rele-de-temporizacao-de-base-de-tubo-700-ht12au120\/","url":"https:\/\/bhimportsexports.com\/hl=pt\/produto\/rele-de-temporizacao-de-base-de-tubo-700-ht12au120\/","name":"Rel\u00e9 de temporiza\u00e7\u00e3o de base de tubo 700-HT12AU120 - BH IMPORTS &amp; EXPORTS","isPartOf":{"@id":"https:\/\/bhimportsexports.com\/hl=pt\/#website"},"primaryImageOfPage":{"@id":"https:\/\/bhimportsexports.com\/hl=pt\/produto\/rele-de-temporizacao-de-base-de-tubo-700-ht12au120\/#primaryimage"},"image":{"@id":"https:\/\/bhimportsexports.com\/hl=pt\/produto\/rele-de-temporizacao-de-base-de-tubo-700-ht12au120\/#primaryimage"},"thumbnailUrl":"https:\/\/bhimportsexports.com\/wp-content\/uploads\/2025\/10\/700-HT12AU12_1000x1000.jpg","datePublished":"2025-10-06T20:45:32+00:00","breadcrumb":{"@id":"https:\/\/bhimportsexports.com\/hl=pt\/produto\/rele-de-temporizacao-de-base-de-tubo-700-ht12au120\/#breadcrumb"},"inLanguage":"pt-BR","potentialAction":[{"@type":"ReadAction","target":["https:\/\/bhimportsexports.com\/hl=pt\/produto\/rele-de-temporizacao-de-base-de-tubo-700-ht12au120\/"]}]},{"@type":"ImageObject","inLanguage":"pt-BR","@id":"https:\/\/bhimportsexports.com\/hl=pt\/produto\/rele-de-temporizacao-de-base-de-tubo-700-ht12au120\/#primaryimage","url":"https:\/\/bhimportsexports.com\/wp-content\/uploads\/2025\/10\/700-HT12AU12_1000x1000.jpg","contentUrl":"https:\/\/bhimportsexports.com\/wp-content\/uploads\/2025\/10\/700-HT12AU12_1000x1000.jpg","width":1000,"height":1000},{"@type":"BreadcrumbList","@id":"https:\/\/bhimportsexports.com\/hl=pt\/produto\/rele-de-temporizacao-de-base-de-tubo-700-ht12au120\/#breadcrumb","itemListElement":[{"@type":"ListItem","position":1,"name":"In\u00edcio","item":"https:\/\/bhimportsexports.com\/hl=pt\/"},{"@type":"ListItem","position":2,"name":"Loja","item":"https:\/\/bhimportsexports.com\/hl=pt\/loja\/"},{"@type":"ListItem","position":3,"name":"Rel\u00e9 de temporiza\u00e7\u00e3o de base de tubo 700-HT12AU120"}]},{"@type":"WebSite","@id":"https:\/\/bhimportsexports.com\/hl=pt\/#website","url":"https:\/\/bhimportsexports.com\/hl=pt\/","name":"BH IMPORTS & EXPORTS","description":"Innovation and excellence in international trade. Import, export, consultancy and sourcing.","publisher":{"@id":"https:\/\/bhimportsexports.com\/hl=pt\/#organization"},"potentialAction":[{"@type":"SearchAction","target":{"@type":"EntryPoint","urlTemplate":"https:\/\/bhimportsexports.com\/hl=pt\/?s={search_term_string}"},"query-input":{"@type":"PropertyValueSpecification","valueRequired":true,"valueName":"search_term_string"}}],"inLanguage":"pt-BR"},{"@type":"Organization","@id":"https:\/\/bhimportsexports.com\/hl=pt\/#organization","name":"BH IMPORTS & EXPORTS","url":"https:\/\/bhimportsexports.com\/hl=pt\/","logo":{"@type":"ImageObject","inLanguage":"pt-BR","@id":"https:\/\/bhimportsexports.com\/hl=pt\/#\/schema\/logo\/image\/","url":"https:\/\/bhimportsexports.com\/wp-content\/uploads\/2024\/09\/BH-IMPORTS.png","contentUrl":"https:\/\/bhimportsexports.com\/wp-content\/uploads\/2024\/09\/BH-IMPORTS.png","width":300,"height":200,"caption":"BH IMPORTS & EXPORTS"},"image":{"@id":"https:\/\/bhimportsexports.com\/hl=pt\/#\/schema\/logo\/image\/"}}]}},"_links":{"self":[{"href":"https:\/\/bhimportsexports.com\/hl=pt\/wp-json\/wp\/v2\/product\/4448","targetHints":{"allow":["GET"]}}],"collection":[{"href":"https:\/\/bhimportsexports.com\/hl=pt\/wp-json\/wp\/v2\/product"}],"about":[{"href":"https:\/\/bhimportsexports.com\/hl=pt\/wp-json\/wp\/v2\/types\/product"}],"replies":[{"embeddable":true,"href":"https:\/\/bhimportsexports.com\/hl=pt\/wp-json\/wp\/v2\/comments?post=4448"}],"wp:featuredmedia":[{"embeddable":true,"href":"https:\/\/bhimportsexports.com\/hl=pt\/wp-json\/wp\/v2\/media\/4449"}],"wp:attachment":[{"href":"https:\/\/bhimportsexports.com\/hl=pt\/wp-json\/wp\/v2\/media?parent=4448"}],"wp:term":[{"taxonomy":"product_brand","embeddable":true,"href":"https:\/\/bhimportsexports.com\/hl=pt\/wp-json\/wp\/v2\/product_brand?post=4448"},{"taxonomy":"product_cat","embeddable":true,"href":"https:\/\/bhimportsexports.com\/hl=pt\/wp-json\/wp\/v2\/product_cat?post=4448"},{"taxonomy":"product_tag","embeddable":true,"href":"https:\/\/bhimportsexports.com\/hl=pt\/wp-json\/wp\/v2\/product_tag?post=4448"}],"curies":[{"name":"wp","href":"https:\/\/api.w.org\/{rel}","templated":true}]}}