{"id":4441,"date":"2025-10-06T05:07:26","date_gmt":"2025-10-06T05:07:26","guid":{"rendered":"https:\/\/bhimportsexports.com\/hl=pt\/?post_type=product&#038;p=4441"},"modified":"2025-10-06T05:07:26","modified_gmt":"2025-10-06T05:07:26","slug":"rele-de-tempo-digital-com-display-lcd-100-240-v-700-hx86sa17","status":"publish","type":"product","link":"https:\/\/bhimportsexports.com\/hl=pt\/produto\/rele-de-tempo-digital-com-display-lcd-100-240-v-700-hx86sa17\/","title":{"rendered":"Rel\u00e9 de tempo digital com display LCD 100-240 V 700-HX86SA17"},"content":{"rendered":"<table class=\"ra-product-new__product-table-section\">\n<tbody>\n<tr>\n<th class=\"ra-product-new__product-table-cell\"><span dir=\"auto\">Corrente nominal<\/span><\/th>\n<td class=\"ra-product-new__product-table-cell\"><span dir=\"auto\">5 A<\/span><\/td>\n<\/tr>\n<tr>\n<th class=\"ra-product-new__product-table-cell\"><span dir=\"auto\">Adequado para montagem em trilho DIN (trilho de chap\u00e9u superior)<\/span><\/th>\n<td class=\"ra-product-new__product-table-cell\"><span dir=\"auto\">Falso<\/span><\/td>\n<\/tr>\n<tr>\n<th class=\"ra-product-new__product-table-cell\"><span dir=\"auto\">Peso<\/span><\/th>\n<td class=\"ra-product-new__product-table-cell\"><span dir=\"auto\">100 g<\/span><\/td>\n<\/tr>\n<tr>\n<th class=\"ra-product-new__product-table-cell\"><span dir=\"auto\">Opera\u00e7\u00f5es de vida mec\u00e2nica<\/span><\/th>\n<td class=\"ra-product-new__product-table-cell\"><span dir=\"auto\">10000000 opera\u00e7\u00f5es m\u00ednimas (sem carga a 18000 opera\u00e7\u00f5es\/h)<\/span><\/td>\n<\/tr>\n<tr>\n<th class=\"ra-product-new__product-table-cell\"><span dir=\"auto\">Resist\u00eancia ao choque<\/span><\/th>\n<td class=\"ra-product-new__product-table-cell\"><span dir=\"auto\">Mau funcionamento: 98 m\/s\u00b2 (aproximadamente 10 G) em cada uma das tr\u00eas dire\u00e7\u00f5es<\/span><\/td>\n<\/tr>\n<tr>\n<th class=\"ra-product-new__product-table-cell\"><span dir=\"auto\">Resist\u00eancia \u00e0 vibra\u00e7\u00e3o<\/span><\/th>\n<td class=\"ra-product-new__product-table-cell\"><span dir=\"auto\">Mau funcionamento: 10&#8230;55 Hz com altitude \u00fanica de 0,35 mm em tr\u00eas dire\u00e7\u00f5es por 10 min<\/span><\/td>\n<\/tr>\n<tr>\n<th class=\"ra-product-new__product-table-cell\"><span dir=\"auto\">Rigidez diel\u00e9trica<\/span><\/th>\n<td class=\"ra-product-new__product-table-cell\"><span dir=\"auto\">2000 V CA a 50\/60 Hz por 1 min entre terminais condutores de corrente e pe\u00e7as met\u00e1licas n\u00e3o condutoras de corrente (tipo 1000 V CA a 24 V CA\/12&#8230;24 V CC), 1000 V CA a 50\/60 Hz por 1 min entre contatos n\u00e3o cont\u00ednuos<\/span><\/td>\n<\/tr>\n<tr>\n<th class=\"ra-product-new__product-table-cell\"><span dir=\"auto\">Adequado para montagem frontal<\/span><\/th>\n<td class=\"ra-product-new__product-table-cell\"><span dir=\"auto\">Falso<\/span><\/td>\n<\/tr>\n<tr>\n<th class=\"ra-product-new__product-table-cell\"><span dir=\"auto\">Com tomada de encaixe<\/span><\/th>\n<td class=\"ra-product-new__product-table-cell\"><span dir=\"auto\">Falso<\/span><\/td>\n<\/tr>\n<\/tbody>\n<\/table>\n","protected":false},"excerpt":{"rendered":"<p>PRE\u00c7O SOB CONSULTA<\/p>\n","protected":false},"featured_media":4442,"comment_status":"open","ping_status":"closed","template":"","meta":[],"product_brand":[],"product_cat":[1085,1086],"product_tag":[],"class_list":{"0":"post-4441","1":"product","2":"type-product","3":"status-publish","4":"has-post-thumbnail","6":"product_cat-relay","7":"product_cat-rele","9":"first","10":"onbackorder","11":"shipping-taxable","12":"product-type-simple"},"yoast_head":"<!-- This site is optimized with the Yoast SEO plugin v27.4 - https:\/\/yoast.com\/product\/yoast-seo-wordpress\/ -->\n<title>Rel\u00e9 de tempo digital com display LCD 100-240 V 700-HX86SA17 - BH IMPORTS &amp; EXPORTS<\/title>\n<meta name=\"robots\" content=\"index, follow, max-snippet:-1, max-image-preview:large, max-video-preview:-1\" \/>\n<link rel=\"canonical\" href=\"https:\/\/bhimportsexports.com\/hl=pt\/produto\/rele-de-tempo-digital-com-display-lcd-100-240-v-700-hx86sa17\/\" \/>\n<meta property=\"og:locale\" content=\"pt_BR\" \/>\n<meta property=\"og:type\" content=\"article\" \/>\n<meta property=\"og:title\" content=\"Rel\u00e9 de tempo digital com display LCD 100-240 V 700-HX86SA17 - BH IMPORTS &amp; EXPORTS\" \/>\n<meta property=\"og:description\" content=\"PRE\u00c7O SOB CONSULTA\" \/>\n<meta property=\"og:url\" content=\"https:\/\/bhimportsexports.com\/hl=pt\/produto\/rele-de-tempo-digital-com-display-lcd-100-240-v-700-hx86sa17\/\" \/>\n<meta property=\"og:site_name\" content=\"BH IMPORTS &amp; EXPORTS\" \/>\n<meta property=\"og:image\" content=\"https:\/\/bhimportsexports.com\/wp-content\/uploads\/2025\/10\/700HX_Ph.jpg\" \/>\n\t<meta property=\"og:image:width\" content=\"450\" \/>\n\t<meta property=\"og:image:height\" content=\"450\" \/>\n\t<meta property=\"og:image:type\" content=\"image\/jpeg\" \/>\n<meta name=\"twitter:card\" content=\"summary_large_image\" \/>\n<meta name=\"twitter:label1\" content=\"Est. tempo de leitura\" \/>\n\t<meta name=\"twitter:data1\" content=\"1 minuto\" \/>\n<script type=\"application\/ld+json\" class=\"yoast-schema-graph\">{\"@context\":\"https:\\\/\\\/schema.org\",\"@graph\":[{\"@type\":\"WebPage\",\"@id\":\"https:\\\/\\\/bhimportsexports.com\\\/hl=pt\\\/produto\\\/rele-de-tempo-digital-com-display-lcd-100-240-v-700-hx86sa17\\\/\",\"url\":\"https:\\\/\\\/bhimportsexports.com\\\/hl=pt\\\/produto\\\/rele-de-tempo-digital-com-display-lcd-100-240-v-700-hx86sa17\\\/\",\"name\":\"Rel\u00e9 de tempo digital com display LCD 100-240 V 700-HX86SA17 - BH IMPORTS &amp; EXPORTS\",\"isPartOf\":{\"@id\":\"https:\\\/\\\/bhimportsexports.com\\\/hl=pt\\\/#website\"},\"primaryImageOfPage\":{\"@id\":\"https:\\\/\\\/bhimportsexports.com\\\/hl=pt\\\/produto\\\/rele-de-tempo-digital-com-display-lcd-100-240-v-700-hx86sa17\\\/#primaryimage\"},\"image\":{\"@id\":\"https:\\\/\\\/bhimportsexports.com\\\/hl=pt\\\/produto\\\/rele-de-tempo-digital-com-display-lcd-100-240-v-700-hx86sa17\\\/#primaryimage\"},\"thumbnailUrl\":\"https:\\\/\\\/bhimportsexports.com\\\/wp-content\\\/uploads\\\/2025\\\/10\\\/700HX_Ph.jpg\",\"datePublished\":\"2025-10-06T05:07:26+00:00\",\"breadcrumb\":{\"@id\":\"https:\\\/\\\/bhimportsexports.com\\\/hl=pt\\\/produto\\\/rele-de-tempo-digital-com-display-lcd-100-240-v-700-hx86sa17\\\/#breadcrumb\"},\"inLanguage\":\"pt-BR\",\"potentialAction\":[{\"@type\":\"ReadAction\",\"target\":[\"https:\\\/\\\/bhimportsexports.com\\\/hl=pt\\\/produto\\\/rele-de-tempo-digital-com-display-lcd-100-240-v-700-hx86sa17\\\/\"]}]},{\"@type\":\"ImageObject\",\"inLanguage\":\"pt-BR\",\"@id\":\"https:\\\/\\\/bhimportsexports.com\\\/hl=pt\\\/produto\\\/rele-de-tempo-digital-com-display-lcd-100-240-v-700-hx86sa17\\\/#primaryimage\",\"url\":\"https:\\\/\\\/bhimportsexports.com\\\/wp-content\\\/uploads\\\/2025\\\/10\\\/700HX_Ph.jpg\",\"contentUrl\":\"https:\\\/\\\/bhimportsexports.com\\\/wp-content\\\/uploads\\\/2025\\\/10\\\/700HX_Ph.jpg\",\"width\":450,\"height\":450},{\"@type\":\"BreadcrumbList\",\"@id\":\"https:\\\/\\\/bhimportsexports.com\\\/hl=pt\\\/produto\\\/rele-de-tempo-digital-com-display-lcd-100-240-v-700-hx86sa17\\\/#breadcrumb\",\"itemListElement\":[{\"@type\":\"ListItem\",\"position\":1,\"name\":\"In\u00edcio\",\"item\":\"https:\\\/\\\/bhimportsexports.com\\\/hl=pt\\\/\"},{\"@type\":\"ListItem\",\"position\":2,\"name\":\"Loja\",\"item\":\"https:\\\/\\\/bhimportsexports.com\\\/hl=pt\\\/loja\\\/\"},{\"@type\":\"ListItem\",\"position\":3,\"name\":\"Rel\u00e9 de tempo digital com display LCD 100-240 V 700-HX86SA17\"}]},{\"@type\":\"WebSite\",\"@id\":\"https:\\\/\\\/bhimportsexports.com\\\/hl=pt\\\/#website\",\"url\":\"https:\\\/\\\/bhimportsexports.com\\\/hl=pt\\\/\",\"name\":\"BH IMPORTS & EXPORTS\",\"description\":\"Innovation and excellence in international trade. Import, export, consultancy and sourcing.\",\"publisher\":{\"@id\":\"https:\\\/\\\/bhimportsexports.com\\\/hl=pt\\\/#organization\"},\"potentialAction\":[{\"@type\":\"SearchAction\",\"target\":{\"@type\":\"EntryPoint\",\"urlTemplate\":\"https:\\\/\\\/bhimportsexports.com\\\/hl=pt\\\/?s={search_term_string}\"},\"query-input\":{\"@type\":\"PropertyValueSpecification\",\"valueRequired\":true,\"valueName\":\"search_term_string\"}}],\"inLanguage\":\"pt-BR\"},{\"@type\":\"Organization\",\"@id\":\"https:\\\/\\\/bhimportsexports.com\\\/hl=pt\\\/#organization\",\"name\":\"BH IMPORTS & EXPORTS\",\"url\":\"https:\\\/\\\/bhimportsexports.com\\\/hl=pt\\\/\",\"logo\":{\"@type\":\"ImageObject\",\"inLanguage\":\"pt-BR\",\"@id\":\"https:\\\/\\\/bhimportsexports.com\\\/hl=pt\\\/#\\\/schema\\\/logo\\\/image\\\/\",\"url\":\"https:\\\/\\\/bhimportsexports.com\\\/wp-content\\\/uploads\\\/2024\\\/09\\\/BH-IMPORTS.png\",\"contentUrl\":\"https:\\\/\\\/bhimportsexports.com\\\/wp-content\\\/uploads\\\/2024\\\/09\\\/BH-IMPORTS.png\",\"width\":300,\"height\":200,\"caption\":\"BH IMPORTS & EXPORTS\"},\"image\":{\"@id\":\"https:\\\/\\\/bhimportsexports.com\\\/hl=pt\\\/#\\\/schema\\\/logo\\\/image\\\/\"}}]}<\/script>\n<!-- \/ Yoast SEO plugin. -->","yoast_head_json":{"title":"Rel\u00e9 de tempo digital com display LCD 100-240 V 700-HX86SA17 - BH IMPORTS &amp; EXPORTS","robots":{"index":"index","follow":"follow","max-snippet":"max-snippet:-1","max-image-preview":"max-image-preview:large","max-video-preview":"max-video-preview:-1"},"canonical":"https:\/\/bhimportsexports.com\/hl=pt\/produto\/rele-de-tempo-digital-com-display-lcd-100-240-v-700-hx86sa17\/","og_locale":"pt_BR","og_type":"article","og_title":"Rel\u00e9 de tempo digital com display LCD 100-240 V 700-HX86SA17 - BH IMPORTS &amp; EXPORTS","og_description":"PRE\u00c7O SOB CONSULTA","og_url":"https:\/\/bhimportsexports.com\/hl=pt\/produto\/rele-de-tempo-digital-com-display-lcd-100-240-v-700-hx86sa17\/","og_site_name":"BH IMPORTS &amp; EXPORTS","og_image":[{"width":450,"height":450,"url":"https:\/\/bhimportsexports.com\/wp-content\/uploads\/2025\/10\/700HX_Ph.jpg","type":"image\/jpeg"}],"twitter_card":"summary_large_image","twitter_misc":{"Est. tempo de leitura":"1 minuto"},"schema":{"@context":"https:\/\/schema.org","@graph":[{"@type":"WebPage","@id":"https:\/\/bhimportsexports.com\/hl=pt\/produto\/rele-de-tempo-digital-com-display-lcd-100-240-v-700-hx86sa17\/","url":"https:\/\/bhimportsexports.com\/hl=pt\/produto\/rele-de-tempo-digital-com-display-lcd-100-240-v-700-hx86sa17\/","name":"Rel\u00e9 de tempo digital com display LCD 100-240 V 700-HX86SA17 - BH IMPORTS &amp; EXPORTS","isPartOf":{"@id":"https:\/\/bhimportsexports.com\/hl=pt\/#website"},"primaryImageOfPage":{"@id":"https:\/\/bhimportsexports.com\/hl=pt\/produto\/rele-de-tempo-digital-com-display-lcd-100-240-v-700-hx86sa17\/#primaryimage"},"image":{"@id":"https:\/\/bhimportsexports.com\/hl=pt\/produto\/rele-de-tempo-digital-com-display-lcd-100-240-v-700-hx86sa17\/#primaryimage"},"thumbnailUrl":"https:\/\/bhimportsexports.com\/wp-content\/uploads\/2025\/10\/700HX_Ph.jpg","datePublished":"2025-10-06T05:07:26+00:00","breadcrumb":{"@id":"https:\/\/bhimportsexports.com\/hl=pt\/produto\/rele-de-tempo-digital-com-display-lcd-100-240-v-700-hx86sa17\/#breadcrumb"},"inLanguage":"pt-BR","potentialAction":[{"@type":"ReadAction","target":["https:\/\/bhimportsexports.com\/hl=pt\/produto\/rele-de-tempo-digital-com-display-lcd-100-240-v-700-hx86sa17\/"]}]},{"@type":"ImageObject","inLanguage":"pt-BR","@id":"https:\/\/bhimportsexports.com\/hl=pt\/produto\/rele-de-tempo-digital-com-display-lcd-100-240-v-700-hx86sa17\/#primaryimage","url":"https:\/\/bhimportsexports.com\/wp-content\/uploads\/2025\/10\/700HX_Ph.jpg","contentUrl":"https:\/\/bhimportsexports.com\/wp-content\/uploads\/2025\/10\/700HX_Ph.jpg","width":450,"height":450},{"@type":"BreadcrumbList","@id":"https:\/\/bhimportsexports.com\/hl=pt\/produto\/rele-de-tempo-digital-com-display-lcd-100-240-v-700-hx86sa17\/#breadcrumb","itemListElement":[{"@type":"ListItem","position":1,"name":"In\u00edcio","item":"https:\/\/bhimportsexports.com\/hl=pt\/"},{"@type":"ListItem","position":2,"name":"Loja","item":"https:\/\/bhimportsexports.com\/hl=pt\/loja\/"},{"@type":"ListItem","position":3,"name":"Rel\u00e9 de tempo digital com display LCD 100-240 V 700-HX86SA17"}]},{"@type":"WebSite","@id":"https:\/\/bhimportsexports.com\/hl=pt\/#website","url":"https:\/\/bhimportsexports.com\/hl=pt\/","name":"BH IMPORTS & EXPORTS","description":"Innovation and excellence in international trade. Import, export, consultancy and sourcing.","publisher":{"@id":"https:\/\/bhimportsexports.com\/hl=pt\/#organization"},"potentialAction":[{"@type":"SearchAction","target":{"@type":"EntryPoint","urlTemplate":"https:\/\/bhimportsexports.com\/hl=pt\/?s={search_term_string}"},"query-input":{"@type":"PropertyValueSpecification","valueRequired":true,"valueName":"search_term_string"}}],"inLanguage":"pt-BR"},{"@type":"Organization","@id":"https:\/\/bhimportsexports.com\/hl=pt\/#organization","name":"BH IMPORTS & EXPORTS","url":"https:\/\/bhimportsexports.com\/hl=pt\/","logo":{"@type":"ImageObject","inLanguage":"pt-BR","@id":"https:\/\/bhimportsexports.com\/hl=pt\/#\/schema\/logo\/image\/","url":"https:\/\/bhimportsexports.com\/wp-content\/uploads\/2024\/09\/BH-IMPORTS.png","contentUrl":"https:\/\/bhimportsexports.com\/wp-content\/uploads\/2024\/09\/BH-IMPORTS.png","width":300,"height":200,"caption":"BH IMPORTS & EXPORTS"},"image":{"@id":"https:\/\/bhimportsexports.com\/hl=pt\/#\/schema\/logo\/image\/"}}]}},"_links":{"self":[{"href":"https:\/\/bhimportsexports.com\/hl=pt\/wp-json\/wp\/v2\/product\/4441","targetHints":{"allow":["GET"]}}],"collection":[{"href":"https:\/\/bhimportsexports.com\/hl=pt\/wp-json\/wp\/v2\/product"}],"about":[{"href":"https:\/\/bhimportsexports.com\/hl=pt\/wp-json\/wp\/v2\/types\/product"}],"replies":[{"embeddable":true,"href":"https:\/\/bhimportsexports.com\/hl=pt\/wp-json\/wp\/v2\/comments?post=4441"}],"wp:featuredmedia":[{"embeddable":true,"href":"https:\/\/bhimportsexports.com\/hl=pt\/wp-json\/wp\/v2\/media\/4442"}],"wp:attachment":[{"href":"https:\/\/bhimportsexports.com\/hl=pt\/wp-json\/wp\/v2\/media?parent=4441"}],"wp:term":[{"taxonomy":"product_brand","embeddable":true,"href":"https:\/\/bhimportsexports.com\/hl=pt\/wp-json\/wp\/v2\/product_brand?post=4441"},{"taxonomy":"product_cat","embeddable":true,"href":"https:\/\/bhimportsexports.com\/hl=pt\/wp-json\/wp\/v2\/product_cat?post=4441"},{"taxonomy":"product_tag","embeddable":true,"href":"https:\/\/bhimportsexports.com\/hl=pt\/wp-json\/wp\/v2\/product_tag?post=4441"}],"curies":[{"name":"wp","href":"https:\/\/api.w.org\/{rel}","templated":true}]}}