{"id":4431,"date":"2025-10-01T15:24:17","date_gmt":"2025-10-01T15:24:17","guid":{"rendered":"https:\/\/bhimportsexports.com\/hl=pt\/?post_type=product&#038;p=4431"},"modified":"2025-10-01T15:24:17","modified_gmt":"2025-10-01T15:24:17","slug":"contator-para-banco-de-capacitores-110a-bobina-em-110-120vca-ua110-30-00-84-sem-contato-auxiliar-linha-ua-abb","status":"publish","type":"product","link":"https:\/\/bhimportsexports.com\/hl=pt\/produto\/contator-para-banco-de-capacitores-110a-bobina-em-110-120vca-ua110-30-00-84-sem-contato-auxiliar-linha-ua-abb\/","title":{"rendered":"Contator para Banco de Capacitores, 110A, Bobina em 110-120Vca, UA110-30-00-84, sem contato auxiliar, Linha UA, ABB"},"content":{"rendered":"<div id=\"product.info.description\" class=\"data item content\" role=\"tabpanel\" data-role=\"content\" aria-labelledby=\"tab-label-product.info.description\" aria-hidden=\"false\">Os contatores de tr\u00eas polos UA s\u00e3o projetados para chaveamento de bancos de capacitores de at\u00e9 90kvar em 690Vca onde devem ser usados \u200b\u200bpara comuta\u00e7\u00e3o de bancos de capacitores cujos picos de corrente de irrup\u00e7\u00e3o sejam menores ou iguais a 100 vezes a corrente nominal de rms. Os capacitores devem ser descarregados (tens\u00e3o residual m\u00e1xima nos terminais \u2264 50 V) antes de serem energizados novamente quando os contatores estiverem fazendo. Nessas condi\u00e7\u00f5es, a durabilidade el\u00e9trica dos contatores \u00e9 igual a 100.000 ciclos de opera\u00e7\u00e3o. Os contatores UA compartilham os mesmos acess\u00f3rios e pe\u00e7as de reposi\u00e7\u00e3o da linha A(F) de mesmo tamanho el\u00e9trico.<\/div>\n<div id=\"tab-label-additional\" class=\"data item title\" tabindex=\"0\" role=\"tab\" aria-labeledby=\"tab-label-additional-title\" data-role=\"collapsible\" data-collapsible=\"true\" aria-controls=\"additional\" aria-selected=\"false\" aria-expanded=\"false\"><\/div>\n","protected":false},"excerpt":{"rendered":"<p>PRE\u00c7O SOB CONSULTA<\/p>\n","protected":false},"featured_media":4432,"comment_status":"open","ping_status":"closed","template":"","meta":[],"product_brand":[],"product_cat":[1088],"product_tag":[],"class_list":{"0":"post-4431","1":"product","2":"type-product","3":"status-publish","4":"has-post-thumbnail","6":"product_cat-contator","8":"first","9":"onbackorder","10":"shipping-taxable","11":"product-type-simple"},"yoast_head":"<!-- This site is optimized with the Yoast SEO plugin v27.4 - https:\/\/yoast.com\/product\/yoast-seo-wordpress\/ -->\n<title>Contator para Banco de Capacitores, 110A, Bobina em 110-120Vca, UA110-30-00-84, sem contato auxiliar, Linha UA, ABB - BH IMPORTS &amp; EXPORTS<\/title>\n<meta name=\"robots\" content=\"index, follow, max-snippet:-1, max-image-preview:large, max-video-preview:-1\" \/>\n<link rel=\"canonical\" href=\"https:\/\/bhimportsexports.com\/hl=pt\/produto\/contator-para-banco-de-capacitores-110a-bobina-em-110-120vca-ua110-30-00-84-sem-contato-auxiliar-linha-ua-abb\/\" \/>\n<meta property=\"og:locale\" content=\"pt_BR\" \/>\n<meta property=\"og:type\" content=\"article\" \/>\n<meta property=\"og:title\" content=\"Contator para Banco de Capacitores, 110A, Bobina em 110-120Vca, UA110-30-00-84, sem contato auxiliar, Linha UA, ABB - BH IMPORTS &amp; EXPORTS\" \/>\n<meta property=\"og:description\" content=\"PRE\u00c7O SOB CONSULTA\" \/>\n<meta property=\"og:url\" content=\"https:\/\/bhimportsexports.com\/hl=pt\/produto\/contator-para-banco-de-capacitores-110a-bobina-em-110-120vca-ua110-30-00-84-sem-contato-auxiliar-linha-ua-abb\/\" \/>\n<meta property=\"og:site_name\" content=\"BH IMPORTS &amp; EXPORTS\" \/>\n<meta property=\"og:image\" content=\"https:\/\/bhimportsexports.com\/wp-content\/uploads\/2025\/10\/6480edc22c27c4.14618563.webp\" \/>\n\t<meta property=\"og:image:width\" content=\"195\" \/>\n\t<meta property=\"og:image:height\" content=\"195\" \/>\n\t<meta property=\"og:image:type\" content=\"image\/webp\" \/>\n<meta name=\"twitter:card\" content=\"summary_large_image\" \/>\n<meta name=\"twitter:label1\" content=\"Est. tempo de leitura\" \/>\n\t<meta name=\"twitter:data1\" content=\"1 minuto\" \/>\n<script type=\"application\/ld+json\" class=\"yoast-schema-graph\">{\"@context\":\"https:\\\/\\\/schema.org\",\"@graph\":[{\"@type\":\"WebPage\",\"@id\":\"https:\\\/\\\/bhimportsexports.com\\\/hl=pt\\\/produto\\\/contator-para-banco-de-capacitores-110a-bobina-em-110-120vca-ua110-30-00-84-sem-contato-auxiliar-linha-ua-abb\\\/\",\"url\":\"https:\\\/\\\/bhimportsexports.com\\\/hl=pt\\\/produto\\\/contator-para-banco-de-capacitores-110a-bobina-em-110-120vca-ua110-30-00-84-sem-contato-auxiliar-linha-ua-abb\\\/\",\"name\":\"Contator para Banco de Capacitores, 110A, Bobina em 110-120Vca, UA110-30-00-84, sem contato auxiliar, Linha UA, ABB - BH IMPORTS &amp; EXPORTS\",\"isPartOf\":{\"@id\":\"https:\\\/\\\/bhimportsexports.com\\\/hl=pt\\\/#website\"},\"primaryImageOfPage\":{\"@id\":\"https:\\\/\\\/bhimportsexports.com\\\/hl=pt\\\/produto\\\/contator-para-banco-de-capacitores-110a-bobina-em-110-120vca-ua110-30-00-84-sem-contato-auxiliar-linha-ua-abb\\\/#primaryimage\"},\"image\":{\"@id\":\"https:\\\/\\\/bhimportsexports.com\\\/hl=pt\\\/produto\\\/contator-para-banco-de-capacitores-110a-bobina-em-110-120vca-ua110-30-00-84-sem-contato-auxiliar-linha-ua-abb\\\/#primaryimage\"},\"thumbnailUrl\":\"https:\\\/\\\/bhimportsexports.com\\\/wp-content\\\/uploads\\\/2025\\\/10\\\/6480edc22c27c4.14618563.webp\",\"datePublished\":\"2025-10-01T15:24:17+00:00\",\"breadcrumb\":{\"@id\":\"https:\\\/\\\/bhimportsexports.com\\\/hl=pt\\\/produto\\\/contator-para-banco-de-capacitores-110a-bobina-em-110-120vca-ua110-30-00-84-sem-contato-auxiliar-linha-ua-abb\\\/#breadcrumb\"},\"inLanguage\":\"pt-BR\",\"potentialAction\":[{\"@type\":\"ReadAction\",\"target\":[\"https:\\\/\\\/bhimportsexports.com\\\/hl=pt\\\/produto\\\/contator-para-banco-de-capacitores-110a-bobina-em-110-120vca-ua110-30-00-84-sem-contato-auxiliar-linha-ua-abb\\\/\"]}]},{\"@type\":\"ImageObject\",\"inLanguage\":\"pt-BR\",\"@id\":\"https:\\\/\\\/bhimportsexports.com\\\/hl=pt\\\/produto\\\/contator-para-banco-de-capacitores-110a-bobina-em-110-120vca-ua110-30-00-84-sem-contato-auxiliar-linha-ua-abb\\\/#primaryimage\",\"url\":\"https:\\\/\\\/bhimportsexports.com\\\/wp-content\\\/uploads\\\/2025\\\/10\\\/6480edc22c27c4.14618563.webp\",\"contentUrl\":\"https:\\\/\\\/bhimportsexports.com\\\/wp-content\\\/uploads\\\/2025\\\/10\\\/6480edc22c27c4.14618563.webp\",\"width\":195,\"height\":195},{\"@type\":\"BreadcrumbList\",\"@id\":\"https:\\\/\\\/bhimportsexports.com\\\/hl=pt\\\/produto\\\/contator-para-banco-de-capacitores-110a-bobina-em-110-120vca-ua110-30-00-84-sem-contato-auxiliar-linha-ua-abb\\\/#breadcrumb\",\"itemListElement\":[{\"@type\":\"ListItem\",\"position\":1,\"name\":\"In\u00edcio\",\"item\":\"https:\\\/\\\/bhimportsexports.com\\\/hl=pt\\\/\"},{\"@type\":\"ListItem\",\"position\":2,\"name\":\"Loja\",\"item\":\"https:\\\/\\\/bhimportsexports.com\\\/hl=pt\\\/loja\\\/\"},{\"@type\":\"ListItem\",\"position\":3,\"name\":\"Contator para Banco de Capacitores, 110A, Bobina em 110-120Vca, UA110-30-00-84, sem contato auxiliar, Linha UA, ABB\"}]},{\"@type\":\"WebSite\",\"@id\":\"https:\\\/\\\/bhimportsexports.com\\\/hl=pt\\\/#website\",\"url\":\"https:\\\/\\\/bhimportsexports.com\\\/hl=pt\\\/\",\"name\":\"BH IMPORTS & EXPORTS\",\"description\":\"Innovation and excellence in international trade. Import, export, consultancy and sourcing.\",\"publisher\":{\"@id\":\"https:\\\/\\\/bhimportsexports.com\\\/hl=pt\\\/#organization\"},\"potentialAction\":[{\"@type\":\"SearchAction\",\"target\":{\"@type\":\"EntryPoint\",\"urlTemplate\":\"https:\\\/\\\/bhimportsexports.com\\\/hl=pt\\\/?s={search_term_string}\"},\"query-input\":{\"@type\":\"PropertyValueSpecification\",\"valueRequired\":true,\"valueName\":\"search_term_string\"}}],\"inLanguage\":\"pt-BR\"},{\"@type\":\"Organization\",\"@id\":\"https:\\\/\\\/bhimportsexports.com\\\/hl=pt\\\/#organization\",\"name\":\"BH IMPORTS & EXPORTS\",\"url\":\"https:\\\/\\\/bhimportsexports.com\\\/hl=pt\\\/\",\"logo\":{\"@type\":\"ImageObject\",\"inLanguage\":\"pt-BR\",\"@id\":\"https:\\\/\\\/bhimportsexports.com\\\/hl=pt\\\/#\\\/schema\\\/logo\\\/image\\\/\",\"url\":\"https:\\\/\\\/bhimportsexports.com\\\/wp-content\\\/uploads\\\/2024\\\/09\\\/BH-IMPORTS.png\",\"contentUrl\":\"https:\\\/\\\/bhimportsexports.com\\\/wp-content\\\/uploads\\\/2024\\\/09\\\/BH-IMPORTS.png\",\"width\":300,\"height\":200,\"caption\":\"BH IMPORTS & EXPORTS\"},\"image\":{\"@id\":\"https:\\\/\\\/bhimportsexports.com\\\/hl=pt\\\/#\\\/schema\\\/logo\\\/image\\\/\"}}]}<\/script>\n<!-- \/ Yoast SEO plugin. -->","yoast_head_json":{"title":"Contator para Banco de Capacitores, 110A, Bobina em 110-120Vca, UA110-30-00-84, sem contato auxiliar, Linha UA, ABB - BH IMPORTS &amp; EXPORTS","robots":{"index":"index","follow":"follow","max-snippet":"max-snippet:-1","max-image-preview":"max-image-preview:large","max-video-preview":"max-video-preview:-1"},"canonical":"https:\/\/bhimportsexports.com\/hl=pt\/produto\/contator-para-banco-de-capacitores-110a-bobina-em-110-120vca-ua110-30-00-84-sem-contato-auxiliar-linha-ua-abb\/","og_locale":"pt_BR","og_type":"article","og_title":"Contator para Banco de Capacitores, 110A, Bobina em 110-120Vca, UA110-30-00-84, sem contato auxiliar, Linha UA, ABB - BH IMPORTS &amp; EXPORTS","og_description":"PRE\u00c7O SOB CONSULTA","og_url":"https:\/\/bhimportsexports.com\/hl=pt\/produto\/contator-para-banco-de-capacitores-110a-bobina-em-110-120vca-ua110-30-00-84-sem-contato-auxiliar-linha-ua-abb\/","og_site_name":"BH IMPORTS &amp; EXPORTS","og_image":[{"width":195,"height":195,"url":"https:\/\/bhimportsexports.com\/wp-content\/uploads\/2025\/10\/6480edc22c27c4.14618563.webp","type":"image\/webp"}],"twitter_card":"summary_large_image","twitter_misc":{"Est. tempo de leitura":"1 minuto"},"schema":{"@context":"https:\/\/schema.org","@graph":[{"@type":"WebPage","@id":"https:\/\/bhimportsexports.com\/hl=pt\/produto\/contator-para-banco-de-capacitores-110a-bobina-em-110-120vca-ua110-30-00-84-sem-contato-auxiliar-linha-ua-abb\/","url":"https:\/\/bhimportsexports.com\/hl=pt\/produto\/contator-para-banco-de-capacitores-110a-bobina-em-110-120vca-ua110-30-00-84-sem-contato-auxiliar-linha-ua-abb\/","name":"Contator para Banco de Capacitores, 110A, Bobina em 110-120Vca, UA110-30-00-84, sem contato auxiliar, Linha UA, ABB - BH IMPORTS &amp; EXPORTS","isPartOf":{"@id":"https:\/\/bhimportsexports.com\/hl=pt\/#website"},"primaryImageOfPage":{"@id":"https:\/\/bhimportsexports.com\/hl=pt\/produto\/contator-para-banco-de-capacitores-110a-bobina-em-110-120vca-ua110-30-00-84-sem-contato-auxiliar-linha-ua-abb\/#primaryimage"},"image":{"@id":"https:\/\/bhimportsexports.com\/hl=pt\/produto\/contator-para-banco-de-capacitores-110a-bobina-em-110-120vca-ua110-30-00-84-sem-contato-auxiliar-linha-ua-abb\/#primaryimage"},"thumbnailUrl":"https:\/\/bhimportsexports.com\/wp-content\/uploads\/2025\/10\/6480edc22c27c4.14618563.webp","datePublished":"2025-10-01T15:24:17+00:00","breadcrumb":{"@id":"https:\/\/bhimportsexports.com\/hl=pt\/produto\/contator-para-banco-de-capacitores-110a-bobina-em-110-120vca-ua110-30-00-84-sem-contato-auxiliar-linha-ua-abb\/#breadcrumb"},"inLanguage":"pt-BR","potentialAction":[{"@type":"ReadAction","target":["https:\/\/bhimportsexports.com\/hl=pt\/produto\/contator-para-banco-de-capacitores-110a-bobina-em-110-120vca-ua110-30-00-84-sem-contato-auxiliar-linha-ua-abb\/"]}]},{"@type":"ImageObject","inLanguage":"pt-BR","@id":"https:\/\/bhimportsexports.com\/hl=pt\/produto\/contator-para-banco-de-capacitores-110a-bobina-em-110-120vca-ua110-30-00-84-sem-contato-auxiliar-linha-ua-abb\/#primaryimage","url":"https:\/\/bhimportsexports.com\/wp-content\/uploads\/2025\/10\/6480edc22c27c4.14618563.webp","contentUrl":"https:\/\/bhimportsexports.com\/wp-content\/uploads\/2025\/10\/6480edc22c27c4.14618563.webp","width":195,"height":195},{"@type":"BreadcrumbList","@id":"https:\/\/bhimportsexports.com\/hl=pt\/produto\/contator-para-banco-de-capacitores-110a-bobina-em-110-120vca-ua110-30-00-84-sem-contato-auxiliar-linha-ua-abb\/#breadcrumb","itemListElement":[{"@type":"ListItem","position":1,"name":"In\u00edcio","item":"https:\/\/bhimportsexports.com\/hl=pt\/"},{"@type":"ListItem","position":2,"name":"Loja","item":"https:\/\/bhimportsexports.com\/hl=pt\/loja\/"},{"@type":"ListItem","position":3,"name":"Contator para Banco de Capacitores, 110A, Bobina em 110-120Vca, UA110-30-00-84, sem contato auxiliar, Linha UA, ABB"}]},{"@type":"WebSite","@id":"https:\/\/bhimportsexports.com\/hl=pt\/#website","url":"https:\/\/bhimportsexports.com\/hl=pt\/","name":"BH IMPORTS & EXPORTS","description":"Innovation and excellence in international trade. Import, export, consultancy and sourcing.","publisher":{"@id":"https:\/\/bhimportsexports.com\/hl=pt\/#organization"},"potentialAction":[{"@type":"SearchAction","target":{"@type":"EntryPoint","urlTemplate":"https:\/\/bhimportsexports.com\/hl=pt\/?s={search_term_string}"},"query-input":{"@type":"PropertyValueSpecification","valueRequired":true,"valueName":"search_term_string"}}],"inLanguage":"pt-BR"},{"@type":"Organization","@id":"https:\/\/bhimportsexports.com\/hl=pt\/#organization","name":"BH IMPORTS & EXPORTS","url":"https:\/\/bhimportsexports.com\/hl=pt\/","logo":{"@type":"ImageObject","inLanguage":"pt-BR","@id":"https:\/\/bhimportsexports.com\/hl=pt\/#\/schema\/logo\/image\/","url":"https:\/\/bhimportsexports.com\/wp-content\/uploads\/2024\/09\/BH-IMPORTS.png","contentUrl":"https:\/\/bhimportsexports.com\/wp-content\/uploads\/2024\/09\/BH-IMPORTS.png","width":300,"height":200,"caption":"BH IMPORTS & EXPORTS"},"image":{"@id":"https:\/\/bhimportsexports.com\/hl=pt\/#\/schema\/logo\/image\/"}}]}},"_links":{"self":[{"href":"https:\/\/bhimportsexports.com\/hl=pt\/wp-json\/wp\/v2\/product\/4431","targetHints":{"allow":["GET"]}}],"collection":[{"href":"https:\/\/bhimportsexports.com\/hl=pt\/wp-json\/wp\/v2\/product"}],"about":[{"href":"https:\/\/bhimportsexports.com\/hl=pt\/wp-json\/wp\/v2\/types\/product"}],"replies":[{"embeddable":true,"href":"https:\/\/bhimportsexports.com\/hl=pt\/wp-json\/wp\/v2\/comments?post=4431"}],"wp:featuredmedia":[{"embeddable":true,"href":"https:\/\/bhimportsexports.com\/hl=pt\/wp-json\/wp\/v2\/media\/4432"}],"wp:attachment":[{"href":"https:\/\/bhimportsexports.com\/hl=pt\/wp-json\/wp\/v2\/media?parent=4431"}],"wp:term":[{"taxonomy":"product_brand","embeddable":true,"href":"https:\/\/bhimportsexports.com\/hl=pt\/wp-json\/wp\/v2\/product_brand?post=4431"},{"taxonomy":"product_cat","embeddable":true,"href":"https:\/\/bhimportsexports.com\/hl=pt\/wp-json\/wp\/v2\/product_cat?post=4431"},{"taxonomy":"product_tag","embeddable":true,"href":"https:\/\/bhimportsexports.com\/hl=pt\/wp-json\/wp\/v2\/product_tag?post=4431"}],"curies":[{"name":"wp","href":"https:\/\/api.w.org\/{rel}","templated":true}]}}