{"id":4425,"date":"2025-10-01T15:13:27","date_gmt":"2025-10-01T15:13:27","guid":{"rendered":"https:\/\/bhimportsexports.com\/hl=pt\/?post_type=product&#038;p=4425"},"modified":"2025-10-01T15:13:28","modified_gmt":"2025-10-01T15:13:28","slug":"base-para-montagem-em-trilho-din-e-conexao-por-cabos-via-terminal-parafuso-para-reles-de-sobrecarga-ta80du-abb","status":"publish","type":"product","link":"https:\/\/bhimportsexports.com\/hl=pt\/produto\/base-para-montagem-em-trilho-din-e-conexao-por-cabos-via-terminal-parafuso-para-reles-de-sobrecarga-ta80du-abb\/","title":{"rendered":"Base para montagem em trilho din e conex\u00e3o por cabos via terminal parafuso para rel\u00e9s de sobrecarga TA80DU, ABB"},"content":{"rendered":"<div id=\"product.info.description\" class=\"data item content\" role=\"tabpanel\" data-role=\"content\" aria-labelledby=\"tab-label-product.info.description\" aria-hidden=\"false\">Os rel\u00e9s de sobrecarga t\u00e9rmicos TA s\u00e3o dispositivos econ\u00f4micos de prote\u00e7\u00e3o eletromec\u00e2nica para o circuito principal. Eles oferecem uma prote\u00e7\u00e3o confi\u00e1vel para motores no caso de sobrecarga ou falha de fase. Os dispositivos possuem classe de Trip 10A. Os rel\u00e9s t\u00e9rmicos de sobrecarga s\u00e3o rel\u00e9s de tr\u00eas polos com elementos de atua\u00e7\u00e3o bi-met\u00e1lica.<\/div>\n<div id=\"tab-label-additional\" class=\"data item title\" tabindex=\"0\" role=\"tab\" aria-labeledby=\"tab-label-additional-title\" data-role=\"collapsible\" data-collapsible=\"true\" aria-controls=\"additional\" aria-selected=\"false\" aria-expanded=\"false\"><\/div>\n","protected":false},"excerpt":{"rendered":"<p>PRE\u00c7O SOB CONSULTA<\/p>\n","protected":false},"featured_media":4426,"comment_status":"open","ping_status":"closed","template":"","meta":[],"product_brand":[],"product_cat":[1192],"product_tag":[],"class_list":{"0":"post-4425","1":"product","2":"type-product","3":"status-publish","4":"has-post-thumbnail","6":"product_cat-acessorios","8":"first","9":"onbackorder","10":"shipping-taxable","11":"product-type-simple"},"yoast_head":"<!-- This site is optimized with the Yoast SEO plugin v27.4 - https:\/\/yoast.com\/product\/yoast-seo-wordpress\/ -->\n<title>Base para montagem em trilho din e conex\u00e3o por cabos via terminal parafuso para rel\u00e9s de sobrecarga TA80DU, ABB - BH IMPORTS &amp; EXPORTS<\/title>\n<meta name=\"robots\" content=\"index, follow, max-snippet:-1, max-image-preview:large, max-video-preview:-1\" \/>\n<link rel=\"canonical\" href=\"https:\/\/bhimportsexports.com\/hl=pt\/produto\/base-para-montagem-em-trilho-din-e-conexao-por-cabos-via-terminal-parafuso-para-reles-de-sobrecarga-ta80du-abb\/\" \/>\n<meta property=\"og:locale\" content=\"pt_BR\" \/>\n<meta property=\"og:type\" content=\"article\" \/>\n<meta property=\"og:title\" content=\"Base para montagem em trilho din e conex\u00e3o por cabos via terminal parafuso para rel\u00e9s de sobrecarga TA80DU, ABB - BH IMPORTS &amp; EXPORTS\" \/>\n<meta property=\"og:description\" content=\"PRE\u00c7O SOB CONSULTA\" \/>\n<meta property=\"og:url\" content=\"https:\/\/bhimportsexports.com\/hl=pt\/produto\/base-para-montagem-em-trilho-din-e-conexao-por-cabos-via-terminal-parafuso-para-reles-de-sobrecarga-ta80du-abb\/\" \/>\n<meta property=\"og:site_name\" content=\"BH IMPORTS &amp; EXPORTS\" \/>\n<meta property=\"article:modified_time\" content=\"2025-10-01T15:13:28+00:00\" \/>\n<meta property=\"og:image\" content=\"https:\/\/bhimportsexports.com\/wp-content\/uploads\/2025\/10\/648196695a8877.88972771.webp\" \/>\n\t<meta property=\"og:image:width\" content=\"417\" \/>\n\t<meta property=\"og:image:height\" content=\"417\" \/>\n\t<meta property=\"og:image:type\" content=\"image\/webp\" \/>\n<meta name=\"twitter:card\" content=\"summary_large_image\" \/>\n<script type=\"application\/ld+json\" class=\"yoast-schema-graph\">{\"@context\":\"https:\\\/\\\/schema.org\",\"@graph\":[{\"@type\":\"WebPage\",\"@id\":\"https:\\\/\\\/bhimportsexports.com\\\/hl=pt\\\/produto\\\/base-para-montagem-em-trilho-din-e-conexao-por-cabos-via-terminal-parafuso-para-reles-de-sobrecarga-ta80du-abb\\\/\",\"url\":\"https:\\\/\\\/bhimportsexports.com\\\/hl=pt\\\/produto\\\/base-para-montagem-em-trilho-din-e-conexao-por-cabos-via-terminal-parafuso-para-reles-de-sobrecarga-ta80du-abb\\\/\",\"name\":\"Base para montagem em trilho din e conex\u00e3o por cabos via terminal parafuso para rel\u00e9s de sobrecarga TA80DU, ABB - BH IMPORTS &amp; EXPORTS\",\"isPartOf\":{\"@id\":\"https:\\\/\\\/bhimportsexports.com\\\/hl=pt\\\/#website\"},\"primaryImageOfPage\":{\"@id\":\"https:\\\/\\\/bhimportsexports.com\\\/hl=pt\\\/produto\\\/base-para-montagem-em-trilho-din-e-conexao-por-cabos-via-terminal-parafuso-para-reles-de-sobrecarga-ta80du-abb\\\/#primaryimage\"},\"image\":{\"@id\":\"https:\\\/\\\/bhimportsexports.com\\\/hl=pt\\\/produto\\\/base-para-montagem-em-trilho-din-e-conexao-por-cabos-via-terminal-parafuso-para-reles-de-sobrecarga-ta80du-abb\\\/#primaryimage\"},\"thumbnailUrl\":\"https:\\\/\\\/bhimportsexports.com\\\/wp-content\\\/uploads\\\/2025\\\/10\\\/648196695a8877.88972771.webp\",\"datePublished\":\"2025-10-01T15:13:27+00:00\",\"dateModified\":\"2025-10-01T15:13:28+00:00\",\"breadcrumb\":{\"@id\":\"https:\\\/\\\/bhimportsexports.com\\\/hl=pt\\\/produto\\\/base-para-montagem-em-trilho-din-e-conexao-por-cabos-via-terminal-parafuso-para-reles-de-sobrecarga-ta80du-abb\\\/#breadcrumb\"},\"inLanguage\":\"pt-BR\",\"potentialAction\":[{\"@type\":\"ReadAction\",\"target\":[\"https:\\\/\\\/bhimportsexports.com\\\/hl=pt\\\/produto\\\/base-para-montagem-em-trilho-din-e-conexao-por-cabos-via-terminal-parafuso-para-reles-de-sobrecarga-ta80du-abb\\\/\"]}]},{\"@type\":\"ImageObject\",\"inLanguage\":\"pt-BR\",\"@id\":\"https:\\\/\\\/bhimportsexports.com\\\/hl=pt\\\/produto\\\/base-para-montagem-em-trilho-din-e-conexao-por-cabos-via-terminal-parafuso-para-reles-de-sobrecarga-ta80du-abb\\\/#primaryimage\",\"url\":\"https:\\\/\\\/bhimportsexports.com\\\/wp-content\\\/uploads\\\/2025\\\/10\\\/648196695a8877.88972771.webp\",\"contentUrl\":\"https:\\\/\\\/bhimportsexports.com\\\/wp-content\\\/uploads\\\/2025\\\/10\\\/648196695a8877.88972771.webp\",\"width\":417,\"height\":417},{\"@type\":\"BreadcrumbList\",\"@id\":\"https:\\\/\\\/bhimportsexports.com\\\/hl=pt\\\/produto\\\/base-para-montagem-em-trilho-din-e-conexao-por-cabos-via-terminal-parafuso-para-reles-de-sobrecarga-ta80du-abb\\\/#breadcrumb\",\"itemListElement\":[{\"@type\":\"ListItem\",\"position\":1,\"name\":\"In\u00edcio\",\"item\":\"https:\\\/\\\/bhimportsexports.com\\\/hl=pt\\\/\"},{\"@type\":\"ListItem\",\"position\":2,\"name\":\"Loja\",\"item\":\"https:\\\/\\\/bhimportsexports.com\\\/hl=pt\\\/loja\\\/\"},{\"@type\":\"ListItem\",\"position\":3,\"name\":\"Base para montagem em trilho din e conex\u00e3o por cabos via terminal parafuso para rel\u00e9s de sobrecarga TA80DU, ABB\"}]},{\"@type\":\"WebSite\",\"@id\":\"https:\\\/\\\/bhimportsexports.com\\\/hl=pt\\\/#website\",\"url\":\"https:\\\/\\\/bhimportsexports.com\\\/hl=pt\\\/\",\"name\":\"BH IMPORTS & EXPORTS\",\"description\":\"Innovation and excellence in international trade. Import, export, consultancy and sourcing.\",\"publisher\":{\"@id\":\"https:\\\/\\\/bhimportsexports.com\\\/hl=pt\\\/#organization\"},\"potentialAction\":[{\"@type\":\"SearchAction\",\"target\":{\"@type\":\"EntryPoint\",\"urlTemplate\":\"https:\\\/\\\/bhimportsexports.com\\\/hl=pt\\\/?s={search_term_string}\"},\"query-input\":{\"@type\":\"PropertyValueSpecification\",\"valueRequired\":true,\"valueName\":\"search_term_string\"}}],\"inLanguage\":\"pt-BR\"},{\"@type\":\"Organization\",\"@id\":\"https:\\\/\\\/bhimportsexports.com\\\/hl=pt\\\/#organization\",\"name\":\"BH IMPORTS & EXPORTS\",\"url\":\"https:\\\/\\\/bhimportsexports.com\\\/hl=pt\\\/\",\"logo\":{\"@type\":\"ImageObject\",\"inLanguage\":\"pt-BR\",\"@id\":\"https:\\\/\\\/bhimportsexports.com\\\/hl=pt\\\/#\\\/schema\\\/logo\\\/image\\\/\",\"url\":\"https:\\\/\\\/bhimportsexports.com\\\/wp-content\\\/uploads\\\/2024\\\/09\\\/BH-IMPORTS.png\",\"contentUrl\":\"https:\\\/\\\/bhimportsexports.com\\\/wp-content\\\/uploads\\\/2024\\\/09\\\/BH-IMPORTS.png\",\"width\":300,\"height\":200,\"caption\":\"BH IMPORTS & EXPORTS\"},\"image\":{\"@id\":\"https:\\\/\\\/bhimportsexports.com\\\/hl=pt\\\/#\\\/schema\\\/logo\\\/image\\\/\"}}]}<\/script>\n<!-- \/ Yoast SEO plugin. -->","yoast_head_json":{"title":"Base para montagem em trilho din e conex\u00e3o por cabos via terminal parafuso para rel\u00e9s de sobrecarga TA80DU, ABB - BH IMPORTS &amp; EXPORTS","robots":{"index":"index","follow":"follow","max-snippet":"max-snippet:-1","max-image-preview":"max-image-preview:large","max-video-preview":"max-video-preview:-1"},"canonical":"https:\/\/bhimportsexports.com\/hl=pt\/produto\/base-para-montagem-em-trilho-din-e-conexao-por-cabos-via-terminal-parafuso-para-reles-de-sobrecarga-ta80du-abb\/","og_locale":"pt_BR","og_type":"article","og_title":"Base para montagem em trilho din e conex\u00e3o por cabos via terminal parafuso para rel\u00e9s de sobrecarga TA80DU, ABB - BH IMPORTS &amp; EXPORTS","og_description":"PRE\u00c7O SOB CONSULTA","og_url":"https:\/\/bhimportsexports.com\/hl=pt\/produto\/base-para-montagem-em-trilho-din-e-conexao-por-cabos-via-terminal-parafuso-para-reles-de-sobrecarga-ta80du-abb\/","og_site_name":"BH IMPORTS &amp; EXPORTS","article_modified_time":"2025-10-01T15:13:28+00:00","og_image":[{"width":417,"height":417,"url":"https:\/\/bhimportsexports.com\/wp-content\/uploads\/2025\/10\/648196695a8877.88972771.webp","type":"image\/webp"}],"twitter_card":"summary_large_image","schema":{"@context":"https:\/\/schema.org","@graph":[{"@type":"WebPage","@id":"https:\/\/bhimportsexports.com\/hl=pt\/produto\/base-para-montagem-em-trilho-din-e-conexao-por-cabos-via-terminal-parafuso-para-reles-de-sobrecarga-ta80du-abb\/","url":"https:\/\/bhimportsexports.com\/hl=pt\/produto\/base-para-montagem-em-trilho-din-e-conexao-por-cabos-via-terminal-parafuso-para-reles-de-sobrecarga-ta80du-abb\/","name":"Base para montagem em trilho din e conex\u00e3o por cabos via terminal parafuso para rel\u00e9s de sobrecarga TA80DU, ABB - BH IMPORTS &amp; EXPORTS","isPartOf":{"@id":"https:\/\/bhimportsexports.com\/hl=pt\/#website"},"primaryImageOfPage":{"@id":"https:\/\/bhimportsexports.com\/hl=pt\/produto\/base-para-montagem-em-trilho-din-e-conexao-por-cabos-via-terminal-parafuso-para-reles-de-sobrecarga-ta80du-abb\/#primaryimage"},"image":{"@id":"https:\/\/bhimportsexports.com\/hl=pt\/produto\/base-para-montagem-em-trilho-din-e-conexao-por-cabos-via-terminal-parafuso-para-reles-de-sobrecarga-ta80du-abb\/#primaryimage"},"thumbnailUrl":"https:\/\/bhimportsexports.com\/wp-content\/uploads\/2025\/10\/648196695a8877.88972771.webp","datePublished":"2025-10-01T15:13:27+00:00","dateModified":"2025-10-01T15:13:28+00:00","breadcrumb":{"@id":"https:\/\/bhimportsexports.com\/hl=pt\/produto\/base-para-montagem-em-trilho-din-e-conexao-por-cabos-via-terminal-parafuso-para-reles-de-sobrecarga-ta80du-abb\/#breadcrumb"},"inLanguage":"pt-BR","potentialAction":[{"@type":"ReadAction","target":["https:\/\/bhimportsexports.com\/hl=pt\/produto\/base-para-montagem-em-trilho-din-e-conexao-por-cabos-via-terminal-parafuso-para-reles-de-sobrecarga-ta80du-abb\/"]}]},{"@type":"ImageObject","inLanguage":"pt-BR","@id":"https:\/\/bhimportsexports.com\/hl=pt\/produto\/base-para-montagem-em-trilho-din-e-conexao-por-cabos-via-terminal-parafuso-para-reles-de-sobrecarga-ta80du-abb\/#primaryimage","url":"https:\/\/bhimportsexports.com\/wp-content\/uploads\/2025\/10\/648196695a8877.88972771.webp","contentUrl":"https:\/\/bhimportsexports.com\/wp-content\/uploads\/2025\/10\/648196695a8877.88972771.webp","width":417,"height":417},{"@type":"BreadcrumbList","@id":"https:\/\/bhimportsexports.com\/hl=pt\/produto\/base-para-montagem-em-trilho-din-e-conexao-por-cabos-via-terminal-parafuso-para-reles-de-sobrecarga-ta80du-abb\/#breadcrumb","itemListElement":[{"@type":"ListItem","position":1,"name":"In\u00edcio","item":"https:\/\/bhimportsexports.com\/hl=pt\/"},{"@type":"ListItem","position":2,"name":"Loja","item":"https:\/\/bhimportsexports.com\/hl=pt\/loja\/"},{"@type":"ListItem","position":3,"name":"Base para montagem em trilho din e conex\u00e3o por cabos via terminal parafuso para rel\u00e9s de sobrecarga TA80DU, ABB"}]},{"@type":"WebSite","@id":"https:\/\/bhimportsexports.com\/hl=pt\/#website","url":"https:\/\/bhimportsexports.com\/hl=pt\/","name":"BH IMPORTS & EXPORTS","description":"Innovation and excellence in international trade. Import, export, consultancy and sourcing.","publisher":{"@id":"https:\/\/bhimportsexports.com\/hl=pt\/#organization"},"potentialAction":[{"@type":"SearchAction","target":{"@type":"EntryPoint","urlTemplate":"https:\/\/bhimportsexports.com\/hl=pt\/?s={search_term_string}"},"query-input":{"@type":"PropertyValueSpecification","valueRequired":true,"valueName":"search_term_string"}}],"inLanguage":"pt-BR"},{"@type":"Organization","@id":"https:\/\/bhimportsexports.com\/hl=pt\/#organization","name":"BH IMPORTS & EXPORTS","url":"https:\/\/bhimportsexports.com\/hl=pt\/","logo":{"@type":"ImageObject","inLanguage":"pt-BR","@id":"https:\/\/bhimportsexports.com\/hl=pt\/#\/schema\/logo\/image\/","url":"https:\/\/bhimportsexports.com\/wp-content\/uploads\/2024\/09\/BH-IMPORTS.png","contentUrl":"https:\/\/bhimportsexports.com\/wp-content\/uploads\/2024\/09\/BH-IMPORTS.png","width":300,"height":200,"caption":"BH IMPORTS & EXPORTS"},"image":{"@id":"https:\/\/bhimportsexports.com\/hl=pt\/#\/schema\/logo\/image\/"}}]}},"_links":{"self":[{"href":"https:\/\/bhimportsexports.com\/hl=pt\/wp-json\/wp\/v2\/product\/4425","targetHints":{"allow":["GET"]}}],"collection":[{"href":"https:\/\/bhimportsexports.com\/hl=pt\/wp-json\/wp\/v2\/product"}],"about":[{"href":"https:\/\/bhimportsexports.com\/hl=pt\/wp-json\/wp\/v2\/types\/product"}],"replies":[{"embeddable":true,"href":"https:\/\/bhimportsexports.com\/hl=pt\/wp-json\/wp\/v2\/comments?post=4425"}],"wp:featuredmedia":[{"embeddable":true,"href":"https:\/\/bhimportsexports.com\/hl=pt\/wp-json\/wp\/v2\/media\/4426"}],"wp:attachment":[{"href":"https:\/\/bhimportsexports.com\/hl=pt\/wp-json\/wp\/v2\/media?parent=4425"}],"wp:term":[{"taxonomy":"product_brand","embeddable":true,"href":"https:\/\/bhimportsexports.com\/hl=pt\/wp-json\/wp\/v2\/product_brand?post=4425"},{"taxonomy":"product_cat","embeddable":true,"href":"https:\/\/bhimportsexports.com\/hl=pt\/wp-json\/wp\/v2\/product_cat?post=4425"},{"taxonomy":"product_tag","embeddable":true,"href":"https:\/\/bhimportsexports.com\/hl=pt\/wp-json\/wp\/v2\/product_tag?post=4425"}],"curies":[{"name":"wp","href":"https:\/\/api.w.org\/{rel}","templated":true}]}}