{"id":4423,"date":"2025-10-01T15:01:57","date_gmt":"2025-10-01T15:01:57","guid":{"rendered":"https:\/\/bhimportsexports.com\/hl=pt\/?post_type=product&#038;p=4423"},"modified":"2025-10-01T15:01:57","modified_gmt":"2025-10-01T15:01:57","slug":"rele-de-sobrecarga-ta200du-200-rele-de-sobrecarga-tripolar-bimetalico-classe-10-com-ajuste-termico-de-150-a-200a-linha-avancada-abb","status":"publish","type":"product","link":"https:\/\/bhimportsexports.com\/hl=pt\/produto\/rele-de-sobrecarga-ta200du-200-rele-de-sobrecarga-tripolar-bimetalico-classe-10-com-ajuste-termico-de-150-a-200a-linha-avancada-abb\/","title":{"rendered":"Rel\u00e9 de sobrecarga, TA200DU-200, rel\u00e9 de sobrecarga tripolar bimet\u00e1lico, classe 10, com ajuste t\u00e9rmico de 150 \u00e0 200A, Linha Avan\u00e7ada, ABB"},"content":{"rendered":"<div id=\"product.info.description\" class=\"data item content\" role=\"tabpanel\" data-role=\"content\" aria-labelledby=\"tab-label-product.info.description\" aria-hidden=\"false\">Os rel\u00e9s de sobrecarga t\u00e9rmicos TA200DU s\u00e3o dispositivos econ\u00f4micos de prote\u00e7\u00e3o eletromec\u00e2nica para o circuito principal. Eles oferecem uma prote\u00e7\u00e3o confi\u00e1vel para motores no caso de sobrecarga ou falha de fase. Os dispositivos possuem classe de Trip 10A. Os rel\u00e9s t\u00e9rmicos de sobrecarga s\u00e3o rel\u00e9s de tr\u00eas polos com elementos de atua\u00e7\u00e3o bi-met\u00e1lica.<\/div>\n<div id=\"tab-label-additional\" class=\"data item title\" tabindex=\"0\" role=\"tab\" aria-labeledby=\"tab-label-additional-title\" data-role=\"collapsible\" data-collapsible=\"true\" aria-controls=\"additional\" aria-selected=\"false\" aria-expanded=\"false\"><\/div>\n","protected":false},"excerpt":{"rendered":"<p>PRE\u00c7O SOB CONSULTA<\/p>\n","protected":false},"featured_media":4424,"comment_status":"open","ping_status":"closed","template":"","meta":[],"product_brand":[],"product_cat":[1085,1086],"product_tag":[],"class_list":{"0":"post-4423","1":"product","2":"type-product","3":"status-publish","4":"has-post-thumbnail","6":"product_cat-relay","7":"product_cat-rele","9":"first","10":"onbackorder","11":"shipping-taxable","12":"product-type-simple"},"yoast_head":"<!-- This site is optimized with the Yoast SEO plugin v27.4 - https:\/\/yoast.com\/product\/yoast-seo-wordpress\/ -->\n<title>Rel\u00e9 de sobrecarga, TA200DU-200, rel\u00e9 de sobrecarga tripolar bimet\u00e1lico, classe 10, com ajuste t\u00e9rmico de 150 \u00e0 200A, Linha Avan\u00e7ada, ABB - BH IMPORTS &amp; EXPORTS<\/title>\n<meta name=\"robots\" content=\"index, follow, max-snippet:-1, max-image-preview:large, max-video-preview:-1\" \/>\n<link rel=\"canonical\" href=\"https:\/\/bhimportsexports.com\/hl=pt\/produto\/rele-de-sobrecarga-ta200du-200-rele-de-sobrecarga-tripolar-bimetalico-classe-10-com-ajuste-termico-de-150-a-200a-linha-avancada-abb\/\" \/>\n<meta property=\"og:locale\" content=\"pt_BR\" \/>\n<meta property=\"og:type\" content=\"article\" \/>\n<meta property=\"og:title\" content=\"Rel\u00e9 de sobrecarga, TA200DU-200, rel\u00e9 de sobrecarga tripolar bimet\u00e1lico, classe 10, com ajuste t\u00e9rmico de 150 \u00e0 200A, Linha Avan\u00e7ada, ABB - BH IMPORTS &amp; EXPORTS\" \/>\n<meta property=\"og:description\" content=\"PRE\u00c7O SOB CONSULTA\" \/>\n<meta property=\"og:url\" content=\"https:\/\/bhimportsexports.com\/hl=pt\/produto\/rele-de-sobrecarga-ta200du-200-rele-de-sobrecarga-tripolar-bimetalico-classe-10-com-ajuste-termico-de-150-a-200a-linha-avancada-abb\/\" \/>\n<meta property=\"og:site_name\" content=\"BH IMPORTS &amp; EXPORTS\" \/>\n<meta property=\"og:image\" content=\"https:\/\/bhimportsexports.com\/wp-content\/uploads\/2025\/10\/6481969932cf36.49643916.webp\" \/>\n\t<meta property=\"og:image:width\" content=\"417\" \/>\n\t<meta property=\"og:image:height\" content=\"417\" \/>\n\t<meta property=\"og:image:type\" content=\"image\/webp\" \/>\n<meta name=\"twitter:card\" content=\"summary_large_image\" \/>\n<script type=\"application\/ld+json\" class=\"yoast-schema-graph\">{\"@context\":\"https:\\\/\\\/schema.org\",\"@graph\":[{\"@type\":\"WebPage\",\"@id\":\"https:\\\/\\\/bhimportsexports.com\\\/hl=pt\\\/produto\\\/rele-de-sobrecarga-ta200du-200-rele-de-sobrecarga-tripolar-bimetalico-classe-10-com-ajuste-termico-de-150-a-200a-linha-avancada-abb\\\/\",\"url\":\"https:\\\/\\\/bhimportsexports.com\\\/hl=pt\\\/produto\\\/rele-de-sobrecarga-ta200du-200-rele-de-sobrecarga-tripolar-bimetalico-classe-10-com-ajuste-termico-de-150-a-200a-linha-avancada-abb\\\/\",\"name\":\"Rel\u00e9 de sobrecarga, TA200DU-200, rel\u00e9 de sobrecarga tripolar bimet\u00e1lico, classe 10, com ajuste t\u00e9rmico de 150 \u00e0 200A, Linha Avan\u00e7ada, ABB - BH IMPORTS &amp; EXPORTS\",\"isPartOf\":{\"@id\":\"https:\\\/\\\/bhimportsexports.com\\\/hl=pt\\\/#website\"},\"primaryImageOfPage\":{\"@id\":\"https:\\\/\\\/bhimportsexports.com\\\/hl=pt\\\/produto\\\/rele-de-sobrecarga-ta200du-200-rele-de-sobrecarga-tripolar-bimetalico-classe-10-com-ajuste-termico-de-150-a-200a-linha-avancada-abb\\\/#primaryimage\"},\"image\":{\"@id\":\"https:\\\/\\\/bhimportsexports.com\\\/hl=pt\\\/produto\\\/rele-de-sobrecarga-ta200du-200-rele-de-sobrecarga-tripolar-bimetalico-classe-10-com-ajuste-termico-de-150-a-200a-linha-avancada-abb\\\/#primaryimage\"},\"thumbnailUrl\":\"https:\\\/\\\/bhimportsexports.com\\\/wp-content\\\/uploads\\\/2025\\\/10\\\/6481969932cf36.49643916.webp\",\"datePublished\":\"2025-10-01T15:01:57+00:00\",\"breadcrumb\":{\"@id\":\"https:\\\/\\\/bhimportsexports.com\\\/hl=pt\\\/produto\\\/rele-de-sobrecarga-ta200du-200-rele-de-sobrecarga-tripolar-bimetalico-classe-10-com-ajuste-termico-de-150-a-200a-linha-avancada-abb\\\/#breadcrumb\"},\"inLanguage\":\"pt-BR\",\"potentialAction\":[{\"@type\":\"ReadAction\",\"target\":[\"https:\\\/\\\/bhimportsexports.com\\\/hl=pt\\\/produto\\\/rele-de-sobrecarga-ta200du-200-rele-de-sobrecarga-tripolar-bimetalico-classe-10-com-ajuste-termico-de-150-a-200a-linha-avancada-abb\\\/\"]}]},{\"@type\":\"ImageObject\",\"inLanguage\":\"pt-BR\",\"@id\":\"https:\\\/\\\/bhimportsexports.com\\\/hl=pt\\\/produto\\\/rele-de-sobrecarga-ta200du-200-rele-de-sobrecarga-tripolar-bimetalico-classe-10-com-ajuste-termico-de-150-a-200a-linha-avancada-abb\\\/#primaryimage\",\"url\":\"https:\\\/\\\/bhimportsexports.com\\\/wp-content\\\/uploads\\\/2025\\\/10\\\/6481969932cf36.49643916.webp\",\"contentUrl\":\"https:\\\/\\\/bhimportsexports.com\\\/wp-content\\\/uploads\\\/2025\\\/10\\\/6481969932cf36.49643916.webp\",\"width\":417,\"height\":417},{\"@type\":\"BreadcrumbList\",\"@id\":\"https:\\\/\\\/bhimportsexports.com\\\/hl=pt\\\/produto\\\/rele-de-sobrecarga-ta200du-200-rele-de-sobrecarga-tripolar-bimetalico-classe-10-com-ajuste-termico-de-150-a-200a-linha-avancada-abb\\\/#breadcrumb\",\"itemListElement\":[{\"@type\":\"ListItem\",\"position\":1,\"name\":\"In\u00edcio\",\"item\":\"https:\\\/\\\/bhimportsexports.com\\\/hl=pt\\\/\"},{\"@type\":\"ListItem\",\"position\":2,\"name\":\"Loja\",\"item\":\"https:\\\/\\\/bhimportsexports.com\\\/hl=pt\\\/loja\\\/\"},{\"@type\":\"ListItem\",\"position\":3,\"name\":\"Rel\u00e9 de sobrecarga, TA200DU-200, rel\u00e9 de sobrecarga tripolar bimet\u00e1lico, classe 10, com ajuste t\u00e9rmico de 150 \u00e0 200A, Linha Avan\u00e7ada, ABB\"}]},{\"@type\":\"WebSite\",\"@id\":\"https:\\\/\\\/bhimportsexports.com\\\/hl=pt\\\/#website\",\"url\":\"https:\\\/\\\/bhimportsexports.com\\\/hl=pt\\\/\",\"name\":\"BH IMPORTS & EXPORTS\",\"description\":\"Innovation and excellence in international trade. Import, export, consultancy and sourcing.\",\"publisher\":{\"@id\":\"https:\\\/\\\/bhimportsexports.com\\\/hl=pt\\\/#organization\"},\"potentialAction\":[{\"@type\":\"SearchAction\",\"target\":{\"@type\":\"EntryPoint\",\"urlTemplate\":\"https:\\\/\\\/bhimportsexports.com\\\/hl=pt\\\/?s={search_term_string}\"},\"query-input\":{\"@type\":\"PropertyValueSpecification\",\"valueRequired\":true,\"valueName\":\"search_term_string\"}}],\"inLanguage\":\"pt-BR\"},{\"@type\":\"Organization\",\"@id\":\"https:\\\/\\\/bhimportsexports.com\\\/hl=pt\\\/#organization\",\"name\":\"BH IMPORTS & EXPORTS\",\"url\":\"https:\\\/\\\/bhimportsexports.com\\\/hl=pt\\\/\",\"logo\":{\"@type\":\"ImageObject\",\"inLanguage\":\"pt-BR\",\"@id\":\"https:\\\/\\\/bhimportsexports.com\\\/hl=pt\\\/#\\\/schema\\\/logo\\\/image\\\/\",\"url\":\"https:\\\/\\\/bhimportsexports.com\\\/wp-content\\\/uploads\\\/2024\\\/09\\\/BH-IMPORTS.png\",\"contentUrl\":\"https:\\\/\\\/bhimportsexports.com\\\/wp-content\\\/uploads\\\/2024\\\/09\\\/BH-IMPORTS.png\",\"width\":300,\"height\":200,\"caption\":\"BH IMPORTS & EXPORTS\"},\"image\":{\"@id\":\"https:\\\/\\\/bhimportsexports.com\\\/hl=pt\\\/#\\\/schema\\\/logo\\\/image\\\/\"}}]}<\/script>\n<!-- \/ Yoast SEO plugin. -->","yoast_head_json":{"title":"Rel\u00e9 de sobrecarga, TA200DU-200, rel\u00e9 de sobrecarga tripolar bimet\u00e1lico, classe 10, com ajuste t\u00e9rmico de 150 \u00e0 200A, Linha Avan\u00e7ada, ABB - BH IMPORTS &amp; EXPORTS","robots":{"index":"index","follow":"follow","max-snippet":"max-snippet:-1","max-image-preview":"max-image-preview:large","max-video-preview":"max-video-preview:-1"},"canonical":"https:\/\/bhimportsexports.com\/hl=pt\/produto\/rele-de-sobrecarga-ta200du-200-rele-de-sobrecarga-tripolar-bimetalico-classe-10-com-ajuste-termico-de-150-a-200a-linha-avancada-abb\/","og_locale":"pt_BR","og_type":"article","og_title":"Rel\u00e9 de sobrecarga, TA200DU-200, rel\u00e9 de sobrecarga tripolar bimet\u00e1lico, classe 10, com ajuste t\u00e9rmico de 150 \u00e0 200A, Linha Avan\u00e7ada, ABB - BH IMPORTS &amp; EXPORTS","og_description":"PRE\u00c7O SOB CONSULTA","og_url":"https:\/\/bhimportsexports.com\/hl=pt\/produto\/rele-de-sobrecarga-ta200du-200-rele-de-sobrecarga-tripolar-bimetalico-classe-10-com-ajuste-termico-de-150-a-200a-linha-avancada-abb\/","og_site_name":"BH IMPORTS &amp; EXPORTS","og_image":[{"width":417,"height":417,"url":"https:\/\/bhimportsexports.com\/wp-content\/uploads\/2025\/10\/6481969932cf36.49643916.webp","type":"image\/webp"}],"twitter_card":"summary_large_image","schema":{"@context":"https:\/\/schema.org","@graph":[{"@type":"WebPage","@id":"https:\/\/bhimportsexports.com\/hl=pt\/produto\/rele-de-sobrecarga-ta200du-200-rele-de-sobrecarga-tripolar-bimetalico-classe-10-com-ajuste-termico-de-150-a-200a-linha-avancada-abb\/","url":"https:\/\/bhimportsexports.com\/hl=pt\/produto\/rele-de-sobrecarga-ta200du-200-rele-de-sobrecarga-tripolar-bimetalico-classe-10-com-ajuste-termico-de-150-a-200a-linha-avancada-abb\/","name":"Rel\u00e9 de sobrecarga, TA200DU-200, rel\u00e9 de sobrecarga tripolar bimet\u00e1lico, classe 10, com ajuste t\u00e9rmico de 150 \u00e0 200A, Linha Avan\u00e7ada, ABB - BH IMPORTS &amp; EXPORTS","isPartOf":{"@id":"https:\/\/bhimportsexports.com\/hl=pt\/#website"},"primaryImageOfPage":{"@id":"https:\/\/bhimportsexports.com\/hl=pt\/produto\/rele-de-sobrecarga-ta200du-200-rele-de-sobrecarga-tripolar-bimetalico-classe-10-com-ajuste-termico-de-150-a-200a-linha-avancada-abb\/#primaryimage"},"image":{"@id":"https:\/\/bhimportsexports.com\/hl=pt\/produto\/rele-de-sobrecarga-ta200du-200-rele-de-sobrecarga-tripolar-bimetalico-classe-10-com-ajuste-termico-de-150-a-200a-linha-avancada-abb\/#primaryimage"},"thumbnailUrl":"https:\/\/bhimportsexports.com\/wp-content\/uploads\/2025\/10\/6481969932cf36.49643916.webp","datePublished":"2025-10-01T15:01:57+00:00","breadcrumb":{"@id":"https:\/\/bhimportsexports.com\/hl=pt\/produto\/rele-de-sobrecarga-ta200du-200-rele-de-sobrecarga-tripolar-bimetalico-classe-10-com-ajuste-termico-de-150-a-200a-linha-avancada-abb\/#breadcrumb"},"inLanguage":"pt-BR","potentialAction":[{"@type":"ReadAction","target":["https:\/\/bhimportsexports.com\/hl=pt\/produto\/rele-de-sobrecarga-ta200du-200-rele-de-sobrecarga-tripolar-bimetalico-classe-10-com-ajuste-termico-de-150-a-200a-linha-avancada-abb\/"]}]},{"@type":"ImageObject","inLanguage":"pt-BR","@id":"https:\/\/bhimportsexports.com\/hl=pt\/produto\/rele-de-sobrecarga-ta200du-200-rele-de-sobrecarga-tripolar-bimetalico-classe-10-com-ajuste-termico-de-150-a-200a-linha-avancada-abb\/#primaryimage","url":"https:\/\/bhimportsexports.com\/wp-content\/uploads\/2025\/10\/6481969932cf36.49643916.webp","contentUrl":"https:\/\/bhimportsexports.com\/wp-content\/uploads\/2025\/10\/6481969932cf36.49643916.webp","width":417,"height":417},{"@type":"BreadcrumbList","@id":"https:\/\/bhimportsexports.com\/hl=pt\/produto\/rele-de-sobrecarga-ta200du-200-rele-de-sobrecarga-tripolar-bimetalico-classe-10-com-ajuste-termico-de-150-a-200a-linha-avancada-abb\/#breadcrumb","itemListElement":[{"@type":"ListItem","position":1,"name":"In\u00edcio","item":"https:\/\/bhimportsexports.com\/hl=pt\/"},{"@type":"ListItem","position":2,"name":"Loja","item":"https:\/\/bhimportsexports.com\/hl=pt\/loja\/"},{"@type":"ListItem","position":3,"name":"Rel\u00e9 de sobrecarga, TA200DU-200, rel\u00e9 de sobrecarga tripolar bimet\u00e1lico, classe 10, com ajuste t\u00e9rmico de 150 \u00e0 200A, Linha Avan\u00e7ada, ABB"}]},{"@type":"WebSite","@id":"https:\/\/bhimportsexports.com\/hl=pt\/#website","url":"https:\/\/bhimportsexports.com\/hl=pt\/","name":"BH IMPORTS & EXPORTS","description":"Innovation and excellence in international trade. Import, export, consultancy and sourcing.","publisher":{"@id":"https:\/\/bhimportsexports.com\/hl=pt\/#organization"},"potentialAction":[{"@type":"SearchAction","target":{"@type":"EntryPoint","urlTemplate":"https:\/\/bhimportsexports.com\/hl=pt\/?s={search_term_string}"},"query-input":{"@type":"PropertyValueSpecification","valueRequired":true,"valueName":"search_term_string"}}],"inLanguage":"pt-BR"},{"@type":"Organization","@id":"https:\/\/bhimportsexports.com\/hl=pt\/#organization","name":"BH IMPORTS & EXPORTS","url":"https:\/\/bhimportsexports.com\/hl=pt\/","logo":{"@type":"ImageObject","inLanguage":"pt-BR","@id":"https:\/\/bhimportsexports.com\/hl=pt\/#\/schema\/logo\/image\/","url":"https:\/\/bhimportsexports.com\/wp-content\/uploads\/2024\/09\/BH-IMPORTS.png","contentUrl":"https:\/\/bhimportsexports.com\/wp-content\/uploads\/2024\/09\/BH-IMPORTS.png","width":300,"height":200,"caption":"BH IMPORTS & EXPORTS"},"image":{"@id":"https:\/\/bhimportsexports.com\/hl=pt\/#\/schema\/logo\/image\/"}}]}},"_links":{"self":[{"href":"https:\/\/bhimportsexports.com\/hl=pt\/wp-json\/wp\/v2\/product\/4423","targetHints":{"allow":["GET"]}}],"collection":[{"href":"https:\/\/bhimportsexports.com\/hl=pt\/wp-json\/wp\/v2\/product"}],"about":[{"href":"https:\/\/bhimportsexports.com\/hl=pt\/wp-json\/wp\/v2\/types\/product"}],"replies":[{"embeddable":true,"href":"https:\/\/bhimportsexports.com\/hl=pt\/wp-json\/wp\/v2\/comments?post=4423"}],"wp:featuredmedia":[{"embeddable":true,"href":"https:\/\/bhimportsexports.com\/hl=pt\/wp-json\/wp\/v2\/media\/4424"}],"wp:attachment":[{"href":"https:\/\/bhimportsexports.com\/hl=pt\/wp-json\/wp\/v2\/media?parent=4423"}],"wp:term":[{"taxonomy":"product_brand","embeddable":true,"href":"https:\/\/bhimportsexports.com\/hl=pt\/wp-json\/wp\/v2\/product_brand?post=4423"},{"taxonomy":"product_cat","embeddable":true,"href":"https:\/\/bhimportsexports.com\/hl=pt\/wp-json\/wp\/v2\/product_cat?post=4423"},{"taxonomy":"product_tag","embeddable":true,"href":"https:\/\/bhimportsexports.com\/hl=pt\/wp-json\/wp\/v2\/product_tag?post=4423"}],"curies":[{"name":"wp","href":"https:\/\/api.w.org\/{rel}","templated":true}]}}