{"id":4421,"date":"2025-10-01T15:00:20","date_gmt":"2025-10-01T15:00:20","guid":{"rendered":"https:\/\/bhimportsexports.com\/hl=pt\/?post_type=product&#038;p=4421"},"modified":"2025-10-01T15:00:21","modified_gmt":"2025-10-01T15:00:21","slug":"bobina-de-abertura-com-faixa-de-tensao-de-110v-50hz-60hz-para-disjuntores-motor-ms116-ms132-mo132-ms165-e-mo165-abb","status":"publish","type":"product","link":"https:\/\/bhimportsexports.com\/hl=pt\/produto\/bobina-de-abertura-com-faixa-de-tensao-de-110v-50hz-60hz-para-disjuntores-motor-ms116-ms132-mo132-ms165-e-mo165-abb\/","title":{"rendered":"bobina de abertura, com faixa de tens\u00e3o de 110V, 50Hz\/60Hz para disjuntores-motor MS116, MS132, MO132, MS165 e MO165, ABB"},"content":{"rendered":"<div id=\"product.info.description\" class=\"data item content\" role=\"tabpanel\" data-role=\"content\" aria-labelledby=\"tab-label-product.info.description\" aria-hidden=\"false\">Disjuntores-motor s\u00e3o dispositivos de prote\u00e7\u00e3o para o circuito principal. Eles combinam o controle e a prote\u00e7\u00e3o do motor em um \u00fanico dispositivo. Os disjuntores-motor s\u00e3o usados principalmente para LIGAR\/DESLIGAR motores manualmente e para proteger os motores e instala\u00e7\u00f5es sem fus\u00edveis contra curtocircuito, sobrecarga e falhas de fase.<\/div>\n<div id=\"tab-label-additional\" class=\"data item title\" tabindex=\"0\" role=\"tab\" aria-labeledby=\"tab-label-additional-title\" data-role=\"collapsible\" data-collapsible=\"true\" aria-controls=\"additional\" aria-selected=\"false\" aria-expanded=\"false\"><\/div>\n","protected":false},"excerpt":{"rendered":"<p>PRE\u00c7O SOB CONSULTA<\/p>\n","protected":false},"featured_media":4422,"comment_status":"open","ping_status":"closed","template":"","meta":[],"product_brand":[],"product_cat":[1192],"product_tag":[],"class_list":{"0":"post-4421","1":"product","2":"type-product","3":"status-publish","4":"has-post-thumbnail","6":"product_cat-acessorios","8":"first","9":"onbackorder","10":"shipping-taxable","11":"product-type-simple"},"yoast_head":"<!-- This site is optimized with the Yoast SEO plugin v27.4 - https:\/\/yoast.com\/product\/yoast-seo-wordpress\/ -->\n<title>bobina de abertura, com faixa de tens\u00e3o de 110V, 50Hz\/60Hz para disjuntores-motor MS116, MS132, MO132, MS165 e MO165, ABB - BH IMPORTS &amp; EXPORTS<\/title>\n<meta name=\"robots\" content=\"index, follow, max-snippet:-1, max-image-preview:large, max-video-preview:-1\" \/>\n<link rel=\"canonical\" href=\"https:\/\/bhimportsexports.com\/hl=pt\/produto\/bobina-de-abertura-com-faixa-de-tensao-de-110v-50hz-60hz-para-disjuntores-motor-ms116-ms132-mo132-ms165-e-mo165-abb\/\" \/>\n<meta property=\"og:locale\" content=\"pt_BR\" \/>\n<meta property=\"og:type\" content=\"article\" \/>\n<meta property=\"og:title\" content=\"bobina de abertura, com faixa de tens\u00e3o de 110V, 50Hz\/60Hz para disjuntores-motor MS116, MS132, MO132, MS165 e MO165, ABB - BH IMPORTS &amp; EXPORTS\" \/>\n<meta property=\"og:description\" content=\"PRE\u00c7O SOB CONSULTA\" \/>\n<meta property=\"og:url\" content=\"https:\/\/bhimportsexports.com\/hl=pt\/produto\/bobina-de-abertura-com-faixa-de-tensao-de-110v-50hz-60hz-para-disjuntores-motor-ms116-ms132-mo132-ms165-e-mo165-abb\/\" \/>\n<meta property=\"og:site_name\" content=\"BH IMPORTS &amp; EXPORTS\" \/>\n<meta property=\"article:modified_time\" content=\"2025-10-01T15:00:21+00:00\" \/>\n<meta property=\"og:image\" content=\"https:\/\/bhimportsexports.com\/wp-content\/uploads\/2025\/10\/6480fbab458db1.82528862.webp\" \/>\n\t<meta property=\"og:image:width\" content=\"417\" \/>\n\t<meta property=\"og:image:height\" content=\"417\" \/>\n\t<meta property=\"og:image:type\" content=\"image\/webp\" \/>\n<meta name=\"twitter:card\" content=\"summary_large_image\" \/>\n<script type=\"application\/ld+json\" class=\"yoast-schema-graph\">{\"@context\":\"https:\\\/\\\/schema.org\",\"@graph\":[{\"@type\":\"WebPage\",\"@id\":\"https:\\\/\\\/bhimportsexports.com\\\/hl=pt\\\/produto\\\/bobina-de-abertura-com-faixa-de-tensao-de-110v-50hz-60hz-para-disjuntores-motor-ms116-ms132-mo132-ms165-e-mo165-abb\\\/\",\"url\":\"https:\\\/\\\/bhimportsexports.com\\\/hl=pt\\\/produto\\\/bobina-de-abertura-com-faixa-de-tensao-de-110v-50hz-60hz-para-disjuntores-motor-ms116-ms132-mo132-ms165-e-mo165-abb\\\/\",\"name\":\"bobina de abertura, com faixa de tens\u00e3o de 110V, 50Hz\\\/60Hz para disjuntores-motor MS116, MS132, MO132, MS165 e MO165, ABB - BH IMPORTS &amp; EXPORTS\",\"isPartOf\":{\"@id\":\"https:\\\/\\\/bhimportsexports.com\\\/hl=pt\\\/#website\"},\"primaryImageOfPage\":{\"@id\":\"https:\\\/\\\/bhimportsexports.com\\\/hl=pt\\\/produto\\\/bobina-de-abertura-com-faixa-de-tensao-de-110v-50hz-60hz-para-disjuntores-motor-ms116-ms132-mo132-ms165-e-mo165-abb\\\/#primaryimage\"},\"image\":{\"@id\":\"https:\\\/\\\/bhimportsexports.com\\\/hl=pt\\\/produto\\\/bobina-de-abertura-com-faixa-de-tensao-de-110v-50hz-60hz-para-disjuntores-motor-ms116-ms132-mo132-ms165-e-mo165-abb\\\/#primaryimage\"},\"thumbnailUrl\":\"https:\\\/\\\/bhimportsexports.com\\\/wp-content\\\/uploads\\\/2025\\\/10\\\/6480fbab458db1.82528862.webp\",\"datePublished\":\"2025-10-01T15:00:20+00:00\",\"dateModified\":\"2025-10-01T15:00:21+00:00\",\"breadcrumb\":{\"@id\":\"https:\\\/\\\/bhimportsexports.com\\\/hl=pt\\\/produto\\\/bobina-de-abertura-com-faixa-de-tensao-de-110v-50hz-60hz-para-disjuntores-motor-ms116-ms132-mo132-ms165-e-mo165-abb\\\/#breadcrumb\"},\"inLanguage\":\"pt-BR\",\"potentialAction\":[{\"@type\":\"ReadAction\",\"target\":[\"https:\\\/\\\/bhimportsexports.com\\\/hl=pt\\\/produto\\\/bobina-de-abertura-com-faixa-de-tensao-de-110v-50hz-60hz-para-disjuntores-motor-ms116-ms132-mo132-ms165-e-mo165-abb\\\/\"]}]},{\"@type\":\"ImageObject\",\"inLanguage\":\"pt-BR\",\"@id\":\"https:\\\/\\\/bhimportsexports.com\\\/hl=pt\\\/produto\\\/bobina-de-abertura-com-faixa-de-tensao-de-110v-50hz-60hz-para-disjuntores-motor-ms116-ms132-mo132-ms165-e-mo165-abb\\\/#primaryimage\",\"url\":\"https:\\\/\\\/bhimportsexports.com\\\/wp-content\\\/uploads\\\/2025\\\/10\\\/6480fbab458db1.82528862.webp\",\"contentUrl\":\"https:\\\/\\\/bhimportsexports.com\\\/wp-content\\\/uploads\\\/2025\\\/10\\\/6480fbab458db1.82528862.webp\",\"width\":417,\"height\":417},{\"@type\":\"BreadcrumbList\",\"@id\":\"https:\\\/\\\/bhimportsexports.com\\\/hl=pt\\\/produto\\\/bobina-de-abertura-com-faixa-de-tensao-de-110v-50hz-60hz-para-disjuntores-motor-ms116-ms132-mo132-ms165-e-mo165-abb\\\/#breadcrumb\",\"itemListElement\":[{\"@type\":\"ListItem\",\"position\":1,\"name\":\"In\u00edcio\",\"item\":\"https:\\\/\\\/bhimportsexports.com\\\/hl=pt\\\/\"},{\"@type\":\"ListItem\",\"position\":2,\"name\":\"Loja\",\"item\":\"https:\\\/\\\/bhimportsexports.com\\\/hl=pt\\\/loja\\\/\"},{\"@type\":\"ListItem\",\"position\":3,\"name\":\"bobina de abertura, com faixa de tens\u00e3o de 110V, 50Hz\\\/60Hz para disjuntores-motor MS116, MS132, MO132, MS165 e MO165, ABB\"}]},{\"@type\":\"WebSite\",\"@id\":\"https:\\\/\\\/bhimportsexports.com\\\/hl=pt\\\/#website\",\"url\":\"https:\\\/\\\/bhimportsexports.com\\\/hl=pt\\\/\",\"name\":\"BH IMPORTS & EXPORTS\",\"description\":\"Innovation and excellence in international trade. Import, export, consultancy and sourcing.\",\"publisher\":{\"@id\":\"https:\\\/\\\/bhimportsexports.com\\\/hl=pt\\\/#organization\"},\"potentialAction\":[{\"@type\":\"SearchAction\",\"target\":{\"@type\":\"EntryPoint\",\"urlTemplate\":\"https:\\\/\\\/bhimportsexports.com\\\/hl=pt\\\/?s={search_term_string}\"},\"query-input\":{\"@type\":\"PropertyValueSpecification\",\"valueRequired\":true,\"valueName\":\"search_term_string\"}}],\"inLanguage\":\"pt-BR\"},{\"@type\":\"Organization\",\"@id\":\"https:\\\/\\\/bhimportsexports.com\\\/hl=pt\\\/#organization\",\"name\":\"BH IMPORTS & EXPORTS\",\"url\":\"https:\\\/\\\/bhimportsexports.com\\\/hl=pt\\\/\",\"logo\":{\"@type\":\"ImageObject\",\"inLanguage\":\"pt-BR\",\"@id\":\"https:\\\/\\\/bhimportsexports.com\\\/hl=pt\\\/#\\\/schema\\\/logo\\\/image\\\/\",\"url\":\"https:\\\/\\\/bhimportsexports.com\\\/wp-content\\\/uploads\\\/2024\\\/09\\\/BH-IMPORTS.png\",\"contentUrl\":\"https:\\\/\\\/bhimportsexports.com\\\/wp-content\\\/uploads\\\/2024\\\/09\\\/BH-IMPORTS.png\",\"width\":300,\"height\":200,\"caption\":\"BH IMPORTS & EXPORTS\"},\"image\":{\"@id\":\"https:\\\/\\\/bhimportsexports.com\\\/hl=pt\\\/#\\\/schema\\\/logo\\\/image\\\/\"}}]}<\/script>\n<!-- \/ Yoast SEO plugin. -->","yoast_head_json":{"title":"bobina de abertura, com faixa de tens\u00e3o de 110V, 50Hz\/60Hz para disjuntores-motor MS116, MS132, MO132, MS165 e MO165, ABB - BH IMPORTS &amp; EXPORTS","robots":{"index":"index","follow":"follow","max-snippet":"max-snippet:-1","max-image-preview":"max-image-preview:large","max-video-preview":"max-video-preview:-1"},"canonical":"https:\/\/bhimportsexports.com\/hl=pt\/produto\/bobina-de-abertura-com-faixa-de-tensao-de-110v-50hz-60hz-para-disjuntores-motor-ms116-ms132-mo132-ms165-e-mo165-abb\/","og_locale":"pt_BR","og_type":"article","og_title":"bobina de abertura, com faixa de tens\u00e3o de 110V, 50Hz\/60Hz para disjuntores-motor MS116, MS132, MO132, MS165 e MO165, ABB - BH IMPORTS &amp; EXPORTS","og_description":"PRE\u00c7O SOB CONSULTA","og_url":"https:\/\/bhimportsexports.com\/hl=pt\/produto\/bobina-de-abertura-com-faixa-de-tensao-de-110v-50hz-60hz-para-disjuntores-motor-ms116-ms132-mo132-ms165-e-mo165-abb\/","og_site_name":"BH IMPORTS &amp; EXPORTS","article_modified_time":"2025-10-01T15:00:21+00:00","og_image":[{"width":417,"height":417,"url":"https:\/\/bhimportsexports.com\/wp-content\/uploads\/2025\/10\/6480fbab458db1.82528862.webp","type":"image\/webp"}],"twitter_card":"summary_large_image","schema":{"@context":"https:\/\/schema.org","@graph":[{"@type":"WebPage","@id":"https:\/\/bhimportsexports.com\/hl=pt\/produto\/bobina-de-abertura-com-faixa-de-tensao-de-110v-50hz-60hz-para-disjuntores-motor-ms116-ms132-mo132-ms165-e-mo165-abb\/","url":"https:\/\/bhimportsexports.com\/hl=pt\/produto\/bobina-de-abertura-com-faixa-de-tensao-de-110v-50hz-60hz-para-disjuntores-motor-ms116-ms132-mo132-ms165-e-mo165-abb\/","name":"bobina de abertura, com faixa de tens\u00e3o de 110V, 50Hz\/60Hz para disjuntores-motor MS116, MS132, MO132, MS165 e MO165, ABB - BH IMPORTS &amp; EXPORTS","isPartOf":{"@id":"https:\/\/bhimportsexports.com\/hl=pt\/#website"},"primaryImageOfPage":{"@id":"https:\/\/bhimportsexports.com\/hl=pt\/produto\/bobina-de-abertura-com-faixa-de-tensao-de-110v-50hz-60hz-para-disjuntores-motor-ms116-ms132-mo132-ms165-e-mo165-abb\/#primaryimage"},"image":{"@id":"https:\/\/bhimportsexports.com\/hl=pt\/produto\/bobina-de-abertura-com-faixa-de-tensao-de-110v-50hz-60hz-para-disjuntores-motor-ms116-ms132-mo132-ms165-e-mo165-abb\/#primaryimage"},"thumbnailUrl":"https:\/\/bhimportsexports.com\/wp-content\/uploads\/2025\/10\/6480fbab458db1.82528862.webp","datePublished":"2025-10-01T15:00:20+00:00","dateModified":"2025-10-01T15:00:21+00:00","breadcrumb":{"@id":"https:\/\/bhimportsexports.com\/hl=pt\/produto\/bobina-de-abertura-com-faixa-de-tensao-de-110v-50hz-60hz-para-disjuntores-motor-ms116-ms132-mo132-ms165-e-mo165-abb\/#breadcrumb"},"inLanguage":"pt-BR","potentialAction":[{"@type":"ReadAction","target":["https:\/\/bhimportsexports.com\/hl=pt\/produto\/bobina-de-abertura-com-faixa-de-tensao-de-110v-50hz-60hz-para-disjuntores-motor-ms116-ms132-mo132-ms165-e-mo165-abb\/"]}]},{"@type":"ImageObject","inLanguage":"pt-BR","@id":"https:\/\/bhimportsexports.com\/hl=pt\/produto\/bobina-de-abertura-com-faixa-de-tensao-de-110v-50hz-60hz-para-disjuntores-motor-ms116-ms132-mo132-ms165-e-mo165-abb\/#primaryimage","url":"https:\/\/bhimportsexports.com\/wp-content\/uploads\/2025\/10\/6480fbab458db1.82528862.webp","contentUrl":"https:\/\/bhimportsexports.com\/wp-content\/uploads\/2025\/10\/6480fbab458db1.82528862.webp","width":417,"height":417},{"@type":"BreadcrumbList","@id":"https:\/\/bhimportsexports.com\/hl=pt\/produto\/bobina-de-abertura-com-faixa-de-tensao-de-110v-50hz-60hz-para-disjuntores-motor-ms116-ms132-mo132-ms165-e-mo165-abb\/#breadcrumb","itemListElement":[{"@type":"ListItem","position":1,"name":"In\u00edcio","item":"https:\/\/bhimportsexports.com\/hl=pt\/"},{"@type":"ListItem","position":2,"name":"Loja","item":"https:\/\/bhimportsexports.com\/hl=pt\/loja\/"},{"@type":"ListItem","position":3,"name":"bobina de abertura, com faixa de tens\u00e3o de 110V, 50Hz\/60Hz para disjuntores-motor MS116, MS132, MO132, MS165 e MO165, ABB"}]},{"@type":"WebSite","@id":"https:\/\/bhimportsexports.com\/hl=pt\/#website","url":"https:\/\/bhimportsexports.com\/hl=pt\/","name":"BH IMPORTS & EXPORTS","description":"Innovation and excellence in international trade. Import, export, consultancy and sourcing.","publisher":{"@id":"https:\/\/bhimportsexports.com\/hl=pt\/#organization"},"potentialAction":[{"@type":"SearchAction","target":{"@type":"EntryPoint","urlTemplate":"https:\/\/bhimportsexports.com\/hl=pt\/?s={search_term_string}"},"query-input":{"@type":"PropertyValueSpecification","valueRequired":true,"valueName":"search_term_string"}}],"inLanguage":"pt-BR"},{"@type":"Organization","@id":"https:\/\/bhimportsexports.com\/hl=pt\/#organization","name":"BH IMPORTS & EXPORTS","url":"https:\/\/bhimportsexports.com\/hl=pt\/","logo":{"@type":"ImageObject","inLanguage":"pt-BR","@id":"https:\/\/bhimportsexports.com\/hl=pt\/#\/schema\/logo\/image\/","url":"https:\/\/bhimportsexports.com\/wp-content\/uploads\/2024\/09\/BH-IMPORTS.png","contentUrl":"https:\/\/bhimportsexports.com\/wp-content\/uploads\/2024\/09\/BH-IMPORTS.png","width":300,"height":200,"caption":"BH IMPORTS & EXPORTS"},"image":{"@id":"https:\/\/bhimportsexports.com\/hl=pt\/#\/schema\/logo\/image\/"}}]}},"_links":{"self":[{"href":"https:\/\/bhimportsexports.com\/hl=pt\/wp-json\/wp\/v2\/product\/4421","targetHints":{"allow":["GET"]}}],"collection":[{"href":"https:\/\/bhimportsexports.com\/hl=pt\/wp-json\/wp\/v2\/product"}],"about":[{"href":"https:\/\/bhimportsexports.com\/hl=pt\/wp-json\/wp\/v2\/types\/product"}],"replies":[{"embeddable":true,"href":"https:\/\/bhimportsexports.com\/hl=pt\/wp-json\/wp\/v2\/comments?post=4421"}],"wp:featuredmedia":[{"embeddable":true,"href":"https:\/\/bhimportsexports.com\/hl=pt\/wp-json\/wp\/v2\/media\/4422"}],"wp:attachment":[{"href":"https:\/\/bhimportsexports.com\/hl=pt\/wp-json\/wp\/v2\/media?parent=4421"}],"wp:term":[{"taxonomy":"product_brand","embeddable":true,"href":"https:\/\/bhimportsexports.com\/hl=pt\/wp-json\/wp\/v2\/product_brand?post=4421"},{"taxonomy":"product_cat","embeddable":true,"href":"https:\/\/bhimportsexports.com\/hl=pt\/wp-json\/wp\/v2\/product_cat?post=4421"},{"taxonomy":"product_tag","embeddable":true,"href":"https:\/\/bhimportsexports.com\/hl=pt\/wp-json\/wp\/v2\/product_tag?post=4421"}],"curies":[{"name":"wp","href":"https:\/\/api.w.org\/{rel}","templated":true}]}}