{"id":4386,"date":"2025-09-19T13:00:04","date_gmt":"2025-09-19T13:00:04","guid":{"rendered":"https:\/\/bhimportsexports.com\/hl=pt\/?post_type=product&#038;p=4386"},"modified":"2025-09-19T13:00:05","modified_gmt":"2025-09-19T13:00:05","slug":"interface-abe7-16-canais-de-rele-com-isolacao-24-vdc","status":"publish","type":"product","link":"https:\/\/bhimportsexports.com\/hl=pt\/produto\/interface-abe7-16-canais-de-rele-com-isolacao-24-vdc\/","title":{"rendered":"Interface ABE7 \u2013 16 Canais de Rel\u00e9 com Isola\u00e7\u00e3o \u2013 24 Vdc"},"content":{"rendered":"<div class=\"elementor-element elementor-element-589b9f3 e-flex e-con-boxed e-con e-child\" data-id=\"589b9f3\" data-element_type=\"container\">\n<div class=\"e-con-inner\">\n<div class=\"elementor-element elementor-element-85d65c7 elementor-widget elementor-widget-text-editor\" data-id=\"85d65c7\" data-element_type=\"widget\" data-widget_type=\"text-editor.default\">\n<div class=\"elementor-widget-container\"><span dir=\"auto\">Linha de produtos Modicon ABE7 Tipo de produto ou componente Rel\u00e9 de entrada de estado s\u00f3lido Tens\u00e3o de alimenta\u00e7\u00e3o nominal da subbase [Us] 24 V CC (extremidade do PLC) 24 V CC (extremidade do sensor) N\u00famero de canais 16 N\u00famero de terminais por canal 2 conex\u00f5es \u2013 terminais Terminais tipo parafuso, 1 x 0,09\u20261 x 1,5 mm\u00b2, 0,09\u20261,5 mm\u00b2 (AWG 28\u202616 AWG) Flex\u00edvel com terminais tipo parafuso na extremidade do cabo, 1 x 0,14\u20261 x 2,5 mm\u00b2, 0,14\u20262,5 mm\u00b2 (AWG 26\u2026AWG 12) Terminais tipo parafuso s\u00f3lido, 1 x 0,14\u20261 x 2,5 mm\u00b2, 0,14\u20262,5 mm\u00b2 (AWG 26\u2026AWG 14) Flex\u00edvel sem terminais tipo parafuso na extremidade do cabo, 2 x 0,09\u20262 x 0,75 mm\u00b2, 0,09\u20260,75 mm\u00b2 (AWG 28\u202620 AWG) Flex\u00edvel Com terminais de parafuso na extremidade do cabo, 2 x 0,2\u20262 x 2,5 mm\u00b2, 0,2\u20262,5 mm\u00b2 (AWG 24\u2026AWG 14) S\u00f3lido Tipo de bloco de terminais complementar Limites de tens\u00e3o de alimenta\u00e7\u00e3o remov\u00edveis 19\u202630 V CC (extremidade do CLP) de acordo com IEC 61131-2 Parte operacional do CLP\/isolamento Sim Tipo de prote\u00e7\u00e3o Fus\u00edvel interno 1 A 5 x 20 mm Extremidade do CLP de a\u00e7\u00e3o r\u00e1pida Ajust\u00e1vel por fus\u00edvel externo Extremidade do sensor de a\u00e7\u00e3o r\u00e1pida Modo de fixa\u00e7\u00e3o Por clipes (trilho DIN de 35 mm) Por parafusos (placa s\u00f3lida com kit de fixa\u00e7\u00e3o)<\/span><\/div>\n<\/div>\n<\/div>\n<\/div>\n<div class=\"elementor-element elementor-element-b780bfe elementor-widget elementor-widget-spacer\" data-id=\"b780bfe\" data-element_type=\"widget\" data-widget_type=\"spacer.default\">\n<div class=\"elementor-widget-container\">\n<div class=\"elementor-spacer\"><\/div>\n<\/div>\n<\/div>\n","protected":false},"excerpt":{"rendered":"<p>PRE\u00c7O SOB CONSULTA<\/p>\n","protected":false},"featured_media":4387,"comment_status":"open","ping_status":"closed","template":"","meta":[],"product_brand":[],"product_cat":[1125],"product_tag":[],"class_list":{"0":"post-4386","1":"product","2":"type-product","3":"status-publish","4":"has-post-thumbnail","6":"product_cat-modulo","8":"first","9":"onbackorder","10":"shipping-taxable","11":"product-type-simple"},"yoast_head":"<!-- This site is optimized with the Yoast SEO plugin v27.4 - https:\/\/yoast.com\/product\/yoast-seo-wordpress\/ -->\n<title>Interface ABE7 \u2013 16 Canais de Rel\u00e9 com Isola\u00e7\u00e3o \u2013 24 Vdc - BH IMPORTS &amp; EXPORTS<\/title>\n<meta name=\"robots\" content=\"index, follow, max-snippet:-1, max-image-preview:large, max-video-preview:-1\" \/>\n<link rel=\"canonical\" href=\"https:\/\/bhimportsexports.com\/hl=pt\/produto\/interface-abe7-16-canais-de-rele-com-isolacao-24-vdc\/\" \/>\n<meta property=\"og:locale\" content=\"pt_BR\" \/>\n<meta property=\"og:type\" content=\"article\" \/>\n<meta property=\"og:title\" content=\"Interface ABE7 \u2013 16 Canais de Rel\u00e9 com Isola\u00e7\u00e3o \u2013 24 Vdc - BH IMPORTS &amp; EXPORTS\" \/>\n<meta property=\"og:description\" content=\"PRE\u00c7O SOB CONSULTA\" \/>\n<meta property=\"og:url\" content=\"https:\/\/bhimportsexports.com\/hl=pt\/produto\/interface-abe7-16-canais-de-rele-com-isolacao-24-vdc\/\" \/>\n<meta property=\"og:site_name\" content=\"BH IMPORTS &amp; EXPORTS\" \/>\n<meta property=\"article:modified_time\" content=\"2025-09-19T13:00:05+00:00\" \/>\n<meta property=\"og:image\" content=\"https:\/\/bhimportsexports.com\/wp-content\/uploads\/2025\/09\/ABE7S16E2B1_main_web-300x300-1.jpg\" \/>\n\t<meta property=\"og:image:width\" content=\"300\" \/>\n\t<meta property=\"og:image:height\" content=\"300\" \/>\n\t<meta property=\"og:image:type\" content=\"image\/jpeg\" \/>\n<meta name=\"twitter:card\" content=\"summary_large_image\" \/>\n<meta name=\"twitter:label1\" content=\"Est. tempo de leitura\" \/>\n\t<meta name=\"twitter:data1\" content=\"1 minuto\" \/>\n<script type=\"application\/ld+json\" class=\"yoast-schema-graph\">{\"@context\":\"https:\\\/\\\/schema.org\",\"@graph\":[{\"@type\":\"WebPage\",\"@id\":\"https:\\\/\\\/bhimportsexports.com\\\/hl=pt\\\/produto\\\/interface-abe7-16-canais-de-rele-com-isolacao-24-vdc\\\/\",\"url\":\"https:\\\/\\\/bhimportsexports.com\\\/hl=pt\\\/produto\\\/interface-abe7-16-canais-de-rele-com-isolacao-24-vdc\\\/\",\"name\":\"Interface ABE7 \u2013 16 Canais de Rel\u00e9 com Isola\u00e7\u00e3o \u2013 24 Vdc - BH IMPORTS &amp; EXPORTS\",\"isPartOf\":{\"@id\":\"https:\\\/\\\/bhimportsexports.com\\\/hl=pt\\\/#website\"},\"primaryImageOfPage\":{\"@id\":\"https:\\\/\\\/bhimportsexports.com\\\/hl=pt\\\/produto\\\/interface-abe7-16-canais-de-rele-com-isolacao-24-vdc\\\/#primaryimage\"},\"image\":{\"@id\":\"https:\\\/\\\/bhimportsexports.com\\\/hl=pt\\\/produto\\\/interface-abe7-16-canais-de-rele-com-isolacao-24-vdc\\\/#primaryimage\"},\"thumbnailUrl\":\"https:\\\/\\\/bhimportsexports.com\\\/wp-content\\\/uploads\\\/2025\\\/09\\\/ABE7S16E2B1_main_web-300x300-1.jpg\",\"datePublished\":\"2025-09-19T13:00:04+00:00\",\"dateModified\":\"2025-09-19T13:00:05+00:00\",\"breadcrumb\":{\"@id\":\"https:\\\/\\\/bhimportsexports.com\\\/hl=pt\\\/produto\\\/interface-abe7-16-canais-de-rele-com-isolacao-24-vdc\\\/#breadcrumb\"},\"inLanguage\":\"pt-BR\",\"potentialAction\":[{\"@type\":\"ReadAction\",\"target\":[\"https:\\\/\\\/bhimportsexports.com\\\/hl=pt\\\/produto\\\/interface-abe7-16-canais-de-rele-com-isolacao-24-vdc\\\/\"]}]},{\"@type\":\"ImageObject\",\"inLanguage\":\"pt-BR\",\"@id\":\"https:\\\/\\\/bhimportsexports.com\\\/hl=pt\\\/produto\\\/interface-abe7-16-canais-de-rele-com-isolacao-24-vdc\\\/#primaryimage\",\"url\":\"https:\\\/\\\/bhimportsexports.com\\\/wp-content\\\/uploads\\\/2025\\\/09\\\/ABE7S16E2B1_main_web-300x300-1.jpg\",\"contentUrl\":\"https:\\\/\\\/bhimportsexports.com\\\/wp-content\\\/uploads\\\/2025\\\/09\\\/ABE7S16E2B1_main_web-300x300-1.jpg\",\"width\":300,\"height\":300},{\"@type\":\"BreadcrumbList\",\"@id\":\"https:\\\/\\\/bhimportsexports.com\\\/hl=pt\\\/produto\\\/interface-abe7-16-canais-de-rele-com-isolacao-24-vdc\\\/#breadcrumb\",\"itemListElement\":[{\"@type\":\"ListItem\",\"position\":1,\"name\":\"In\u00edcio\",\"item\":\"https:\\\/\\\/bhimportsexports.com\\\/hl=pt\\\/\"},{\"@type\":\"ListItem\",\"position\":2,\"name\":\"Loja\",\"item\":\"https:\\\/\\\/bhimportsexports.com\\\/hl=pt\\\/loja\\\/\"},{\"@type\":\"ListItem\",\"position\":3,\"name\":\"Interface ABE7 \u2013 16 Canais de Rel\u00e9 com Isola\u00e7\u00e3o \u2013 24 Vdc\"}]},{\"@type\":\"WebSite\",\"@id\":\"https:\\\/\\\/bhimportsexports.com\\\/hl=pt\\\/#website\",\"url\":\"https:\\\/\\\/bhimportsexports.com\\\/hl=pt\\\/\",\"name\":\"BH IMPORTS & EXPORTS\",\"description\":\"Innovation and excellence in international trade. Import, export, consultancy and sourcing.\",\"publisher\":{\"@id\":\"https:\\\/\\\/bhimportsexports.com\\\/hl=pt\\\/#organization\"},\"potentialAction\":[{\"@type\":\"SearchAction\",\"target\":{\"@type\":\"EntryPoint\",\"urlTemplate\":\"https:\\\/\\\/bhimportsexports.com\\\/hl=pt\\\/?s={search_term_string}\"},\"query-input\":{\"@type\":\"PropertyValueSpecification\",\"valueRequired\":true,\"valueName\":\"search_term_string\"}}],\"inLanguage\":\"pt-BR\"},{\"@type\":\"Organization\",\"@id\":\"https:\\\/\\\/bhimportsexports.com\\\/hl=pt\\\/#organization\",\"name\":\"BH IMPORTS & EXPORTS\",\"url\":\"https:\\\/\\\/bhimportsexports.com\\\/hl=pt\\\/\",\"logo\":{\"@type\":\"ImageObject\",\"inLanguage\":\"pt-BR\",\"@id\":\"https:\\\/\\\/bhimportsexports.com\\\/hl=pt\\\/#\\\/schema\\\/logo\\\/image\\\/\",\"url\":\"https:\\\/\\\/bhimportsexports.com\\\/wp-content\\\/uploads\\\/2024\\\/09\\\/BH-IMPORTS.png\",\"contentUrl\":\"https:\\\/\\\/bhimportsexports.com\\\/wp-content\\\/uploads\\\/2024\\\/09\\\/BH-IMPORTS.png\",\"width\":300,\"height\":200,\"caption\":\"BH IMPORTS & EXPORTS\"},\"image\":{\"@id\":\"https:\\\/\\\/bhimportsexports.com\\\/hl=pt\\\/#\\\/schema\\\/logo\\\/image\\\/\"}}]}<\/script>\n<!-- \/ Yoast SEO plugin. -->","yoast_head_json":{"title":"Interface ABE7 \u2013 16 Canais de Rel\u00e9 com Isola\u00e7\u00e3o \u2013 24 Vdc - BH IMPORTS &amp; EXPORTS","robots":{"index":"index","follow":"follow","max-snippet":"max-snippet:-1","max-image-preview":"max-image-preview:large","max-video-preview":"max-video-preview:-1"},"canonical":"https:\/\/bhimportsexports.com\/hl=pt\/produto\/interface-abe7-16-canais-de-rele-com-isolacao-24-vdc\/","og_locale":"pt_BR","og_type":"article","og_title":"Interface ABE7 \u2013 16 Canais de Rel\u00e9 com Isola\u00e7\u00e3o \u2013 24 Vdc - BH IMPORTS &amp; EXPORTS","og_description":"PRE\u00c7O SOB CONSULTA","og_url":"https:\/\/bhimportsexports.com\/hl=pt\/produto\/interface-abe7-16-canais-de-rele-com-isolacao-24-vdc\/","og_site_name":"BH IMPORTS &amp; EXPORTS","article_modified_time":"2025-09-19T13:00:05+00:00","og_image":[{"width":300,"height":300,"url":"https:\/\/bhimportsexports.com\/wp-content\/uploads\/2025\/09\/ABE7S16E2B1_main_web-300x300-1.jpg","type":"image\/jpeg"}],"twitter_card":"summary_large_image","twitter_misc":{"Est. tempo de leitura":"1 minuto"},"schema":{"@context":"https:\/\/schema.org","@graph":[{"@type":"WebPage","@id":"https:\/\/bhimportsexports.com\/hl=pt\/produto\/interface-abe7-16-canais-de-rele-com-isolacao-24-vdc\/","url":"https:\/\/bhimportsexports.com\/hl=pt\/produto\/interface-abe7-16-canais-de-rele-com-isolacao-24-vdc\/","name":"Interface ABE7 \u2013 16 Canais de Rel\u00e9 com Isola\u00e7\u00e3o \u2013 24 Vdc - BH IMPORTS &amp; EXPORTS","isPartOf":{"@id":"https:\/\/bhimportsexports.com\/hl=pt\/#website"},"primaryImageOfPage":{"@id":"https:\/\/bhimportsexports.com\/hl=pt\/produto\/interface-abe7-16-canais-de-rele-com-isolacao-24-vdc\/#primaryimage"},"image":{"@id":"https:\/\/bhimportsexports.com\/hl=pt\/produto\/interface-abe7-16-canais-de-rele-com-isolacao-24-vdc\/#primaryimage"},"thumbnailUrl":"https:\/\/bhimportsexports.com\/wp-content\/uploads\/2025\/09\/ABE7S16E2B1_main_web-300x300-1.jpg","datePublished":"2025-09-19T13:00:04+00:00","dateModified":"2025-09-19T13:00:05+00:00","breadcrumb":{"@id":"https:\/\/bhimportsexports.com\/hl=pt\/produto\/interface-abe7-16-canais-de-rele-com-isolacao-24-vdc\/#breadcrumb"},"inLanguage":"pt-BR","potentialAction":[{"@type":"ReadAction","target":["https:\/\/bhimportsexports.com\/hl=pt\/produto\/interface-abe7-16-canais-de-rele-com-isolacao-24-vdc\/"]}]},{"@type":"ImageObject","inLanguage":"pt-BR","@id":"https:\/\/bhimportsexports.com\/hl=pt\/produto\/interface-abe7-16-canais-de-rele-com-isolacao-24-vdc\/#primaryimage","url":"https:\/\/bhimportsexports.com\/wp-content\/uploads\/2025\/09\/ABE7S16E2B1_main_web-300x300-1.jpg","contentUrl":"https:\/\/bhimportsexports.com\/wp-content\/uploads\/2025\/09\/ABE7S16E2B1_main_web-300x300-1.jpg","width":300,"height":300},{"@type":"BreadcrumbList","@id":"https:\/\/bhimportsexports.com\/hl=pt\/produto\/interface-abe7-16-canais-de-rele-com-isolacao-24-vdc\/#breadcrumb","itemListElement":[{"@type":"ListItem","position":1,"name":"In\u00edcio","item":"https:\/\/bhimportsexports.com\/hl=pt\/"},{"@type":"ListItem","position":2,"name":"Loja","item":"https:\/\/bhimportsexports.com\/hl=pt\/loja\/"},{"@type":"ListItem","position":3,"name":"Interface ABE7 \u2013 16 Canais de Rel\u00e9 com Isola\u00e7\u00e3o \u2013 24 Vdc"}]},{"@type":"WebSite","@id":"https:\/\/bhimportsexports.com\/hl=pt\/#website","url":"https:\/\/bhimportsexports.com\/hl=pt\/","name":"BH IMPORTS & EXPORTS","description":"Innovation and excellence in international trade. Import, export, consultancy and sourcing.","publisher":{"@id":"https:\/\/bhimportsexports.com\/hl=pt\/#organization"},"potentialAction":[{"@type":"SearchAction","target":{"@type":"EntryPoint","urlTemplate":"https:\/\/bhimportsexports.com\/hl=pt\/?s={search_term_string}"},"query-input":{"@type":"PropertyValueSpecification","valueRequired":true,"valueName":"search_term_string"}}],"inLanguage":"pt-BR"},{"@type":"Organization","@id":"https:\/\/bhimportsexports.com\/hl=pt\/#organization","name":"BH IMPORTS & EXPORTS","url":"https:\/\/bhimportsexports.com\/hl=pt\/","logo":{"@type":"ImageObject","inLanguage":"pt-BR","@id":"https:\/\/bhimportsexports.com\/hl=pt\/#\/schema\/logo\/image\/","url":"https:\/\/bhimportsexports.com\/wp-content\/uploads\/2024\/09\/BH-IMPORTS.png","contentUrl":"https:\/\/bhimportsexports.com\/wp-content\/uploads\/2024\/09\/BH-IMPORTS.png","width":300,"height":200,"caption":"BH IMPORTS & EXPORTS"},"image":{"@id":"https:\/\/bhimportsexports.com\/hl=pt\/#\/schema\/logo\/image\/"}}]}},"_links":{"self":[{"href":"https:\/\/bhimportsexports.com\/hl=pt\/wp-json\/wp\/v2\/product\/4386","targetHints":{"allow":["GET"]}}],"collection":[{"href":"https:\/\/bhimportsexports.com\/hl=pt\/wp-json\/wp\/v2\/product"}],"about":[{"href":"https:\/\/bhimportsexports.com\/hl=pt\/wp-json\/wp\/v2\/types\/product"}],"replies":[{"embeddable":true,"href":"https:\/\/bhimportsexports.com\/hl=pt\/wp-json\/wp\/v2\/comments?post=4386"}],"wp:featuredmedia":[{"embeddable":true,"href":"https:\/\/bhimportsexports.com\/hl=pt\/wp-json\/wp\/v2\/media\/4387"}],"wp:attachment":[{"href":"https:\/\/bhimportsexports.com\/hl=pt\/wp-json\/wp\/v2\/media?parent=4386"}],"wp:term":[{"taxonomy":"product_brand","embeddable":true,"href":"https:\/\/bhimportsexports.com\/hl=pt\/wp-json\/wp\/v2\/product_brand?post=4386"},{"taxonomy":"product_cat","embeddable":true,"href":"https:\/\/bhimportsexports.com\/hl=pt\/wp-json\/wp\/v2\/product_cat?post=4386"},{"taxonomy":"product_tag","embeddable":true,"href":"https:\/\/bhimportsexports.com\/hl=pt\/wp-json\/wp\/v2\/product_tag?post=4386"}],"curies":[{"name":"wp","href":"https:\/\/api.w.org\/{rel}","templated":true}]}}