{"id":4364,"date":"2025-09-19T10:55:33","date_gmt":"2025-09-19T10:55:33","guid":{"rendered":"https:\/\/bhimportsexports.com\/hl=pt\/?post_type=product&#038;p=4364"},"modified":"2025-09-19T10:55:33","modified_gmt":"2025-09-19T10:55:33","slug":"6-separadores-de-fase-nsx250","status":"publish","type":"product","link":"https:\/\/bhimportsexports.com\/hl=pt\/produto\/6-separadores-de-fase-nsx250\/","title":{"rendered":"6 SEPARADORES DE FASE NSX250"},"content":{"rendered":"<div class=\"elementor-element elementor-element-589b9f3 e-flex e-con-boxed e-con e-child\" data-id=\"589b9f3\" data-element_type=\"container\">\n<div class=\"e-con-inner\">\n<div class=\"elementor-element elementor-element-85d65c7 elementor-widget elementor-widget-text-editor\" data-id=\"85d65c7\" data-element_type=\"widget\" data-widget_type=\"text-editor.default\">\n<div class=\"elementor-widget-container\"><span dir=\"auto\">Tipo de produto ou componente Compatibilidade da linha separadora de polos Nova gera\u00e7\u00e3o ComPacT ComPacT NSX100 Nova gera\u00e7\u00e3o Nova gera\u00e7\u00e3o ComPacT ComPacT NSX160 Nova gera\u00e7\u00e3o Nova gera\u00e7\u00e3o ComPacT ComPacT NSX250 Nova gera\u00e7\u00e3o Nova gera\u00e7\u00e3o ComPacT Nova gera\u00e7\u00e3o ComPacT NSXm DC NSX100 DC Nova gera\u00e7\u00e3o ComPacT Nova gera\u00e7\u00e3o ComPacT NSXm DC NSX160 DC Nova gera\u00e7\u00e3o ComPacT Nova gera\u00e7\u00e3o ComPacT NSXm DC NSX250 DC Compacto ComPact NSX100 Compacto ComPact NSX160 Compacto ComPact NSX250 Compacto Compacto NSX100 DC Compacto Compacto NSX160 DC Compacto Compacto NSX250 DC EasyPact EasyPact CVS100 EasyPact EasyPact CVS160 EasyPact EasyPact CVS250 PowerPact PowerPact H PowerPact PowerPact J Compacto INS250 Compacto Compacto INV100\u2026250 Tipo de acess\u00f3rios\/pe\u00e7as separadas Acess\u00f3rios de isolamento Quantidade por conjunto Conjunto de 6 Complementar Compatibilidade do produto Disjuntor Conex\u00e3o de base<\/span><\/div>\n<\/div>\n<\/div>\n<\/div>\n<div class=\"elementor-element elementor-element-b780bfe elementor-widget elementor-widget-spacer\" data-id=\"b780bfe\" data-element_type=\"widget\" data-widget_type=\"spacer.default\">\n<div class=\"elementor-widget-container\">\n<div class=\"elementor-spacer\"><\/div>\n<\/div>\n<\/div>\n","protected":false},"excerpt":{"rendered":"<p>PRE\u00c7O SOB CONSULTA<\/p>\n","protected":false},"featured_media":4365,"comment_status":"open","ping_status":"closed","template":"","meta":[],"product_brand":[],"product_cat":[1206],"product_tag":[],"class_list":{"0":"post-4364","1":"product","2":"type-product","3":"status-publish","4":"has-post-thumbnail","6":"product_cat-separadores","8":"first","9":"onbackorder","10":"shipping-taxable","11":"product-type-simple"},"yoast_head":"<!-- This site is optimized with the Yoast SEO plugin v27.4 - https:\/\/yoast.com\/product\/yoast-seo-wordpress\/ -->\n<title>6 SEPARADORES DE FASE NSX250 - BH IMPORTS &amp; EXPORTS<\/title>\n<meta name=\"robots\" content=\"index, follow, max-snippet:-1, max-image-preview:large, max-video-preview:-1\" \/>\n<link rel=\"canonical\" href=\"https:\/\/bhimportsexports.com\/hl=pt\/produto\/6-separadores-de-fase-nsx250\/\" \/>\n<meta property=\"og:locale\" content=\"pt_BR\" \/>\n<meta property=\"og:type\" content=\"article\" \/>\n<meta property=\"og:title\" content=\"6 SEPARADORES DE FASE NSX250 - BH IMPORTS &amp; EXPORTS\" \/>\n<meta property=\"og:description\" content=\"PRE\u00c7O SOB CONSULTA\" \/>\n<meta property=\"og:url\" content=\"https:\/\/bhimportsexports.com\/hl=pt\/produto\/6-separadores-de-fase-nsx250\/\" \/>\n<meta property=\"og:site_name\" content=\"BH IMPORTS &amp; EXPORTS\" \/>\n<meta property=\"og:image\" content=\"https:\/\/bhimportsexports.com\/wp-content\/uploads\/2025\/09\/ODALV429329_web-300x300-1.jpg\" \/>\n\t<meta property=\"og:image:width\" content=\"300\" \/>\n\t<meta property=\"og:image:height\" content=\"300\" \/>\n\t<meta property=\"og:image:type\" content=\"image\/jpeg\" \/>\n<meta name=\"twitter:card\" content=\"summary_large_image\" \/>\n<meta name=\"twitter:label1\" content=\"Est. tempo de leitura\" \/>\n\t<meta name=\"twitter:data1\" content=\"1 minuto\" \/>\n<script type=\"application\/ld+json\" class=\"yoast-schema-graph\">{\"@context\":\"https:\\\/\\\/schema.org\",\"@graph\":[{\"@type\":\"WebPage\",\"@id\":\"https:\\\/\\\/bhimportsexports.com\\\/hl=pt\\\/produto\\\/6-separadores-de-fase-nsx250\\\/\",\"url\":\"https:\\\/\\\/bhimportsexports.com\\\/hl=pt\\\/produto\\\/6-separadores-de-fase-nsx250\\\/\",\"name\":\"6 SEPARADORES DE FASE NSX250 - BH IMPORTS &amp; EXPORTS\",\"isPartOf\":{\"@id\":\"https:\\\/\\\/bhimportsexports.com\\\/hl=pt\\\/#website\"},\"primaryImageOfPage\":{\"@id\":\"https:\\\/\\\/bhimportsexports.com\\\/hl=pt\\\/produto\\\/6-separadores-de-fase-nsx250\\\/#primaryimage\"},\"image\":{\"@id\":\"https:\\\/\\\/bhimportsexports.com\\\/hl=pt\\\/produto\\\/6-separadores-de-fase-nsx250\\\/#primaryimage\"},\"thumbnailUrl\":\"https:\\\/\\\/bhimportsexports.com\\\/wp-content\\\/uploads\\\/2025\\\/09\\\/ODALV429329_web-300x300-1.jpg\",\"datePublished\":\"2025-09-19T10:55:33+00:00\",\"breadcrumb\":{\"@id\":\"https:\\\/\\\/bhimportsexports.com\\\/hl=pt\\\/produto\\\/6-separadores-de-fase-nsx250\\\/#breadcrumb\"},\"inLanguage\":\"pt-BR\",\"potentialAction\":[{\"@type\":\"ReadAction\",\"target\":[\"https:\\\/\\\/bhimportsexports.com\\\/hl=pt\\\/produto\\\/6-separadores-de-fase-nsx250\\\/\"]}]},{\"@type\":\"ImageObject\",\"inLanguage\":\"pt-BR\",\"@id\":\"https:\\\/\\\/bhimportsexports.com\\\/hl=pt\\\/produto\\\/6-separadores-de-fase-nsx250\\\/#primaryimage\",\"url\":\"https:\\\/\\\/bhimportsexports.com\\\/wp-content\\\/uploads\\\/2025\\\/09\\\/ODALV429329_web-300x300-1.jpg\",\"contentUrl\":\"https:\\\/\\\/bhimportsexports.com\\\/wp-content\\\/uploads\\\/2025\\\/09\\\/ODALV429329_web-300x300-1.jpg\",\"width\":300,\"height\":300},{\"@type\":\"BreadcrumbList\",\"@id\":\"https:\\\/\\\/bhimportsexports.com\\\/hl=pt\\\/produto\\\/6-separadores-de-fase-nsx250\\\/#breadcrumb\",\"itemListElement\":[{\"@type\":\"ListItem\",\"position\":1,\"name\":\"In\u00edcio\",\"item\":\"https:\\\/\\\/bhimportsexports.com\\\/hl=pt\\\/\"},{\"@type\":\"ListItem\",\"position\":2,\"name\":\"Loja\",\"item\":\"https:\\\/\\\/bhimportsexports.com\\\/hl=pt\\\/loja\\\/\"},{\"@type\":\"ListItem\",\"position\":3,\"name\":\"6 SEPARADORES DE FASE NSX250\"}]},{\"@type\":\"WebSite\",\"@id\":\"https:\\\/\\\/bhimportsexports.com\\\/hl=pt\\\/#website\",\"url\":\"https:\\\/\\\/bhimportsexports.com\\\/hl=pt\\\/\",\"name\":\"BH IMPORTS & EXPORTS\",\"description\":\"Innovation and excellence in international trade. Import, export, consultancy and sourcing.\",\"publisher\":{\"@id\":\"https:\\\/\\\/bhimportsexports.com\\\/hl=pt\\\/#organization\"},\"potentialAction\":[{\"@type\":\"SearchAction\",\"target\":{\"@type\":\"EntryPoint\",\"urlTemplate\":\"https:\\\/\\\/bhimportsexports.com\\\/hl=pt\\\/?s={search_term_string}\"},\"query-input\":{\"@type\":\"PropertyValueSpecification\",\"valueRequired\":true,\"valueName\":\"search_term_string\"}}],\"inLanguage\":\"pt-BR\"},{\"@type\":\"Organization\",\"@id\":\"https:\\\/\\\/bhimportsexports.com\\\/hl=pt\\\/#organization\",\"name\":\"BH IMPORTS & EXPORTS\",\"url\":\"https:\\\/\\\/bhimportsexports.com\\\/hl=pt\\\/\",\"logo\":{\"@type\":\"ImageObject\",\"inLanguage\":\"pt-BR\",\"@id\":\"https:\\\/\\\/bhimportsexports.com\\\/hl=pt\\\/#\\\/schema\\\/logo\\\/image\\\/\",\"url\":\"https:\\\/\\\/bhimportsexports.com\\\/wp-content\\\/uploads\\\/2024\\\/09\\\/BH-IMPORTS.png\",\"contentUrl\":\"https:\\\/\\\/bhimportsexports.com\\\/wp-content\\\/uploads\\\/2024\\\/09\\\/BH-IMPORTS.png\",\"width\":300,\"height\":200,\"caption\":\"BH IMPORTS & EXPORTS\"},\"image\":{\"@id\":\"https:\\\/\\\/bhimportsexports.com\\\/hl=pt\\\/#\\\/schema\\\/logo\\\/image\\\/\"}}]}<\/script>\n<!-- \/ Yoast SEO plugin. -->","yoast_head_json":{"title":"6 SEPARADORES DE FASE NSX250 - BH IMPORTS &amp; EXPORTS","robots":{"index":"index","follow":"follow","max-snippet":"max-snippet:-1","max-image-preview":"max-image-preview:large","max-video-preview":"max-video-preview:-1"},"canonical":"https:\/\/bhimportsexports.com\/hl=pt\/produto\/6-separadores-de-fase-nsx250\/","og_locale":"pt_BR","og_type":"article","og_title":"6 SEPARADORES DE FASE NSX250 - BH IMPORTS &amp; EXPORTS","og_description":"PRE\u00c7O SOB CONSULTA","og_url":"https:\/\/bhimportsexports.com\/hl=pt\/produto\/6-separadores-de-fase-nsx250\/","og_site_name":"BH IMPORTS &amp; EXPORTS","og_image":[{"width":300,"height":300,"url":"https:\/\/bhimportsexports.com\/wp-content\/uploads\/2025\/09\/ODALV429329_web-300x300-1.jpg","type":"image\/jpeg"}],"twitter_card":"summary_large_image","twitter_misc":{"Est. tempo de leitura":"1 minuto"},"schema":{"@context":"https:\/\/schema.org","@graph":[{"@type":"WebPage","@id":"https:\/\/bhimportsexports.com\/hl=pt\/produto\/6-separadores-de-fase-nsx250\/","url":"https:\/\/bhimportsexports.com\/hl=pt\/produto\/6-separadores-de-fase-nsx250\/","name":"6 SEPARADORES DE FASE NSX250 - BH IMPORTS &amp; EXPORTS","isPartOf":{"@id":"https:\/\/bhimportsexports.com\/hl=pt\/#website"},"primaryImageOfPage":{"@id":"https:\/\/bhimportsexports.com\/hl=pt\/produto\/6-separadores-de-fase-nsx250\/#primaryimage"},"image":{"@id":"https:\/\/bhimportsexports.com\/hl=pt\/produto\/6-separadores-de-fase-nsx250\/#primaryimage"},"thumbnailUrl":"https:\/\/bhimportsexports.com\/wp-content\/uploads\/2025\/09\/ODALV429329_web-300x300-1.jpg","datePublished":"2025-09-19T10:55:33+00:00","breadcrumb":{"@id":"https:\/\/bhimportsexports.com\/hl=pt\/produto\/6-separadores-de-fase-nsx250\/#breadcrumb"},"inLanguage":"pt-BR","potentialAction":[{"@type":"ReadAction","target":["https:\/\/bhimportsexports.com\/hl=pt\/produto\/6-separadores-de-fase-nsx250\/"]}]},{"@type":"ImageObject","inLanguage":"pt-BR","@id":"https:\/\/bhimportsexports.com\/hl=pt\/produto\/6-separadores-de-fase-nsx250\/#primaryimage","url":"https:\/\/bhimportsexports.com\/wp-content\/uploads\/2025\/09\/ODALV429329_web-300x300-1.jpg","contentUrl":"https:\/\/bhimportsexports.com\/wp-content\/uploads\/2025\/09\/ODALV429329_web-300x300-1.jpg","width":300,"height":300},{"@type":"BreadcrumbList","@id":"https:\/\/bhimportsexports.com\/hl=pt\/produto\/6-separadores-de-fase-nsx250\/#breadcrumb","itemListElement":[{"@type":"ListItem","position":1,"name":"In\u00edcio","item":"https:\/\/bhimportsexports.com\/hl=pt\/"},{"@type":"ListItem","position":2,"name":"Loja","item":"https:\/\/bhimportsexports.com\/hl=pt\/loja\/"},{"@type":"ListItem","position":3,"name":"6 SEPARADORES DE FASE NSX250"}]},{"@type":"WebSite","@id":"https:\/\/bhimportsexports.com\/hl=pt\/#website","url":"https:\/\/bhimportsexports.com\/hl=pt\/","name":"BH IMPORTS & EXPORTS","description":"Innovation and excellence in international trade. Import, export, consultancy and sourcing.","publisher":{"@id":"https:\/\/bhimportsexports.com\/hl=pt\/#organization"},"potentialAction":[{"@type":"SearchAction","target":{"@type":"EntryPoint","urlTemplate":"https:\/\/bhimportsexports.com\/hl=pt\/?s={search_term_string}"},"query-input":{"@type":"PropertyValueSpecification","valueRequired":true,"valueName":"search_term_string"}}],"inLanguage":"pt-BR"},{"@type":"Organization","@id":"https:\/\/bhimportsexports.com\/hl=pt\/#organization","name":"BH IMPORTS & EXPORTS","url":"https:\/\/bhimportsexports.com\/hl=pt\/","logo":{"@type":"ImageObject","inLanguage":"pt-BR","@id":"https:\/\/bhimportsexports.com\/hl=pt\/#\/schema\/logo\/image\/","url":"https:\/\/bhimportsexports.com\/wp-content\/uploads\/2024\/09\/BH-IMPORTS.png","contentUrl":"https:\/\/bhimportsexports.com\/wp-content\/uploads\/2024\/09\/BH-IMPORTS.png","width":300,"height":200,"caption":"BH IMPORTS & EXPORTS"},"image":{"@id":"https:\/\/bhimportsexports.com\/hl=pt\/#\/schema\/logo\/image\/"}}]}},"_links":{"self":[{"href":"https:\/\/bhimportsexports.com\/hl=pt\/wp-json\/wp\/v2\/product\/4364","targetHints":{"allow":["GET"]}}],"collection":[{"href":"https:\/\/bhimportsexports.com\/hl=pt\/wp-json\/wp\/v2\/product"}],"about":[{"href":"https:\/\/bhimportsexports.com\/hl=pt\/wp-json\/wp\/v2\/types\/product"}],"replies":[{"embeddable":true,"href":"https:\/\/bhimportsexports.com\/hl=pt\/wp-json\/wp\/v2\/comments?post=4364"}],"wp:featuredmedia":[{"embeddable":true,"href":"https:\/\/bhimportsexports.com\/hl=pt\/wp-json\/wp\/v2\/media\/4365"}],"wp:attachment":[{"href":"https:\/\/bhimportsexports.com\/hl=pt\/wp-json\/wp\/v2\/media?parent=4364"}],"wp:term":[{"taxonomy":"product_brand","embeddable":true,"href":"https:\/\/bhimportsexports.com\/hl=pt\/wp-json\/wp\/v2\/product_brand?post=4364"},{"taxonomy":"product_cat","embeddable":true,"href":"https:\/\/bhimportsexports.com\/hl=pt\/wp-json\/wp\/v2\/product_cat?post=4364"},{"taxonomy":"product_tag","embeddable":true,"href":"https:\/\/bhimportsexports.com\/hl=pt\/wp-json\/wp\/v2\/product_tag?post=4364"}],"curies":[{"name":"wp","href":"https:\/\/api.w.org\/{rel}","templated":true}]}}