{"id":4292,"date":"2025-09-04T02:45:15","date_gmt":"2025-09-04T02:45:15","guid":{"rendered":"https:\/\/bhimportsexports.com\/hl=pt\/?post_type=product&#038;p=4292"},"modified":"2025-09-04T02:45:15","modified_gmt":"2025-09-04T02:45:15","slug":"sensores-de-proximidade-indutivos-xs-sensor-indutivo-xs1-m18-l60mm-latao-sn5mm-24240vac-dc-cabo-2-m","status":"publish","type":"product","link":"https:\/\/bhimportsexports.com\/hl=pt\/produto\/sensores-de-proximidade-indutivos-xs-sensor-indutivo-xs1-m18-l60mm-latao-sn5mm-24240vac-dc-cabo-2-m\/","title":{"rendered":"Sensores de proximidade indutivos XS, sensor indutivo XS1 M18, L60mm, lat\u00e3o, Sn5mm, 24\u2026240VAC\/DC, cabo 2 m"},"content":{"rendered":"<div class=\"elementor-element elementor-element-589b9f3 e-flex e-con-boxed e-con e-child\" data-id=\"589b9f3\" data-element_type=\"container\">\n<div class=\"e-con-inner\">\n<div class=\"elementor-element elementor-element-85d65c7 elementor-widget elementor-widget-text-editor\" data-id=\"85d65c7\" data-element_type=\"widget\" data-widget_type=\"text-editor.default\">\n<div class=\"elementor-widget-container\"><span dir=\"auto\">Linha de produtos Telemecanique Sensores de proximidade indutivos XS Nome da s\u00e9rie Uso geral Tipo de sensor Sensor de proximidade indutivo Configura\u00e7\u00e3o de fia\u00e7\u00e3o 2 fios Tipo de circuito de sa\u00edda CA\/CC Tipo de prote\u00e7\u00e3o Prote\u00e7\u00e3o contra curto-circuito multitens\u00e3o Aplica\u00e7\u00e3o do dispositivo Prote\u00e7\u00e3o contra curto-circuito CC de 2 fios Nome do sensor XS1 Design do sensor Cil\u00edndrico M18 Tamanho 60 mm Tipo de corpo Fixo Aceita\u00e7\u00e3o de montagem embutida do detector Montagem embutida Material Metal Tipo de sinal de sa\u00edda Discreto T\u00e9cnica de fia\u00e7\u00e3o 2 fios [Sn] dist\u00e2ncia nominal de detec\u00e7\u00e3o 5 mm Fun\u00e7\u00e3o de sa\u00edda discreta 1 NA Conex\u00e3o el\u00e9trica Cabo Comprimento do cabo 2 m [Us] tens\u00e3o de alimenta\u00e7\u00e3o nominal 24\u2026210 V CC 24\u2026240 V CA 50\/60 Hz Capacidade de comuta\u00e7\u00e3o em mA 5\u2026300 mA CA com prote\u00e7\u00e3o contra sobrecarga e curto-circuito 5\u2026200 mA CC com prote\u00e7\u00e3o contra sobrecarga e curto-circuito Grau de prote\u00e7\u00e3o IP IP68 isolamento duplo em conformidade com IEC 60529<\/span><\/div>\n<\/div>\n<\/div>\n<\/div>\n<div class=\"elementor-element elementor-element-b780bfe elementor-widget elementor-widget-spacer\" data-id=\"b780bfe\" data-element_type=\"widget\" data-widget_type=\"spacer.default\">\n<div class=\"elementor-widget-container\">\n<div class=\"elementor-spacer\"><\/div>\n<\/div>\n<\/div>\n","protected":false},"excerpt":{"rendered":"<p>PRE\u00c7O SOB CONSULTA<\/p>\n","protected":false},"featured_media":4293,"comment_status":"open","ping_status":"closed","template":"","meta":[],"product_brand":[],"product_cat":[1115],"product_tag":[],"class_list":{"0":"post-4292","1":"product","2":"type-product","3":"status-publish","4":"has-post-thumbnail","6":"product_cat-sensor","8":"first","9":"onbackorder","10":"shipping-taxable","11":"product-type-simple"},"yoast_head":"<!-- This site is optimized with the Yoast SEO plugin v27.4 - https:\/\/yoast.com\/product\/yoast-seo-wordpress\/ -->\n<title>Sensores de proximidade indutivos XS, sensor indutivo XS1 M18, L60mm, lat\u00e3o, Sn5mm, 24\u2026240VAC\/DC, cabo 2 m - BH IMPORTS &amp; EXPORTS<\/title>\n<meta name=\"robots\" content=\"index, follow, max-snippet:-1, max-image-preview:large, max-video-preview:-1\" \/>\n<link rel=\"canonical\" href=\"https:\/\/bhimportsexports.com\/hl=pt\/produto\/sensores-de-proximidade-indutivos-xs-sensor-indutivo-xs1-m18-l60mm-latao-sn5mm-24240vac-dc-cabo-2-m\/\" \/>\n<meta property=\"og:locale\" content=\"pt_BR\" \/>\n<meta property=\"og:type\" content=\"article\" \/>\n<meta property=\"og:title\" content=\"Sensores de proximidade indutivos XS, sensor indutivo XS1 M18, L60mm, lat\u00e3o, Sn5mm, 24\u2026240VAC\/DC, cabo 2 m - BH IMPORTS &amp; EXPORTS\" \/>\n<meta property=\"og:description\" content=\"PRE\u00c7O SOB CONSULTA\" \/>\n<meta property=\"og:url\" content=\"https:\/\/bhimportsexports.com\/hl=pt\/produto\/sensores-de-proximidade-indutivos-xs-sensor-indutivo-xs1-m18-l60mm-latao-sn5mm-24240vac-dc-cabo-2-m\/\" \/>\n<meta property=\"og:site_name\" content=\"BH IMPORTS &amp; EXPORTS\" \/>\n<meta property=\"og:image\" content=\"https:\/\/bhimportsexports.com\/wp-content\/uploads\/2025\/09\/download-300x139-1.jpeg\" \/>\n\t<meta property=\"og:image:width\" content=\"300\" \/>\n\t<meta property=\"og:image:height\" content=\"139\" \/>\n\t<meta property=\"og:image:type\" content=\"image\/jpeg\" \/>\n<meta name=\"twitter:card\" content=\"summary_large_image\" \/>\n<meta name=\"twitter:label1\" content=\"Est. tempo de leitura\" \/>\n\t<meta name=\"twitter:data1\" content=\"1 minuto\" \/>\n<script type=\"application\/ld+json\" class=\"yoast-schema-graph\">{\"@context\":\"https:\\\/\\\/schema.org\",\"@graph\":[{\"@type\":\"WebPage\",\"@id\":\"https:\\\/\\\/bhimportsexports.com\\\/hl=pt\\\/produto\\\/sensores-de-proximidade-indutivos-xs-sensor-indutivo-xs1-m18-l60mm-latao-sn5mm-24240vac-dc-cabo-2-m\\\/\",\"url\":\"https:\\\/\\\/bhimportsexports.com\\\/hl=pt\\\/produto\\\/sensores-de-proximidade-indutivos-xs-sensor-indutivo-xs1-m18-l60mm-latao-sn5mm-24240vac-dc-cabo-2-m\\\/\",\"name\":\"Sensores de proximidade indutivos XS, sensor indutivo XS1 M18, L60mm, lat\u00e3o, Sn5mm, 24\u2026240VAC\\\/DC, cabo 2 m - BH IMPORTS &amp; EXPORTS\",\"isPartOf\":{\"@id\":\"https:\\\/\\\/bhimportsexports.com\\\/hl=pt\\\/#website\"},\"primaryImageOfPage\":{\"@id\":\"https:\\\/\\\/bhimportsexports.com\\\/hl=pt\\\/produto\\\/sensores-de-proximidade-indutivos-xs-sensor-indutivo-xs1-m18-l60mm-latao-sn5mm-24240vac-dc-cabo-2-m\\\/#primaryimage\"},\"image\":{\"@id\":\"https:\\\/\\\/bhimportsexports.com\\\/hl=pt\\\/produto\\\/sensores-de-proximidade-indutivos-xs-sensor-indutivo-xs1-m18-l60mm-latao-sn5mm-24240vac-dc-cabo-2-m\\\/#primaryimage\"},\"thumbnailUrl\":\"https:\\\/\\\/bhimportsexports.com\\\/wp-content\\\/uploads\\\/2025\\\/09\\\/download-300x139-1.jpeg\",\"datePublished\":\"2025-09-04T02:45:15+00:00\",\"breadcrumb\":{\"@id\":\"https:\\\/\\\/bhimportsexports.com\\\/hl=pt\\\/produto\\\/sensores-de-proximidade-indutivos-xs-sensor-indutivo-xs1-m18-l60mm-latao-sn5mm-24240vac-dc-cabo-2-m\\\/#breadcrumb\"},\"inLanguage\":\"pt-BR\",\"potentialAction\":[{\"@type\":\"ReadAction\",\"target\":[\"https:\\\/\\\/bhimportsexports.com\\\/hl=pt\\\/produto\\\/sensores-de-proximidade-indutivos-xs-sensor-indutivo-xs1-m18-l60mm-latao-sn5mm-24240vac-dc-cabo-2-m\\\/\"]}]},{\"@type\":\"ImageObject\",\"inLanguage\":\"pt-BR\",\"@id\":\"https:\\\/\\\/bhimportsexports.com\\\/hl=pt\\\/produto\\\/sensores-de-proximidade-indutivos-xs-sensor-indutivo-xs1-m18-l60mm-latao-sn5mm-24240vac-dc-cabo-2-m\\\/#primaryimage\",\"url\":\"https:\\\/\\\/bhimportsexports.com\\\/wp-content\\\/uploads\\\/2025\\\/09\\\/download-300x139-1.jpeg\",\"contentUrl\":\"https:\\\/\\\/bhimportsexports.com\\\/wp-content\\\/uploads\\\/2025\\\/09\\\/download-300x139-1.jpeg\",\"width\":300,\"height\":139},{\"@type\":\"BreadcrumbList\",\"@id\":\"https:\\\/\\\/bhimportsexports.com\\\/hl=pt\\\/produto\\\/sensores-de-proximidade-indutivos-xs-sensor-indutivo-xs1-m18-l60mm-latao-sn5mm-24240vac-dc-cabo-2-m\\\/#breadcrumb\",\"itemListElement\":[{\"@type\":\"ListItem\",\"position\":1,\"name\":\"In\u00edcio\",\"item\":\"https:\\\/\\\/bhimportsexports.com\\\/hl=pt\\\/\"},{\"@type\":\"ListItem\",\"position\":2,\"name\":\"Loja\",\"item\":\"https:\\\/\\\/bhimportsexports.com\\\/hl=pt\\\/loja\\\/\"},{\"@type\":\"ListItem\",\"position\":3,\"name\":\"Sensores de proximidade indutivos XS, sensor indutivo XS1 M18, L60mm, lat\u00e3o, Sn5mm, 24\u2026240VAC\\\/DC, cabo 2 m\"}]},{\"@type\":\"WebSite\",\"@id\":\"https:\\\/\\\/bhimportsexports.com\\\/hl=pt\\\/#website\",\"url\":\"https:\\\/\\\/bhimportsexports.com\\\/hl=pt\\\/\",\"name\":\"BH IMPORTS & EXPORTS\",\"description\":\"Innovation and excellence in international trade. Import, export, consultancy and sourcing.\",\"publisher\":{\"@id\":\"https:\\\/\\\/bhimportsexports.com\\\/hl=pt\\\/#organization\"},\"potentialAction\":[{\"@type\":\"SearchAction\",\"target\":{\"@type\":\"EntryPoint\",\"urlTemplate\":\"https:\\\/\\\/bhimportsexports.com\\\/hl=pt\\\/?s={search_term_string}\"},\"query-input\":{\"@type\":\"PropertyValueSpecification\",\"valueRequired\":true,\"valueName\":\"search_term_string\"}}],\"inLanguage\":\"pt-BR\"},{\"@type\":\"Organization\",\"@id\":\"https:\\\/\\\/bhimportsexports.com\\\/hl=pt\\\/#organization\",\"name\":\"BH IMPORTS & EXPORTS\",\"url\":\"https:\\\/\\\/bhimportsexports.com\\\/hl=pt\\\/\",\"logo\":{\"@type\":\"ImageObject\",\"inLanguage\":\"pt-BR\",\"@id\":\"https:\\\/\\\/bhimportsexports.com\\\/hl=pt\\\/#\\\/schema\\\/logo\\\/image\\\/\",\"url\":\"https:\\\/\\\/bhimportsexports.com\\\/wp-content\\\/uploads\\\/2024\\\/09\\\/BH-IMPORTS.png\",\"contentUrl\":\"https:\\\/\\\/bhimportsexports.com\\\/wp-content\\\/uploads\\\/2024\\\/09\\\/BH-IMPORTS.png\",\"width\":300,\"height\":200,\"caption\":\"BH IMPORTS & EXPORTS\"},\"image\":{\"@id\":\"https:\\\/\\\/bhimportsexports.com\\\/hl=pt\\\/#\\\/schema\\\/logo\\\/image\\\/\"}}]}<\/script>\n<!-- \/ Yoast SEO plugin. -->","yoast_head_json":{"title":"Sensores de proximidade indutivos XS, sensor indutivo XS1 M18, L60mm, lat\u00e3o, Sn5mm, 24\u2026240VAC\/DC, cabo 2 m - BH IMPORTS &amp; EXPORTS","robots":{"index":"index","follow":"follow","max-snippet":"max-snippet:-1","max-image-preview":"max-image-preview:large","max-video-preview":"max-video-preview:-1"},"canonical":"https:\/\/bhimportsexports.com\/hl=pt\/produto\/sensores-de-proximidade-indutivos-xs-sensor-indutivo-xs1-m18-l60mm-latao-sn5mm-24240vac-dc-cabo-2-m\/","og_locale":"pt_BR","og_type":"article","og_title":"Sensores de proximidade indutivos XS, sensor indutivo XS1 M18, L60mm, lat\u00e3o, Sn5mm, 24\u2026240VAC\/DC, cabo 2 m - BH IMPORTS &amp; EXPORTS","og_description":"PRE\u00c7O SOB CONSULTA","og_url":"https:\/\/bhimportsexports.com\/hl=pt\/produto\/sensores-de-proximidade-indutivos-xs-sensor-indutivo-xs1-m18-l60mm-latao-sn5mm-24240vac-dc-cabo-2-m\/","og_site_name":"BH IMPORTS &amp; EXPORTS","og_image":[{"width":300,"height":139,"url":"https:\/\/bhimportsexports.com\/wp-content\/uploads\/2025\/09\/download-300x139-1.jpeg","type":"image\/jpeg"}],"twitter_card":"summary_large_image","twitter_misc":{"Est. tempo de leitura":"1 minuto"},"schema":{"@context":"https:\/\/schema.org","@graph":[{"@type":"WebPage","@id":"https:\/\/bhimportsexports.com\/hl=pt\/produto\/sensores-de-proximidade-indutivos-xs-sensor-indutivo-xs1-m18-l60mm-latao-sn5mm-24240vac-dc-cabo-2-m\/","url":"https:\/\/bhimportsexports.com\/hl=pt\/produto\/sensores-de-proximidade-indutivos-xs-sensor-indutivo-xs1-m18-l60mm-latao-sn5mm-24240vac-dc-cabo-2-m\/","name":"Sensores de proximidade indutivos XS, sensor indutivo XS1 M18, L60mm, lat\u00e3o, Sn5mm, 24\u2026240VAC\/DC, cabo 2 m - BH IMPORTS &amp; EXPORTS","isPartOf":{"@id":"https:\/\/bhimportsexports.com\/hl=pt\/#website"},"primaryImageOfPage":{"@id":"https:\/\/bhimportsexports.com\/hl=pt\/produto\/sensores-de-proximidade-indutivos-xs-sensor-indutivo-xs1-m18-l60mm-latao-sn5mm-24240vac-dc-cabo-2-m\/#primaryimage"},"image":{"@id":"https:\/\/bhimportsexports.com\/hl=pt\/produto\/sensores-de-proximidade-indutivos-xs-sensor-indutivo-xs1-m18-l60mm-latao-sn5mm-24240vac-dc-cabo-2-m\/#primaryimage"},"thumbnailUrl":"https:\/\/bhimportsexports.com\/wp-content\/uploads\/2025\/09\/download-300x139-1.jpeg","datePublished":"2025-09-04T02:45:15+00:00","breadcrumb":{"@id":"https:\/\/bhimportsexports.com\/hl=pt\/produto\/sensores-de-proximidade-indutivos-xs-sensor-indutivo-xs1-m18-l60mm-latao-sn5mm-24240vac-dc-cabo-2-m\/#breadcrumb"},"inLanguage":"pt-BR","potentialAction":[{"@type":"ReadAction","target":["https:\/\/bhimportsexports.com\/hl=pt\/produto\/sensores-de-proximidade-indutivos-xs-sensor-indutivo-xs1-m18-l60mm-latao-sn5mm-24240vac-dc-cabo-2-m\/"]}]},{"@type":"ImageObject","inLanguage":"pt-BR","@id":"https:\/\/bhimportsexports.com\/hl=pt\/produto\/sensores-de-proximidade-indutivos-xs-sensor-indutivo-xs1-m18-l60mm-latao-sn5mm-24240vac-dc-cabo-2-m\/#primaryimage","url":"https:\/\/bhimportsexports.com\/wp-content\/uploads\/2025\/09\/download-300x139-1.jpeg","contentUrl":"https:\/\/bhimportsexports.com\/wp-content\/uploads\/2025\/09\/download-300x139-1.jpeg","width":300,"height":139},{"@type":"BreadcrumbList","@id":"https:\/\/bhimportsexports.com\/hl=pt\/produto\/sensores-de-proximidade-indutivos-xs-sensor-indutivo-xs1-m18-l60mm-latao-sn5mm-24240vac-dc-cabo-2-m\/#breadcrumb","itemListElement":[{"@type":"ListItem","position":1,"name":"In\u00edcio","item":"https:\/\/bhimportsexports.com\/hl=pt\/"},{"@type":"ListItem","position":2,"name":"Loja","item":"https:\/\/bhimportsexports.com\/hl=pt\/loja\/"},{"@type":"ListItem","position":3,"name":"Sensores de proximidade indutivos XS, sensor indutivo XS1 M18, L60mm, lat\u00e3o, Sn5mm, 24\u2026240VAC\/DC, cabo 2 m"}]},{"@type":"WebSite","@id":"https:\/\/bhimportsexports.com\/hl=pt\/#website","url":"https:\/\/bhimportsexports.com\/hl=pt\/","name":"BH IMPORTS & EXPORTS","description":"Innovation and excellence in international trade. Import, export, consultancy and sourcing.","publisher":{"@id":"https:\/\/bhimportsexports.com\/hl=pt\/#organization"},"potentialAction":[{"@type":"SearchAction","target":{"@type":"EntryPoint","urlTemplate":"https:\/\/bhimportsexports.com\/hl=pt\/?s={search_term_string}"},"query-input":{"@type":"PropertyValueSpecification","valueRequired":true,"valueName":"search_term_string"}}],"inLanguage":"pt-BR"},{"@type":"Organization","@id":"https:\/\/bhimportsexports.com\/hl=pt\/#organization","name":"BH IMPORTS & EXPORTS","url":"https:\/\/bhimportsexports.com\/hl=pt\/","logo":{"@type":"ImageObject","inLanguage":"pt-BR","@id":"https:\/\/bhimportsexports.com\/hl=pt\/#\/schema\/logo\/image\/","url":"https:\/\/bhimportsexports.com\/wp-content\/uploads\/2024\/09\/BH-IMPORTS.png","contentUrl":"https:\/\/bhimportsexports.com\/wp-content\/uploads\/2024\/09\/BH-IMPORTS.png","width":300,"height":200,"caption":"BH IMPORTS & EXPORTS"},"image":{"@id":"https:\/\/bhimportsexports.com\/hl=pt\/#\/schema\/logo\/image\/"}}]}},"_links":{"self":[{"href":"https:\/\/bhimportsexports.com\/hl=pt\/wp-json\/wp\/v2\/product\/4292","targetHints":{"allow":["GET"]}}],"collection":[{"href":"https:\/\/bhimportsexports.com\/hl=pt\/wp-json\/wp\/v2\/product"}],"about":[{"href":"https:\/\/bhimportsexports.com\/hl=pt\/wp-json\/wp\/v2\/types\/product"}],"replies":[{"embeddable":true,"href":"https:\/\/bhimportsexports.com\/hl=pt\/wp-json\/wp\/v2\/comments?post=4292"}],"wp:featuredmedia":[{"embeddable":true,"href":"https:\/\/bhimportsexports.com\/hl=pt\/wp-json\/wp\/v2\/media\/4293"}],"wp:attachment":[{"href":"https:\/\/bhimportsexports.com\/hl=pt\/wp-json\/wp\/v2\/media?parent=4292"}],"wp:term":[{"taxonomy":"product_brand","embeddable":true,"href":"https:\/\/bhimportsexports.com\/hl=pt\/wp-json\/wp\/v2\/product_brand?post=4292"},{"taxonomy":"product_cat","embeddable":true,"href":"https:\/\/bhimportsexports.com\/hl=pt\/wp-json\/wp\/v2\/product_cat?post=4292"},{"taxonomy":"product_tag","embeddable":true,"href":"https:\/\/bhimportsexports.com\/hl=pt\/wp-json\/wp\/v2\/product_tag?post=4292"}],"curies":[{"name":"wp","href":"https:\/\/api.w.org\/{rel}","templated":true}]}}