{"id":4288,"date":"2025-09-04T02:39:49","date_gmt":"2025-09-04T02:39:49","guid":{"rendered":"https:\/\/bhimportsexports.com\/hl=pt\/?post_type=product&#038;p=4288"},"modified":"2025-09-04T02:39:50","modified_gmt":"2025-09-04T02:39:50","slug":"ventilador-de-filtro-toptherm-180-160-m3-h-200-240-v-ventilador-de-armario-de-distribuicao-sk-3240-500","status":"publish","type":"product","link":"https:\/\/bhimportsexports.com\/hl=pt\/produto\/ventilador-de-filtro-toptherm-180-160-m3-h-200-240-v-ventilador-de-armario-de-distribuicao-sk-3240-500\/","title":{"rendered":"Ventilador de filtro TopTherm 180\/160 m3\/h, 200-240 V \u2013 Ventilador de arm\u00e1rio de distribui\u00e7\u00e3o SK 3240.500"},"content":{"rendered":"<p>Ventilador com filtro TopTherm 180\/160 m\u00b3\/h, 200-240 V \u2013 Ventilador para arm\u00e1rio de distribui\u00e7\u00e3o SK 3240.500 \u2013 Rittal \u2013 3240500 \u2013 4028177664142: Ventilador com filtro TopTherm 180\/160 m\u00b3\/h, 200-240 V SK 3240.500 N\u00famero de ventiladores 1, tens\u00e3o de opera\u00e7\u00e3o em CA 50 Hz 200 \u2026 240 V, tens\u00e3o de opera\u00e7\u00e3o em CA 60 Hz 200 \u2026 240 V, tens\u00e3o de opera\u00e7\u00e3o em CC 200 \u2026 200 V, tipo de tens\u00e3o CA, com filtro, vaz\u00e3o volum\u00e9trica, sopro livre 180 m\u00b3\/h, pot\u00eancia nominal 11 W, grau de prote\u00e7\u00e3o (IP) IP54, tipo de montagem por encaixe, cor cinza, n\u00famero RAL 7035, largura 255 mm, altura Ventilador com filtro SK TopTherm de 255 mm, 180 m\u00b3\/h, 200-240 V, 1~, 50\/60 Hz, BHT: 255 x 255 x 25 mm, tecnologia EC<\/p>\n","protected":false},"excerpt":{"rendered":"<p>PRE\u00c7O SOB CONSULTAS<\/p>\n","protected":false},"featured_media":4289,"comment_status":"open","ping_status":"closed","template":"","meta":[],"product_brand":[],"product_cat":[1136],"product_tag":[],"class_list":{"0":"post-4288","1":"product","2":"type-product","3":"status-publish","4":"has-post-thumbnail","6":"product_cat-ventilador","8":"first","9":"onbackorder","10":"shipping-taxable","11":"product-type-simple"},"yoast_head":"<!-- This site is optimized with the Yoast SEO plugin v27.4 - https:\/\/yoast.com\/product\/yoast-seo-wordpress\/ -->\n<title>Ventilador de filtro TopTherm 180\/160 m3\/h, 200-240 V \u2013 Ventilador de arm\u00e1rio de distribui\u00e7\u00e3o SK 3240.500 - BH IMPORTS &amp; EXPORTS<\/title>\n<meta name=\"robots\" content=\"index, follow, max-snippet:-1, max-image-preview:large, max-video-preview:-1\" \/>\n<link rel=\"canonical\" href=\"https:\/\/bhimportsexports.com\/hl=pt\/produto\/ventilador-de-filtro-toptherm-180-160-m3-h-200-240-v-ventilador-de-armario-de-distribuicao-sk-3240-500\/\" \/>\n<meta property=\"og:locale\" content=\"pt_BR\" \/>\n<meta property=\"og:type\" content=\"article\" \/>\n<meta property=\"og:title\" content=\"Ventilador de filtro TopTherm 180\/160 m3\/h, 200-240 V \u2013 Ventilador de arm\u00e1rio de distribui\u00e7\u00e3o SK 3240.500 - BH IMPORTS &amp; EXPORTS\" \/>\n<meta property=\"og:description\" content=\"PRE\u00c7O SOB CONSULTAS\" \/>\n<meta property=\"og:url\" content=\"https:\/\/bhimportsexports.com\/hl=pt\/produto\/ventilador-de-filtro-toptherm-180-160-m3-h-200-240-v-ventilador-de-armario-de-distribuicao-sk-3240-500\/\" \/>\n<meta property=\"og:site_name\" content=\"BH IMPORTS &amp; EXPORTS\" \/>\n<meta property=\"article:modified_time\" content=\"2025-09-04T02:39:50+00:00\" \/>\n<meta property=\"og:image\" content=\"https:\/\/bhimportsexports.com\/wp-content\/uploads\/2025\/09\/EB16006247yCfG7rgtEfxAa_600x600-300x300-1.jpg\" \/>\n\t<meta property=\"og:image:width\" content=\"300\" \/>\n\t<meta property=\"og:image:height\" content=\"300\" \/>\n\t<meta property=\"og:image:type\" content=\"image\/jpeg\" \/>\n<meta name=\"twitter:card\" content=\"summary_large_image\" \/>\n<meta name=\"twitter:label1\" content=\"Est. tempo de leitura\" \/>\n\t<meta name=\"twitter:data1\" content=\"1 minuto\" \/>\n<script type=\"application\/ld+json\" class=\"yoast-schema-graph\">{\"@context\":\"https:\\\/\\\/schema.org\",\"@graph\":[{\"@type\":\"WebPage\",\"@id\":\"https:\\\/\\\/bhimportsexports.com\\\/hl=pt\\\/produto\\\/ventilador-de-filtro-toptherm-180-160-m3-h-200-240-v-ventilador-de-armario-de-distribuicao-sk-3240-500\\\/\",\"url\":\"https:\\\/\\\/bhimportsexports.com\\\/hl=pt\\\/produto\\\/ventilador-de-filtro-toptherm-180-160-m3-h-200-240-v-ventilador-de-armario-de-distribuicao-sk-3240-500\\\/\",\"name\":\"Ventilador de filtro TopTherm 180\\\/160 m3\\\/h, 200-240 V \u2013 Ventilador de arm\u00e1rio de distribui\u00e7\u00e3o SK 3240.500 - BH IMPORTS &amp; EXPORTS\",\"isPartOf\":{\"@id\":\"https:\\\/\\\/bhimportsexports.com\\\/hl=pt\\\/#website\"},\"primaryImageOfPage\":{\"@id\":\"https:\\\/\\\/bhimportsexports.com\\\/hl=pt\\\/produto\\\/ventilador-de-filtro-toptherm-180-160-m3-h-200-240-v-ventilador-de-armario-de-distribuicao-sk-3240-500\\\/#primaryimage\"},\"image\":{\"@id\":\"https:\\\/\\\/bhimportsexports.com\\\/hl=pt\\\/produto\\\/ventilador-de-filtro-toptherm-180-160-m3-h-200-240-v-ventilador-de-armario-de-distribuicao-sk-3240-500\\\/#primaryimage\"},\"thumbnailUrl\":\"https:\\\/\\\/bhimportsexports.com\\\/wp-content\\\/uploads\\\/2025\\\/09\\\/EB16006247yCfG7rgtEfxAa_600x600-300x300-1.jpg\",\"datePublished\":\"2025-09-04T02:39:49+00:00\",\"dateModified\":\"2025-09-04T02:39:50+00:00\",\"breadcrumb\":{\"@id\":\"https:\\\/\\\/bhimportsexports.com\\\/hl=pt\\\/produto\\\/ventilador-de-filtro-toptherm-180-160-m3-h-200-240-v-ventilador-de-armario-de-distribuicao-sk-3240-500\\\/#breadcrumb\"},\"inLanguage\":\"pt-BR\",\"potentialAction\":[{\"@type\":\"ReadAction\",\"target\":[\"https:\\\/\\\/bhimportsexports.com\\\/hl=pt\\\/produto\\\/ventilador-de-filtro-toptherm-180-160-m3-h-200-240-v-ventilador-de-armario-de-distribuicao-sk-3240-500\\\/\"]}]},{\"@type\":\"ImageObject\",\"inLanguage\":\"pt-BR\",\"@id\":\"https:\\\/\\\/bhimportsexports.com\\\/hl=pt\\\/produto\\\/ventilador-de-filtro-toptherm-180-160-m3-h-200-240-v-ventilador-de-armario-de-distribuicao-sk-3240-500\\\/#primaryimage\",\"url\":\"https:\\\/\\\/bhimportsexports.com\\\/wp-content\\\/uploads\\\/2025\\\/09\\\/EB16006247yCfG7rgtEfxAa_600x600-300x300-1.jpg\",\"contentUrl\":\"https:\\\/\\\/bhimportsexports.com\\\/wp-content\\\/uploads\\\/2025\\\/09\\\/EB16006247yCfG7rgtEfxAa_600x600-300x300-1.jpg\",\"width\":300,\"height\":300},{\"@type\":\"BreadcrumbList\",\"@id\":\"https:\\\/\\\/bhimportsexports.com\\\/hl=pt\\\/produto\\\/ventilador-de-filtro-toptherm-180-160-m3-h-200-240-v-ventilador-de-armario-de-distribuicao-sk-3240-500\\\/#breadcrumb\",\"itemListElement\":[{\"@type\":\"ListItem\",\"position\":1,\"name\":\"In\u00edcio\",\"item\":\"https:\\\/\\\/bhimportsexports.com\\\/hl=pt\\\/\"},{\"@type\":\"ListItem\",\"position\":2,\"name\":\"Loja\",\"item\":\"https:\\\/\\\/bhimportsexports.com\\\/hl=pt\\\/loja\\\/\"},{\"@type\":\"ListItem\",\"position\":3,\"name\":\"Ventilador de filtro TopTherm 180\\\/160 m3\\\/h, 200-240 V \u2013 Ventilador de arm\u00e1rio de distribui\u00e7\u00e3o SK 3240.500\"}]},{\"@type\":\"WebSite\",\"@id\":\"https:\\\/\\\/bhimportsexports.com\\\/hl=pt\\\/#website\",\"url\":\"https:\\\/\\\/bhimportsexports.com\\\/hl=pt\\\/\",\"name\":\"BH IMPORTS & EXPORTS\",\"description\":\"Innovation and excellence in international trade. Import, export, consultancy and sourcing.\",\"publisher\":{\"@id\":\"https:\\\/\\\/bhimportsexports.com\\\/hl=pt\\\/#organization\"},\"potentialAction\":[{\"@type\":\"SearchAction\",\"target\":{\"@type\":\"EntryPoint\",\"urlTemplate\":\"https:\\\/\\\/bhimportsexports.com\\\/hl=pt\\\/?s={search_term_string}\"},\"query-input\":{\"@type\":\"PropertyValueSpecification\",\"valueRequired\":true,\"valueName\":\"search_term_string\"}}],\"inLanguage\":\"pt-BR\"},{\"@type\":\"Organization\",\"@id\":\"https:\\\/\\\/bhimportsexports.com\\\/hl=pt\\\/#organization\",\"name\":\"BH IMPORTS & EXPORTS\",\"url\":\"https:\\\/\\\/bhimportsexports.com\\\/hl=pt\\\/\",\"logo\":{\"@type\":\"ImageObject\",\"inLanguage\":\"pt-BR\",\"@id\":\"https:\\\/\\\/bhimportsexports.com\\\/hl=pt\\\/#\\\/schema\\\/logo\\\/image\\\/\",\"url\":\"https:\\\/\\\/bhimportsexports.com\\\/wp-content\\\/uploads\\\/2024\\\/09\\\/BH-IMPORTS.png\",\"contentUrl\":\"https:\\\/\\\/bhimportsexports.com\\\/wp-content\\\/uploads\\\/2024\\\/09\\\/BH-IMPORTS.png\",\"width\":300,\"height\":200,\"caption\":\"BH IMPORTS & EXPORTS\"},\"image\":{\"@id\":\"https:\\\/\\\/bhimportsexports.com\\\/hl=pt\\\/#\\\/schema\\\/logo\\\/image\\\/\"}}]}<\/script>\n<!-- \/ Yoast SEO plugin. -->","yoast_head_json":{"title":"Ventilador de filtro TopTherm 180\/160 m3\/h, 200-240 V \u2013 Ventilador de arm\u00e1rio de distribui\u00e7\u00e3o SK 3240.500 - BH IMPORTS &amp; EXPORTS","robots":{"index":"index","follow":"follow","max-snippet":"max-snippet:-1","max-image-preview":"max-image-preview:large","max-video-preview":"max-video-preview:-1"},"canonical":"https:\/\/bhimportsexports.com\/hl=pt\/produto\/ventilador-de-filtro-toptherm-180-160-m3-h-200-240-v-ventilador-de-armario-de-distribuicao-sk-3240-500\/","og_locale":"pt_BR","og_type":"article","og_title":"Ventilador de filtro TopTherm 180\/160 m3\/h, 200-240 V \u2013 Ventilador de arm\u00e1rio de distribui\u00e7\u00e3o SK 3240.500 - BH IMPORTS &amp; EXPORTS","og_description":"PRE\u00c7O SOB CONSULTAS","og_url":"https:\/\/bhimportsexports.com\/hl=pt\/produto\/ventilador-de-filtro-toptherm-180-160-m3-h-200-240-v-ventilador-de-armario-de-distribuicao-sk-3240-500\/","og_site_name":"BH IMPORTS &amp; EXPORTS","article_modified_time":"2025-09-04T02:39:50+00:00","og_image":[{"width":300,"height":300,"url":"https:\/\/bhimportsexports.com\/wp-content\/uploads\/2025\/09\/EB16006247yCfG7rgtEfxAa_600x600-300x300-1.jpg","type":"image\/jpeg"}],"twitter_card":"summary_large_image","twitter_misc":{"Est. tempo de leitura":"1 minuto"},"schema":{"@context":"https:\/\/schema.org","@graph":[{"@type":"WebPage","@id":"https:\/\/bhimportsexports.com\/hl=pt\/produto\/ventilador-de-filtro-toptherm-180-160-m3-h-200-240-v-ventilador-de-armario-de-distribuicao-sk-3240-500\/","url":"https:\/\/bhimportsexports.com\/hl=pt\/produto\/ventilador-de-filtro-toptherm-180-160-m3-h-200-240-v-ventilador-de-armario-de-distribuicao-sk-3240-500\/","name":"Ventilador de filtro TopTherm 180\/160 m3\/h, 200-240 V \u2013 Ventilador de arm\u00e1rio de distribui\u00e7\u00e3o SK 3240.500 - BH IMPORTS &amp; EXPORTS","isPartOf":{"@id":"https:\/\/bhimportsexports.com\/hl=pt\/#website"},"primaryImageOfPage":{"@id":"https:\/\/bhimportsexports.com\/hl=pt\/produto\/ventilador-de-filtro-toptherm-180-160-m3-h-200-240-v-ventilador-de-armario-de-distribuicao-sk-3240-500\/#primaryimage"},"image":{"@id":"https:\/\/bhimportsexports.com\/hl=pt\/produto\/ventilador-de-filtro-toptherm-180-160-m3-h-200-240-v-ventilador-de-armario-de-distribuicao-sk-3240-500\/#primaryimage"},"thumbnailUrl":"https:\/\/bhimportsexports.com\/wp-content\/uploads\/2025\/09\/EB16006247yCfG7rgtEfxAa_600x600-300x300-1.jpg","datePublished":"2025-09-04T02:39:49+00:00","dateModified":"2025-09-04T02:39:50+00:00","breadcrumb":{"@id":"https:\/\/bhimportsexports.com\/hl=pt\/produto\/ventilador-de-filtro-toptherm-180-160-m3-h-200-240-v-ventilador-de-armario-de-distribuicao-sk-3240-500\/#breadcrumb"},"inLanguage":"pt-BR","potentialAction":[{"@type":"ReadAction","target":["https:\/\/bhimportsexports.com\/hl=pt\/produto\/ventilador-de-filtro-toptherm-180-160-m3-h-200-240-v-ventilador-de-armario-de-distribuicao-sk-3240-500\/"]}]},{"@type":"ImageObject","inLanguage":"pt-BR","@id":"https:\/\/bhimportsexports.com\/hl=pt\/produto\/ventilador-de-filtro-toptherm-180-160-m3-h-200-240-v-ventilador-de-armario-de-distribuicao-sk-3240-500\/#primaryimage","url":"https:\/\/bhimportsexports.com\/wp-content\/uploads\/2025\/09\/EB16006247yCfG7rgtEfxAa_600x600-300x300-1.jpg","contentUrl":"https:\/\/bhimportsexports.com\/wp-content\/uploads\/2025\/09\/EB16006247yCfG7rgtEfxAa_600x600-300x300-1.jpg","width":300,"height":300},{"@type":"BreadcrumbList","@id":"https:\/\/bhimportsexports.com\/hl=pt\/produto\/ventilador-de-filtro-toptherm-180-160-m3-h-200-240-v-ventilador-de-armario-de-distribuicao-sk-3240-500\/#breadcrumb","itemListElement":[{"@type":"ListItem","position":1,"name":"In\u00edcio","item":"https:\/\/bhimportsexports.com\/hl=pt\/"},{"@type":"ListItem","position":2,"name":"Loja","item":"https:\/\/bhimportsexports.com\/hl=pt\/loja\/"},{"@type":"ListItem","position":3,"name":"Ventilador de filtro TopTherm 180\/160 m3\/h, 200-240 V \u2013 Ventilador de arm\u00e1rio de distribui\u00e7\u00e3o SK 3240.500"}]},{"@type":"WebSite","@id":"https:\/\/bhimportsexports.com\/hl=pt\/#website","url":"https:\/\/bhimportsexports.com\/hl=pt\/","name":"BH IMPORTS & EXPORTS","description":"Innovation and excellence in international trade. Import, export, consultancy and sourcing.","publisher":{"@id":"https:\/\/bhimportsexports.com\/hl=pt\/#organization"},"potentialAction":[{"@type":"SearchAction","target":{"@type":"EntryPoint","urlTemplate":"https:\/\/bhimportsexports.com\/hl=pt\/?s={search_term_string}"},"query-input":{"@type":"PropertyValueSpecification","valueRequired":true,"valueName":"search_term_string"}}],"inLanguage":"pt-BR"},{"@type":"Organization","@id":"https:\/\/bhimportsexports.com\/hl=pt\/#organization","name":"BH IMPORTS & EXPORTS","url":"https:\/\/bhimportsexports.com\/hl=pt\/","logo":{"@type":"ImageObject","inLanguage":"pt-BR","@id":"https:\/\/bhimportsexports.com\/hl=pt\/#\/schema\/logo\/image\/","url":"https:\/\/bhimportsexports.com\/wp-content\/uploads\/2024\/09\/BH-IMPORTS.png","contentUrl":"https:\/\/bhimportsexports.com\/wp-content\/uploads\/2024\/09\/BH-IMPORTS.png","width":300,"height":200,"caption":"BH IMPORTS & EXPORTS"},"image":{"@id":"https:\/\/bhimportsexports.com\/hl=pt\/#\/schema\/logo\/image\/"}}]}},"_links":{"self":[{"href":"https:\/\/bhimportsexports.com\/hl=pt\/wp-json\/wp\/v2\/product\/4288","targetHints":{"allow":["GET"]}}],"collection":[{"href":"https:\/\/bhimportsexports.com\/hl=pt\/wp-json\/wp\/v2\/product"}],"about":[{"href":"https:\/\/bhimportsexports.com\/hl=pt\/wp-json\/wp\/v2\/types\/product"}],"replies":[{"embeddable":true,"href":"https:\/\/bhimportsexports.com\/hl=pt\/wp-json\/wp\/v2\/comments?post=4288"}],"wp:featuredmedia":[{"embeddable":true,"href":"https:\/\/bhimportsexports.com\/hl=pt\/wp-json\/wp\/v2\/media\/4289"}],"wp:attachment":[{"href":"https:\/\/bhimportsexports.com\/hl=pt\/wp-json\/wp\/v2\/media?parent=4288"}],"wp:term":[{"taxonomy":"product_brand","embeddable":true,"href":"https:\/\/bhimportsexports.com\/hl=pt\/wp-json\/wp\/v2\/product_brand?post=4288"},{"taxonomy":"product_cat","embeddable":true,"href":"https:\/\/bhimportsexports.com\/hl=pt\/wp-json\/wp\/v2\/product_cat?post=4288"},{"taxonomy":"product_tag","embeddable":true,"href":"https:\/\/bhimportsexports.com\/hl=pt\/wp-json\/wp\/v2\/product_tag?post=4288"}],"curies":[{"name":"wp","href":"https:\/\/api.w.org\/{rel}","templated":true}]}}