{"id":4249,"date":"2025-08-12T14:47:38","date_gmt":"2025-08-12T14:47:38","guid":{"rendered":"https:\/\/bhimportsexports.com\/hl=pt\/?post_type=product&#038;p=4249"},"modified":"2025-08-12T14:47:38","modified_gmt":"2025-08-12T14:47:38","slug":"modicon-quantum-processador-de-expansao-de-entrada-saida-e-s-remota-ethernet-ip","status":"publish","type":"product","link":"https:\/\/bhimportsexports.com\/hl=pt\/produto\/modicon-quantum-processador-de-expansao-de-entrada-saida-e-s-remota-ethernet-ip\/","title":{"rendered":"Modicon Quantum \u2013 Processador de expans\u00e3o de entrada\/sa\u00edda \u2013 E\/S remota \u2013 Ethernet\/IP"},"content":{"rendered":"<p>Linha de produtos Modicon Quantum Tipo de produto ou componente Adaptador de rede Ethernet N\u00famero da porta 3 Tipo de conex\u00e3o integrada Ethernet IP \/ Modbus TCP para porta de servi\u00e7o Ethernet IP \/ Modbus TCP para dispositivo de rede Protocolo de porta de comunica\u00e7\u00e3o Ethernet IP \/ Modbus TCP Servi\u00e7o de comunica\u00e7\u00e3o Os dados de entrada s\u00e3o coletados e publicados no adaptador de cabe\u00e7a de E\/S remota Os m\u00f3dulos de sa\u00edda s\u00e3o atualizados com os dados recebidos do adaptador de cabe\u00e7a de E\/S remota Topologia complementar Loop em cadeia Sinaliza\u00e7\u00e3o local 1 LED (verde\/vermelho) para status do m\u00f3dulo (Mod Status) 1 LED (verde\/vermelho) para status de comunica\u00e7\u00e3o de rede (Network Status) 1 LED (verde) para RUN 1 LED (vermelho) para E\/S Compatibilidade do produto 140CRP31200 Caracter\u00edstica do ambiente de aplica\u00e7\u00e3o Ambiente padr\u00e3o Classe de \u00e1rea classificada I, divis\u00e3o 2, de acordo com EN\/IEC 61131-1 largura 167 mm altura 50 mm Peso l\u00edquido 0,554 kg Meio ambiente Certifica\u00e7\u00f5es do produto CE UL 508 C-Tick Normas IEC 55011 CSA C22.2 n\u00ba 142 Classifica\u00e7\u00e3o de prote\u00e7\u00e3o IP IEC 61000-4-16 IP20 em conformidade com IEC 61131-2 IP20 em conformidade com IEC 60527 categoria de sobretens\u00e3o Classe I de acordo com IEC 61131-2 Temperatura ambiente de opera\u00e7\u00e3o 0\u202660 \u00b0C de acordo com IEC 60068-2-2 0\u202660 \u00b0C de acordo com IEC 60068-2-2 Temperatura ambiente de armazenamento -40\u202685 \u00b0C de acordo com IEC 60068-2-2 -40\u202685 \u00b0C de acordo com IEC 60068-2-2 resist\u00eancia \u00e0 vibra\u00e7\u00e3o 3,5 mm amplitude constante (f= 0,5\u20268,4 Hz) de acordo com IEC 61131-2 1 gn acelera\u00e7\u00e3o constante (f= 8,4\u2026150 Hz) de acordo com IEC 61131-2 Altitude de opera\u00e7\u00e3o 2000 m Altitude m\u00e1xima de transporte 3000 m Umidade relativa 93% em conformidade com IEC 60068<\/p>\n","protected":false},"excerpt":{"rendered":"<p>PRE\u00c7O SOB CONSULTA<\/p>\n","protected":false},"featured_media":4250,"comment_status":"open","ping_status":"closed","template":"","meta":[],"product_brand":[],"product_cat":[1125],"product_tag":[],"class_list":{"0":"post-4249","1":"product","2":"type-product","3":"status-publish","4":"has-post-thumbnail","6":"product_cat-modulo","8":"first","9":"onbackorder","10":"shipping-taxable","11":"product-type-simple"},"yoast_head":"<!-- This site is optimized with the Yoast SEO plugin v27.4 - https:\/\/yoast.com\/product\/yoast-seo-wordpress\/ -->\n<title>Modicon Quantum \u2013 Processador de expans\u00e3o de entrada\/sa\u00edda \u2013 E\/S remota \u2013 Ethernet\/IP - BH IMPORTS &amp; EXPORTS<\/title>\n<meta name=\"robots\" content=\"index, follow, max-snippet:-1, max-image-preview:large, max-video-preview:-1\" \/>\n<link rel=\"canonical\" href=\"https:\/\/bhimportsexports.com\/hl=pt\/produto\/modicon-quantum-processador-de-expansao-de-entrada-saida-e-s-remota-ethernet-ip\/\" \/>\n<meta property=\"og:locale\" content=\"pt_BR\" \/>\n<meta property=\"og:type\" content=\"article\" \/>\n<meta property=\"og:title\" content=\"Modicon Quantum \u2013 Processador de expans\u00e3o de entrada\/sa\u00edda \u2013 E\/S remota \u2013 Ethernet\/IP - BH IMPORTS &amp; EXPORTS\" \/>\n<meta property=\"og:description\" content=\"PRE\u00c7O SOB CONSULTA\" \/>\n<meta property=\"og:url\" content=\"https:\/\/bhimportsexports.com\/hl=pt\/produto\/modicon-quantum-processador-de-expansao-de-entrada-saida-e-s-remota-ethernet-ip\/\" \/>\n<meta property=\"og:site_name\" content=\"BH IMPORTS &amp; EXPORTS\" \/>\n<meta property=\"og:image\" content=\"https:\/\/bhimportsexports.com\/wp-content\/uploads\/2025\/08\/MODICOM.jpg\" \/>\n\t<meta property=\"og:image:width\" content=\"300\" \/>\n\t<meta property=\"og:image:height\" content=\"300\" \/>\n\t<meta property=\"og:image:type\" content=\"image\/jpeg\" \/>\n<meta name=\"twitter:card\" content=\"summary_large_image\" \/>\n<meta name=\"twitter:label1\" content=\"Est. tempo de leitura\" \/>\n\t<meta name=\"twitter:data1\" content=\"1 minuto\" \/>\n<script type=\"application\/ld+json\" class=\"yoast-schema-graph\">{\"@context\":\"https:\\\/\\\/schema.org\",\"@graph\":[{\"@type\":\"WebPage\",\"@id\":\"https:\\\/\\\/bhimportsexports.com\\\/hl=pt\\\/produto\\\/modicon-quantum-processador-de-expansao-de-entrada-saida-e-s-remota-ethernet-ip\\\/\",\"url\":\"https:\\\/\\\/bhimportsexports.com\\\/hl=pt\\\/produto\\\/modicon-quantum-processador-de-expansao-de-entrada-saida-e-s-remota-ethernet-ip\\\/\",\"name\":\"Modicon Quantum \u2013 Processador de expans\u00e3o de entrada\\\/sa\u00edda \u2013 E\\\/S remota \u2013 Ethernet\\\/IP - BH IMPORTS &amp; EXPORTS\",\"isPartOf\":{\"@id\":\"https:\\\/\\\/bhimportsexports.com\\\/hl=pt\\\/#website\"},\"primaryImageOfPage\":{\"@id\":\"https:\\\/\\\/bhimportsexports.com\\\/hl=pt\\\/produto\\\/modicon-quantum-processador-de-expansao-de-entrada-saida-e-s-remota-ethernet-ip\\\/#primaryimage\"},\"image\":{\"@id\":\"https:\\\/\\\/bhimportsexports.com\\\/hl=pt\\\/produto\\\/modicon-quantum-processador-de-expansao-de-entrada-saida-e-s-remota-ethernet-ip\\\/#primaryimage\"},\"thumbnailUrl\":\"https:\\\/\\\/bhimportsexports.com\\\/wp-content\\\/uploads\\\/2025\\\/08\\\/MODICOM.jpg\",\"datePublished\":\"2025-08-12T14:47:38+00:00\",\"breadcrumb\":{\"@id\":\"https:\\\/\\\/bhimportsexports.com\\\/hl=pt\\\/produto\\\/modicon-quantum-processador-de-expansao-de-entrada-saida-e-s-remota-ethernet-ip\\\/#breadcrumb\"},\"inLanguage\":\"pt-BR\",\"potentialAction\":[{\"@type\":\"ReadAction\",\"target\":[\"https:\\\/\\\/bhimportsexports.com\\\/hl=pt\\\/produto\\\/modicon-quantum-processador-de-expansao-de-entrada-saida-e-s-remota-ethernet-ip\\\/\"]}]},{\"@type\":\"ImageObject\",\"inLanguage\":\"pt-BR\",\"@id\":\"https:\\\/\\\/bhimportsexports.com\\\/hl=pt\\\/produto\\\/modicon-quantum-processador-de-expansao-de-entrada-saida-e-s-remota-ethernet-ip\\\/#primaryimage\",\"url\":\"https:\\\/\\\/bhimportsexports.com\\\/wp-content\\\/uploads\\\/2025\\\/08\\\/MODICOM.jpg\",\"contentUrl\":\"https:\\\/\\\/bhimportsexports.com\\\/wp-content\\\/uploads\\\/2025\\\/08\\\/MODICOM.jpg\",\"width\":300,\"height\":300},{\"@type\":\"BreadcrumbList\",\"@id\":\"https:\\\/\\\/bhimportsexports.com\\\/hl=pt\\\/produto\\\/modicon-quantum-processador-de-expansao-de-entrada-saida-e-s-remota-ethernet-ip\\\/#breadcrumb\",\"itemListElement\":[{\"@type\":\"ListItem\",\"position\":1,\"name\":\"In\u00edcio\",\"item\":\"https:\\\/\\\/bhimportsexports.com\\\/hl=pt\\\/\"},{\"@type\":\"ListItem\",\"position\":2,\"name\":\"Loja\",\"item\":\"https:\\\/\\\/bhimportsexports.com\\\/hl=pt\\\/loja\\\/\"},{\"@type\":\"ListItem\",\"position\":3,\"name\":\"Modicon Quantum \u2013 Processador de expans\u00e3o de entrada\\\/sa\u00edda \u2013 E\\\/S remota \u2013 Ethernet\\\/IP\"}]},{\"@type\":\"WebSite\",\"@id\":\"https:\\\/\\\/bhimportsexports.com\\\/hl=pt\\\/#website\",\"url\":\"https:\\\/\\\/bhimportsexports.com\\\/hl=pt\\\/\",\"name\":\"BH IMPORTS & EXPORTS\",\"description\":\"Innovation and excellence in international trade. Import, export, consultancy and sourcing.\",\"publisher\":{\"@id\":\"https:\\\/\\\/bhimportsexports.com\\\/hl=pt\\\/#organization\"},\"potentialAction\":[{\"@type\":\"SearchAction\",\"target\":{\"@type\":\"EntryPoint\",\"urlTemplate\":\"https:\\\/\\\/bhimportsexports.com\\\/hl=pt\\\/?s={search_term_string}\"},\"query-input\":{\"@type\":\"PropertyValueSpecification\",\"valueRequired\":true,\"valueName\":\"search_term_string\"}}],\"inLanguage\":\"pt-BR\"},{\"@type\":\"Organization\",\"@id\":\"https:\\\/\\\/bhimportsexports.com\\\/hl=pt\\\/#organization\",\"name\":\"BH IMPORTS & EXPORTS\",\"url\":\"https:\\\/\\\/bhimportsexports.com\\\/hl=pt\\\/\",\"logo\":{\"@type\":\"ImageObject\",\"inLanguage\":\"pt-BR\",\"@id\":\"https:\\\/\\\/bhimportsexports.com\\\/hl=pt\\\/#\\\/schema\\\/logo\\\/image\\\/\",\"url\":\"https:\\\/\\\/bhimportsexports.com\\\/wp-content\\\/uploads\\\/2024\\\/09\\\/BH-IMPORTS.png\",\"contentUrl\":\"https:\\\/\\\/bhimportsexports.com\\\/wp-content\\\/uploads\\\/2024\\\/09\\\/BH-IMPORTS.png\",\"width\":300,\"height\":200,\"caption\":\"BH IMPORTS & EXPORTS\"},\"image\":{\"@id\":\"https:\\\/\\\/bhimportsexports.com\\\/hl=pt\\\/#\\\/schema\\\/logo\\\/image\\\/\"}}]}<\/script>\n<!-- \/ Yoast SEO plugin. -->","yoast_head_json":{"title":"Modicon Quantum \u2013 Processador de expans\u00e3o de entrada\/sa\u00edda \u2013 E\/S remota \u2013 Ethernet\/IP - BH IMPORTS &amp; EXPORTS","robots":{"index":"index","follow":"follow","max-snippet":"max-snippet:-1","max-image-preview":"max-image-preview:large","max-video-preview":"max-video-preview:-1"},"canonical":"https:\/\/bhimportsexports.com\/hl=pt\/produto\/modicon-quantum-processador-de-expansao-de-entrada-saida-e-s-remota-ethernet-ip\/","og_locale":"pt_BR","og_type":"article","og_title":"Modicon Quantum \u2013 Processador de expans\u00e3o de entrada\/sa\u00edda \u2013 E\/S remota \u2013 Ethernet\/IP - BH IMPORTS &amp; EXPORTS","og_description":"PRE\u00c7O SOB CONSULTA","og_url":"https:\/\/bhimportsexports.com\/hl=pt\/produto\/modicon-quantum-processador-de-expansao-de-entrada-saida-e-s-remota-ethernet-ip\/","og_site_name":"BH IMPORTS &amp; EXPORTS","og_image":[{"width":300,"height":300,"url":"https:\/\/bhimportsexports.com\/wp-content\/uploads\/2025\/08\/MODICOM.jpg","type":"image\/jpeg"}],"twitter_card":"summary_large_image","twitter_misc":{"Est. tempo de leitura":"1 minuto"},"schema":{"@context":"https:\/\/schema.org","@graph":[{"@type":"WebPage","@id":"https:\/\/bhimportsexports.com\/hl=pt\/produto\/modicon-quantum-processador-de-expansao-de-entrada-saida-e-s-remota-ethernet-ip\/","url":"https:\/\/bhimportsexports.com\/hl=pt\/produto\/modicon-quantum-processador-de-expansao-de-entrada-saida-e-s-remota-ethernet-ip\/","name":"Modicon Quantum \u2013 Processador de expans\u00e3o de entrada\/sa\u00edda \u2013 E\/S remota \u2013 Ethernet\/IP - BH IMPORTS &amp; EXPORTS","isPartOf":{"@id":"https:\/\/bhimportsexports.com\/hl=pt\/#website"},"primaryImageOfPage":{"@id":"https:\/\/bhimportsexports.com\/hl=pt\/produto\/modicon-quantum-processador-de-expansao-de-entrada-saida-e-s-remota-ethernet-ip\/#primaryimage"},"image":{"@id":"https:\/\/bhimportsexports.com\/hl=pt\/produto\/modicon-quantum-processador-de-expansao-de-entrada-saida-e-s-remota-ethernet-ip\/#primaryimage"},"thumbnailUrl":"https:\/\/bhimportsexports.com\/wp-content\/uploads\/2025\/08\/MODICOM.jpg","datePublished":"2025-08-12T14:47:38+00:00","breadcrumb":{"@id":"https:\/\/bhimportsexports.com\/hl=pt\/produto\/modicon-quantum-processador-de-expansao-de-entrada-saida-e-s-remota-ethernet-ip\/#breadcrumb"},"inLanguage":"pt-BR","potentialAction":[{"@type":"ReadAction","target":["https:\/\/bhimportsexports.com\/hl=pt\/produto\/modicon-quantum-processador-de-expansao-de-entrada-saida-e-s-remota-ethernet-ip\/"]}]},{"@type":"ImageObject","inLanguage":"pt-BR","@id":"https:\/\/bhimportsexports.com\/hl=pt\/produto\/modicon-quantum-processador-de-expansao-de-entrada-saida-e-s-remota-ethernet-ip\/#primaryimage","url":"https:\/\/bhimportsexports.com\/wp-content\/uploads\/2025\/08\/MODICOM.jpg","contentUrl":"https:\/\/bhimportsexports.com\/wp-content\/uploads\/2025\/08\/MODICOM.jpg","width":300,"height":300},{"@type":"BreadcrumbList","@id":"https:\/\/bhimportsexports.com\/hl=pt\/produto\/modicon-quantum-processador-de-expansao-de-entrada-saida-e-s-remota-ethernet-ip\/#breadcrumb","itemListElement":[{"@type":"ListItem","position":1,"name":"In\u00edcio","item":"https:\/\/bhimportsexports.com\/hl=pt\/"},{"@type":"ListItem","position":2,"name":"Loja","item":"https:\/\/bhimportsexports.com\/hl=pt\/loja\/"},{"@type":"ListItem","position":3,"name":"Modicon Quantum \u2013 Processador de expans\u00e3o de entrada\/sa\u00edda \u2013 E\/S remota \u2013 Ethernet\/IP"}]},{"@type":"WebSite","@id":"https:\/\/bhimportsexports.com\/hl=pt\/#website","url":"https:\/\/bhimportsexports.com\/hl=pt\/","name":"BH IMPORTS & EXPORTS","description":"Innovation and excellence in international trade. Import, export, consultancy and sourcing.","publisher":{"@id":"https:\/\/bhimportsexports.com\/hl=pt\/#organization"},"potentialAction":[{"@type":"SearchAction","target":{"@type":"EntryPoint","urlTemplate":"https:\/\/bhimportsexports.com\/hl=pt\/?s={search_term_string}"},"query-input":{"@type":"PropertyValueSpecification","valueRequired":true,"valueName":"search_term_string"}}],"inLanguage":"pt-BR"},{"@type":"Organization","@id":"https:\/\/bhimportsexports.com\/hl=pt\/#organization","name":"BH IMPORTS & EXPORTS","url":"https:\/\/bhimportsexports.com\/hl=pt\/","logo":{"@type":"ImageObject","inLanguage":"pt-BR","@id":"https:\/\/bhimportsexports.com\/hl=pt\/#\/schema\/logo\/image\/","url":"https:\/\/bhimportsexports.com\/wp-content\/uploads\/2024\/09\/BH-IMPORTS.png","contentUrl":"https:\/\/bhimportsexports.com\/wp-content\/uploads\/2024\/09\/BH-IMPORTS.png","width":300,"height":200,"caption":"BH IMPORTS & EXPORTS"},"image":{"@id":"https:\/\/bhimportsexports.com\/hl=pt\/#\/schema\/logo\/image\/"}}]}},"_links":{"self":[{"href":"https:\/\/bhimportsexports.com\/hl=pt\/wp-json\/wp\/v2\/product\/4249","targetHints":{"allow":["GET"]}}],"collection":[{"href":"https:\/\/bhimportsexports.com\/hl=pt\/wp-json\/wp\/v2\/product"}],"about":[{"href":"https:\/\/bhimportsexports.com\/hl=pt\/wp-json\/wp\/v2\/types\/product"}],"replies":[{"embeddable":true,"href":"https:\/\/bhimportsexports.com\/hl=pt\/wp-json\/wp\/v2\/comments?post=4249"}],"wp:featuredmedia":[{"embeddable":true,"href":"https:\/\/bhimportsexports.com\/hl=pt\/wp-json\/wp\/v2\/media\/4250"}],"wp:attachment":[{"href":"https:\/\/bhimportsexports.com\/hl=pt\/wp-json\/wp\/v2\/media?parent=4249"}],"wp:term":[{"taxonomy":"product_brand","embeddable":true,"href":"https:\/\/bhimportsexports.com\/hl=pt\/wp-json\/wp\/v2\/product_brand?post=4249"},{"taxonomy":"product_cat","embeddable":true,"href":"https:\/\/bhimportsexports.com\/hl=pt\/wp-json\/wp\/v2\/product_cat?post=4249"},{"taxonomy":"product_tag","embeddable":true,"href":"https:\/\/bhimportsexports.com\/hl=pt\/wp-json\/wp\/v2\/product_tag?post=4249"}],"curies":[{"name":"wp","href":"https:\/\/api.w.org\/{rel}","templated":true}]}}