{"id":4234,"date":"2025-08-04T04:11:29","date_gmt":"2025-08-04T04:11:29","guid":{"rendered":"https:\/\/bhimportsexports.com\/hl=pt\/?post_type=product&#038;p=4234"},"modified":"2025-08-04T04:11:29","modified_gmt":"2025-08-04T04:11:29","slug":"contator-auxiliar-tesys-d-3no2nc-110vdc-cad32fd","status":"publish","type":"product","link":"https:\/\/bhimportsexports.com\/hl=pt\/produto\/contator-auxiliar-tesys-d-3no2nc-110vdc-cad32fd\/","title":{"rendered":"CONTATOR AUXILIAR TESYS D 3NO+2NC 110VDC CAD32FD"},"content":{"rendered":"<p>Linha principal TeSys TeSys Deca Nome do produto TeSys CAD Tipo de produto ou componente Rel\u00e9 de controle Nome abreviado do dispositivo Aplica\u00e7\u00e3o do contator CAD Circuito de controle Categoria de uso suplementar CA-15 CC-13 CA-14 Composi\u00e7\u00e3o do contato do polo 3 NA + 2 NF [Ue] Tens\u00e3o nominal de opera\u00e7\u00e3o &lt;= 690 V CA 25\u2026400 Hz Tipo de circuito de controle CC Tens\u00e3o do circuito de controle padr\u00e3o 110 V CC [Uimp] Tens\u00e3o nominal de resist\u00eancia ao impulso 6 kV conforme IEC 60947 [Ith] Corrente t\u00e9rmica convencional ao ar livre 10 A (a 60 \u00b0C) Capacidade nominal de fechamento Irms 140 A CA conforme IEC 60947-5-1 250 A CC conforme IEC 60947-5-1 [Icw] Corrente nominal de curta dura\u00e7\u00e3o 100 A \u2013 1 s 120 A \u2013 500 ms 140 A \u2013 100 ms Classifica\u00e7\u00e3o do fus\u00edvel associado 10 A gG conforme IEC 60947-5-1 [Ui] tens\u00e3o de isolamento nominal 600 V Certificado UL 600 V Certificado CSA 690 V conforme IEC 60947-5-1 Suporte de montagem Conex\u00f5es da placa de trilho \u2013 terminais Terminais de parafuso 1 cabo(s) 1\u20264 mm\u00b2 Flex\u00edvel Sem extremidade do cabo Terminais de parafuso 2 cabo(s) 1\u20264 mm\u00b2 Flex\u00edvel Sem extremidade do cabo Terminais de parafuso 1 cabo(s) 1\u20264 mm\u00b2 Flex\u00edvel Com extremidade do cabo Terminais de parafuso 2 cabo(s) 1\u20262,5 mm\u00b2 Flex\u00edvel Com extremidade do cabo Terminais de parafuso 1 cabo(s) 1\u20264 mm\u00b2 S\u00f3lido Sem extremidade do cabo Terminais de parafuso 2 cabo(s) 1\u20264 mm\u00b2 S\u00f3lido Sem extremidade do cabo Torque de aperto 1,2 Nm \u2013 conectar Terminais de parafuso \u2013 com chave de fenda Philips n\u00ba 2 1,2 Nm \u2013 conectar Terminais de parafuso \u2013 com chave de fenda plana \u00d8 6 mm 1,2 Nm \u2013 conectar terminais de parafuso \u2013 com chave de fenda Pozidriv n\u00ba 2<\/p>\n","protected":false},"excerpt":{"rendered":"<p>PRE\u00c7O SOB CONSULTA<\/p>\n","protected":false},"featured_media":4235,"comment_status":"open","ping_status":"closed","template":"","meta":[],"product_brand":[],"product_cat":[1079],"product_tag":[],"class_list":{"0":"post-4234","1":"product","2":"type-product","3":"status-publish","4":"has-post-thumbnail","6":"product_cat-sem-categoria","8":"first","9":"onbackorder","10":"shipping-taxable","11":"product-type-simple"},"yoast_head":"<!-- This site is optimized with the Yoast SEO plugin v27.4 - https:\/\/yoast.com\/product\/yoast-seo-wordpress\/ -->\n<title>CONTATOR AUXILIAR TESYS D 3NO+2NC 110VDC CAD32FD - BH IMPORTS &amp; EXPORTS<\/title>\n<meta name=\"robots\" content=\"index, follow, max-snippet:-1, max-image-preview:large, max-video-preview:-1\" \/>\n<link rel=\"canonical\" href=\"https:\/\/bhimportsexports.com\/hl=pt\/produto\/contator-auxiliar-tesys-d-3no2nc-110vdc-cad32fd\/\" \/>\n<meta property=\"og:locale\" content=\"pt_BR\" \/>\n<meta property=\"og:type\" content=\"article\" \/>\n<meta property=\"og:title\" content=\"CONTATOR AUXILIAR TESYS D 3NO+2NC 110VDC CAD32FD - BH IMPORTS &amp; EXPORTS\" \/>\n<meta property=\"og:description\" content=\"PRE\u00c7O SOB CONSULTA\" \/>\n<meta property=\"og:url\" content=\"https:\/\/bhimportsexports.com\/hl=pt\/produto\/contator-auxiliar-tesys-d-3no2nc-110vdc-cad32fd\/\" \/>\n<meta property=\"og:site_name\" content=\"BH IMPORTS &amp; EXPORTS\" \/>\n<meta property=\"og:image\" content=\"https:\/\/bhimportsexports.com\/wp-content\/uploads\/2025\/08\/\u00b4p-300x300-1.jpg\" \/>\n\t<meta property=\"og:image:width\" content=\"300\" \/>\n\t<meta property=\"og:image:height\" content=\"300\" \/>\n\t<meta property=\"og:image:type\" content=\"image\/jpeg\" \/>\n<meta name=\"twitter:card\" content=\"summary_large_image\" \/>\n<meta name=\"twitter:label1\" content=\"Est. tempo de leitura\" \/>\n\t<meta name=\"twitter:data1\" content=\"1 minuto\" \/>\n<script type=\"application\/ld+json\" class=\"yoast-schema-graph\">{\"@context\":\"https:\\\/\\\/schema.org\",\"@graph\":[{\"@type\":\"WebPage\",\"@id\":\"https:\\\/\\\/bhimportsexports.com\\\/hl=pt\\\/produto\\\/contator-auxiliar-tesys-d-3no2nc-110vdc-cad32fd\\\/\",\"url\":\"https:\\\/\\\/bhimportsexports.com\\\/hl=pt\\\/produto\\\/contator-auxiliar-tesys-d-3no2nc-110vdc-cad32fd\\\/\",\"name\":\"CONTATOR AUXILIAR TESYS D 3NO+2NC 110VDC CAD32FD - BH IMPORTS &amp; EXPORTS\",\"isPartOf\":{\"@id\":\"https:\\\/\\\/bhimportsexports.com\\\/hl=pt\\\/#website\"},\"primaryImageOfPage\":{\"@id\":\"https:\\\/\\\/bhimportsexports.com\\\/hl=pt\\\/produto\\\/contator-auxiliar-tesys-d-3no2nc-110vdc-cad32fd\\\/#primaryimage\"},\"image\":{\"@id\":\"https:\\\/\\\/bhimportsexports.com\\\/hl=pt\\\/produto\\\/contator-auxiliar-tesys-d-3no2nc-110vdc-cad32fd\\\/#primaryimage\"},\"thumbnailUrl\":\"https:\\\/\\\/bhimportsexports.com\\\/wp-content\\\/uploads\\\/2025\\\/08\\\/\u00b4p-300x300-1.jpg\",\"datePublished\":\"2025-08-04T04:11:29+00:00\",\"breadcrumb\":{\"@id\":\"https:\\\/\\\/bhimportsexports.com\\\/hl=pt\\\/produto\\\/contator-auxiliar-tesys-d-3no2nc-110vdc-cad32fd\\\/#breadcrumb\"},\"inLanguage\":\"pt-BR\",\"potentialAction\":[{\"@type\":\"ReadAction\",\"target\":[\"https:\\\/\\\/bhimportsexports.com\\\/hl=pt\\\/produto\\\/contator-auxiliar-tesys-d-3no2nc-110vdc-cad32fd\\\/\"]}]},{\"@type\":\"ImageObject\",\"inLanguage\":\"pt-BR\",\"@id\":\"https:\\\/\\\/bhimportsexports.com\\\/hl=pt\\\/produto\\\/contator-auxiliar-tesys-d-3no2nc-110vdc-cad32fd\\\/#primaryimage\",\"url\":\"https:\\\/\\\/bhimportsexports.com\\\/wp-content\\\/uploads\\\/2025\\\/08\\\/\u00b4p-300x300-1.jpg\",\"contentUrl\":\"https:\\\/\\\/bhimportsexports.com\\\/wp-content\\\/uploads\\\/2025\\\/08\\\/\u00b4p-300x300-1.jpg\",\"width\":300,\"height\":300},{\"@type\":\"BreadcrumbList\",\"@id\":\"https:\\\/\\\/bhimportsexports.com\\\/hl=pt\\\/produto\\\/contator-auxiliar-tesys-d-3no2nc-110vdc-cad32fd\\\/#breadcrumb\",\"itemListElement\":[{\"@type\":\"ListItem\",\"position\":1,\"name\":\"In\u00edcio\",\"item\":\"https:\\\/\\\/bhimportsexports.com\\\/hl=pt\\\/\"},{\"@type\":\"ListItem\",\"position\":2,\"name\":\"Loja\",\"item\":\"https:\\\/\\\/bhimportsexports.com\\\/hl=pt\\\/loja\\\/\"},{\"@type\":\"ListItem\",\"position\":3,\"name\":\"CONTATOR AUXILIAR TESYS D 3NO+2NC 110VDC CAD32FD\"}]},{\"@type\":\"WebSite\",\"@id\":\"https:\\\/\\\/bhimportsexports.com\\\/hl=pt\\\/#website\",\"url\":\"https:\\\/\\\/bhimportsexports.com\\\/hl=pt\\\/\",\"name\":\"BH IMPORTS & EXPORTS\",\"description\":\"Innovation and excellence in international trade. Import, export, consultancy and sourcing.\",\"publisher\":{\"@id\":\"https:\\\/\\\/bhimportsexports.com\\\/hl=pt\\\/#organization\"},\"potentialAction\":[{\"@type\":\"SearchAction\",\"target\":{\"@type\":\"EntryPoint\",\"urlTemplate\":\"https:\\\/\\\/bhimportsexports.com\\\/hl=pt\\\/?s={search_term_string}\"},\"query-input\":{\"@type\":\"PropertyValueSpecification\",\"valueRequired\":true,\"valueName\":\"search_term_string\"}}],\"inLanguage\":\"pt-BR\"},{\"@type\":\"Organization\",\"@id\":\"https:\\\/\\\/bhimportsexports.com\\\/hl=pt\\\/#organization\",\"name\":\"BH IMPORTS & EXPORTS\",\"url\":\"https:\\\/\\\/bhimportsexports.com\\\/hl=pt\\\/\",\"logo\":{\"@type\":\"ImageObject\",\"inLanguage\":\"pt-BR\",\"@id\":\"https:\\\/\\\/bhimportsexports.com\\\/hl=pt\\\/#\\\/schema\\\/logo\\\/image\\\/\",\"url\":\"https:\\\/\\\/bhimportsexports.com\\\/wp-content\\\/uploads\\\/2024\\\/09\\\/BH-IMPORTS.png\",\"contentUrl\":\"https:\\\/\\\/bhimportsexports.com\\\/wp-content\\\/uploads\\\/2024\\\/09\\\/BH-IMPORTS.png\",\"width\":300,\"height\":200,\"caption\":\"BH IMPORTS & EXPORTS\"},\"image\":{\"@id\":\"https:\\\/\\\/bhimportsexports.com\\\/hl=pt\\\/#\\\/schema\\\/logo\\\/image\\\/\"}}]}<\/script>\n<!-- \/ Yoast SEO plugin. -->","yoast_head_json":{"title":"CONTATOR AUXILIAR TESYS D 3NO+2NC 110VDC CAD32FD - BH IMPORTS &amp; EXPORTS","robots":{"index":"index","follow":"follow","max-snippet":"max-snippet:-1","max-image-preview":"max-image-preview:large","max-video-preview":"max-video-preview:-1"},"canonical":"https:\/\/bhimportsexports.com\/hl=pt\/produto\/contator-auxiliar-tesys-d-3no2nc-110vdc-cad32fd\/","og_locale":"pt_BR","og_type":"article","og_title":"CONTATOR AUXILIAR TESYS D 3NO+2NC 110VDC CAD32FD - BH IMPORTS &amp; EXPORTS","og_description":"PRE\u00c7O SOB CONSULTA","og_url":"https:\/\/bhimportsexports.com\/hl=pt\/produto\/contator-auxiliar-tesys-d-3no2nc-110vdc-cad32fd\/","og_site_name":"BH IMPORTS &amp; EXPORTS","og_image":[{"width":300,"height":300,"url":"https:\/\/bhimportsexports.com\/wp-content\/uploads\/2025\/08\/\u00b4p-300x300-1.jpg","type":"image\/jpeg"}],"twitter_card":"summary_large_image","twitter_misc":{"Est. tempo de leitura":"1 minuto"},"schema":{"@context":"https:\/\/schema.org","@graph":[{"@type":"WebPage","@id":"https:\/\/bhimportsexports.com\/hl=pt\/produto\/contator-auxiliar-tesys-d-3no2nc-110vdc-cad32fd\/","url":"https:\/\/bhimportsexports.com\/hl=pt\/produto\/contator-auxiliar-tesys-d-3no2nc-110vdc-cad32fd\/","name":"CONTATOR AUXILIAR TESYS D 3NO+2NC 110VDC CAD32FD - BH IMPORTS &amp; EXPORTS","isPartOf":{"@id":"https:\/\/bhimportsexports.com\/hl=pt\/#website"},"primaryImageOfPage":{"@id":"https:\/\/bhimportsexports.com\/hl=pt\/produto\/contator-auxiliar-tesys-d-3no2nc-110vdc-cad32fd\/#primaryimage"},"image":{"@id":"https:\/\/bhimportsexports.com\/hl=pt\/produto\/contator-auxiliar-tesys-d-3no2nc-110vdc-cad32fd\/#primaryimage"},"thumbnailUrl":"https:\/\/bhimportsexports.com\/wp-content\/uploads\/2025\/08\/\u00b4p-300x300-1.jpg","datePublished":"2025-08-04T04:11:29+00:00","breadcrumb":{"@id":"https:\/\/bhimportsexports.com\/hl=pt\/produto\/contator-auxiliar-tesys-d-3no2nc-110vdc-cad32fd\/#breadcrumb"},"inLanguage":"pt-BR","potentialAction":[{"@type":"ReadAction","target":["https:\/\/bhimportsexports.com\/hl=pt\/produto\/contator-auxiliar-tesys-d-3no2nc-110vdc-cad32fd\/"]}]},{"@type":"ImageObject","inLanguage":"pt-BR","@id":"https:\/\/bhimportsexports.com\/hl=pt\/produto\/contator-auxiliar-tesys-d-3no2nc-110vdc-cad32fd\/#primaryimage","url":"https:\/\/bhimportsexports.com\/wp-content\/uploads\/2025\/08\/\u00b4p-300x300-1.jpg","contentUrl":"https:\/\/bhimportsexports.com\/wp-content\/uploads\/2025\/08\/\u00b4p-300x300-1.jpg","width":300,"height":300},{"@type":"BreadcrumbList","@id":"https:\/\/bhimportsexports.com\/hl=pt\/produto\/contator-auxiliar-tesys-d-3no2nc-110vdc-cad32fd\/#breadcrumb","itemListElement":[{"@type":"ListItem","position":1,"name":"In\u00edcio","item":"https:\/\/bhimportsexports.com\/hl=pt\/"},{"@type":"ListItem","position":2,"name":"Loja","item":"https:\/\/bhimportsexports.com\/hl=pt\/loja\/"},{"@type":"ListItem","position":3,"name":"CONTATOR AUXILIAR TESYS D 3NO+2NC 110VDC CAD32FD"}]},{"@type":"WebSite","@id":"https:\/\/bhimportsexports.com\/hl=pt\/#website","url":"https:\/\/bhimportsexports.com\/hl=pt\/","name":"BH IMPORTS & EXPORTS","description":"Innovation and excellence in international trade. Import, export, consultancy and sourcing.","publisher":{"@id":"https:\/\/bhimportsexports.com\/hl=pt\/#organization"},"potentialAction":[{"@type":"SearchAction","target":{"@type":"EntryPoint","urlTemplate":"https:\/\/bhimportsexports.com\/hl=pt\/?s={search_term_string}"},"query-input":{"@type":"PropertyValueSpecification","valueRequired":true,"valueName":"search_term_string"}}],"inLanguage":"pt-BR"},{"@type":"Organization","@id":"https:\/\/bhimportsexports.com\/hl=pt\/#organization","name":"BH IMPORTS & EXPORTS","url":"https:\/\/bhimportsexports.com\/hl=pt\/","logo":{"@type":"ImageObject","inLanguage":"pt-BR","@id":"https:\/\/bhimportsexports.com\/hl=pt\/#\/schema\/logo\/image\/","url":"https:\/\/bhimportsexports.com\/wp-content\/uploads\/2024\/09\/BH-IMPORTS.png","contentUrl":"https:\/\/bhimportsexports.com\/wp-content\/uploads\/2024\/09\/BH-IMPORTS.png","width":300,"height":200,"caption":"BH IMPORTS & EXPORTS"},"image":{"@id":"https:\/\/bhimportsexports.com\/hl=pt\/#\/schema\/logo\/image\/"}}]}},"_links":{"self":[{"href":"https:\/\/bhimportsexports.com\/hl=pt\/wp-json\/wp\/v2\/product\/4234","targetHints":{"allow":["GET"]}}],"collection":[{"href":"https:\/\/bhimportsexports.com\/hl=pt\/wp-json\/wp\/v2\/product"}],"about":[{"href":"https:\/\/bhimportsexports.com\/hl=pt\/wp-json\/wp\/v2\/types\/product"}],"replies":[{"embeddable":true,"href":"https:\/\/bhimportsexports.com\/hl=pt\/wp-json\/wp\/v2\/comments?post=4234"}],"wp:featuredmedia":[{"embeddable":true,"href":"https:\/\/bhimportsexports.com\/hl=pt\/wp-json\/wp\/v2\/media\/4235"}],"wp:attachment":[{"href":"https:\/\/bhimportsexports.com\/hl=pt\/wp-json\/wp\/v2\/media?parent=4234"}],"wp:term":[{"taxonomy":"product_brand","embeddable":true,"href":"https:\/\/bhimportsexports.com\/hl=pt\/wp-json\/wp\/v2\/product_brand?post=4234"},{"taxonomy":"product_cat","embeddable":true,"href":"https:\/\/bhimportsexports.com\/hl=pt\/wp-json\/wp\/v2\/product_cat?post=4234"},{"taxonomy":"product_tag","embeddable":true,"href":"https:\/\/bhimportsexports.com\/hl=pt\/wp-json\/wp\/v2\/product_tag?post=4234"}],"curies":[{"name":"wp","href":"https:\/\/api.w.org\/{rel}","templated":true}]}}