{"id":4228,"date":"2025-08-04T03:41:52","date_gmt":"2025-08-04T03:41:52","guid":{"rendered":"https:\/\/bhimportsexports.com\/hl=pt\/?post_type=product&#038;p=4228"},"modified":"2025-08-04T03:41:52","modified_gmt":"2025-08-04T03:41:52","slug":"luz-indicadora-vermelha-de-metal-o30mm-para-lampada-ba9s-%e2%89%a4600v","status":"publish","type":"product","link":"https:\/\/bhimportsexports.com\/hl=pt\/produto\/luz-indicadora-vermelha-de-metal-o30mm-para-lampada-ba9s-%e2%89%a4600v\/","title":{"rendered":"Luz indicadora vermelha de metal \u00d830mm para l\u00e2mpada BA9S, \u2264600V"},"content":{"rendered":"<p>Linha de produtos Harmony 9001K Tipo de produto ou componente Luz de sinaliza\u00e7\u00e3o Nome abreviado do dispositivo 9.001K Complementar Material da estrutura Metal Di\u00e2metro de montagem 30 mm Formato da cabe\u00e7a da unidade de sinaliza\u00e7\u00e3o Redondo Tipo de lente Fresnel Pl\u00e1stico Cor do inserto ou da lente Vermelho Fonte de luz Incandescente Base da l\u00e2mpada BA 9s Alimenta\u00e7\u00e3o do bloco de luz Direto 250 V CA\/CC Conex\u00f5es \u2013 terminais Terminais de parafuso, 1 x 0,22\u20262 x 1,5 mm\u00b2 de acordo com IEC 60947-1 Torque de aperto 0,8 Nm de acordo com IEC 60947-1 Formato da cabe\u00e7a do parafuso Com ranhuras cruzadas Posi\u00e7\u00e3o de opera\u00e7\u00e3o Qualquer posi\u00e7\u00e3o [Ui] tens\u00e3o de isolamento nominal 250 V (graus de polui\u00e7\u00e3o 2) de acordo com IEC 60947-1 [Uimp] tens\u00e3o de resist\u00eancia ao impulso nominal 2,5 kV IEC 60947-1 Prote\u00e7\u00e3o contra sobrecarga e curto-circuito 10 A Fus\u00edvel tipo cartucho de acordo com IEC 60947-5-1 fonte de luz L\u00e2mpada n\u00e3o inclu\u00eddo [Ith] corrente t\u00e9rmica convencional ao ar livre 10 A largura total CAD 54 mm altura total CAD 70 mm profundidade total CAD 42 mm Peso l\u00edquido 0,134 kg tipo de lente Domed Tens\u00e3o de alimenta\u00e7\u00e3o nominal [Us] 6 V fonte de alimenta\u00e7\u00e3o do bloco de luz Tens\u00e3o m\u00e1xima material da lente Policarbonato tamanho 30 mm<\/p>\n","protected":false},"excerpt":{"rendered":"<p>PRE\u00c7O SOB CONSULTA<\/p>\n","protected":false},"featured_media":4229,"comment_status":"open","ping_status":"closed","template":"","meta":[],"product_brand":[],"product_cat":[1183],"product_tag":[],"class_list":{"0":"post-4228","1":"product","2":"type-product","3":"status-publish","4":"has-post-thumbnail","6":"product_cat-lampada","8":"first","9":"onbackorder","10":"shipping-taxable","11":"product-type-simple"},"yoast_head":"<!-- This site is optimized with the Yoast SEO plugin v27.4 - https:\/\/yoast.com\/product\/yoast-seo-wordpress\/ -->\n<title>Luz indicadora vermelha de metal \u00d830mm para l\u00e2mpada BA9S, \u2264600V - BH IMPORTS &amp; EXPORTS<\/title>\n<meta name=\"robots\" content=\"index, follow, max-snippet:-1, max-image-preview:large, max-video-preview:-1\" \/>\n<link rel=\"canonical\" href=\"https:\/\/bhimportsexports.com\/hl=pt\/produto\/luz-indicadora-vermelha-de-metal-o30mm-para-lampada-ba9s-\u2264600v\/\" \/>\n<meta property=\"og:locale\" content=\"pt_BR\" \/>\n<meta property=\"og:type\" content=\"article\" \/>\n<meta property=\"og:title\" content=\"Luz indicadora vermelha de metal \u00d830mm para l\u00e2mpada BA9S, \u2264600V - BH IMPORTS &amp; EXPORTS\" \/>\n<meta property=\"og:description\" content=\"PRE\u00c7O SOB CONSULTA\" \/>\n<meta property=\"og:url\" content=\"https:\/\/bhimportsexports.com\/hl=pt\/produto\/luz-indicadora-vermelha-de-metal-o30mm-para-lampada-ba9s-\u2264600v\/\" \/>\n<meta property=\"og:site_name\" content=\"BH IMPORTS &amp; EXPORTS\" \/>\n<meta property=\"og:image\" content=\"https:\/\/bhimportsexports.com\/wp-content\/uploads\/2025\/08\/9001K_634_CPODA2016459_369-300x300-1.jpg\" \/>\n\t<meta property=\"og:image:width\" content=\"300\" \/>\n\t<meta property=\"og:image:height\" content=\"300\" \/>\n\t<meta property=\"og:image:type\" content=\"image\/jpeg\" \/>\n<meta name=\"twitter:card\" content=\"summary_large_image\" \/>\n<meta name=\"twitter:label1\" content=\"Est. tempo de leitura\" \/>\n\t<meta name=\"twitter:data1\" content=\"1 minuto\" \/>\n<script type=\"application\/ld+json\" class=\"yoast-schema-graph\">{\"@context\":\"https:\\\/\\\/schema.org\",\"@graph\":[{\"@type\":\"WebPage\",\"@id\":\"https:\\\/\\\/bhimportsexports.com\\\/hl=pt\\\/produto\\\/luz-indicadora-vermelha-de-metal-o30mm-para-lampada-ba9s-%e2%89%a4600v\\\/\",\"url\":\"https:\\\/\\\/bhimportsexports.com\\\/hl=pt\\\/produto\\\/luz-indicadora-vermelha-de-metal-o30mm-para-lampada-ba9s-%e2%89%a4600v\\\/\",\"name\":\"Luz indicadora vermelha de metal \u00d830mm para l\u00e2mpada BA9S, \u2264600V - BH IMPORTS &amp; EXPORTS\",\"isPartOf\":{\"@id\":\"https:\\\/\\\/bhimportsexports.com\\\/hl=pt\\\/#website\"},\"primaryImageOfPage\":{\"@id\":\"https:\\\/\\\/bhimportsexports.com\\\/hl=pt\\\/produto\\\/luz-indicadora-vermelha-de-metal-o30mm-para-lampada-ba9s-%e2%89%a4600v\\\/#primaryimage\"},\"image\":{\"@id\":\"https:\\\/\\\/bhimportsexports.com\\\/hl=pt\\\/produto\\\/luz-indicadora-vermelha-de-metal-o30mm-para-lampada-ba9s-%e2%89%a4600v\\\/#primaryimage\"},\"thumbnailUrl\":\"https:\\\/\\\/bhimportsexports.com\\\/wp-content\\\/uploads\\\/2025\\\/08\\\/9001K_634_CPODA2016459_369-300x300-1.jpg\",\"datePublished\":\"2025-08-04T03:41:52+00:00\",\"breadcrumb\":{\"@id\":\"https:\\\/\\\/bhimportsexports.com\\\/hl=pt\\\/produto\\\/luz-indicadora-vermelha-de-metal-o30mm-para-lampada-ba9s-%e2%89%a4600v\\\/#breadcrumb\"},\"inLanguage\":\"pt-BR\",\"potentialAction\":[{\"@type\":\"ReadAction\",\"target\":[\"https:\\\/\\\/bhimportsexports.com\\\/hl=pt\\\/produto\\\/luz-indicadora-vermelha-de-metal-o30mm-para-lampada-ba9s-%e2%89%a4600v\\\/\"]}]},{\"@type\":\"ImageObject\",\"inLanguage\":\"pt-BR\",\"@id\":\"https:\\\/\\\/bhimportsexports.com\\\/hl=pt\\\/produto\\\/luz-indicadora-vermelha-de-metal-o30mm-para-lampada-ba9s-%e2%89%a4600v\\\/#primaryimage\",\"url\":\"https:\\\/\\\/bhimportsexports.com\\\/wp-content\\\/uploads\\\/2025\\\/08\\\/9001K_634_CPODA2016459_369-300x300-1.jpg\",\"contentUrl\":\"https:\\\/\\\/bhimportsexports.com\\\/wp-content\\\/uploads\\\/2025\\\/08\\\/9001K_634_CPODA2016459_369-300x300-1.jpg\",\"width\":300,\"height\":300},{\"@type\":\"BreadcrumbList\",\"@id\":\"https:\\\/\\\/bhimportsexports.com\\\/hl=pt\\\/produto\\\/luz-indicadora-vermelha-de-metal-o30mm-para-lampada-ba9s-%e2%89%a4600v\\\/#breadcrumb\",\"itemListElement\":[{\"@type\":\"ListItem\",\"position\":1,\"name\":\"In\u00edcio\",\"item\":\"https:\\\/\\\/bhimportsexports.com\\\/hl=pt\\\/\"},{\"@type\":\"ListItem\",\"position\":2,\"name\":\"Loja\",\"item\":\"https:\\\/\\\/bhimportsexports.com\\\/hl=pt\\\/loja\\\/\"},{\"@type\":\"ListItem\",\"position\":3,\"name\":\"Luz indicadora vermelha de metal \u00d830mm para l\u00e2mpada BA9S, \u2264600V\"}]},{\"@type\":\"WebSite\",\"@id\":\"https:\\\/\\\/bhimportsexports.com\\\/hl=pt\\\/#website\",\"url\":\"https:\\\/\\\/bhimportsexports.com\\\/hl=pt\\\/\",\"name\":\"BH IMPORTS & EXPORTS\",\"description\":\"Innovation and excellence in international trade. Import, export, consultancy and sourcing.\",\"publisher\":{\"@id\":\"https:\\\/\\\/bhimportsexports.com\\\/hl=pt\\\/#organization\"},\"potentialAction\":[{\"@type\":\"SearchAction\",\"target\":{\"@type\":\"EntryPoint\",\"urlTemplate\":\"https:\\\/\\\/bhimportsexports.com\\\/hl=pt\\\/?s={search_term_string}\"},\"query-input\":{\"@type\":\"PropertyValueSpecification\",\"valueRequired\":true,\"valueName\":\"search_term_string\"}}],\"inLanguage\":\"pt-BR\"},{\"@type\":\"Organization\",\"@id\":\"https:\\\/\\\/bhimportsexports.com\\\/hl=pt\\\/#organization\",\"name\":\"BH IMPORTS & EXPORTS\",\"url\":\"https:\\\/\\\/bhimportsexports.com\\\/hl=pt\\\/\",\"logo\":{\"@type\":\"ImageObject\",\"inLanguage\":\"pt-BR\",\"@id\":\"https:\\\/\\\/bhimportsexports.com\\\/hl=pt\\\/#\\\/schema\\\/logo\\\/image\\\/\",\"url\":\"https:\\\/\\\/bhimportsexports.com\\\/wp-content\\\/uploads\\\/2024\\\/09\\\/BH-IMPORTS.png\",\"contentUrl\":\"https:\\\/\\\/bhimportsexports.com\\\/wp-content\\\/uploads\\\/2024\\\/09\\\/BH-IMPORTS.png\",\"width\":300,\"height\":200,\"caption\":\"BH IMPORTS & EXPORTS\"},\"image\":{\"@id\":\"https:\\\/\\\/bhimportsexports.com\\\/hl=pt\\\/#\\\/schema\\\/logo\\\/image\\\/\"}}]}<\/script>\n<!-- \/ Yoast SEO plugin. -->","yoast_head_json":{"title":"Luz indicadora vermelha de metal \u00d830mm para l\u00e2mpada BA9S, \u2264600V - BH IMPORTS &amp; EXPORTS","robots":{"index":"index","follow":"follow","max-snippet":"max-snippet:-1","max-image-preview":"max-image-preview:large","max-video-preview":"max-video-preview:-1"},"canonical":"https:\/\/bhimportsexports.com\/hl=pt\/produto\/luz-indicadora-vermelha-de-metal-o30mm-para-lampada-ba9s-\u2264600v\/","og_locale":"pt_BR","og_type":"article","og_title":"Luz indicadora vermelha de metal \u00d830mm para l\u00e2mpada BA9S, \u2264600V - BH IMPORTS &amp; EXPORTS","og_description":"PRE\u00c7O SOB CONSULTA","og_url":"https:\/\/bhimportsexports.com\/hl=pt\/produto\/luz-indicadora-vermelha-de-metal-o30mm-para-lampada-ba9s-\u2264600v\/","og_site_name":"BH IMPORTS &amp; EXPORTS","og_image":[{"width":300,"height":300,"url":"https:\/\/bhimportsexports.com\/wp-content\/uploads\/2025\/08\/9001K_634_CPODA2016459_369-300x300-1.jpg","type":"image\/jpeg"}],"twitter_card":"summary_large_image","twitter_misc":{"Est. tempo de leitura":"1 minuto"},"schema":{"@context":"https:\/\/schema.org","@graph":[{"@type":"WebPage","@id":"https:\/\/bhimportsexports.com\/hl=pt\/produto\/luz-indicadora-vermelha-de-metal-o30mm-para-lampada-ba9s-%e2%89%a4600v\/","url":"https:\/\/bhimportsexports.com\/hl=pt\/produto\/luz-indicadora-vermelha-de-metal-o30mm-para-lampada-ba9s-%e2%89%a4600v\/","name":"Luz indicadora vermelha de metal \u00d830mm para l\u00e2mpada BA9S, \u2264600V - BH IMPORTS &amp; EXPORTS","isPartOf":{"@id":"https:\/\/bhimportsexports.com\/hl=pt\/#website"},"primaryImageOfPage":{"@id":"https:\/\/bhimportsexports.com\/hl=pt\/produto\/luz-indicadora-vermelha-de-metal-o30mm-para-lampada-ba9s-%e2%89%a4600v\/#primaryimage"},"image":{"@id":"https:\/\/bhimportsexports.com\/hl=pt\/produto\/luz-indicadora-vermelha-de-metal-o30mm-para-lampada-ba9s-%e2%89%a4600v\/#primaryimage"},"thumbnailUrl":"https:\/\/bhimportsexports.com\/wp-content\/uploads\/2025\/08\/9001K_634_CPODA2016459_369-300x300-1.jpg","datePublished":"2025-08-04T03:41:52+00:00","breadcrumb":{"@id":"https:\/\/bhimportsexports.com\/hl=pt\/produto\/luz-indicadora-vermelha-de-metal-o30mm-para-lampada-ba9s-%e2%89%a4600v\/#breadcrumb"},"inLanguage":"pt-BR","potentialAction":[{"@type":"ReadAction","target":["https:\/\/bhimportsexports.com\/hl=pt\/produto\/luz-indicadora-vermelha-de-metal-o30mm-para-lampada-ba9s-%e2%89%a4600v\/"]}]},{"@type":"ImageObject","inLanguage":"pt-BR","@id":"https:\/\/bhimportsexports.com\/hl=pt\/produto\/luz-indicadora-vermelha-de-metal-o30mm-para-lampada-ba9s-%e2%89%a4600v\/#primaryimage","url":"https:\/\/bhimportsexports.com\/wp-content\/uploads\/2025\/08\/9001K_634_CPODA2016459_369-300x300-1.jpg","contentUrl":"https:\/\/bhimportsexports.com\/wp-content\/uploads\/2025\/08\/9001K_634_CPODA2016459_369-300x300-1.jpg","width":300,"height":300},{"@type":"BreadcrumbList","@id":"https:\/\/bhimportsexports.com\/hl=pt\/produto\/luz-indicadora-vermelha-de-metal-o30mm-para-lampada-ba9s-%e2%89%a4600v\/#breadcrumb","itemListElement":[{"@type":"ListItem","position":1,"name":"In\u00edcio","item":"https:\/\/bhimportsexports.com\/hl=pt\/"},{"@type":"ListItem","position":2,"name":"Loja","item":"https:\/\/bhimportsexports.com\/hl=pt\/loja\/"},{"@type":"ListItem","position":3,"name":"Luz indicadora vermelha de metal \u00d830mm para l\u00e2mpada BA9S, \u2264600V"}]},{"@type":"WebSite","@id":"https:\/\/bhimportsexports.com\/hl=pt\/#website","url":"https:\/\/bhimportsexports.com\/hl=pt\/","name":"BH IMPORTS & EXPORTS","description":"Innovation and excellence in international trade. Import, export, consultancy and sourcing.","publisher":{"@id":"https:\/\/bhimportsexports.com\/hl=pt\/#organization"},"potentialAction":[{"@type":"SearchAction","target":{"@type":"EntryPoint","urlTemplate":"https:\/\/bhimportsexports.com\/hl=pt\/?s={search_term_string}"},"query-input":{"@type":"PropertyValueSpecification","valueRequired":true,"valueName":"search_term_string"}}],"inLanguage":"pt-BR"},{"@type":"Organization","@id":"https:\/\/bhimportsexports.com\/hl=pt\/#organization","name":"BH IMPORTS & EXPORTS","url":"https:\/\/bhimportsexports.com\/hl=pt\/","logo":{"@type":"ImageObject","inLanguage":"pt-BR","@id":"https:\/\/bhimportsexports.com\/hl=pt\/#\/schema\/logo\/image\/","url":"https:\/\/bhimportsexports.com\/wp-content\/uploads\/2024\/09\/BH-IMPORTS.png","contentUrl":"https:\/\/bhimportsexports.com\/wp-content\/uploads\/2024\/09\/BH-IMPORTS.png","width":300,"height":200,"caption":"BH IMPORTS & EXPORTS"},"image":{"@id":"https:\/\/bhimportsexports.com\/hl=pt\/#\/schema\/logo\/image\/"}}]}},"_links":{"self":[{"href":"https:\/\/bhimportsexports.com\/hl=pt\/wp-json\/wp\/v2\/product\/4228","targetHints":{"allow":["GET"]}}],"collection":[{"href":"https:\/\/bhimportsexports.com\/hl=pt\/wp-json\/wp\/v2\/product"}],"about":[{"href":"https:\/\/bhimportsexports.com\/hl=pt\/wp-json\/wp\/v2\/types\/product"}],"replies":[{"embeddable":true,"href":"https:\/\/bhimportsexports.com\/hl=pt\/wp-json\/wp\/v2\/comments?post=4228"}],"wp:featuredmedia":[{"embeddable":true,"href":"https:\/\/bhimportsexports.com\/hl=pt\/wp-json\/wp\/v2\/media\/4229"}],"wp:attachment":[{"href":"https:\/\/bhimportsexports.com\/hl=pt\/wp-json\/wp\/v2\/media?parent=4228"}],"wp:term":[{"taxonomy":"product_brand","embeddable":true,"href":"https:\/\/bhimportsexports.com\/hl=pt\/wp-json\/wp\/v2\/product_brand?post=4228"},{"taxonomy":"product_cat","embeddable":true,"href":"https:\/\/bhimportsexports.com\/hl=pt\/wp-json\/wp\/v2\/product_cat?post=4228"},{"taxonomy":"product_tag","embeddable":true,"href":"https:\/\/bhimportsexports.com\/hl=pt\/wp-json\/wp\/v2\/product_tag?post=4228"}],"curies":[{"name":"wp","href":"https:\/\/api.w.org\/{rel}","templated":true}]}}