{"id":4213,"date":"2025-07-24T12:15:07","date_gmt":"2025-07-24T12:15:07","guid":{"rendered":"https:\/\/bhimportsexports.com\/hl=pt\/?post_type=product&#038;p=4213"},"modified":"2025-07-24T12:15:07","modified_gmt":"2025-07-24T12:15:07","slug":"simatic-et-200sp-ha-modulo-de-portadora-em-portadora-unica-para-segurar-um-modulo-de-interface-do-et-200sp-6dl1193-6bh00-0sm0","status":"publish","type":"product","link":"https:\/\/bhimportsexports.com\/hl=pt\/produto\/simatic-et-200sp-ha-modulo-de-portadora-em-portadora-unica-para-segurar-um-modulo-de-interface-do-et-200sp-6dl1193-6bh00-0sm0\/","title":{"rendered":"SIMATIC ET 200SP HA, m\u00f3dulo de portadora em portadora \u00fanica para segurar um m\u00f3dulo de interface do ET 200SP 6DL1193-6BH00-0SM0"},"content":{"rendered":"<table class=\"ProductDetailsTable\" aria-describedby=\"ProductDetailsGridView\">\n<tbody>\n<tr class=\"productDetailsTable_Header\">\n<td colspan=\"2\"><span>Produto<\/span><\/td>\n<\/tr>\n<tr>\n<td class=\"productDetailsTable_DataLabel\"><span>N\u00famero do artigo (n\u00famero de mercado)<\/span><\/td>\n<td><span class=\"productIdentifier\"><span>6DL1193-6BH00-0SM0<\/span><\/span><\/td>\n<\/tr>\n<tr>\n<td class=\"productDetailsTable_DataLabel\"><span>Descri\u00e7\u00e3o do produto<\/span><\/td>\n<td><span>SIMATIC ET 200SP HA, m\u00f3dulo de portadora em portadora \u00fanica para segurar um m\u00f3dulo de interface do ET 200SP HA incl. m\u00f3dulo de servidor<\/span><\/td>\n<\/tr>\n<tr>\n<td class=\"productDetailsTable_DataLabel\"><span>Fam\u00edlia de produtos<\/span><\/td>\n<td><a class=\"internalLinkMultiLines\" href=\"https:\/\/mall.industry.siemens.com\/mall\/en\/WW\/Catalog\/Products\/10007509?activeTab=product\" data-ste-link-id=\"3872771594.maincontent\/content:4249214350.0007509?activeTab=product:0552710215\"><span>Vis\u00e3o geral dos dados do pedido<\/span><\/a><\/td>\n<\/tr>\n<tr class=\"ProdComparable\">\n<td class=\"productDetailsTable_DataLabel\"><span>Ciclo de vida do produto (PLM)<\/span><\/td>\n<td><span>PM300: Produto Ativo<\/span><\/td>\n<\/tr>\n<tr class=\"productDetailsTable_Header\">\n<td colspan=\"2\"><span>Dados de pre\u00e7os<\/span><\/td>\n<\/tr>\n<tr class=\"ProdComparable\">\n<td class=\"productDetailsTable_DataLabel\"><span>Grupo de pre\u00e7os espec\u00edfico da regi\u00e3o \/ Grupo de pre\u00e7os da sede<\/span><\/td>\n<td><span>287 \/ 287<\/span><\/td>\n<\/tr>\n<tr class=\"ProdComparable\">\n<td class=\"productDetailsTable_DataLabel\"><span>Pre\u00e7o de tabela<\/span><\/td>\n<td id=\"DetailsGridListPriceCell\"><a class=\"internalLink\" href=\"https:\/\/mall.industry.siemens.com\/Shibboleth.sso\/Login?entityID=urn%3Asiemens-00090.eu.auth0.com&amp;target=https%3a%2f%2fmall.industry.siemens.com%2fmall%2fen%2fww%2fCatalog%2fProduct%3fmlfb%3d6DL1193-6BH00-0SM0%26SiepCountryCode%3dWW&amp;lang=en&amp;app=MALL\" data-ste-link-id=\"2549543978.\/detailsgridlistpricecell:0875612692.ode%3dWW&amp;lang=en&amp;app=MALL:3449923067\"><span>Mostrar pre\u00e7os<\/span><\/a><\/td>\n<\/tr>\n<tr class=\"ProdComparable\">\n<td class=\"productDetailsTable_DataLabel\"><span>Pre\u00e7o ao cliente<\/span><\/td>\n<td id=\"DetailsGridCustomerPriceCell\"><a class=\"internalLink\" href=\"https:\/\/mall.industry.siemens.com\/Shibboleth.sso\/Login?entityID=urn%3Asiemens-00090.eu.auth0.com&amp;target=https%3a%2f%2fmall.industry.siemens.com%2fmall%2fen%2fww%2fCatalog%2fProduct%3fmlfb%3d6DL1193-6BH00-0SM0%26SiepCountryCode%3dWW&amp;lang=en&amp;app=MALL\" data-ste-link-id=\"4218787434.ailsgridcustomerpricecell:0875612692.ode%3dWW&amp;lang=en&amp;app=MALL:3449923067\"><span>Mostrar pre\u00e7os<\/span><\/a><\/td>\n<\/tr>\n<tr class=\"ProdComparable\">\n<td class=\"productDetailsTable_DataLabel\"><span>Sobretaxa para Mat\u00e9rias-Primas<\/span><\/td>\n<td id=\"DetailsGridMetalSurchargeCell\"><span>Nenhum<\/span><\/td>\n<\/tr>\n<tr class=\"ProdComparable\">\n<td class=\"productDetailsTable_DataLabel\"><span>Fator Metal<\/span><\/td>\n<td><span>Nenhum<\/span><\/td>\n<\/tr>\n<tr class=\"productDetailsTable_Header\">\n<td colspan=\"2\"><span>Informa\u00e7\u00f5es de entrega<\/span><\/td>\n<\/tr>\n<tr class=\"ProdComparable\">\n<td class=\"productDetailsTable_DataLabel\"><span>Regulamentos de Controle de Exporta\u00e7\u00e3o<\/span><\/td>\n<td><span>AL: N \/ ECCN: N<\/span><\/td>\n<\/tr>\n<tr>\n<td class=\"productDetailsTable_DataLabel\"><span>Prazo de entrega padr\u00e3o ex-works<\/span><\/td>\n<td><span>10 dias\/dias<\/span><\/td>\n<\/tr>\n<tr class=\"ProdComparable\">\n<td class=\"productDetailsTable_DataLabel\"><span>Peso l\u00edquido (kg)<\/span><\/td>\n<td><span>0,336 kg<\/span><\/td>\n<\/tr>\n<tr class=\"ProdComparable\">\n<td class=\"productDetailsTable_DataLabel\"><span>Dimens\u00e3o da embalagem<\/span><\/td>\n<td><span>6,00 x 11,00 x 21,40<\/span><\/td>\n<\/tr>\n<tr class=\"ProdComparable\">\n<td class=\"productDetailsTable_DataLabel\"><span>Unidade de medida do tamanho da embalagem<\/span><\/td>\n<td><span>CM<\/span><\/td>\n<\/tr>\n<tr class=\"ProdComparable\">\n<td class=\"productDetailsTable_DataLabel\"><span>Unidade de Quantidade<\/span><\/td>\n<td><span>1 pe\u00e7a<\/span><\/td>\n<\/tr>\n<tr class=\"ProdComparable\">\n<td class=\"productDetailsTable_DataLabel\"><span>Quantidade da embalagem<\/span><\/td>\n<td><span>1<\/span><\/td>\n<\/tr>\n<tr class=\"productDetailsTable_Header\">\n<td colspan=\"2\"><span>Informa\u00e7\u00f5es adicionais sobre o produto<\/span><\/td>\n<\/tr>\n<tr class=\"ProdComparable\">\n<td class=\"productDetailsTable_DataLabel\"><span>EAN<\/span><\/td>\n<td><span>4047623408291<\/span><\/td>\n<\/tr>\n<tr class=\"ProdComparable\">\n<td class=\"productDetailsTable_DataLabel\"><span>UPC<\/span><\/td>\n<td><span>804766484476<\/span><\/td>\n<\/tr>\n<tr class=\"ProdComparable\">\n<td class=\"productDetailsTable_DataLabel\"><span>C\u00f3digo de mercadorias<\/span><\/td>\n<td><span>85389099<\/span><\/td>\n<\/tr>\n<tr class=\"ProdComparable\">\n<td class=\"productDetailsTable_DataLabel\"><span>LKZ_FDB\/ ID do cat\u00e1logo<\/span><\/td>\n<td><span>STPCS7<\/span><\/td>\n<\/tr>\n<tr class=\"ProdComparable\">\n<td class=\"productDetailsTable_DataLabel\"><span>Grupo de produtos<\/span><\/td>\n<td><span>4D85<\/span><\/td>\n<\/tr>\n<tr class=\"ProdComparable\">\n<td class=\"productDetailsTable_DataLabel\"><span>C\u00f3digo do Grupo<\/span><\/td>\n<td><span>R336<\/span><\/td>\n<\/tr>\n<tr class=\"ProdComparable\">\n<td class=\"productDetailsTable_DataLabel\"><span>Pa\u00eds de origem<\/span><\/td>\n<td><span>Alemanha<\/span><\/td>\n<\/tr>\n<\/tbody>\n<\/table>\n","protected":false},"excerpt":{"rendered":"<p>PRE\u00c7O SOB CONSULTA<\/p>\n","protected":false},"featured_media":4214,"comment_status":"open","ping_status":"closed","template":"","meta":[],"product_brand":[],"product_cat":[1125],"product_tag":[],"class_list":{"0":"post-4213","1":"product","2":"type-product","3":"status-publish","4":"has-post-thumbnail","6":"product_cat-modulo","8":"first","9":"onbackorder","10":"shipping-taxable","11":"product-type-simple"},"yoast_head":"<!-- This site is optimized with the Yoast SEO plugin v27.4 - https:\/\/yoast.com\/product\/yoast-seo-wordpress\/ -->\n<title>SIMATIC ET 200SP HA, m\u00f3dulo de portadora em portadora \u00fanica para segurar um m\u00f3dulo de interface do ET 200SP 6DL1193-6BH00-0SM0 - BH IMPORTS &amp; EXPORTS<\/title>\n<meta name=\"robots\" content=\"index, follow, max-snippet:-1, max-image-preview:large, max-video-preview:-1\" \/>\n<link rel=\"canonical\" href=\"https:\/\/bhimportsexports.com\/hl=pt\/produto\/simatic-et-200sp-ha-modulo-de-portadora-em-portadora-unica-para-segurar-um-modulo-de-interface-do-et-200sp-6dl1193-6bh00-0sm0\/\" \/>\n<meta property=\"og:locale\" content=\"pt_BR\" \/>\n<meta property=\"og:type\" content=\"article\" \/>\n<meta property=\"og:title\" content=\"SIMATIC ET 200SP HA, m\u00f3dulo de portadora em portadora \u00fanica para segurar um m\u00f3dulo de interface do ET 200SP 6DL1193-6BH00-0SM0 - BH IMPORTS &amp; EXPORTS\" \/>\n<meta property=\"og:description\" content=\"PRE\u00c7O SOB CONSULTA\" \/>\n<meta property=\"og:url\" content=\"https:\/\/bhimportsexports.com\/hl=pt\/produto\/simatic-et-200sp-ha-modulo-de-portadora-em-portadora-unica-para-segurar-um-modulo-de-interface-do-et-200sp-6dl1193-6bh00-0sm0\/\" \/>\n<meta property=\"og:site_name\" content=\"BH IMPORTS &amp; EXPORTS\" \/>\n<meta property=\"og:image\" content=\"https:\/\/bhimportsexports.com\/wp-content\/uploads\/2025\/07\/P_PCS7_XX_00521i.jpg\" \/>\n\t<meta property=\"og:image:width\" content=\"300\" \/>\n\t<meta property=\"og:image:height\" content=\"300\" \/>\n\t<meta property=\"og:image:type\" content=\"image\/jpeg\" \/>\n<meta name=\"twitter:card\" content=\"summary_large_image\" \/>\n<meta name=\"twitter:label1\" content=\"Est. tempo de leitura\" \/>\n\t<meta name=\"twitter:data1\" content=\"1 minuto\" \/>\n<script type=\"application\/ld+json\" class=\"yoast-schema-graph\">{\"@context\":\"https:\\\/\\\/schema.org\",\"@graph\":[{\"@type\":\"WebPage\",\"@id\":\"https:\\\/\\\/bhimportsexports.com\\\/hl=pt\\\/produto\\\/simatic-et-200sp-ha-modulo-de-portadora-em-portadora-unica-para-segurar-um-modulo-de-interface-do-et-200sp-6dl1193-6bh00-0sm0\\\/\",\"url\":\"https:\\\/\\\/bhimportsexports.com\\\/hl=pt\\\/produto\\\/simatic-et-200sp-ha-modulo-de-portadora-em-portadora-unica-para-segurar-um-modulo-de-interface-do-et-200sp-6dl1193-6bh00-0sm0\\\/\",\"name\":\"SIMATIC ET 200SP HA, m\u00f3dulo de portadora em portadora \u00fanica para segurar um m\u00f3dulo de interface do ET 200SP 6DL1193-6BH00-0SM0 - BH IMPORTS &amp; EXPORTS\",\"isPartOf\":{\"@id\":\"https:\\\/\\\/bhimportsexports.com\\\/hl=pt\\\/#website\"},\"primaryImageOfPage\":{\"@id\":\"https:\\\/\\\/bhimportsexports.com\\\/hl=pt\\\/produto\\\/simatic-et-200sp-ha-modulo-de-portadora-em-portadora-unica-para-segurar-um-modulo-de-interface-do-et-200sp-6dl1193-6bh00-0sm0\\\/#primaryimage\"},\"image\":{\"@id\":\"https:\\\/\\\/bhimportsexports.com\\\/hl=pt\\\/produto\\\/simatic-et-200sp-ha-modulo-de-portadora-em-portadora-unica-para-segurar-um-modulo-de-interface-do-et-200sp-6dl1193-6bh00-0sm0\\\/#primaryimage\"},\"thumbnailUrl\":\"https:\\\/\\\/bhimportsexports.com\\\/wp-content\\\/uploads\\\/2025\\\/07\\\/P_PCS7_XX_00521i.jpg\",\"datePublished\":\"2025-07-24T12:15:07+00:00\",\"breadcrumb\":{\"@id\":\"https:\\\/\\\/bhimportsexports.com\\\/hl=pt\\\/produto\\\/simatic-et-200sp-ha-modulo-de-portadora-em-portadora-unica-para-segurar-um-modulo-de-interface-do-et-200sp-6dl1193-6bh00-0sm0\\\/#breadcrumb\"},\"inLanguage\":\"pt-BR\",\"potentialAction\":[{\"@type\":\"ReadAction\",\"target\":[\"https:\\\/\\\/bhimportsexports.com\\\/hl=pt\\\/produto\\\/simatic-et-200sp-ha-modulo-de-portadora-em-portadora-unica-para-segurar-um-modulo-de-interface-do-et-200sp-6dl1193-6bh00-0sm0\\\/\"]}]},{\"@type\":\"ImageObject\",\"inLanguage\":\"pt-BR\",\"@id\":\"https:\\\/\\\/bhimportsexports.com\\\/hl=pt\\\/produto\\\/simatic-et-200sp-ha-modulo-de-portadora-em-portadora-unica-para-segurar-um-modulo-de-interface-do-et-200sp-6dl1193-6bh00-0sm0\\\/#primaryimage\",\"url\":\"https:\\\/\\\/bhimportsexports.com\\\/wp-content\\\/uploads\\\/2025\\\/07\\\/P_PCS7_XX_00521i.jpg\",\"contentUrl\":\"https:\\\/\\\/bhimportsexports.com\\\/wp-content\\\/uploads\\\/2025\\\/07\\\/P_PCS7_XX_00521i.jpg\",\"width\":300,\"height\":300},{\"@type\":\"BreadcrumbList\",\"@id\":\"https:\\\/\\\/bhimportsexports.com\\\/hl=pt\\\/produto\\\/simatic-et-200sp-ha-modulo-de-portadora-em-portadora-unica-para-segurar-um-modulo-de-interface-do-et-200sp-6dl1193-6bh00-0sm0\\\/#breadcrumb\",\"itemListElement\":[{\"@type\":\"ListItem\",\"position\":1,\"name\":\"In\u00edcio\",\"item\":\"https:\\\/\\\/bhimportsexports.com\\\/hl=pt\\\/\"},{\"@type\":\"ListItem\",\"position\":2,\"name\":\"Loja\",\"item\":\"https:\\\/\\\/bhimportsexports.com\\\/hl=pt\\\/loja\\\/\"},{\"@type\":\"ListItem\",\"position\":3,\"name\":\"SIMATIC ET 200SP HA, m\u00f3dulo de portadora em portadora \u00fanica para segurar um m\u00f3dulo de interface do ET 200SP 6DL1193-6BH00-0SM0\"}]},{\"@type\":\"WebSite\",\"@id\":\"https:\\\/\\\/bhimportsexports.com\\\/hl=pt\\\/#website\",\"url\":\"https:\\\/\\\/bhimportsexports.com\\\/hl=pt\\\/\",\"name\":\"BH IMPORTS & EXPORTS\",\"description\":\"Innovation and excellence in international trade. Import, export, consultancy and sourcing.\",\"publisher\":{\"@id\":\"https:\\\/\\\/bhimportsexports.com\\\/hl=pt\\\/#organization\"},\"potentialAction\":[{\"@type\":\"SearchAction\",\"target\":{\"@type\":\"EntryPoint\",\"urlTemplate\":\"https:\\\/\\\/bhimportsexports.com\\\/hl=pt\\\/?s={search_term_string}\"},\"query-input\":{\"@type\":\"PropertyValueSpecification\",\"valueRequired\":true,\"valueName\":\"search_term_string\"}}],\"inLanguage\":\"pt-BR\"},{\"@type\":\"Organization\",\"@id\":\"https:\\\/\\\/bhimportsexports.com\\\/hl=pt\\\/#organization\",\"name\":\"BH IMPORTS & EXPORTS\",\"url\":\"https:\\\/\\\/bhimportsexports.com\\\/hl=pt\\\/\",\"logo\":{\"@type\":\"ImageObject\",\"inLanguage\":\"pt-BR\",\"@id\":\"https:\\\/\\\/bhimportsexports.com\\\/hl=pt\\\/#\\\/schema\\\/logo\\\/image\\\/\",\"url\":\"https:\\\/\\\/bhimportsexports.com\\\/wp-content\\\/uploads\\\/2024\\\/09\\\/BH-IMPORTS.png\",\"contentUrl\":\"https:\\\/\\\/bhimportsexports.com\\\/wp-content\\\/uploads\\\/2024\\\/09\\\/BH-IMPORTS.png\",\"width\":300,\"height\":200,\"caption\":\"BH IMPORTS & EXPORTS\"},\"image\":{\"@id\":\"https:\\\/\\\/bhimportsexports.com\\\/hl=pt\\\/#\\\/schema\\\/logo\\\/image\\\/\"}}]}<\/script>\n<!-- \/ Yoast SEO plugin. -->","yoast_head_json":{"title":"SIMATIC ET 200SP HA, m\u00f3dulo de portadora em portadora \u00fanica para segurar um m\u00f3dulo de interface do ET 200SP 6DL1193-6BH00-0SM0 - BH IMPORTS &amp; EXPORTS","robots":{"index":"index","follow":"follow","max-snippet":"max-snippet:-1","max-image-preview":"max-image-preview:large","max-video-preview":"max-video-preview:-1"},"canonical":"https:\/\/bhimportsexports.com\/hl=pt\/produto\/simatic-et-200sp-ha-modulo-de-portadora-em-portadora-unica-para-segurar-um-modulo-de-interface-do-et-200sp-6dl1193-6bh00-0sm0\/","og_locale":"pt_BR","og_type":"article","og_title":"SIMATIC ET 200SP HA, m\u00f3dulo de portadora em portadora \u00fanica para segurar um m\u00f3dulo de interface do ET 200SP 6DL1193-6BH00-0SM0 - BH IMPORTS &amp; EXPORTS","og_description":"PRE\u00c7O SOB CONSULTA","og_url":"https:\/\/bhimportsexports.com\/hl=pt\/produto\/simatic-et-200sp-ha-modulo-de-portadora-em-portadora-unica-para-segurar-um-modulo-de-interface-do-et-200sp-6dl1193-6bh00-0sm0\/","og_site_name":"BH IMPORTS &amp; EXPORTS","og_image":[{"width":300,"height":300,"url":"https:\/\/bhimportsexports.com\/wp-content\/uploads\/2025\/07\/P_PCS7_XX_00521i.jpg","type":"image\/jpeg"}],"twitter_card":"summary_large_image","twitter_misc":{"Est. tempo de leitura":"1 minuto"},"schema":{"@context":"https:\/\/schema.org","@graph":[{"@type":"WebPage","@id":"https:\/\/bhimportsexports.com\/hl=pt\/produto\/simatic-et-200sp-ha-modulo-de-portadora-em-portadora-unica-para-segurar-um-modulo-de-interface-do-et-200sp-6dl1193-6bh00-0sm0\/","url":"https:\/\/bhimportsexports.com\/hl=pt\/produto\/simatic-et-200sp-ha-modulo-de-portadora-em-portadora-unica-para-segurar-um-modulo-de-interface-do-et-200sp-6dl1193-6bh00-0sm0\/","name":"SIMATIC ET 200SP HA, m\u00f3dulo de portadora em portadora \u00fanica para segurar um m\u00f3dulo de interface do ET 200SP 6DL1193-6BH00-0SM0 - BH IMPORTS &amp; EXPORTS","isPartOf":{"@id":"https:\/\/bhimportsexports.com\/hl=pt\/#website"},"primaryImageOfPage":{"@id":"https:\/\/bhimportsexports.com\/hl=pt\/produto\/simatic-et-200sp-ha-modulo-de-portadora-em-portadora-unica-para-segurar-um-modulo-de-interface-do-et-200sp-6dl1193-6bh00-0sm0\/#primaryimage"},"image":{"@id":"https:\/\/bhimportsexports.com\/hl=pt\/produto\/simatic-et-200sp-ha-modulo-de-portadora-em-portadora-unica-para-segurar-um-modulo-de-interface-do-et-200sp-6dl1193-6bh00-0sm0\/#primaryimage"},"thumbnailUrl":"https:\/\/bhimportsexports.com\/wp-content\/uploads\/2025\/07\/P_PCS7_XX_00521i.jpg","datePublished":"2025-07-24T12:15:07+00:00","breadcrumb":{"@id":"https:\/\/bhimportsexports.com\/hl=pt\/produto\/simatic-et-200sp-ha-modulo-de-portadora-em-portadora-unica-para-segurar-um-modulo-de-interface-do-et-200sp-6dl1193-6bh00-0sm0\/#breadcrumb"},"inLanguage":"pt-BR","potentialAction":[{"@type":"ReadAction","target":["https:\/\/bhimportsexports.com\/hl=pt\/produto\/simatic-et-200sp-ha-modulo-de-portadora-em-portadora-unica-para-segurar-um-modulo-de-interface-do-et-200sp-6dl1193-6bh00-0sm0\/"]}]},{"@type":"ImageObject","inLanguage":"pt-BR","@id":"https:\/\/bhimportsexports.com\/hl=pt\/produto\/simatic-et-200sp-ha-modulo-de-portadora-em-portadora-unica-para-segurar-um-modulo-de-interface-do-et-200sp-6dl1193-6bh00-0sm0\/#primaryimage","url":"https:\/\/bhimportsexports.com\/wp-content\/uploads\/2025\/07\/P_PCS7_XX_00521i.jpg","contentUrl":"https:\/\/bhimportsexports.com\/wp-content\/uploads\/2025\/07\/P_PCS7_XX_00521i.jpg","width":300,"height":300},{"@type":"BreadcrumbList","@id":"https:\/\/bhimportsexports.com\/hl=pt\/produto\/simatic-et-200sp-ha-modulo-de-portadora-em-portadora-unica-para-segurar-um-modulo-de-interface-do-et-200sp-6dl1193-6bh00-0sm0\/#breadcrumb","itemListElement":[{"@type":"ListItem","position":1,"name":"In\u00edcio","item":"https:\/\/bhimportsexports.com\/hl=pt\/"},{"@type":"ListItem","position":2,"name":"Loja","item":"https:\/\/bhimportsexports.com\/hl=pt\/loja\/"},{"@type":"ListItem","position":3,"name":"SIMATIC ET 200SP HA, m\u00f3dulo de portadora em portadora \u00fanica para segurar um m\u00f3dulo de interface do ET 200SP 6DL1193-6BH00-0SM0"}]},{"@type":"WebSite","@id":"https:\/\/bhimportsexports.com\/hl=pt\/#website","url":"https:\/\/bhimportsexports.com\/hl=pt\/","name":"BH IMPORTS & EXPORTS","description":"Innovation and excellence in international trade. Import, export, consultancy and sourcing.","publisher":{"@id":"https:\/\/bhimportsexports.com\/hl=pt\/#organization"},"potentialAction":[{"@type":"SearchAction","target":{"@type":"EntryPoint","urlTemplate":"https:\/\/bhimportsexports.com\/hl=pt\/?s={search_term_string}"},"query-input":{"@type":"PropertyValueSpecification","valueRequired":true,"valueName":"search_term_string"}}],"inLanguage":"pt-BR"},{"@type":"Organization","@id":"https:\/\/bhimportsexports.com\/hl=pt\/#organization","name":"BH IMPORTS & EXPORTS","url":"https:\/\/bhimportsexports.com\/hl=pt\/","logo":{"@type":"ImageObject","inLanguage":"pt-BR","@id":"https:\/\/bhimportsexports.com\/hl=pt\/#\/schema\/logo\/image\/","url":"https:\/\/bhimportsexports.com\/wp-content\/uploads\/2024\/09\/BH-IMPORTS.png","contentUrl":"https:\/\/bhimportsexports.com\/wp-content\/uploads\/2024\/09\/BH-IMPORTS.png","width":300,"height":200,"caption":"BH IMPORTS & EXPORTS"},"image":{"@id":"https:\/\/bhimportsexports.com\/hl=pt\/#\/schema\/logo\/image\/"}}]}},"_links":{"self":[{"href":"https:\/\/bhimportsexports.com\/hl=pt\/wp-json\/wp\/v2\/product\/4213","targetHints":{"allow":["GET"]}}],"collection":[{"href":"https:\/\/bhimportsexports.com\/hl=pt\/wp-json\/wp\/v2\/product"}],"about":[{"href":"https:\/\/bhimportsexports.com\/hl=pt\/wp-json\/wp\/v2\/types\/product"}],"replies":[{"embeddable":true,"href":"https:\/\/bhimportsexports.com\/hl=pt\/wp-json\/wp\/v2\/comments?post=4213"}],"wp:featuredmedia":[{"embeddable":true,"href":"https:\/\/bhimportsexports.com\/hl=pt\/wp-json\/wp\/v2\/media\/4214"}],"wp:attachment":[{"href":"https:\/\/bhimportsexports.com\/hl=pt\/wp-json\/wp\/v2\/media?parent=4213"}],"wp:term":[{"taxonomy":"product_brand","embeddable":true,"href":"https:\/\/bhimportsexports.com\/hl=pt\/wp-json\/wp\/v2\/product_brand?post=4213"},{"taxonomy":"product_cat","embeddable":true,"href":"https:\/\/bhimportsexports.com\/hl=pt\/wp-json\/wp\/v2\/product_cat?post=4213"},{"taxonomy":"product_tag","embeddable":true,"href":"https:\/\/bhimportsexports.com\/hl=pt\/wp-json\/wp\/v2\/product_tag?post=4213"}],"curies":[{"name":"wp","href":"https:\/\/api.w.org\/{rel}","templated":true}]}}