{"id":4188,"date":"2025-07-21T09:19:04","date_gmt":"2025-07-21T09:19:04","guid":{"rendered":"https:\/\/bhimportsexports.com\/hl=pt\/?post_type=product&#038;p=4188"},"modified":"2025-07-21T09:23:59","modified_gmt":"2025-07-21T09:23:59","slug":"modulo-de-expansao-dm8-24r-ps-i-o-24v-24v-rele","status":"publish","type":"product","link":"https:\/\/bhimportsexports.com\/hl=pt\/produto\/modulo-de-expansao-dm8-24r-ps-i-o-24v-24v-rele\/","title":{"rendered":"M\u00f3dulo de expans\u00e3o DM8 24R, PS\/I\/O: 24V\/24V\/rel\u00e9"},"content":{"rendered":"<p>Produto<br \/>\nN\u00famero do artigo (N\u00famero de refer\u00eancia de mercado) 6ED1055-1HB00-0BA2<br \/>\nDescri\u00e7\u00e3o do produto M\u00f3dulo de expans\u00e3o LOGO! DM8 24R, PS\/E\/S: 24 V\/24 V\/rel\u00e9, 2 MW, 4 DI\/4 DO, entrada CA\/CC\/NPN para LOGO! 8<br \/>\nFam\u00edlia de produtos LOGO! M\u00f3dulos de expans\u00e3o<br \/>\nCiclo de Vida do Produto (PLM) PM300: Produto Ativo<br \/>\nDados de Pre\u00e7o<br \/>\nGrupo de Pre\u00e7o Espec\u00edfico da Regi\u00e3o \/ Grupo de Pre\u00e7o da Sede 200 \/ 200<br \/>\nPre\u00e7o de Lista Mostrar pre\u00e7os<br \/>\nPre\u00e7o do Cliente Mostrar pre\u00e7os<br \/>\nSobretaxa para Mat\u00e9rias-Primas Nenhuma<br \/>\nFator de Metal Nenhum<br \/>\nInforma\u00e7\u00f5es de Entrega<br \/>\nRegulamentos de Controle de Exporta\u00e7\u00e3o AL: N \/ ECCN: N<br \/>\nPrazo de Entrega Padr\u00e3o ex-works 1 Dia\/Dias<br \/>\nPeso L\u00edquido (kg) 0,166 Kg<br \/>\nDimens\u00f5es da Embalagem 7,00 x 9,50 x 5,50<br \/>\nUnidade de Medida do Tamanho da Embalagem CM<br \/>\nUnidade de Quantidade 1 Pe\u00e7a<br \/>\nQuantidade da Embalagem 1<br \/>\nInforma\u00e7\u00f5es Adicionais do Produto<br \/>\nEAN 4034106029449<br \/>\nUPC 887621847494<br \/>\nC\u00f3digo da Mercadoria 85389091<br \/>\nLKZ_FDB\/ CatalogID STLOGO!<br \/>\nGrupo de Produtos 4071<br \/>\nC\u00f3digo do Grupo R131<br \/>\nPa\u00eds de Origem: China<\/p>\n","protected":false},"excerpt":{"rendered":"<p>PRE\u00c7O SOB CONSULTA<\/p>\n","protected":false},"featured_media":4189,"comment_status":"open","ping_status":"closed","template":"","meta":[],"product_brand":[],"product_cat":[1125],"product_tag":[],"class_list":{"0":"post-4188","1":"product","2":"type-product","3":"status-publish","4":"has-post-thumbnail","6":"product_cat-modulo","8":"first","9":"onbackorder","10":"shipping-taxable","11":"product-type-simple"},"yoast_head":"<!-- This site is optimized with the Yoast SEO plugin v27.4 - https:\/\/yoast.com\/product\/yoast-seo-wordpress\/ -->\n<title>M\u00f3dulo de expans\u00e3o DM8 24R, PS\/I\/O: 24V\/24V\/rel\u00e9 - BH IMPORTS &amp; EXPORTS<\/title>\n<meta name=\"robots\" content=\"index, follow, max-snippet:-1, max-image-preview:large, max-video-preview:-1\" \/>\n<link rel=\"canonical\" href=\"https:\/\/bhimportsexports.com\/hl=pt\/produto\/modulo-de-expansao-dm8-24r-ps-i-o-24v-24v-rele\/\" \/>\n<meta property=\"og:locale\" content=\"pt_BR\" \/>\n<meta property=\"og:type\" content=\"article\" \/>\n<meta property=\"og:title\" content=\"M\u00f3dulo de expans\u00e3o DM8 24R, PS\/I\/O: 24V\/24V\/rel\u00e9 - BH IMPORTS &amp; EXPORTS\" \/>\n<meta property=\"og:description\" content=\"PRE\u00c7O SOB CONSULTA\" \/>\n<meta property=\"og:url\" content=\"https:\/\/bhimportsexports.com\/hl=pt\/produto\/modulo-de-expansao-dm8-24r-ps-i-o-24v-24v-rele\/\" \/>\n<meta property=\"og:site_name\" content=\"BH IMPORTS &amp; EXPORTS\" \/>\n<meta property=\"article:modified_time\" content=\"2025-07-21T09:23:59+00:00\" \/>\n<meta property=\"og:image\" content=\"https:\/\/bhimportsexports.com\/wp-content\/uploads\/2025\/07\/P_ST70_XX_06817i.jpg\" \/>\n\t<meta property=\"og:image:width\" content=\"300\" \/>\n\t<meta property=\"og:image:height\" content=\"300\" \/>\n\t<meta property=\"og:image:type\" content=\"image\/jpeg\" \/>\n<meta name=\"twitter:card\" content=\"summary_large_image\" \/>\n<meta name=\"twitter:label1\" content=\"Est. tempo de leitura\" \/>\n\t<meta name=\"twitter:data1\" content=\"1 minuto\" \/>\n<script type=\"application\/ld+json\" class=\"yoast-schema-graph\">{\"@context\":\"https:\\\/\\\/schema.org\",\"@graph\":[{\"@type\":\"WebPage\",\"@id\":\"https:\\\/\\\/bhimportsexports.com\\\/hl=pt\\\/produto\\\/modulo-de-expansao-dm8-24r-ps-i-o-24v-24v-rele\\\/\",\"url\":\"https:\\\/\\\/bhimportsexports.com\\\/hl=pt\\\/produto\\\/modulo-de-expansao-dm8-24r-ps-i-o-24v-24v-rele\\\/\",\"name\":\"M\u00f3dulo de expans\u00e3o DM8 24R, PS\\\/I\\\/O: 24V\\\/24V\\\/rel\u00e9 - BH IMPORTS &amp; EXPORTS\",\"isPartOf\":{\"@id\":\"https:\\\/\\\/bhimportsexports.com\\\/hl=pt\\\/#website\"},\"primaryImageOfPage\":{\"@id\":\"https:\\\/\\\/bhimportsexports.com\\\/hl=pt\\\/produto\\\/modulo-de-expansao-dm8-24r-ps-i-o-24v-24v-rele\\\/#primaryimage\"},\"image\":{\"@id\":\"https:\\\/\\\/bhimportsexports.com\\\/hl=pt\\\/produto\\\/modulo-de-expansao-dm8-24r-ps-i-o-24v-24v-rele\\\/#primaryimage\"},\"thumbnailUrl\":\"https:\\\/\\\/bhimportsexports.com\\\/wp-content\\\/uploads\\\/2025\\\/07\\\/P_ST70_XX_06817i.jpg\",\"datePublished\":\"2025-07-21T09:19:04+00:00\",\"dateModified\":\"2025-07-21T09:23:59+00:00\",\"breadcrumb\":{\"@id\":\"https:\\\/\\\/bhimportsexports.com\\\/hl=pt\\\/produto\\\/modulo-de-expansao-dm8-24r-ps-i-o-24v-24v-rele\\\/#breadcrumb\"},\"inLanguage\":\"pt-BR\",\"potentialAction\":[{\"@type\":\"ReadAction\",\"target\":[\"https:\\\/\\\/bhimportsexports.com\\\/hl=pt\\\/produto\\\/modulo-de-expansao-dm8-24r-ps-i-o-24v-24v-rele\\\/\"]}]},{\"@type\":\"ImageObject\",\"inLanguage\":\"pt-BR\",\"@id\":\"https:\\\/\\\/bhimportsexports.com\\\/hl=pt\\\/produto\\\/modulo-de-expansao-dm8-24r-ps-i-o-24v-24v-rele\\\/#primaryimage\",\"url\":\"https:\\\/\\\/bhimportsexports.com\\\/wp-content\\\/uploads\\\/2025\\\/07\\\/P_ST70_XX_06817i.jpg\",\"contentUrl\":\"https:\\\/\\\/bhimportsexports.com\\\/wp-content\\\/uploads\\\/2025\\\/07\\\/P_ST70_XX_06817i.jpg\",\"width\":300,\"height\":300},{\"@type\":\"BreadcrumbList\",\"@id\":\"https:\\\/\\\/bhimportsexports.com\\\/hl=pt\\\/produto\\\/modulo-de-expansao-dm8-24r-ps-i-o-24v-24v-rele\\\/#breadcrumb\",\"itemListElement\":[{\"@type\":\"ListItem\",\"position\":1,\"name\":\"In\u00edcio\",\"item\":\"https:\\\/\\\/bhimportsexports.com\\\/hl=pt\\\/\"},{\"@type\":\"ListItem\",\"position\":2,\"name\":\"Loja\",\"item\":\"https:\\\/\\\/bhimportsexports.com\\\/hl=pt\\\/loja\\\/\"},{\"@type\":\"ListItem\",\"position\":3,\"name\":\"M\u00f3dulo de expans\u00e3o DM8 24R, PS\\\/I\\\/O: 24V\\\/24V\\\/rel\u00e9\"}]},{\"@type\":\"WebSite\",\"@id\":\"https:\\\/\\\/bhimportsexports.com\\\/hl=pt\\\/#website\",\"url\":\"https:\\\/\\\/bhimportsexports.com\\\/hl=pt\\\/\",\"name\":\"BH IMPORTS & EXPORTS\",\"description\":\"Innovation and excellence in international trade. Import, export, consultancy and sourcing.\",\"publisher\":{\"@id\":\"https:\\\/\\\/bhimportsexports.com\\\/hl=pt\\\/#organization\"},\"potentialAction\":[{\"@type\":\"SearchAction\",\"target\":{\"@type\":\"EntryPoint\",\"urlTemplate\":\"https:\\\/\\\/bhimportsexports.com\\\/hl=pt\\\/?s={search_term_string}\"},\"query-input\":{\"@type\":\"PropertyValueSpecification\",\"valueRequired\":true,\"valueName\":\"search_term_string\"}}],\"inLanguage\":\"pt-BR\"},{\"@type\":\"Organization\",\"@id\":\"https:\\\/\\\/bhimportsexports.com\\\/hl=pt\\\/#organization\",\"name\":\"BH IMPORTS & EXPORTS\",\"url\":\"https:\\\/\\\/bhimportsexports.com\\\/hl=pt\\\/\",\"logo\":{\"@type\":\"ImageObject\",\"inLanguage\":\"pt-BR\",\"@id\":\"https:\\\/\\\/bhimportsexports.com\\\/hl=pt\\\/#\\\/schema\\\/logo\\\/image\\\/\",\"url\":\"https:\\\/\\\/bhimportsexports.com\\\/wp-content\\\/uploads\\\/2024\\\/09\\\/BH-IMPORTS.png\",\"contentUrl\":\"https:\\\/\\\/bhimportsexports.com\\\/wp-content\\\/uploads\\\/2024\\\/09\\\/BH-IMPORTS.png\",\"width\":300,\"height\":200,\"caption\":\"BH IMPORTS & EXPORTS\"},\"image\":{\"@id\":\"https:\\\/\\\/bhimportsexports.com\\\/hl=pt\\\/#\\\/schema\\\/logo\\\/image\\\/\"}}]}<\/script>\n<!-- \/ Yoast SEO plugin. -->","yoast_head_json":{"title":"M\u00f3dulo de expans\u00e3o DM8 24R, PS\/I\/O: 24V\/24V\/rel\u00e9 - BH IMPORTS &amp; EXPORTS","robots":{"index":"index","follow":"follow","max-snippet":"max-snippet:-1","max-image-preview":"max-image-preview:large","max-video-preview":"max-video-preview:-1"},"canonical":"https:\/\/bhimportsexports.com\/hl=pt\/produto\/modulo-de-expansao-dm8-24r-ps-i-o-24v-24v-rele\/","og_locale":"pt_BR","og_type":"article","og_title":"M\u00f3dulo de expans\u00e3o DM8 24R, PS\/I\/O: 24V\/24V\/rel\u00e9 - BH IMPORTS &amp; EXPORTS","og_description":"PRE\u00c7O SOB CONSULTA","og_url":"https:\/\/bhimportsexports.com\/hl=pt\/produto\/modulo-de-expansao-dm8-24r-ps-i-o-24v-24v-rele\/","og_site_name":"BH IMPORTS &amp; EXPORTS","article_modified_time":"2025-07-21T09:23:59+00:00","og_image":[{"width":300,"height":300,"url":"https:\/\/bhimportsexports.com\/wp-content\/uploads\/2025\/07\/P_ST70_XX_06817i.jpg","type":"image\/jpeg"}],"twitter_card":"summary_large_image","twitter_misc":{"Est. tempo de leitura":"1 minuto"},"schema":{"@context":"https:\/\/schema.org","@graph":[{"@type":"WebPage","@id":"https:\/\/bhimportsexports.com\/hl=pt\/produto\/modulo-de-expansao-dm8-24r-ps-i-o-24v-24v-rele\/","url":"https:\/\/bhimportsexports.com\/hl=pt\/produto\/modulo-de-expansao-dm8-24r-ps-i-o-24v-24v-rele\/","name":"M\u00f3dulo de expans\u00e3o DM8 24R, PS\/I\/O: 24V\/24V\/rel\u00e9 - BH IMPORTS &amp; EXPORTS","isPartOf":{"@id":"https:\/\/bhimportsexports.com\/hl=pt\/#website"},"primaryImageOfPage":{"@id":"https:\/\/bhimportsexports.com\/hl=pt\/produto\/modulo-de-expansao-dm8-24r-ps-i-o-24v-24v-rele\/#primaryimage"},"image":{"@id":"https:\/\/bhimportsexports.com\/hl=pt\/produto\/modulo-de-expansao-dm8-24r-ps-i-o-24v-24v-rele\/#primaryimage"},"thumbnailUrl":"https:\/\/bhimportsexports.com\/wp-content\/uploads\/2025\/07\/P_ST70_XX_06817i.jpg","datePublished":"2025-07-21T09:19:04+00:00","dateModified":"2025-07-21T09:23:59+00:00","breadcrumb":{"@id":"https:\/\/bhimportsexports.com\/hl=pt\/produto\/modulo-de-expansao-dm8-24r-ps-i-o-24v-24v-rele\/#breadcrumb"},"inLanguage":"pt-BR","potentialAction":[{"@type":"ReadAction","target":["https:\/\/bhimportsexports.com\/hl=pt\/produto\/modulo-de-expansao-dm8-24r-ps-i-o-24v-24v-rele\/"]}]},{"@type":"ImageObject","inLanguage":"pt-BR","@id":"https:\/\/bhimportsexports.com\/hl=pt\/produto\/modulo-de-expansao-dm8-24r-ps-i-o-24v-24v-rele\/#primaryimage","url":"https:\/\/bhimportsexports.com\/wp-content\/uploads\/2025\/07\/P_ST70_XX_06817i.jpg","contentUrl":"https:\/\/bhimportsexports.com\/wp-content\/uploads\/2025\/07\/P_ST70_XX_06817i.jpg","width":300,"height":300},{"@type":"BreadcrumbList","@id":"https:\/\/bhimportsexports.com\/hl=pt\/produto\/modulo-de-expansao-dm8-24r-ps-i-o-24v-24v-rele\/#breadcrumb","itemListElement":[{"@type":"ListItem","position":1,"name":"In\u00edcio","item":"https:\/\/bhimportsexports.com\/hl=pt\/"},{"@type":"ListItem","position":2,"name":"Loja","item":"https:\/\/bhimportsexports.com\/hl=pt\/loja\/"},{"@type":"ListItem","position":3,"name":"M\u00f3dulo de expans\u00e3o DM8 24R, PS\/I\/O: 24V\/24V\/rel\u00e9"}]},{"@type":"WebSite","@id":"https:\/\/bhimportsexports.com\/hl=pt\/#website","url":"https:\/\/bhimportsexports.com\/hl=pt\/","name":"BH IMPORTS & EXPORTS","description":"Innovation and excellence in international trade. Import, export, consultancy and sourcing.","publisher":{"@id":"https:\/\/bhimportsexports.com\/hl=pt\/#organization"},"potentialAction":[{"@type":"SearchAction","target":{"@type":"EntryPoint","urlTemplate":"https:\/\/bhimportsexports.com\/hl=pt\/?s={search_term_string}"},"query-input":{"@type":"PropertyValueSpecification","valueRequired":true,"valueName":"search_term_string"}}],"inLanguage":"pt-BR"},{"@type":"Organization","@id":"https:\/\/bhimportsexports.com\/hl=pt\/#organization","name":"BH IMPORTS & EXPORTS","url":"https:\/\/bhimportsexports.com\/hl=pt\/","logo":{"@type":"ImageObject","inLanguage":"pt-BR","@id":"https:\/\/bhimportsexports.com\/hl=pt\/#\/schema\/logo\/image\/","url":"https:\/\/bhimportsexports.com\/wp-content\/uploads\/2024\/09\/BH-IMPORTS.png","contentUrl":"https:\/\/bhimportsexports.com\/wp-content\/uploads\/2024\/09\/BH-IMPORTS.png","width":300,"height":200,"caption":"BH IMPORTS & EXPORTS"},"image":{"@id":"https:\/\/bhimportsexports.com\/hl=pt\/#\/schema\/logo\/image\/"}}]}},"_links":{"self":[{"href":"https:\/\/bhimportsexports.com\/hl=pt\/wp-json\/wp\/v2\/product\/4188","targetHints":{"allow":["GET"]}}],"collection":[{"href":"https:\/\/bhimportsexports.com\/hl=pt\/wp-json\/wp\/v2\/product"}],"about":[{"href":"https:\/\/bhimportsexports.com\/hl=pt\/wp-json\/wp\/v2\/types\/product"}],"replies":[{"embeddable":true,"href":"https:\/\/bhimportsexports.com\/hl=pt\/wp-json\/wp\/v2\/comments?post=4188"}],"wp:featuredmedia":[{"embeddable":true,"href":"https:\/\/bhimportsexports.com\/hl=pt\/wp-json\/wp\/v2\/media\/4189"}],"wp:attachment":[{"href":"https:\/\/bhimportsexports.com\/hl=pt\/wp-json\/wp\/v2\/media?parent=4188"}],"wp:term":[{"taxonomy":"product_brand","embeddable":true,"href":"https:\/\/bhimportsexports.com\/hl=pt\/wp-json\/wp\/v2\/product_brand?post=4188"},{"taxonomy":"product_cat","embeddable":true,"href":"https:\/\/bhimportsexports.com\/hl=pt\/wp-json\/wp\/v2\/product_cat?post=4188"},{"taxonomy":"product_tag","embeddable":true,"href":"https:\/\/bhimportsexports.com\/hl=pt\/wp-json\/wp\/v2\/product_tag?post=4188"}],"curies":[{"name":"wp","href":"https:\/\/api.w.org\/{rel}","templated":true}]}}