{"id":4186,"date":"2025-07-21T09:17:07","date_gmt":"2025-07-21T09:17:07","guid":{"rendered":"https:\/\/bhimportsexports.com\/hl=pt\/?post_type=product&#038;p=4186"},"modified":"2025-07-21T09:24:23","modified_gmt":"2025-07-21T09:24:23","slug":"mdulo-logico-monte-de-alimentacao-do-display-e-s-12-24-v-dc-rele-6ed1052-1md08-0ba2","status":"publish","type":"product","link":"https:\/\/bhimportsexports.com\/hl=pt\/produto\/mdulo-logico-monte-de-alimentacao-do-display-e-s-12-24-v-dc-rele-6ed1052-1md08-0ba2\/","title":{"rendered":"Mdulo l\u00f3gico, Monte de alimenta\u00e7\u00e3o do display \/ E\/S: 12\/ 24 V DC\/rel\u00e9 6ED1052-1MD08-0BA2"},"content":{"rendered":"<p>LOGO! 12\/24RCE, m\u00f3dulo l\u00f3gico, fonte de alimenta\u00e7\u00e3o do display \/ E\/S: 12\/24 V CC\/rel\u00e9, 8 DI (4 AI)\/4 DO, mem\u00f3ria de 400 blocos, expans\u00edvel modularmente, Ethernet, servidor web integrado, registro de dados, p\u00e1ginas web definidas pelo usu\u00e1rio, cart\u00e3o microSD padr\u00e3o para LOGO! Soft Comfort V8.4 ou superior, projetos mais antigos execut\u00e1veis, conex\u00e3o \u00e0 nuvem, MQTT em todas as unidades b\u00e1sicas LOGO! 8.4<\/p>\n<p>&nbsp;<\/p>\n<p>N\u00famero do artigo (N\u00famero de refer\u00eancia de mercado) 6ED1052-1MD08-0BA2<br \/>\nDescri\u00e7\u00e3o do produto LOGO! 12\/24RCE, m\u00f3dulo l\u00f3gico, fonte de alimenta\u00e7\u00e3o do display \/ E\/S: 12\/24 V CC\/rel\u00e9, 8 DI (4 AI)\/4 DO, mem\u00f3ria de 400 blocos, expans\u00edvel modularmente, Ethernet, servidor web integrado, registro de dados, p\u00e1ginas web definidas pelo usu\u00e1rio, cart\u00e3o microSD padr\u00e3o para LOGO! Soft Comfort V8.4 ou superior, projetos mais antigos execut\u00e1veis, conex\u00e3o em nuvem, MQTT em todas as unidades b\u00e1sicas LOGO! 8.4<br \/>\nFam\u00edlia de produtos LOGO! M\u00f3dulos b\u00e1sicos com display<br \/>\nCiclo de Vida do Produto (PLM) PM300: Produto Ativo<br \/>\nDados de Pre\u00e7o<br \/>\nGrupo de Pre\u00e7o Espec\u00edfico da Regi\u00e3o \/ Grupo de Pre\u00e7o da Sede 200 \/ 200<br \/>\nPre\u00e7o de Lista Mostrar pre\u00e7os<br \/>\nPre\u00e7o do Cliente Mostrar pre\u00e7os<br \/>\nSobretaxa para Mat\u00e9rias-Primas Nenhuma<br \/>\nFator de Metal Nenhum<br \/>\nInforma\u00e7\u00f5es de Entrega<br \/>\nRegulamentos de Controle de Exporta\u00e7\u00e3o AL: N \/ ECCN: EAR99H<br \/>\nPrazo de Entrega Padr\u00e3o Ex-Works 1 Dia\/Dias<br \/>\nPeso L\u00edquido (kg) 0,269 Kg<br \/>\nDimens\u00f5es da Embalagem 8,10 x 9,30 x 7,00<br \/>\nUnidade de Medida do Tamanho da Embalagem CM<br \/>\nUnidade de Quantidade 1 Pe\u00e7a<br \/>\nQuantidade da Embalagem 1<br \/>\nInforma\u00e7\u00f5es Adicionais do Produto<br \/>\nEAN 4034106034474<br \/>\nUPC 195125473300<br \/>\nC\u00f3digo da Mercadoria 85371091<br \/>\nLKZ_FDB\/ CatalogID STLOGO!<br \/>\nGrupo de Produtos 4071<br \/>\nC\u00f3digo do Grupo R131<br \/>\nPa\u00eds de origem: China<br \/>\nConformidade com as restri\u00e7\u00f5es de subst\u00e2ncias de acordo com a diretiva RoHS desde: 05\/04\/2023<\/p>\n","protected":false},"excerpt":{"rendered":"<p>PRE\u00c7O SOB CONSULTA<\/p>\n","protected":false},"featured_media":4187,"comment_status":"open","ping_status":"closed","template":"","meta":[],"product_brand":[],"product_cat":[1125],"product_tag":[],"class_list":{"0":"post-4186","1":"product","2":"type-product","3":"status-publish","4":"has-post-thumbnail","6":"product_cat-modulo","8":"first","9":"onbackorder","10":"shipping-taxable","11":"product-type-simple"},"yoast_head":"<!-- This site is optimized with the Yoast SEO plugin v27.4 - https:\/\/yoast.com\/product\/yoast-seo-wordpress\/ -->\n<title>Mdulo l\u00f3gico, Monte de alimenta\u00e7\u00e3o do display \/ E\/S: 12\/ 24 V DC\/rel\u00e9 6ED1052-1MD08-0BA2 - BH IMPORTS &amp; EXPORTS<\/title>\n<meta name=\"robots\" content=\"index, follow, max-snippet:-1, max-image-preview:large, max-video-preview:-1\" \/>\n<link rel=\"canonical\" href=\"https:\/\/bhimportsexports.com\/hl=pt\/produto\/mdulo-logico-monte-de-alimentacao-do-display-e-s-12-24-v-dc-rele-6ed1052-1md08-0ba2\/\" \/>\n<meta property=\"og:locale\" content=\"pt_BR\" \/>\n<meta property=\"og:type\" content=\"article\" \/>\n<meta property=\"og:title\" content=\"Mdulo l\u00f3gico, Monte de alimenta\u00e7\u00e3o do display \/ E\/S: 12\/ 24 V DC\/rel\u00e9 6ED1052-1MD08-0BA2 - BH IMPORTS &amp; EXPORTS\" \/>\n<meta property=\"og:description\" content=\"PRE\u00c7O SOB CONSULTA\" \/>\n<meta property=\"og:url\" content=\"https:\/\/bhimportsexports.com\/hl=pt\/produto\/mdulo-logico-monte-de-alimentacao-do-display-e-s-12-24-v-dc-rele-6ed1052-1md08-0ba2\/\" \/>\n<meta property=\"og:site_name\" content=\"BH IMPORTS &amp; EXPORTS\" \/>\n<meta property=\"article:modified_time\" content=\"2025-07-21T09:24:23+00:00\" \/>\n<meta property=\"og:image\" content=\"https:\/\/bhimportsexports.com\/wp-content\/uploads\/2025\/07\/P_ST70_XX_09128i.jpg\" \/>\n\t<meta property=\"og:image:width\" content=\"300\" \/>\n\t<meta property=\"og:image:height\" content=\"300\" \/>\n\t<meta property=\"og:image:type\" content=\"image\/jpeg\" \/>\n<meta name=\"twitter:card\" content=\"summary_large_image\" \/>\n<meta name=\"twitter:label1\" content=\"Est. tempo de leitura\" \/>\n\t<meta name=\"twitter:data1\" content=\"2 minutos\" \/>\n<script type=\"application\/ld+json\" class=\"yoast-schema-graph\">{\"@context\":\"https:\\\/\\\/schema.org\",\"@graph\":[{\"@type\":\"WebPage\",\"@id\":\"https:\\\/\\\/bhimportsexports.com\\\/hl=pt\\\/produto\\\/mdulo-logico-monte-de-alimentacao-do-display-e-s-12-24-v-dc-rele-6ed1052-1md08-0ba2\\\/\",\"url\":\"https:\\\/\\\/bhimportsexports.com\\\/hl=pt\\\/produto\\\/mdulo-logico-monte-de-alimentacao-do-display-e-s-12-24-v-dc-rele-6ed1052-1md08-0ba2\\\/\",\"name\":\"Mdulo l\u00f3gico, Monte de alimenta\u00e7\u00e3o do display \\\/ E\\\/S: 12\\\/ 24 V DC\\\/rel\u00e9 6ED1052-1MD08-0BA2 - BH IMPORTS &amp; EXPORTS\",\"isPartOf\":{\"@id\":\"https:\\\/\\\/bhimportsexports.com\\\/hl=pt\\\/#website\"},\"primaryImageOfPage\":{\"@id\":\"https:\\\/\\\/bhimportsexports.com\\\/hl=pt\\\/produto\\\/mdulo-logico-monte-de-alimentacao-do-display-e-s-12-24-v-dc-rele-6ed1052-1md08-0ba2\\\/#primaryimage\"},\"image\":{\"@id\":\"https:\\\/\\\/bhimportsexports.com\\\/hl=pt\\\/produto\\\/mdulo-logico-monte-de-alimentacao-do-display-e-s-12-24-v-dc-rele-6ed1052-1md08-0ba2\\\/#primaryimage\"},\"thumbnailUrl\":\"https:\\\/\\\/bhimportsexports.com\\\/wp-content\\\/uploads\\\/2025\\\/07\\\/P_ST70_XX_09128i.jpg\",\"datePublished\":\"2025-07-21T09:17:07+00:00\",\"dateModified\":\"2025-07-21T09:24:23+00:00\",\"breadcrumb\":{\"@id\":\"https:\\\/\\\/bhimportsexports.com\\\/hl=pt\\\/produto\\\/mdulo-logico-monte-de-alimentacao-do-display-e-s-12-24-v-dc-rele-6ed1052-1md08-0ba2\\\/#breadcrumb\"},\"inLanguage\":\"pt-BR\",\"potentialAction\":[{\"@type\":\"ReadAction\",\"target\":[\"https:\\\/\\\/bhimportsexports.com\\\/hl=pt\\\/produto\\\/mdulo-logico-monte-de-alimentacao-do-display-e-s-12-24-v-dc-rele-6ed1052-1md08-0ba2\\\/\"]}]},{\"@type\":\"ImageObject\",\"inLanguage\":\"pt-BR\",\"@id\":\"https:\\\/\\\/bhimportsexports.com\\\/hl=pt\\\/produto\\\/mdulo-logico-monte-de-alimentacao-do-display-e-s-12-24-v-dc-rele-6ed1052-1md08-0ba2\\\/#primaryimage\",\"url\":\"https:\\\/\\\/bhimportsexports.com\\\/wp-content\\\/uploads\\\/2025\\\/07\\\/P_ST70_XX_09128i.jpg\",\"contentUrl\":\"https:\\\/\\\/bhimportsexports.com\\\/wp-content\\\/uploads\\\/2025\\\/07\\\/P_ST70_XX_09128i.jpg\",\"width\":300,\"height\":300},{\"@type\":\"BreadcrumbList\",\"@id\":\"https:\\\/\\\/bhimportsexports.com\\\/hl=pt\\\/produto\\\/mdulo-logico-monte-de-alimentacao-do-display-e-s-12-24-v-dc-rele-6ed1052-1md08-0ba2\\\/#breadcrumb\",\"itemListElement\":[{\"@type\":\"ListItem\",\"position\":1,\"name\":\"In\u00edcio\",\"item\":\"https:\\\/\\\/bhimportsexports.com\\\/hl=pt\\\/\"},{\"@type\":\"ListItem\",\"position\":2,\"name\":\"Loja\",\"item\":\"https:\\\/\\\/bhimportsexports.com\\\/hl=pt\\\/loja\\\/\"},{\"@type\":\"ListItem\",\"position\":3,\"name\":\"Mdulo l\u00f3gico, Monte de alimenta\u00e7\u00e3o do display \\\/ E\\\/S: 12\\\/ 24 V DC\\\/rel\u00e9 6ED1052-1MD08-0BA2\"}]},{\"@type\":\"WebSite\",\"@id\":\"https:\\\/\\\/bhimportsexports.com\\\/hl=pt\\\/#website\",\"url\":\"https:\\\/\\\/bhimportsexports.com\\\/hl=pt\\\/\",\"name\":\"BH IMPORTS & EXPORTS\",\"description\":\"Innovation and excellence in international trade. Import, export, consultancy and sourcing.\",\"publisher\":{\"@id\":\"https:\\\/\\\/bhimportsexports.com\\\/hl=pt\\\/#organization\"},\"potentialAction\":[{\"@type\":\"SearchAction\",\"target\":{\"@type\":\"EntryPoint\",\"urlTemplate\":\"https:\\\/\\\/bhimportsexports.com\\\/hl=pt\\\/?s={search_term_string}\"},\"query-input\":{\"@type\":\"PropertyValueSpecification\",\"valueRequired\":true,\"valueName\":\"search_term_string\"}}],\"inLanguage\":\"pt-BR\"},{\"@type\":\"Organization\",\"@id\":\"https:\\\/\\\/bhimportsexports.com\\\/hl=pt\\\/#organization\",\"name\":\"BH IMPORTS & EXPORTS\",\"url\":\"https:\\\/\\\/bhimportsexports.com\\\/hl=pt\\\/\",\"logo\":{\"@type\":\"ImageObject\",\"inLanguage\":\"pt-BR\",\"@id\":\"https:\\\/\\\/bhimportsexports.com\\\/hl=pt\\\/#\\\/schema\\\/logo\\\/image\\\/\",\"url\":\"https:\\\/\\\/bhimportsexports.com\\\/wp-content\\\/uploads\\\/2024\\\/09\\\/BH-IMPORTS.png\",\"contentUrl\":\"https:\\\/\\\/bhimportsexports.com\\\/wp-content\\\/uploads\\\/2024\\\/09\\\/BH-IMPORTS.png\",\"width\":300,\"height\":200,\"caption\":\"BH IMPORTS & EXPORTS\"},\"image\":{\"@id\":\"https:\\\/\\\/bhimportsexports.com\\\/hl=pt\\\/#\\\/schema\\\/logo\\\/image\\\/\"}}]}<\/script>\n<!-- \/ Yoast SEO plugin. -->","yoast_head_json":{"title":"Mdulo l\u00f3gico, Monte de alimenta\u00e7\u00e3o do display \/ E\/S: 12\/ 24 V DC\/rel\u00e9 6ED1052-1MD08-0BA2 - BH IMPORTS &amp; EXPORTS","robots":{"index":"index","follow":"follow","max-snippet":"max-snippet:-1","max-image-preview":"max-image-preview:large","max-video-preview":"max-video-preview:-1"},"canonical":"https:\/\/bhimportsexports.com\/hl=pt\/produto\/mdulo-logico-monte-de-alimentacao-do-display-e-s-12-24-v-dc-rele-6ed1052-1md08-0ba2\/","og_locale":"pt_BR","og_type":"article","og_title":"Mdulo l\u00f3gico, Monte de alimenta\u00e7\u00e3o do display \/ E\/S: 12\/ 24 V DC\/rel\u00e9 6ED1052-1MD08-0BA2 - BH IMPORTS &amp; EXPORTS","og_description":"PRE\u00c7O SOB CONSULTA","og_url":"https:\/\/bhimportsexports.com\/hl=pt\/produto\/mdulo-logico-monte-de-alimentacao-do-display-e-s-12-24-v-dc-rele-6ed1052-1md08-0ba2\/","og_site_name":"BH IMPORTS &amp; EXPORTS","article_modified_time":"2025-07-21T09:24:23+00:00","og_image":[{"width":300,"height":300,"url":"https:\/\/bhimportsexports.com\/wp-content\/uploads\/2025\/07\/P_ST70_XX_09128i.jpg","type":"image\/jpeg"}],"twitter_card":"summary_large_image","twitter_misc":{"Est. tempo de leitura":"2 minutos"},"schema":{"@context":"https:\/\/schema.org","@graph":[{"@type":"WebPage","@id":"https:\/\/bhimportsexports.com\/hl=pt\/produto\/mdulo-logico-monte-de-alimentacao-do-display-e-s-12-24-v-dc-rele-6ed1052-1md08-0ba2\/","url":"https:\/\/bhimportsexports.com\/hl=pt\/produto\/mdulo-logico-monte-de-alimentacao-do-display-e-s-12-24-v-dc-rele-6ed1052-1md08-0ba2\/","name":"Mdulo l\u00f3gico, Monte de alimenta\u00e7\u00e3o do display \/ E\/S: 12\/ 24 V DC\/rel\u00e9 6ED1052-1MD08-0BA2 - BH IMPORTS &amp; EXPORTS","isPartOf":{"@id":"https:\/\/bhimportsexports.com\/hl=pt\/#website"},"primaryImageOfPage":{"@id":"https:\/\/bhimportsexports.com\/hl=pt\/produto\/mdulo-logico-monte-de-alimentacao-do-display-e-s-12-24-v-dc-rele-6ed1052-1md08-0ba2\/#primaryimage"},"image":{"@id":"https:\/\/bhimportsexports.com\/hl=pt\/produto\/mdulo-logico-monte-de-alimentacao-do-display-e-s-12-24-v-dc-rele-6ed1052-1md08-0ba2\/#primaryimage"},"thumbnailUrl":"https:\/\/bhimportsexports.com\/wp-content\/uploads\/2025\/07\/P_ST70_XX_09128i.jpg","datePublished":"2025-07-21T09:17:07+00:00","dateModified":"2025-07-21T09:24:23+00:00","breadcrumb":{"@id":"https:\/\/bhimportsexports.com\/hl=pt\/produto\/mdulo-logico-monte-de-alimentacao-do-display-e-s-12-24-v-dc-rele-6ed1052-1md08-0ba2\/#breadcrumb"},"inLanguage":"pt-BR","potentialAction":[{"@type":"ReadAction","target":["https:\/\/bhimportsexports.com\/hl=pt\/produto\/mdulo-logico-monte-de-alimentacao-do-display-e-s-12-24-v-dc-rele-6ed1052-1md08-0ba2\/"]}]},{"@type":"ImageObject","inLanguage":"pt-BR","@id":"https:\/\/bhimportsexports.com\/hl=pt\/produto\/mdulo-logico-monte-de-alimentacao-do-display-e-s-12-24-v-dc-rele-6ed1052-1md08-0ba2\/#primaryimage","url":"https:\/\/bhimportsexports.com\/wp-content\/uploads\/2025\/07\/P_ST70_XX_09128i.jpg","contentUrl":"https:\/\/bhimportsexports.com\/wp-content\/uploads\/2025\/07\/P_ST70_XX_09128i.jpg","width":300,"height":300},{"@type":"BreadcrumbList","@id":"https:\/\/bhimportsexports.com\/hl=pt\/produto\/mdulo-logico-monte-de-alimentacao-do-display-e-s-12-24-v-dc-rele-6ed1052-1md08-0ba2\/#breadcrumb","itemListElement":[{"@type":"ListItem","position":1,"name":"In\u00edcio","item":"https:\/\/bhimportsexports.com\/hl=pt\/"},{"@type":"ListItem","position":2,"name":"Loja","item":"https:\/\/bhimportsexports.com\/hl=pt\/loja\/"},{"@type":"ListItem","position":3,"name":"Mdulo l\u00f3gico, Monte de alimenta\u00e7\u00e3o do display \/ E\/S: 12\/ 24 V DC\/rel\u00e9 6ED1052-1MD08-0BA2"}]},{"@type":"WebSite","@id":"https:\/\/bhimportsexports.com\/hl=pt\/#website","url":"https:\/\/bhimportsexports.com\/hl=pt\/","name":"BH IMPORTS & EXPORTS","description":"Innovation and excellence in international trade. Import, export, consultancy and sourcing.","publisher":{"@id":"https:\/\/bhimportsexports.com\/hl=pt\/#organization"},"potentialAction":[{"@type":"SearchAction","target":{"@type":"EntryPoint","urlTemplate":"https:\/\/bhimportsexports.com\/hl=pt\/?s={search_term_string}"},"query-input":{"@type":"PropertyValueSpecification","valueRequired":true,"valueName":"search_term_string"}}],"inLanguage":"pt-BR"},{"@type":"Organization","@id":"https:\/\/bhimportsexports.com\/hl=pt\/#organization","name":"BH IMPORTS & EXPORTS","url":"https:\/\/bhimportsexports.com\/hl=pt\/","logo":{"@type":"ImageObject","inLanguage":"pt-BR","@id":"https:\/\/bhimportsexports.com\/hl=pt\/#\/schema\/logo\/image\/","url":"https:\/\/bhimportsexports.com\/wp-content\/uploads\/2024\/09\/BH-IMPORTS.png","contentUrl":"https:\/\/bhimportsexports.com\/wp-content\/uploads\/2024\/09\/BH-IMPORTS.png","width":300,"height":200,"caption":"BH IMPORTS & EXPORTS"},"image":{"@id":"https:\/\/bhimportsexports.com\/hl=pt\/#\/schema\/logo\/image\/"}}]}},"_links":{"self":[{"href":"https:\/\/bhimportsexports.com\/hl=pt\/wp-json\/wp\/v2\/product\/4186","targetHints":{"allow":["GET"]}}],"collection":[{"href":"https:\/\/bhimportsexports.com\/hl=pt\/wp-json\/wp\/v2\/product"}],"about":[{"href":"https:\/\/bhimportsexports.com\/hl=pt\/wp-json\/wp\/v2\/types\/product"}],"replies":[{"embeddable":true,"href":"https:\/\/bhimportsexports.com\/hl=pt\/wp-json\/wp\/v2\/comments?post=4186"}],"wp:featuredmedia":[{"embeddable":true,"href":"https:\/\/bhimportsexports.com\/hl=pt\/wp-json\/wp\/v2\/media\/4187"}],"wp:attachment":[{"href":"https:\/\/bhimportsexports.com\/hl=pt\/wp-json\/wp\/v2\/media?parent=4186"}],"wp:term":[{"taxonomy":"product_brand","embeddable":true,"href":"https:\/\/bhimportsexports.com\/hl=pt\/wp-json\/wp\/v2\/product_brand?post=4186"},{"taxonomy":"product_cat","embeddable":true,"href":"https:\/\/bhimportsexports.com\/hl=pt\/wp-json\/wp\/v2\/product_cat?post=4186"},{"taxonomy":"product_tag","embeddable":true,"href":"https:\/\/bhimportsexports.com\/hl=pt\/wp-json\/wp\/v2\/product_tag?post=4186"}],"curies":[{"name":"wp","href":"https:\/\/api.w.org\/{rel}","templated":true}]}}