{"id":4147,"date":"2025-07-11T14:53:11","date_gmt":"2025-07-11T14:53:11","guid":{"rendered":"https:\/\/bhimportsexports.com\/hl=pt\/?post_type=product&#038;p=4147"},"modified":"2025-07-21T08:26:34","modified_gmt":"2025-07-21T08:26:34","slug":"allen-bradley-1756-ob32-modulo-entrada-digital-controllogix","status":"publish","type":"product","link":"https:\/\/bhimportsexports.com\/hl=pt\/produto\/allen-bradley-1756-ob32-modulo-entrada-digital-controllogix\/","title":{"rendered":"Allen-bradley 1756-ob32 Modulo Entrada Digital Controllogix"},"content":{"rendered":"<p>&#8211; Modelo: 1756-OB32 &#8220;SER A&#8221;<br \/>\n&#8211; Linha de produtos: CONTROLLOGIX<br \/>\n____________________________<br \/>\nCaracter\u00edsticas:<\/p>\n<p>&#8211; Numero de saidas: 32<br \/>\n&#8211; Tens\u00e3o de saida: 10 a 31,2V DC<br \/>\n&#8211; Prote\u00e7\u00e3o contra surto: Sim<br \/>\n&#8211; Fusivel recomendado: 5 x 20 mm 4A a\u00e7\u00e3o r\u00e1pido<br \/>\n____________________________<br \/>\nDimens\u00f5es:<br \/>\n&#8211; Comprimento: 38,1 mm;<br \/>\n&#8211; Largura: 111,25 mm;<br \/>\n&#8211; Altura: 300 mm;<br \/>\n&#8211; Peso: 480 g;<br \/>\n____________________________<br \/>\nCompatibilidade:<\/p>\n<p>&#8211; Linha Controllogix.<\/p>\n","protected":false},"excerpt":{"rendered":"<p>PRE\u00c7O SOB CONSULTA<\/p>\n","protected":false},"featured_media":4155,"comment_status":"open","ping_status":"closed","template":"","meta":[],"product_brand":[],"product_cat":[1125],"product_tag":[],"class_list":{"0":"post-4147","1":"product","2":"type-product","3":"status-publish","4":"has-post-thumbnail","6":"product_cat-modulo","8":"first","9":"onbackorder","10":"shipping-taxable","11":"product-type-simple"},"yoast_head":"<!-- This site is optimized with the Yoast SEO plugin v27.4 - https:\/\/yoast.com\/product\/yoast-seo-wordpress\/ -->\n<title>Allen-bradley 1756-ob32 Modulo Entrada Digital Controllogix - BH IMPORTS &amp; EXPORTS<\/title>\n<meta name=\"robots\" content=\"index, follow, max-snippet:-1, max-image-preview:large, max-video-preview:-1\" \/>\n<link rel=\"canonical\" href=\"https:\/\/bhimportsexports.com\/hl=pt\/produto\/allen-bradley-1756-ob32-modulo-entrada-digital-controllogix\/\" \/>\n<meta property=\"og:locale\" content=\"pt_BR\" \/>\n<meta property=\"og:type\" content=\"article\" \/>\n<meta property=\"og:title\" content=\"Allen-bradley 1756-ob32 Modulo Entrada Digital Controllogix - BH IMPORTS &amp; EXPORTS\" \/>\n<meta property=\"og:description\" content=\"PRE\u00c7O SOB CONSULTA\" \/>\n<meta property=\"og:url\" content=\"https:\/\/bhimportsexports.com\/hl=pt\/produto\/allen-bradley-1756-ob32-modulo-entrada-digital-controllogix\/\" \/>\n<meta property=\"og:site_name\" content=\"BH IMPORTS &amp; EXPORTS\" \/>\n<meta property=\"article:modified_time\" content=\"2025-07-21T08:26:34+00:00\" \/>\n<meta property=\"og:image\" content=\"https:\/\/bhimportsexports.com\/wp-content\/uploads\/2025\/07\/D_NQ_NP_726169-MLB75674585262_042024-O.webp\" \/>\n\t<meta property=\"og:image:width\" content=\"195\" \/>\n\t<meta property=\"og:image:height\" content=\"500\" \/>\n\t<meta property=\"og:image:type\" content=\"image\/webp\" \/>\n<meta name=\"twitter:card\" content=\"summary_large_image\" \/>\n<script type=\"application\/ld+json\" class=\"yoast-schema-graph\">{\"@context\":\"https:\\\/\\\/schema.org\",\"@graph\":[{\"@type\":\"WebPage\",\"@id\":\"https:\\\/\\\/bhimportsexports.com\\\/hl=pt\\\/produto\\\/allen-bradley-1756-ob32-modulo-entrada-digital-controllogix\\\/\",\"url\":\"https:\\\/\\\/bhimportsexports.com\\\/hl=pt\\\/produto\\\/allen-bradley-1756-ob32-modulo-entrada-digital-controllogix\\\/\",\"name\":\"Allen-bradley 1756-ob32 Modulo Entrada Digital Controllogix - BH IMPORTS &amp; EXPORTS\",\"isPartOf\":{\"@id\":\"https:\\\/\\\/bhimportsexports.com\\\/hl=pt\\\/#website\"},\"primaryImageOfPage\":{\"@id\":\"https:\\\/\\\/bhimportsexports.com\\\/hl=pt\\\/produto\\\/allen-bradley-1756-ob32-modulo-entrada-digital-controllogix\\\/#primaryimage\"},\"image\":{\"@id\":\"https:\\\/\\\/bhimportsexports.com\\\/hl=pt\\\/produto\\\/allen-bradley-1756-ob32-modulo-entrada-digital-controllogix\\\/#primaryimage\"},\"thumbnailUrl\":\"https:\\\/\\\/bhimportsexports.com\\\/wp-content\\\/uploads\\\/2025\\\/07\\\/D_NQ_NP_726169-MLB75674585262_042024-O.webp\",\"datePublished\":\"2025-07-11T14:53:11+00:00\",\"dateModified\":\"2025-07-21T08:26:34+00:00\",\"breadcrumb\":{\"@id\":\"https:\\\/\\\/bhimportsexports.com\\\/hl=pt\\\/produto\\\/allen-bradley-1756-ob32-modulo-entrada-digital-controllogix\\\/#breadcrumb\"},\"inLanguage\":\"pt-BR\",\"potentialAction\":[{\"@type\":\"ReadAction\",\"target\":[\"https:\\\/\\\/bhimportsexports.com\\\/hl=pt\\\/produto\\\/allen-bradley-1756-ob32-modulo-entrada-digital-controllogix\\\/\"]}]},{\"@type\":\"ImageObject\",\"inLanguage\":\"pt-BR\",\"@id\":\"https:\\\/\\\/bhimportsexports.com\\\/hl=pt\\\/produto\\\/allen-bradley-1756-ob32-modulo-entrada-digital-controllogix\\\/#primaryimage\",\"url\":\"https:\\\/\\\/bhimportsexports.com\\\/wp-content\\\/uploads\\\/2025\\\/07\\\/D_NQ_NP_726169-MLB75674585262_042024-O.webp\",\"contentUrl\":\"https:\\\/\\\/bhimportsexports.com\\\/wp-content\\\/uploads\\\/2025\\\/07\\\/D_NQ_NP_726169-MLB75674585262_042024-O.webp\",\"width\":195,\"height\":500},{\"@type\":\"BreadcrumbList\",\"@id\":\"https:\\\/\\\/bhimportsexports.com\\\/hl=pt\\\/produto\\\/allen-bradley-1756-ob32-modulo-entrada-digital-controllogix\\\/#breadcrumb\",\"itemListElement\":[{\"@type\":\"ListItem\",\"position\":1,\"name\":\"In\u00edcio\",\"item\":\"https:\\\/\\\/bhimportsexports.com\\\/hl=pt\\\/\"},{\"@type\":\"ListItem\",\"position\":2,\"name\":\"Loja\",\"item\":\"https:\\\/\\\/bhimportsexports.com\\\/hl=pt\\\/loja\\\/\"},{\"@type\":\"ListItem\",\"position\":3,\"name\":\"Allen-bradley 1756-ob32 Modulo Entrada Digital Controllogix\"}]},{\"@type\":\"WebSite\",\"@id\":\"https:\\\/\\\/bhimportsexports.com\\\/hl=pt\\\/#website\",\"url\":\"https:\\\/\\\/bhimportsexports.com\\\/hl=pt\\\/\",\"name\":\"BH IMPORTS & EXPORTS\",\"description\":\"Innovation and excellence in international trade. Import, export, consultancy and sourcing.\",\"publisher\":{\"@id\":\"https:\\\/\\\/bhimportsexports.com\\\/hl=pt\\\/#organization\"},\"potentialAction\":[{\"@type\":\"SearchAction\",\"target\":{\"@type\":\"EntryPoint\",\"urlTemplate\":\"https:\\\/\\\/bhimportsexports.com\\\/hl=pt\\\/?s={search_term_string}\"},\"query-input\":{\"@type\":\"PropertyValueSpecification\",\"valueRequired\":true,\"valueName\":\"search_term_string\"}}],\"inLanguage\":\"pt-BR\"},{\"@type\":\"Organization\",\"@id\":\"https:\\\/\\\/bhimportsexports.com\\\/hl=pt\\\/#organization\",\"name\":\"BH IMPORTS & EXPORTS\",\"url\":\"https:\\\/\\\/bhimportsexports.com\\\/hl=pt\\\/\",\"logo\":{\"@type\":\"ImageObject\",\"inLanguage\":\"pt-BR\",\"@id\":\"https:\\\/\\\/bhimportsexports.com\\\/hl=pt\\\/#\\\/schema\\\/logo\\\/image\\\/\",\"url\":\"https:\\\/\\\/bhimportsexports.com\\\/wp-content\\\/uploads\\\/2024\\\/09\\\/BH-IMPORTS.png\",\"contentUrl\":\"https:\\\/\\\/bhimportsexports.com\\\/wp-content\\\/uploads\\\/2024\\\/09\\\/BH-IMPORTS.png\",\"width\":300,\"height\":200,\"caption\":\"BH IMPORTS & EXPORTS\"},\"image\":{\"@id\":\"https:\\\/\\\/bhimportsexports.com\\\/hl=pt\\\/#\\\/schema\\\/logo\\\/image\\\/\"}}]}<\/script>\n<!-- \/ Yoast SEO plugin. -->","yoast_head_json":{"title":"Allen-bradley 1756-ob32 Modulo Entrada Digital Controllogix - BH IMPORTS &amp; EXPORTS","robots":{"index":"index","follow":"follow","max-snippet":"max-snippet:-1","max-image-preview":"max-image-preview:large","max-video-preview":"max-video-preview:-1"},"canonical":"https:\/\/bhimportsexports.com\/hl=pt\/produto\/allen-bradley-1756-ob32-modulo-entrada-digital-controllogix\/","og_locale":"pt_BR","og_type":"article","og_title":"Allen-bradley 1756-ob32 Modulo Entrada Digital Controllogix - BH IMPORTS &amp; EXPORTS","og_description":"PRE\u00c7O SOB CONSULTA","og_url":"https:\/\/bhimportsexports.com\/hl=pt\/produto\/allen-bradley-1756-ob32-modulo-entrada-digital-controllogix\/","og_site_name":"BH IMPORTS &amp; EXPORTS","article_modified_time":"2025-07-21T08:26:34+00:00","og_image":[{"width":195,"height":500,"url":"https:\/\/bhimportsexports.com\/wp-content\/uploads\/2025\/07\/D_NQ_NP_726169-MLB75674585262_042024-O.webp","type":"image\/webp"}],"twitter_card":"summary_large_image","schema":{"@context":"https:\/\/schema.org","@graph":[{"@type":"WebPage","@id":"https:\/\/bhimportsexports.com\/hl=pt\/produto\/allen-bradley-1756-ob32-modulo-entrada-digital-controllogix\/","url":"https:\/\/bhimportsexports.com\/hl=pt\/produto\/allen-bradley-1756-ob32-modulo-entrada-digital-controllogix\/","name":"Allen-bradley 1756-ob32 Modulo Entrada Digital Controllogix - BH IMPORTS &amp; EXPORTS","isPartOf":{"@id":"https:\/\/bhimportsexports.com\/hl=pt\/#website"},"primaryImageOfPage":{"@id":"https:\/\/bhimportsexports.com\/hl=pt\/produto\/allen-bradley-1756-ob32-modulo-entrada-digital-controllogix\/#primaryimage"},"image":{"@id":"https:\/\/bhimportsexports.com\/hl=pt\/produto\/allen-bradley-1756-ob32-modulo-entrada-digital-controllogix\/#primaryimage"},"thumbnailUrl":"https:\/\/bhimportsexports.com\/wp-content\/uploads\/2025\/07\/D_NQ_NP_726169-MLB75674585262_042024-O.webp","datePublished":"2025-07-11T14:53:11+00:00","dateModified":"2025-07-21T08:26:34+00:00","breadcrumb":{"@id":"https:\/\/bhimportsexports.com\/hl=pt\/produto\/allen-bradley-1756-ob32-modulo-entrada-digital-controllogix\/#breadcrumb"},"inLanguage":"pt-BR","potentialAction":[{"@type":"ReadAction","target":["https:\/\/bhimportsexports.com\/hl=pt\/produto\/allen-bradley-1756-ob32-modulo-entrada-digital-controllogix\/"]}]},{"@type":"ImageObject","inLanguage":"pt-BR","@id":"https:\/\/bhimportsexports.com\/hl=pt\/produto\/allen-bradley-1756-ob32-modulo-entrada-digital-controllogix\/#primaryimage","url":"https:\/\/bhimportsexports.com\/wp-content\/uploads\/2025\/07\/D_NQ_NP_726169-MLB75674585262_042024-O.webp","contentUrl":"https:\/\/bhimportsexports.com\/wp-content\/uploads\/2025\/07\/D_NQ_NP_726169-MLB75674585262_042024-O.webp","width":195,"height":500},{"@type":"BreadcrumbList","@id":"https:\/\/bhimportsexports.com\/hl=pt\/produto\/allen-bradley-1756-ob32-modulo-entrada-digital-controllogix\/#breadcrumb","itemListElement":[{"@type":"ListItem","position":1,"name":"In\u00edcio","item":"https:\/\/bhimportsexports.com\/hl=pt\/"},{"@type":"ListItem","position":2,"name":"Loja","item":"https:\/\/bhimportsexports.com\/hl=pt\/loja\/"},{"@type":"ListItem","position":3,"name":"Allen-bradley 1756-ob32 Modulo Entrada Digital Controllogix"}]},{"@type":"WebSite","@id":"https:\/\/bhimportsexports.com\/hl=pt\/#website","url":"https:\/\/bhimportsexports.com\/hl=pt\/","name":"BH IMPORTS & EXPORTS","description":"Innovation and excellence in international trade. Import, export, consultancy and sourcing.","publisher":{"@id":"https:\/\/bhimportsexports.com\/hl=pt\/#organization"},"potentialAction":[{"@type":"SearchAction","target":{"@type":"EntryPoint","urlTemplate":"https:\/\/bhimportsexports.com\/hl=pt\/?s={search_term_string}"},"query-input":{"@type":"PropertyValueSpecification","valueRequired":true,"valueName":"search_term_string"}}],"inLanguage":"pt-BR"},{"@type":"Organization","@id":"https:\/\/bhimportsexports.com\/hl=pt\/#organization","name":"BH IMPORTS & EXPORTS","url":"https:\/\/bhimportsexports.com\/hl=pt\/","logo":{"@type":"ImageObject","inLanguage":"pt-BR","@id":"https:\/\/bhimportsexports.com\/hl=pt\/#\/schema\/logo\/image\/","url":"https:\/\/bhimportsexports.com\/wp-content\/uploads\/2024\/09\/BH-IMPORTS.png","contentUrl":"https:\/\/bhimportsexports.com\/wp-content\/uploads\/2024\/09\/BH-IMPORTS.png","width":300,"height":200,"caption":"BH IMPORTS & EXPORTS"},"image":{"@id":"https:\/\/bhimportsexports.com\/hl=pt\/#\/schema\/logo\/image\/"}}]}},"_links":{"self":[{"href":"https:\/\/bhimportsexports.com\/hl=pt\/wp-json\/wp\/v2\/product\/4147","targetHints":{"allow":["GET"]}}],"collection":[{"href":"https:\/\/bhimportsexports.com\/hl=pt\/wp-json\/wp\/v2\/product"}],"about":[{"href":"https:\/\/bhimportsexports.com\/hl=pt\/wp-json\/wp\/v2\/types\/product"}],"replies":[{"embeddable":true,"href":"https:\/\/bhimportsexports.com\/hl=pt\/wp-json\/wp\/v2\/comments?post=4147"}],"wp:featuredmedia":[{"embeddable":true,"href":"https:\/\/bhimportsexports.com\/hl=pt\/wp-json\/wp\/v2\/media\/4155"}],"wp:attachment":[{"href":"https:\/\/bhimportsexports.com\/hl=pt\/wp-json\/wp\/v2\/media?parent=4147"}],"wp:term":[{"taxonomy":"product_brand","embeddable":true,"href":"https:\/\/bhimportsexports.com\/hl=pt\/wp-json\/wp\/v2\/product_brand?post=4147"},{"taxonomy":"product_cat","embeddable":true,"href":"https:\/\/bhimportsexports.com\/hl=pt\/wp-json\/wp\/v2\/product_cat?post=4147"},{"taxonomy":"product_tag","embeddable":true,"href":"https:\/\/bhimportsexports.com\/hl=pt\/wp-json\/wp\/v2\/product_tag?post=4147"}],"curies":[{"name":"wp","href":"https:\/\/api.w.org\/{rel}","templated":true}]}}