{"id":4121,"date":"2025-07-07T18:07:22","date_gmt":"2025-07-07T18:07:22","guid":{"rendered":"https:\/\/bhimportsexports.com\/hl=pt\/?post_type=product&#038;p=4121"},"modified":"2025-07-07T18:07:22","modified_gmt":"2025-07-07T18:07:22","slug":"simatic-dp-cm-profibus-dp-para-modulo-cpu-et-200sp-com-profibus-dp","status":"publish","type":"product","link":"https:\/\/bhimportsexports.com\/hl=pt\/produto\/simatic-dp-cm-profibus-dp-para-modulo-cpu-et-200sp-com-profibus-dp\/","title":{"rendered":"SIMATIC DP, CM PROFIBUS DP para m\u00f3dulo CPU ET 200SP com PROFIBUS DP"},"content":{"rendered":"<table class=\"ProductDetailsTable\" aria-describedby=\"ProductDetailsGridView\">\n<tbody>\n<tr>\n<td class=\"productDetailsTable_DataLabel\">refer\u00eancia do produto<\/td>\n<td><span class=\"productIdentifier\">6ES7545-5DA00-0AB0<\/span><\/td>\n<\/tr>\n<tr>\n<td class=\"productDetailsTable_DataLabel\">descri\u00e7\u00e3o do produto<\/td>\n<td>SIMATIC DP, CM PROFIBUS DP for ET 200SP CPU module with PROFIBUS DP interface (9-pole D-sub socket) DP master for 125 DP slaves DP slave,<\/td>\n<\/tr>\n<tr>\n<td class=\"productDetailsTable_DataLabel\">dados da familia do produto<\/td>\n<td><a class=\"internalLinkMultiLines\" href=\"https:\/\/mall.industry.siemens.com\/mall\/pt\/pt\/Catalog\/Products\/10239941?activeTab=product\">CM DP for ET 200SP CPU<\/a><\/td>\n<\/tr>\n<tr class=\"ProdComparable\">\n<td class=\"productDetailsTable_DataLabel\">ciclo vida do produto(PLM)<\/td>\n<td>PM300:Active Product<\/td>\n<\/tr>\n<tr class=\"productDetailsTable_Header\">\n<td colspan=\"2\">dados pre\u00e7os<\/td>\n<\/tr>\n<tr class=\"ProdComparable\">\n<td class=\"productDetailsTable_DataLabel\">Grupo Desconto PT \/ grupo desconto HQ<\/td>\n<td>AS15 \/ 215<\/td>\n<\/tr>\n<tr class=\"ProdComparable\">\n<td class=\"productDetailsTable_DataLabel\">pre\u00e7o de venda p\u00fablico<\/td>\n<td id=\"DetailsGridListPriceCell\"><a class=\"internalLink\" href=\"https:\/\/mall.industry.siemens.com\/Shibboleth.sso\/Login?entityID=urn%3Asiemens-00090.eu.auth0.com&amp;target=https%3a%2f%2fmall.industry.siemens.com%2fmall%2fpt%2fpt%2fCatalog%2fProduct%2f6ES7545-5DA00-0AB0&amp;lang=pt&amp;app=MALL\">mostrar pre\u00e7os<\/a><\/td>\n<\/tr>\n<tr class=\"ProdComparable\">\n<td class=\"productDetailsTable_DataLabel\">pre\u00e7o l\u00edquido<\/td>\n<td id=\"DetailsGridCustomerPriceCell\"><a class=\"internalLink\" href=\"https:\/\/mall.industry.siemens.com\/Shibboleth.sso\/Login?entityID=urn%3Asiemens-00090.eu.auth0.com&amp;target=https%3a%2f%2fmall.industry.siemens.com%2fmall%2fpt%2fpt%2fCatalog%2fProduct%2f6ES7545-5DA00-0AB0&amp;lang=pt&amp;app=MALL\">mostrar pre\u00e7os<\/a><\/td>\n<\/tr>\n<tr class=\"ProdComparable\">\n<td class=\"productDetailsTable_DataLabel\">factor metais<\/td>\n<td>None<\/td>\n<\/tr>\n<tr class=\"productDetailsTable_Header\">\n<td colspan=\"2\">informa\u00e7\u00e3o de entrega<\/td>\n<\/tr>\n<tr class=\"ProdComparable\">\n<td class=\"productDetailsTable_DataLabel\">c\u00f3digos exporta\u00e7\u00e3o<\/td>\n<td>AL : N \/ ECCN : 9N9999<\/td>\n<\/tr>\n<tr>\n<td class=\"productDetailsTable_DataLabel\">tempo de entrega sem o tempo de transporte<\/td>\n<td>1 dia(s)<\/td>\n<\/tr>\n<tr class=\"ProdComparable\">\n<td class=\"productDetailsTable_DataLabel\">peso l\u00edquido (kg)<\/td>\n<td>0,105 Kg<\/td>\n<\/tr>\n<tr class=\"ProdComparable\">\n<td class=\"productDetailsTable_DataLabel\">dimens\u00e3o embalagem<\/td>\n<td>10,50 x 12,80 x 6,50<\/td>\n<\/tr>\n<tr class=\"ProdComparable\">\n<td class=\"productDetailsTable_DataLabel\">un medida do tamanho embalagem<\/td>\n<td>CM<\/td>\n<\/tr>\n<tr class=\"ProdComparable\">\n<td class=\"productDetailsTable_DataLabel\">un de quantidade<\/td>\n<td>1 un<\/td>\n<\/tr>\n<tr class=\"ProdComparable\">\n<td class=\"productDetailsTable_DataLabel\">quantidade da embalagem<\/td>\n<td>1<\/td>\n<\/tr>\n<tr class=\"productDetailsTable_Header\">\n<td colspan=\"2\">dados adicionais<\/td>\n<\/tr>\n<tr class=\"ProdComparable\">\n<td class=\"productDetailsTable_DataLabel\">EAN<\/td>\n<td>4047623404538<\/td>\n<\/tr>\n<tr class=\"ProdComparable\">\n<td class=\"productDetailsTable_DataLabel\">UPC<\/td>\n<td>887621836245<\/td>\n<\/tr>\n<tr class=\"ProdComparable\">\n<td class=\"productDetailsTable_DataLabel\">c\u00f3digo pautal<\/td>\n<td>85176200<\/td>\n<\/tr>\n<tr class=\"ProdComparable\">\n<td class=\"productDetailsTable_DataLabel\">Cat\u00e1logo<\/td>\n<td>ST76<\/td>\n<\/tr>\n<tr class=\"ProdComparable\">\n<td class=\"productDetailsTable_DataLabel\">PCK<\/td>\n<td>9034<\/td>\n<\/tr>\n<tr class=\"ProdComparable\">\n<td class=\"productDetailsTable_DataLabel\">Group Code<\/td>\n<td>R132<\/td>\n<\/tr>\n<tr class=\"ProdComparable\">\n<td class=\"productDetailsTable_DataLabel\">pa\u00eds de origem<\/td>\n<td>Alemanha<\/td>\n<\/tr>\n<tr class=\"ProdComparable\">\n<td class=\"productDetailsTable_DataLabel\">Compliance with the substance restrictions according to RoHS directive<\/td>\n<td>RoHS compliant since: 21.07.2014<\/td>\n<\/tr>\n<tr class=\"ProdComparable\">\n<td class=\"productDetailsTable_DataLabel\">classe do material<\/td>\n<td>A: problem-free, re-useable at short notice<\/td>\n<\/tr>\n<\/tbody>\n<\/table>\n","protected":false},"excerpt":{"rendered":"<p>PRE\u00c7O SOB CONSULTA<\/p>\n","protected":false},"featured_media":4122,"comment_status":"open","ping_status":"closed","template":"","meta":[],"product_brand":[],"product_cat":[1125],"product_tag":[],"class_list":{"0":"post-4121","1":"product","2":"type-product","3":"status-publish","4":"has-post-thumbnail","6":"product_cat-modulo","8":"first","9":"onbackorder","10":"shipping-taxable","11":"product-type-simple"},"yoast_head":"<!-- This site is optimized with the Yoast SEO plugin v27.4 - https:\/\/yoast.com\/product\/yoast-seo-wordpress\/ -->\n<title>SIMATIC DP, CM PROFIBUS DP para m\u00f3dulo CPU ET 200SP com PROFIBUS DP - BH IMPORTS &amp; EXPORTS<\/title>\n<meta name=\"robots\" content=\"index, follow, max-snippet:-1, max-image-preview:large, max-video-preview:-1\" \/>\n<link rel=\"canonical\" href=\"https:\/\/bhimportsexports.com\/hl=pt\/produto\/simatic-dp-cm-profibus-dp-para-modulo-cpu-et-200sp-com-profibus-dp\/\" \/>\n<meta property=\"og:locale\" content=\"pt_BR\" \/>\n<meta property=\"og:type\" content=\"article\" \/>\n<meta property=\"og:title\" content=\"SIMATIC DP, CM PROFIBUS DP para m\u00f3dulo CPU ET 200SP com PROFIBUS DP - BH IMPORTS &amp; EXPORTS\" \/>\n<meta property=\"og:description\" content=\"PRE\u00c7O SOB CONSULTA\" \/>\n<meta property=\"og:url\" content=\"https:\/\/bhimportsexports.com\/hl=pt\/produto\/simatic-dp-cm-profibus-dp-para-modulo-cpu-et-200sp-com-profibus-dp\/\" \/>\n<meta property=\"og:site_name\" content=\"BH IMPORTS &amp; EXPORTS\" \/>\n<meta property=\"og:image\" content=\"https:\/\/bhimportsexports.com\/wp-content\/uploads\/2025\/07\/P_ST70_XX_06762i.jpg\" \/>\n\t<meta property=\"og:image:width\" content=\"300\" \/>\n\t<meta property=\"og:image:height\" content=\"300\" \/>\n\t<meta property=\"og:image:type\" content=\"image\/jpeg\" \/>\n<meta name=\"twitter:card\" content=\"summary_large_image\" \/>\n<meta name=\"twitter:label1\" content=\"Est. tempo de leitura\" \/>\n\t<meta name=\"twitter:data1\" content=\"1 minuto\" \/>\n<script type=\"application\/ld+json\" class=\"yoast-schema-graph\">{\"@context\":\"https:\\\/\\\/schema.org\",\"@graph\":[{\"@type\":\"WebPage\",\"@id\":\"https:\\\/\\\/bhimportsexports.com\\\/hl=pt\\\/produto\\\/simatic-dp-cm-profibus-dp-para-modulo-cpu-et-200sp-com-profibus-dp\\\/\",\"url\":\"https:\\\/\\\/bhimportsexports.com\\\/hl=pt\\\/produto\\\/simatic-dp-cm-profibus-dp-para-modulo-cpu-et-200sp-com-profibus-dp\\\/\",\"name\":\"SIMATIC DP, CM PROFIBUS DP para m\u00f3dulo CPU ET 200SP com PROFIBUS DP - BH IMPORTS &amp; EXPORTS\",\"isPartOf\":{\"@id\":\"https:\\\/\\\/bhimportsexports.com\\\/hl=pt\\\/#website\"},\"primaryImageOfPage\":{\"@id\":\"https:\\\/\\\/bhimportsexports.com\\\/hl=pt\\\/produto\\\/simatic-dp-cm-profibus-dp-para-modulo-cpu-et-200sp-com-profibus-dp\\\/#primaryimage\"},\"image\":{\"@id\":\"https:\\\/\\\/bhimportsexports.com\\\/hl=pt\\\/produto\\\/simatic-dp-cm-profibus-dp-para-modulo-cpu-et-200sp-com-profibus-dp\\\/#primaryimage\"},\"thumbnailUrl\":\"https:\\\/\\\/bhimportsexports.com\\\/wp-content\\\/uploads\\\/2025\\\/07\\\/P_ST70_XX_06762i.jpg\",\"datePublished\":\"2025-07-07T18:07:22+00:00\",\"breadcrumb\":{\"@id\":\"https:\\\/\\\/bhimportsexports.com\\\/hl=pt\\\/produto\\\/simatic-dp-cm-profibus-dp-para-modulo-cpu-et-200sp-com-profibus-dp\\\/#breadcrumb\"},\"inLanguage\":\"pt-BR\",\"potentialAction\":[{\"@type\":\"ReadAction\",\"target\":[\"https:\\\/\\\/bhimportsexports.com\\\/hl=pt\\\/produto\\\/simatic-dp-cm-profibus-dp-para-modulo-cpu-et-200sp-com-profibus-dp\\\/\"]}]},{\"@type\":\"ImageObject\",\"inLanguage\":\"pt-BR\",\"@id\":\"https:\\\/\\\/bhimportsexports.com\\\/hl=pt\\\/produto\\\/simatic-dp-cm-profibus-dp-para-modulo-cpu-et-200sp-com-profibus-dp\\\/#primaryimage\",\"url\":\"https:\\\/\\\/bhimportsexports.com\\\/wp-content\\\/uploads\\\/2025\\\/07\\\/P_ST70_XX_06762i.jpg\",\"contentUrl\":\"https:\\\/\\\/bhimportsexports.com\\\/wp-content\\\/uploads\\\/2025\\\/07\\\/P_ST70_XX_06762i.jpg\",\"width\":300,\"height\":300},{\"@type\":\"BreadcrumbList\",\"@id\":\"https:\\\/\\\/bhimportsexports.com\\\/hl=pt\\\/produto\\\/simatic-dp-cm-profibus-dp-para-modulo-cpu-et-200sp-com-profibus-dp\\\/#breadcrumb\",\"itemListElement\":[{\"@type\":\"ListItem\",\"position\":1,\"name\":\"In\u00edcio\",\"item\":\"https:\\\/\\\/bhimportsexports.com\\\/hl=pt\\\/\"},{\"@type\":\"ListItem\",\"position\":2,\"name\":\"Loja\",\"item\":\"https:\\\/\\\/bhimportsexports.com\\\/hl=pt\\\/loja\\\/\"},{\"@type\":\"ListItem\",\"position\":3,\"name\":\"SIMATIC DP, CM PROFIBUS DP para m\u00f3dulo CPU ET 200SP com PROFIBUS DP\"}]},{\"@type\":\"WebSite\",\"@id\":\"https:\\\/\\\/bhimportsexports.com\\\/hl=pt\\\/#website\",\"url\":\"https:\\\/\\\/bhimportsexports.com\\\/hl=pt\\\/\",\"name\":\"BH IMPORTS & EXPORTS\",\"description\":\"Innovation and excellence in international trade. Import, export, consultancy and sourcing.\",\"publisher\":{\"@id\":\"https:\\\/\\\/bhimportsexports.com\\\/hl=pt\\\/#organization\"},\"potentialAction\":[{\"@type\":\"SearchAction\",\"target\":{\"@type\":\"EntryPoint\",\"urlTemplate\":\"https:\\\/\\\/bhimportsexports.com\\\/hl=pt\\\/?s={search_term_string}\"},\"query-input\":{\"@type\":\"PropertyValueSpecification\",\"valueRequired\":true,\"valueName\":\"search_term_string\"}}],\"inLanguage\":\"pt-BR\"},{\"@type\":\"Organization\",\"@id\":\"https:\\\/\\\/bhimportsexports.com\\\/hl=pt\\\/#organization\",\"name\":\"BH IMPORTS & EXPORTS\",\"url\":\"https:\\\/\\\/bhimportsexports.com\\\/hl=pt\\\/\",\"logo\":{\"@type\":\"ImageObject\",\"inLanguage\":\"pt-BR\",\"@id\":\"https:\\\/\\\/bhimportsexports.com\\\/hl=pt\\\/#\\\/schema\\\/logo\\\/image\\\/\",\"url\":\"https:\\\/\\\/bhimportsexports.com\\\/wp-content\\\/uploads\\\/2024\\\/09\\\/BH-IMPORTS.png\",\"contentUrl\":\"https:\\\/\\\/bhimportsexports.com\\\/wp-content\\\/uploads\\\/2024\\\/09\\\/BH-IMPORTS.png\",\"width\":300,\"height\":200,\"caption\":\"BH IMPORTS & EXPORTS\"},\"image\":{\"@id\":\"https:\\\/\\\/bhimportsexports.com\\\/hl=pt\\\/#\\\/schema\\\/logo\\\/image\\\/\"}}]}<\/script>\n<!-- \/ Yoast SEO plugin. -->","yoast_head_json":{"title":"SIMATIC DP, CM PROFIBUS DP para m\u00f3dulo CPU ET 200SP com PROFIBUS DP - BH IMPORTS &amp; EXPORTS","robots":{"index":"index","follow":"follow","max-snippet":"max-snippet:-1","max-image-preview":"max-image-preview:large","max-video-preview":"max-video-preview:-1"},"canonical":"https:\/\/bhimportsexports.com\/hl=pt\/produto\/simatic-dp-cm-profibus-dp-para-modulo-cpu-et-200sp-com-profibus-dp\/","og_locale":"pt_BR","og_type":"article","og_title":"SIMATIC DP, CM PROFIBUS DP para m\u00f3dulo CPU ET 200SP com PROFIBUS DP - BH IMPORTS &amp; EXPORTS","og_description":"PRE\u00c7O SOB CONSULTA","og_url":"https:\/\/bhimportsexports.com\/hl=pt\/produto\/simatic-dp-cm-profibus-dp-para-modulo-cpu-et-200sp-com-profibus-dp\/","og_site_name":"BH IMPORTS &amp; EXPORTS","og_image":[{"width":300,"height":300,"url":"https:\/\/bhimportsexports.com\/wp-content\/uploads\/2025\/07\/P_ST70_XX_06762i.jpg","type":"image\/jpeg"}],"twitter_card":"summary_large_image","twitter_misc":{"Est. tempo de leitura":"1 minuto"},"schema":{"@context":"https:\/\/schema.org","@graph":[{"@type":"WebPage","@id":"https:\/\/bhimportsexports.com\/hl=pt\/produto\/simatic-dp-cm-profibus-dp-para-modulo-cpu-et-200sp-com-profibus-dp\/","url":"https:\/\/bhimportsexports.com\/hl=pt\/produto\/simatic-dp-cm-profibus-dp-para-modulo-cpu-et-200sp-com-profibus-dp\/","name":"SIMATIC DP, CM PROFIBUS DP para m\u00f3dulo CPU ET 200SP com PROFIBUS DP - BH IMPORTS &amp; EXPORTS","isPartOf":{"@id":"https:\/\/bhimportsexports.com\/hl=pt\/#website"},"primaryImageOfPage":{"@id":"https:\/\/bhimportsexports.com\/hl=pt\/produto\/simatic-dp-cm-profibus-dp-para-modulo-cpu-et-200sp-com-profibus-dp\/#primaryimage"},"image":{"@id":"https:\/\/bhimportsexports.com\/hl=pt\/produto\/simatic-dp-cm-profibus-dp-para-modulo-cpu-et-200sp-com-profibus-dp\/#primaryimage"},"thumbnailUrl":"https:\/\/bhimportsexports.com\/wp-content\/uploads\/2025\/07\/P_ST70_XX_06762i.jpg","datePublished":"2025-07-07T18:07:22+00:00","breadcrumb":{"@id":"https:\/\/bhimportsexports.com\/hl=pt\/produto\/simatic-dp-cm-profibus-dp-para-modulo-cpu-et-200sp-com-profibus-dp\/#breadcrumb"},"inLanguage":"pt-BR","potentialAction":[{"@type":"ReadAction","target":["https:\/\/bhimportsexports.com\/hl=pt\/produto\/simatic-dp-cm-profibus-dp-para-modulo-cpu-et-200sp-com-profibus-dp\/"]}]},{"@type":"ImageObject","inLanguage":"pt-BR","@id":"https:\/\/bhimportsexports.com\/hl=pt\/produto\/simatic-dp-cm-profibus-dp-para-modulo-cpu-et-200sp-com-profibus-dp\/#primaryimage","url":"https:\/\/bhimportsexports.com\/wp-content\/uploads\/2025\/07\/P_ST70_XX_06762i.jpg","contentUrl":"https:\/\/bhimportsexports.com\/wp-content\/uploads\/2025\/07\/P_ST70_XX_06762i.jpg","width":300,"height":300},{"@type":"BreadcrumbList","@id":"https:\/\/bhimportsexports.com\/hl=pt\/produto\/simatic-dp-cm-profibus-dp-para-modulo-cpu-et-200sp-com-profibus-dp\/#breadcrumb","itemListElement":[{"@type":"ListItem","position":1,"name":"In\u00edcio","item":"https:\/\/bhimportsexports.com\/hl=pt\/"},{"@type":"ListItem","position":2,"name":"Loja","item":"https:\/\/bhimportsexports.com\/hl=pt\/loja\/"},{"@type":"ListItem","position":3,"name":"SIMATIC DP, CM PROFIBUS DP para m\u00f3dulo CPU ET 200SP com PROFIBUS DP"}]},{"@type":"WebSite","@id":"https:\/\/bhimportsexports.com\/hl=pt\/#website","url":"https:\/\/bhimportsexports.com\/hl=pt\/","name":"BH IMPORTS & EXPORTS","description":"Innovation and excellence in international trade. Import, export, consultancy and sourcing.","publisher":{"@id":"https:\/\/bhimportsexports.com\/hl=pt\/#organization"},"potentialAction":[{"@type":"SearchAction","target":{"@type":"EntryPoint","urlTemplate":"https:\/\/bhimportsexports.com\/hl=pt\/?s={search_term_string}"},"query-input":{"@type":"PropertyValueSpecification","valueRequired":true,"valueName":"search_term_string"}}],"inLanguage":"pt-BR"},{"@type":"Organization","@id":"https:\/\/bhimportsexports.com\/hl=pt\/#organization","name":"BH IMPORTS & EXPORTS","url":"https:\/\/bhimportsexports.com\/hl=pt\/","logo":{"@type":"ImageObject","inLanguage":"pt-BR","@id":"https:\/\/bhimportsexports.com\/hl=pt\/#\/schema\/logo\/image\/","url":"https:\/\/bhimportsexports.com\/wp-content\/uploads\/2024\/09\/BH-IMPORTS.png","contentUrl":"https:\/\/bhimportsexports.com\/wp-content\/uploads\/2024\/09\/BH-IMPORTS.png","width":300,"height":200,"caption":"BH IMPORTS & EXPORTS"},"image":{"@id":"https:\/\/bhimportsexports.com\/hl=pt\/#\/schema\/logo\/image\/"}}]}},"_links":{"self":[{"href":"https:\/\/bhimportsexports.com\/hl=pt\/wp-json\/wp\/v2\/product\/4121","targetHints":{"allow":["GET"]}}],"collection":[{"href":"https:\/\/bhimportsexports.com\/hl=pt\/wp-json\/wp\/v2\/product"}],"about":[{"href":"https:\/\/bhimportsexports.com\/hl=pt\/wp-json\/wp\/v2\/types\/product"}],"replies":[{"embeddable":true,"href":"https:\/\/bhimportsexports.com\/hl=pt\/wp-json\/wp\/v2\/comments?post=4121"}],"wp:featuredmedia":[{"embeddable":true,"href":"https:\/\/bhimportsexports.com\/hl=pt\/wp-json\/wp\/v2\/media\/4122"}],"wp:attachment":[{"href":"https:\/\/bhimportsexports.com\/hl=pt\/wp-json\/wp\/v2\/media?parent=4121"}],"wp:term":[{"taxonomy":"product_brand","embeddable":true,"href":"https:\/\/bhimportsexports.com\/hl=pt\/wp-json\/wp\/v2\/product_brand?post=4121"},{"taxonomy":"product_cat","embeddable":true,"href":"https:\/\/bhimportsexports.com\/hl=pt\/wp-json\/wp\/v2\/product_cat?post=4121"},{"taxonomy":"product_tag","embeddable":true,"href":"https:\/\/bhimportsexports.com\/hl=pt\/wp-json\/wp\/v2\/product_tag?post=4121"}],"curies":[{"name":"wp","href":"https:\/\/api.w.org\/{rel}","templated":true}]}}