{"id":4109,"date":"2025-06-25T20:01:34","date_gmt":"2025-06-25T20:01:34","guid":{"rendered":"https:\/\/bhimportsexports.com\/hl=pt\/?post_type=product&#038;p=4109"},"modified":"2025-06-25T20:01:34","modified_gmt":"2025-06-25T20:01:34","slug":"chave-de-seguranca-allen-bradley-440e-l13043-e","status":"publish","type":"product","link":"https:\/\/bhimportsexports.com\/hl=pt\/produto\/chave-de-seguranca-allen-bradley-440e-l13043-e\/","title":{"rendered":"Chave De Seguran\u00e7a Allen-bradley 440e-l13043 E"},"content":{"rendered":"<p>Chave De Seguran\u00e7a ALLEN-BRADLEY 440E-L13043 E<\/p>\n<p>A Chave De Seguran\u00e7a ALLEN-BRADLEY 440E-L13043 E \u00e9 uma solu\u00e7\u00e3o de alta qualidade projetada para garantir a seguran\u00e7a em aplica\u00e7\u00f5es industriais e comerciais. Reconhecida por sua durabilidade e confiabilidade, esta chave \u00e9 fundamental para a prote\u00e7\u00e3o de m\u00e1quinas e equipamentos, garantindo que operem de forma segura e eficiente. Com a tecnologia de ponta da marca Allen-Bradley, voc\u00ea pode confiar na excel\u00eancia de um produto que atende \u00e0s mais rigorosas normas de seguran\u00e7a.<\/p>\n<p>Informa\u00e7\u00f5es t\u00e9cnicas:<br \/>\n&#8211; Tipo de chave: Chave de seguran\u00e7a<br \/>\n&#8211; Modelo: 440E-L13043 E<br \/>\n&#8211; Tens\u00e3o de opera\u00e7\u00e3o: 24V DC<br \/>\n&#8211; Corrente: 120v\/6a 240v\/3a 500v\/1,4a<br \/>\n&#8211; Grau de prote\u00e7\u00e3o: IP66<br \/>\n&#8211; N\u00famero de contatos: 1NA+3NF<br \/>\n&#8211; Conex\u00e3o: 1\/2 NPT<\/p>\n","protected":false},"excerpt":{"rendered":"<p>PRE\u00c7O SOB CONSULTA<\/p>\n","protected":false},"featured_media":4111,"comment_status":"open","ping_status":"closed","template":"","meta":[],"product_brand":[],"product_cat":[1175],"product_tag":[],"class_list":{"0":"post-4109","1":"product","2":"type-product","3":"status-publish","4":"has-post-thumbnail","6":"product_cat-chave-de-seguranca","8":"first","9":"onbackorder","10":"shipping-taxable","11":"product-type-simple"},"yoast_head":"<!-- This site is optimized with the Yoast SEO plugin v27.4 - https:\/\/yoast.com\/product\/yoast-seo-wordpress\/ -->\n<title>Chave De Seguran\u00e7a Allen-bradley 440e-l13043 E - BH IMPORTS &amp; EXPORTS<\/title>\n<meta name=\"robots\" content=\"index, follow, max-snippet:-1, max-image-preview:large, max-video-preview:-1\" \/>\n<link rel=\"canonical\" href=\"https:\/\/bhimportsexports.com\/hl=pt\/produto\/chave-de-seguranca-allen-bradley-440e-l13043-e\/\" \/>\n<meta property=\"og:locale\" content=\"pt_BR\" \/>\n<meta property=\"og:type\" content=\"article\" \/>\n<meta property=\"og:title\" content=\"Chave De Seguran\u00e7a Allen-bradley 440e-l13043 E - BH IMPORTS &amp; EXPORTS\" \/>\n<meta property=\"og:description\" content=\"PRE\u00c7O SOB CONSULTA\" \/>\n<meta property=\"og:url\" content=\"https:\/\/bhimportsexports.com\/hl=pt\/produto\/chave-de-seguranca-allen-bradley-440e-l13043-e\/\" \/>\n<meta property=\"og:site_name\" content=\"BH IMPORTS &amp; EXPORTS\" \/>\n<meta property=\"og:image\" content=\"https:\/\/bhimportsexports.com\/wp-content\/uploads\/2025\/06\/D_NQ_NP_960135-MLB82767606976_032025-O-chave-de-seguranca-allen-bradley-440e-l13043-e.webp\" \/>\n\t<meta property=\"og:image:width\" content=\"227\" \/>\n\t<meta property=\"og:image:height\" content=\"500\" \/>\n\t<meta property=\"og:image:type\" content=\"image\/webp\" \/>\n<meta name=\"twitter:card\" content=\"summary_large_image\" \/>\n<meta name=\"twitter:label1\" content=\"Est. tempo de leitura\" \/>\n\t<meta name=\"twitter:data1\" content=\"1 minuto\" \/>\n<script type=\"application\/ld+json\" class=\"yoast-schema-graph\">{\"@context\":\"https:\\\/\\\/schema.org\",\"@graph\":[{\"@type\":\"WebPage\",\"@id\":\"https:\\\/\\\/bhimportsexports.com\\\/hl=pt\\\/produto\\\/chave-de-seguranca-allen-bradley-440e-l13043-e\\\/\",\"url\":\"https:\\\/\\\/bhimportsexports.com\\\/hl=pt\\\/produto\\\/chave-de-seguranca-allen-bradley-440e-l13043-e\\\/\",\"name\":\"Chave De Seguran\u00e7a Allen-bradley 440e-l13043 E - BH IMPORTS &amp; EXPORTS\",\"isPartOf\":{\"@id\":\"https:\\\/\\\/bhimportsexports.com\\\/hl=pt\\\/#website\"},\"primaryImageOfPage\":{\"@id\":\"https:\\\/\\\/bhimportsexports.com\\\/hl=pt\\\/produto\\\/chave-de-seguranca-allen-bradley-440e-l13043-e\\\/#primaryimage\"},\"image\":{\"@id\":\"https:\\\/\\\/bhimportsexports.com\\\/hl=pt\\\/produto\\\/chave-de-seguranca-allen-bradley-440e-l13043-e\\\/#primaryimage\"},\"thumbnailUrl\":\"https:\\\/\\\/bhimportsexports.com\\\/wp-content\\\/uploads\\\/2025\\\/06\\\/D_NQ_NP_960135-MLB82767606976_032025-O-chave-de-seguranca-allen-bradley-440e-l13043-e.webp\",\"datePublished\":\"2025-06-25T20:01:34+00:00\",\"breadcrumb\":{\"@id\":\"https:\\\/\\\/bhimportsexports.com\\\/hl=pt\\\/produto\\\/chave-de-seguranca-allen-bradley-440e-l13043-e\\\/#breadcrumb\"},\"inLanguage\":\"pt-BR\",\"potentialAction\":[{\"@type\":\"ReadAction\",\"target\":[\"https:\\\/\\\/bhimportsexports.com\\\/hl=pt\\\/produto\\\/chave-de-seguranca-allen-bradley-440e-l13043-e\\\/\"]}]},{\"@type\":\"ImageObject\",\"inLanguage\":\"pt-BR\",\"@id\":\"https:\\\/\\\/bhimportsexports.com\\\/hl=pt\\\/produto\\\/chave-de-seguranca-allen-bradley-440e-l13043-e\\\/#primaryimage\",\"url\":\"https:\\\/\\\/bhimportsexports.com\\\/wp-content\\\/uploads\\\/2025\\\/06\\\/D_NQ_NP_960135-MLB82767606976_032025-O-chave-de-seguranca-allen-bradley-440e-l13043-e.webp\",\"contentUrl\":\"https:\\\/\\\/bhimportsexports.com\\\/wp-content\\\/uploads\\\/2025\\\/06\\\/D_NQ_NP_960135-MLB82767606976_032025-O-chave-de-seguranca-allen-bradley-440e-l13043-e.webp\",\"width\":227,\"height\":500},{\"@type\":\"BreadcrumbList\",\"@id\":\"https:\\\/\\\/bhimportsexports.com\\\/hl=pt\\\/produto\\\/chave-de-seguranca-allen-bradley-440e-l13043-e\\\/#breadcrumb\",\"itemListElement\":[{\"@type\":\"ListItem\",\"position\":1,\"name\":\"In\u00edcio\",\"item\":\"https:\\\/\\\/bhimportsexports.com\\\/hl=pt\\\/\"},{\"@type\":\"ListItem\",\"position\":2,\"name\":\"Loja\",\"item\":\"https:\\\/\\\/bhimportsexports.com\\\/hl=pt\\\/loja\\\/\"},{\"@type\":\"ListItem\",\"position\":3,\"name\":\"Chave De Seguran\u00e7a Allen-bradley 440e-l13043 E\"}]},{\"@type\":\"WebSite\",\"@id\":\"https:\\\/\\\/bhimportsexports.com\\\/hl=pt\\\/#website\",\"url\":\"https:\\\/\\\/bhimportsexports.com\\\/hl=pt\\\/\",\"name\":\"BH IMPORTS & EXPORTS\",\"description\":\"Innovation and excellence in international trade. Import, export, consultancy and sourcing.\",\"publisher\":{\"@id\":\"https:\\\/\\\/bhimportsexports.com\\\/hl=pt\\\/#organization\"},\"potentialAction\":[{\"@type\":\"SearchAction\",\"target\":{\"@type\":\"EntryPoint\",\"urlTemplate\":\"https:\\\/\\\/bhimportsexports.com\\\/hl=pt\\\/?s={search_term_string}\"},\"query-input\":{\"@type\":\"PropertyValueSpecification\",\"valueRequired\":true,\"valueName\":\"search_term_string\"}}],\"inLanguage\":\"pt-BR\"},{\"@type\":\"Organization\",\"@id\":\"https:\\\/\\\/bhimportsexports.com\\\/hl=pt\\\/#organization\",\"name\":\"BH IMPORTS & EXPORTS\",\"url\":\"https:\\\/\\\/bhimportsexports.com\\\/hl=pt\\\/\",\"logo\":{\"@type\":\"ImageObject\",\"inLanguage\":\"pt-BR\",\"@id\":\"https:\\\/\\\/bhimportsexports.com\\\/hl=pt\\\/#\\\/schema\\\/logo\\\/image\\\/\",\"url\":\"https:\\\/\\\/bhimportsexports.com\\\/wp-content\\\/uploads\\\/2024\\\/09\\\/BH-IMPORTS.png\",\"contentUrl\":\"https:\\\/\\\/bhimportsexports.com\\\/wp-content\\\/uploads\\\/2024\\\/09\\\/BH-IMPORTS.png\",\"width\":300,\"height\":200,\"caption\":\"BH IMPORTS & EXPORTS\"},\"image\":{\"@id\":\"https:\\\/\\\/bhimportsexports.com\\\/hl=pt\\\/#\\\/schema\\\/logo\\\/image\\\/\"}}]}<\/script>\n<!-- \/ Yoast SEO plugin. -->","yoast_head_json":{"title":"Chave De Seguran\u00e7a Allen-bradley 440e-l13043 E - BH IMPORTS &amp; EXPORTS","robots":{"index":"index","follow":"follow","max-snippet":"max-snippet:-1","max-image-preview":"max-image-preview:large","max-video-preview":"max-video-preview:-1"},"canonical":"https:\/\/bhimportsexports.com\/hl=pt\/produto\/chave-de-seguranca-allen-bradley-440e-l13043-e\/","og_locale":"pt_BR","og_type":"article","og_title":"Chave De Seguran\u00e7a Allen-bradley 440e-l13043 E - BH IMPORTS &amp; EXPORTS","og_description":"PRE\u00c7O SOB CONSULTA","og_url":"https:\/\/bhimportsexports.com\/hl=pt\/produto\/chave-de-seguranca-allen-bradley-440e-l13043-e\/","og_site_name":"BH IMPORTS &amp; EXPORTS","og_image":[{"width":227,"height":500,"url":"https:\/\/bhimportsexports.com\/wp-content\/uploads\/2025\/06\/D_NQ_NP_960135-MLB82767606976_032025-O-chave-de-seguranca-allen-bradley-440e-l13043-e.webp","type":"image\/webp"}],"twitter_card":"summary_large_image","twitter_misc":{"Est. tempo de leitura":"1 minuto"},"schema":{"@context":"https:\/\/schema.org","@graph":[{"@type":"WebPage","@id":"https:\/\/bhimportsexports.com\/hl=pt\/produto\/chave-de-seguranca-allen-bradley-440e-l13043-e\/","url":"https:\/\/bhimportsexports.com\/hl=pt\/produto\/chave-de-seguranca-allen-bradley-440e-l13043-e\/","name":"Chave De Seguran\u00e7a Allen-bradley 440e-l13043 E - BH IMPORTS &amp; EXPORTS","isPartOf":{"@id":"https:\/\/bhimportsexports.com\/hl=pt\/#website"},"primaryImageOfPage":{"@id":"https:\/\/bhimportsexports.com\/hl=pt\/produto\/chave-de-seguranca-allen-bradley-440e-l13043-e\/#primaryimage"},"image":{"@id":"https:\/\/bhimportsexports.com\/hl=pt\/produto\/chave-de-seguranca-allen-bradley-440e-l13043-e\/#primaryimage"},"thumbnailUrl":"https:\/\/bhimportsexports.com\/wp-content\/uploads\/2025\/06\/D_NQ_NP_960135-MLB82767606976_032025-O-chave-de-seguranca-allen-bradley-440e-l13043-e.webp","datePublished":"2025-06-25T20:01:34+00:00","breadcrumb":{"@id":"https:\/\/bhimportsexports.com\/hl=pt\/produto\/chave-de-seguranca-allen-bradley-440e-l13043-e\/#breadcrumb"},"inLanguage":"pt-BR","potentialAction":[{"@type":"ReadAction","target":["https:\/\/bhimportsexports.com\/hl=pt\/produto\/chave-de-seguranca-allen-bradley-440e-l13043-e\/"]}]},{"@type":"ImageObject","inLanguage":"pt-BR","@id":"https:\/\/bhimportsexports.com\/hl=pt\/produto\/chave-de-seguranca-allen-bradley-440e-l13043-e\/#primaryimage","url":"https:\/\/bhimportsexports.com\/wp-content\/uploads\/2025\/06\/D_NQ_NP_960135-MLB82767606976_032025-O-chave-de-seguranca-allen-bradley-440e-l13043-e.webp","contentUrl":"https:\/\/bhimportsexports.com\/wp-content\/uploads\/2025\/06\/D_NQ_NP_960135-MLB82767606976_032025-O-chave-de-seguranca-allen-bradley-440e-l13043-e.webp","width":227,"height":500},{"@type":"BreadcrumbList","@id":"https:\/\/bhimportsexports.com\/hl=pt\/produto\/chave-de-seguranca-allen-bradley-440e-l13043-e\/#breadcrumb","itemListElement":[{"@type":"ListItem","position":1,"name":"In\u00edcio","item":"https:\/\/bhimportsexports.com\/hl=pt\/"},{"@type":"ListItem","position":2,"name":"Loja","item":"https:\/\/bhimportsexports.com\/hl=pt\/loja\/"},{"@type":"ListItem","position":3,"name":"Chave De Seguran\u00e7a Allen-bradley 440e-l13043 E"}]},{"@type":"WebSite","@id":"https:\/\/bhimportsexports.com\/hl=pt\/#website","url":"https:\/\/bhimportsexports.com\/hl=pt\/","name":"BH IMPORTS & EXPORTS","description":"Innovation and excellence in international trade. Import, export, consultancy and sourcing.","publisher":{"@id":"https:\/\/bhimportsexports.com\/hl=pt\/#organization"},"potentialAction":[{"@type":"SearchAction","target":{"@type":"EntryPoint","urlTemplate":"https:\/\/bhimportsexports.com\/hl=pt\/?s={search_term_string}"},"query-input":{"@type":"PropertyValueSpecification","valueRequired":true,"valueName":"search_term_string"}}],"inLanguage":"pt-BR"},{"@type":"Organization","@id":"https:\/\/bhimportsexports.com\/hl=pt\/#organization","name":"BH IMPORTS & EXPORTS","url":"https:\/\/bhimportsexports.com\/hl=pt\/","logo":{"@type":"ImageObject","inLanguage":"pt-BR","@id":"https:\/\/bhimportsexports.com\/hl=pt\/#\/schema\/logo\/image\/","url":"https:\/\/bhimportsexports.com\/wp-content\/uploads\/2024\/09\/BH-IMPORTS.png","contentUrl":"https:\/\/bhimportsexports.com\/wp-content\/uploads\/2024\/09\/BH-IMPORTS.png","width":300,"height":200,"caption":"BH IMPORTS & EXPORTS"},"image":{"@id":"https:\/\/bhimportsexports.com\/hl=pt\/#\/schema\/logo\/image\/"}}]}},"_links":{"self":[{"href":"https:\/\/bhimportsexports.com\/hl=pt\/wp-json\/wp\/v2\/product\/4109","targetHints":{"allow":["GET"]}}],"collection":[{"href":"https:\/\/bhimportsexports.com\/hl=pt\/wp-json\/wp\/v2\/product"}],"about":[{"href":"https:\/\/bhimportsexports.com\/hl=pt\/wp-json\/wp\/v2\/types\/product"}],"replies":[{"embeddable":true,"href":"https:\/\/bhimportsexports.com\/hl=pt\/wp-json\/wp\/v2\/comments?post=4109"}],"wp:featuredmedia":[{"embeddable":true,"href":"https:\/\/bhimportsexports.com\/hl=pt\/wp-json\/wp\/v2\/media\/4111"}],"wp:attachment":[{"href":"https:\/\/bhimportsexports.com\/hl=pt\/wp-json\/wp\/v2\/media?parent=4109"}],"wp:term":[{"taxonomy":"product_brand","embeddable":true,"href":"https:\/\/bhimportsexports.com\/hl=pt\/wp-json\/wp\/v2\/product_brand?post=4109"},{"taxonomy":"product_cat","embeddable":true,"href":"https:\/\/bhimportsexports.com\/hl=pt\/wp-json\/wp\/v2\/product_cat?post=4109"},{"taxonomy":"product_tag","embeddable":true,"href":"https:\/\/bhimportsexports.com\/hl=pt\/wp-json\/wp\/v2\/product_tag?post=4109"}],"curies":[{"name":"wp","href":"https:\/\/api.w.org\/{rel}","templated":true}]}}