{"id":4096,"date":"2025-06-25T00:24:30","date_gmt":"2025-06-25T00:24:30","guid":{"rendered":"https:\/\/bhimportsexports.com\/hl=pt\/?post_type=product&#038;p=4096"},"modified":"2025-06-25T00:24:30","modified_gmt":"2025-06-25T00:24:30","slug":"1762-if2of2-cartao-entrada-saida-analogico-clp-allen-bradley","status":"publish","type":"product","link":"https:\/\/bhimportsexports.com\/hl=pt\/produto\/1762-if2of2-cartao-entrada-saida-analogico-clp-allen-bradley\/","title":{"rendered":"1762-if2of2 Cart\u00e3o Entrada Sa\u00edda Anal\u00f3gico Clp Allen-bradley"},"content":{"rendered":"<p>1762-IF2OF2 Cart\u00e3o Entrada Sa\u00edda Anal\u00f3gico Clp Allen-bradley<\/p>\n<p>O que voc\u00ea precisa saber:<\/p>\n<p>O produto \u00e9 original e novo, as fotos s\u00e3o reais do produto, n\u00f3s que fotografamos e aplicamos fundo branco.<br \/>\nEmitimos nota fiscal.<br \/>\nDamos garantia de 90 dias conforme regras do CDC.<br \/>\nPrazo de entrega e frete s\u00e3o informados somente ao consumidor no an\u00fancio, basta informar seu CEP.<\/p>\n<p>Informa\u00e7\u00f5es sobre o produto:<\/p>\n<p>M\u00f3dulo Combo Anal\u00f3gico de 4 Canais<\/p>\n<p>Resolu\u00e7\u00e3o das entradas anal\u00f3gicas 12 bits<br \/>\nentrada, corrente Sim<br \/>\nEntrada, tens\u00e3o Sim<br \/>\nEntrada, resistor No<br \/>\nEntrada, term\u00f4metro de resist\u00eancia No<br \/>\nEntrada, termopar No<br \/>\nSinal de entrada, configur\u00e1vel Sim<br \/>\nCorrente de sa\u00edda Sim<br \/>\nVoltagem de sa\u00edda Sim<br \/>\nSinal de sa\u00edda configur\u00e1vel Sim<br \/>\nEntradas anal\u00f3gicas configur\u00e1veis Sim<br \/>\nSa\u00eddas anal\u00f3gicas configur\u00e1veis Sim<br \/>\nTipo de conex\u00e3o el\u00e9trica conex\u00e3o de parafuso<br \/>\nExplos\u00e3o transit\u00f3ria r\u00e1pida IEC1000-4-4: 2kV, 5kHz<br \/>\nImunidade conduzida IEC 1000-4-6: 10 V, 0,15&#8230;80 MHz<br \/>\nimunidade irradiada IEC1000-4-3: 10 V\/m, 80&#8230;1.000 MHz, modula\u00e7\u00e3o de amplitude de 80%, portadora chaveada de +900 MHz<br \/>\nAdequado para fun\u00e7\u00f5es de seguran\u00e7a No<br \/>\nImunidade a surtos IEC1000-4-5: pistola galv\u00e2nica de 1kV<br \/>\nLED de energia do m\u00f3dulo Ligado: indica que a energia est\u00e1 aplicada<\/p>\n<p>Temperatura de opera\u00e7\u00e3o -20\u00b0C<br \/>\nimunidade ESD EN 61000-4-2, contato de 4 kV, ar de 8 kV, indireto de 4 kV<br \/>\nAltitude de Opera\u00e7\u00e3o 2000 m<br \/>\nTemperatura de armazenamento -40\u00b0C<br \/>\nUmidade operacional 5&#8230;95% sem condensa\u00e7\u00e3o<\/p>\n<p>Marca: Allen Bradley<br \/>\nFeito em: Mal\u00e1sia<br \/>\nModelo: 1762-IF2OF2<br \/>\nTamanho: 9 comprimento x 8,5 altura x 4 largura em cm<br \/>\nPeso: 118 gramas<\/p>\n","protected":false},"excerpt":{"rendered":"<p>1762-IF2OF2 Cart\u00e3o Entrada Sa\u00edda Anal\u00f3gico Clp Allen-bradley O que voc\u00ea precisa saber: O produto \u00e9 original e novo, as fotos s\u00e3o reais do produto, n\u00f3s que fotografamos e aplicamos fundo branco. Emitimos nota fiscal. Damos garantia de 90 dias conforme regras do CDC. Prazo de entrega e frete s\u00e3o informados somente ao consumidor no an\u00fancio, [&hellip;]<\/p>\n","protected":false},"featured_media":4097,"comment_status":"open","ping_status":"closed","template":"","meta":[],"product_brand":[],"product_cat":[1125],"product_tag":[],"class_list":{"0":"post-4096","1":"product","2":"type-product","3":"status-publish","4":"has-post-thumbnail","6":"product_cat-modulo","8":"first","9":"onbackorder","10":"shipping-taxable","11":"product-type-simple"},"yoast_head":"<!-- This site is optimized with the Yoast SEO plugin v27.4 - https:\/\/yoast.com\/product\/yoast-seo-wordpress\/ -->\n<title>1762-if2of2 Cart\u00e3o Entrada Sa\u00edda Anal\u00f3gico Clp Allen-bradley - BH IMPORTS &amp; EXPORTS<\/title>\n<meta name=\"robots\" content=\"index, follow, max-snippet:-1, max-image-preview:large, max-video-preview:-1\" \/>\n<link rel=\"canonical\" href=\"https:\/\/bhimportsexports.com\/hl=pt\/produto\/1762-if2of2-cartao-entrada-saida-analogico-clp-allen-bradley\/\" \/>\n<meta property=\"og:locale\" content=\"pt_BR\" \/>\n<meta property=\"og:type\" content=\"article\" \/>\n<meta property=\"og:title\" content=\"1762-if2of2 Cart\u00e3o Entrada Sa\u00edda Anal\u00f3gico Clp Allen-bradley - BH IMPORTS &amp; EXPORTS\" \/>\n<meta property=\"og:description\" content=\"1762-IF2OF2 Cart\u00e3o Entrada Sa\u00edda Anal\u00f3gico Clp Allen-bradley O que voc\u00ea precisa saber: O produto \u00e9 original e novo, as fotos s\u00e3o reais do produto, n\u00f3s que fotografamos e aplicamos fundo branco. Emitimos nota fiscal. Damos garantia de 90 dias conforme regras do CDC. Prazo de entrega e frete s\u00e3o informados somente ao consumidor no an\u00fancio, [&hellip;]\" \/>\n<meta property=\"og:url\" content=\"https:\/\/bhimportsexports.com\/hl=pt\/produto\/1762-if2of2-cartao-entrada-saida-analogico-clp-allen-bradley\/\" \/>\n<meta property=\"og:site_name\" content=\"BH IMPORTS &amp; EXPORTS\" \/>\n<meta property=\"og:image\" content=\"https:\/\/bhimportsexports.com\/wp-content\/uploads\/2025\/06\/cartao-allen.webp\" \/>\n\t<meta property=\"og:image:width\" content=\"363\" \/>\n\t<meta property=\"og:image:height\" content=\"500\" \/>\n\t<meta property=\"og:image:type\" content=\"image\/webp\" \/>\n<meta name=\"twitter:card\" content=\"summary_large_image\" \/>\n<meta name=\"twitter:label1\" content=\"Est. tempo de leitura\" \/>\n\t<meta name=\"twitter:data1\" content=\"1 minuto\" \/>\n<script type=\"application\/ld+json\" class=\"yoast-schema-graph\">{\"@context\":\"https:\\\/\\\/schema.org\",\"@graph\":[{\"@type\":\"WebPage\",\"@id\":\"https:\\\/\\\/bhimportsexports.com\\\/hl=pt\\\/produto\\\/1762-if2of2-cartao-entrada-saida-analogico-clp-allen-bradley\\\/\",\"url\":\"https:\\\/\\\/bhimportsexports.com\\\/hl=pt\\\/produto\\\/1762-if2of2-cartao-entrada-saida-analogico-clp-allen-bradley\\\/\",\"name\":\"1762-if2of2 Cart\u00e3o Entrada Sa\u00edda Anal\u00f3gico Clp Allen-bradley - BH IMPORTS &amp; EXPORTS\",\"isPartOf\":{\"@id\":\"https:\\\/\\\/bhimportsexports.com\\\/hl=pt\\\/#website\"},\"primaryImageOfPage\":{\"@id\":\"https:\\\/\\\/bhimportsexports.com\\\/hl=pt\\\/produto\\\/1762-if2of2-cartao-entrada-saida-analogico-clp-allen-bradley\\\/#primaryimage\"},\"image\":{\"@id\":\"https:\\\/\\\/bhimportsexports.com\\\/hl=pt\\\/produto\\\/1762-if2of2-cartao-entrada-saida-analogico-clp-allen-bradley\\\/#primaryimage\"},\"thumbnailUrl\":\"https:\\\/\\\/bhimportsexports.com\\\/wp-content\\\/uploads\\\/2025\\\/06\\\/cartao-allen.webp\",\"datePublished\":\"2025-06-25T00:24:30+00:00\",\"breadcrumb\":{\"@id\":\"https:\\\/\\\/bhimportsexports.com\\\/hl=pt\\\/produto\\\/1762-if2of2-cartao-entrada-saida-analogico-clp-allen-bradley\\\/#breadcrumb\"},\"inLanguage\":\"pt-BR\",\"potentialAction\":[{\"@type\":\"ReadAction\",\"target\":[\"https:\\\/\\\/bhimportsexports.com\\\/hl=pt\\\/produto\\\/1762-if2of2-cartao-entrada-saida-analogico-clp-allen-bradley\\\/\"]}]},{\"@type\":\"ImageObject\",\"inLanguage\":\"pt-BR\",\"@id\":\"https:\\\/\\\/bhimportsexports.com\\\/hl=pt\\\/produto\\\/1762-if2of2-cartao-entrada-saida-analogico-clp-allen-bradley\\\/#primaryimage\",\"url\":\"https:\\\/\\\/bhimportsexports.com\\\/wp-content\\\/uploads\\\/2025\\\/06\\\/cartao-allen.webp\",\"contentUrl\":\"https:\\\/\\\/bhimportsexports.com\\\/wp-content\\\/uploads\\\/2025\\\/06\\\/cartao-allen.webp\",\"width\":363,\"height\":500},{\"@type\":\"BreadcrumbList\",\"@id\":\"https:\\\/\\\/bhimportsexports.com\\\/hl=pt\\\/produto\\\/1762-if2of2-cartao-entrada-saida-analogico-clp-allen-bradley\\\/#breadcrumb\",\"itemListElement\":[{\"@type\":\"ListItem\",\"position\":1,\"name\":\"In\u00edcio\",\"item\":\"https:\\\/\\\/bhimportsexports.com\\\/hl=pt\\\/\"},{\"@type\":\"ListItem\",\"position\":2,\"name\":\"Loja\",\"item\":\"https:\\\/\\\/bhimportsexports.com\\\/hl=pt\\\/loja\\\/\"},{\"@type\":\"ListItem\",\"position\":3,\"name\":\"1762-if2of2 Cart\u00e3o Entrada Sa\u00edda Anal\u00f3gico Clp Allen-bradley\"}]},{\"@type\":\"WebSite\",\"@id\":\"https:\\\/\\\/bhimportsexports.com\\\/hl=pt\\\/#website\",\"url\":\"https:\\\/\\\/bhimportsexports.com\\\/hl=pt\\\/\",\"name\":\"BH IMPORTS & EXPORTS\",\"description\":\"Innovation and excellence in international trade. Import, export, consultancy and sourcing.\",\"publisher\":{\"@id\":\"https:\\\/\\\/bhimportsexports.com\\\/hl=pt\\\/#organization\"},\"potentialAction\":[{\"@type\":\"SearchAction\",\"target\":{\"@type\":\"EntryPoint\",\"urlTemplate\":\"https:\\\/\\\/bhimportsexports.com\\\/hl=pt\\\/?s={search_term_string}\"},\"query-input\":{\"@type\":\"PropertyValueSpecification\",\"valueRequired\":true,\"valueName\":\"search_term_string\"}}],\"inLanguage\":\"pt-BR\"},{\"@type\":\"Organization\",\"@id\":\"https:\\\/\\\/bhimportsexports.com\\\/hl=pt\\\/#organization\",\"name\":\"BH IMPORTS & EXPORTS\",\"url\":\"https:\\\/\\\/bhimportsexports.com\\\/hl=pt\\\/\",\"logo\":{\"@type\":\"ImageObject\",\"inLanguage\":\"pt-BR\",\"@id\":\"https:\\\/\\\/bhimportsexports.com\\\/hl=pt\\\/#\\\/schema\\\/logo\\\/image\\\/\",\"url\":\"https:\\\/\\\/bhimportsexports.com\\\/wp-content\\\/uploads\\\/2024\\\/09\\\/BH-IMPORTS.png\",\"contentUrl\":\"https:\\\/\\\/bhimportsexports.com\\\/wp-content\\\/uploads\\\/2024\\\/09\\\/BH-IMPORTS.png\",\"width\":300,\"height\":200,\"caption\":\"BH IMPORTS & EXPORTS\"},\"image\":{\"@id\":\"https:\\\/\\\/bhimportsexports.com\\\/hl=pt\\\/#\\\/schema\\\/logo\\\/image\\\/\"}}]}<\/script>\n<!-- \/ Yoast SEO plugin. -->","yoast_head_json":{"title":"1762-if2of2 Cart\u00e3o Entrada Sa\u00edda Anal\u00f3gico Clp Allen-bradley - BH IMPORTS &amp; EXPORTS","robots":{"index":"index","follow":"follow","max-snippet":"max-snippet:-1","max-image-preview":"max-image-preview:large","max-video-preview":"max-video-preview:-1"},"canonical":"https:\/\/bhimportsexports.com\/hl=pt\/produto\/1762-if2of2-cartao-entrada-saida-analogico-clp-allen-bradley\/","og_locale":"pt_BR","og_type":"article","og_title":"1762-if2of2 Cart\u00e3o Entrada Sa\u00edda Anal\u00f3gico Clp Allen-bradley - BH IMPORTS &amp; EXPORTS","og_description":"1762-IF2OF2 Cart\u00e3o Entrada Sa\u00edda Anal\u00f3gico Clp Allen-bradley O que voc\u00ea precisa saber: O produto \u00e9 original e novo, as fotos s\u00e3o reais do produto, n\u00f3s que fotografamos e aplicamos fundo branco. Emitimos nota fiscal. Damos garantia de 90 dias conforme regras do CDC. Prazo de entrega e frete s\u00e3o informados somente ao consumidor no an\u00fancio, [&hellip;]","og_url":"https:\/\/bhimportsexports.com\/hl=pt\/produto\/1762-if2of2-cartao-entrada-saida-analogico-clp-allen-bradley\/","og_site_name":"BH IMPORTS &amp; EXPORTS","og_image":[{"width":363,"height":500,"url":"https:\/\/bhimportsexports.com\/wp-content\/uploads\/2025\/06\/cartao-allen.webp","type":"image\/webp"}],"twitter_card":"summary_large_image","twitter_misc":{"Est. tempo de leitura":"1 minuto"},"schema":{"@context":"https:\/\/schema.org","@graph":[{"@type":"WebPage","@id":"https:\/\/bhimportsexports.com\/hl=pt\/produto\/1762-if2of2-cartao-entrada-saida-analogico-clp-allen-bradley\/","url":"https:\/\/bhimportsexports.com\/hl=pt\/produto\/1762-if2of2-cartao-entrada-saida-analogico-clp-allen-bradley\/","name":"1762-if2of2 Cart\u00e3o Entrada Sa\u00edda Anal\u00f3gico Clp Allen-bradley - BH IMPORTS &amp; EXPORTS","isPartOf":{"@id":"https:\/\/bhimportsexports.com\/hl=pt\/#website"},"primaryImageOfPage":{"@id":"https:\/\/bhimportsexports.com\/hl=pt\/produto\/1762-if2of2-cartao-entrada-saida-analogico-clp-allen-bradley\/#primaryimage"},"image":{"@id":"https:\/\/bhimportsexports.com\/hl=pt\/produto\/1762-if2of2-cartao-entrada-saida-analogico-clp-allen-bradley\/#primaryimage"},"thumbnailUrl":"https:\/\/bhimportsexports.com\/wp-content\/uploads\/2025\/06\/cartao-allen.webp","datePublished":"2025-06-25T00:24:30+00:00","breadcrumb":{"@id":"https:\/\/bhimportsexports.com\/hl=pt\/produto\/1762-if2of2-cartao-entrada-saida-analogico-clp-allen-bradley\/#breadcrumb"},"inLanguage":"pt-BR","potentialAction":[{"@type":"ReadAction","target":["https:\/\/bhimportsexports.com\/hl=pt\/produto\/1762-if2of2-cartao-entrada-saida-analogico-clp-allen-bradley\/"]}]},{"@type":"ImageObject","inLanguage":"pt-BR","@id":"https:\/\/bhimportsexports.com\/hl=pt\/produto\/1762-if2of2-cartao-entrada-saida-analogico-clp-allen-bradley\/#primaryimage","url":"https:\/\/bhimportsexports.com\/wp-content\/uploads\/2025\/06\/cartao-allen.webp","contentUrl":"https:\/\/bhimportsexports.com\/wp-content\/uploads\/2025\/06\/cartao-allen.webp","width":363,"height":500},{"@type":"BreadcrumbList","@id":"https:\/\/bhimportsexports.com\/hl=pt\/produto\/1762-if2of2-cartao-entrada-saida-analogico-clp-allen-bradley\/#breadcrumb","itemListElement":[{"@type":"ListItem","position":1,"name":"In\u00edcio","item":"https:\/\/bhimportsexports.com\/hl=pt\/"},{"@type":"ListItem","position":2,"name":"Loja","item":"https:\/\/bhimportsexports.com\/hl=pt\/loja\/"},{"@type":"ListItem","position":3,"name":"1762-if2of2 Cart\u00e3o Entrada Sa\u00edda Anal\u00f3gico Clp Allen-bradley"}]},{"@type":"WebSite","@id":"https:\/\/bhimportsexports.com\/hl=pt\/#website","url":"https:\/\/bhimportsexports.com\/hl=pt\/","name":"BH IMPORTS & EXPORTS","description":"Innovation and excellence in international trade. Import, export, consultancy and sourcing.","publisher":{"@id":"https:\/\/bhimportsexports.com\/hl=pt\/#organization"},"potentialAction":[{"@type":"SearchAction","target":{"@type":"EntryPoint","urlTemplate":"https:\/\/bhimportsexports.com\/hl=pt\/?s={search_term_string}"},"query-input":{"@type":"PropertyValueSpecification","valueRequired":true,"valueName":"search_term_string"}}],"inLanguage":"pt-BR"},{"@type":"Organization","@id":"https:\/\/bhimportsexports.com\/hl=pt\/#organization","name":"BH IMPORTS & EXPORTS","url":"https:\/\/bhimportsexports.com\/hl=pt\/","logo":{"@type":"ImageObject","inLanguage":"pt-BR","@id":"https:\/\/bhimportsexports.com\/hl=pt\/#\/schema\/logo\/image\/","url":"https:\/\/bhimportsexports.com\/wp-content\/uploads\/2024\/09\/BH-IMPORTS.png","contentUrl":"https:\/\/bhimportsexports.com\/wp-content\/uploads\/2024\/09\/BH-IMPORTS.png","width":300,"height":200,"caption":"BH IMPORTS & EXPORTS"},"image":{"@id":"https:\/\/bhimportsexports.com\/hl=pt\/#\/schema\/logo\/image\/"}}]}},"_links":{"self":[{"href":"https:\/\/bhimportsexports.com\/hl=pt\/wp-json\/wp\/v2\/product\/4096","targetHints":{"allow":["GET"]}}],"collection":[{"href":"https:\/\/bhimportsexports.com\/hl=pt\/wp-json\/wp\/v2\/product"}],"about":[{"href":"https:\/\/bhimportsexports.com\/hl=pt\/wp-json\/wp\/v2\/types\/product"}],"replies":[{"embeddable":true,"href":"https:\/\/bhimportsexports.com\/hl=pt\/wp-json\/wp\/v2\/comments?post=4096"}],"wp:featuredmedia":[{"embeddable":true,"href":"https:\/\/bhimportsexports.com\/hl=pt\/wp-json\/wp\/v2\/media\/4097"}],"wp:attachment":[{"href":"https:\/\/bhimportsexports.com\/hl=pt\/wp-json\/wp\/v2\/media?parent=4096"}],"wp:term":[{"taxonomy":"product_brand","embeddable":true,"href":"https:\/\/bhimportsexports.com\/hl=pt\/wp-json\/wp\/v2\/product_brand?post=4096"},{"taxonomy":"product_cat","embeddable":true,"href":"https:\/\/bhimportsexports.com\/hl=pt\/wp-json\/wp\/v2\/product_cat?post=4096"},{"taxonomy":"product_tag","embeddable":true,"href":"https:\/\/bhimportsexports.com\/hl=pt\/wp-json\/wp\/v2\/product_tag?post=4096"}],"curies":[{"name":"wp","href":"https:\/\/api.w.org\/{rel}","templated":true}]}}