{"id":4088,"date":"2025-06-24T03:20:28","date_gmt":"2025-06-24T03:20:28","guid":{"rendered":"https:\/\/bhimportsexports.com\/hl=pt\/?post_type=product&#038;p=4088"},"modified":"2025-06-24T03:20:28","modified_gmt":"2025-06-24T03:20:28","slug":"placa-de-controle-industrial-plc-32-entradas-24-saidas-de-al","status":"publish","type":"product","link":"https:\/\/bhimportsexports.com\/hl=pt\/produto\/placa-de-controle-industrial-plc-32-entradas-24-saidas-de-al\/","title":{"rendered":"Placa De Controle Industrial Plc 32 Entradas 24 Sa\u00eddas De Al"},"content":{"rendered":"<p>Placa de controle industrial PLC 32 entradas 24 sa\u00eddas Controlador l\u00f3gico program\u00e1vel de contagem de alta velocidade DC24V 1A<\/p>\n<p>Caracter\u00edstica:<br \/>\n[Sa\u00edda de entrada] Suporta 32 entradas e 24 sa\u00eddas, a entrada anal\u00f3gica \u00e9 padr\u00e3o 3AD 0 a 10A 4 a 20mA, a sa\u00edda anal\u00f3gica \u00e9 padr\u00e3o 2DA 0 a 10V. [Conex\u00e3o de tela] Suporta conex\u00e3o com tela de texto e tela sens\u00edvel ao toque para uma programa\u00e7\u00e3o f\u00e1cil e intuitiva, vers\u00e1til e pr\u00e1tica. [Contagem de alta velocidade] A placa de controle industrial suporta contagem de alta velocidade, padr\u00e3o de 6 canais 3k, pode ser atualizada para 6 canais 60k. [Opera\u00e7\u00e3o de software] Pode ser usado com o software GX Developer ou GX Works2 para programa\u00e7\u00e3o intuitiva, tornando a opera\u00e7\u00e3o mais conveniente.<\/p>\n<p>[Uso amplo] Pode ser usado em v\u00e1rias ocasi\u00f5es de controle de automa\u00e7\u00e3o industrial, est\u00e1vel e confi\u00e1vel, fornece excelentes resultados de uso.<\/p>\n<p>Especifica\u00e7\u00e3o: Tipo de<br \/>\nitem: Placa de controle industrial<br \/>\nMaterial: PCB<br \/>\nModelo: FX3U 56MR Tipo de sa\u00edda: sa\u00edda de<\/p>\n<p>entrada de rel\u00e9: 32 Entrada 24 Sa\u00edda<br \/>\nTens\u00e3o de alimenta\u00e7\u00e3o de sa\u00edda: DC24V<br \/>\nCorrente de sa\u00edda: 1A Entrada anal\u00f3gica: 1A<br \/>\nEntrada anal\u00f3gica: Padr\u00e3o 3AD 0-10V + 3AD 4-20mA Sa\u00edda anal\u00f3gica: Padr\u00e3o<br \/>\n2DA 0-10V<br \/>\nAlta Contagem de velocidades: padr\u00e3o de 6 canais 3k, alter\u00e1vel para 6 canais Sa\u00edda de pulso de 60k: Nenhuma Motor de passo: mem\u00f3ria n\u00e3o suportada Capacidade: 8000 etapas<br \/>\nVelocidade de download: 38,4 Kb<br \/>\nM\u00e9todo de download: download direto<br \/>\nConecte-se \u00e0 tela de texto: suportado<br \/>\nConectar \u00e0 tela de toque:<br \/>\nSoftware de programa\u00e7\u00e3o suportado: para desenvolvedor GX ou para GX Works2<\/p>\n","protected":false},"excerpt":{"rendered":"<p>Placa de controle industrial PLC 32 entradas 24 sa\u00eddas Controlador l\u00f3gico program\u00e1vel de contagem de alta velocidade DC24V 1A Caracter\u00edstica: [Sa\u00edda de entrada] Suporta 32 entradas e 24 sa\u00eddas, a entrada anal\u00f3gica \u00e9 padr\u00e3o 3AD 0 a 10A 4 a 20mA, a sa\u00edda anal\u00f3gica \u00e9 padr\u00e3o 2DA 0 a 10V. [Conex\u00e3o de tela] Suporta conex\u00e3o [&hellip;]<\/p>\n","protected":false},"featured_media":4090,"comment_status":"open","ping_status":"closed","template":"","meta":[],"product_brand":[],"product_cat":[1173],"product_tag":[],"class_list":{"0":"post-4088","1":"product","2":"type-product","3":"status-publish","4":"has-post-thumbnail","6":"product_cat-placa-de-controle","8":"first","9":"onbackorder","10":"shipping-taxable","11":"product-type-simple"},"yoast_head":"<!-- This site is optimized with the Yoast SEO plugin v27.4 - https:\/\/yoast.com\/product\/yoast-seo-wordpress\/ -->\n<title>Placa De Controle Industrial Plc 32 Entradas 24 Sa\u00eddas De Al - BH IMPORTS &amp; EXPORTS<\/title>\n<meta name=\"robots\" content=\"index, follow, max-snippet:-1, max-image-preview:large, max-video-preview:-1\" \/>\n<link rel=\"canonical\" href=\"https:\/\/bhimportsexports.com\/hl=pt\/produto\/placa-de-controle-industrial-plc-32-entradas-24-saidas-de-al\/\" \/>\n<meta property=\"og:locale\" content=\"pt_BR\" \/>\n<meta property=\"og:type\" content=\"article\" \/>\n<meta property=\"og:title\" content=\"Placa De Controle Industrial Plc 32 Entradas 24 Sa\u00eddas De Al - BH IMPORTS &amp; EXPORTS\" \/>\n<meta property=\"og:description\" content=\"Placa de controle industrial PLC 32 entradas 24 sa\u00eddas Controlador l\u00f3gico program\u00e1vel de contagem de alta velocidade DC24V 1A Caracter\u00edstica: [Sa\u00edda de entrada] Suporta 32 entradas e 24 sa\u00eddas, a entrada anal\u00f3gica \u00e9 padr\u00e3o 3AD 0 a 10A 4 a 20mA, a sa\u00edda anal\u00f3gica \u00e9 padr\u00e3o 2DA 0 a 10V. [Conex\u00e3o de tela] Suporta conex\u00e3o [&hellip;]\" \/>\n<meta property=\"og:url\" content=\"https:\/\/bhimportsexports.com\/hl=pt\/produto\/placa-de-controle-industrial-plc-32-entradas-24-saidas-de-al\/\" \/>\n<meta property=\"og:site_name\" content=\"BH IMPORTS &amp; EXPORTS\" \/>\n<meta property=\"og:image\" content=\"https:\/\/bhimportsexports.com\/wp-content\/uploads\/2025\/06\/D_NQ_NP_766930-CBT81505777410_012025-O.webp\" \/>\n\t<meta property=\"og:image:width\" content=\"500\" \/>\n\t<meta property=\"og:image:height\" content=\"372\" \/>\n\t<meta property=\"og:image:type\" content=\"image\/webp\" \/>\n<meta name=\"twitter:card\" content=\"summary_large_image\" \/>\n<meta name=\"twitter:label1\" content=\"Est. tempo de leitura\" \/>\n\t<meta name=\"twitter:data1\" content=\"1 minuto\" \/>\n<script type=\"application\/ld+json\" class=\"yoast-schema-graph\">{\"@context\":\"https:\\\/\\\/schema.org\",\"@graph\":[{\"@type\":\"WebPage\",\"@id\":\"https:\\\/\\\/bhimportsexports.com\\\/hl=pt\\\/produto\\\/placa-de-controle-industrial-plc-32-entradas-24-saidas-de-al\\\/\",\"url\":\"https:\\\/\\\/bhimportsexports.com\\\/hl=pt\\\/produto\\\/placa-de-controle-industrial-plc-32-entradas-24-saidas-de-al\\\/\",\"name\":\"Placa De Controle Industrial Plc 32 Entradas 24 Sa\u00eddas De Al - BH IMPORTS &amp; EXPORTS\",\"isPartOf\":{\"@id\":\"https:\\\/\\\/bhimportsexports.com\\\/hl=pt\\\/#website\"},\"primaryImageOfPage\":{\"@id\":\"https:\\\/\\\/bhimportsexports.com\\\/hl=pt\\\/produto\\\/placa-de-controle-industrial-plc-32-entradas-24-saidas-de-al\\\/#primaryimage\"},\"image\":{\"@id\":\"https:\\\/\\\/bhimportsexports.com\\\/hl=pt\\\/produto\\\/placa-de-controle-industrial-plc-32-entradas-24-saidas-de-al\\\/#primaryimage\"},\"thumbnailUrl\":\"https:\\\/\\\/bhimportsexports.com\\\/wp-content\\\/uploads\\\/2025\\\/06\\\/D_NQ_NP_766930-CBT81505777410_012025-O.webp\",\"datePublished\":\"2025-06-24T03:20:28+00:00\",\"breadcrumb\":{\"@id\":\"https:\\\/\\\/bhimportsexports.com\\\/hl=pt\\\/produto\\\/placa-de-controle-industrial-plc-32-entradas-24-saidas-de-al\\\/#breadcrumb\"},\"inLanguage\":\"pt-BR\",\"potentialAction\":[{\"@type\":\"ReadAction\",\"target\":[\"https:\\\/\\\/bhimportsexports.com\\\/hl=pt\\\/produto\\\/placa-de-controle-industrial-plc-32-entradas-24-saidas-de-al\\\/\"]}]},{\"@type\":\"ImageObject\",\"inLanguage\":\"pt-BR\",\"@id\":\"https:\\\/\\\/bhimportsexports.com\\\/hl=pt\\\/produto\\\/placa-de-controle-industrial-plc-32-entradas-24-saidas-de-al\\\/#primaryimage\",\"url\":\"https:\\\/\\\/bhimportsexports.com\\\/wp-content\\\/uploads\\\/2025\\\/06\\\/D_NQ_NP_766930-CBT81505777410_012025-O.webp\",\"contentUrl\":\"https:\\\/\\\/bhimportsexports.com\\\/wp-content\\\/uploads\\\/2025\\\/06\\\/D_NQ_NP_766930-CBT81505777410_012025-O.webp\",\"width\":500,\"height\":372},{\"@type\":\"BreadcrumbList\",\"@id\":\"https:\\\/\\\/bhimportsexports.com\\\/hl=pt\\\/produto\\\/placa-de-controle-industrial-plc-32-entradas-24-saidas-de-al\\\/#breadcrumb\",\"itemListElement\":[{\"@type\":\"ListItem\",\"position\":1,\"name\":\"In\u00edcio\",\"item\":\"https:\\\/\\\/bhimportsexports.com\\\/hl=pt\\\/\"},{\"@type\":\"ListItem\",\"position\":2,\"name\":\"Loja\",\"item\":\"https:\\\/\\\/bhimportsexports.com\\\/hl=pt\\\/loja\\\/\"},{\"@type\":\"ListItem\",\"position\":3,\"name\":\"Placa De Controle Industrial Plc 32 Entradas 24 Sa\u00eddas De Al\"}]},{\"@type\":\"WebSite\",\"@id\":\"https:\\\/\\\/bhimportsexports.com\\\/hl=pt\\\/#website\",\"url\":\"https:\\\/\\\/bhimportsexports.com\\\/hl=pt\\\/\",\"name\":\"BH IMPORTS & EXPORTS\",\"description\":\"Innovation and excellence in international trade. Import, export, consultancy and sourcing.\",\"publisher\":{\"@id\":\"https:\\\/\\\/bhimportsexports.com\\\/hl=pt\\\/#organization\"},\"potentialAction\":[{\"@type\":\"SearchAction\",\"target\":{\"@type\":\"EntryPoint\",\"urlTemplate\":\"https:\\\/\\\/bhimportsexports.com\\\/hl=pt\\\/?s={search_term_string}\"},\"query-input\":{\"@type\":\"PropertyValueSpecification\",\"valueRequired\":true,\"valueName\":\"search_term_string\"}}],\"inLanguage\":\"pt-BR\"},{\"@type\":\"Organization\",\"@id\":\"https:\\\/\\\/bhimportsexports.com\\\/hl=pt\\\/#organization\",\"name\":\"BH IMPORTS & EXPORTS\",\"url\":\"https:\\\/\\\/bhimportsexports.com\\\/hl=pt\\\/\",\"logo\":{\"@type\":\"ImageObject\",\"inLanguage\":\"pt-BR\",\"@id\":\"https:\\\/\\\/bhimportsexports.com\\\/hl=pt\\\/#\\\/schema\\\/logo\\\/image\\\/\",\"url\":\"https:\\\/\\\/bhimportsexports.com\\\/wp-content\\\/uploads\\\/2024\\\/09\\\/BH-IMPORTS.png\",\"contentUrl\":\"https:\\\/\\\/bhimportsexports.com\\\/wp-content\\\/uploads\\\/2024\\\/09\\\/BH-IMPORTS.png\",\"width\":300,\"height\":200,\"caption\":\"BH IMPORTS & EXPORTS\"},\"image\":{\"@id\":\"https:\\\/\\\/bhimportsexports.com\\\/hl=pt\\\/#\\\/schema\\\/logo\\\/image\\\/\"}}]}<\/script>\n<!-- \/ Yoast SEO plugin. -->","yoast_head_json":{"title":"Placa De Controle Industrial Plc 32 Entradas 24 Sa\u00eddas De Al - BH IMPORTS &amp; EXPORTS","robots":{"index":"index","follow":"follow","max-snippet":"max-snippet:-1","max-image-preview":"max-image-preview:large","max-video-preview":"max-video-preview:-1"},"canonical":"https:\/\/bhimportsexports.com\/hl=pt\/produto\/placa-de-controle-industrial-plc-32-entradas-24-saidas-de-al\/","og_locale":"pt_BR","og_type":"article","og_title":"Placa De Controle Industrial Plc 32 Entradas 24 Sa\u00eddas De Al - BH IMPORTS &amp; EXPORTS","og_description":"Placa de controle industrial PLC 32 entradas 24 sa\u00eddas Controlador l\u00f3gico program\u00e1vel de contagem de alta velocidade DC24V 1A Caracter\u00edstica: [Sa\u00edda de entrada] Suporta 32 entradas e 24 sa\u00eddas, a entrada anal\u00f3gica \u00e9 padr\u00e3o 3AD 0 a 10A 4 a 20mA, a sa\u00edda anal\u00f3gica \u00e9 padr\u00e3o 2DA 0 a 10V. [Conex\u00e3o de tela] Suporta conex\u00e3o [&hellip;]","og_url":"https:\/\/bhimportsexports.com\/hl=pt\/produto\/placa-de-controle-industrial-plc-32-entradas-24-saidas-de-al\/","og_site_name":"BH IMPORTS &amp; EXPORTS","og_image":[{"width":500,"height":372,"url":"https:\/\/bhimportsexports.com\/wp-content\/uploads\/2025\/06\/D_NQ_NP_766930-CBT81505777410_012025-O.webp","type":"image\/webp"}],"twitter_card":"summary_large_image","twitter_misc":{"Est. tempo de leitura":"1 minuto"},"schema":{"@context":"https:\/\/schema.org","@graph":[{"@type":"WebPage","@id":"https:\/\/bhimportsexports.com\/hl=pt\/produto\/placa-de-controle-industrial-plc-32-entradas-24-saidas-de-al\/","url":"https:\/\/bhimportsexports.com\/hl=pt\/produto\/placa-de-controle-industrial-plc-32-entradas-24-saidas-de-al\/","name":"Placa De Controle Industrial Plc 32 Entradas 24 Sa\u00eddas De Al - BH IMPORTS &amp; EXPORTS","isPartOf":{"@id":"https:\/\/bhimportsexports.com\/hl=pt\/#website"},"primaryImageOfPage":{"@id":"https:\/\/bhimportsexports.com\/hl=pt\/produto\/placa-de-controle-industrial-plc-32-entradas-24-saidas-de-al\/#primaryimage"},"image":{"@id":"https:\/\/bhimportsexports.com\/hl=pt\/produto\/placa-de-controle-industrial-plc-32-entradas-24-saidas-de-al\/#primaryimage"},"thumbnailUrl":"https:\/\/bhimportsexports.com\/wp-content\/uploads\/2025\/06\/D_NQ_NP_766930-CBT81505777410_012025-O.webp","datePublished":"2025-06-24T03:20:28+00:00","breadcrumb":{"@id":"https:\/\/bhimportsexports.com\/hl=pt\/produto\/placa-de-controle-industrial-plc-32-entradas-24-saidas-de-al\/#breadcrumb"},"inLanguage":"pt-BR","potentialAction":[{"@type":"ReadAction","target":["https:\/\/bhimportsexports.com\/hl=pt\/produto\/placa-de-controle-industrial-plc-32-entradas-24-saidas-de-al\/"]}]},{"@type":"ImageObject","inLanguage":"pt-BR","@id":"https:\/\/bhimportsexports.com\/hl=pt\/produto\/placa-de-controle-industrial-plc-32-entradas-24-saidas-de-al\/#primaryimage","url":"https:\/\/bhimportsexports.com\/wp-content\/uploads\/2025\/06\/D_NQ_NP_766930-CBT81505777410_012025-O.webp","contentUrl":"https:\/\/bhimportsexports.com\/wp-content\/uploads\/2025\/06\/D_NQ_NP_766930-CBT81505777410_012025-O.webp","width":500,"height":372},{"@type":"BreadcrumbList","@id":"https:\/\/bhimportsexports.com\/hl=pt\/produto\/placa-de-controle-industrial-plc-32-entradas-24-saidas-de-al\/#breadcrumb","itemListElement":[{"@type":"ListItem","position":1,"name":"In\u00edcio","item":"https:\/\/bhimportsexports.com\/hl=pt\/"},{"@type":"ListItem","position":2,"name":"Loja","item":"https:\/\/bhimportsexports.com\/hl=pt\/loja\/"},{"@type":"ListItem","position":3,"name":"Placa De Controle Industrial Plc 32 Entradas 24 Sa\u00eddas De Al"}]},{"@type":"WebSite","@id":"https:\/\/bhimportsexports.com\/hl=pt\/#website","url":"https:\/\/bhimportsexports.com\/hl=pt\/","name":"BH IMPORTS & EXPORTS","description":"Innovation and excellence in international trade. Import, export, consultancy and sourcing.","publisher":{"@id":"https:\/\/bhimportsexports.com\/hl=pt\/#organization"},"potentialAction":[{"@type":"SearchAction","target":{"@type":"EntryPoint","urlTemplate":"https:\/\/bhimportsexports.com\/hl=pt\/?s={search_term_string}"},"query-input":{"@type":"PropertyValueSpecification","valueRequired":true,"valueName":"search_term_string"}}],"inLanguage":"pt-BR"},{"@type":"Organization","@id":"https:\/\/bhimportsexports.com\/hl=pt\/#organization","name":"BH IMPORTS & EXPORTS","url":"https:\/\/bhimportsexports.com\/hl=pt\/","logo":{"@type":"ImageObject","inLanguage":"pt-BR","@id":"https:\/\/bhimportsexports.com\/hl=pt\/#\/schema\/logo\/image\/","url":"https:\/\/bhimportsexports.com\/wp-content\/uploads\/2024\/09\/BH-IMPORTS.png","contentUrl":"https:\/\/bhimportsexports.com\/wp-content\/uploads\/2024\/09\/BH-IMPORTS.png","width":300,"height":200,"caption":"BH IMPORTS & EXPORTS"},"image":{"@id":"https:\/\/bhimportsexports.com\/hl=pt\/#\/schema\/logo\/image\/"}}]}},"_links":{"self":[{"href":"https:\/\/bhimportsexports.com\/hl=pt\/wp-json\/wp\/v2\/product\/4088","targetHints":{"allow":["GET"]}}],"collection":[{"href":"https:\/\/bhimportsexports.com\/hl=pt\/wp-json\/wp\/v2\/product"}],"about":[{"href":"https:\/\/bhimportsexports.com\/hl=pt\/wp-json\/wp\/v2\/types\/product"}],"replies":[{"embeddable":true,"href":"https:\/\/bhimportsexports.com\/hl=pt\/wp-json\/wp\/v2\/comments?post=4088"}],"wp:featuredmedia":[{"embeddable":true,"href":"https:\/\/bhimportsexports.com\/hl=pt\/wp-json\/wp\/v2\/media\/4090"}],"wp:attachment":[{"href":"https:\/\/bhimportsexports.com\/hl=pt\/wp-json\/wp\/v2\/media?parent=4088"}],"wp:term":[{"taxonomy":"product_brand","embeddable":true,"href":"https:\/\/bhimportsexports.com\/hl=pt\/wp-json\/wp\/v2\/product_brand?post=4088"},{"taxonomy":"product_cat","embeddable":true,"href":"https:\/\/bhimportsexports.com\/hl=pt\/wp-json\/wp\/v2\/product_cat?post=4088"},{"taxonomy":"product_tag","embeddable":true,"href":"https:\/\/bhimportsexports.com\/hl=pt\/wp-json\/wp\/v2\/product_tag?post=4088"}],"curies":[{"name":"wp","href":"https:\/\/api.w.org\/{rel}","templated":true}]}}