{"id":4032,"date":"2025-06-03T02:50:21","date_gmt":"2025-06-03T02:50:21","guid":{"rendered":"https:\/\/bhimportsexports.com\/hl=pt\/?post_type=product&#038;p=4032"},"modified":"2025-06-03T02:51:49","modified_gmt":"2025-06-03T02:51:49","slug":"monitor-de-controle-de-rede-westlock-7744-citro-02-nd","status":"publish","type":"product","link":"https:\/\/bhimportsexports.com\/hl=pt\/produto\/monitor-de-controle-de-rede-westlock-7744-citro-02-nd\/","title":{"rendered":"MONITOR DE CONTROLE DE REDE  WESTLOCK 7744-CITRO-02-ND"},"content":{"rendered":"<header class=\"woocommerce-products-header\">\n<div class=\"container\">\n<h1 class=\"woocommerce-products-header__title page-title\">Monitores de controle de rede INTELLIS<\/h1>\n<\/div>\n<\/header>\n<div class=\"arhive-description\">\n<div class=\"container \">\n<div class=\"term-description\">\n<p><span data-contrast=\"auto\">Nossa ampla gama de produtos de comunica\u00e7\u00e3o e controle de v\u00e1lvulas, quando combinada com nossos componentes de rede de \u00faltima gera\u00e7\u00e3o, permite que voc\u00ea aproveite o potencial das tecnologias de comunica\u00e7\u00e3o digital que reduzem significativamente seus custos totais do ciclo de vida.\u00a0<\/span><span data-ccp-props=\"{\">\u00a0<\/span><\/p>\n<p><span data-contrast=\"auto\">Conhe\u00e7a o Intellis, uma fam\u00edlia distinta de solu\u00e7\u00f5es de monitoramento e controle de v\u00e1lvulas, diferenciada pela capacidade \u00fanica de redes de campo. Esta solu\u00e7\u00e3o utiliza E\/S incorporadas para conectar dispositivos de campo ao seu CLP ou DCS host.\u00a0<\/span><span data-ccp-props=\"{\">\u00a0<\/span><\/p>\n<p><span data-contrast=\"auto\"><span class=\"VIpgJd-yAWNEb-VIpgJd-fmcmS-sn54Q\">Cada monitor de rede possui dois sensores discretos de efeito Hall para monitoramento preciso da posi\u00e7\u00e3o da v\u00e1lvula, a op\u00e7\u00e3o de uma v\u00e1lvula solenoide de baixa pot\u00eancia para controle de atua\u00e7\u00e3o e um m\u00f3dulo de interface de rede que facilita a comunica\u00e7\u00e3o atrav\u00e9s do seu protocolo de rede preferido. Um dos principais benef\u00edcios do nosso sistema de monitoramento de v\u00e1lvulas \u00e9 sua capacidade avan\u00e7ada de diagn\u00f3stico, incluindo recursos como an\u00e1lise de contagem de ciclos, que fornece informa\u00e7\u00f5es valiosas sobre o desempenho da v\u00e1lvula e as necessidades de manuten\u00e7\u00e3o. Esses monitores atendem a aplica\u00e7\u00f5es lineares e rotativas em todas as classifica\u00e7\u00f5es de \u00e1rea, proporcionando uma solu\u00e7\u00e3o vers\u00e1til e personalizada para suas necessidades espec\u00edficas.<\/span><\/span><span data-ccp-props=\"{\">\u00a0<\/span><\/p>\n<div id=\"feature\" class=\"tabcontent\">\n<ul>\n<li><span>M\u00f3dulos de rede dedicados (PACs) para todos os principais protocolos.<\/span><\/li>\n<li><span>Convers\u00e3o simples de protocolos de rede em campo.<\/span><\/li>\n<li><span><span class=\"\">V\u00e1rias op\u00e7\u00f5es de alojamento (resina, alum\u00ednio, a\u00e7o inoxid\u00e1vel).<\/span><\/span><\/li>\n<li><span>Modelos aprovados para todas as aplica\u00e7\u00f5es em \u00e1reas perigosas.<\/span><\/li>\n<li><span>Controle e monitoramento para v\u00e1lvulas rotativas e lineares.<\/span><\/li>\n<li><span>Monitoramento de posi\u00e7\u00e3o sem contato via sensores de efeito Hall.<\/span><\/li>\n<li><span>Controle de atua\u00e7\u00e3o pneum\u00e1tica integrado por meio de v\u00e1lvulas solenoides Falcon pr\u00e9-cabeadas.<\/span><\/li>\n<li><span>Diagn\u00f3sticos preditivos e de manuten\u00e7\u00e3o on-line.<\/span><\/li>\n<li><span>Elimina o custo de fia\u00e7\u00e3o dos sistemas de E\/S com fia\u00e7\u00e3o convencional.<\/span><\/li>\n<li><span>Reduz horas de trabalho de engenharia de projeto<\/span><\/li>\n<li><span>Variedade de op\u00e7\u00f5es de eixo de transmiss\u00e3o.<\/span><\/li>\n<li><span>Sinalizador visual dispon\u00edvel em diversos estilos e cores.<\/span><\/li>\n<\/ul>\n<\/div>\n<div id=\"specification\" class=\"tabcontent\">\n<table class=\"prod-table\">\n<tbody>\n<tr>\n<td><b><span>Aprova\u00e7\u00f5es de Ag\u00eancias<\/span><\/b><\/td>\n<td><\/td>\n<\/tr>\n<tr>\n<td><span>Classifica\u00e7\u00e3o de \u00c1rea (NEC 500)<\/span><\/td>\n<td><\/td>\n<\/tr>\n<tr>\n<td><span>N\u00e3o inflam\u00e1vel<\/span><\/td>\n<td><span>Classe I, Divis\u00e3o 2, Grupos A, B, C e D<\/span><\/td>\n<\/tr>\n<tr>\n<td><\/td>\n<td><span>Classe II e III, Divis\u00e3o 2, Grupos F e G<\/span><\/td>\n<\/tr>\n<tr>\n<td><span>\u00c0 prova de explos\u00e3o<\/span><\/td>\n<td><span>Classe I, Divis\u00e3o 1, Grupos C e D<\/span><\/td>\n<\/tr>\n<tr>\n<td><\/td>\n<td><span>Classe II e III, Divis\u00e3o 2, Grupos E, F e G<\/span><\/td>\n<\/tr>\n<tr>\n<td><span>Padr\u00f5es de gabinete (ANSI\/NEMA 250)<\/span><\/td>\n<td><\/td>\n<\/tr>\n<tr>\n<td><span>Todos os gabinetes<\/span><\/td>\n<td><span>Tipo 4, 4X<\/span><\/td>\n<\/tr>\n<tr>\n<td><span>Protocolos de rede suportados<\/span><\/td>\n<td><\/td>\n<\/tr>\n<tr>\n<td><span>\u2022 Interface AS<\/span><\/td>\n<td><span>Modelo 7700<\/span><\/td>\n<\/tr>\n<tr>\n<td><span>\u2022 DeviceNet&#x2122;<\/span><\/td>\n<td><span>Modelo 7600<\/span><\/td>\n<\/tr>\n<tr>\n<td><span>\u2022 ModBus<\/span><\/td>\n<td><span>Modelo 7500<\/span><\/td>\n<\/tr>\n<tr>\n<td><span>\u2022 ModBus Direto<\/span><\/td>\n<td><span>Modelo 7400<\/span><\/td>\n<\/tr>\n<tr>\n<td><span>\u2022 PROFIBUS<\/span><\/td>\n<td><span>Modelo 7200<\/span><\/td>\n<\/tr>\n<tr>\n<td><span>Gabinetes<\/span><\/td>\n<td><span>Resina projetada<\/span><\/td>\n<\/tr>\n<tr>\n<td><\/td>\n<td><span>Alum\u00ednio<\/span><\/td>\n<\/tr>\n<\/tbody>\n<\/table>\n<\/div>\n<\/div>\n<\/div>\n<\/div>\n","protected":false},"excerpt":{"rendered":"<p>PRE\u00c7O SOB CONSULTA<\/p>\n","protected":false},"featured_media":4035,"comment_status":"open","ping_status":"closed","template":"","meta":[],"product_brand":[],"product_cat":[1142],"product_tag":[],"class_list":{"0":"post-4032","1":"product","2":"type-product","3":"status-publish","4":"has-post-thumbnail","6":"product_cat-monitor","8":"first","9":"onbackorder","10":"shipping-taxable","11":"product-type-simple"},"yoast_head":"<!-- This site is optimized with the Yoast SEO plugin v27.4 - https:\/\/yoast.com\/product\/yoast-seo-wordpress\/ -->\n<title>MONITOR DE CONTROLE DE REDE WESTLOCK 7744-CITRO-02-ND - BH IMPORTS &amp; EXPORTS<\/title>\n<meta name=\"robots\" content=\"index, follow, max-snippet:-1, max-image-preview:large, max-video-preview:-1\" \/>\n<link rel=\"canonical\" href=\"https:\/\/bhimportsexports.com\/hl=pt\/produto\/monitor-de-controle-de-rede-westlock-7744-citro-02-nd\/\" \/>\n<meta property=\"og:locale\" content=\"pt_BR\" \/>\n<meta property=\"og:type\" content=\"article\" \/>\n<meta property=\"og:title\" content=\"MONITOR DE CONTROLE DE REDE WESTLOCK 7744-CITRO-02-ND - BH IMPORTS &amp; EXPORTS\" \/>\n<meta property=\"og:description\" content=\"PRE\u00c7O SOB CONSULTA\" \/>\n<meta property=\"og:url\" content=\"https:\/\/bhimportsexports.com\/hl=pt\/produto\/monitor-de-controle-de-rede-westlock-7744-citro-02-nd\/\" \/>\n<meta property=\"og:site_name\" content=\"BH IMPORTS &amp; EXPORTS\" \/>\n<meta property=\"article:modified_time\" content=\"2025-06-03T02:51:49+00:00\" \/>\n<meta property=\"og:image\" content=\"https:\/\/bhimportsexports.com\/wp-content\/uploads\/2025\/06\/Quantum-Weatherproof.png\" \/>\n\t<meta property=\"og:image:width\" content=\"500\" \/>\n\t<meta property=\"og:image:height\" content=\"500\" \/>\n\t<meta property=\"og:image:type\" content=\"image\/png\" \/>\n<meta name=\"twitter:card\" content=\"summary_large_image\" \/>\n<meta name=\"twitter:label1\" content=\"Est. tempo de leitura\" \/>\n\t<meta name=\"twitter:data1\" content=\"2 minutos\" \/>\n<script type=\"application\/ld+json\" class=\"yoast-schema-graph\">{\"@context\":\"https:\\\/\\\/schema.org\",\"@graph\":[{\"@type\":\"WebPage\",\"@id\":\"https:\\\/\\\/bhimportsexports.com\\\/hl=pt\\\/produto\\\/monitor-de-controle-de-rede-westlock-7744-citro-02-nd\\\/\",\"url\":\"https:\\\/\\\/bhimportsexports.com\\\/hl=pt\\\/produto\\\/monitor-de-controle-de-rede-westlock-7744-citro-02-nd\\\/\",\"name\":\"MONITOR DE CONTROLE DE REDE WESTLOCK 7744-CITRO-02-ND - BH IMPORTS &amp; EXPORTS\",\"isPartOf\":{\"@id\":\"https:\\\/\\\/bhimportsexports.com\\\/hl=pt\\\/#website\"},\"primaryImageOfPage\":{\"@id\":\"https:\\\/\\\/bhimportsexports.com\\\/hl=pt\\\/produto\\\/monitor-de-controle-de-rede-westlock-7744-citro-02-nd\\\/#primaryimage\"},\"image\":{\"@id\":\"https:\\\/\\\/bhimportsexports.com\\\/hl=pt\\\/produto\\\/monitor-de-controle-de-rede-westlock-7744-citro-02-nd\\\/#primaryimage\"},\"thumbnailUrl\":\"https:\\\/\\\/bhimportsexports.com\\\/wp-content\\\/uploads\\\/2025\\\/06\\\/Quantum-Weatherproof.png\",\"datePublished\":\"2025-06-03T02:50:21+00:00\",\"dateModified\":\"2025-06-03T02:51:49+00:00\",\"breadcrumb\":{\"@id\":\"https:\\\/\\\/bhimportsexports.com\\\/hl=pt\\\/produto\\\/monitor-de-controle-de-rede-westlock-7744-citro-02-nd\\\/#breadcrumb\"},\"inLanguage\":\"pt-BR\",\"potentialAction\":[{\"@type\":\"ReadAction\",\"target\":[\"https:\\\/\\\/bhimportsexports.com\\\/hl=pt\\\/produto\\\/monitor-de-controle-de-rede-westlock-7744-citro-02-nd\\\/\"]}]},{\"@type\":\"ImageObject\",\"inLanguage\":\"pt-BR\",\"@id\":\"https:\\\/\\\/bhimportsexports.com\\\/hl=pt\\\/produto\\\/monitor-de-controle-de-rede-westlock-7744-citro-02-nd\\\/#primaryimage\",\"url\":\"https:\\\/\\\/bhimportsexports.com\\\/wp-content\\\/uploads\\\/2025\\\/06\\\/Quantum-Weatherproof.png\",\"contentUrl\":\"https:\\\/\\\/bhimportsexports.com\\\/wp-content\\\/uploads\\\/2025\\\/06\\\/Quantum-Weatherproof.png\",\"width\":500,\"height\":500},{\"@type\":\"BreadcrumbList\",\"@id\":\"https:\\\/\\\/bhimportsexports.com\\\/hl=pt\\\/produto\\\/monitor-de-controle-de-rede-westlock-7744-citro-02-nd\\\/#breadcrumb\",\"itemListElement\":[{\"@type\":\"ListItem\",\"position\":1,\"name\":\"In\u00edcio\",\"item\":\"https:\\\/\\\/bhimportsexports.com\\\/hl=pt\\\/\"},{\"@type\":\"ListItem\",\"position\":2,\"name\":\"Loja\",\"item\":\"https:\\\/\\\/bhimportsexports.com\\\/hl=pt\\\/loja\\\/\"},{\"@type\":\"ListItem\",\"position\":3,\"name\":\"MONITOR DE CONTROLE DE REDE WESTLOCK 7744-CITRO-02-ND\"}]},{\"@type\":\"WebSite\",\"@id\":\"https:\\\/\\\/bhimportsexports.com\\\/hl=pt\\\/#website\",\"url\":\"https:\\\/\\\/bhimportsexports.com\\\/hl=pt\\\/\",\"name\":\"BH IMPORTS & EXPORTS\",\"description\":\"Innovation and excellence in international trade. Import, export, consultancy and sourcing.\",\"publisher\":{\"@id\":\"https:\\\/\\\/bhimportsexports.com\\\/hl=pt\\\/#organization\"},\"potentialAction\":[{\"@type\":\"SearchAction\",\"target\":{\"@type\":\"EntryPoint\",\"urlTemplate\":\"https:\\\/\\\/bhimportsexports.com\\\/hl=pt\\\/?s={search_term_string}\"},\"query-input\":{\"@type\":\"PropertyValueSpecification\",\"valueRequired\":true,\"valueName\":\"search_term_string\"}}],\"inLanguage\":\"pt-BR\"},{\"@type\":\"Organization\",\"@id\":\"https:\\\/\\\/bhimportsexports.com\\\/hl=pt\\\/#organization\",\"name\":\"BH IMPORTS & EXPORTS\",\"url\":\"https:\\\/\\\/bhimportsexports.com\\\/hl=pt\\\/\",\"logo\":{\"@type\":\"ImageObject\",\"inLanguage\":\"pt-BR\",\"@id\":\"https:\\\/\\\/bhimportsexports.com\\\/hl=pt\\\/#\\\/schema\\\/logo\\\/image\\\/\",\"url\":\"https:\\\/\\\/bhimportsexports.com\\\/wp-content\\\/uploads\\\/2024\\\/09\\\/BH-IMPORTS.png\",\"contentUrl\":\"https:\\\/\\\/bhimportsexports.com\\\/wp-content\\\/uploads\\\/2024\\\/09\\\/BH-IMPORTS.png\",\"width\":300,\"height\":200,\"caption\":\"BH IMPORTS & EXPORTS\"},\"image\":{\"@id\":\"https:\\\/\\\/bhimportsexports.com\\\/hl=pt\\\/#\\\/schema\\\/logo\\\/image\\\/\"}}]}<\/script>\n<!-- \/ Yoast SEO plugin. -->","yoast_head_json":{"title":"MONITOR DE CONTROLE DE REDE WESTLOCK 7744-CITRO-02-ND - BH IMPORTS &amp; EXPORTS","robots":{"index":"index","follow":"follow","max-snippet":"max-snippet:-1","max-image-preview":"max-image-preview:large","max-video-preview":"max-video-preview:-1"},"canonical":"https:\/\/bhimportsexports.com\/hl=pt\/produto\/monitor-de-controle-de-rede-westlock-7744-citro-02-nd\/","og_locale":"pt_BR","og_type":"article","og_title":"MONITOR DE CONTROLE DE REDE WESTLOCK 7744-CITRO-02-ND - BH IMPORTS &amp; EXPORTS","og_description":"PRE\u00c7O SOB CONSULTA","og_url":"https:\/\/bhimportsexports.com\/hl=pt\/produto\/monitor-de-controle-de-rede-westlock-7744-citro-02-nd\/","og_site_name":"BH IMPORTS &amp; EXPORTS","article_modified_time":"2025-06-03T02:51:49+00:00","og_image":[{"width":500,"height":500,"url":"https:\/\/bhimportsexports.com\/wp-content\/uploads\/2025\/06\/Quantum-Weatherproof.png","type":"image\/png"}],"twitter_card":"summary_large_image","twitter_misc":{"Est. tempo de leitura":"2 minutos"},"schema":{"@context":"https:\/\/schema.org","@graph":[{"@type":"WebPage","@id":"https:\/\/bhimportsexports.com\/hl=pt\/produto\/monitor-de-controle-de-rede-westlock-7744-citro-02-nd\/","url":"https:\/\/bhimportsexports.com\/hl=pt\/produto\/monitor-de-controle-de-rede-westlock-7744-citro-02-nd\/","name":"MONITOR DE CONTROLE DE REDE WESTLOCK 7744-CITRO-02-ND - BH IMPORTS &amp; EXPORTS","isPartOf":{"@id":"https:\/\/bhimportsexports.com\/hl=pt\/#website"},"primaryImageOfPage":{"@id":"https:\/\/bhimportsexports.com\/hl=pt\/produto\/monitor-de-controle-de-rede-westlock-7744-citro-02-nd\/#primaryimage"},"image":{"@id":"https:\/\/bhimportsexports.com\/hl=pt\/produto\/monitor-de-controle-de-rede-westlock-7744-citro-02-nd\/#primaryimage"},"thumbnailUrl":"https:\/\/bhimportsexports.com\/wp-content\/uploads\/2025\/06\/Quantum-Weatherproof.png","datePublished":"2025-06-03T02:50:21+00:00","dateModified":"2025-06-03T02:51:49+00:00","breadcrumb":{"@id":"https:\/\/bhimportsexports.com\/hl=pt\/produto\/monitor-de-controle-de-rede-westlock-7744-citro-02-nd\/#breadcrumb"},"inLanguage":"pt-BR","potentialAction":[{"@type":"ReadAction","target":["https:\/\/bhimportsexports.com\/hl=pt\/produto\/monitor-de-controle-de-rede-westlock-7744-citro-02-nd\/"]}]},{"@type":"ImageObject","inLanguage":"pt-BR","@id":"https:\/\/bhimportsexports.com\/hl=pt\/produto\/monitor-de-controle-de-rede-westlock-7744-citro-02-nd\/#primaryimage","url":"https:\/\/bhimportsexports.com\/wp-content\/uploads\/2025\/06\/Quantum-Weatherproof.png","contentUrl":"https:\/\/bhimportsexports.com\/wp-content\/uploads\/2025\/06\/Quantum-Weatherproof.png","width":500,"height":500},{"@type":"BreadcrumbList","@id":"https:\/\/bhimportsexports.com\/hl=pt\/produto\/monitor-de-controle-de-rede-westlock-7744-citro-02-nd\/#breadcrumb","itemListElement":[{"@type":"ListItem","position":1,"name":"In\u00edcio","item":"https:\/\/bhimportsexports.com\/hl=pt\/"},{"@type":"ListItem","position":2,"name":"Loja","item":"https:\/\/bhimportsexports.com\/hl=pt\/loja\/"},{"@type":"ListItem","position":3,"name":"MONITOR DE CONTROLE DE REDE WESTLOCK 7744-CITRO-02-ND"}]},{"@type":"WebSite","@id":"https:\/\/bhimportsexports.com\/hl=pt\/#website","url":"https:\/\/bhimportsexports.com\/hl=pt\/","name":"BH IMPORTS & EXPORTS","description":"Innovation and excellence in international trade. Import, export, consultancy and sourcing.","publisher":{"@id":"https:\/\/bhimportsexports.com\/hl=pt\/#organization"},"potentialAction":[{"@type":"SearchAction","target":{"@type":"EntryPoint","urlTemplate":"https:\/\/bhimportsexports.com\/hl=pt\/?s={search_term_string}"},"query-input":{"@type":"PropertyValueSpecification","valueRequired":true,"valueName":"search_term_string"}}],"inLanguage":"pt-BR"},{"@type":"Organization","@id":"https:\/\/bhimportsexports.com\/hl=pt\/#organization","name":"BH IMPORTS & EXPORTS","url":"https:\/\/bhimportsexports.com\/hl=pt\/","logo":{"@type":"ImageObject","inLanguage":"pt-BR","@id":"https:\/\/bhimportsexports.com\/hl=pt\/#\/schema\/logo\/image\/","url":"https:\/\/bhimportsexports.com\/wp-content\/uploads\/2024\/09\/BH-IMPORTS.png","contentUrl":"https:\/\/bhimportsexports.com\/wp-content\/uploads\/2024\/09\/BH-IMPORTS.png","width":300,"height":200,"caption":"BH IMPORTS & EXPORTS"},"image":{"@id":"https:\/\/bhimportsexports.com\/hl=pt\/#\/schema\/logo\/image\/"}}]}},"_links":{"self":[{"href":"https:\/\/bhimportsexports.com\/hl=pt\/wp-json\/wp\/v2\/product\/4032","targetHints":{"allow":["GET"]}}],"collection":[{"href":"https:\/\/bhimportsexports.com\/hl=pt\/wp-json\/wp\/v2\/product"}],"about":[{"href":"https:\/\/bhimportsexports.com\/hl=pt\/wp-json\/wp\/v2\/types\/product"}],"replies":[{"embeddable":true,"href":"https:\/\/bhimportsexports.com\/hl=pt\/wp-json\/wp\/v2\/comments?post=4032"}],"wp:featuredmedia":[{"embeddable":true,"href":"https:\/\/bhimportsexports.com\/hl=pt\/wp-json\/wp\/v2\/media\/4035"}],"wp:attachment":[{"href":"https:\/\/bhimportsexports.com\/hl=pt\/wp-json\/wp\/v2\/media?parent=4032"}],"wp:term":[{"taxonomy":"product_brand","embeddable":true,"href":"https:\/\/bhimportsexports.com\/hl=pt\/wp-json\/wp\/v2\/product_brand?post=4032"},{"taxonomy":"product_cat","embeddable":true,"href":"https:\/\/bhimportsexports.com\/hl=pt\/wp-json\/wp\/v2\/product_cat?post=4032"},{"taxonomy":"product_tag","embeddable":true,"href":"https:\/\/bhimportsexports.com\/hl=pt\/wp-json\/wp\/v2\/product_tag?post=4032"}],"curies":[{"name":"wp","href":"https:\/\/api.w.org\/{rel}","templated":true}]}}