{"id":3897,"date":"2025-03-10T02:50:58","date_gmt":"2025-03-10T02:50:58","guid":{"rendered":"https:\/\/bhimportsexports.com\/hl=pt\/?post_type=product&#038;p=3897"},"modified":"2025-03-10T02:50:59","modified_gmt":"2025-03-10T02:50:59","slug":"eaton-tipo-mte-transformador-de-controle-industrial-pv-208-277v-taps-nenhum-sv-120v-55c-350-va","status":"publish","type":"product","link":"https:\/\/bhimportsexports.com\/hl=pt\/produto\/eaton-tipo-mte-transformador-de-controle-industrial-pv-208-277v-taps-nenhum-sv-120v-55c-350-va\/","title":{"rendered":"Eaton, tipo MTE, transformador de controle industrial, pv: 208\/277v, taps: nenhum, sv: 120v, 55\u00b0c, 350 va"},"content":{"rendered":"<p>NOME DO PRODUTO Transformador de controle industrial Eaton Tipo MTE N\u00daMERO DE CAT\u00c1LOGO C0350E3A UPC 786680550355 COMPRIMENTO\/PROFUNDIDADE DO PRODUTO 4,56 pol. ALTURA DO PRODUTO 4,21 pol. LARGURA DO PRODUTO 4,5 pol. PESO DO PRODUTO 11,6 lb GARANTIA Pol\u00edtica de Vendas da Eaton 25-000, um (1) ano a partir da data de instala\u00e7\u00e3o do Produto ou dezoito (18) meses a partir da data de envio do Produto, o que ocorrer primeiro. CONFORMIDADES Em conformidade com RoHS CERTIFICA\u00c7\u00d5ES Certificado cUL Listado UL Certificado CSA NOTAS DO CAT\u00c1LOGO Encapsulado em ep\u00f3xi, Lamina\u00e7\u00f5es de a\u00e7o sil\u00edcio de alta qualidade para minimizar perdas no n\u00facleo e otimizar o desempenho, Opera\u00e7\u00e3o de 50\/60 Hz, Sistema de isolamento padr\u00e3o de 130 \u00b0C, Terminais moldados para m\u00e1xima durabilidade<\/p>\n","protected":false},"excerpt":{"rendered":"<p>NOME DO PRODUTO Transformador de controle industrial Eaton Tipo MTE N\u00daMERO DE CAT\u00c1LOGO C0350E3A UPC 786680550355 COMPRIMENTO\/PROFUNDIDADE DO PRODUTO 4,56 pol. ALTURA DO PRODUTO 4,21 pol. LARGURA DO PRODUTO 4,5 pol. PESO DO PRODUTO 11,6 lb GARANTIA Pol\u00edtica de Vendas da Eaton 25-000, um (1) ano a partir da data de instala\u00e7\u00e3o do Produto ou [&hellip;]<\/p>\n","protected":false},"featured_media":3898,"comment_status":"open","ping_status":"closed","template":"","meta":[],"product_brand":[],"product_cat":[1152],"product_tag":[],"class_list":{"0":"post-3897","1":"product","2":"type-product","3":"status-publish","4":"has-post-thumbnail","6":"product_cat-transformador","8":"first","9":"onbackorder","10":"shipping-taxable","11":"purchasable","12":"product-type-simple"},"yoast_head":"<!-- This site is optimized with the Yoast SEO plugin v27.4 - https:\/\/yoast.com\/product\/yoast-seo-wordpress\/ -->\n<title>Eaton, tipo MTE, transformador de controle industrial, pv: 208\/277v, taps: nenhum, sv: 120v, 55\u00b0c, 350 va - BH IMPORTS &amp; EXPORTS<\/title>\n<meta name=\"robots\" content=\"index, follow, max-snippet:-1, max-image-preview:large, max-video-preview:-1\" \/>\n<link rel=\"canonical\" href=\"https:\/\/bhimportsexports.com\/hl=pt\/produto\/eaton-tipo-mte-transformador-de-controle-industrial-pv-208-277v-taps-nenhum-sv-120v-55c-350-va\/\" \/>\n<meta property=\"og:locale\" content=\"pt_BR\" \/>\n<meta property=\"og:type\" content=\"article\" \/>\n<meta property=\"og:title\" content=\"Eaton, tipo MTE, transformador de controle industrial, pv: 208\/277v, taps: nenhum, sv: 120v, 55\u00b0c, 350 va - BH IMPORTS &amp; EXPORTS\" \/>\n<meta property=\"og:description\" content=\"NOME DO PRODUTO Transformador de controle industrial Eaton Tipo MTE N\u00daMERO DE CAT\u00c1LOGO C0350E3A UPC 786680550355 COMPRIMENTO\/PROFUNDIDADE DO PRODUTO 4,56 pol. ALTURA DO PRODUTO 4,21 pol. LARGURA DO PRODUTO 4,5 pol. PESO DO PRODUTO 11,6 lb GARANTIA Pol\u00edtica de Vendas da Eaton 25-000, um (1) ano a partir da data de instala\u00e7\u00e3o do Produto ou [&hellip;]\" \/>\n<meta property=\"og:url\" content=\"https:\/\/bhimportsexports.com\/hl=pt\/produto\/eaton-tipo-mte-transformador-de-controle-industrial-pv-208-277v-taps-nenhum-sv-120v-55c-350-va\/\" \/>\n<meta property=\"og:site_name\" content=\"BH IMPORTS &amp; EXPORTS\" \/>\n<meta property=\"article:modified_time\" content=\"2025-03-10T02:50:59+00:00\" \/>\n<meta property=\"og:image\" content=\"https:\/\/bhimportsexports.com\/wp-content\/uploads\/2025\/03\/C0750E6U_L-300x300-1.jpeg\" \/>\n\t<meta property=\"og:image:width\" content=\"300\" \/>\n\t<meta property=\"og:image:height\" content=\"300\" \/>\n\t<meta property=\"og:image:type\" content=\"image\/jpeg\" \/>\n<meta name=\"twitter:card\" content=\"summary_large_image\" \/>\n<meta name=\"twitter:label1\" content=\"Est. tempo de leitura\" \/>\n\t<meta name=\"twitter:data1\" content=\"1 minuto\" \/>\n<script type=\"application\/ld+json\" class=\"yoast-schema-graph\">{\"@context\":\"https:\\\/\\\/schema.org\",\"@graph\":[{\"@type\":\"WebPage\",\"@id\":\"https:\\\/\\\/bhimportsexports.com\\\/hl=pt\\\/produto\\\/eaton-tipo-mte-transformador-de-controle-industrial-pv-208-277v-taps-nenhum-sv-120v-55c-350-va\\\/\",\"url\":\"https:\\\/\\\/bhimportsexports.com\\\/hl=pt\\\/produto\\\/eaton-tipo-mte-transformador-de-controle-industrial-pv-208-277v-taps-nenhum-sv-120v-55c-350-va\\\/\",\"name\":\"Eaton, tipo MTE, transformador de controle industrial, pv: 208\\\/277v, taps: nenhum, sv: 120v, 55\u00b0c, 350 va - BH IMPORTS &amp; EXPORTS\",\"isPartOf\":{\"@id\":\"https:\\\/\\\/bhimportsexports.com\\\/hl=pt\\\/#website\"},\"primaryImageOfPage\":{\"@id\":\"https:\\\/\\\/bhimportsexports.com\\\/hl=pt\\\/produto\\\/eaton-tipo-mte-transformador-de-controle-industrial-pv-208-277v-taps-nenhum-sv-120v-55c-350-va\\\/#primaryimage\"},\"image\":{\"@id\":\"https:\\\/\\\/bhimportsexports.com\\\/hl=pt\\\/produto\\\/eaton-tipo-mte-transformador-de-controle-industrial-pv-208-277v-taps-nenhum-sv-120v-55c-350-va\\\/#primaryimage\"},\"thumbnailUrl\":\"https:\\\/\\\/bhimportsexports.com\\\/wp-content\\\/uploads\\\/2025\\\/03\\\/C0750E6U_L-300x300-1.jpeg\",\"datePublished\":\"2025-03-10T02:50:58+00:00\",\"dateModified\":\"2025-03-10T02:50:59+00:00\",\"breadcrumb\":{\"@id\":\"https:\\\/\\\/bhimportsexports.com\\\/hl=pt\\\/produto\\\/eaton-tipo-mte-transformador-de-controle-industrial-pv-208-277v-taps-nenhum-sv-120v-55c-350-va\\\/#breadcrumb\"},\"inLanguage\":\"pt-BR\",\"potentialAction\":[{\"@type\":\"ReadAction\",\"target\":[\"https:\\\/\\\/bhimportsexports.com\\\/hl=pt\\\/produto\\\/eaton-tipo-mte-transformador-de-controle-industrial-pv-208-277v-taps-nenhum-sv-120v-55c-350-va\\\/\"]}]},{\"@type\":\"ImageObject\",\"inLanguage\":\"pt-BR\",\"@id\":\"https:\\\/\\\/bhimportsexports.com\\\/hl=pt\\\/produto\\\/eaton-tipo-mte-transformador-de-controle-industrial-pv-208-277v-taps-nenhum-sv-120v-55c-350-va\\\/#primaryimage\",\"url\":\"https:\\\/\\\/bhimportsexports.com\\\/wp-content\\\/uploads\\\/2025\\\/03\\\/C0750E6U_L-300x300-1.jpeg\",\"contentUrl\":\"https:\\\/\\\/bhimportsexports.com\\\/wp-content\\\/uploads\\\/2025\\\/03\\\/C0750E6U_L-300x300-1.jpeg\",\"width\":300,\"height\":300},{\"@type\":\"BreadcrumbList\",\"@id\":\"https:\\\/\\\/bhimportsexports.com\\\/hl=pt\\\/produto\\\/eaton-tipo-mte-transformador-de-controle-industrial-pv-208-277v-taps-nenhum-sv-120v-55c-350-va\\\/#breadcrumb\",\"itemListElement\":[{\"@type\":\"ListItem\",\"position\":1,\"name\":\"In\u00edcio\",\"item\":\"https:\\\/\\\/bhimportsexports.com\\\/hl=pt\\\/\"},{\"@type\":\"ListItem\",\"position\":2,\"name\":\"Loja\",\"item\":\"https:\\\/\\\/bhimportsexports.com\\\/hl=pt\\\/loja\\\/\"},{\"@type\":\"ListItem\",\"position\":3,\"name\":\"Eaton, tipo MTE, transformador de controle industrial, pv: 208\\\/277v, taps: nenhum, sv: 120v, 55\u00b0c, 350 va\"}]},{\"@type\":\"WebSite\",\"@id\":\"https:\\\/\\\/bhimportsexports.com\\\/hl=pt\\\/#website\",\"url\":\"https:\\\/\\\/bhimportsexports.com\\\/hl=pt\\\/\",\"name\":\"BH IMPORTS & EXPORTS\",\"description\":\"Innovation and excellence in international trade. Import, export, consultancy and sourcing.\",\"publisher\":{\"@id\":\"https:\\\/\\\/bhimportsexports.com\\\/hl=pt\\\/#organization\"},\"potentialAction\":[{\"@type\":\"SearchAction\",\"target\":{\"@type\":\"EntryPoint\",\"urlTemplate\":\"https:\\\/\\\/bhimportsexports.com\\\/hl=pt\\\/?s={search_term_string}\"},\"query-input\":{\"@type\":\"PropertyValueSpecification\",\"valueRequired\":true,\"valueName\":\"search_term_string\"}}],\"inLanguage\":\"pt-BR\"},{\"@type\":\"Organization\",\"@id\":\"https:\\\/\\\/bhimportsexports.com\\\/hl=pt\\\/#organization\",\"name\":\"BH IMPORTS & EXPORTS\",\"url\":\"https:\\\/\\\/bhimportsexports.com\\\/hl=pt\\\/\",\"logo\":{\"@type\":\"ImageObject\",\"inLanguage\":\"pt-BR\",\"@id\":\"https:\\\/\\\/bhimportsexports.com\\\/hl=pt\\\/#\\\/schema\\\/logo\\\/image\\\/\",\"url\":\"https:\\\/\\\/bhimportsexports.com\\\/wp-content\\\/uploads\\\/2024\\\/09\\\/BH-IMPORTS.png\",\"contentUrl\":\"https:\\\/\\\/bhimportsexports.com\\\/wp-content\\\/uploads\\\/2024\\\/09\\\/BH-IMPORTS.png\",\"width\":300,\"height\":200,\"caption\":\"BH IMPORTS & EXPORTS\"},\"image\":{\"@id\":\"https:\\\/\\\/bhimportsexports.com\\\/hl=pt\\\/#\\\/schema\\\/logo\\\/image\\\/\"}}]}<\/script>\n<!-- \/ Yoast SEO plugin. -->","yoast_head_json":{"title":"Eaton, tipo MTE, transformador de controle industrial, pv: 208\/277v, taps: nenhum, sv: 120v, 55\u00b0c, 350 va - BH IMPORTS &amp; EXPORTS","robots":{"index":"index","follow":"follow","max-snippet":"max-snippet:-1","max-image-preview":"max-image-preview:large","max-video-preview":"max-video-preview:-1"},"canonical":"https:\/\/bhimportsexports.com\/hl=pt\/produto\/eaton-tipo-mte-transformador-de-controle-industrial-pv-208-277v-taps-nenhum-sv-120v-55c-350-va\/","og_locale":"pt_BR","og_type":"article","og_title":"Eaton, tipo MTE, transformador de controle industrial, pv: 208\/277v, taps: nenhum, sv: 120v, 55\u00b0c, 350 va - BH IMPORTS &amp; EXPORTS","og_description":"NOME DO PRODUTO Transformador de controle industrial Eaton Tipo MTE N\u00daMERO DE CAT\u00c1LOGO C0350E3A UPC 786680550355 COMPRIMENTO\/PROFUNDIDADE DO PRODUTO 4,56 pol. ALTURA DO PRODUTO 4,21 pol. LARGURA DO PRODUTO 4,5 pol. PESO DO PRODUTO 11,6 lb GARANTIA Pol\u00edtica de Vendas da Eaton 25-000, um (1) ano a partir da data de instala\u00e7\u00e3o do Produto ou [&hellip;]","og_url":"https:\/\/bhimportsexports.com\/hl=pt\/produto\/eaton-tipo-mte-transformador-de-controle-industrial-pv-208-277v-taps-nenhum-sv-120v-55c-350-va\/","og_site_name":"BH IMPORTS &amp; EXPORTS","article_modified_time":"2025-03-10T02:50:59+00:00","og_image":[{"width":300,"height":300,"url":"https:\/\/bhimportsexports.com\/wp-content\/uploads\/2025\/03\/C0750E6U_L-300x300-1.jpeg","type":"image\/jpeg"}],"twitter_card":"summary_large_image","twitter_misc":{"Est. tempo de leitura":"1 minuto"},"schema":{"@context":"https:\/\/schema.org","@graph":[{"@type":"WebPage","@id":"https:\/\/bhimportsexports.com\/hl=pt\/produto\/eaton-tipo-mte-transformador-de-controle-industrial-pv-208-277v-taps-nenhum-sv-120v-55c-350-va\/","url":"https:\/\/bhimportsexports.com\/hl=pt\/produto\/eaton-tipo-mte-transformador-de-controle-industrial-pv-208-277v-taps-nenhum-sv-120v-55c-350-va\/","name":"Eaton, tipo MTE, transformador de controle industrial, pv: 208\/277v, taps: nenhum, sv: 120v, 55\u00b0c, 350 va - BH IMPORTS &amp; EXPORTS","isPartOf":{"@id":"https:\/\/bhimportsexports.com\/hl=pt\/#website"},"primaryImageOfPage":{"@id":"https:\/\/bhimportsexports.com\/hl=pt\/produto\/eaton-tipo-mte-transformador-de-controle-industrial-pv-208-277v-taps-nenhum-sv-120v-55c-350-va\/#primaryimage"},"image":{"@id":"https:\/\/bhimportsexports.com\/hl=pt\/produto\/eaton-tipo-mte-transformador-de-controle-industrial-pv-208-277v-taps-nenhum-sv-120v-55c-350-va\/#primaryimage"},"thumbnailUrl":"https:\/\/bhimportsexports.com\/wp-content\/uploads\/2025\/03\/C0750E6U_L-300x300-1.jpeg","datePublished":"2025-03-10T02:50:58+00:00","dateModified":"2025-03-10T02:50:59+00:00","breadcrumb":{"@id":"https:\/\/bhimportsexports.com\/hl=pt\/produto\/eaton-tipo-mte-transformador-de-controle-industrial-pv-208-277v-taps-nenhum-sv-120v-55c-350-va\/#breadcrumb"},"inLanguage":"pt-BR","potentialAction":[{"@type":"ReadAction","target":["https:\/\/bhimportsexports.com\/hl=pt\/produto\/eaton-tipo-mte-transformador-de-controle-industrial-pv-208-277v-taps-nenhum-sv-120v-55c-350-va\/"]}]},{"@type":"ImageObject","inLanguage":"pt-BR","@id":"https:\/\/bhimportsexports.com\/hl=pt\/produto\/eaton-tipo-mte-transformador-de-controle-industrial-pv-208-277v-taps-nenhum-sv-120v-55c-350-va\/#primaryimage","url":"https:\/\/bhimportsexports.com\/wp-content\/uploads\/2025\/03\/C0750E6U_L-300x300-1.jpeg","contentUrl":"https:\/\/bhimportsexports.com\/wp-content\/uploads\/2025\/03\/C0750E6U_L-300x300-1.jpeg","width":300,"height":300},{"@type":"BreadcrumbList","@id":"https:\/\/bhimportsexports.com\/hl=pt\/produto\/eaton-tipo-mte-transformador-de-controle-industrial-pv-208-277v-taps-nenhum-sv-120v-55c-350-va\/#breadcrumb","itemListElement":[{"@type":"ListItem","position":1,"name":"In\u00edcio","item":"https:\/\/bhimportsexports.com\/hl=pt\/"},{"@type":"ListItem","position":2,"name":"Loja","item":"https:\/\/bhimportsexports.com\/hl=pt\/loja\/"},{"@type":"ListItem","position":3,"name":"Eaton, tipo MTE, transformador de controle industrial, pv: 208\/277v, taps: nenhum, sv: 120v, 55\u00b0c, 350 va"}]},{"@type":"WebSite","@id":"https:\/\/bhimportsexports.com\/hl=pt\/#website","url":"https:\/\/bhimportsexports.com\/hl=pt\/","name":"BH IMPORTS & EXPORTS","description":"Innovation and excellence in international trade. Import, export, consultancy and sourcing.","publisher":{"@id":"https:\/\/bhimportsexports.com\/hl=pt\/#organization"},"potentialAction":[{"@type":"SearchAction","target":{"@type":"EntryPoint","urlTemplate":"https:\/\/bhimportsexports.com\/hl=pt\/?s={search_term_string}"},"query-input":{"@type":"PropertyValueSpecification","valueRequired":true,"valueName":"search_term_string"}}],"inLanguage":"pt-BR"},{"@type":"Organization","@id":"https:\/\/bhimportsexports.com\/hl=pt\/#organization","name":"BH IMPORTS & EXPORTS","url":"https:\/\/bhimportsexports.com\/hl=pt\/","logo":{"@type":"ImageObject","inLanguage":"pt-BR","@id":"https:\/\/bhimportsexports.com\/hl=pt\/#\/schema\/logo\/image\/","url":"https:\/\/bhimportsexports.com\/wp-content\/uploads\/2024\/09\/BH-IMPORTS.png","contentUrl":"https:\/\/bhimportsexports.com\/wp-content\/uploads\/2024\/09\/BH-IMPORTS.png","width":300,"height":200,"caption":"BH IMPORTS & EXPORTS"},"image":{"@id":"https:\/\/bhimportsexports.com\/hl=pt\/#\/schema\/logo\/image\/"}}]}},"_links":{"self":[{"href":"https:\/\/bhimportsexports.com\/hl=pt\/wp-json\/wp\/v2\/product\/3897","targetHints":{"allow":["GET"]}}],"collection":[{"href":"https:\/\/bhimportsexports.com\/hl=pt\/wp-json\/wp\/v2\/product"}],"about":[{"href":"https:\/\/bhimportsexports.com\/hl=pt\/wp-json\/wp\/v2\/types\/product"}],"replies":[{"embeddable":true,"href":"https:\/\/bhimportsexports.com\/hl=pt\/wp-json\/wp\/v2\/comments?post=3897"}],"wp:featuredmedia":[{"embeddable":true,"href":"https:\/\/bhimportsexports.com\/hl=pt\/wp-json\/wp\/v2\/media\/3898"}],"wp:attachment":[{"href":"https:\/\/bhimportsexports.com\/hl=pt\/wp-json\/wp\/v2\/media?parent=3897"}],"wp:term":[{"taxonomy":"product_brand","embeddable":true,"href":"https:\/\/bhimportsexports.com\/hl=pt\/wp-json\/wp\/v2\/product_brand?post=3897"},{"taxonomy":"product_cat","embeddable":true,"href":"https:\/\/bhimportsexports.com\/hl=pt\/wp-json\/wp\/v2\/product_cat?post=3897"},{"taxonomy":"product_tag","embeddable":true,"href":"https:\/\/bhimportsexports.com\/hl=pt\/wp-json\/wp\/v2\/product_tag?post=3897"}],"curies":[{"name":"wp","href":"https:\/\/api.w.org\/{rel}","templated":true}]}}