{"id":3894,"date":"2025-03-07T11:49:07","date_gmt":"2025-03-07T11:49:07","guid":{"rendered":"https:\/\/bhimportsexports.com\/hl=pt\/?post_type=product&#038;p=3894"},"modified":"2025-04-18T13:47:59","modified_gmt":"2025-04-18T13:47:59","slug":"xne-16di-24vdc-p-placa-de-entrada-digital-xion-eco-24-v-dc-16-di-comutacao-por-pulso","status":"publish","type":"product","link":"https:\/\/bhimportsexports.com\/hl=pt\/produto\/xne-16di-24vdc-p-placa-de-entrada-digital-xion-eco-24-v-dc-16-di-comutacao-por-pulso\/","title":{"rendered":"XNE-16DI-24VDC-P \u2013 Placa de entrada digital XION ECO, 24 V DC, 16 DI, comuta\u00e7\u00e3o por pulso"},"content":{"rendered":"<p>Nome do produto Eaton XNE Placa de entrada de acess\u00f3rios N\u00ba da pe\u00e7a XNE-16DI-24VDC-P EAN 7640130120525 Comprimento\/profundidade do produto 161,5 mil\u00edmetros Altura do produto 74,5 mil\u00edmetros Largura do produto 13 mil\u00edmetros Peso do produto 0,062 quilogramas Conformidades Marca\u00e7\u00e3o CE Em conformidade com RoHS Certifica\u00e7\u00f5es Listado pela UL Reconhecido pela UL UL 508 Dados classificados pela CE para termina\u00e7\u00f5es de acordo com IEC\/EN 60947-7-1 O relat\u00f3rio da UL se aplica aos EUA e Canad\u00e1 N\u00ba de classe CSA: 2252-01, 2252-81 CSA-C22.2 N\u00ba 142 Certificado pela UL para uso no Canad\u00e1 IEC\/EN 6113-2 IEC\/EN 61000-6-2 CULus N\u00ba de controle de categoria UL: NRAQ, NRAQ7 IEC\/EN 61131-2 N\u00ba de arquivo UL: E205091 Portugu\u00eas IEC\/EN 61000-6-4 Nome comercial do produto XNE Tipo de produto Acess\u00f3rio Subtipo de produto Placa de entrada Notas do cat\u00e1logo M\u00f3dulos base sem conex\u00e3o C j\u00e1 integrados Caracter\u00edsticas e fun\u00e7\u00f5es Tipo de conex\u00e3o el\u00e9trica Conex\u00e3o plug-in Caracter\u00edsticas Conex\u00e3o fieldbus por meio de acoplador de barramento separado poss\u00edvel Fun\u00e7\u00f5es Comuta\u00e7\u00e3o positiva Informa\u00e7\u00f5es gerais Consumo de corrente 3 mA, do terminal de alimenta\u00e7\u00e3o 15 mA, do barramento do m\u00f3dulo, M\u00f3dulos de entrada anal\u00f3gicos Grau de prote\u00e7\u00e3o IP20 M\u00e9todo de montagem Montagem em trilho poss\u00edvel N\u00famero de canais 16 Categoria de produto M\u00f3dulo slice XNE Tipo M\u00f3dulo de E\/S Tipo de tens\u00e3o CC Condi\u00e7\u00f5es ambientais, mec\u00e2nicas Queda e tombamento De acordo com IEC 60068-2-31, queda livre de acordo com IEC 60068-2-32 Resist\u00eancia a choques Cont\u00ednuo de acordo com IEC\/EN 60068-2-29 Mec\u00e2nico, de acordo com IEC\/EN 60068-2-27 Resist\u00eancia \u00e0 vibra\u00e7\u00e3o de acordo com IEC\/EN 60068-2-6 Condi\u00e7\u00f5es clim\u00e1ticas ambientais Temperatura ambiente de opera\u00e7\u00e3o \u2013 m\u00edn. 0 \u00b0C Temperatura ambiente de opera\u00e7\u00e3o \u2013 m\u00e1x. 55 \u00b0C Temperatura ambiente de armazenamento \u2013 m\u00edn. -25 \u00b0C Temperatura ambiente de armazenamento \u2013 m\u00e1x. 85 \u00b0C Condi\u00e7\u00f5es ambientais Gases nocivos \u2013 H2S: 1 ppm (humidade relativa &lt; 75%, sem condensa\u00e7\u00e3o) Gases nocivos \u2013 SO2: 10 ppm (humidade relativa &lt; 75%, sem condensa\u00e7\u00e3o) Humidade relativa 5 \u2013 95 % (interior, N\u00edvel RH-2, sem condensa\u00e7\u00e3o para armazenamento a 45 \u00b0C) Compatibilidade eletromagn\u00e9tica Descarga de ar Conforme EN 61100-4-2 Impulso de ruptura Conforme IEC\/EN 61000-4-4 Descarga de contacto Conforme EN 61100-4-2 Campos eletromagn\u00e9ticos Conforme IEC EN 61100-4-2 Interfer\u00eancia emitida 30 \u2013 230 MHz (irradiado, alta frequ\u00eancia, conforme EN 55016-2-3) 230 \u2013 1000 MHz (irradiado, alta frequ\u00eancia, conforme EN 55016-2-3) RFI irradiado IEC\/EN 61100-4-6 Classifica\u00e7\u00e3o de surto Conforme IEC\/EN 61000-4-5 N\u00edvel 4 Quedas de tens\u00e3o Conforme EN 61131-2 (Flutua\u00e7\u00f5es de tens\u00e3o\/quedas de tens\u00e3o) Capacidades dos terminais Capacidade dos terminais 0,25 \u2013 1,5 mm\u00b2, flex\u00edvel sem ponteira, H07V-K 0,25 \u2013 0,75 mm\u00b2, com ponteiras com colar de pl\u00e1stico conforme DIN 46228-1 (virolas crimpadas estanques a g\u00e1s) 0,25 \u2013 1,5 mm\u00b2, s\u00f3lido, H07V-U 0,25 \u2013 1,5 mm\u00b2, com ponteiras sem colar de pl\u00e1stico conforme DIN 46228-1 (virolas crimpadas estanques a g\u00e1s)<\/p>\n","protected":false},"excerpt":{"rendered":"<p>Nome do produto Eaton XNE Placa de entrada de acess\u00f3rios N\u00ba da pe\u00e7a XNE-16DI-24VDC-P EAN 7640130120525 Comprimento\/profundidade do produto 161,5 mil\u00edmetros Altura do produto 74,5 mil\u00edmetros Largura do produto 13 mil\u00edmetros Peso do produto 0,062 quilogramas Conformidades Marca\u00e7\u00e3o CE Em conformidade com RoHS Certifica\u00e7\u00f5es Listado pela UL Reconhecido pela UL UL 508 Dados classificados pela [&hellip;]<\/p>\n","protected":false},"featured_media":3895,"comment_status":"open","ping_status":"closed","template":"","meta":[],"product_brand":[],"product_cat":[1125],"product_tag":[],"class_list":{"0":"post-3894","1":"product","2":"type-product","3":"status-publish","4":"has-post-thumbnail","6":"product_cat-modulo","8":"first","9":"onbackorder","10":"shipping-taxable","11":"purchasable","12":"product-type-simple"},"yoast_head":"<!-- This site is optimized with the Yoast SEO plugin v27.4 - https:\/\/yoast.com\/product\/yoast-seo-wordpress\/ -->\n<title>XNE-16DI-24VDC-P \u2013 Placa de entrada digital XION ECO, 24 V DC, 16 DI, comuta\u00e7\u00e3o por pulso - BH IMPORTS &amp; EXPORTS<\/title>\n<meta name=\"robots\" content=\"index, follow, max-snippet:-1, max-image-preview:large, max-video-preview:-1\" \/>\n<link rel=\"canonical\" href=\"https:\/\/bhimportsexports.com\/hl=pt\/produto\/xne-16di-24vdc-p-placa-de-entrada-digital-xion-eco-24-v-dc-16-di-comutacao-por-pulso\/\" \/>\n<meta property=\"og:locale\" content=\"pt_BR\" \/>\n<meta property=\"og:type\" content=\"article\" \/>\n<meta property=\"og:title\" content=\"XNE-16DI-24VDC-P \u2013 Placa de entrada digital XION ECO, 24 V DC, 16 DI, comuta\u00e7\u00e3o por pulso - BH IMPORTS &amp; EXPORTS\" \/>\n<meta property=\"og:description\" content=\"Nome do produto Eaton XNE Placa de entrada de acess\u00f3rios N\u00ba da pe\u00e7a XNE-16DI-24VDC-P EAN 7640130120525 Comprimento\/profundidade do produto 161,5 mil\u00edmetros Altura do produto 74,5 mil\u00edmetros Largura do produto 13 mil\u00edmetros Peso do produto 0,062 quilogramas Conformidades Marca\u00e7\u00e3o CE Em conformidade com RoHS Certifica\u00e7\u00f5es Listado pela UL Reconhecido pela UL UL 508 Dados classificados pela [&hellip;]\" \/>\n<meta property=\"og:url\" content=\"https:\/\/bhimportsexports.com\/hl=pt\/produto\/xne-16di-24vdc-p-placa-de-entrada-digital-xion-eco-24-v-dc-16-di-comutacao-por-pulso\/\" \/>\n<meta property=\"og:site_name\" content=\"BH IMPORTS &amp; EXPORTS\" \/>\n<meta property=\"article:modified_time\" content=\"2025-04-18T13:47:59+00:00\" \/>\n<meta property=\"og:image\" content=\"https:\/\/bhimportsexports.com\/wp-content\/uploads\/2025\/03\/XNE-16DI-24VDC-P_C-300x300-1.jpeg\" \/>\n\t<meta property=\"og:image:width\" content=\"300\" \/>\n\t<meta property=\"og:image:height\" content=\"300\" \/>\n\t<meta property=\"og:image:type\" content=\"image\/jpeg\" \/>\n<meta name=\"twitter:card\" content=\"summary_large_image\" \/>\n<meta name=\"twitter:label1\" content=\"Est. tempo de leitura\" \/>\n\t<meta name=\"twitter:data1\" content=\"2 minutos\" \/>\n<script type=\"application\/ld+json\" class=\"yoast-schema-graph\">{\"@context\":\"https:\\\/\\\/schema.org\",\"@graph\":[{\"@type\":\"WebPage\",\"@id\":\"https:\\\/\\\/bhimportsexports.com\\\/hl=pt\\\/produto\\\/xne-16di-24vdc-p-placa-de-entrada-digital-xion-eco-24-v-dc-16-di-comutacao-por-pulso\\\/\",\"url\":\"https:\\\/\\\/bhimportsexports.com\\\/hl=pt\\\/produto\\\/xne-16di-24vdc-p-placa-de-entrada-digital-xion-eco-24-v-dc-16-di-comutacao-por-pulso\\\/\",\"name\":\"XNE-16DI-24VDC-P \u2013 Placa de entrada digital XION ECO, 24 V DC, 16 DI, comuta\u00e7\u00e3o por pulso - BH IMPORTS &amp; EXPORTS\",\"isPartOf\":{\"@id\":\"https:\\\/\\\/bhimportsexports.com\\\/hl=pt\\\/#website\"},\"primaryImageOfPage\":{\"@id\":\"https:\\\/\\\/bhimportsexports.com\\\/hl=pt\\\/produto\\\/xne-16di-24vdc-p-placa-de-entrada-digital-xion-eco-24-v-dc-16-di-comutacao-por-pulso\\\/#primaryimage\"},\"image\":{\"@id\":\"https:\\\/\\\/bhimportsexports.com\\\/hl=pt\\\/produto\\\/xne-16di-24vdc-p-placa-de-entrada-digital-xion-eco-24-v-dc-16-di-comutacao-por-pulso\\\/#primaryimage\"},\"thumbnailUrl\":\"https:\\\/\\\/bhimportsexports.com\\\/wp-content\\\/uploads\\\/2025\\\/03\\\/XNE-16DI-24VDC-P_C-300x300-1.jpeg\",\"datePublished\":\"2025-03-07T11:49:07+00:00\",\"dateModified\":\"2025-04-18T13:47:59+00:00\",\"breadcrumb\":{\"@id\":\"https:\\\/\\\/bhimportsexports.com\\\/hl=pt\\\/produto\\\/xne-16di-24vdc-p-placa-de-entrada-digital-xion-eco-24-v-dc-16-di-comutacao-por-pulso\\\/#breadcrumb\"},\"inLanguage\":\"pt-BR\",\"potentialAction\":[{\"@type\":\"ReadAction\",\"target\":[\"https:\\\/\\\/bhimportsexports.com\\\/hl=pt\\\/produto\\\/xne-16di-24vdc-p-placa-de-entrada-digital-xion-eco-24-v-dc-16-di-comutacao-por-pulso\\\/\"]}]},{\"@type\":\"ImageObject\",\"inLanguage\":\"pt-BR\",\"@id\":\"https:\\\/\\\/bhimportsexports.com\\\/hl=pt\\\/produto\\\/xne-16di-24vdc-p-placa-de-entrada-digital-xion-eco-24-v-dc-16-di-comutacao-por-pulso\\\/#primaryimage\",\"url\":\"https:\\\/\\\/bhimportsexports.com\\\/wp-content\\\/uploads\\\/2025\\\/03\\\/XNE-16DI-24VDC-P_C-300x300-1.jpeg\",\"contentUrl\":\"https:\\\/\\\/bhimportsexports.com\\\/wp-content\\\/uploads\\\/2025\\\/03\\\/XNE-16DI-24VDC-P_C-300x300-1.jpeg\",\"width\":300,\"height\":300},{\"@type\":\"BreadcrumbList\",\"@id\":\"https:\\\/\\\/bhimportsexports.com\\\/hl=pt\\\/produto\\\/xne-16di-24vdc-p-placa-de-entrada-digital-xion-eco-24-v-dc-16-di-comutacao-por-pulso\\\/#breadcrumb\",\"itemListElement\":[{\"@type\":\"ListItem\",\"position\":1,\"name\":\"In\u00edcio\",\"item\":\"https:\\\/\\\/bhimportsexports.com\\\/hl=pt\\\/\"},{\"@type\":\"ListItem\",\"position\":2,\"name\":\"Loja\",\"item\":\"https:\\\/\\\/bhimportsexports.com\\\/hl=pt\\\/loja\\\/\"},{\"@type\":\"ListItem\",\"position\":3,\"name\":\"XNE-16DI-24VDC-P \u2013 Placa de entrada digital XION ECO, 24 V DC, 16 DI, comuta\u00e7\u00e3o por pulso\"}]},{\"@type\":\"WebSite\",\"@id\":\"https:\\\/\\\/bhimportsexports.com\\\/hl=pt\\\/#website\",\"url\":\"https:\\\/\\\/bhimportsexports.com\\\/hl=pt\\\/\",\"name\":\"BH IMPORTS & EXPORTS\",\"description\":\"Innovation and excellence in international trade. Import, export, consultancy and sourcing.\",\"publisher\":{\"@id\":\"https:\\\/\\\/bhimportsexports.com\\\/hl=pt\\\/#organization\"},\"potentialAction\":[{\"@type\":\"SearchAction\",\"target\":{\"@type\":\"EntryPoint\",\"urlTemplate\":\"https:\\\/\\\/bhimportsexports.com\\\/hl=pt\\\/?s={search_term_string}\"},\"query-input\":{\"@type\":\"PropertyValueSpecification\",\"valueRequired\":true,\"valueName\":\"search_term_string\"}}],\"inLanguage\":\"pt-BR\"},{\"@type\":\"Organization\",\"@id\":\"https:\\\/\\\/bhimportsexports.com\\\/hl=pt\\\/#organization\",\"name\":\"BH IMPORTS & EXPORTS\",\"url\":\"https:\\\/\\\/bhimportsexports.com\\\/hl=pt\\\/\",\"logo\":{\"@type\":\"ImageObject\",\"inLanguage\":\"pt-BR\",\"@id\":\"https:\\\/\\\/bhimportsexports.com\\\/hl=pt\\\/#\\\/schema\\\/logo\\\/image\\\/\",\"url\":\"https:\\\/\\\/bhimportsexports.com\\\/wp-content\\\/uploads\\\/2024\\\/09\\\/BH-IMPORTS.png\",\"contentUrl\":\"https:\\\/\\\/bhimportsexports.com\\\/wp-content\\\/uploads\\\/2024\\\/09\\\/BH-IMPORTS.png\",\"width\":300,\"height\":200,\"caption\":\"BH IMPORTS & EXPORTS\"},\"image\":{\"@id\":\"https:\\\/\\\/bhimportsexports.com\\\/hl=pt\\\/#\\\/schema\\\/logo\\\/image\\\/\"}}]}<\/script>\n<!-- \/ Yoast SEO plugin. -->","yoast_head_json":{"title":"XNE-16DI-24VDC-P \u2013 Placa de entrada digital XION ECO, 24 V DC, 16 DI, comuta\u00e7\u00e3o por pulso - BH IMPORTS &amp; EXPORTS","robots":{"index":"index","follow":"follow","max-snippet":"max-snippet:-1","max-image-preview":"max-image-preview:large","max-video-preview":"max-video-preview:-1"},"canonical":"https:\/\/bhimportsexports.com\/hl=pt\/produto\/xne-16di-24vdc-p-placa-de-entrada-digital-xion-eco-24-v-dc-16-di-comutacao-por-pulso\/","og_locale":"pt_BR","og_type":"article","og_title":"XNE-16DI-24VDC-P \u2013 Placa de entrada digital XION ECO, 24 V DC, 16 DI, comuta\u00e7\u00e3o por pulso - BH IMPORTS &amp; EXPORTS","og_description":"Nome do produto Eaton XNE Placa de entrada de acess\u00f3rios N\u00ba da pe\u00e7a XNE-16DI-24VDC-P EAN 7640130120525 Comprimento\/profundidade do produto 161,5 mil\u00edmetros Altura do produto 74,5 mil\u00edmetros Largura do produto 13 mil\u00edmetros Peso do produto 0,062 quilogramas Conformidades Marca\u00e7\u00e3o CE Em conformidade com RoHS Certifica\u00e7\u00f5es Listado pela UL Reconhecido pela UL UL 508 Dados classificados pela [&hellip;]","og_url":"https:\/\/bhimportsexports.com\/hl=pt\/produto\/xne-16di-24vdc-p-placa-de-entrada-digital-xion-eco-24-v-dc-16-di-comutacao-por-pulso\/","og_site_name":"BH IMPORTS &amp; EXPORTS","article_modified_time":"2025-04-18T13:47:59+00:00","og_image":[{"width":300,"height":300,"url":"https:\/\/bhimportsexports.com\/wp-content\/uploads\/2025\/03\/XNE-16DI-24VDC-P_C-300x300-1.jpeg","type":"image\/jpeg"}],"twitter_card":"summary_large_image","twitter_misc":{"Est. tempo de leitura":"2 minutos"},"schema":{"@context":"https:\/\/schema.org","@graph":[{"@type":"WebPage","@id":"https:\/\/bhimportsexports.com\/hl=pt\/produto\/xne-16di-24vdc-p-placa-de-entrada-digital-xion-eco-24-v-dc-16-di-comutacao-por-pulso\/","url":"https:\/\/bhimportsexports.com\/hl=pt\/produto\/xne-16di-24vdc-p-placa-de-entrada-digital-xion-eco-24-v-dc-16-di-comutacao-por-pulso\/","name":"XNE-16DI-24VDC-P \u2013 Placa de entrada digital XION ECO, 24 V DC, 16 DI, comuta\u00e7\u00e3o por pulso - BH IMPORTS &amp; EXPORTS","isPartOf":{"@id":"https:\/\/bhimportsexports.com\/hl=pt\/#website"},"primaryImageOfPage":{"@id":"https:\/\/bhimportsexports.com\/hl=pt\/produto\/xne-16di-24vdc-p-placa-de-entrada-digital-xion-eco-24-v-dc-16-di-comutacao-por-pulso\/#primaryimage"},"image":{"@id":"https:\/\/bhimportsexports.com\/hl=pt\/produto\/xne-16di-24vdc-p-placa-de-entrada-digital-xion-eco-24-v-dc-16-di-comutacao-por-pulso\/#primaryimage"},"thumbnailUrl":"https:\/\/bhimportsexports.com\/wp-content\/uploads\/2025\/03\/XNE-16DI-24VDC-P_C-300x300-1.jpeg","datePublished":"2025-03-07T11:49:07+00:00","dateModified":"2025-04-18T13:47:59+00:00","breadcrumb":{"@id":"https:\/\/bhimportsexports.com\/hl=pt\/produto\/xne-16di-24vdc-p-placa-de-entrada-digital-xion-eco-24-v-dc-16-di-comutacao-por-pulso\/#breadcrumb"},"inLanguage":"pt-BR","potentialAction":[{"@type":"ReadAction","target":["https:\/\/bhimportsexports.com\/hl=pt\/produto\/xne-16di-24vdc-p-placa-de-entrada-digital-xion-eco-24-v-dc-16-di-comutacao-por-pulso\/"]}]},{"@type":"ImageObject","inLanguage":"pt-BR","@id":"https:\/\/bhimportsexports.com\/hl=pt\/produto\/xne-16di-24vdc-p-placa-de-entrada-digital-xion-eco-24-v-dc-16-di-comutacao-por-pulso\/#primaryimage","url":"https:\/\/bhimportsexports.com\/wp-content\/uploads\/2025\/03\/XNE-16DI-24VDC-P_C-300x300-1.jpeg","contentUrl":"https:\/\/bhimportsexports.com\/wp-content\/uploads\/2025\/03\/XNE-16DI-24VDC-P_C-300x300-1.jpeg","width":300,"height":300},{"@type":"BreadcrumbList","@id":"https:\/\/bhimportsexports.com\/hl=pt\/produto\/xne-16di-24vdc-p-placa-de-entrada-digital-xion-eco-24-v-dc-16-di-comutacao-por-pulso\/#breadcrumb","itemListElement":[{"@type":"ListItem","position":1,"name":"In\u00edcio","item":"https:\/\/bhimportsexports.com\/hl=pt\/"},{"@type":"ListItem","position":2,"name":"Loja","item":"https:\/\/bhimportsexports.com\/hl=pt\/loja\/"},{"@type":"ListItem","position":3,"name":"XNE-16DI-24VDC-P \u2013 Placa de entrada digital XION ECO, 24 V DC, 16 DI, comuta\u00e7\u00e3o por pulso"}]},{"@type":"WebSite","@id":"https:\/\/bhimportsexports.com\/hl=pt\/#website","url":"https:\/\/bhimportsexports.com\/hl=pt\/","name":"BH IMPORTS & EXPORTS","description":"Innovation and excellence in international trade. Import, export, consultancy and sourcing.","publisher":{"@id":"https:\/\/bhimportsexports.com\/hl=pt\/#organization"},"potentialAction":[{"@type":"SearchAction","target":{"@type":"EntryPoint","urlTemplate":"https:\/\/bhimportsexports.com\/hl=pt\/?s={search_term_string}"},"query-input":{"@type":"PropertyValueSpecification","valueRequired":true,"valueName":"search_term_string"}}],"inLanguage":"pt-BR"},{"@type":"Organization","@id":"https:\/\/bhimportsexports.com\/hl=pt\/#organization","name":"BH IMPORTS & EXPORTS","url":"https:\/\/bhimportsexports.com\/hl=pt\/","logo":{"@type":"ImageObject","inLanguage":"pt-BR","@id":"https:\/\/bhimportsexports.com\/hl=pt\/#\/schema\/logo\/image\/","url":"https:\/\/bhimportsexports.com\/wp-content\/uploads\/2024\/09\/BH-IMPORTS.png","contentUrl":"https:\/\/bhimportsexports.com\/wp-content\/uploads\/2024\/09\/BH-IMPORTS.png","width":300,"height":200,"caption":"BH IMPORTS & EXPORTS"},"image":{"@id":"https:\/\/bhimportsexports.com\/hl=pt\/#\/schema\/logo\/image\/"}}]}},"_links":{"self":[{"href":"https:\/\/bhimportsexports.com\/hl=pt\/wp-json\/wp\/v2\/product\/3894","targetHints":{"allow":["GET"]}}],"collection":[{"href":"https:\/\/bhimportsexports.com\/hl=pt\/wp-json\/wp\/v2\/product"}],"about":[{"href":"https:\/\/bhimportsexports.com\/hl=pt\/wp-json\/wp\/v2\/types\/product"}],"replies":[{"embeddable":true,"href":"https:\/\/bhimportsexports.com\/hl=pt\/wp-json\/wp\/v2\/comments?post=3894"}],"wp:featuredmedia":[{"embeddable":true,"href":"https:\/\/bhimportsexports.com\/hl=pt\/wp-json\/wp\/v2\/media\/3895"}],"wp:attachment":[{"href":"https:\/\/bhimportsexports.com\/hl=pt\/wp-json\/wp\/v2\/media?parent=3894"}],"wp:term":[{"taxonomy":"product_brand","embeddable":true,"href":"https:\/\/bhimportsexports.com\/hl=pt\/wp-json\/wp\/v2\/product_brand?post=3894"},{"taxonomy":"product_cat","embeddable":true,"href":"https:\/\/bhimportsexports.com\/hl=pt\/wp-json\/wp\/v2\/product_cat?post=3894"},{"taxonomy":"product_tag","embeddable":true,"href":"https:\/\/bhimportsexports.com\/hl=pt\/wp-json\/wp\/v2\/product_tag?post=3894"}],"curies":[{"name":"wp","href":"https:\/\/api.w.org\/{rel}","templated":true}]}}