{"id":3892,"date":"2025-03-07T11:24:54","date_gmt":"2025-03-07T11:24:54","guid":{"rendered":"https:\/\/bhimportsexports.com\/hl=pt\/?post_type=product&#038;p=3892"},"modified":"2025-03-07T11:24:54","modified_gmt":"2025-03-07T11:24:54","slug":"xne-16do-24vdc-0-5a-p-modulo-de-saida-digital-xi-on-eco-24-v-dc-16do-05-a-comutacao-por-pulso","status":"publish","type":"product","link":"https:\/\/bhimportsexports.com\/hl=pt\/produto\/xne-16do-24vdc-0-5a-p-modulo-de-saida-digital-xi-on-eco-24-v-dc-16do-05-a-comutacao-por-pulso\/","title":{"rendered":"XNE-16DO-24VDC-0.5A-P \u2013 M\u00f3dulo de sa\u00edda digital XI\/ON ECO, 24 V DC, 16DO, 0,5 A, comuta\u00e7\u00e3o por pulso"},"content":{"rendered":"<p>Especifica\u00e7\u00f5es gerais Nome do produto Eaton XNE M\u00f3dulo de sa\u00edda N\u00ba da pe\u00e7a XNE-16DO-24VDC-0.5A-P EAN 7640130120532 Comprimento\/profundidade do produto 161,5 mil\u00edmetros Altura do produto 74,5 mil\u00edmetros Largura do produto 13 mil\u00edmetros Peso do produto 0,068 quilograma Conformidades Marca CE Em conformidade com RoHS Certifica\u00e7\u00f5es Listado pela UL IEC\/EN 61000-6-2 Reconhecido pela UL UL 508 Classe CSA n\u00ba: 2252-01, 2252-81 CSA-C22.2 n\u00ba 142 Controle de categoria UL n\u00ba: NRAQ, NRAQ7 CULus N\u00famero do arquivo UL: E205091 IEC\/EN 6113-2 CE IEC\/EN 61131-2 O relat\u00f3rio UL se aplica aos EUA e Canad\u00e1 Certificado pela UL para uso no Canad\u00e1 IEC\/EN 61000-6-4 Dados classificados para termina\u00e7\u00f5es de acordo com IEC\/EN 60947-7-1 Nome comercial do produto XNE Tipo de produto M\u00f3dulo de sa\u00edda Subtipo de produto Nenhum Caracter\u00edsticas e fun\u00e7\u00f5es Tipo de conex\u00e3o el\u00e9trica Conex\u00e3o plug-in Caracter\u00edsticas Conex\u00e3o fieldbus por meio de acoplador de barramento separado poss\u00edvel Equipado com: Sensores conect\u00e1veis \u200b\u200bpara cargas de l\u00e2mpada Sensores conect\u00e1veis \u200b\u200bpara cargas resistivas Sensores conect\u00e1veis \u200b\u200bpara cargas indutivas Fun\u00e7\u00f5es Comuta\u00e7\u00e3o positiva Prote\u00e7\u00e3o contra curto-circuito, sa\u00eddas dispon\u00edveis Informa\u00e7\u00f5es gerais Consumo de corrente 3 mA, do terminal de alimenta\u00e7\u00e3o 25 mA, do barramento do m\u00f3dulo, M\u00f3dulos de entrada anal\u00f3gicos Grau de prote\u00e7\u00e3o IP20 M\u00e9todo de montagem Montagem em trilho poss\u00edvel N\u00famero de canais 16 Frequ\u00eancia de opera\u00e7\u00e3o Conforme DC13 para IEC 60947-5-1 em carga indutiva Categoria de produto M\u00f3dulo slice XNE Frequ\u00eancia de comuta\u00e7\u00e3o 100 Hz, com carga resistiva, Sa\u00eddas digitais 10 Hz, com carga de l\u00e2mpada, Sa\u00eddas digitais Tipo XI\/ON M\u00f3dulo de E\/S Tipo de tens\u00e3o CC Condi\u00e7\u00f5es ambientais, mec\u00e2nicas Queda e tombamento Conforme IEC 60068-2-31, queda livre conforme IEC 60068-2-32 Resist\u00eancia ao choque Cont\u00ednuo de acordo com IEC\/EN 60068-2-29 Mec\u00e2nico, de acordo com IEC\/EN 60068-2-27 Resist\u00eancia \u00e0 vibra\u00e7\u00e3o De acordo com IEC\/EN 60068-2-6 Condi\u00e7\u00f5es clim\u00e1ticas ambientais Temperatura ambiente de opera\u00e7\u00e3o \u2013 m\u00edn. 0 \u00b0C Temperatura ambiente de opera\u00e7\u00e3o \u2013 m\u00e1x. 55 \u00b0C Temperatura ambiente de armazenamento \u2013 m\u00edn. -25 \u00b0C Temperatura ambiente de armazenamento \u2013 m\u00e1x. 85 \u00b0C Condi\u00e7\u00f5es ambientais Gases nocivos \u2013 SO2: 10 ppm (humidade relativa &lt; 75%, sem condensa\u00e7\u00e3o) Gases nocivos \u2013 H2S: 1 ppm (humidade relativa &lt; 75%, sem condensa\u00e7\u00e3o) Humidade relativa 5 \u2013 95 % (interior, N\u00edvel RH-2, sem condensa\u00e7\u00e3o para armazenamento a 45 \u00b0C) Compatibilidade eletromagn\u00e9tica Descarga de ar De acordo com EN 61100-4-2 Impulso de ruptura De acordo com IEC\/EN 61000-4-4 Descarga de contato Conforme EN 61100-4-2 Campos eletromagn\u00e9ticos Conforme IEC EN 61100-4-2 Interfer\u00eancia emitida 30 \u2013 230 MHz (irradiado, alta frequ\u00eancia, conforme EN 55016-2-3) 230 \u2013 1000 MHz (irradiado, alta frequ\u00eancia, conforme EN 55016-2-3) RFI irradiado IEC\/EN 61100-4-6 Classifica\u00e7\u00e3o de surto Conforme IEC\/EN 61000-4-5 N\u00edvel 4 Quedas de tens\u00e3o Conforme EN 61131-2 (Flutua\u00e7\u00f5es de tens\u00e3o\/quedas de tens\u00e3o) Capacidades dos terminais Capacidade dos terminais 0,25 \u2013 1,5 mm\u00b2, s\u00f3lido, H07V-U 0,25 \u2013 0,75 mm\u00b2, com terminais com colar de pl\u00e1stico conforme DIN 46228-1 (terminais crimpados estanque ao g\u00e1s) 0,25 \u2013 1,5 mm\u00b2, com terminais sem colar de pl\u00e1stico conforme DIN 46228-1 (terminais crimpados estanque ao g\u00e1s) 0,25 \u2013 1,5 mm\u00b2, flex\u00edvel sem terminais, H07V-K Pino de calibre A1 (conforme IEC\/EN 60947-1) Comprimento de decapagem (cabo principal) 8 mm Classifica\u00e7\u00e3o el\u00e9trica Perda de pot\u00eancia 2,5 W Tens\u00e3o operacional nominal 24 V DC (terminal de alimenta\u00e7\u00e3o) Prote\u00e7\u00e3o contra curto-circuito \u00c0 prova de curto-circuito, Classifica\u00e7\u00e3o de curto-circuito, Sa\u00eddas digitais Libera\u00e7\u00e3o de curto-circuito Autom\u00e1tico, Ii, Reinicializa\u00e7\u00e3o ap\u00f3s curto-circuito retificado, Sa\u00eddas digitais Tens\u00e3o de alimenta\u00e7\u00e3o em CA, 50 Hz \u2013 m\u00edn. 0 V CA Tens\u00e3o de alimenta\u00e7\u00e3o em CA, 50 Hz \u2013 m\u00e1x. 0 V CA Tens\u00e3o de alimenta\u00e7\u00e3o em CC \u2013 m\u00edn. 18 V CC Tens\u00e3o de alimenta\u00e7\u00e3o em CC \u2013 m\u00e1x. 30 V CC Comunica\u00e7\u00e3o Tipo de conex\u00e3o Terminais de mola push-in, Projeto de conex\u00e3o na dire\u00e7\u00e3o TOP Protocolo Outro barramento sistemas Entrada\/Sa\u00edda Tempo de atraso 300 \u00b5s, Sa\u00eddas digitais, Atraso na mudan\u00e7a de sinal e carga resistiva, do sinal alto para o baixo 300 \u00b5s, Sa\u00eddas digitais, Atraso na mudan\u00e7a de sinal e carga resistiva, do sinal baixo para o alto Corrente de entrada no sinal 1 0 mA Carga da l\u00e2mpada \u2264 6 W (em RLL) Resist\u00eancia de carga \u2265 48 \u03a9 De acordo com DC13 para IEC 60947-5-1 N\u00famero de entradas (digitais) 0 N\u00famero de sa\u00eddas (digitais) 16 Sa\u00edda 16 Sa\u00eddas digitais (24 V CC, 0,5 A) Corrente de sa\u00edda &lt; 1 A (n\u00edvel alto, faixa permitida) 0,5 A Tens\u00e3o de sa\u00edda 23 V CC (Sa\u00eddas digitais) Fator de utiliza\u00e7\u00e3o 100 % 50 %, m\u00e1x. 4 A<\/p>\n","protected":false},"excerpt":{"rendered":"<p>Especifica\u00e7\u00f5es gerais Nome do produto Eaton XNE M\u00f3dulo de sa\u00edda N\u00ba da pe\u00e7a XNE-16DO-24VDC-0.5A-P EAN 7640130120532 Comprimento\/profundidade do produto 161,5 mil\u00edmetros Altura do produto 74,5 mil\u00edmetros Largura do produto 13 mil\u00edmetros Peso do produto 0,068 quilograma Conformidades Marca CE Em conformidade com RoHS Certifica\u00e7\u00f5es Listado pela UL IEC\/EN 61000-6-2 Reconhecido pela UL UL 508 Classe [&hellip;]<\/p>\n","protected":false},"featured_media":3893,"comment_status":"open","ping_status":"closed","template":"","meta":[],"product_brand":[],"product_cat":[1125],"product_tag":[],"class_list":{"0":"post-3892","1":"product","2":"type-product","3":"status-publish","4":"has-post-thumbnail","6":"product_cat-modulo","8":"first","9":"onbackorder","10":"shipping-taxable","11":"purchasable","12":"product-type-simple"},"yoast_head":"<!-- This site is optimized with the Yoast SEO plugin v27.4 - https:\/\/yoast.com\/product\/yoast-seo-wordpress\/ -->\n<title>XNE-16DO-24VDC-0.5A-P \u2013 M\u00f3dulo de sa\u00edda digital XI\/ON ECO, 24 V DC, 16DO, 0,5 A, comuta\u00e7\u00e3o por pulso - BH IMPORTS &amp; EXPORTS<\/title>\n<meta name=\"robots\" content=\"index, follow, max-snippet:-1, max-image-preview:large, max-video-preview:-1\" \/>\n<link rel=\"canonical\" href=\"https:\/\/bhimportsexports.com\/hl=pt\/produto\/xne-16do-24vdc-0-5a-p-modulo-de-saida-digital-xi-on-eco-24-v-dc-16do-05-a-comutacao-por-pulso\/\" \/>\n<meta property=\"og:locale\" content=\"pt_BR\" \/>\n<meta property=\"og:type\" content=\"article\" \/>\n<meta property=\"og:title\" content=\"XNE-16DO-24VDC-0.5A-P \u2013 M\u00f3dulo de sa\u00edda digital XI\/ON ECO, 24 V DC, 16DO, 0,5 A, comuta\u00e7\u00e3o por pulso - BH IMPORTS &amp; EXPORTS\" \/>\n<meta property=\"og:description\" content=\"Especifica\u00e7\u00f5es gerais Nome do produto Eaton XNE M\u00f3dulo de sa\u00edda N\u00ba da pe\u00e7a XNE-16DO-24VDC-0.5A-P EAN 7640130120532 Comprimento\/profundidade do produto 161,5 mil\u00edmetros Altura do produto 74,5 mil\u00edmetros Largura do produto 13 mil\u00edmetros Peso do produto 0,068 quilograma Conformidades Marca CE Em conformidade com RoHS Certifica\u00e7\u00f5es Listado pela UL IEC\/EN 61000-6-2 Reconhecido pela UL UL 508 Classe [&hellip;]\" \/>\n<meta property=\"og:url\" content=\"https:\/\/bhimportsexports.com\/hl=pt\/produto\/xne-16do-24vdc-0-5a-p-modulo-de-saida-digital-xi-on-eco-24-v-dc-16do-05-a-comutacao-por-pulso\/\" \/>\n<meta property=\"og:site_name\" content=\"BH IMPORTS &amp; EXPORTS\" \/>\n<meta property=\"og:image\" content=\"https:\/\/bhimportsexports.com\/wp-content\/uploads\/2025\/03\/XNE-16DO-24VDC-05AP_C-300x300-1.jpeg\" \/>\n\t<meta property=\"og:image:width\" content=\"300\" \/>\n\t<meta property=\"og:image:height\" content=\"300\" \/>\n\t<meta property=\"og:image:type\" content=\"image\/jpeg\" \/>\n<meta name=\"twitter:card\" content=\"summary_large_image\" \/>\n<meta name=\"twitter:label1\" content=\"Est. tempo de leitura\" \/>\n\t<meta name=\"twitter:data1\" content=\"2 minutos\" \/>\n<script type=\"application\/ld+json\" class=\"yoast-schema-graph\">{\"@context\":\"https:\\\/\\\/schema.org\",\"@graph\":[{\"@type\":\"WebPage\",\"@id\":\"https:\\\/\\\/bhimportsexports.com\\\/hl=pt\\\/produto\\\/xne-16do-24vdc-0-5a-p-modulo-de-saida-digital-xi-on-eco-24-v-dc-16do-05-a-comutacao-por-pulso\\\/\",\"url\":\"https:\\\/\\\/bhimportsexports.com\\\/hl=pt\\\/produto\\\/xne-16do-24vdc-0-5a-p-modulo-de-saida-digital-xi-on-eco-24-v-dc-16do-05-a-comutacao-por-pulso\\\/\",\"name\":\"XNE-16DO-24VDC-0.5A-P \u2013 M\u00f3dulo de sa\u00edda digital XI\\\/ON ECO, 24 V DC, 16DO, 0,5 A, comuta\u00e7\u00e3o por pulso - BH IMPORTS &amp; EXPORTS\",\"isPartOf\":{\"@id\":\"https:\\\/\\\/bhimportsexports.com\\\/hl=pt\\\/#website\"},\"primaryImageOfPage\":{\"@id\":\"https:\\\/\\\/bhimportsexports.com\\\/hl=pt\\\/produto\\\/xne-16do-24vdc-0-5a-p-modulo-de-saida-digital-xi-on-eco-24-v-dc-16do-05-a-comutacao-por-pulso\\\/#primaryimage\"},\"image\":{\"@id\":\"https:\\\/\\\/bhimportsexports.com\\\/hl=pt\\\/produto\\\/xne-16do-24vdc-0-5a-p-modulo-de-saida-digital-xi-on-eco-24-v-dc-16do-05-a-comutacao-por-pulso\\\/#primaryimage\"},\"thumbnailUrl\":\"https:\\\/\\\/bhimportsexports.com\\\/wp-content\\\/uploads\\\/2025\\\/03\\\/XNE-16DO-24VDC-05AP_C-300x300-1.jpeg\",\"datePublished\":\"2025-03-07T11:24:54+00:00\",\"breadcrumb\":{\"@id\":\"https:\\\/\\\/bhimportsexports.com\\\/hl=pt\\\/produto\\\/xne-16do-24vdc-0-5a-p-modulo-de-saida-digital-xi-on-eco-24-v-dc-16do-05-a-comutacao-por-pulso\\\/#breadcrumb\"},\"inLanguage\":\"pt-BR\",\"potentialAction\":[{\"@type\":\"ReadAction\",\"target\":[\"https:\\\/\\\/bhimportsexports.com\\\/hl=pt\\\/produto\\\/xne-16do-24vdc-0-5a-p-modulo-de-saida-digital-xi-on-eco-24-v-dc-16do-05-a-comutacao-por-pulso\\\/\"]}]},{\"@type\":\"ImageObject\",\"inLanguage\":\"pt-BR\",\"@id\":\"https:\\\/\\\/bhimportsexports.com\\\/hl=pt\\\/produto\\\/xne-16do-24vdc-0-5a-p-modulo-de-saida-digital-xi-on-eco-24-v-dc-16do-05-a-comutacao-por-pulso\\\/#primaryimage\",\"url\":\"https:\\\/\\\/bhimportsexports.com\\\/wp-content\\\/uploads\\\/2025\\\/03\\\/XNE-16DO-24VDC-05AP_C-300x300-1.jpeg\",\"contentUrl\":\"https:\\\/\\\/bhimportsexports.com\\\/wp-content\\\/uploads\\\/2025\\\/03\\\/XNE-16DO-24VDC-05AP_C-300x300-1.jpeg\",\"width\":300,\"height\":300},{\"@type\":\"BreadcrumbList\",\"@id\":\"https:\\\/\\\/bhimportsexports.com\\\/hl=pt\\\/produto\\\/xne-16do-24vdc-0-5a-p-modulo-de-saida-digital-xi-on-eco-24-v-dc-16do-05-a-comutacao-por-pulso\\\/#breadcrumb\",\"itemListElement\":[{\"@type\":\"ListItem\",\"position\":1,\"name\":\"In\u00edcio\",\"item\":\"https:\\\/\\\/bhimportsexports.com\\\/hl=pt\\\/\"},{\"@type\":\"ListItem\",\"position\":2,\"name\":\"Loja\",\"item\":\"https:\\\/\\\/bhimportsexports.com\\\/hl=pt\\\/loja\\\/\"},{\"@type\":\"ListItem\",\"position\":3,\"name\":\"XNE-16DO-24VDC-0.5A-P \u2013 M\u00f3dulo de sa\u00edda digital XI\\\/ON ECO, 24 V DC, 16DO, 0,5 A, comuta\u00e7\u00e3o por pulso\"}]},{\"@type\":\"WebSite\",\"@id\":\"https:\\\/\\\/bhimportsexports.com\\\/hl=pt\\\/#website\",\"url\":\"https:\\\/\\\/bhimportsexports.com\\\/hl=pt\\\/\",\"name\":\"BH IMPORTS & EXPORTS\",\"description\":\"Innovation and excellence in international trade. Import, export, consultancy and sourcing.\",\"publisher\":{\"@id\":\"https:\\\/\\\/bhimportsexports.com\\\/hl=pt\\\/#organization\"},\"potentialAction\":[{\"@type\":\"SearchAction\",\"target\":{\"@type\":\"EntryPoint\",\"urlTemplate\":\"https:\\\/\\\/bhimportsexports.com\\\/hl=pt\\\/?s={search_term_string}\"},\"query-input\":{\"@type\":\"PropertyValueSpecification\",\"valueRequired\":true,\"valueName\":\"search_term_string\"}}],\"inLanguage\":\"pt-BR\"},{\"@type\":\"Organization\",\"@id\":\"https:\\\/\\\/bhimportsexports.com\\\/hl=pt\\\/#organization\",\"name\":\"BH IMPORTS & EXPORTS\",\"url\":\"https:\\\/\\\/bhimportsexports.com\\\/hl=pt\\\/\",\"logo\":{\"@type\":\"ImageObject\",\"inLanguage\":\"pt-BR\",\"@id\":\"https:\\\/\\\/bhimportsexports.com\\\/hl=pt\\\/#\\\/schema\\\/logo\\\/image\\\/\",\"url\":\"https:\\\/\\\/bhimportsexports.com\\\/wp-content\\\/uploads\\\/2024\\\/09\\\/BH-IMPORTS.png\",\"contentUrl\":\"https:\\\/\\\/bhimportsexports.com\\\/wp-content\\\/uploads\\\/2024\\\/09\\\/BH-IMPORTS.png\",\"width\":300,\"height\":200,\"caption\":\"BH IMPORTS & EXPORTS\"},\"image\":{\"@id\":\"https:\\\/\\\/bhimportsexports.com\\\/hl=pt\\\/#\\\/schema\\\/logo\\\/image\\\/\"}}]}<\/script>\n<!-- \/ Yoast SEO plugin. -->","yoast_head_json":{"title":"XNE-16DO-24VDC-0.5A-P \u2013 M\u00f3dulo de sa\u00edda digital XI\/ON ECO, 24 V DC, 16DO, 0,5 A, comuta\u00e7\u00e3o por pulso - BH IMPORTS &amp; EXPORTS","robots":{"index":"index","follow":"follow","max-snippet":"max-snippet:-1","max-image-preview":"max-image-preview:large","max-video-preview":"max-video-preview:-1"},"canonical":"https:\/\/bhimportsexports.com\/hl=pt\/produto\/xne-16do-24vdc-0-5a-p-modulo-de-saida-digital-xi-on-eco-24-v-dc-16do-05-a-comutacao-por-pulso\/","og_locale":"pt_BR","og_type":"article","og_title":"XNE-16DO-24VDC-0.5A-P \u2013 M\u00f3dulo de sa\u00edda digital XI\/ON ECO, 24 V DC, 16DO, 0,5 A, comuta\u00e7\u00e3o por pulso - BH IMPORTS &amp; EXPORTS","og_description":"Especifica\u00e7\u00f5es gerais Nome do produto Eaton XNE M\u00f3dulo de sa\u00edda N\u00ba da pe\u00e7a XNE-16DO-24VDC-0.5A-P EAN 7640130120532 Comprimento\/profundidade do produto 161,5 mil\u00edmetros Altura do produto 74,5 mil\u00edmetros Largura do produto 13 mil\u00edmetros Peso do produto 0,068 quilograma Conformidades Marca CE Em conformidade com RoHS Certifica\u00e7\u00f5es Listado pela UL IEC\/EN 61000-6-2 Reconhecido pela UL UL 508 Classe [&hellip;]","og_url":"https:\/\/bhimportsexports.com\/hl=pt\/produto\/xne-16do-24vdc-0-5a-p-modulo-de-saida-digital-xi-on-eco-24-v-dc-16do-05-a-comutacao-por-pulso\/","og_site_name":"BH IMPORTS &amp; EXPORTS","og_image":[{"width":300,"height":300,"url":"https:\/\/bhimportsexports.com\/wp-content\/uploads\/2025\/03\/XNE-16DO-24VDC-05AP_C-300x300-1.jpeg","type":"image\/jpeg"}],"twitter_card":"summary_large_image","twitter_misc":{"Est. tempo de leitura":"2 minutos"},"schema":{"@context":"https:\/\/schema.org","@graph":[{"@type":"WebPage","@id":"https:\/\/bhimportsexports.com\/hl=pt\/produto\/xne-16do-24vdc-0-5a-p-modulo-de-saida-digital-xi-on-eco-24-v-dc-16do-05-a-comutacao-por-pulso\/","url":"https:\/\/bhimportsexports.com\/hl=pt\/produto\/xne-16do-24vdc-0-5a-p-modulo-de-saida-digital-xi-on-eco-24-v-dc-16do-05-a-comutacao-por-pulso\/","name":"XNE-16DO-24VDC-0.5A-P \u2013 M\u00f3dulo de sa\u00edda digital XI\/ON ECO, 24 V DC, 16DO, 0,5 A, comuta\u00e7\u00e3o por pulso - BH IMPORTS &amp; EXPORTS","isPartOf":{"@id":"https:\/\/bhimportsexports.com\/hl=pt\/#website"},"primaryImageOfPage":{"@id":"https:\/\/bhimportsexports.com\/hl=pt\/produto\/xne-16do-24vdc-0-5a-p-modulo-de-saida-digital-xi-on-eco-24-v-dc-16do-05-a-comutacao-por-pulso\/#primaryimage"},"image":{"@id":"https:\/\/bhimportsexports.com\/hl=pt\/produto\/xne-16do-24vdc-0-5a-p-modulo-de-saida-digital-xi-on-eco-24-v-dc-16do-05-a-comutacao-por-pulso\/#primaryimage"},"thumbnailUrl":"https:\/\/bhimportsexports.com\/wp-content\/uploads\/2025\/03\/XNE-16DO-24VDC-05AP_C-300x300-1.jpeg","datePublished":"2025-03-07T11:24:54+00:00","breadcrumb":{"@id":"https:\/\/bhimportsexports.com\/hl=pt\/produto\/xne-16do-24vdc-0-5a-p-modulo-de-saida-digital-xi-on-eco-24-v-dc-16do-05-a-comutacao-por-pulso\/#breadcrumb"},"inLanguage":"pt-BR","potentialAction":[{"@type":"ReadAction","target":["https:\/\/bhimportsexports.com\/hl=pt\/produto\/xne-16do-24vdc-0-5a-p-modulo-de-saida-digital-xi-on-eco-24-v-dc-16do-05-a-comutacao-por-pulso\/"]}]},{"@type":"ImageObject","inLanguage":"pt-BR","@id":"https:\/\/bhimportsexports.com\/hl=pt\/produto\/xne-16do-24vdc-0-5a-p-modulo-de-saida-digital-xi-on-eco-24-v-dc-16do-05-a-comutacao-por-pulso\/#primaryimage","url":"https:\/\/bhimportsexports.com\/wp-content\/uploads\/2025\/03\/XNE-16DO-24VDC-05AP_C-300x300-1.jpeg","contentUrl":"https:\/\/bhimportsexports.com\/wp-content\/uploads\/2025\/03\/XNE-16DO-24VDC-05AP_C-300x300-1.jpeg","width":300,"height":300},{"@type":"BreadcrumbList","@id":"https:\/\/bhimportsexports.com\/hl=pt\/produto\/xne-16do-24vdc-0-5a-p-modulo-de-saida-digital-xi-on-eco-24-v-dc-16do-05-a-comutacao-por-pulso\/#breadcrumb","itemListElement":[{"@type":"ListItem","position":1,"name":"In\u00edcio","item":"https:\/\/bhimportsexports.com\/hl=pt\/"},{"@type":"ListItem","position":2,"name":"Loja","item":"https:\/\/bhimportsexports.com\/hl=pt\/loja\/"},{"@type":"ListItem","position":3,"name":"XNE-16DO-24VDC-0.5A-P \u2013 M\u00f3dulo de sa\u00edda digital XI\/ON ECO, 24 V DC, 16DO, 0,5 A, comuta\u00e7\u00e3o por pulso"}]},{"@type":"WebSite","@id":"https:\/\/bhimportsexports.com\/hl=pt\/#website","url":"https:\/\/bhimportsexports.com\/hl=pt\/","name":"BH IMPORTS & EXPORTS","description":"Innovation and excellence in international trade. Import, export, consultancy and sourcing.","publisher":{"@id":"https:\/\/bhimportsexports.com\/hl=pt\/#organization"},"potentialAction":[{"@type":"SearchAction","target":{"@type":"EntryPoint","urlTemplate":"https:\/\/bhimportsexports.com\/hl=pt\/?s={search_term_string}"},"query-input":{"@type":"PropertyValueSpecification","valueRequired":true,"valueName":"search_term_string"}}],"inLanguage":"pt-BR"},{"@type":"Organization","@id":"https:\/\/bhimportsexports.com\/hl=pt\/#organization","name":"BH IMPORTS & EXPORTS","url":"https:\/\/bhimportsexports.com\/hl=pt\/","logo":{"@type":"ImageObject","inLanguage":"pt-BR","@id":"https:\/\/bhimportsexports.com\/hl=pt\/#\/schema\/logo\/image\/","url":"https:\/\/bhimportsexports.com\/wp-content\/uploads\/2024\/09\/BH-IMPORTS.png","contentUrl":"https:\/\/bhimportsexports.com\/wp-content\/uploads\/2024\/09\/BH-IMPORTS.png","width":300,"height":200,"caption":"BH IMPORTS & EXPORTS"},"image":{"@id":"https:\/\/bhimportsexports.com\/hl=pt\/#\/schema\/logo\/image\/"}}]}},"_links":{"self":[{"href":"https:\/\/bhimportsexports.com\/hl=pt\/wp-json\/wp\/v2\/product\/3892","targetHints":{"allow":["GET"]}}],"collection":[{"href":"https:\/\/bhimportsexports.com\/hl=pt\/wp-json\/wp\/v2\/product"}],"about":[{"href":"https:\/\/bhimportsexports.com\/hl=pt\/wp-json\/wp\/v2\/types\/product"}],"replies":[{"embeddable":true,"href":"https:\/\/bhimportsexports.com\/hl=pt\/wp-json\/wp\/v2\/comments?post=3892"}],"wp:featuredmedia":[{"embeddable":true,"href":"https:\/\/bhimportsexports.com\/hl=pt\/wp-json\/wp\/v2\/media\/3893"}],"wp:attachment":[{"href":"https:\/\/bhimportsexports.com\/hl=pt\/wp-json\/wp\/v2\/media?parent=3892"}],"wp:term":[{"taxonomy":"product_brand","embeddable":true,"href":"https:\/\/bhimportsexports.com\/hl=pt\/wp-json\/wp\/v2\/product_brand?post=3892"},{"taxonomy":"product_cat","embeddable":true,"href":"https:\/\/bhimportsexports.com\/hl=pt\/wp-json\/wp\/v2\/product_cat?post=3892"},{"taxonomy":"product_tag","embeddable":true,"href":"https:\/\/bhimportsexports.com\/hl=pt\/wp-json\/wp\/v2\/product_tag?post=3892"}],"curies":[{"name":"wp","href":"https:\/\/api.w.org\/{rel}","templated":true}]}}