{"id":3889,"date":"2025-02-26T13:16:58","date_gmt":"2025-02-26T13:16:58","guid":{"rendered":"https:\/\/bhimportsexports.com\/hl=pt\/?post_type=product&#038;p=3889"},"modified":"2025-03-04T17:09:40","modified_gmt":"2025-03-04T17:09:40","slug":"xne-gwbr-canopen-gateway-eco-para-sistema-xi-on-i-o-integrado","status":"publish","type":"product","link":"https:\/\/bhimportsexports.com\/hl=pt\/produto\/xne-gwbr-canopen-gateway-eco-para-sistema-xi-on-i-o-integrado\/","title":{"rendered":"XNE-GWBR-CANOPEN \u2013 Gateway ECO para sistema XI\/ON I\/O, integrado"},"content":{"rendered":"<p>Especifica\u00e7\u00f5es gerais Nome do produto Eaton XNE Gateway N\u00ba da pe\u00e7a XNE-GWBR-CANOPEN EAN 7640130120600 Comprimento\/profundidade do produto 129 mil\u00edmetros Altura do produto 75 mil\u00edmetros Largura do produto 33,5 mil\u00edmetros Peso do produto 0,136 quilogramas Certifica\u00e7\u00f5es Dados nominais para termina\u00e7\u00f5es de acordo com IEC\/EN 60947-7-1 CULus IEC\/EN 61000-6-2 IEC\/EN 61000-6-4 CE IEC\/EN 61131-2 IEC\/EN 6113-2 Nome comercial do produto XNE Tipo de produto Gateway Subtipo de produto Nenhum Notas do cat\u00e1logo suporta at\u00e9 62 m\u00f3dulos do tipo disco (XN, XNE) Recursos e fun\u00e7\u00f5es Recursos Conex\u00e3o de fieldbus por acoplador de barramento separado poss\u00edvel Equipado com: M\u00f3dulo de atualiza\u00e7\u00e3o de barramento Separa\u00e7\u00e3o de potencial Informa\u00e7\u00f5es gerais Acess\u00f3rios 1 x placa final XN-ABPL e 2 x suporte final XN-WEW-32\/2-SW inclu\u00eddos com o equipamento fornecido. Faixa admiss\u00edvel 18 \u2013 30 V DC, Configura\u00e7\u00e3o de rede Configura\u00e7\u00e3o m\u00e1xima da esta\u00e7\u00e3o: 62 placas (XN, XNE) de design de fatia ou m\u00e1x. comprimento da esta\u00e7\u00e3o: 1 m Grau de prote\u00e7\u00e3o IP20 M\u00e9todo de montagem Montagem em trilho poss\u00edvel Ondula\u00e7\u00e3o residual Conforme EN 61131-2 Gateways ECO tipo XI\/ON Gateway XNE com alimenta\u00e7\u00e3o integrada Tipo de tens\u00e3o DC Condi\u00e7\u00f5es ambientais, mec\u00e2nicas Queda e tombamento Conforme IEC 60068-2-31, queda livre conforme IEC 60068-2-32 Resist\u00eancia ao choque Mec\u00e2nica, Conforme IEC\/EN 60068-2-27 Cont\u00ednua conforme IEC\/EN 60068-2-29 Resist\u00eancia \u00e0 vibra\u00e7\u00e3o Conforme IEC\/EN 60068-2-6 Condi\u00e7\u00f5es ambientais clim\u00e1ticas Temperatura ambiente de opera\u00e7\u00e3o \u2013 m\u00edn. 0 \u00b0C Temperatura ambiente de opera\u00e7\u00e3o \u2013 m\u00e1x. 55 \u00b0C Temperatura ambiente de armazenamento \u2013 m\u00edn. -25 \u00b0C Temperatura ambiente de armazenamento \u2013 m\u00e1x. 85 \u00b0C Condi\u00e7\u00f5es ambientais Gases nocivos \u2013 H2S: 1 ppm (umidade relativa &lt; 75%, sem condensa\u00e7\u00e3o) Nocivo gases \u2013 SO2: 10 ppm (humidade relativa &lt; 75%, sem condensa\u00e7\u00e3o) Humidade relativa 5 \u2013 95 % (interior, N\u00edvel RH-2, sem condensa\u00e7\u00e3o para armazenamento a 45 \u00b0C) Compatibilidade eletromagn\u00e9tica Descarga de ar De acordo com EN 61100-4-2 Impulso de ruptura De acordo com IEC\/EN 61000-4-4 Descarga de contacto De acordo com EN 61100-4-2 Campos eletromagn\u00e9ticos De acordo com IEC EN 61100-4-2 Interfer\u00eancia emitida 230 \u2013 1000 MHz (irradiado, alta frequ\u00eancia, de acordo com EN 55016-2-3) 30 \u2013 230 MHz (irradiado, alta frequ\u00eancia, de acordo com EN 55016-2-3) RFI irradiado IEC\/EN 61100-4-6 Classifica\u00e7\u00e3o de surto De acordo com IEC\/EN 61000-4-5 N\u00edvel 4 Quedas de tens\u00e3o De acordo com EN 61131-2 (Flutua\u00e7\u00f5es de tens\u00e3o\/quedas de tens\u00e3o) Capacidades dos terminais Capacidade dos terminais 0,25 \u2013 1,5 mm\u00b2, com terminais sem colar de pl\u00e1stico 0,25 \u2013 1,5 mm\u00b2, s\u00f3lido 0,25 \u2013 1,5 mm\u00b2, flex\u00edvel sem terminais 0,25 \u2013 0,75 mm\u00b2, com terminais com colar de pl\u00e1stico Pino de medi\u00e7\u00e3o A1 (conforme IEC\/EN 60947-1) Comprimento de decapagem (cabo principal) 8 mm Classifica\u00e7\u00e3o el\u00e9trica Tens\u00e3o de alimenta\u00e7\u00e3o 4,7 \u2013 5,3 V CC Tens\u00e3o de alimenta\u00e7\u00e3o em CA, 50 Hz \u2013 m\u00edn. 0 V Tens\u00e3o de alimenta\u00e7\u00e3o em CA, 50 Hz \u2013 m\u00e1x. 0 V Tens\u00e3o de alimenta\u00e7\u00e3o em CC \u2013 m\u00edn. 18 V Tens\u00e3o de alimenta\u00e7\u00e3o em CC \u2013 m\u00e1x. 30 V Comunica\u00e7\u00e3o Endere\u00e7amento Endere\u00e7o definido via interruptor DIP Faixa de endere\u00e7os: 1 \u2013 63 decimais Termina\u00e7\u00e3o do barramento Via interruptor DIP, Rede Tipo de conex\u00e3o Terminais de mola push-in, Barramento de campo Gaiola de mola terminais, Barramento de campo\/Tens\u00e3o de alimenta\u00e7\u00e3o) Terminais de mola push-in, Design de conex\u00e3o na dire\u00e7\u00e3o TOP Taxa de transfer\u00eancia de dados 800 kBit\/s 50 kBit\/s 500 kBit\/s, Rede 800 kBit\/s, Rede 125 kBit\/s, Rede 250 kBit\/s 10 kBit\/s, Rede 1000 kBit\/s, Rede 1000 kBit\/s 20 kBit\/s Configura\u00e7\u00e3o por meio de chave DIP ou automaticamente 50 kBit\/s, Rede 250 kBit\/s, Rede 500 kBit\/s 125 kBit\/s Tens\u00e3o de campo 24 V DC (UL) Interfaces Soquete PS\/2 (interface de servi\u00e7o) CANopen\u00ae, Conex\u00e3o de barramento de campo Protocolo CANopen\u00ae CAN Outros sistemas de barramento<\/p>\n","protected":false},"excerpt":{"rendered":"<p>Especifica\u00e7\u00f5es gerais Nome do produto Eaton XNE Gateway N\u00ba da pe\u00e7a XNE-GWBR-CANOPEN EAN 7640130120600 Comprimento\/profundidade do produto 129 mil\u00edmetros Altura do produto 75 mil\u00edmetros Largura do produto 33,5 mil\u00edmetros Peso do produto 0,136 quilogramas Certifica\u00e7\u00f5es Dados nominais para termina\u00e7\u00f5es de acordo com IEC\/EN 60947-7-1 CULus IEC\/EN 61000-6-2 IEC\/EN 61000-6-4 CE IEC\/EN 61131-2 IEC\/EN 6113-2 Nome [&hellip;]<\/p>\n","protected":false},"featured_media":3890,"comment_status":"open","ping_status":"closed","template":"","meta":[],"product_brand":[],"product_cat":[1125],"product_tag":[],"class_list":{"0":"post-3889","1":"product","2":"type-product","3":"status-publish","4":"has-post-thumbnail","6":"product_cat-modulo","8":"first","9":"onbackorder","10":"shipping-taxable","11":"purchasable","12":"product-type-simple"},"yoast_head":"<!-- This site is optimized with the Yoast SEO plugin v27.4 - https:\/\/yoast.com\/product\/yoast-seo-wordpress\/ -->\n<title>XNE-GWBR-CANOPEN \u2013 Gateway ECO para sistema XI\/ON I\/O, integrado - BH IMPORTS &amp; EXPORTS<\/title>\n<meta name=\"robots\" content=\"index, follow, max-snippet:-1, max-image-preview:large, max-video-preview:-1\" \/>\n<link rel=\"canonical\" href=\"https:\/\/bhimportsexports.com\/hl=pt\/produto\/xne-gwbr-canopen-gateway-eco-para-sistema-xi-on-i-o-integrado\/\" \/>\n<meta property=\"og:locale\" content=\"pt_BR\" \/>\n<meta property=\"og:type\" content=\"article\" \/>\n<meta property=\"og:title\" content=\"XNE-GWBR-CANOPEN \u2013 Gateway ECO para sistema XI\/ON I\/O, integrado - BH IMPORTS &amp; EXPORTS\" \/>\n<meta property=\"og:description\" content=\"Especifica\u00e7\u00f5es gerais Nome do produto Eaton XNE Gateway N\u00ba da pe\u00e7a XNE-GWBR-CANOPEN EAN 7640130120600 Comprimento\/profundidade do produto 129 mil\u00edmetros Altura do produto 75 mil\u00edmetros Largura do produto 33,5 mil\u00edmetros Peso do produto 0,136 quilogramas Certifica\u00e7\u00f5es Dados nominais para termina\u00e7\u00f5es de acordo com IEC\/EN 60947-7-1 CULus IEC\/EN 61000-6-2 IEC\/EN 61000-6-4 CE IEC\/EN 61131-2 IEC\/EN 6113-2 Nome [&hellip;]\" \/>\n<meta property=\"og:url\" content=\"https:\/\/bhimportsexports.com\/hl=pt\/produto\/xne-gwbr-canopen-gateway-eco-para-sistema-xi-on-i-o-integrado\/\" \/>\n<meta property=\"og:site_name\" content=\"BH IMPORTS &amp; EXPORTS\" \/>\n<meta property=\"article:modified_time\" content=\"2025-03-04T17:09:40+00:00\" \/>\n<meta property=\"og:image\" content=\"https:\/\/bhimportsexports.com\/wp-content\/uploads\/2025\/02\/2725PIC-198_L-300x300-1.jpeg\" \/>\n\t<meta property=\"og:image:width\" content=\"300\" \/>\n\t<meta property=\"og:image:height\" content=\"300\" \/>\n\t<meta property=\"og:image:type\" content=\"image\/jpeg\" \/>\n<meta name=\"twitter:card\" content=\"summary_large_image\" \/>\n<meta name=\"twitter:label1\" content=\"Est. tempo de leitura\" \/>\n\t<meta name=\"twitter:data1\" content=\"2 minutos\" \/>\n<script type=\"application\/ld+json\" class=\"yoast-schema-graph\">{\"@context\":\"https:\\\/\\\/schema.org\",\"@graph\":[{\"@type\":\"WebPage\",\"@id\":\"https:\\\/\\\/bhimportsexports.com\\\/hl=pt\\\/produto\\\/xne-gwbr-canopen-gateway-eco-para-sistema-xi-on-i-o-integrado\\\/\",\"url\":\"https:\\\/\\\/bhimportsexports.com\\\/hl=pt\\\/produto\\\/xne-gwbr-canopen-gateway-eco-para-sistema-xi-on-i-o-integrado\\\/\",\"name\":\"XNE-GWBR-CANOPEN \u2013 Gateway ECO para sistema XI\\\/ON I\\\/O, integrado - BH IMPORTS &amp; EXPORTS\",\"isPartOf\":{\"@id\":\"https:\\\/\\\/bhimportsexports.com\\\/hl=pt\\\/#website\"},\"primaryImageOfPage\":{\"@id\":\"https:\\\/\\\/bhimportsexports.com\\\/hl=pt\\\/produto\\\/xne-gwbr-canopen-gateway-eco-para-sistema-xi-on-i-o-integrado\\\/#primaryimage\"},\"image\":{\"@id\":\"https:\\\/\\\/bhimportsexports.com\\\/hl=pt\\\/produto\\\/xne-gwbr-canopen-gateway-eco-para-sistema-xi-on-i-o-integrado\\\/#primaryimage\"},\"thumbnailUrl\":\"https:\\\/\\\/bhimportsexports.com\\\/wp-content\\\/uploads\\\/2025\\\/02\\\/2725PIC-198_L-300x300-1.jpeg\",\"datePublished\":\"2025-02-26T13:16:58+00:00\",\"dateModified\":\"2025-03-04T17:09:40+00:00\",\"breadcrumb\":{\"@id\":\"https:\\\/\\\/bhimportsexports.com\\\/hl=pt\\\/produto\\\/xne-gwbr-canopen-gateway-eco-para-sistema-xi-on-i-o-integrado\\\/#breadcrumb\"},\"inLanguage\":\"pt-BR\",\"potentialAction\":[{\"@type\":\"ReadAction\",\"target\":[\"https:\\\/\\\/bhimportsexports.com\\\/hl=pt\\\/produto\\\/xne-gwbr-canopen-gateway-eco-para-sistema-xi-on-i-o-integrado\\\/\"]}]},{\"@type\":\"ImageObject\",\"inLanguage\":\"pt-BR\",\"@id\":\"https:\\\/\\\/bhimportsexports.com\\\/hl=pt\\\/produto\\\/xne-gwbr-canopen-gateway-eco-para-sistema-xi-on-i-o-integrado\\\/#primaryimage\",\"url\":\"https:\\\/\\\/bhimportsexports.com\\\/wp-content\\\/uploads\\\/2025\\\/02\\\/2725PIC-198_L-300x300-1.jpeg\",\"contentUrl\":\"https:\\\/\\\/bhimportsexports.com\\\/wp-content\\\/uploads\\\/2025\\\/02\\\/2725PIC-198_L-300x300-1.jpeg\",\"width\":300,\"height\":300},{\"@type\":\"BreadcrumbList\",\"@id\":\"https:\\\/\\\/bhimportsexports.com\\\/hl=pt\\\/produto\\\/xne-gwbr-canopen-gateway-eco-para-sistema-xi-on-i-o-integrado\\\/#breadcrumb\",\"itemListElement\":[{\"@type\":\"ListItem\",\"position\":1,\"name\":\"In\u00edcio\",\"item\":\"https:\\\/\\\/bhimportsexports.com\\\/hl=pt\\\/\"},{\"@type\":\"ListItem\",\"position\":2,\"name\":\"Loja\",\"item\":\"https:\\\/\\\/bhimportsexports.com\\\/hl=pt\\\/loja\\\/\"},{\"@type\":\"ListItem\",\"position\":3,\"name\":\"XNE-GWBR-CANOPEN \u2013 Gateway ECO para sistema XI\\\/ON I\\\/O, integrado\"}]},{\"@type\":\"WebSite\",\"@id\":\"https:\\\/\\\/bhimportsexports.com\\\/hl=pt\\\/#website\",\"url\":\"https:\\\/\\\/bhimportsexports.com\\\/hl=pt\\\/\",\"name\":\"BH IMPORTS & EXPORTS\",\"description\":\"Innovation and excellence in international trade. Import, export, consultancy and sourcing.\",\"publisher\":{\"@id\":\"https:\\\/\\\/bhimportsexports.com\\\/hl=pt\\\/#organization\"},\"potentialAction\":[{\"@type\":\"SearchAction\",\"target\":{\"@type\":\"EntryPoint\",\"urlTemplate\":\"https:\\\/\\\/bhimportsexports.com\\\/hl=pt\\\/?s={search_term_string}\"},\"query-input\":{\"@type\":\"PropertyValueSpecification\",\"valueRequired\":true,\"valueName\":\"search_term_string\"}}],\"inLanguage\":\"pt-BR\"},{\"@type\":\"Organization\",\"@id\":\"https:\\\/\\\/bhimportsexports.com\\\/hl=pt\\\/#organization\",\"name\":\"BH IMPORTS & EXPORTS\",\"url\":\"https:\\\/\\\/bhimportsexports.com\\\/hl=pt\\\/\",\"logo\":{\"@type\":\"ImageObject\",\"inLanguage\":\"pt-BR\",\"@id\":\"https:\\\/\\\/bhimportsexports.com\\\/hl=pt\\\/#\\\/schema\\\/logo\\\/image\\\/\",\"url\":\"https:\\\/\\\/bhimportsexports.com\\\/wp-content\\\/uploads\\\/2024\\\/09\\\/BH-IMPORTS.png\",\"contentUrl\":\"https:\\\/\\\/bhimportsexports.com\\\/wp-content\\\/uploads\\\/2024\\\/09\\\/BH-IMPORTS.png\",\"width\":300,\"height\":200,\"caption\":\"BH IMPORTS & EXPORTS\"},\"image\":{\"@id\":\"https:\\\/\\\/bhimportsexports.com\\\/hl=pt\\\/#\\\/schema\\\/logo\\\/image\\\/\"}}]}<\/script>\n<!-- \/ Yoast SEO plugin. -->","yoast_head_json":{"title":"XNE-GWBR-CANOPEN \u2013 Gateway ECO para sistema XI\/ON I\/O, integrado - BH IMPORTS &amp; EXPORTS","robots":{"index":"index","follow":"follow","max-snippet":"max-snippet:-1","max-image-preview":"max-image-preview:large","max-video-preview":"max-video-preview:-1"},"canonical":"https:\/\/bhimportsexports.com\/hl=pt\/produto\/xne-gwbr-canopen-gateway-eco-para-sistema-xi-on-i-o-integrado\/","og_locale":"pt_BR","og_type":"article","og_title":"XNE-GWBR-CANOPEN \u2013 Gateway ECO para sistema XI\/ON I\/O, integrado - BH IMPORTS &amp; EXPORTS","og_description":"Especifica\u00e7\u00f5es gerais Nome do produto Eaton XNE Gateway N\u00ba da pe\u00e7a XNE-GWBR-CANOPEN EAN 7640130120600 Comprimento\/profundidade do produto 129 mil\u00edmetros Altura do produto 75 mil\u00edmetros Largura do produto 33,5 mil\u00edmetros Peso do produto 0,136 quilogramas Certifica\u00e7\u00f5es Dados nominais para termina\u00e7\u00f5es de acordo com IEC\/EN 60947-7-1 CULus IEC\/EN 61000-6-2 IEC\/EN 61000-6-4 CE IEC\/EN 61131-2 IEC\/EN 6113-2 Nome [&hellip;]","og_url":"https:\/\/bhimportsexports.com\/hl=pt\/produto\/xne-gwbr-canopen-gateway-eco-para-sistema-xi-on-i-o-integrado\/","og_site_name":"BH IMPORTS &amp; EXPORTS","article_modified_time":"2025-03-04T17:09:40+00:00","og_image":[{"width":300,"height":300,"url":"https:\/\/bhimportsexports.com\/wp-content\/uploads\/2025\/02\/2725PIC-198_L-300x300-1.jpeg","type":"image\/jpeg"}],"twitter_card":"summary_large_image","twitter_misc":{"Est. tempo de leitura":"2 minutos"},"schema":{"@context":"https:\/\/schema.org","@graph":[{"@type":"WebPage","@id":"https:\/\/bhimportsexports.com\/hl=pt\/produto\/xne-gwbr-canopen-gateway-eco-para-sistema-xi-on-i-o-integrado\/","url":"https:\/\/bhimportsexports.com\/hl=pt\/produto\/xne-gwbr-canopen-gateway-eco-para-sistema-xi-on-i-o-integrado\/","name":"XNE-GWBR-CANOPEN \u2013 Gateway ECO para sistema XI\/ON I\/O, integrado - BH IMPORTS &amp; EXPORTS","isPartOf":{"@id":"https:\/\/bhimportsexports.com\/hl=pt\/#website"},"primaryImageOfPage":{"@id":"https:\/\/bhimportsexports.com\/hl=pt\/produto\/xne-gwbr-canopen-gateway-eco-para-sistema-xi-on-i-o-integrado\/#primaryimage"},"image":{"@id":"https:\/\/bhimportsexports.com\/hl=pt\/produto\/xne-gwbr-canopen-gateway-eco-para-sistema-xi-on-i-o-integrado\/#primaryimage"},"thumbnailUrl":"https:\/\/bhimportsexports.com\/wp-content\/uploads\/2025\/02\/2725PIC-198_L-300x300-1.jpeg","datePublished":"2025-02-26T13:16:58+00:00","dateModified":"2025-03-04T17:09:40+00:00","breadcrumb":{"@id":"https:\/\/bhimportsexports.com\/hl=pt\/produto\/xne-gwbr-canopen-gateway-eco-para-sistema-xi-on-i-o-integrado\/#breadcrumb"},"inLanguage":"pt-BR","potentialAction":[{"@type":"ReadAction","target":["https:\/\/bhimportsexports.com\/hl=pt\/produto\/xne-gwbr-canopen-gateway-eco-para-sistema-xi-on-i-o-integrado\/"]}]},{"@type":"ImageObject","inLanguage":"pt-BR","@id":"https:\/\/bhimportsexports.com\/hl=pt\/produto\/xne-gwbr-canopen-gateway-eco-para-sistema-xi-on-i-o-integrado\/#primaryimage","url":"https:\/\/bhimportsexports.com\/wp-content\/uploads\/2025\/02\/2725PIC-198_L-300x300-1.jpeg","contentUrl":"https:\/\/bhimportsexports.com\/wp-content\/uploads\/2025\/02\/2725PIC-198_L-300x300-1.jpeg","width":300,"height":300},{"@type":"BreadcrumbList","@id":"https:\/\/bhimportsexports.com\/hl=pt\/produto\/xne-gwbr-canopen-gateway-eco-para-sistema-xi-on-i-o-integrado\/#breadcrumb","itemListElement":[{"@type":"ListItem","position":1,"name":"In\u00edcio","item":"https:\/\/bhimportsexports.com\/hl=pt\/"},{"@type":"ListItem","position":2,"name":"Loja","item":"https:\/\/bhimportsexports.com\/hl=pt\/loja\/"},{"@type":"ListItem","position":3,"name":"XNE-GWBR-CANOPEN \u2013 Gateway ECO para sistema XI\/ON I\/O, integrado"}]},{"@type":"WebSite","@id":"https:\/\/bhimportsexports.com\/hl=pt\/#website","url":"https:\/\/bhimportsexports.com\/hl=pt\/","name":"BH IMPORTS & EXPORTS","description":"Innovation and excellence in international trade. Import, export, consultancy and sourcing.","publisher":{"@id":"https:\/\/bhimportsexports.com\/hl=pt\/#organization"},"potentialAction":[{"@type":"SearchAction","target":{"@type":"EntryPoint","urlTemplate":"https:\/\/bhimportsexports.com\/hl=pt\/?s={search_term_string}"},"query-input":{"@type":"PropertyValueSpecification","valueRequired":true,"valueName":"search_term_string"}}],"inLanguage":"pt-BR"},{"@type":"Organization","@id":"https:\/\/bhimportsexports.com\/hl=pt\/#organization","name":"BH IMPORTS & EXPORTS","url":"https:\/\/bhimportsexports.com\/hl=pt\/","logo":{"@type":"ImageObject","inLanguage":"pt-BR","@id":"https:\/\/bhimportsexports.com\/hl=pt\/#\/schema\/logo\/image\/","url":"https:\/\/bhimportsexports.com\/wp-content\/uploads\/2024\/09\/BH-IMPORTS.png","contentUrl":"https:\/\/bhimportsexports.com\/wp-content\/uploads\/2024\/09\/BH-IMPORTS.png","width":300,"height":200,"caption":"BH IMPORTS & EXPORTS"},"image":{"@id":"https:\/\/bhimportsexports.com\/hl=pt\/#\/schema\/logo\/image\/"}}]}},"_links":{"self":[{"href":"https:\/\/bhimportsexports.com\/hl=pt\/wp-json\/wp\/v2\/product\/3889","targetHints":{"allow":["GET"]}}],"collection":[{"href":"https:\/\/bhimportsexports.com\/hl=pt\/wp-json\/wp\/v2\/product"}],"about":[{"href":"https:\/\/bhimportsexports.com\/hl=pt\/wp-json\/wp\/v2\/types\/product"}],"replies":[{"embeddable":true,"href":"https:\/\/bhimportsexports.com\/hl=pt\/wp-json\/wp\/v2\/comments?post=3889"}],"wp:featuredmedia":[{"embeddable":true,"href":"https:\/\/bhimportsexports.com\/hl=pt\/wp-json\/wp\/v2\/media\/3890"}],"wp:attachment":[{"href":"https:\/\/bhimportsexports.com\/hl=pt\/wp-json\/wp\/v2\/media?parent=3889"}],"wp:term":[{"taxonomy":"product_brand","embeddable":true,"href":"https:\/\/bhimportsexports.com\/hl=pt\/wp-json\/wp\/v2\/product_brand?post=3889"},{"taxonomy":"product_cat","embeddable":true,"href":"https:\/\/bhimportsexports.com\/hl=pt\/wp-json\/wp\/v2\/product_cat?post=3889"},{"taxonomy":"product_tag","embeddable":true,"href":"https:\/\/bhimportsexports.com\/hl=pt\/wp-json\/wp\/v2\/product_tag?post=3889"}],"curies":[{"name":"wp","href":"https:\/\/api.w.org\/{rel}","templated":true}]}}