{"id":3885,"date":"2025-02-26T12:31:51","date_gmt":"2025-02-26T12:31:51","guid":{"rendered":"https:\/\/bhimportsexports.com\/hl=pt\/?post_type=product&#038;p=3885"},"modified":"2025-02-26T12:31:51","modified_gmt":"2025-02-26T12:31:51","slug":"reles-programaveis-faceis-rele-de-controle-inclui-display-240-vac-8-entradas-digitais-4-saidas-de-rele","status":"publish","type":"product","link":"https:\/\/bhimportsexports.com\/hl=pt\/produto\/reles-programaveis-faceis-rele-de-controle-inclui-display-240-vac-8-entradas-digitais-4-saidas-de-rele\/","title":{"rendered":"Rel\u00e9s program\u00e1veis \u200b\u200bf\u00e1ceis, rel\u00e9 de controle, inclui display, 240 Vac, 8 entradas digitais, 4 sa\u00eddas de rel\u00e9"},"content":{"rendered":"<p>NOME DO PRODUTO Rel\u00e9 program\u00e1vel Eaton easy N\u00daMERO DE CAT\u00c1LOGO EASY512-AC-R EAN 4015082741037 COMPRIMENTO\/PROFUNDIDADE DO PRODUTO 2,28 pol. ALTURA DO PRODUTO 4,33 pol. LARGURA DO PRODUTO 2,81 pol. GARANTIA 1 ano NOTAS DO CAT\u00c1LOGO Entradas anal\u00f3gicas opcionais. O uso de entradas anal\u00f3gicas resultar\u00e1 em uma diminui\u00e7\u00e3o no mesmo n\u00famero de entradas digitais dispon\u00edveis. ESPECIFICA\u00c7\u00d5ES DO PRODUTO RECURSOS ESPECIAIS Inclui display TIPO Controle Rel Rel\u00e9 CLASSIFICA\u00c7\u00c3O DE TENS\u00c3O 240 V TEMPERATURA DE OPERA\u00c7\u00c3O -25\u00b0 a 55\u00b0C QUANTIDADE 1 ENTRADA 8 digitais SA\u00cdDA 4 rel\u00e9<\/p>\n","protected":false},"excerpt":{"rendered":"<p>NOME DO PRODUTO Rel\u00e9 program\u00e1vel Eaton easy N\u00daMERO DE CAT\u00c1LOGO EASY512-AC-R EAN 4015082741037 COMPRIMENTO\/PROFUNDIDADE DO PRODUTO 2,28 pol. ALTURA DO PRODUTO 4,33 pol. LARGURA DO PRODUTO 2,81 pol. GARANTIA 1 ano NOTAS DO CAT\u00c1LOGO Entradas anal\u00f3gicas opcionais. O uso de entradas anal\u00f3gicas resultar\u00e1 em uma diminui\u00e7\u00e3o no mesmo n\u00famero de entradas digitais dispon\u00edveis. ESPECIFICA\u00c7\u00d5ES DO [&hellip;]<\/p>\n","protected":false},"featured_media":3886,"comment_status":"open","ping_status":"closed","template":"","meta":[],"product_brand":[],"product_cat":[1086],"product_tag":[],"class_list":{"0":"post-3885","1":"product","2":"type-product","3":"status-publish","4":"has-post-thumbnail","6":"product_cat-rele","8":"first","9":"onbackorder","10":"shipping-taxable","11":"purchasable","12":"product-type-simple"},"yoast_head":"<!-- This site is optimized with the Yoast SEO plugin v27.4 - https:\/\/yoast.com\/product\/yoast-seo-wordpress\/ -->\n<title>Rel\u00e9s program\u00e1veis \u200b\u200bf\u00e1ceis, rel\u00e9 de controle, inclui display, 240 Vac, 8 entradas digitais, 4 sa\u00eddas de rel\u00e9 - BH IMPORTS &amp; EXPORTS<\/title>\n<meta name=\"robots\" content=\"index, follow, max-snippet:-1, max-image-preview:large, max-video-preview:-1\" \/>\n<link rel=\"canonical\" href=\"https:\/\/bhimportsexports.com\/hl=pt\/produto\/reles-programaveis-faceis-rele-de-controle-inclui-display-240-vac-8-entradas-digitais-4-saidas-de-rele\/\" \/>\n<meta property=\"og:locale\" content=\"pt_BR\" \/>\n<meta property=\"og:type\" content=\"article\" \/>\n<meta property=\"og:title\" content=\"Rel\u00e9s program\u00e1veis \u200b\u200bf\u00e1ceis, rel\u00e9 de controle, inclui display, 240 Vac, 8 entradas digitais, 4 sa\u00eddas de rel\u00e9 - BH IMPORTS &amp; EXPORTS\" \/>\n<meta property=\"og:description\" content=\"NOME DO PRODUTO Rel\u00e9 program\u00e1vel Eaton easy N\u00daMERO DE CAT\u00c1LOGO EASY512-AC-R EAN 4015082741037 COMPRIMENTO\/PROFUNDIDADE DO PRODUTO 2,28 pol. ALTURA DO PRODUTO 4,33 pol. LARGURA DO PRODUTO 2,81 pol. GARANTIA 1 ano NOTAS DO CAT\u00c1LOGO Entradas anal\u00f3gicas opcionais. O uso de entradas anal\u00f3gicas resultar\u00e1 em uma diminui\u00e7\u00e3o no mesmo n\u00famero de entradas digitais dispon\u00edveis. ESPECIFICA\u00c7\u00d5ES DO [&hellip;]\" \/>\n<meta property=\"og:url\" content=\"https:\/\/bhimportsexports.com\/hl=pt\/produto\/reles-programaveis-faceis-rele-de-controle-inclui-display-240-vac-8-entradas-digitais-4-saidas-de-rele\/\" \/>\n<meta property=\"og:site_name\" content=\"BH IMPORTS &amp; EXPORTS\" \/>\n<meta property=\"og:image\" content=\"https:\/\/bhimportsexports.com\/wp-content\/uploads\/2025\/02\/EASY512-AC-RC_C-300x300-1.jpeg\" \/>\n\t<meta property=\"og:image:width\" content=\"300\" \/>\n\t<meta property=\"og:image:height\" content=\"300\" \/>\n\t<meta property=\"og:image:type\" content=\"image\/jpeg\" \/>\n<meta name=\"twitter:card\" content=\"summary_large_image\" \/>\n<meta name=\"twitter:label1\" content=\"Est. tempo de leitura\" \/>\n\t<meta name=\"twitter:data1\" content=\"1 minuto\" \/>\n<script type=\"application\/ld+json\" class=\"yoast-schema-graph\">{\"@context\":\"https:\\\/\\\/schema.org\",\"@graph\":[{\"@type\":\"WebPage\",\"@id\":\"https:\\\/\\\/bhimportsexports.com\\\/hl=pt\\\/produto\\\/reles-programaveis-faceis-rele-de-controle-inclui-display-240-vac-8-entradas-digitais-4-saidas-de-rele\\\/\",\"url\":\"https:\\\/\\\/bhimportsexports.com\\\/hl=pt\\\/produto\\\/reles-programaveis-faceis-rele-de-controle-inclui-display-240-vac-8-entradas-digitais-4-saidas-de-rele\\\/\",\"name\":\"Rel\u00e9s program\u00e1veis \u200b\u200bf\u00e1ceis, rel\u00e9 de controle, inclui display, 240 Vac, 8 entradas digitais, 4 sa\u00eddas de rel\u00e9 - BH IMPORTS &amp; EXPORTS\",\"isPartOf\":{\"@id\":\"https:\\\/\\\/bhimportsexports.com\\\/hl=pt\\\/#website\"},\"primaryImageOfPage\":{\"@id\":\"https:\\\/\\\/bhimportsexports.com\\\/hl=pt\\\/produto\\\/reles-programaveis-faceis-rele-de-controle-inclui-display-240-vac-8-entradas-digitais-4-saidas-de-rele\\\/#primaryimage\"},\"image\":{\"@id\":\"https:\\\/\\\/bhimportsexports.com\\\/hl=pt\\\/produto\\\/reles-programaveis-faceis-rele-de-controle-inclui-display-240-vac-8-entradas-digitais-4-saidas-de-rele\\\/#primaryimage\"},\"thumbnailUrl\":\"https:\\\/\\\/bhimportsexports.com\\\/wp-content\\\/uploads\\\/2025\\\/02\\\/EASY512-AC-RC_C-300x300-1.jpeg\",\"datePublished\":\"2025-02-26T12:31:51+00:00\",\"breadcrumb\":{\"@id\":\"https:\\\/\\\/bhimportsexports.com\\\/hl=pt\\\/produto\\\/reles-programaveis-faceis-rele-de-controle-inclui-display-240-vac-8-entradas-digitais-4-saidas-de-rele\\\/#breadcrumb\"},\"inLanguage\":\"pt-BR\",\"potentialAction\":[{\"@type\":\"ReadAction\",\"target\":[\"https:\\\/\\\/bhimportsexports.com\\\/hl=pt\\\/produto\\\/reles-programaveis-faceis-rele-de-controle-inclui-display-240-vac-8-entradas-digitais-4-saidas-de-rele\\\/\"]}]},{\"@type\":\"ImageObject\",\"inLanguage\":\"pt-BR\",\"@id\":\"https:\\\/\\\/bhimportsexports.com\\\/hl=pt\\\/produto\\\/reles-programaveis-faceis-rele-de-controle-inclui-display-240-vac-8-entradas-digitais-4-saidas-de-rele\\\/#primaryimage\",\"url\":\"https:\\\/\\\/bhimportsexports.com\\\/wp-content\\\/uploads\\\/2025\\\/02\\\/EASY512-AC-RC_C-300x300-1.jpeg\",\"contentUrl\":\"https:\\\/\\\/bhimportsexports.com\\\/wp-content\\\/uploads\\\/2025\\\/02\\\/EASY512-AC-RC_C-300x300-1.jpeg\",\"width\":300,\"height\":300},{\"@type\":\"BreadcrumbList\",\"@id\":\"https:\\\/\\\/bhimportsexports.com\\\/hl=pt\\\/produto\\\/reles-programaveis-faceis-rele-de-controle-inclui-display-240-vac-8-entradas-digitais-4-saidas-de-rele\\\/#breadcrumb\",\"itemListElement\":[{\"@type\":\"ListItem\",\"position\":1,\"name\":\"In\u00edcio\",\"item\":\"https:\\\/\\\/bhimportsexports.com\\\/hl=pt\\\/\"},{\"@type\":\"ListItem\",\"position\":2,\"name\":\"Loja\",\"item\":\"https:\\\/\\\/bhimportsexports.com\\\/hl=pt\\\/loja\\\/\"},{\"@type\":\"ListItem\",\"position\":3,\"name\":\"Rel\u00e9s program\u00e1veis \u200b\u200bf\u00e1ceis, rel\u00e9 de controle, inclui display, 240 Vac, 8 entradas digitais, 4 sa\u00eddas de rel\u00e9\"}]},{\"@type\":\"WebSite\",\"@id\":\"https:\\\/\\\/bhimportsexports.com\\\/hl=pt\\\/#website\",\"url\":\"https:\\\/\\\/bhimportsexports.com\\\/hl=pt\\\/\",\"name\":\"BH IMPORTS & EXPORTS\",\"description\":\"Innovation and excellence in international trade. Import, export, consultancy and sourcing.\",\"publisher\":{\"@id\":\"https:\\\/\\\/bhimportsexports.com\\\/hl=pt\\\/#organization\"},\"potentialAction\":[{\"@type\":\"SearchAction\",\"target\":{\"@type\":\"EntryPoint\",\"urlTemplate\":\"https:\\\/\\\/bhimportsexports.com\\\/hl=pt\\\/?s={search_term_string}\"},\"query-input\":{\"@type\":\"PropertyValueSpecification\",\"valueRequired\":true,\"valueName\":\"search_term_string\"}}],\"inLanguage\":\"pt-BR\"},{\"@type\":\"Organization\",\"@id\":\"https:\\\/\\\/bhimportsexports.com\\\/hl=pt\\\/#organization\",\"name\":\"BH IMPORTS & EXPORTS\",\"url\":\"https:\\\/\\\/bhimportsexports.com\\\/hl=pt\\\/\",\"logo\":{\"@type\":\"ImageObject\",\"inLanguage\":\"pt-BR\",\"@id\":\"https:\\\/\\\/bhimportsexports.com\\\/hl=pt\\\/#\\\/schema\\\/logo\\\/image\\\/\",\"url\":\"https:\\\/\\\/bhimportsexports.com\\\/wp-content\\\/uploads\\\/2024\\\/09\\\/BH-IMPORTS.png\",\"contentUrl\":\"https:\\\/\\\/bhimportsexports.com\\\/wp-content\\\/uploads\\\/2024\\\/09\\\/BH-IMPORTS.png\",\"width\":300,\"height\":200,\"caption\":\"BH IMPORTS & EXPORTS\"},\"image\":{\"@id\":\"https:\\\/\\\/bhimportsexports.com\\\/hl=pt\\\/#\\\/schema\\\/logo\\\/image\\\/\"}}]}<\/script>\n<!-- \/ Yoast SEO plugin. -->","yoast_head_json":{"title":"Rel\u00e9s program\u00e1veis \u200b\u200bf\u00e1ceis, rel\u00e9 de controle, inclui display, 240 Vac, 8 entradas digitais, 4 sa\u00eddas de rel\u00e9 - BH IMPORTS &amp; EXPORTS","robots":{"index":"index","follow":"follow","max-snippet":"max-snippet:-1","max-image-preview":"max-image-preview:large","max-video-preview":"max-video-preview:-1"},"canonical":"https:\/\/bhimportsexports.com\/hl=pt\/produto\/reles-programaveis-faceis-rele-de-controle-inclui-display-240-vac-8-entradas-digitais-4-saidas-de-rele\/","og_locale":"pt_BR","og_type":"article","og_title":"Rel\u00e9s program\u00e1veis \u200b\u200bf\u00e1ceis, rel\u00e9 de controle, inclui display, 240 Vac, 8 entradas digitais, 4 sa\u00eddas de rel\u00e9 - BH IMPORTS &amp; EXPORTS","og_description":"NOME DO PRODUTO Rel\u00e9 program\u00e1vel Eaton easy N\u00daMERO DE CAT\u00c1LOGO EASY512-AC-R EAN 4015082741037 COMPRIMENTO\/PROFUNDIDADE DO PRODUTO 2,28 pol. ALTURA DO PRODUTO 4,33 pol. LARGURA DO PRODUTO 2,81 pol. GARANTIA 1 ano NOTAS DO CAT\u00c1LOGO Entradas anal\u00f3gicas opcionais. O uso de entradas anal\u00f3gicas resultar\u00e1 em uma diminui\u00e7\u00e3o no mesmo n\u00famero de entradas digitais dispon\u00edveis. ESPECIFICA\u00c7\u00d5ES DO [&hellip;]","og_url":"https:\/\/bhimportsexports.com\/hl=pt\/produto\/reles-programaveis-faceis-rele-de-controle-inclui-display-240-vac-8-entradas-digitais-4-saidas-de-rele\/","og_site_name":"BH IMPORTS &amp; EXPORTS","og_image":[{"width":300,"height":300,"url":"https:\/\/bhimportsexports.com\/wp-content\/uploads\/2025\/02\/EASY512-AC-RC_C-300x300-1.jpeg","type":"image\/jpeg"}],"twitter_card":"summary_large_image","twitter_misc":{"Est. tempo de leitura":"1 minuto"},"schema":{"@context":"https:\/\/schema.org","@graph":[{"@type":"WebPage","@id":"https:\/\/bhimportsexports.com\/hl=pt\/produto\/reles-programaveis-faceis-rele-de-controle-inclui-display-240-vac-8-entradas-digitais-4-saidas-de-rele\/","url":"https:\/\/bhimportsexports.com\/hl=pt\/produto\/reles-programaveis-faceis-rele-de-controle-inclui-display-240-vac-8-entradas-digitais-4-saidas-de-rele\/","name":"Rel\u00e9s program\u00e1veis \u200b\u200bf\u00e1ceis, rel\u00e9 de controle, inclui display, 240 Vac, 8 entradas digitais, 4 sa\u00eddas de rel\u00e9 - BH IMPORTS &amp; EXPORTS","isPartOf":{"@id":"https:\/\/bhimportsexports.com\/hl=pt\/#website"},"primaryImageOfPage":{"@id":"https:\/\/bhimportsexports.com\/hl=pt\/produto\/reles-programaveis-faceis-rele-de-controle-inclui-display-240-vac-8-entradas-digitais-4-saidas-de-rele\/#primaryimage"},"image":{"@id":"https:\/\/bhimportsexports.com\/hl=pt\/produto\/reles-programaveis-faceis-rele-de-controle-inclui-display-240-vac-8-entradas-digitais-4-saidas-de-rele\/#primaryimage"},"thumbnailUrl":"https:\/\/bhimportsexports.com\/wp-content\/uploads\/2025\/02\/EASY512-AC-RC_C-300x300-1.jpeg","datePublished":"2025-02-26T12:31:51+00:00","breadcrumb":{"@id":"https:\/\/bhimportsexports.com\/hl=pt\/produto\/reles-programaveis-faceis-rele-de-controle-inclui-display-240-vac-8-entradas-digitais-4-saidas-de-rele\/#breadcrumb"},"inLanguage":"pt-BR","potentialAction":[{"@type":"ReadAction","target":["https:\/\/bhimportsexports.com\/hl=pt\/produto\/reles-programaveis-faceis-rele-de-controle-inclui-display-240-vac-8-entradas-digitais-4-saidas-de-rele\/"]}]},{"@type":"ImageObject","inLanguage":"pt-BR","@id":"https:\/\/bhimportsexports.com\/hl=pt\/produto\/reles-programaveis-faceis-rele-de-controle-inclui-display-240-vac-8-entradas-digitais-4-saidas-de-rele\/#primaryimage","url":"https:\/\/bhimportsexports.com\/wp-content\/uploads\/2025\/02\/EASY512-AC-RC_C-300x300-1.jpeg","contentUrl":"https:\/\/bhimportsexports.com\/wp-content\/uploads\/2025\/02\/EASY512-AC-RC_C-300x300-1.jpeg","width":300,"height":300},{"@type":"BreadcrumbList","@id":"https:\/\/bhimportsexports.com\/hl=pt\/produto\/reles-programaveis-faceis-rele-de-controle-inclui-display-240-vac-8-entradas-digitais-4-saidas-de-rele\/#breadcrumb","itemListElement":[{"@type":"ListItem","position":1,"name":"In\u00edcio","item":"https:\/\/bhimportsexports.com\/hl=pt\/"},{"@type":"ListItem","position":2,"name":"Loja","item":"https:\/\/bhimportsexports.com\/hl=pt\/loja\/"},{"@type":"ListItem","position":3,"name":"Rel\u00e9s program\u00e1veis \u200b\u200bf\u00e1ceis, rel\u00e9 de controle, inclui display, 240 Vac, 8 entradas digitais, 4 sa\u00eddas de rel\u00e9"}]},{"@type":"WebSite","@id":"https:\/\/bhimportsexports.com\/hl=pt\/#website","url":"https:\/\/bhimportsexports.com\/hl=pt\/","name":"BH IMPORTS & EXPORTS","description":"Innovation and excellence in international trade. Import, export, consultancy and sourcing.","publisher":{"@id":"https:\/\/bhimportsexports.com\/hl=pt\/#organization"},"potentialAction":[{"@type":"SearchAction","target":{"@type":"EntryPoint","urlTemplate":"https:\/\/bhimportsexports.com\/hl=pt\/?s={search_term_string}"},"query-input":{"@type":"PropertyValueSpecification","valueRequired":true,"valueName":"search_term_string"}}],"inLanguage":"pt-BR"},{"@type":"Organization","@id":"https:\/\/bhimportsexports.com\/hl=pt\/#organization","name":"BH IMPORTS & EXPORTS","url":"https:\/\/bhimportsexports.com\/hl=pt\/","logo":{"@type":"ImageObject","inLanguage":"pt-BR","@id":"https:\/\/bhimportsexports.com\/hl=pt\/#\/schema\/logo\/image\/","url":"https:\/\/bhimportsexports.com\/wp-content\/uploads\/2024\/09\/BH-IMPORTS.png","contentUrl":"https:\/\/bhimportsexports.com\/wp-content\/uploads\/2024\/09\/BH-IMPORTS.png","width":300,"height":200,"caption":"BH IMPORTS & EXPORTS"},"image":{"@id":"https:\/\/bhimportsexports.com\/hl=pt\/#\/schema\/logo\/image\/"}}]}},"_links":{"self":[{"href":"https:\/\/bhimportsexports.com\/hl=pt\/wp-json\/wp\/v2\/product\/3885","targetHints":{"allow":["GET"]}}],"collection":[{"href":"https:\/\/bhimportsexports.com\/hl=pt\/wp-json\/wp\/v2\/product"}],"about":[{"href":"https:\/\/bhimportsexports.com\/hl=pt\/wp-json\/wp\/v2\/types\/product"}],"replies":[{"embeddable":true,"href":"https:\/\/bhimportsexports.com\/hl=pt\/wp-json\/wp\/v2\/comments?post=3885"}],"wp:featuredmedia":[{"embeddable":true,"href":"https:\/\/bhimportsexports.com\/hl=pt\/wp-json\/wp\/v2\/media\/3886"}],"wp:attachment":[{"href":"https:\/\/bhimportsexports.com\/hl=pt\/wp-json\/wp\/v2\/media?parent=3885"}],"wp:term":[{"taxonomy":"product_brand","embeddable":true,"href":"https:\/\/bhimportsexports.com\/hl=pt\/wp-json\/wp\/v2\/product_brand?post=3885"},{"taxonomy":"product_cat","embeddable":true,"href":"https:\/\/bhimportsexports.com\/hl=pt\/wp-json\/wp\/v2\/product_cat?post=3885"},{"taxonomy":"product_tag","embeddable":true,"href":"https:\/\/bhimportsexports.com\/hl=pt\/wp-json\/wp\/v2\/product_tag?post=3885"}],"curies":[{"name":"wp","href":"https:\/\/api.w.org\/{rel}","templated":true}]}}