{"id":3883,"date":"2025-02-25T20:34:27","date_gmt":"2025-02-25T20:34:27","guid":{"rendered":"https:\/\/bhimportsexports.com\/hl=pt\/?post_type=product&#038;p=3883"},"modified":"2025-02-25T20:34:27","modified_gmt":"2025-02-25T20:34:27","slug":"bobinas-de-liberacao-de-mola-eaton-vcp-w-125-vdc-120-vac","status":"publish","type":"product","link":"https:\/\/bhimportsexports.com\/hl=pt\/produto\/bobinas-de-liberacao-de-mola-eaton-vcp-w-125-vdc-120-vac\/","title":{"rendered":"Bobinas de libera\u00e7\u00e3o de mola Eaton VCP-W, 125 Vdc\/120 Vac"},"content":{"rendered":"<p>ESPECIFICA\u00c7\u00d5ES GERAIS NOME DO PRODUTO Bobina aberta\/fechada Eaton VCP-W UPC 782116049028 COMPRIMENTO\/PROFUNDIDADE DO PRODUTO 8 pol. ALTURA DO PRODUTO 3,25 pol. LARGURA DO PRODUTO 5,5 pol. PESO DO PRODUTO 0,94 lb CERTIFICA\u00c7\u00d5ES Listado pela UL Classifica\u00e7\u00e3o IEC ESPECIFICA\u00c7\u00d5ES DO PRODUTO TIPO Bobina aberta\/fechada<\/p>\n","protected":false},"excerpt":{"rendered":"<p>ESPECIFICA\u00c7\u00d5ES GERAIS NOME DO PRODUTO Bobina aberta\/fechada Eaton VCP-W UPC 782116049028 COMPRIMENTO\/PROFUNDIDADE DO PRODUTO 8 pol. ALTURA DO PRODUTO 3,25 pol. LARGURA DO PRODUTO 5,5 pol. PESO DO PRODUTO 0,94 lb CERTIFICA\u00c7\u00d5ES Listado pela UL Classifica\u00e7\u00e3o IEC ESPECIFICA\u00c7\u00d5ES DO PRODUTO TIPO Bobina aberta\/fechada<\/p>\n","protected":false},"featured_media":3884,"comment_status":"open","ping_status":"closed","template":"","meta":[],"product_brand":[],"product_cat":[1089],"product_tag":[],"class_list":{"0":"post-3883","1":"product","2":"type-product","3":"status-publish","4":"has-post-thumbnail","6":"product_cat-bobina","8":"first","9":"onbackorder","10":"shipping-taxable","11":"purchasable","12":"product-type-simple"},"yoast_head":"<!-- This site is optimized with the Yoast SEO plugin v27.4 - https:\/\/yoast.com\/product\/yoast-seo-wordpress\/ -->\n<title>Bobinas de libera\u00e7\u00e3o de mola Eaton VCP-W, 125 Vdc\/120 Vac - BH IMPORTS &amp; EXPORTS<\/title>\n<meta name=\"robots\" content=\"index, follow, max-snippet:-1, max-image-preview:large, max-video-preview:-1\" \/>\n<link rel=\"canonical\" href=\"https:\/\/bhimportsexports.com\/hl=pt\/produto\/bobinas-de-liberacao-de-mola-eaton-vcp-w-125-vdc-120-vac\/\" \/>\n<meta property=\"og:locale\" content=\"pt_BR\" \/>\n<meta property=\"og:type\" content=\"article\" \/>\n<meta property=\"og:title\" content=\"Bobinas de libera\u00e7\u00e3o de mola Eaton VCP-W, 125 Vdc\/120 Vac - BH IMPORTS &amp; EXPORTS\" \/>\n<meta property=\"og:description\" content=\"ESPECIFICA\u00c7\u00d5ES GERAIS NOME DO PRODUTO Bobina aberta\/fechada Eaton VCP-W UPC 782116049028 COMPRIMENTO\/PROFUNDIDADE DO PRODUTO 8 pol. ALTURA DO PRODUTO 3,25 pol. LARGURA DO PRODUTO 5,5 pol. PESO DO PRODUTO 0,94 lb CERTIFICA\u00c7\u00d5ES Listado pela UL Classifica\u00e7\u00e3o IEC ESPECIFICA\u00c7\u00d5ES DO PRODUTO TIPO Bobina aberta\/fechada\" \/>\n<meta property=\"og:url\" content=\"https:\/\/bhimportsexports.com\/hl=pt\/produto\/bobinas-de-liberacao-de-mola-eaton-vcp-w-125-vdc-120-vac\/\" \/>\n<meta property=\"og:site_name\" content=\"BH IMPORTS &amp; EXPORTS\" \/>\n<meta property=\"og:image\" content=\"https:\/\/bhimportsexports.com\/wp-content\/uploads\/2025\/02\/3759A76G02_C-300x300-1.jpeg\" \/>\n\t<meta property=\"og:image:width\" content=\"300\" \/>\n\t<meta property=\"og:image:height\" content=\"300\" \/>\n\t<meta property=\"og:image:type\" content=\"image\/jpeg\" \/>\n<meta name=\"twitter:card\" content=\"summary_large_image\" \/>\n<meta name=\"twitter:label1\" content=\"Est. tempo de leitura\" \/>\n\t<meta name=\"twitter:data1\" content=\"1 minuto\" \/>\n<script type=\"application\/ld+json\" class=\"yoast-schema-graph\">{\"@context\":\"https:\\\/\\\/schema.org\",\"@graph\":[{\"@type\":\"WebPage\",\"@id\":\"https:\\\/\\\/bhimportsexports.com\\\/hl=pt\\\/produto\\\/bobinas-de-liberacao-de-mola-eaton-vcp-w-125-vdc-120-vac\\\/\",\"url\":\"https:\\\/\\\/bhimportsexports.com\\\/hl=pt\\\/produto\\\/bobinas-de-liberacao-de-mola-eaton-vcp-w-125-vdc-120-vac\\\/\",\"name\":\"Bobinas de libera\u00e7\u00e3o de mola Eaton VCP-W, 125 Vdc\\\/120 Vac - BH IMPORTS &amp; EXPORTS\",\"isPartOf\":{\"@id\":\"https:\\\/\\\/bhimportsexports.com\\\/hl=pt\\\/#website\"},\"primaryImageOfPage\":{\"@id\":\"https:\\\/\\\/bhimportsexports.com\\\/hl=pt\\\/produto\\\/bobinas-de-liberacao-de-mola-eaton-vcp-w-125-vdc-120-vac\\\/#primaryimage\"},\"image\":{\"@id\":\"https:\\\/\\\/bhimportsexports.com\\\/hl=pt\\\/produto\\\/bobinas-de-liberacao-de-mola-eaton-vcp-w-125-vdc-120-vac\\\/#primaryimage\"},\"thumbnailUrl\":\"https:\\\/\\\/bhimportsexports.com\\\/wp-content\\\/uploads\\\/2025\\\/02\\\/3759A76G02_C-300x300-1.jpeg\",\"datePublished\":\"2025-02-25T20:34:27+00:00\",\"breadcrumb\":{\"@id\":\"https:\\\/\\\/bhimportsexports.com\\\/hl=pt\\\/produto\\\/bobinas-de-liberacao-de-mola-eaton-vcp-w-125-vdc-120-vac\\\/#breadcrumb\"},\"inLanguage\":\"pt-BR\",\"potentialAction\":[{\"@type\":\"ReadAction\",\"target\":[\"https:\\\/\\\/bhimportsexports.com\\\/hl=pt\\\/produto\\\/bobinas-de-liberacao-de-mola-eaton-vcp-w-125-vdc-120-vac\\\/\"]}]},{\"@type\":\"ImageObject\",\"inLanguage\":\"pt-BR\",\"@id\":\"https:\\\/\\\/bhimportsexports.com\\\/hl=pt\\\/produto\\\/bobinas-de-liberacao-de-mola-eaton-vcp-w-125-vdc-120-vac\\\/#primaryimage\",\"url\":\"https:\\\/\\\/bhimportsexports.com\\\/wp-content\\\/uploads\\\/2025\\\/02\\\/3759A76G02_C-300x300-1.jpeg\",\"contentUrl\":\"https:\\\/\\\/bhimportsexports.com\\\/wp-content\\\/uploads\\\/2025\\\/02\\\/3759A76G02_C-300x300-1.jpeg\",\"width\":300,\"height\":300},{\"@type\":\"BreadcrumbList\",\"@id\":\"https:\\\/\\\/bhimportsexports.com\\\/hl=pt\\\/produto\\\/bobinas-de-liberacao-de-mola-eaton-vcp-w-125-vdc-120-vac\\\/#breadcrumb\",\"itemListElement\":[{\"@type\":\"ListItem\",\"position\":1,\"name\":\"In\u00edcio\",\"item\":\"https:\\\/\\\/bhimportsexports.com\\\/hl=pt\\\/\"},{\"@type\":\"ListItem\",\"position\":2,\"name\":\"Loja\",\"item\":\"https:\\\/\\\/bhimportsexports.com\\\/hl=pt\\\/loja\\\/\"},{\"@type\":\"ListItem\",\"position\":3,\"name\":\"Bobinas de libera\u00e7\u00e3o de mola Eaton VCP-W, 125 Vdc\\\/120 Vac\"}]},{\"@type\":\"WebSite\",\"@id\":\"https:\\\/\\\/bhimportsexports.com\\\/hl=pt\\\/#website\",\"url\":\"https:\\\/\\\/bhimportsexports.com\\\/hl=pt\\\/\",\"name\":\"BH IMPORTS & EXPORTS\",\"description\":\"Innovation and excellence in international trade. Import, export, consultancy and sourcing.\",\"publisher\":{\"@id\":\"https:\\\/\\\/bhimportsexports.com\\\/hl=pt\\\/#organization\"},\"potentialAction\":[{\"@type\":\"SearchAction\",\"target\":{\"@type\":\"EntryPoint\",\"urlTemplate\":\"https:\\\/\\\/bhimportsexports.com\\\/hl=pt\\\/?s={search_term_string}\"},\"query-input\":{\"@type\":\"PropertyValueSpecification\",\"valueRequired\":true,\"valueName\":\"search_term_string\"}}],\"inLanguage\":\"pt-BR\"},{\"@type\":\"Organization\",\"@id\":\"https:\\\/\\\/bhimportsexports.com\\\/hl=pt\\\/#organization\",\"name\":\"BH IMPORTS & EXPORTS\",\"url\":\"https:\\\/\\\/bhimportsexports.com\\\/hl=pt\\\/\",\"logo\":{\"@type\":\"ImageObject\",\"inLanguage\":\"pt-BR\",\"@id\":\"https:\\\/\\\/bhimportsexports.com\\\/hl=pt\\\/#\\\/schema\\\/logo\\\/image\\\/\",\"url\":\"https:\\\/\\\/bhimportsexports.com\\\/wp-content\\\/uploads\\\/2024\\\/09\\\/BH-IMPORTS.png\",\"contentUrl\":\"https:\\\/\\\/bhimportsexports.com\\\/wp-content\\\/uploads\\\/2024\\\/09\\\/BH-IMPORTS.png\",\"width\":300,\"height\":200,\"caption\":\"BH IMPORTS & EXPORTS\"},\"image\":{\"@id\":\"https:\\\/\\\/bhimportsexports.com\\\/hl=pt\\\/#\\\/schema\\\/logo\\\/image\\\/\"}}]}<\/script>\n<!-- \/ Yoast SEO plugin. -->","yoast_head_json":{"title":"Bobinas de libera\u00e7\u00e3o de mola Eaton VCP-W, 125 Vdc\/120 Vac - BH IMPORTS &amp; EXPORTS","robots":{"index":"index","follow":"follow","max-snippet":"max-snippet:-1","max-image-preview":"max-image-preview:large","max-video-preview":"max-video-preview:-1"},"canonical":"https:\/\/bhimportsexports.com\/hl=pt\/produto\/bobinas-de-liberacao-de-mola-eaton-vcp-w-125-vdc-120-vac\/","og_locale":"pt_BR","og_type":"article","og_title":"Bobinas de libera\u00e7\u00e3o de mola Eaton VCP-W, 125 Vdc\/120 Vac - BH IMPORTS &amp; EXPORTS","og_description":"ESPECIFICA\u00c7\u00d5ES GERAIS NOME DO PRODUTO Bobina aberta\/fechada Eaton VCP-W UPC 782116049028 COMPRIMENTO\/PROFUNDIDADE DO PRODUTO 8 pol. ALTURA DO PRODUTO 3,25 pol. LARGURA DO PRODUTO 5,5 pol. PESO DO PRODUTO 0,94 lb CERTIFICA\u00c7\u00d5ES Listado pela UL Classifica\u00e7\u00e3o IEC ESPECIFICA\u00c7\u00d5ES DO PRODUTO TIPO Bobina aberta\/fechada","og_url":"https:\/\/bhimportsexports.com\/hl=pt\/produto\/bobinas-de-liberacao-de-mola-eaton-vcp-w-125-vdc-120-vac\/","og_site_name":"BH IMPORTS &amp; EXPORTS","og_image":[{"width":300,"height":300,"url":"https:\/\/bhimportsexports.com\/wp-content\/uploads\/2025\/02\/3759A76G02_C-300x300-1.jpeg","type":"image\/jpeg"}],"twitter_card":"summary_large_image","twitter_misc":{"Est. tempo de leitura":"1 minuto"},"schema":{"@context":"https:\/\/schema.org","@graph":[{"@type":"WebPage","@id":"https:\/\/bhimportsexports.com\/hl=pt\/produto\/bobinas-de-liberacao-de-mola-eaton-vcp-w-125-vdc-120-vac\/","url":"https:\/\/bhimportsexports.com\/hl=pt\/produto\/bobinas-de-liberacao-de-mola-eaton-vcp-w-125-vdc-120-vac\/","name":"Bobinas de libera\u00e7\u00e3o de mola Eaton VCP-W, 125 Vdc\/120 Vac - BH IMPORTS &amp; EXPORTS","isPartOf":{"@id":"https:\/\/bhimportsexports.com\/hl=pt\/#website"},"primaryImageOfPage":{"@id":"https:\/\/bhimportsexports.com\/hl=pt\/produto\/bobinas-de-liberacao-de-mola-eaton-vcp-w-125-vdc-120-vac\/#primaryimage"},"image":{"@id":"https:\/\/bhimportsexports.com\/hl=pt\/produto\/bobinas-de-liberacao-de-mola-eaton-vcp-w-125-vdc-120-vac\/#primaryimage"},"thumbnailUrl":"https:\/\/bhimportsexports.com\/wp-content\/uploads\/2025\/02\/3759A76G02_C-300x300-1.jpeg","datePublished":"2025-02-25T20:34:27+00:00","breadcrumb":{"@id":"https:\/\/bhimportsexports.com\/hl=pt\/produto\/bobinas-de-liberacao-de-mola-eaton-vcp-w-125-vdc-120-vac\/#breadcrumb"},"inLanguage":"pt-BR","potentialAction":[{"@type":"ReadAction","target":["https:\/\/bhimportsexports.com\/hl=pt\/produto\/bobinas-de-liberacao-de-mola-eaton-vcp-w-125-vdc-120-vac\/"]}]},{"@type":"ImageObject","inLanguage":"pt-BR","@id":"https:\/\/bhimportsexports.com\/hl=pt\/produto\/bobinas-de-liberacao-de-mola-eaton-vcp-w-125-vdc-120-vac\/#primaryimage","url":"https:\/\/bhimportsexports.com\/wp-content\/uploads\/2025\/02\/3759A76G02_C-300x300-1.jpeg","contentUrl":"https:\/\/bhimportsexports.com\/wp-content\/uploads\/2025\/02\/3759A76G02_C-300x300-1.jpeg","width":300,"height":300},{"@type":"BreadcrumbList","@id":"https:\/\/bhimportsexports.com\/hl=pt\/produto\/bobinas-de-liberacao-de-mola-eaton-vcp-w-125-vdc-120-vac\/#breadcrumb","itemListElement":[{"@type":"ListItem","position":1,"name":"In\u00edcio","item":"https:\/\/bhimportsexports.com\/hl=pt\/"},{"@type":"ListItem","position":2,"name":"Loja","item":"https:\/\/bhimportsexports.com\/hl=pt\/loja\/"},{"@type":"ListItem","position":3,"name":"Bobinas de libera\u00e7\u00e3o de mola Eaton VCP-W, 125 Vdc\/120 Vac"}]},{"@type":"WebSite","@id":"https:\/\/bhimportsexports.com\/hl=pt\/#website","url":"https:\/\/bhimportsexports.com\/hl=pt\/","name":"BH IMPORTS & EXPORTS","description":"Innovation and excellence in international trade. Import, export, consultancy and sourcing.","publisher":{"@id":"https:\/\/bhimportsexports.com\/hl=pt\/#organization"},"potentialAction":[{"@type":"SearchAction","target":{"@type":"EntryPoint","urlTemplate":"https:\/\/bhimportsexports.com\/hl=pt\/?s={search_term_string}"},"query-input":{"@type":"PropertyValueSpecification","valueRequired":true,"valueName":"search_term_string"}}],"inLanguage":"pt-BR"},{"@type":"Organization","@id":"https:\/\/bhimportsexports.com\/hl=pt\/#organization","name":"BH IMPORTS & EXPORTS","url":"https:\/\/bhimportsexports.com\/hl=pt\/","logo":{"@type":"ImageObject","inLanguage":"pt-BR","@id":"https:\/\/bhimportsexports.com\/hl=pt\/#\/schema\/logo\/image\/","url":"https:\/\/bhimportsexports.com\/wp-content\/uploads\/2024\/09\/BH-IMPORTS.png","contentUrl":"https:\/\/bhimportsexports.com\/wp-content\/uploads\/2024\/09\/BH-IMPORTS.png","width":300,"height":200,"caption":"BH IMPORTS & EXPORTS"},"image":{"@id":"https:\/\/bhimportsexports.com\/hl=pt\/#\/schema\/logo\/image\/"}}]}},"_links":{"self":[{"href":"https:\/\/bhimportsexports.com\/hl=pt\/wp-json\/wp\/v2\/product\/3883","targetHints":{"allow":["GET"]}}],"collection":[{"href":"https:\/\/bhimportsexports.com\/hl=pt\/wp-json\/wp\/v2\/product"}],"about":[{"href":"https:\/\/bhimportsexports.com\/hl=pt\/wp-json\/wp\/v2\/types\/product"}],"replies":[{"embeddable":true,"href":"https:\/\/bhimportsexports.com\/hl=pt\/wp-json\/wp\/v2\/comments?post=3883"}],"wp:featuredmedia":[{"embeddable":true,"href":"https:\/\/bhimportsexports.com\/hl=pt\/wp-json\/wp\/v2\/media\/3884"}],"wp:attachment":[{"href":"https:\/\/bhimportsexports.com\/hl=pt\/wp-json\/wp\/v2\/media?parent=3883"}],"wp:term":[{"taxonomy":"product_brand","embeddable":true,"href":"https:\/\/bhimportsexports.com\/hl=pt\/wp-json\/wp\/v2\/product_brand?post=3883"},{"taxonomy":"product_cat","embeddable":true,"href":"https:\/\/bhimportsexports.com\/hl=pt\/wp-json\/wp\/v2\/product_cat?post=3883"},{"taxonomy":"product_tag","embeddable":true,"href":"https:\/\/bhimportsexports.com\/hl=pt\/wp-json\/wp\/v2\/product_tag?post=3883"}],"curies":[{"name":"wp","href":"https:\/\/api.w.org\/{rel}","templated":true}]}}