{"id":3879,"date":"2025-02-25T20:25:43","date_gmt":"2025-02-25T20:25:43","guid":{"rendered":"https:\/\/bhimportsexports.com\/hl=pt\/?post_type=product&#038;p=3879"},"modified":"2025-02-25T20:25:43","modified_gmt":"2025-02-25T20:25:43","slug":"rele-de-seguranca-parada-de-emergencia-porta-de-protecao-24-vcc-ca-2-caminhos-de-habilitacao","status":"publish","type":"product","link":"https:\/\/bhimportsexports.com\/hl=pt\/produto\/rele-de-seguranca-parada-de-emergencia-porta-de-protecao-24-vcc-ca-2-caminhos-de-habilitacao\/","title":{"rendered":"Rel\u00e9 de seguran\u00e7a parada de emerg\u00eancia\/porta de prote\u00e7\u00e3o, 24 VCC\/CA, 2 caminhos de habilita\u00e7\u00e3o"},"content":{"rendered":"<p>Nome do produto Rel\u00e9 de seguran\u00e7a Eaton ESR5 N\u00ba da pe\u00e7a ESR5-NO-21-24VAC-DC EAN 4015081168408 Comprimento\/profundidade do produto 114,5 mil\u00edmetros Altura do produto 99 mil\u00edmetros Largura do produto 22,5 mil\u00edmetros Peso do produto 0,165 quilograma Certifica\u00e7\u00f5es M\u00e1quinas 2006\/42\/EG Categoria UL N\u00ba de controle: NKCR; NKCR7 UL 508 2014\/30\/EU IEC 61508, partes 1-7 O relat\u00f3rio UL se aplica aos EUA e Canad\u00e1 EN 50178 EN ISO 13849-1 CE Certificado pela UL para uso no Canad\u00e1 IEC 62061 IEC\/EN 60204 Classe CSA N\u00ba: 3211-83; 3211-03 CSA-C22.2 No. 14-95 UL File No.: E29184 UL Product Tradename ESR5 Product Type Safety relay Product Subtype None Features &amp; Functions Electric connection type Screw connection Features Automatic reset Safe isolate Reforged isolate 2 Un-delayed enable current paths Equipado com: Start input Feedback circuit Grampos remov\u00edveis Aprova\u00e7\u00e3o para T\u00dcV Aprova\u00e7\u00e3o de acordo com UL Fun\u00e7\u00f5es 2 canais 1 canal Material Contatos: \u00f3xido de estanho prateado, banhado a ouro (AgSnO2, 0,2 \u00b5m Au) Inv\u00f3lucro: Poliamida (PA), n\u00e3o refor\u00e7ada<\/p>\n","protected":false},"excerpt":{"rendered":"<p>Nome do produto Rel\u00e9 de seguran\u00e7a Eaton ESR5 N\u00ba da pe\u00e7a ESR5-NO-21-24VAC-DC EAN 4015081168408 Comprimento\/profundidade do produto 114,5 mil\u00edmetros Altura do produto 99 mil\u00edmetros Largura do produto 22,5 mil\u00edmetros Peso do produto 0,165 quilograma Certifica\u00e7\u00f5es M\u00e1quinas 2006\/42\/EG Categoria UL N\u00ba de controle: NKCR; NKCR7 UL 508 2014\/30\/EU IEC 61508, partes 1-7 O relat\u00f3rio UL se [&hellip;]<\/p>\n","protected":false},"featured_media":3880,"comment_status":"open","ping_status":"closed","template":"","meta":[],"product_brand":[],"product_cat":[1086],"product_tag":[],"class_list":{"0":"post-3879","1":"product","2":"type-product","3":"status-publish","4":"has-post-thumbnail","6":"product_cat-rele","8":"first","9":"onbackorder","10":"shipping-taxable","11":"purchasable","12":"product-type-simple"},"yoast_head":"<!-- This site is optimized with the Yoast SEO plugin v27.4 - https:\/\/yoast.com\/product\/yoast-seo-wordpress\/ -->\n<title>Rel\u00e9 de seguran\u00e7a parada de emerg\u00eancia\/porta de prote\u00e7\u00e3o, 24 VCC\/CA, 2 caminhos de habilita\u00e7\u00e3o - BH IMPORTS &amp; EXPORTS<\/title>\n<meta name=\"robots\" content=\"index, follow, max-snippet:-1, max-image-preview:large, max-video-preview:-1\" \/>\n<link rel=\"canonical\" href=\"https:\/\/bhimportsexports.com\/hl=pt\/produto\/rele-de-seguranca-parada-de-emergencia-porta-de-protecao-24-vcc-ca-2-caminhos-de-habilitacao\/\" \/>\n<meta property=\"og:locale\" content=\"pt_BR\" \/>\n<meta property=\"og:type\" content=\"article\" \/>\n<meta property=\"og:title\" content=\"Rel\u00e9 de seguran\u00e7a parada de emerg\u00eancia\/porta de prote\u00e7\u00e3o, 24 VCC\/CA, 2 caminhos de habilita\u00e7\u00e3o - BH IMPORTS &amp; EXPORTS\" \/>\n<meta property=\"og:description\" content=\"Nome do produto Rel\u00e9 de seguran\u00e7a Eaton ESR5 N\u00ba da pe\u00e7a ESR5-NO-21-24VAC-DC EAN 4015081168408 Comprimento\/profundidade do produto 114,5 mil\u00edmetros Altura do produto 99 mil\u00edmetros Largura do produto 22,5 mil\u00edmetros Peso do produto 0,165 quilograma Certifica\u00e7\u00f5es M\u00e1quinas 2006\/42\/EG Categoria UL N\u00ba de controle: NKCR; NKCR7 UL 508 2014\/30\/EU IEC 61508, partes 1-7 O relat\u00f3rio UL se [&hellip;]\" \/>\n<meta property=\"og:url\" content=\"https:\/\/bhimportsexports.com\/hl=pt\/produto\/rele-de-seguranca-parada-de-emergencia-porta-de-protecao-24-vcc-ca-2-caminhos-de-habilitacao\/\" \/>\n<meta property=\"og:site_name\" content=\"BH IMPORTS &amp; EXPORTS\" \/>\n<meta property=\"og:image\" content=\"https:\/\/bhimportsexports.com\/wp-content\/uploads\/2025\/02\/118700_L-300x300-1.jpeg\" \/>\n\t<meta property=\"og:image:width\" content=\"300\" \/>\n\t<meta property=\"og:image:height\" content=\"300\" \/>\n\t<meta property=\"og:image:type\" content=\"image\/jpeg\" \/>\n<meta name=\"twitter:card\" content=\"summary_large_image\" \/>\n<meta name=\"twitter:label1\" content=\"Est. tempo de leitura\" \/>\n\t<meta name=\"twitter:data1\" content=\"2 minutos\" \/>\n<script type=\"application\/ld+json\" class=\"yoast-schema-graph\">{\"@context\":\"https:\\\/\\\/schema.org\",\"@graph\":[{\"@type\":\"WebPage\",\"@id\":\"https:\\\/\\\/bhimportsexports.com\\\/hl=pt\\\/produto\\\/rele-de-seguranca-parada-de-emergencia-porta-de-protecao-24-vcc-ca-2-caminhos-de-habilitacao\\\/\",\"url\":\"https:\\\/\\\/bhimportsexports.com\\\/hl=pt\\\/produto\\\/rele-de-seguranca-parada-de-emergencia-porta-de-protecao-24-vcc-ca-2-caminhos-de-habilitacao\\\/\",\"name\":\"Rel\u00e9 de seguran\u00e7a parada de emerg\u00eancia\\\/porta de prote\u00e7\u00e3o, 24 VCC\\\/CA, 2 caminhos de habilita\u00e7\u00e3o - BH IMPORTS &amp; EXPORTS\",\"isPartOf\":{\"@id\":\"https:\\\/\\\/bhimportsexports.com\\\/hl=pt\\\/#website\"},\"primaryImageOfPage\":{\"@id\":\"https:\\\/\\\/bhimportsexports.com\\\/hl=pt\\\/produto\\\/rele-de-seguranca-parada-de-emergencia-porta-de-protecao-24-vcc-ca-2-caminhos-de-habilitacao\\\/#primaryimage\"},\"image\":{\"@id\":\"https:\\\/\\\/bhimportsexports.com\\\/hl=pt\\\/produto\\\/rele-de-seguranca-parada-de-emergencia-porta-de-protecao-24-vcc-ca-2-caminhos-de-habilitacao\\\/#primaryimage\"},\"thumbnailUrl\":\"https:\\\/\\\/bhimportsexports.com\\\/wp-content\\\/uploads\\\/2025\\\/02\\\/118700_L-300x300-1.jpeg\",\"datePublished\":\"2025-02-25T20:25:43+00:00\",\"breadcrumb\":{\"@id\":\"https:\\\/\\\/bhimportsexports.com\\\/hl=pt\\\/produto\\\/rele-de-seguranca-parada-de-emergencia-porta-de-protecao-24-vcc-ca-2-caminhos-de-habilitacao\\\/#breadcrumb\"},\"inLanguage\":\"pt-BR\",\"potentialAction\":[{\"@type\":\"ReadAction\",\"target\":[\"https:\\\/\\\/bhimportsexports.com\\\/hl=pt\\\/produto\\\/rele-de-seguranca-parada-de-emergencia-porta-de-protecao-24-vcc-ca-2-caminhos-de-habilitacao\\\/\"]}]},{\"@type\":\"ImageObject\",\"inLanguage\":\"pt-BR\",\"@id\":\"https:\\\/\\\/bhimportsexports.com\\\/hl=pt\\\/produto\\\/rele-de-seguranca-parada-de-emergencia-porta-de-protecao-24-vcc-ca-2-caminhos-de-habilitacao\\\/#primaryimage\",\"url\":\"https:\\\/\\\/bhimportsexports.com\\\/wp-content\\\/uploads\\\/2025\\\/02\\\/118700_L-300x300-1.jpeg\",\"contentUrl\":\"https:\\\/\\\/bhimportsexports.com\\\/wp-content\\\/uploads\\\/2025\\\/02\\\/118700_L-300x300-1.jpeg\",\"width\":300,\"height\":300},{\"@type\":\"BreadcrumbList\",\"@id\":\"https:\\\/\\\/bhimportsexports.com\\\/hl=pt\\\/produto\\\/rele-de-seguranca-parada-de-emergencia-porta-de-protecao-24-vcc-ca-2-caminhos-de-habilitacao\\\/#breadcrumb\",\"itemListElement\":[{\"@type\":\"ListItem\",\"position\":1,\"name\":\"In\u00edcio\",\"item\":\"https:\\\/\\\/bhimportsexports.com\\\/hl=pt\\\/\"},{\"@type\":\"ListItem\",\"position\":2,\"name\":\"Loja\",\"item\":\"https:\\\/\\\/bhimportsexports.com\\\/hl=pt\\\/loja\\\/\"},{\"@type\":\"ListItem\",\"position\":3,\"name\":\"Rel\u00e9 de seguran\u00e7a parada de emerg\u00eancia\\\/porta de prote\u00e7\u00e3o, 24 VCC\\\/CA, 2 caminhos de habilita\u00e7\u00e3o\"}]},{\"@type\":\"WebSite\",\"@id\":\"https:\\\/\\\/bhimportsexports.com\\\/hl=pt\\\/#website\",\"url\":\"https:\\\/\\\/bhimportsexports.com\\\/hl=pt\\\/\",\"name\":\"BH IMPORTS & EXPORTS\",\"description\":\"Innovation and excellence in international trade. Import, export, consultancy and sourcing.\",\"publisher\":{\"@id\":\"https:\\\/\\\/bhimportsexports.com\\\/hl=pt\\\/#organization\"},\"potentialAction\":[{\"@type\":\"SearchAction\",\"target\":{\"@type\":\"EntryPoint\",\"urlTemplate\":\"https:\\\/\\\/bhimportsexports.com\\\/hl=pt\\\/?s={search_term_string}\"},\"query-input\":{\"@type\":\"PropertyValueSpecification\",\"valueRequired\":true,\"valueName\":\"search_term_string\"}}],\"inLanguage\":\"pt-BR\"},{\"@type\":\"Organization\",\"@id\":\"https:\\\/\\\/bhimportsexports.com\\\/hl=pt\\\/#organization\",\"name\":\"BH IMPORTS & EXPORTS\",\"url\":\"https:\\\/\\\/bhimportsexports.com\\\/hl=pt\\\/\",\"logo\":{\"@type\":\"ImageObject\",\"inLanguage\":\"pt-BR\",\"@id\":\"https:\\\/\\\/bhimportsexports.com\\\/hl=pt\\\/#\\\/schema\\\/logo\\\/image\\\/\",\"url\":\"https:\\\/\\\/bhimportsexports.com\\\/wp-content\\\/uploads\\\/2024\\\/09\\\/BH-IMPORTS.png\",\"contentUrl\":\"https:\\\/\\\/bhimportsexports.com\\\/wp-content\\\/uploads\\\/2024\\\/09\\\/BH-IMPORTS.png\",\"width\":300,\"height\":200,\"caption\":\"BH IMPORTS & EXPORTS\"},\"image\":{\"@id\":\"https:\\\/\\\/bhimportsexports.com\\\/hl=pt\\\/#\\\/schema\\\/logo\\\/image\\\/\"}}]}<\/script>\n<!-- \/ Yoast SEO plugin. -->","yoast_head_json":{"title":"Rel\u00e9 de seguran\u00e7a parada de emerg\u00eancia\/porta de prote\u00e7\u00e3o, 24 VCC\/CA, 2 caminhos de habilita\u00e7\u00e3o - BH IMPORTS &amp; EXPORTS","robots":{"index":"index","follow":"follow","max-snippet":"max-snippet:-1","max-image-preview":"max-image-preview:large","max-video-preview":"max-video-preview:-1"},"canonical":"https:\/\/bhimportsexports.com\/hl=pt\/produto\/rele-de-seguranca-parada-de-emergencia-porta-de-protecao-24-vcc-ca-2-caminhos-de-habilitacao\/","og_locale":"pt_BR","og_type":"article","og_title":"Rel\u00e9 de seguran\u00e7a parada de emerg\u00eancia\/porta de prote\u00e7\u00e3o, 24 VCC\/CA, 2 caminhos de habilita\u00e7\u00e3o - BH IMPORTS &amp; EXPORTS","og_description":"Nome do produto Rel\u00e9 de seguran\u00e7a Eaton ESR5 N\u00ba da pe\u00e7a ESR5-NO-21-24VAC-DC EAN 4015081168408 Comprimento\/profundidade do produto 114,5 mil\u00edmetros Altura do produto 99 mil\u00edmetros Largura do produto 22,5 mil\u00edmetros Peso do produto 0,165 quilograma Certifica\u00e7\u00f5es M\u00e1quinas 2006\/42\/EG Categoria UL N\u00ba de controle: NKCR; NKCR7 UL 508 2014\/30\/EU IEC 61508, partes 1-7 O relat\u00f3rio UL se [&hellip;]","og_url":"https:\/\/bhimportsexports.com\/hl=pt\/produto\/rele-de-seguranca-parada-de-emergencia-porta-de-protecao-24-vcc-ca-2-caminhos-de-habilitacao\/","og_site_name":"BH IMPORTS &amp; EXPORTS","og_image":[{"width":300,"height":300,"url":"https:\/\/bhimportsexports.com\/wp-content\/uploads\/2025\/02\/118700_L-300x300-1.jpeg","type":"image\/jpeg"}],"twitter_card":"summary_large_image","twitter_misc":{"Est. tempo de leitura":"2 minutos"},"schema":{"@context":"https:\/\/schema.org","@graph":[{"@type":"WebPage","@id":"https:\/\/bhimportsexports.com\/hl=pt\/produto\/rele-de-seguranca-parada-de-emergencia-porta-de-protecao-24-vcc-ca-2-caminhos-de-habilitacao\/","url":"https:\/\/bhimportsexports.com\/hl=pt\/produto\/rele-de-seguranca-parada-de-emergencia-porta-de-protecao-24-vcc-ca-2-caminhos-de-habilitacao\/","name":"Rel\u00e9 de seguran\u00e7a parada de emerg\u00eancia\/porta de prote\u00e7\u00e3o, 24 VCC\/CA, 2 caminhos de habilita\u00e7\u00e3o - BH IMPORTS &amp; EXPORTS","isPartOf":{"@id":"https:\/\/bhimportsexports.com\/hl=pt\/#website"},"primaryImageOfPage":{"@id":"https:\/\/bhimportsexports.com\/hl=pt\/produto\/rele-de-seguranca-parada-de-emergencia-porta-de-protecao-24-vcc-ca-2-caminhos-de-habilitacao\/#primaryimage"},"image":{"@id":"https:\/\/bhimportsexports.com\/hl=pt\/produto\/rele-de-seguranca-parada-de-emergencia-porta-de-protecao-24-vcc-ca-2-caminhos-de-habilitacao\/#primaryimage"},"thumbnailUrl":"https:\/\/bhimportsexports.com\/wp-content\/uploads\/2025\/02\/118700_L-300x300-1.jpeg","datePublished":"2025-02-25T20:25:43+00:00","breadcrumb":{"@id":"https:\/\/bhimportsexports.com\/hl=pt\/produto\/rele-de-seguranca-parada-de-emergencia-porta-de-protecao-24-vcc-ca-2-caminhos-de-habilitacao\/#breadcrumb"},"inLanguage":"pt-BR","potentialAction":[{"@type":"ReadAction","target":["https:\/\/bhimportsexports.com\/hl=pt\/produto\/rele-de-seguranca-parada-de-emergencia-porta-de-protecao-24-vcc-ca-2-caminhos-de-habilitacao\/"]}]},{"@type":"ImageObject","inLanguage":"pt-BR","@id":"https:\/\/bhimportsexports.com\/hl=pt\/produto\/rele-de-seguranca-parada-de-emergencia-porta-de-protecao-24-vcc-ca-2-caminhos-de-habilitacao\/#primaryimage","url":"https:\/\/bhimportsexports.com\/wp-content\/uploads\/2025\/02\/118700_L-300x300-1.jpeg","contentUrl":"https:\/\/bhimportsexports.com\/wp-content\/uploads\/2025\/02\/118700_L-300x300-1.jpeg","width":300,"height":300},{"@type":"BreadcrumbList","@id":"https:\/\/bhimportsexports.com\/hl=pt\/produto\/rele-de-seguranca-parada-de-emergencia-porta-de-protecao-24-vcc-ca-2-caminhos-de-habilitacao\/#breadcrumb","itemListElement":[{"@type":"ListItem","position":1,"name":"In\u00edcio","item":"https:\/\/bhimportsexports.com\/hl=pt\/"},{"@type":"ListItem","position":2,"name":"Loja","item":"https:\/\/bhimportsexports.com\/hl=pt\/loja\/"},{"@type":"ListItem","position":3,"name":"Rel\u00e9 de seguran\u00e7a parada de emerg\u00eancia\/porta de prote\u00e7\u00e3o, 24 VCC\/CA, 2 caminhos de habilita\u00e7\u00e3o"}]},{"@type":"WebSite","@id":"https:\/\/bhimportsexports.com\/hl=pt\/#website","url":"https:\/\/bhimportsexports.com\/hl=pt\/","name":"BH IMPORTS & EXPORTS","description":"Innovation and excellence in international trade. Import, export, consultancy and sourcing.","publisher":{"@id":"https:\/\/bhimportsexports.com\/hl=pt\/#organization"},"potentialAction":[{"@type":"SearchAction","target":{"@type":"EntryPoint","urlTemplate":"https:\/\/bhimportsexports.com\/hl=pt\/?s={search_term_string}"},"query-input":{"@type":"PropertyValueSpecification","valueRequired":true,"valueName":"search_term_string"}}],"inLanguage":"pt-BR"},{"@type":"Organization","@id":"https:\/\/bhimportsexports.com\/hl=pt\/#organization","name":"BH IMPORTS & EXPORTS","url":"https:\/\/bhimportsexports.com\/hl=pt\/","logo":{"@type":"ImageObject","inLanguage":"pt-BR","@id":"https:\/\/bhimportsexports.com\/hl=pt\/#\/schema\/logo\/image\/","url":"https:\/\/bhimportsexports.com\/wp-content\/uploads\/2024\/09\/BH-IMPORTS.png","contentUrl":"https:\/\/bhimportsexports.com\/wp-content\/uploads\/2024\/09\/BH-IMPORTS.png","width":300,"height":200,"caption":"BH IMPORTS & EXPORTS"},"image":{"@id":"https:\/\/bhimportsexports.com\/hl=pt\/#\/schema\/logo\/image\/"}}]}},"_links":{"self":[{"href":"https:\/\/bhimportsexports.com\/hl=pt\/wp-json\/wp\/v2\/product\/3879","targetHints":{"allow":["GET"]}}],"collection":[{"href":"https:\/\/bhimportsexports.com\/hl=pt\/wp-json\/wp\/v2\/product"}],"about":[{"href":"https:\/\/bhimportsexports.com\/hl=pt\/wp-json\/wp\/v2\/types\/product"}],"replies":[{"embeddable":true,"href":"https:\/\/bhimportsexports.com\/hl=pt\/wp-json\/wp\/v2\/comments?post=3879"}],"wp:featuredmedia":[{"embeddable":true,"href":"https:\/\/bhimportsexports.com\/hl=pt\/wp-json\/wp\/v2\/media\/3880"}],"wp:attachment":[{"href":"https:\/\/bhimportsexports.com\/hl=pt\/wp-json\/wp\/v2\/media?parent=3879"}],"wp:term":[{"taxonomy":"product_brand","embeddable":true,"href":"https:\/\/bhimportsexports.com\/hl=pt\/wp-json\/wp\/v2\/product_brand?post=3879"},{"taxonomy":"product_cat","embeddable":true,"href":"https:\/\/bhimportsexports.com\/hl=pt\/wp-json\/wp\/v2\/product_cat?post=3879"},{"taxonomy":"product_tag","embeddable":true,"href":"https:\/\/bhimportsexports.com\/hl=pt\/wp-json\/wp\/v2\/product_tag?post=3879"}],"curies":[{"name":"wp","href":"https:\/\/api.w.org\/{rel}","templated":true}]}}