{"id":3871,"date":"2025-02-20T13:58:58","date_gmt":"2025-02-20T13:58:58","guid":{"rendered":"https:\/\/bhimportsexports.com\/hl=pt\/?post_type=product&#038;p=3871"},"modified":"2025-02-22T15:41:39","modified_gmt":"2025-02-22T15:41:39","slug":"chave-magnetica-direta-6-3-msb-d-6-3-m7220v50-60hz","status":"publish","type":"product","link":"https:\/\/bhimportsexports.com\/hl=pt\/produto\/chave-magnetica-direta-6-3-msb-d-6-3-m7220v50-60hz\/","title":{"rendered":"CHAVE MAGN\u00c9TICA DIRETA 6.3 \u2013 MSB-D-6.3-M7(220V50\/60HZ)"},"content":{"rendered":"<p>MSC-D Tipo de produto Partida DOL Subtipo de produto Nenhum Caracter\u00edsticas e fun\u00e7\u00f5es Equipado com: Disparador de curto-circuito Fun\u00e7\u00f5es Prote\u00e7\u00e3o contra sobrecarga compensada pela temperatura Informa\u00e7\u00f5es gerais Classe CLASSE 10 Conex\u00e3o Terminais de parafuso Conex\u00e3o ao SmartWire-DT N\u00e3o Tipo de coordena\u00e7\u00e3o 2 Grau de prote\u00e7\u00e3o NEMA Outro IP20 Modelo Partida IEC\/UL M\u00e9todo de montagem Trilho DIN N\u00famero de contatos auxiliares (contatos normalmente fechados) 0 N\u00famero de contatos auxiliares (contatos normalmente abertos) 1 Ajuste de corrente de libera\u00e7\u00e3o de sobrecarga \u2013 m\u00edn. 4 A Ajuste de corrente de libera\u00e7\u00e3o de sobrecarga \u2013 m\u00e1x. 6,3 A Categoria de sobretens\u00e3o III Grau de polui\u00e7\u00e3o 3 Tens\u00e3o de resist\u00eancia ao impulso nominal (Uimp) 6000 V CA Adequado para Tamb\u00e9m motores com classe de efici\u00eancia IE3 Tipo Partida com libera\u00e7\u00e3o bimet\u00e1lica Tipo de tens\u00e3o CC Condi\u00e7\u00f5es ambientais clim\u00e1ticas Altitude M\u00e1x. 2000 m Temperatura ambiente de opera\u00e7\u00e3o \u2013 m\u00edn. -25 \u00b0C Temperatura ambiente de opera\u00e7\u00e3o \u2013 m\u00e1x. 55 \u00b0C Classifica\u00e7\u00e3o el\u00e9trica Corrente operacional nominal (Ie) 5 A Corrente operacional nominal (Ie) em CA-3, 380 V, 400 V, 415 V 6,3 A Pot\u00eancia operacional nominal em CA-3, 220\/230 V, 50 Hz 1,5 kW Pot\u00eancia operacional nominal em CA-3, 380\/400 V, 50 Hz 2,2 kW Tens\u00e3o operacional nominal 230 \u2013 415 V CA Capacidade de comuta\u00e7\u00e3o (contatos auxiliares, uso geral) 15 A, 600 V CA, (UL\/CSA) 1 A, 250 V CC, (UL\/CSA) Capacidade de comuta\u00e7\u00e3o (contatos auxiliares, servi\u00e7o piloto) A600, operado em CA (UL\/CSA) P300, operado em CC (UL\/CSA) Classifica\u00e7\u00e3o de curto-circuito corrente de curto-circuito condicional (Iq), tipo 2, 380 V, 400 V, 415 V 50000 A Corrente de curto-circuito nominal (falha alta a 600 V) 30 A, Classe J\/CC, m\u00e1x. Fus\u00edvel, SCCR (UL\/CSA) 100 kA, Fus\u00edvel, SCCR (UL\/CSA) Libera\u00e7\u00e3o de curto-circuito (Irm) \u2013 m\u00e1x. 97,7 A Sistema magn\u00e9tico Consumo de energia (veda\u00e7\u00e3o) em CC 2,6 W Tens\u00e3o de alimenta\u00e7\u00e3o de controle nominal (Us) em CA, 50 Hz \u2013 m\u00edn. 0 V Tens\u00e3o de alimenta\u00e7\u00e3o de controle nominal (Us) em CA, 50 Hz \u2013 m\u00e1x. 0 V Tens\u00e3o de alimenta\u00e7\u00e3o de controle nominal (Us) em CA, 60 Hz \u2013 m\u00edn. 0 V Tens\u00e3o de alimenta\u00e7\u00e3o de controle nominal (Us) em CA, 60 Hz \u2013 m\u00e1x. 0 V Tens\u00e3o de alimenta\u00e7\u00e3o de controle nominal (Us) em CC \u2013 m\u00edn. 24 V Tens\u00e3o de alimenta\u00e7\u00e3o de controle nominal (Us) em CC \u2013 m\u00e1x. 24 V Verifica\u00e7\u00e3o do projeto Dissipa\u00e7\u00e3o de calor do equipamento, dependente da corrente Pvid 6,6 W Capacidade de dissipa\u00e7\u00e3o de calor Pdiss 0 W Dissipa\u00e7\u00e3o de calor por polo, dependente da corrente Pvid 2,2 W Corrente operacional nominal para dissipa\u00e7\u00e3o de calor especificada (In) 6,3 A Dissipa\u00e7\u00e3o de calor est\u00e1tica, Pvs n\u00e3o dependente de corrente 2,6 W 10.2.2 Resist\u00eancia \u00e0 corros\u00e3o Atende aos requisitos da norma do produto. 10.2.3.1 Verifica\u00e7\u00e3o da estabilidade t\u00e9rmica dos inv\u00f3lucros Atende aos requisitos da norma do produto. 10.2.3.2 Verifica\u00e7\u00e3o da resist\u00eancia dos materiais isolantes ao calor normal Atende aos requisitos da norma do produto. 10.2.3.3 Resist\u00eancia do material isolante ao calor anormal\/fogo por efeitos el\u00e9tricos internos Atende aos requisitos da norma do produto. 10.2.4 Resist\u00eancia \u00e0 radia\u00e7\u00e3o ultravioleta (UV) Atende aos requisitos da norma do produto. 10.2.5 Eleva\u00e7\u00e3o N\u00e3o se aplica, pois todo o quadro el\u00e9trico precisa ser avaliado. 10.2.6 Impacto mec\u00e2nico N\u00e3o se aplica, pois todo o quadro el\u00e9trico precisa ser avaliado. 10.2.7 Inscri\u00e7\u00f5es Atende aos requisitos da norma do produto. 10.3 Grau de prote\u00e7\u00e3o dos conjuntos N\u00e3o se aplica, pois todo o quadro el\u00e9trico precisa ser avaliado. 10.4 Dist\u00e2ncias de afastamento e fuga Atende aos requisitos da norma do produto. 10.5 Prote\u00e7\u00e3o contra choque el\u00e9trico N\u00e3o se aplica, pois todo o quadro el\u00e9trico precisa ser avaliado. 10.6 Incorpora\u00e7\u00e3o de dispositivos e componentes de comuta\u00e7\u00e3o N\u00e3o se aplica, pois todo o quadro el\u00e9trico precisa ser avaliado. 10.7 Circuitos el\u00e9tricos internos e conex\u00f5es \u00c9 de responsabilidade do fabricante do painel. 10.8 Conex\u00f5es para condutores externos \u00c9 de responsabilidade do fabricante do painel. 10.9.2 Rigidez el\u00e9trica de frequ\u00eancia de energia \u00c9 de responsabilidade do fabricante do painel. 10.9.3 Tens\u00e3o de resist\u00eancia ao impulso \u00c9 de responsabilidade do fabricante do painel. 10.9.4 Teste de inv\u00f3lucros feitos de material isolante \u00c9 de responsabilidade do fabricante do painel. 10.10 Aumento de temperatura O fabricante do painel \u00e9 respons\u00e1vel pelo c\u00e1lculo do aumento de temperatura. A Eaton fornecer\u00e1 dados de dissipa\u00e7\u00e3o de calor para os dispositivos. 10.11 Classifica\u00e7\u00e3o de curto-circuito \u00c9 de responsabilidade do fabricante do painel. As especifica\u00e7\u00f5es para o quadro de distribui\u00e7\u00e3o devem ser observadas. 10.12 Compatibilidade eletromagn\u00e9tica \u00c9 de responsabilidade do fabricante do painel. As especifica\u00e7\u00f5es para o quadro de distribui\u00e7\u00e3o devem ser observadas. 10.13 Fun\u00e7\u00e3o mec\u00e2nica O dispositivo atende aos requisitos, desde que as informa\u00e7\u00f5es no folheto de instru\u00e7\u00f5es (IL) sejam observadas.<\/p>\n","protected":false},"excerpt":{"rendered":"<p>MSC-D Tipo de produto Partida DOL Subtipo de produto Nenhum Caracter\u00edsticas e fun\u00e7\u00f5es Equipado com: Disparador de curto-circuito Fun\u00e7\u00f5es Prote\u00e7\u00e3o contra sobrecarga compensada pela temperatura Informa\u00e7\u00f5es gerais Classe CLASSE 10 Conex\u00e3o Terminais de parafuso Conex\u00e3o ao SmartWire-DT N\u00e3o Tipo de coordena\u00e7\u00e3o 2 Grau de prote\u00e7\u00e3o NEMA Outro IP20 Modelo Partida IEC\/UL M\u00e9todo de montagem Trilho [&hellip;]<\/p>\n","protected":false},"featured_media":3872,"comment_status":"open","ping_status":"closed","template":"","meta":[],"product_brand":[],"product_cat":[1150],"product_tag":[],"class_list":{"0":"post-3871","1":"product","2":"type-product","3":"status-publish","4":"has-post-thumbnail","6":"product_cat-chave-magnetica","8":"first","9":"onbackorder","10":"shipping-taxable","11":"purchasable","12":"product-type-simple"},"yoast_head":"<!-- This site is optimized with the Yoast SEO plugin v27.4 - https:\/\/yoast.com\/product\/yoast-seo-wordpress\/ -->\n<title>CHAVE MAGN\u00c9TICA DIRETA 6.3 \u2013 MSB-D-6.3-M7(220V50\/60HZ) - BH IMPORTS &amp; EXPORTS<\/title>\n<meta name=\"robots\" content=\"index, follow, max-snippet:-1, max-image-preview:large, max-video-preview:-1\" \/>\n<link rel=\"canonical\" href=\"https:\/\/bhimportsexports.com\/hl=pt\/produto\/chave-magnetica-direta-6-3-msb-d-6-3-m7220v50-60hz\/\" \/>\n<meta property=\"og:locale\" content=\"pt_BR\" \/>\n<meta property=\"og:type\" content=\"article\" \/>\n<meta property=\"og:title\" content=\"CHAVE MAGN\u00c9TICA DIRETA 6.3 \u2013 MSB-D-6.3-M7(220V50\/60HZ) - BH IMPORTS &amp; EXPORTS\" \/>\n<meta property=\"og:description\" content=\"MSC-D Tipo de produto Partida DOL Subtipo de produto Nenhum Caracter\u00edsticas e fun\u00e7\u00f5es Equipado com: Disparador de curto-circuito Fun\u00e7\u00f5es Prote\u00e7\u00e3o contra sobrecarga compensada pela temperatura Informa\u00e7\u00f5es gerais Classe CLASSE 10 Conex\u00e3o Terminais de parafuso Conex\u00e3o ao SmartWire-DT N\u00e3o Tipo de coordena\u00e7\u00e3o 2 Grau de prote\u00e7\u00e3o NEMA Outro IP20 Modelo Partida IEC\/UL M\u00e9todo de montagem Trilho [&hellip;]\" \/>\n<meta property=\"og:url\" content=\"https:\/\/bhimportsexports.com\/hl=pt\/produto\/chave-magnetica-direta-6-3-msb-d-6-3-m7220v50-60hz\/\" \/>\n<meta property=\"og:site_name\" content=\"BH IMPORTS &amp; EXPORTS\" \/>\n<meta property=\"article:modified_time\" content=\"2025-02-22T15:41:39+00:00\" \/>\n<meta property=\"og:image\" content=\"https:\/\/bhimportsexports.com\/wp-content\/uploads\/2025\/02\/CHAVE-MAGNETICA-MSB-VISION-300x300-1.webp\" \/>\n\t<meta property=\"og:image:width\" content=\"300\" \/>\n\t<meta property=\"og:image:height\" content=\"300\" \/>\n\t<meta property=\"og:image:type\" content=\"image\/webp\" \/>\n<meta name=\"twitter:card\" content=\"summary_large_image\" \/>\n<meta name=\"twitter:label1\" content=\"Est. tempo de leitura\" \/>\n\t<meta name=\"twitter:data1\" content=\"5 minutos\" \/>\n<script type=\"application\/ld+json\" class=\"yoast-schema-graph\">{\"@context\":\"https:\\\/\\\/schema.org\",\"@graph\":[{\"@type\":\"WebPage\",\"@id\":\"https:\\\/\\\/bhimportsexports.com\\\/hl=pt\\\/produto\\\/chave-magnetica-direta-6-3-msb-d-6-3-m7220v50-60hz\\\/\",\"url\":\"https:\\\/\\\/bhimportsexports.com\\\/hl=pt\\\/produto\\\/chave-magnetica-direta-6-3-msb-d-6-3-m7220v50-60hz\\\/\",\"name\":\"CHAVE MAGN\u00c9TICA DIRETA 6.3 \u2013 MSB-D-6.3-M7(220V50\\\/60HZ) - BH IMPORTS &amp; EXPORTS\",\"isPartOf\":{\"@id\":\"https:\\\/\\\/bhimportsexports.com\\\/hl=pt\\\/#website\"},\"primaryImageOfPage\":{\"@id\":\"https:\\\/\\\/bhimportsexports.com\\\/hl=pt\\\/produto\\\/chave-magnetica-direta-6-3-msb-d-6-3-m7220v50-60hz\\\/#primaryimage\"},\"image\":{\"@id\":\"https:\\\/\\\/bhimportsexports.com\\\/hl=pt\\\/produto\\\/chave-magnetica-direta-6-3-msb-d-6-3-m7220v50-60hz\\\/#primaryimage\"},\"thumbnailUrl\":\"https:\\\/\\\/bhimportsexports.com\\\/wp-content\\\/uploads\\\/2025\\\/02\\\/CHAVE-MAGNETICA-MSB-VISION-300x300-1.webp\",\"datePublished\":\"2025-02-20T13:58:58+00:00\",\"dateModified\":\"2025-02-22T15:41:39+00:00\",\"breadcrumb\":{\"@id\":\"https:\\\/\\\/bhimportsexports.com\\\/hl=pt\\\/produto\\\/chave-magnetica-direta-6-3-msb-d-6-3-m7220v50-60hz\\\/#breadcrumb\"},\"inLanguage\":\"pt-BR\",\"potentialAction\":[{\"@type\":\"ReadAction\",\"target\":[\"https:\\\/\\\/bhimportsexports.com\\\/hl=pt\\\/produto\\\/chave-magnetica-direta-6-3-msb-d-6-3-m7220v50-60hz\\\/\"]}]},{\"@type\":\"ImageObject\",\"inLanguage\":\"pt-BR\",\"@id\":\"https:\\\/\\\/bhimportsexports.com\\\/hl=pt\\\/produto\\\/chave-magnetica-direta-6-3-msb-d-6-3-m7220v50-60hz\\\/#primaryimage\",\"url\":\"https:\\\/\\\/bhimportsexports.com\\\/wp-content\\\/uploads\\\/2025\\\/02\\\/CHAVE-MAGNETICA-MSB-VISION-300x300-1.webp\",\"contentUrl\":\"https:\\\/\\\/bhimportsexports.com\\\/wp-content\\\/uploads\\\/2025\\\/02\\\/CHAVE-MAGNETICA-MSB-VISION-300x300-1.webp\",\"width\":300,\"height\":300},{\"@type\":\"BreadcrumbList\",\"@id\":\"https:\\\/\\\/bhimportsexports.com\\\/hl=pt\\\/produto\\\/chave-magnetica-direta-6-3-msb-d-6-3-m7220v50-60hz\\\/#breadcrumb\",\"itemListElement\":[{\"@type\":\"ListItem\",\"position\":1,\"name\":\"In\u00edcio\",\"item\":\"https:\\\/\\\/bhimportsexports.com\\\/hl=pt\\\/\"},{\"@type\":\"ListItem\",\"position\":2,\"name\":\"Loja\",\"item\":\"https:\\\/\\\/bhimportsexports.com\\\/hl=pt\\\/loja\\\/\"},{\"@type\":\"ListItem\",\"position\":3,\"name\":\"CHAVE MAGN\u00c9TICA DIRETA 6.3 \u2013 MSB-D-6.3-M7(220V50\\\/60HZ)\"}]},{\"@type\":\"WebSite\",\"@id\":\"https:\\\/\\\/bhimportsexports.com\\\/hl=pt\\\/#website\",\"url\":\"https:\\\/\\\/bhimportsexports.com\\\/hl=pt\\\/\",\"name\":\"BH IMPORTS & EXPORTS\",\"description\":\"Innovation and excellence in international trade. Import, export, consultancy and sourcing.\",\"publisher\":{\"@id\":\"https:\\\/\\\/bhimportsexports.com\\\/hl=pt\\\/#organization\"},\"potentialAction\":[{\"@type\":\"SearchAction\",\"target\":{\"@type\":\"EntryPoint\",\"urlTemplate\":\"https:\\\/\\\/bhimportsexports.com\\\/hl=pt\\\/?s={search_term_string}\"},\"query-input\":{\"@type\":\"PropertyValueSpecification\",\"valueRequired\":true,\"valueName\":\"search_term_string\"}}],\"inLanguage\":\"pt-BR\"},{\"@type\":\"Organization\",\"@id\":\"https:\\\/\\\/bhimportsexports.com\\\/hl=pt\\\/#organization\",\"name\":\"BH IMPORTS & EXPORTS\",\"url\":\"https:\\\/\\\/bhimportsexports.com\\\/hl=pt\\\/\",\"logo\":{\"@type\":\"ImageObject\",\"inLanguage\":\"pt-BR\",\"@id\":\"https:\\\/\\\/bhimportsexports.com\\\/hl=pt\\\/#\\\/schema\\\/logo\\\/image\\\/\",\"url\":\"https:\\\/\\\/bhimportsexports.com\\\/wp-content\\\/uploads\\\/2024\\\/09\\\/BH-IMPORTS.png\",\"contentUrl\":\"https:\\\/\\\/bhimportsexports.com\\\/wp-content\\\/uploads\\\/2024\\\/09\\\/BH-IMPORTS.png\",\"width\":300,\"height\":200,\"caption\":\"BH IMPORTS & EXPORTS\"},\"image\":{\"@id\":\"https:\\\/\\\/bhimportsexports.com\\\/hl=pt\\\/#\\\/schema\\\/logo\\\/image\\\/\"}}]}<\/script>\n<!-- \/ Yoast SEO plugin. -->","yoast_head_json":{"title":"CHAVE MAGN\u00c9TICA DIRETA 6.3 \u2013 MSB-D-6.3-M7(220V50\/60HZ) - BH IMPORTS &amp; EXPORTS","robots":{"index":"index","follow":"follow","max-snippet":"max-snippet:-1","max-image-preview":"max-image-preview:large","max-video-preview":"max-video-preview:-1"},"canonical":"https:\/\/bhimportsexports.com\/hl=pt\/produto\/chave-magnetica-direta-6-3-msb-d-6-3-m7220v50-60hz\/","og_locale":"pt_BR","og_type":"article","og_title":"CHAVE MAGN\u00c9TICA DIRETA 6.3 \u2013 MSB-D-6.3-M7(220V50\/60HZ) - BH IMPORTS &amp; EXPORTS","og_description":"MSC-D Tipo de produto Partida DOL Subtipo de produto Nenhum Caracter\u00edsticas e fun\u00e7\u00f5es Equipado com: Disparador de curto-circuito Fun\u00e7\u00f5es Prote\u00e7\u00e3o contra sobrecarga compensada pela temperatura Informa\u00e7\u00f5es gerais Classe CLASSE 10 Conex\u00e3o Terminais de parafuso Conex\u00e3o ao SmartWire-DT N\u00e3o Tipo de coordena\u00e7\u00e3o 2 Grau de prote\u00e7\u00e3o NEMA Outro IP20 Modelo Partida IEC\/UL M\u00e9todo de montagem Trilho [&hellip;]","og_url":"https:\/\/bhimportsexports.com\/hl=pt\/produto\/chave-magnetica-direta-6-3-msb-d-6-3-m7220v50-60hz\/","og_site_name":"BH IMPORTS &amp; EXPORTS","article_modified_time":"2025-02-22T15:41:39+00:00","og_image":[{"width":300,"height":300,"url":"https:\/\/bhimportsexports.com\/wp-content\/uploads\/2025\/02\/CHAVE-MAGNETICA-MSB-VISION-300x300-1.webp","type":"image\/webp"}],"twitter_card":"summary_large_image","twitter_misc":{"Est. tempo de leitura":"5 minutos"},"schema":{"@context":"https:\/\/schema.org","@graph":[{"@type":"WebPage","@id":"https:\/\/bhimportsexports.com\/hl=pt\/produto\/chave-magnetica-direta-6-3-msb-d-6-3-m7220v50-60hz\/","url":"https:\/\/bhimportsexports.com\/hl=pt\/produto\/chave-magnetica-direta-6-3-msb-d-6-3-m7220v50-60hz\/","name":"CHAVE MAGN\u00c9TICA DIRETA 6.3 \u2013 MSB-D-6.3-M7(220V50\/60HZ) - BH IMPORTS &amp; EXPORTS","isPartOf":{"@id":"https:\/\/bhimportsexports.com\/hl=pt\/#website"},"primaryImageOfPage":{"@id":"https:\/\/bhimportsexports.com\/hl=pt\/produto\/chave-magnetica-direta-6-3-msb-d-6-3-m7220v50-60hz\/#primaryimage"},"image":{"@id":"https:\/\/bhimportsexports.com\/hl=pt\/produto\/chave-magnetica-direta-6-3-msb-d-6-3-m7220v50-60hz\/#primaryimage"},"thumbnailUrl":"https:\/\/bhimportsexports.com\/wp-content\/uploads\/2025\/02\/CHAVE-MAGNETICA-MSB-VISION-300x300-1.webp","datePublished":"2025-02-20T13:58:58+00:00","dateModified":"2025-02-22T15:41:39+00:00","breadcrumb":{"@id":"https:\/\/bhimportsexports.com\/hl=pt\/produto\/chave-magnetica-direta-6-3-msb-d-6-3-m7220v50-60hz\/#breadcrumb"},"inLanguage":"pt-BR","potentialAction":[{"@type":"ReadAction","target":["https:\/\/bhimportsexports.com\/hl=pt\/produto\/chave-magnetica-direta-6-3-msb-d-6-3-m7220v50-60hz\/"]}]},{"@type":"ImageObject","inLanguage":"pt-BR","@id":"https:\/\/bhimportsexports.com\/hl=pt\/produto\/chave-magnetica-direta-6-3-msb-d-6-3-m7220v50-60hz\/#primaryimage","url":"https:\/\/bhimportsexports.com\/wp-content\/uploads\/2025\/02\/CHAVE-MAGNETICA-MSB-VISION-300x300-1.webp","contentUrl":"https:\/\/bhimportsexports.com\/wp-content\/uploads\/2025\/02\/CHAVE-MAGNETICA-MSB-VISION-300x300-1.webp","width":300,"height":300},{"@type":"BreadcrumbList","@id":"https:\/\/bhimportsexports.com\/hl=pt\/produto\/chave-magnetica-direta-6-3-msb-d-6-3-m7220v50-60hz\/#breadcrumb","itemListElement":[{"@type":"ListItem","position":1,"name":"In\u00edcio","item":"https:\/\/bhimportsexports.com\/hl=pt\/"},{"@type":"ListItem","position":2,"name":"Loja","item":"https:\/\/bhimportsexports.com\/hl=pt\/loja\/"},{"@type":"ListItem","position":3,"name":"CHAVE MAGN\u00c9TICA DIRETA 6.3 \u2013 MSB-D-6.3-M7(220V50\/60HZ)"}]},{"@type":"WebSite","@id":"https:\/\/bhimportsexports.com\/hl=pt\/#website","url":"https:\/\/bhimportsexports.com\/hl=pt\/","name":"BH IMPORTS & EXPORTS","description":"Innovation and excellence in international trade. Import, export, consultancy and sourcing.","publisher":{"@id":"https:\/\/bhimportsexports.com\/hl=pt\/#organization"},"potentialAction":[{"@type":"SearchAction","target":{"@type":"EntryPoint","urlTemplate":"https:\/\/bhimportsexports.com\/hl=pt\/?s={search_term_string}"},"query-input":{"@type":"PropertyValueSpecification","valueRequired":true,"valueName":"search_term_string"}}],"inLanguage":"pt-BR"},{"@type":"Organization","@id":"https:\/\/bhimportsexports.com\/hl=pt\/#organization","name":"BH IMPORTS & EXPORTS","url":"https:\/\/bhimportsexports.com\/hl=pt\/","logo":{"@type":"ImageObject","inLanguage":"pt-BR","@id":"https:\/\/bhimportsexports.com\/hl=pt\/#\/schema\/logo\/image\/","url":"https:\/\/bhimportsexports.com\/wp-content\/uploads\/2024\/09\/BH-IMPORTS.png","contentUrl":"https:\/\/bhimportsexports.com\/wp-content\/uploads\/2024\/09\/BH-IMPORTS.png","width":300,"height":200,"caption":"BH IMPORTS & EXPORTS"},"image":{"@id":"https:\/\/bhimportsexports.com\/hl=pt\/#\/schema\/logo\/image\/"}}]}},"_links":{"self":[{"href":"https:\/\/bhimportsexports.com\/hl=pt\/wp-json\/wp\/v2\/product\/3871","targetHints":{"allow":["GET"]}}],"collection":[{"href":"https:\/\/bhimportsexports.com\/hl=pt\/wp-json\/wp\/v2\/product"}],"about":[{"href":"https:\/\/bhimportsexports.com\/hl=pt\/wp-json\/wp\/v2\/types\/product"}],"replies":[{"embeddable":true,"href":"https:\/\/bhimportsexports.com\/hl=pt\/wp-json\/wp\/v2\/comments?post=3871"}],"wp:featuredmedia":[{"embeddable":true,"href":"https:\/\/bhimportsexports.com\/hl=pt\/wp-json\/wp\/v2\/media\/3872"}],"wp:attachment":[{"href":"https:\/\/bhimportsexports.com\/hl=pt\/wp-json\/wp\/v2\/media?parent=3871"}],"wp:term":[{"taxonomy":"product_brand","embeddable":true,"href":"https:\/\/bhimportsexports.com\/hl=pt\/wp-json\/wp\/v2\/product_brand?post=3871"},{"taxonomy":"product_cat","embeddable":true,"href":"https:\/\/bhimportsexports.com\/hl=pt\/wp-json\/wp\/v2\/product_cat?post=3871"},{"taxonomy":"product_tag","embeddable":true,"href":"https:\/\/bhimportsexports.com\/hl=pt\/wp-json\/wp\/v2\/product_tag?post=3871"}],"curies":[{"name":"wp","href":"https:\/\/api.w.org\/{rel}","templated":true}]}}