{"id":3832,"date":"2025-01-27T18:08:44","date_gmt":"2025-01-27T18:08:44","guid":{"rendered":"https:\/\/bhimportsexports.com\/hl=pt\/?post_type=product&#038;p=3832"},"modified":"2025-01-27T18:09:46","modified_gmt":"2025-01-27T18:09:46","slug":"reles-de-estado-solido-montagem-industrial-din-ssr-280vac-30a-45-32vdc-inzc","status":"publish","type":"product","link":"https:\/\/bhimportsexports.com\/hl=pt\/produto\/reles-de-estado-solido-montagem-industrial-din-ssr-280vac-30a-45-32vdc-inzc\/","title":{"rendered":"Rel\u00e9s de estado s\u00f3lido \u2013 Montagem industrial DIN SSR 280VAC\/30A 4,5-32VDC In,ZC"},"content":{"rendered":"<p>Fabricante Sensata Categoria do produto Rel\u00e9s de estado s\u00f3lido \u2013 Montagem industrial Formul\u00e1rio de contato SPST (1 Formul\u00e1rio A) Faixa de tens\u00e3o de controle 4 VCC a 32 VCC Altura 99 mm Corrente de entrada 8 mA a 12 mA M\u00e9todo de isolamento de entrada para sa\u00edda Comprimento \u00f3ptico 81,3 mm Classifica\u00e7\u00e3o da corrente de carga 30 A Classifica\u00e7\u00e3o da tens\u00e3o de carga 24 VCA a 280 VCA Temperatura m\u00e1xima de opera\u00e7\u00e3o + 80 C Temperatura m\u00ednima de opera\u00e7\u00e3o \u2013 40 C Estilo de montagem Montagem em trilho DIN Tipo de sa\u00edda SCR Embalagem Cada tipo de produto SSR \u2013 Rel\u00e9s de estado s\u00f3lido Produto Rel\u00e9s de estado s\u00f3lido Formul\u00e1rio de contato do rel\u00e9 1 Formul\u00e1rio A (SPST-NO) S\u00e9rie CKR24 Subcategoria Rel\u00e9s Estilo de termina\u00e7\u00e3o Tipo de parafuso Largura do indicador 22,5 mm<\/p>\n","protected":false},"excerpt":{"rendered":"<p>Fabricante Sensata Categoria do produto Rel\u00e9s de estado s\u00f3lido \u2013 Montagem industrial Formul\u00e1rio de contato SPST (1 Formul\u00e1rio A) Faixa de tens\u00e3o de controle 4 VCC a 32 VCC Altura 99 mm Corrente de entrada 8 mA a 12 mA M\u00e9todo de isolamento de entrada para sa\u00edda Comprimento \u00f3ptico 81,3 mm Classifica\u00e7\u00e3o da corrente de [&hellip;]<\/p>\n","protected":false},"featured_media":3833,"comment_status":"open","ping_status":"closed","template":"","meta":[],"product_brand":[],"product_cat":[1086],"product_tag":[],"class_list":{"0":"post-3832","1":"product","2":"type-product","3":"status-publish","4":"has-post-thumbnail","6":"product_cat-rele","8":"first","9":"onbackorder","10":"shipping-taxable","11":"purchasable","12":"product-type-simple"},"yoast_head":"<!-- This site is optimized with the Yoast SEO plugin v27.4 - https:\/\/yoast.com\/product\/yoast-seo-wordpress\/ -->\n<title>Rel\u00e9s de estado s\u00f3lido \u2013 Montagem industrial DIN SSR 280VAC\/30A 4,5-32VDC In,ZC - BH IMPORTS &amp; EXPORTS<\/title>\n<meta name=\"robots\" content=\"index, follow, max-snippet:-1, max-image-preview:large, max-video-preview:-1\" \/>\n<link rel=\"canonical\" href=\"https:\/\/bhimportsexports.com\/hl=pt\/produto\/reles-de-estado-solido-montagem-industrial-din-ssr-280vac-30a-45-32vdc-inzc\/\" \/>\n<meta property=\"og:locale\" content=\"pt_BR\" \/>\n<meta property=\"og:type\" content=\"article\" \/>\n<meta property=\"og:title\" content=\"Rel\u00e9s de estado s\u00f3lido \u2013 Montagem industrial DIN SSR 280VAC\/30A 4,5-32VDC In,ZC - BH IMPORTS &amp; EXPORTS\" \/>\n<meta property=\"og:description\" content=\"Fabricante Sensata Categoria do produto Rel\u00e9s de estado s\u00f3lido \u2013 Montagem industrial Formul\u00e1rio de contato SPST (1 Formul\u00e1rio A) Faixa de tens\u00e3o de controle 4 VCC a 32 VCC Altura 99 mm Corrente de entrada 8 mA a 12 mA M\u00e9todo de isolamento de entrada para sa\u00edda Comprimento \u00f3ptico 81,3 mm Classifica\u00e7\u00e3o da corrente de [&hellip;]\" \/>\n<meta property=\"og:url\" content=\"https:\/\/bhimportsexports.com\/hl=pt\/produto\/reles-de-estado-solido-montagem-industrial-din-ssr-280vac-30a-45-32vdc-inzc\/\" \/>\n<meta property=\"og:site_name\" content=\"BH IMPORTS &amp; EXPORTS\" \/>\n<meta property=\"article:modified_time\" content=\"2025-01-27T18:09:46+00:00\" \/>\n<meta property=\"og:image\" content=\"https:\/\/bhimportsexports.com\/wp-content\/uploads\/2025\/01\/CKR_series_DSL-150x300-1.webp\" \/>\n\t<meta property=\"og:image:width\" content=\"150\" \/>\n\t<meta property=\"og:image:height\" content=\"300\" \/>\n\t<meta property=\"og:image:type\" content=\"image\/webp\" \/>\n<meta name=\"twitter:card\" content=\"summary_large_image\" \/>\n<meta name=\"twitter:label1\" content=\"Est. tempo de leitura\" \/>\n\t<meta name=\"twitter:data1\" content=\"1 minuto\" \/>\n<script type=\"application\/ld+json\" class=\"yoast-schema-graph\">{\"@context\":\"https:\\\/\\\/schema.org\",\"@graph\":[{\"@type\":\"WebPage\",\"@id\":\"https:\\\/\\\/bhimportsexports.com\\\/hl=pt\\\/produto\\\/reles-de-estado-solido-montagem-industrial-din-ssr-280vac-30a-45-32vdc-inzc\\\/\",\"url\":\"https:\\\/\\\/bhimportsexports.com\\\/hl=pt\\\/produto\\\/reles-de-estado-solido-montagem-industrial-din-ssr-280vac-30a-45-32vdc-inzc\\\/\",\"name\":\"Rel\u00e9s de estado s\u00f3lido \u2013 Montagem industrial DIN SSR 280VAC\\\/30A 4,5-32VDC In,ZC - BH IMPORTS &amp; EXPORTS\",\"isPartOf\":{\"@id\":\"https:\\\/\\\/bhimportsexports.com\\\/hl=pt\\\/#website\"},\"primaryImageOfPage\":{\"@id\":\"https:\\\/\\\/bhimportsexports.com\\\/hl=pt\\\/produto\\\/reles-de-estado-solido-montagem-industrial-din-ssr-280vac-30a-45-32vdc-inzc\\\/#primaryimage\"},\"image\":{\"@id\":\"https:\\\/\\\/bhimportsexports.com\\\/hl=pt\\\/produto\\\/reles-de-estado-solido-montagem-industrial-din-ssr-280vac-30a-45-32vdc-inzc\\\/#primaryimage\"},\"thumbnailUrl\":\"https:\\\/\\\/bhimportsexports.com\\\/wp-content\\\/uploads\\\/2025\\\/01\\\/CKR_series_DSL-150x300-1.webp\",\"datePublished\":\"2025-01-27T18:08:44+00:00\",\"dateModified\":\"2025-01-27T18:09:46+00:00\",\"breadcrumb\":{\"@id\":\"https:\\\/\\\/bhimportsexports.com\\\/hl=pt\\\/produto\\\/reles-de-estado-solido-montagem-industrial-din-ssr-280vac-30a-45-32vdc-inzc\\\/#breadcrumb\"},\"inLanguage\":\"pt-BR\",\"potentialAction\":[{\"@type\":\"ReadAction\",\"target\":[\"https:\\\/\\\/bhimportsexports.com\\\/hl=pt\\\/produto\\\/reles-de-estado-solido-montagem-industrial-din-ssr-280vac-30a-45-32vdc-inzc\\\/\"]}]},{\"@type\":\"ImageObject\",\"inLanguage\":\"pt-BR\",\"@id\":\"https:\\\/\\\/bhimportsexports.com\\\/hl=pt\\\/produto\\\/reles-de-estado-solido-montagem-industrial-din-ssr-280vac-30a-45-32vdc-inzc\\\/#primaryimage\",\"url\":\"https:\\\/\\\/bhimportsexports.com\\\/wp-content\\\/uploads\\\/2025\\\/01\\\/CKR_series_DSL-150x300-1.webp\",\"contentUrl\":\"https:\\\/\\\/bhimportsexports.com\\\/wp-content\\\/uploads\\\/2025\\\/01\\\/CKR_series_DSL-150x300-1.webp\",\"width\":150,\"height\":300},{\"@type\":\"BreadcrumbList\",\"@id\":\"https:\\\/\\\/bhimportsexports.com\\\/hl=pt\\\/produto\\\/reles-de-estado-solido-montagem-industrial-din-ssr-280vac-30a-45-32vdc-inzc\\\/#breadcrumb\",\"itemListElement\":[{\"@type\":\"ListItem\",\"position\":1,\"name\":\"In\u00edcio\",\"item\":\"https:\\\/\\\/bhimportsexports.com\\\/hl=pt\\\/\"},{\"@type\":\"ListItem\",\"position\":2,\"name\":\"Loja\",\"item\":\"https:\\\/\\\/bhimportsexports.com\\\/hl=pt\\\/loja\\\/\"},{\"@type\":\"ListItem\",\"position\":3,\"name\":\"Rel\u00e9s de estado s\u00f3lido \u2013 Montagem industrial DIN SSR 280VAC\\\/30A 4,5-32VDC In,ZC\"}]},{\"@type\":\"WebSite\",\"@id\":\"https:\\\/\\\/bhimportsexports.com\\\/hl=pt\\\/#website\",\"url\":\"https:\\\/\\\/bhimportsexports.com\\\/hl=pt\\\/\",\"name\":\"BH IMPORTS & EXPORTS\",\"description\":\"Innovation and excellence in international trade. Import, export, consultancy and sourcing.\",\"publisher\":{\"@id\":\"https:\\\/\\\/bhimportsexports.com\\\/hl=pt\\\/#organization\"},\"potentialAction\":[{\"@type\":\"SearchAction\",\"target\":{\"@type\":\"EntryPoint\",\"urlTemplate\":\"https:\\\/\\\/bhimportsexports.com\\\/hl=pt\\\/?s={search_term_string}\"},\"query-input\":{\"@type\":\"PropertyValueSpecification\",\"valueRequired\":true,\"valueName\":\"search_term_string\"}}],\"inLanguage\":\"pt-BR\"},{\"@type\":\"Organization\",\"@id\":\"https:\\\/\\\/bhimportsexports.com\\\/hl=pt\\\/#organization\",\"name\":\"BH IMPORTS & EXPORTS\",\"url\":\"https:\\\/\\\/bhimportsexports.com\\\/hl=pt\\\/\",\"logo\":{\"@type\":\"ImageObject\",\"inLanguage\":\"pt-BR\",\"@id\":\"https:\\\/\\\/bhimportsexports.com\\\/hl=pt\\\/#\\\/schema\\\/logo\\\/image\\\/\",\"url\":\"https:\\\/\\\/bhimportsexports.com\\\/wp-content\\\/uploads\\\/2024\\\/09\\\/BH-IMPORTS.png\",\"contentUrl\":\"https:\\\/\\\/bhimportsexports.com\\\/wp-content\\\/uploads\\\/2024\\\/09\\\/BH-IMPORTS.png\",\"width\":300,\"height\":200,\"caption\":\"BH IMPORTS & EXPORTS\"},\"image\":{\"@id\":\"https:\\\/\\\/bhimportsexports.com\\\/hl=pt\\\/#\\\/schema\\\/logo\\\/image\\\/\"}}]}<\/script>\n<!-- \/ Yoast SEO plugin. -->","yoast_head_json":{"title":"Rel\u00e9s de estado s\u00f3lido \u2013 Montagem industrial DIN SSR 280VAC\/30A 4,5-32VDC In,ZC - BH IMPORTS &amp; EXPORTS","robots":{"index":"index","follow":"follow","max-snippet":"max-snippet:-1","max-image-preview":"max-image-preview:large","max-video-preview":"max-video-preview:-1"},"canonical":"https:\/\/bhimportsexports.com\/hl=pt\/produto\/reles-de-estado-solido-montagem-industrial-din-ssr-280vac-30a-45-32vdc-inzc\/","og_locale":"pt_BR","og_type":"article","og_title":"Rel\u00e9s de estado s\u00f3lido \u2013 Montagem industrial DIN SSR 280VAC\/30A 4,5-32VDC In,ZC - BH IMPORTS &amp; EXPORTS","og_description":"Fabricante Sensata Categoria do produto Rel\u00e9s de estado s\u00f3lido \u2013 Montagem industrial Formul\u00e1rio de contato SPST (1 Formul\u00e1rio A) Faixa de tens\u00e3o de controle 4 VCC a 32 VCC Altura 99 mm Corrente de entrada 8 mA a 12 mA M\u00e9todo de isolamento de entrada para sa\u00edda Comprimento \u00f3ptico 81,3 mm Classifica\u00e7\u00e3o da corrente de [&hellip;]","og_url":"https:\/\/bhimportsexports.com\/hl=pt\/produto\/reles-de-estado-solido-montagem-industrial-din-ssr-280vac-30a-45-32vdc-inzc\/","og_site_name":"BH IMPORTS &amp; EXPORTS","article_modified_time":"2025-01-27T18:09:46+00:00","og_image":[{"width":150,"height":300,"url":"https:\/\/bhimportsexports.com\/wp-content\/uploads\/2025\/01\/CKR_series_DSL-150x300-1.webp","type":"image\/webp"}],"twitter_card":"summary_large_image","twitter_misc":{"Est. tempo de leitura":"1 minuto"},"schema":{"@context":"https:\/\/schema.org","@graph":[{"@type":"WebPage","@id":"https:\/\/bhimportsexports.com\/hl=pt\/produto\/reles-de-estado-solido-montagem-industrial-din-ssr-280vac-30a-45-32vdc-inzc\/","url":"https:\/\/bhimportsexports.com\/hl=pt\/produto\/reles-de-estado-solido-montagem-industrial-din-ssr-280vac-30a-45-32vdc-inzc\/","name":"Rel\u00e9s de estado s\u00f3lido \u2013 Montagem industrial DIN SSR 280VAC\/30A 4,5-32VDC In,ZC - BH IMPORTS &amp; EXPORTS","isPartOf":{"@id":"https:\/\/bhimportsexports.com\/hl=pt\/#website"},"primaryImageOfPage":{"@id":"https:\/\/bhimportsexports.com\/hl=pt\/produto\/reles-de-estado-solido-montagem-industrial-din-ssr-280vac-30a-45-32vdc-inzc\/#primaryimage"},"image":{"@id":"https:\/\/bhimportsexports.com\/hl=pt\/produto\/reles-de-estado-solido-montagem-industrial-din-ssr-280vac-30a-45-32vdc-inzc\/#primaryimage"},"thumbnailUrl":"https:\/\/bhimportsexports.com\/wp-content\/uploads\/2025\/01\/CKR_series_DSL-150x300-1.webp","datePublished":"2025-01-27T18:08:44+00:00","dateModified":"2025-01-27T18:09:46+00:00","breadcrumb":{"@id":"https:\/\/bhimportsexports.com\/hl=pt\/produto\/reles-de-estado-solido-montagem-industrial-din-ssr-280vac-30a-45-32vdc-inzc\/#breadcrumb"},"inLanguage":"pt-BR","potentialAction":[{"@type":"ReadAction","target":["https:\/\/bhimportsexports.com\/hl=pt\/produto\/reles-de-estado-solido-montagem-industrial-din-ssr-280vac-30a-45-32vdc-inzc\/"]}]},{"@type":"ImageObject","inLanguage":"pt-BR","@id":"https:\/\/bhimportsexports.com\/hl=pt\/produto\/reles-de-estado-solido-montagem-industrial-din-ssr-280vac-30a-45-32vdc-inzc\/#primaryimage","url":"https:\/\/bhimportsexports.com\/wp-content\/uploads\/2025\/01\/CKR_series_DSL-150x300-1.webp","contentUrl":"https:\/\/bhimportsexports.com\/wp-content\/uploads\/2025\/01\/CKR_series_DSL-150x300-1.webp","width":150,"height":300},{"@type":"BreadcrumbList","@id":"https:\/\/bhimportsexports.com\/hl=pt\/produto\/reles-de-estado-solido-montagem-industrial-din-ssr-280vac-30a-45-32vdc-inzc\/#breadcrumb","itemListElement":[{"@type":"ListItem","position":1,"name":"In\u00edcio","item":"https:\/\/bhimportsexports.com\/hl=pt\/"},{"@type":"ListItem","position":2,"name":"Loja","item":"https:\/\/bhimportsexports.com\/hl=pt\/loja\/"},{"@type":"ListItem","position":3,"name":"Rel\u00e9s de estado s\u00f3lido \u2013 Montagem industrial DIN SSR 280VAC\/30A 4,5-32VDC In,ZC"}]},{"@type":"WebSite","@id":"https:\/\/bhimportsexports.com\/hl=pt\/#website","url":"https:\/\/bhimportsexports.com\/hl=pt\/","name":"BH IMPORTS & EXPORTS","description":"Innovation and excellence in international trade. Import, export, consultancy and sourcing.","publisher":{"@id":"https:\/\/bhimportsexports.com\/hl=pt\/#organization"},"potentialAction":[{"@type":"SearchAction","target":{"@type":"EntryPoint","urlTemplate":"https:\/\/bhimportsexports.com\/hl=pt\/?s={search_term_string}"},"query-input":{"@type":"PropertyValueSpecification","valueRequired":true,"valueName":"search_term_string"}}],"inLanguage":"pt-BR"},{"@type":"Organization","@id":"https:\/\/bhimportsexports.com\/hl=pt\/#organization","name":"BH IMPORTS & EXPORTS","url":"https:\/\/bhimportsexports.com\/hl=pt\/","logo":{"@type":"ImageObject","inLanguage":"pt-BR","@id":"https:\/\/bhimportsexports.com\/hl=pt\/#\/schema\/logo\/image\/","url":"https:\/\/bhimportsexports.com\/wp-content\/uploads\/2024\/09\/BH-IMPORTS.png","contentUrl":"https:\/\/bhimportsexports.com\/wp-content\/uploads\/2024\/09\/BH-IMPORTS.png","width":300,"height":200,"caption":"BH IMPORTS & EXPORTS"},"image":{"@id":"https:\/\/bhimportsexports.com\/hl=pt\/#\/schema\/logo\/image\/"}}]}},"_links":{"self":[{"href":"https:\/\/bhimportsexports.com\/hl=pt\/wp-json\/wp\/v2\/product\/3832","targetHints":{"allow":["GET"]}}],"collection":[{"href":"https:\/\/bhimportsexports.com\/hl=pt\/wp-json\/wp\/v2\/product"}],"about":[{"href":"https:\/\/bhimportsexports.com\/hl=pt\/wp-json\/wp\/v2\/types\/product"}],"replies":[{"embeddable":true,"href":"https:\/\/bhimportsexports.com\/hl=pt\/wp-json\/wp\/v2\/comments?post=3832"}],"wp:featuredmedia":[{"embeddable":true,"href":"https:\/\/bhimportsexports.com\/hl=pt\/wp-json\/wp\/v2\/media\/3833"}],"wp:attachment":[{"href":"https:\/\/bhimportsexports.com\/hl=pt\/wp-json\/wp\/v2\/media?parent=3832"}],"wp:term":[{"taxonomy":"product_brand","embeddable":true,"href":"https:\/\/bhimportsexports.com\/hl=pt\/wp-json\/wp\/v2\/product_brand?post=3832"},{"taxonomy":"product_cat","embeddable":true,"href":"https:\/\/bhimportsexports.com\/hl=pt\/wp-json\/wp\/v2\/product_cat?post=3832"},{"taxonomy":"product_tag","embeddable":true,"href":"https:\/\/bhimportsexports.com\/hl=pt\/wp-json\/wp\/v2\/product_tag?post=3832"}],"curies":[{"name":"wp","href":"https:\/\/api.w.org\/{rel}","templated":true}]}}