{"id":3827,"date":"2025-01-27T17:52:59","date_gmt":"2025-01-27T17:52:59","guid":{"rendered":"https:\/\/bhimportsexports.com\/hl=pt\/?post_type=product&#038;p=3827"},"modified":"2025-01-27T17:52:59","modified_gmt":"2025-01-27T17:52:59","slug":"fontes-de-alimentacao-pba1500f-48","status":"publish","type":"product","link":"https:\/\/bhimportsexports.com\/hl=pt\/produto\/fontes-de-alimentacao-pba1500f-48\/","title":{"rendered":"Fontes de alimenta\u00e7\u00e3o PBA1500F-48"},"content":{"rendered":"<p>Fabricante: Cosel Categoria do produto: Fontes de alimenta\u00e7\u00e3o comutadas Produto: Fontes de alimenta\u00e7\u00e3o comutadas Tens\u00e3o de sa\u00edda &#8211; canal 1: 48 VCC Tens\u00e3o de sa\u00edda &#8211; canal 2:- N\u00famero de sa\u00eddas: 1 Sa\u00edda Pot\u00eancia de sa\u00edda: 1,68 kW Aberto\/Fechado Inv\u00f3lucro: Estrutura aberta Tens\u00e3o de entrada: 85 VCA a 264 VCA, 120 VCC a 350 VCC Corrente de sa\u00edda &#8211; canal 1: 35 A Corrente de sa\u00edda &#8211; canal 2:- Ind\u00fastria: Industrial Estilo de montagem: Chassi Comprimento: 268 mm Largura: 178 mm Altura: 61 mm S\u00e9rie: PBA Marca: Cosel Frequ\u00eancia de entrada: 50 Hz\/60 Hz Tens\u00e3o de isolamento: 3 kVAC Regula\u00e7\u00e3o de carga: Regulado Embalagem: Pot\u00eancia a granel &#8211; Convec\u00e7\u00e3o: 1 kW Tipo de produto: Fontes de alimenta\u00e7\u00e3o comutadas 1 Subcategoria: Fonte de alimenta\u00e7\u00e3o CA-CC Peso da unidade: 3,4 kg<\/p>\n","protected":false},"excerpt":{"rendered":"<p>Fabricante: Cosel Categoria do produto: Fontes de alimenta\u00e7\u00e3o comutadas Produto: Fontes de alimenta\u00e7\u00e3o comutadas Tens\u00e3o de sa\u00edda &#8211; canal 1: 48 VCC Tens\u00e3o de sa\u00edda &#8211; canal 2:- N\u00famero de sa\u00eddas: 1 Sa\u00edda Pot\u00eancia de sa\u00edda: 1,68 kW Aberto\/Fechado Inv\u00f3lucro: Estrutura aberta Tens\u00e3o de entrada: 85 VCA a 264 VCA, 120 VCC a 350 VCC [&hellip;]<\/p>\n","protected":false},"featured_media":3828,"comment_status":"open","ping_status":"closed","template":"","meta":[],"product_brand":[],"product_cat":[1113],"product_tag":[],"class_list":{"0":"post-3827","1":"product","2":"type-product","3":"status-publish","4":"has-post-thumbnail","6":"product_cat-fonte-de-alimentacao","8":"first","9":"onbackorder","10":"shipping-taxable","11":"purchasable","12":"product-type-simple"},"yoast_head":"<!-- This site is optimized with the Yoast SEO plugin v27.4 - https:\/\/yoast.com\/product\/yoast-seo-wordpress\/ -->\n<title>Fontes de alimenta\u00e7\u00e3o PBA1500F-48 - BH IMPORTS &amp; EXPORTS<\/title>\n<meta name=\"robots\" content=\"index, follow, max-snippet:-1, max-image-preview:large, max-video-preview:-1\" \/>\n<link rel=\"canonical\" href=\"https:\/\/bhimportsexports.com\/hl=pt\/produto\/fontes-de-alimentacao-pba1500f-48\/\" \/>\n<meta property=\"og:locale\" content=\"pt_BR\" \/>\n<meta property=\"og:type\" content=\"article\" \/>\n<meta property=\"og:title\" content=\"Fontes de alimenta\u00e7\u00e3o PBA1500F-48 - BH IMPORTS &amp; EXPORTS\" \/>\n<meta property=\"og:description\" content=\"Fabricante: Cosel Categoria do produto: Fontes de alimenta\u00e7\u00e3o comutadas Produto: Fontes de alimenta\u00e7\u00e3o comutadas Tens\u00e3o de sa\u00edda &#8211; canal 1: 48 VCC Tens\u00e3o de sa\u00edda &#8211; canal 2:- N\u00famero de sa\u00eddas: 1 Sa\u00edda Pot\u00eancia de sa\u00edda: 1,68 kW Aberto\/Fechado Inv\u00f3lucro: Estrutura aberta Tens\u00e3o de entrada: 85 VCA a 264 VCA, 120 VCC a 350 VCC [&hellip;]\" \/>\n<meta property=\"og:url\" content=\"https:\/\/bhimportsexports.com\/hl=pt\/produto\/fontes-de-alimentacao-pba1500f-48\/\" \/>\n<meta property=\"og:site_name\" content=\"BH IMPORTS &amp; EXPORTS\" \/>\n<meta property=\"og:image\" content=\"https:\/\/bhimportsexports.com\/wp-content\/uploads\/2025\/01\/R0101891-01-1-300x169-1.webp\" \/>\n\t<meta property=\"og:image:width\" content=\"300\" \/>\n\t<meta property=\"og:image:height\" content=\"169\" \/>\n\t<meta property=\"og:image:type\" content=\"image\/webp\" \/>\n<meta name=\"twitter:card\" content=\"summary_large_image\" \/>\n<meta name=\"twitter:label1\" content=\"Est. tempo de leitura\" \/>\n\t<meta name=\"twitter:data1\" content=\"1 minuto\" \/>\n<script type=\"application\/ld+json\" class=\"yoast-schema-graph\">{\"@context\":\"https:\\\/\\\/schema.org\",\"@graph\":[{\"@type\":\"WebPage\",\"@id\":\"https:\\\/\\\/bhimportsexports.com\\\/hl=pt\\\/produto\\\/fontes-de-alimentacao-pba1500f-48\\\/\",\"url\":\"https:\\\/\\\/bhimportsexports.com\\\/hl=pt\\\/produto\\\/fontes-de-alimentacao-pba1500f-48\\\/\",\"name\":\"Fontes de alimenta\u00e7\u00e3o PBA1500F-48 - BH IMPORTS &amp; EXPORTS\",\"isPartOf\":{\"@id\":\"https:\\\/\\\/bhimportsexports.com\\\/hl=pt\\\/#website\"},\"primaryImageOfPage\":{\"@id\":\"https:\\\/\\\/bhimportsexports.com\\\/hl=pt\\\/produto\\\/fontes-de-alimentacao-pba1500f-48\\\/#primaryimage\"},\"image\":{\"@id\":\"https:\\\/\\\/bhimportsexports.com\\\/hl=pt\\\/produto\\\/fontes-de-alimentacao-pba1500f-48\\\/#primaryimage\"},\"thumbnailUrl\":\"https:\\\/\\\/bhimportsexports.com\\\/wp-content\\\/uploads\\\/2025\\\/01\\\/R0101891-01-1-300x169-1.webp\",\"datePublished\":\"2025-01-27T17:52:59+00:00\",\"breadcrumb\":{\"@id\":\"https:\\\/\\\/bhimportsexports.com\\\/hl=pt\\\/produto\\\/fontes-de-alimentacao-pba1500f-48\\\/#breadcrumb\"},\"inLanguage\":\"pt-BR\",\"potentialAction\":[{\"@type\":\"ReadAction\",\"target\":[\"https:\\\/\\\/bhimportsexports.com\\\/hl=pt\\\/produto\\\/fontes-de-alimentacao-pba1500f-48\\\/\"]}]},{\"@type\":\"ImageObject\",\"inLanguage\":\"pt-BR\",\"@id\":\"https:\\\/\\\/bhimportsexports.com\\\/hl=pt\\\/produto\\\/fontes-de-alimentacao-pba1500f-48\\\/#primaryimage\",\"url\":\"https:\\\/\\\/bhimportsexports.com\\\/wp-content\\\/uploads\\\/2025\\\/01\\\/R0101891-01-1-300x169-1.webp\",\"contentUrl\":\"https:\\\/\\\/bhimportsexports.com\\\/wp-content\\\/uploads\\\/2025\\\/01\\\/R0101891-01-1-300x169-1.webp\",\"width\":300,\"height\":169},{\"@type\":\"BreadcrumbList\",\"@id\":\"https:\\\/\\\/bhimportsexports.com\\\/hl=pt\\\/produto\\\/fontes-de-alimentacao-pba1500f-48\\\/#breadcrumb\",\"itemListElement\":[{\"@type\":\"ListItem\",\"position\":1,\"name\":\"In\u00edcio\",\"item\":\"https:\\\/\\\/bhimportsexports.com\\\/hl=pt\\\/\"},{\"@type\":\"ListItem\",\"position\":2,\"name\":\"Loja\",\"item\":\"https:\\\/\\\/bhimportsexports.com\\\/hl=pt\\\/loja\\\/\"},{\"@type\":\"ListItem\",\"position\":3,\"name\":\"Fontes de alimenta\u00e7\u00e3o PBA1500F-48\"}]},{\"@type\":\"WebSite\",\"@id\":\"https:\\\/\\\/bhimportsexports.com\\\/hl=pt\\\/#website\",\"url\":\"https:\\\/\\\/bhimportsexports.com\\\/hl=pt\\\/\",\"name\":\"BH IMPORTS & EXPORTS\",\"description\":\"Innovation and excellence in international trade. Import, export, consultancy and sourcing.\",\"publisher\":{\"@id\":\"https:\\\/\\\/bhimportsexports.com\\\/hl=pt\\\/#organization\"},\"potentialAction\":[{\"@type\":\"SearchAction\",\"target\":{\"@type\":\"EntryPoint\",\"urlTemplate\":\"https:\\\/\\\/bhimportsexports.com\\\/hl=pt\\\/?s={search_term_string}\"},\"query-input\":{\"@type\":\"PropertyValueSpecification\",\"valueRequired\":true,\"valueName\":\"search_term_string\"}}],\"inLanguage\":\"pt-BR\"},{\"@type\":\"Organization\",\"@id\":\"https:\\\/\\\/bhimportsexports.com\\\/hl=pt\\\/#organization\",\"name\":\"BH IMPORTS & EXPORTS\",\"url\":\"https:\\\/\\\/bhimportsexports.com\\\/hl=pt\\\/\",\"logo\":{\"@type\":\"ImageObject\",\"inLanguage\":\"pt-BR\",\"@id\":\"https:\\\/\\\/bhimportsexports.com\\\/hl=pt\\\/#\\\/schema\\\/logo\\\/image\\\/\",\"url\":\"https:\\\/\\\/bhimportsexports.com\\\/wp-content\\\/uploads\\\/2024\\\/09\\\/BH-IMPORTS.png\",\"contentUrl\":\"https:\\\/\\\/bhimportsexports.com\\\/wp-content\\\/uploads\\\/2024\\\/09\\\/BH-IMPORTS.png\",\"width\":300,\"height\":200,\"caption\":\"BH IMPORTS & EXPORTS\"},\"image\":{\"@id\":\"https:\\\/\\\/bhimportsexports.com\\\/hl=pt\\\/#\\\/schema\\\/logo\\\/image\\\/\"}}]}<\/script>\n<!-- \/ Yoast SEO plugin. -->","yoast_head_json":{"title":"Fontes de alimenta\u00e7\u00e3o PBA1500F-48 - BH IMPORTS &amp; EXPORTS","robots":{"index":"index","follow":"follow","max-snippet":"max-snippet:-1","max-image-preview":"max-image-preview:large","max-video-preview":"max-video-preview:-1"},"canonical":"https:\/\/bhimportsexports.com\/hl=pt\/produto\/fontes-de-alimentacao-pba1500f-48\/","og_locale":"pt_BR","og_type":"article","og_title":"Fontes de alimenta\u00e7\u00e3o PBA1500F-48 - BH IMPORTS &amp; EXPORTS","og_description":"Fabricante: Cosel Categoria do produto: Fontes de alimenta\u00e7\u00e3o comutadas Produto: Fontes de alimenta\u00e7\u00e3o comutadas Tens\u00e3o de sa\u00edda &#8211; canal 1: 48 VCC Tens\u00e3o de sa\u00edda &#8211; canal 2:- N\u00famero de sa\u00eddas: 1 Sa\u00edda Pot\u00eancia de sa\u00edda: 1,68 kW Aberto\/Fechado Inv\u00f3lucro: Estrutura aberta Tens\u00e3o de entrada: 85 VCA a 264 VCA, 120 VCC a 350 VCC [&hellip;]","og_url":"https:\/\/bhimportsexports.com\/hl=pt\/produto\/fontes-de-alimentacao-pba1500f-48\/","og_site_name":"BH IMPORTS &amp; EXPORTS","og_image":[{"width":300,"height":169,"url":"https:\/\/bhimportsexports.com\/wp-content\/uploads\/2025\/01\/R0101891-01-1-300x169-1.webp","type":"image\/webp"}],"twitter_card":"summary_large_image","twitter_misc":{"Est. tempo de leitura":"1 minuto"},"schema":{"@context":"https:\/\/schema.org","@graph":[{"@type":"WebPage","@id":"https:\/\/bhimportsexports.com\/hl=pt\/produto\/fontes-de-alimentacao-pba1500f-48\/","url":"https:\/\/bhimportsexports.com\/hl=pt\/produto\/fontes-de-alimentacao-pba1500f-48\/","name":"Fontes de alimenta\u00e7\u00e3o PBA1500F-48 - BH IMPORTS &amp; EXPORTS","isPartOf":{"@id":"https:\/\/bhimportsexports.com\/hl=pt\/#website"},"primaryImageOfPage":{"@id":"https:\/\/bhimportsexports.com\/hl=pt\/produto\/fontes-de-alimentacao-pba1500f-48\/#primaryimage"},"image":{"@id":"https:\/\/bhimportsexports.com\/hl=pt\/produto\/fontes-de-alimentacao-pba1500f-48\/#primaryimage"},"thumbnailUrl":"https:\/\/bhimportsexports.com\/wp-content\/uploads\/2025\/01\/R0101891-01-1-300x169-1.webp","datePublished":"2025-01-27T17:52:59+00:00","breadcrumb":{"@id":"https:\/\/bhimportsexports.com\/hl=pt\/produto\/fontes-de-alimentacao-pba1500f-48\/#breadcrumb"},"inLanguage":"pt-BR","potentialAction":[{"@type":"ReadAction","target":["https:\/\/bhimportsexports.com\/hl=pt\/produto\/fontes-de-alimentacao-pba1500f-48\/"]}]},{"@type":"ImageObject","inLanguage":"pt-BR","@id":"https:\/\/bhimportsexports.com\/hl=pt\/produto\/fontes-de-alimentacao-pba1500f-48\/#primaryimage","url":"https:\/\/bhimportsexports.com\/wp-content\/uploads\/2025\/01\/R0101891-01-1-300x169-1.webp","contentUrl":"https:\/\/bhimportsexports.com\/wp-content\/uploads\/2025\/01\/R0101891-01-1-300x169-1.webp","width":300,"height":169},{"@type":"BreadcrumbList","@id":"https:\/\/bhimportsexports.com\/hl=pt\/produto\/fontes-de-alimentacao-pba1500f-48\/#breadcrumb","itemListElement":[{"@type":"ListItem","position":1,"name":"In\u00edcio","item":"https:\/\/bhimportsexports.com\/hl=pt\/"},{"@type":"ListItem","position":2,"name":"Loja","item":"https:\/\/bhimportsexports.com\/hl=pt\/loja\/"},{"@type":"ListItem","position":3,"name":"Fontes de alimenta\u00e7\u00e3o PBA1500F-48"}]},{"@type":"WebSite","@id":"https:\/\/bhimportsexports.com\/hl=pt\/#website","url":"https:\/\/bhimportsexports.com\/hl=pt\/","name":"BH IMPORTS & EXPORTS","description":"Innovation and excellence in international trade. Import, export, consultancy and sourcing.","publisher":{"@id":"https:\/\/bhimportsexports.com\/hl=pt\/#organization"},"potentialAction":[{"@type":"SearchAction","target":{"@type":"EntryPoint","urlTemplate":"https:\/\/bhimportsexports.com\/hl=pt\/?s={search_term_string}"},"query-input":{"@type":"PropertyValueSpecification","valueRequired":true,"valueName":"search_term_string"}}],"inLanguage":"pt-BR"},{"@type":"Organization","@id":"https:\/\/bhimportsexports.com\/hl=pt\/#organization","name":"BH IMPORTS & EXPORTS","url":"https:\/\/bhimportsexports.com\/hl=pt\/","logo":{"@type":"ImageObject","inLanguage":"pt-BR","@id":"https:\/\/bhimportsexports.com\/hl=pt\/#\/schema\/logo\/image\/","url":"https:\/\/bhimportsexports.com\/wp-content\/uploads\/2024\/09\/BH-IMPORTS.png","contentUrl":"https:\/\/bhimportsexports.com\/wp-content\/uploads\/2024\/09\/BH-IMPORTS.png","width":300,"height":200,"caption":"BH IMPORTS & EXPORTS"},"image":{"@id":"https:\/\/bhimportsexports.com\/hl=pt\/#\/schema\/logo\/image\/"}}]}},"_links":{"self":[{"href":"https:\/\/bhimportsexports.com\/hl=pt\/wp-json\/wp\/v2\/product\/3827","targetHints":{"allow":["GET"]}}],"collection":[{"href":"https:\/\/bhimportsexports.com\/hl=pt\/wp-json\/wp\/v2\/product"}],"about":[{"href":"https:\/\/bhimportsexports.com\/hl=pt\/wp-json\/wp\/v2\/types\/product"}],"replies":[{"embeddable":true,"href":"https:\/\/bhimportsexports.com\/hl=pt\/wp-json\/wp\/v2\/comments?post=3827"}],"wp:featuredmedia":[{"embeddable":true,"href":"https:\/\/bhimportsexports.com\/hl=pt\/wp-json\/wp\/v2\/media\/3828"}],"wp:attachment":[{"href":"https:\/\/bhimportsexports.com\/hl=pt\/wp-json\/wp\/v2\/media?parent=3827"}],"wp:term":[{"taxonomy":"product_brand","embeddable":true,"href":"https:\/\/bhimportsexports.com\/hl=pt\/wp-json\/wp\/v2\/product_brand?post=3827"},{"taxonomy":"product_cat","embeddable":true,"href":"https:\/\/bhimportsexports.com\/hl=pt\/wp-json\/wp\/v2\/product_cat?post=3827"},{"taxonomy":"product_tag","embeddable":true,"href":"https:\/\/bhimportsexports.com\/hl=pt\/wp-json\/wp\/v2\/product_tag?post=3827"}],"curies":[{"name":"wp","href":"https:\/\/api.w.org\/{rel}","templated":true}]}}