{"id":3821,"date":"2025-01-27T16:34:40","date_gmt":"2025-01-27T16:34:40","guid":{"rendered":"https:\/\/bhimportsexports.com\/hl=pt\/?post_type=product&#038;p=3821"},"modified":"2025-01-27T16:34:40","modified_gmt":"2025-01-27T16:34:40","slug":"ventilador-axial-comair-rotron-tarzan-series-115-v-ac-operacao-ac-561-m%c2%b3-h-59-w-490-ma-max-176-x-176-x-112-mm","status":"publish","type":"product","link":"https:\/\/bhimportsexports.com\/hl=pt\/produto\/ventilador-axial-comair-rotron-tarzan-series-115-v-ac-operacao-ac-561-m%c2%b3-h-59-w-490-ma-max-176-x-176-x-112-mm\/","title":{"rendered":"Ventilador axial COMAIR ROTRON Tarzan Series, 115 V ac, opera\u00e7\u00e3o AC, 561 m\u00b3\/h, 59 W, 490 mA m\u00e1x., 176 x 176 x 112 mm"},"content":{"rendered":"<p>Categoria Ventiladores, sopradores, gerenciamento t\u00e9rmico Ventiladores Ventiladores AC Fabricante Comair Rotron S\u00e9rie Tarzan AC Embalagem Caixa Status da pe\u00e7a Ativo Tens\u00e3o nominal 115 VCA Tamanho\/dimens\u00e3o Quadrado \u2013 comp. 176 mm x altura. 176 mm Largura 112,0 mm Fluxo de ar 330,0 p\u00e9s\u00b3\/min (9,24 m\u00b3\/min) Press\u00e3o est\u00e1tica 0,871 pol. H2O (216,9 Pa) Tipo de rolamento Esfera Tipo de ventilador Tuboaxial Recursos \u2013 Ru\u00eddo 65,4 dB(A) Pot\u00eancia (Watts) 59,0 W RPM 3350 RPM Termina\u00e7\u00e3o 2 terminais Prote\u00e7\u00e3o de entrada \u2013 Temperatura de opera\u00e7\u00e3o \u2013 Ag\u00eancia de aprova\u00e7\u00e3o CE, cUL, UL Peso 5 lb (2,3 kg) Corrente nominal (A) 0,490 A Faixa de tens\u00e3o \u2013 Material \u2013 Estrutura Pl\u00e1stico Material \u2013 L\u00e2mina Pl\u00e1stico Vida \u00fatil em temp. 25000 h a 40 \u00b0C<\/p>\n","protected":false},"excerpt":{"rendered":"<p>Categoria Ventiladores, sopradores, gerenciamento t\u00e9rmico Ventiladores Ventiladores AC Fabricante Comair Rotron S\u00e9rie Tarzan AC Embalagem Caixa Status da pe\u00e7a Ativo Tens\u00e3o nominal 115 VCA Tamanho\/dimens\u00e3o Quadrado \u2013 comp. 176 mm x altura. 176 mm Largura 112,0 mm Fluxo de ar 330,0 p\u00e9s\u00b3\/min (9,24 m\u00b3\/min) Press\u00e3o est\u00e1tica 0,871 pol. H2O (216,9 Pa) Tipo de rolamento Esfera [&hellip;]<\/p>\n","protected":false},"featured_media":3822,"comment_status":"open","ping_status":"closed","template":"","meta":[],"product_brand":[],"product_cat":[1136],"product_tag":[],"class_list":{"0":"post-3821","1":"product","2":"type-product","3":"status-publish","4":"has-post-thumbnail","6":"product_cat-ventilador","8":"first","9":"onbackorder","10":"shipping-taxable","11":"purchasable","12":"product-type-simple"},"yoast_head":"<!-- This site is optimized with the Yoast SEO plugin v27.4 - https:\/\/yoast.com\/product\/yoast-seo-wordpress\/ -->\n<title>Ventilador axial COMAIR ROTRON Tarzan Series, 115 V ac, opera\u00e7\u00e3o AC, 561 m\u00b3\/h, 59 W, 490 mA m\u00e1x., 176 x 176 x 112 mm - BH IMPORTS &amp; EXPORTS<\/title>\n<meta name=\"robots\" content=\"index, follow, max-snippet:-1, max-image-preview:large, max-video-preview:-1\" \/>\n<link rel=\"canonical\" href=\"https:\/\/bhimportsexports.com\/hl=pt\/produto\/ventilador-axial-comair-rotron-tarzan-series-115-v-ac-operacao-ac-561-m\u00b3-h-59-w-490-ma-max-176-x-176-x-112-mm\/\" \/>\n<meta property=\"og:locale\" content=\"pt_BR\" \/>\n<meta property=\"og:type\" content=\"article\" \/>\n<meta property=\"og:title\" content=\"Ventilador axial COMAIR ROTRON Tarzan Series, 115 V ac, opera\u00e7\u00e3o AC, 561 m\u00b3\/h, 59 W, 490 mA m\u00e1x., 176 x 176 x 112 mm - BH IMPORTS &amp; EXPORTS\" \/>\n<meta property=\"og:description\" content=\"Categoria Ventiladores, sopradores, gerenciamento t\u00e9rmico Ventiladores Ventiladores AC Fabricante Comair Rotron S\u00e9rie Tarzan AC Embalagem Caixa Status da pe\u00e7a Ativo Tens\u00e3o nominal 115 VCA Tamanho\/dimens\u00e3o Quadrado \u2013 comp. 176 mm x altura. 176 mm Largura 112,0 mm Fluxo de ar 330,0 p\u00e9s\u00b3\/min (9,24 m\u00b3\/min) Press\u00e3o est\u00e1tica 0,871 pol. H2O (216,9 Pa) Tipo de rolamento Esfera [&hellip;]\" \/>\n<meta property=\"og:url\" content=\"https:\/\/bhimportsexports.com\/hl=pt\/produto\/ventilador-axial-comair-rotron-tarzan-series-115-v-ac-operacao-ac-561-m\u00b3-h-59-w-490-ma-max-176-x-176-x-112-mm\/\" \/>\n<meta property=\"og:site_name\" content=\"BH IMPORTS &amp; EXPORTS\" \/>\n<meta property=\"og:image\" content=\"https:\/\/bhimportsexports.com\/wp-content\/uploads\/2025\/01\/020174-020172-300x300-1.jpg\" \/>\n\t<meta property=\"og:image:width\" content=\"300\" \/>\n\t<meta property=\"og:image:height\" content=\"300\" \/>\n\t<meta property=\"og:image:type\" content=\"image\/jpeg\" \/>\n<meta name=\"twitter:card\" content=\"summary_large_image\" \/>\n<meta name=\"twitter:label1\" content=\"Est. tempo de leitura\" \/>\n\t<meta name=\"twitter:data1\" content=\"1 minuto\" \/>\n<script type=\"application\/ld+json\" class=\"yoast-schema-graph\">{\"@context\":\"https:\\\/\\\/schema.org\",\"@graph\":[{\"@type\":\"WebPage\",\"@id\":\"https:\\\/\\\/bhimportsexports.com\\\/hl=pt\\\/produto\\\/ventilador-axial-comair-rotron-tarzan-series-115-v-ac-operacao-ac-561-m%c2%b3-h-59-w-490-ma-max-176-x-176-x-112-mm\\\/\",\"url\":\"https:\\\/\\\/bhimportsexports.com\\\/hl=pt\\\/produto\\\/ventilador-axial-comair-rotron-tarzan-series-115-v-ac-operacao-ac-561-m%c2%b3-h-59-w-490-ma-max-176-x-176-x-112-mm\\\/\",\"name\":\"Ventilador axial COMAIR ROTRON Tarzan Series, 115 V ac, opera\u00e7\u00e3o AC, 561 m\u00b3\\\/h, 59 W, 490 mA m\u00e1x., 176 x 176 x 112 mm - BH IMPORTS &amp; EXPORTS\",\"isPartOf\":{\"@id\":\"https:\\\/\\\/bhimportsexports.com\\\/hl=pt\\\/#website\"},\"primaryImageOfPage\":{\"@id\":\"https:\\\/\\\/bhimportsexports.com\\\/hl=pt\\\/produto\\\/ventilador-axial-comair-rotron-tarzan-series-115-v-ac-operacao-ac-561-m%c2%b3-h-59-w-490-ma-max-176-x-176-x-112-mm\\\/#primaryimage\"},\"image\":{\"@id\":\"https:\\\/\\\/bhimportsexports.com\\\/hl=pt\\\/produto\\\/ventilador-axial-comair-rotron-tarzan-series-115-v-ac-operacao-ac-561-m%c2%b3-h-59-w-490-ma-max-176-x-176-x-112-mm\\\/#primaryimage\"},\"thumbnailUrl\":\"https:\\\/\\\/bhimportsexports.com\\\/wp-content\\\/uploads\\\/2025\\\/01\\\/020174-020172-300x300-1.jpg\",\"datePublished\":\"2025-01-27T16:34:40+00:00\",\"breadcrumb\":{\"@id\":\"https:\\\/\\\/bhimportsexports.com\\\/hl=pt\\\/produto\\\/ventilador-axial-comair-rotron-tarzan-series-115-v-ac-operacao-ac-561-m%c2%b3-h-59-w-490-ma-max-176-x-176-x-112-mm\\\/#breadcrumb\"},\"inLanguage\":\"pt-BR\",\"potentialAction\":[{\"@type\":\"ReadAction\",\"target\":[\"https:\\\/\\\/bhimportsexports.com\\\/hl=pt\\\/produto\\\/ventilador-axial-comair-rotron-tarzan-series-115-v-ac-operacao-ac-561-m%c2%b3-h-59-w-490-ma-max-176-x-176-x-112-mm\\\/\"]}]},{\"@type\":\"ImageObject\",\"inLanguage\":\"pt-BR\",\"@id\":\"https:\\\/\\\/bhimportsexports.com\\\/hl=pt\\\/produto\\\/ventilador-axial-comair-rotron-tarzan-series-115-v-ac-operacao-ac-561-m%c2%b3-h-59-w-490-ma-max-176-x-176-x-112-mm\\\/#primaryimage\",\"url\":\"https:\\\/\\\/bhimportsexports.com\\\/wp-content\\\/uploads\\\/2025\\\/01\\\/020174-020172-300x300-1.jpg\",\"contentUrl\":\"https:\\\/\\\/bhimportsexports.com\\\/wp-content\\\/uploads\\\/2025\\\/01\\\/020174-020172-300x300-1.jpg\",\"width\":300,\"height\":300},{\"@type\":\"BreadcrumbList\",\"@id\":\"https:\\\/\\\/bhimportsexports.com\\\/hl=pt\\\/produto\\\/ventilador-axial-comair-rotron-tarzan-series-115-v-ac-operacao-ac-561-m%c2%b3-h-59-w-490-ma-max-176-x-176-x-112-mm\\\/#breadcrumb\",\"itemListElement\":[{\"@type\":\"ListItem\",\"position\":1,\"name\":\"In\u00edcio\",\"item\":\"https:\\\/\\\/bhimportsexports.com\\\/hl=pt\\\/\"},{\"@type\":\"ListItem\",\"position\":2,\"name\":\"Loja\",\"item\":\"https:\\\/\\\/bhimportsexports.com\\\/hl=pt\\\/loja\\\/\"},{\"@type\":\"ListItem\",\"position\":3,\"name\":\"Ventilador axial COMAIR ROTRON Tarzan Series, 115 V ac, opera\u00e7\u00e3o AC, 561 m\u00b3\\\/h, 59 W, 490 mA m\u00e1x., 176 x 176 x 112 mm\"}]},{\"@type\":\"WebSite\",\"@id\":\"https:\\\/\\\/bhimportsexports.com\\\/hl=pt\\\/#website\",\"url\":\"https:\\\/\\\/bhimportsexports.com\\\/hl=pt\\\/\",\"name\":\"BH IMPORTS & EXPORTS\",\"description\":\"Innovation and excellence in international trade. Import, export, consultancy and sourcing.\",\"publisher\":{\"@id\":\"https:\\\/\\\/bhimportsexports.com\\\/hl=pt\\\/#organization\"},\"potentialAction\":[{\"@type\":\"SearchAction\",\"target\":{\"@type\":\"EntryPoint\",\"urlTemplate\":\"https:\\\/\\\/bhimportsexports.com\\\/hl=pt\\\/?s={search_term_string}\"},\"query-input\":{\"@type\":\"PropertyValueSpecification\",\"valueRequired\":true,\"valueName\":\"search_term_string\"}}],\"inLanguage\":\"pt-BR\"},{\"@type\":\"Organization\",\"@id\":\"https:\\\/\\\/bhimportsexports.com\\\/hl=pt\\\/#organization\",\"name\":\"BH IMPORTS & EXPORTS\",\"url\":\"https:\\\/\\\/bhimportsexports.com\\\/hl=pt\\\/\",\"logo\":{\"@type\":\"ImageObject\",\"inLanguage\":\"pt-BR\",\"@id\":\"https:\\\/\\\/bhimportsexports.com\\\/hl=pt\\\/#\\\/schema\\\/logo\\\/image\\\/\",\"url\":\"https:\\\/\\\/bhimportsexports.com\\\/wp-content\\\/uploads\\\/2024\\\/09\\\/BH-IMPORTS.png\",\"contentUrl\":\"https:\\\/\\\/bhimportsexports.com\\\/wp-content\\\/uploads\\\/2024\\\/09\\\/BH-IMPORTS.png\",\"width\":300,\"height\":200,\"caption\":\"BH IMPORTS & EXPORTS\"},\"image\":{\"@id\":\"https:\\\/\\\/bhimportsexports.com\\\/hl=pt\\\/#\\\/schema\\\/logo\\\/image\\\/\"}}]}<\/script>\n<!-- \/ Yoast SEO plugin. -->","yoast_head_json":{"title":"Ventilador axial COMAIR ROTRON Tarzan Series, 115 V ac, opera\u00e7\u00e3o AC, 561 m\u00b3\/h, 59 W, 490 mA m\u00e1x., 176 x 176 x 112 mm - BH IMPORTS &amp; EXPORTS","robots":{"index":"index","follow":"follow","max-snippet":"max-snippet:-1","max-image-preview":"max-image-preview:large","max-video-preview":"max-video-preview:-1"},"canonical":"https:\/\/bhimportsexports.com\/hl=pt\/produto\/ventilador-axial-comair-rotron-tarzan-series-115-v-ac-operacao-ac-561-m\u00b3-h-59-w-490-ma-max-176-x-176-x-112-mm\/","og_locale":"pt_BR","og_type":"article","og_title":"Ventilador axial COMAIR ROTRON Tarzan Series, 115 V ac, opera\u00e7\u00e3o AC, 561 m\u00b3\/h, 59 W, 490 mA m\u00e1x., 176 x 176 x 112 mm - BH IMPORTS &amp; EXPORTS","og_description":"Categoria Ventiladores, sopradores, gerenciamento t\u00e9rmico Ventiladores Ventiladores AC Fabricante Comair Rotron S\u00e9rie Tarzan AC Embalagem Caixa Status da pe\u00e7a Ativo Tens\u00e3o nominal 115 VCA Tamanho\/dimens\u00e3o Quadrado \u2013 comp. 176 mm x altura. 176 mm Largura 112,0 mm Fluxo de ar 330,0 p\u00e9s\u00b3\/min (9,24 m\u00b3\/min) Press\u00e3o est\u00e1tica 0,871 pol. H2O (216,9 Pa) Tipo de rolamento Esfera [&hellip;]","og_url":"https:\/\/bhimportsexports.com\/hl=pt\/produto\/ventilador-axial-comair-rotron-tarzan-series-115-v-ac-operacao-ac-561-m\u00b3-h-59-w-490-ma-max-176-x-176-x-112-mm\/","og_site_name":"BH IMPORTS &amp; EXPORTS","og_image":[{"width":300,"height":300,"url":"https:\/\/bhimportsexports.com\/wp-content\/uploads\/2025\/01\/020174-020172-300x300-1.jpg","type":"image\/jpeg"}],"twitter_card":"summary_large_image","twitter_misc":{"Est. tempo de leitura":"1 minuto"},"schema":{"@context":"https:\/\/schema.org","@graph":[{"@type":"WebPage","@id":"https:\/\/bhimportsexports.com\/hl=pt\/produto\/ventilador-axial-comair-rotron-tarzan-series-115-v-ac-operacao-ac-561-m%c2%b3-h-59-w-490-ma-max-176-x-176-x-112-mm\/","url":"https:\/\/bhimportsexports.com\/hl=pt\/produto\/ventilador-axial-comair-rotron-tarzan-series-115-v-ac-operacao-ac-561-m%c2%b3-h-59-w-490-ma-max-176-x-176-x-112-mm\/","name":"Ventilador axial COMAIR ROTRON Tarzan Series, 115 V ac, opera\u00e7\u00e3o AC, 561 m\u00b3\/h, 59 W, 490 mA m\u00e1x., 176 x 176 x 112 mm - BH IMPORTS &amp; EXPORTS","isPartOf":{"@id":"https:\/\/bhimportsexports.com\/hl=pt\/#website"},"primaryImageOfPage":{"@id":"https:\/\/bhimportsexports.com\/hl=pt\/produto\/ventilador-axial-comair-rotron-tarzan-series-115-v-ac-operacao-ac-561-m%c2%b3-h-59-w-490-ma-max-176-x-176-x-112-mm\/#primaryimage"},"image":{"@id":"https:\/\/bhimportsexports.com\/hl=pt\/produto\/ventilador-axial-comair-rotron-tarzan-series-115-v-ac-operacao-ac-561-m%c2%b3-h-59-w-490-ma-max-176-x-176-x-112-mm\/#primaryimage"},"thumbnailUrl":"https:\/\/bhimportsexports.com\/wp-content\/uploads\/2025\/01\/020174-020172-300x300-1.jpg","datePublished":"2025-01-27T16:34:40+00:00","breadcrumb":{"@id":"https:\/\/bhimportsexports.com\/hl=pt\/produto\/ventilador-axial-comair-rotron-tarzan-series-115-v-ac-operacao-ac-561-m%c2%b3-h-59-w-490-ma-max-176-x-176-x-112-mm\/#breadcrumb"},"inLanguage":"pt-BR","potentialAction":[{"@type":"ReadAction","target":["https:\/\/bhimportsexports.com\/hl=pt\/produto\/ventilador-axial-comair-rotron-tarzan-series-115-v-ac-operacao-ac-561-m%c2%b3-h-59-w-490-ma-max-176-x-176-x-112-mm\/"]}]},{"@type":"ImageObject","inLanguage":"pt-BR","@id":"https:\/\/bhimportsexports.com\/hl=pt\/produto\/ventilador-axial-comair-rotron-tarzan-series-115-v-ac-operacao-ac-561-m%c2%b3-h-59-w-490-ma-max-176-x-176-x-112-mm\/#primaryimage","url":"https:\/\/bhimportsexports.com\/wp-content\/uploads\/2025\/01\/020174-020172-300x300-1.jpg","contentUrl":"https:\/\/bhimportsexports.com\/wp-content\/uploads\/2025\/01\/020174-020172-300x300-1.jpg","width":300,"height":300},{"@type":"BreadcrumbList","@id":"https:\/\/bhimportsexports.com\/hl=pt\/produto\/ventilador-axial-comair-rotron-tarzan-series-115-v-ac-operacao-ac-561-m%c2%b3-h-59-w-490-ma-max-176-x-176-x-112-mm\/#breadcrumb","itemListElement":[{"@type":"ListItem","position":1,"name":"In\u00edcio","item":"https:\/\/bhimportsexports.com\/hl=pt\/"},{"@type":"ListItem","position":2,"name":"Loja","item":"https:\/\/bhimportsexports.com\/hl=pt\/loja\/"},{"@type":"ListItem","position":3,"name":"Ventilador axial COMAIR ROTRON Tarzan Series, 115 V ac, opera\u00e7\u00e3o AC, 561 m\u00b3\/h, 59 W, 490 mA m\u00e1x., 176 x 176 x 112 mm"}]},{"@type":"WebSite","@id":"https:\/\/bhimportsexports.com\/hl=pt\/#website","url":"https:\/\/bhimportsexports.com\/hl=pt\/","name":"BH IMPORTS & EXPORTS","description":"Innovation and excellence in international trade. Import, export, consultancy and sourcing.","publisher":{"@id":"https:\/\/bhimportsexports.com\/hl=pt\/#organization"},"potentialAction":[{"@type":"SearchAction","target":{"@type":"EntryPoint","urlTemplate":"https:\/\/bhimportsexports.com\/hl=pt\/?s={search_term_string}"},"query-input":{"@type":"PropertyValueSpecification","valueRequired":true,"valueName":"search_term_string"}}],"inLanguage":"pt-BR"},{"@type":"Organization","@id":"https:\/\/bhimportsexports.com\/hl=pt\/#organization","name":"BH IMPORTS & EXPORTS","url":"https:\/\/bhimportsexports.com\/hl=pt\/","logo":{"@type":"ImageObject","inLanguage":"pt-BR","@id":"https:\/\/bhimportsexports.com\/hl=pt\/#\/schema\/logo\/image\/","url":"https:\/\/bhimportsexports.com\/wp-content\/uploads\/2024\/09\/BH-IMPORTS.png","contentUrl":"https:\/\/bhimportsexports.com\/wp-content\/uploads\/2024\/09\/BH-IMPORTS.png","width":300,"height":200,"caption":"BH IMPORTS & EXPORTS"},"image":{"@id":"https:\/\/bhimportsexports.com\/hl=pt\/#\/schema\/logo\/image\/"}}]}},"_links":{"self":[{"href":"https:\/\/bhimportsexports.com\/hl=pt\/wp-json\/wp\/v2\/product\/3821","targetHints":{"allow":["GET"]}}],"collection":[{"href":"https:\/\/bhimportsexports.com\/hl=pt\/wp-json\/wp\/v2\/product"}],"about":[{"href":"https:\/\/bhimportsexports.com\/hl=pt\/wp-json\/wp\/v2\/types\/product"}],"replies":[{"embeddable":true,"href":"https:\/\/bhimportsexports.com\/hl=pt\/wp-json\/wp\/v2\/comments?post=3821"}],"wp:featuredmedia":[{"embeddable":true,"href":"https:\/\/bhimportsexports.com\/hl=pt\/wp-json\/wp\/v2\/media\/3822"}],"wp:attachment":[{"href":"https:\/\/bhimportsexports.com\/hl=pt\/wp-json\/wp\/v2\/media?parent=3821"}],"wp:term":[{"taxonomy":"product_brand","embeddable":true,"href":"https:\/\/bhimportsexports.com\/hl=pt\/wp-json\/wp\/v2\/product_brand?post=3821"},{"taxonomy":"product_cat","embeddable":true,"href":"https:\/\/bhimportsexports.com\/hl=pt\/wp-json\/wp\/v2\/product_cat?post=3821"},{"taxonomy":"product_tag","embeddable":true,"href":"https:\/\/bhimportsexports.com\/hl=pt\/wp-json\/wp\/v2\/product_tag?post=3821"}],"curies":[{"name":"wp","href":"https:\/\/api.w.org\/{rel}","templated":true}]}}