{"id":3812,"date":"2025-01-21T20:09:13","date_gmt":"2025-01-21T20:09:13","guid":{"rendered":"https:\/\/bhimportsexports.com\/hl=pt\/?post_type=product&#038;p=3812"},"modified":"2025-01-21T20:09:13","modified_gmt":"2025-01-21T20:09:13","slug":"switches-cisco-industrial-ethernet-serie-3000","status":"publish","type":"product","link":"https:\/\/bhimportsexports.com\/hl=pt\/produto\/switches-cisco-industrial-ethernet-serie-3000\/","title":{"rendered":"Switches Cisco Industrial Ethernet S\u00e9rie 3000"},"content":{"rendered":"<p>Obtenha uma infraestrutura robusta, f\u00e1cil de usar e altamente segura para ambientes hostis. A s\u00e9rie 3000 apresenta: Capacidade empresarial estendida com gerenciamento do Cisco Catalyst Center e suporte de extens\u00e3o de acesso definido por software para IoT Ferramentas para f\u00e1cil implanta\u00e7\u00e3o, gerenciamento e substitui\u00e7\u00e3o Seguran\u00e7a de rede baseada em padr\u00f5es abertos Integra\u00e7\u00e3o de redes de TI e automa\u00e7\u00e3o industrial Power over Ethernet (PoE), que fornece energia para dispositivos finais em ambientes industriais<\/p>\n","protected":false},"excerpt":{"rendered":"<p>Obtenha uma infraestrutura robusta, f\u00e1cil de usar e altamente segura para ambientes hostis. A s\u00e9rie 3000 apresenta: Capacidade empresarial estendida com gerenciamento do Cisco Catalyst Center e suporte de extens\u00e3o de acesso definido por software para IoT Ferramentas para f\u00e1cil implanta\u00e7\u00e3o, gerenciamento e substitui\u00e7\u00e3o Seguran\u00e7a de rede baseada em padr\u00f5es abertos Integra\u00e7\u00e3o de redes de [&hellip;]<\/p>\n","protected":false},"featured_media":3813,"comment_status":"open","ping_status":"closed","template":"","meta":[],"product_brand":[],"product_cat":[1080],"product_tag":[],"class_list":{"0":"post-3812","1":"product","2":"type-product","3":"status-publish","4":"has-post-thumbnail","6":"product_cat-switch","8":"first","9":"onbackorder","10":"shipping-taxable","11":"purchasable","12":"product-type-simple"},"yoast_head":"<!-- This site is optimized with the Yoast SEO plugin v27.4 - https:\/\/yoast.com\/product\/yoast-seo-wordpress\/ -->\n<title>Switches Cisco Industrial Ethernet S\u00e9rie 3000 - BH IMPORTS &amp; EXPORTS<\/title>\n<meta name=\"robots\" content=\"index, follow, max-snippet:-1, max-image-preview:large, max-video-preview:-1\" \/>\n<link rel=\"canonical\" href=\"https:\/\/bhimportsexports.com\/hl=pt\/produto\/switches-cisco-industrial-ethernet-serie-3000\/\" \/>\n<meta property=\"og:locale\" content=\"pt_BR\" \/>\n<meta property=\"og:type\" content=\"article\" \/>\n<meta property=\"og:title\" content=\"Switches Cisco Industrial Ethernet S\u00e9rie 3000 - BH IMPORTS &amp; EXPORTS\" \/>\n<meta property=\"og:description\" content=\"Obtenha uma infraestrutura robusta, f\u00e1cil de usar e altamente segura para ambientes hostis. A s\u00e9rie 3000 apresenta: Capacidade empresarial estendida com gerenciamento do Cisco Catalyst Center e suporte de extens\u00e3o de acesso definido por software para IoT Ferramentas para f\u00e1cil implanta\u00e7\u00e3o, gerenciamento e substitui\u00e7\u00e3o Seguran\u00e7a de rede baseada em padr\u00f5es abertos Integra\u00e7\u00e3o de redes de [&hellip;]\" \/>\n<meta property=\"og:url\" content=\"https:\/\/bhimportsexports.com\/hl=pt\/produto\/switches-cisco-industrial-ethernet-serie-3000\/\" \/>\n<meta property=\"og:site_name\" content=\"BH IMPORTS &amp; EXPORTS\" \/>\n<meta property=\"og:image\" content=\"https:\/\/bhimportsexports.com\/wp-content\/uploads\/2025\/01\/51lAJ-xraPL._AC_UF8941000_QL80_-300x300-1.jpg\" \/>\n\t<meta property=\"og:image:width\" content=\"300\" \/>\n\t<meta property=\"og:image:height\" content=\"300\" \/>\n\t<meta property=\"og:image:type\" content=\"image\/jpeg\" \/>\n<meta name=\"twitter:card\" content=\"summary_large_image\" \/>\n<meta name=\"twitter:label1\" content=\"Est. tempo de leitura\" \/>\n\t<meta name=\"twitter:data1\" content=\"1 minuto\" \/>\n<script type=\"application\/ld+json\" class=\"yoast-schema-graph\">{\"@context\":\"https:\\\/\\\/schema.org\",\"@graph\":[{\"@type\":\"WebPage\",\"@id\":\"https:\\\/\\\/bhimportsexports.com\\\/hl=pt\\\/produto\\\/switches-cisco-industrial-ethernet-serie-3000\\\/\",\"url\":\"https:\\\/\\\/bhimportsexports.com\\\/hl=pt\\\/produto\\\/switches-cisco-industrial-ethernet-serie-3000\\\/\",\"name\":\"Switches Cisco Industrial Ethernet S\u00e9rie 3000 - BH IMPORTS &amp; EXPORTS\",\"isPartOf\":{\"@id\":\"https:\\\/\\\/bhimportsexports.com\\\/hl=pt\\\/#website\"},\"primaryImageOfPage\":{\"@id\":\"https:\\\/\\\/bhimportsexports.com\\\/hl=pt\\\/produto\\\/switches-cisco-industrial-ethernet-serie-3000\\\/#primaryimage\"},\"image\":{\"@id\":\"https:\\\/\\\/bhimportsexports.com\\\/hl=pt\\\/produto\\\/switches-cisco-industrial-ethernet-serie-3000\\\/#primaryimage\"},\"thumbnailUrl\":\"https:\\\/\\\/bhimportsexports.com\\\/wp-content\\\/uploads\\\/2025\\\/01\\\/51lAJ-xraPL._AC_UF8941000_QL80_-300x300-1.jpg\",\"datePublished\":\"2025-01-21T20:09:13+00:00\",\"breadcrumb\":{\"@id\":\"https:\\\/\\\/bhimportsexports.com\\\/hl=pt\\\/produto\\\/switches-cisco-industrial-ethernet-serie-3000\\\/#breadcrumb\"},\"inLanguage\":\"pt-BR\",\"potentialAction\":[{\"@type\":\"ReadAction\",\"target\":[\"https:\\\/\\\/bhimportsexports.com\\\/hl=pt\\\/produto\\\/switches-cisco-industrial-ethernet-serie-3000\\\/\"]}]},{\"@type\":\"ImageObject\",\"inLanguage\":\"pt-BR\",\"@id\":\"https:\\\/\\\/bhimportsexports.com\\\/hl=pt\\\/produto\\\/switches-cisco-industrial-ethernet-serie-3000\\\/#primaryimage\",\"url\":\"https:\\\/\\\/bhimportsexports.com\\\/wp-content\\\/uploads\\\/2025\\\/01\\\/51lAJ-xraPL._AC_UF8941000_QL80_-300x300-1.jpg\",\"contentUrl\":\"https:\\\/\\\/bhimportsexports.com\\\/wp-content\\\/uploads\\\/2025\\\/01\\\/51lAJ-xraPL._AC_UF8941000_QL80_-300x300-1.jpg\",\"width\":300,\"height\":300},{\"@type\":\"BreadcrumbList\",\"@id\":\"https:\\\/\\\/bhimportsexports.com\\\/hl=pt\\\/produto\\\/switches-cisco-industrial-ethernet-serie-3000\\\/#breadcrumb\",\"itemListElement\":[{\"@type\":\"ListItem\",\"position\":1,\"name\":\"In\u00edcio\",\"item\":\"https:\\\/\\\/bhimportsexports.com\\\/hl=pt\\\/\"},{\"@type\":\"ListItem\",\"position\":2,\"name\":\"Loja\",\"item\":\"https:\\\/\\\/bhimportsexports.com\\\/hl=pt\\\/loja\\\/\"},{\"@type\":\"ListItem\",\"position\":3,\"name\":\"Switches Cisco Industrial Ethernet S\u00e9rie 3000\"}]},{\"@type\":\"WebSite\",\"@id\":\"https:\\\/\\\/bhimportsexports.com\\\/hl=pt\\\/#website\",\"url\":\"https:\\\/\\\/bhimportsexports.com\\\/hl=pt\\\/\",\"name\":\"BH IMPORTS & EXPORTS\",\"description\":\"Innovation and excellence in international trade. Import, export, consultancy and sourcing.\",\"publisher\":{\"@id\":\"https:\\\/\\\/bhimportsexports.com\\\/hl=pt\\\/#organization\"},\"potentialAction\":[{\"@type\":\"SearchAction\",\"target\":{\"@type\":\"EntryPoint\",\"urlTemplate\":\"https:\\\/\\\/bhimportsexports.com\\\/hl=pt\\\/?s={search_term_string}\"},\"query-input\":{\"@type\":\"PropertyValueSpecification\",\"valueRequired\":true,\"valueName\":\"search_term_string\"}}],\"inLanguage\":\"pt-BR\"},{\"@type\":\"Organization\",\"@id\":\"https:\\\/\\\/bhimportsexports.com\\\/hl=pt\\\/#organization\",\"name\":\"BH IMPORTS & EXPORTS\",\"url\":\"https:\\\/\\\/bhimportsexports.com\\\/hl=pt\\\/\",\"logo\":{\"@type\":\"ImageObject\",\"inLanguage\":\"pt-BR\",\"@id\":\"https:\\\/\\\/bhimportsexports.com\\\/hl=pt\\\/#\\\/schema\\\/logo\\\/image\\\/\",\"url\":\"https:\\\/\\\/bhimportsexports.com\\\/wp-content\\\/uploads\\\/2024\\\/09\\\/BH-IMPORTS.png\",\"contentUrl\":\"https:\\\/\\\/bhimportsexports.com\\\/wp-content\\\/uploads\\\/2024\\\/09\\\/BH-IMPORTS.png\",\"width\":300,\"height\":200,\"caption\":\"BH IMPORTS & EXPORTS\"},\"image\":{\"@id\":\"https:\\\/\\\/bhimportsexports.com\\\/hl=pt\\\/#\\\/schema\\\/logo\\\/image\\\/\"}}]}<\/script>\n<!-- \/ Yoast SEO plugin. -->","yoast_head_json":{"title":"Switches Cisco Industrial Ethernet S\u00e9rie 3000 - BH IMPORTS &amp; EXPORTS","robots":{"index":"index","follow":"follow","max-snippet":"max-snippet:-1","max-image-preview":"max-image-preview:large","max-video-preview":"max-video-preview:-1"},"canonical":"https:\/\/bhimportsexports.com\/hl=pt\/produto\/switches-cisco-industrial-ethernet-serie-3000\/","og_locale":"pt_BR","og_type":"article","og_title":"Switches Cisco Industrial Ethernet S\u00e9rie 3000 - BH IMPORTS &amp; EXPORTS","og_description":"Obtenha uma infraestrutura robusta, f\u00e1cil de usar e altamente segura para ambientes hostis. A s\u00e9rie 3000 apresenta: Capacidade empresarial estendida com gerenciamento do Cisco Catalyst Center e suporte de extens\u00e3o de acesso definido por software para IoT Ferramentas para f\u00e1cil implanta\u00e7\u00e3o, gerenciamento e substitui\u00e7\u00e3o Seguran\u00e7a de rede baseada em padr\u00f5es abertos Integra\u00e7\u00e3o de redes de [&hellip;]","og_url":"https:\/\/bhimportsexports.com\/hl=pt\/produto\/switches-cisco-industrial-ethernet-serie-3000\/","og_site_name":"BH IMPORTS &amp; EXPORTS","og_image":[{"width":300,"height":300,"url":"https:\/\/bhimportsexports.com\/wp-content\/uploads\/2025\/01\/51lAJ-xraPL._AC_UF8941000_QL80_-300x300-1.jpg","type":"image\/jpeg"}],"twitter_card":"summary_large_image","twitter_misc":{"Est. tempo de leitura":"1 minuto"},"schema":{"@context":"https:\/\/schema.org","@graph":[{"@type":"WebPage","@id":"https:\/\/bhimportsexports.com\/hl=pt\/produto\/switches-cisco-industrial-ethernet-serie-3000\/","url":"https:\/\/bhimportsexports.com\/hl=pt\/produto\/switches-cisco-industrial-ethernet-serie-3000\/","name":"Switches Cisco Industrial Ethernet S\u00e9rie 3000 - BH IMPORTS &amp; EXPORTS","isPartOf":{"@id":"https:\/\/bhimportsexports.com\/hl=pt\/#website"},"primaryImageOfPage":{"@id":"https:\/\/bhimportsexports.com\/hl=pt\/produto\/switches-cisco-industrial-ethernet-serie-3000\/#primaryimage"},"image":{"@id":"https:\/\/bhimportsexports.com\/hl=pt\/produto\/switches-cisco-industrial-ethernet-serie-3000\/#primaryimage"},"thumbnailUrl":"https:\/\/bhimportsexports.com\/wp-content\/uploads\/2025\/01\/51lAJ-xraPL._AC_UF8941000_QL80_-300x300-1.jpg","datePublished":"2025-01-21T20:09:13+00:00","breadcrumb":{"@id":"https:\/\/bhimportsexports.com\/hl=pt\/produto\/switches-cisco-industrial-ethernet-serie-3000\/#breadcrumb"},"inLanguage":"pt-BR","potentialAction":[{"@type":"ReadAction","target":["https:\/\/bhimportsexports.com\/hl=pt\/produto\/switches-cisco-industrial-ethernet-serie-3000\/"]}]},{"@type":"ImageObject","inLanguage":"pt-BR","@id":"https:\/\/bhimportsexports.com\/hl=pt\/produto\/switches-cisco-industrial-ethernet-serie-3000\/#primaryimage","url":"https:\/\/bhimportsexports.com\/wp-content\/uploads\/2025\/01\/51lAJ-xraPL._AC_UF8941000_QL80_-300x300-1.jpg","contentUrl":"https:\/\/bhimportsexports.com\/wp-content\/uploads\/2025\/01\/51lAJ-xraPL._AC_UF8941000_QL80_-300x300-1.jpg","width":300,"height":300},{"@type":"BreadcrumbList","@id":"https:\/\/bhimportsexports.com\/hl=pt\/produto\/switches-cisco-industrial-ethernet-serie-3000\/#breadcrumb","itemListElement":[{"@type":"ListItem","position":1,"name":"In\u00edcio","item":"https:\/\/bhimportsexports.com\/hl=pt\/"},{"@type":"ListItem","position":2,"name":"Loja","item":"https:\/\/bhimportsexports.com\/hl=pt\/loja\/"},{"@type":"ListItem","position":3,"name":"Switches Cisco Industrial Ethernet S\u00e9rie 3000"}]},{"@type":"WebSite","@id":"https:\/\/bhimportsexports.com\/hl=pt\/#website","url":"https:\/\/bhimportsexports.com\/hl=pt\/","name":"BH IMPORTS & EXPORTS","description":"Innovation and excellence in international trade. Import, export, consultancy and sourcing.","publisher":{"@id":"https:\/\/bhimportsexports.com\/hl=pt\/#organization"},"potentialAction":[{"@type":"SearchAction","target":{"@type":"EntryPoint","urlTemplate":"https:\/\/bhimportsexports.com\/hl=pt\/?s={search_term_string}"},"query-input":{"@type":"PropertyValueSpecification","valueRequired":true,"valueName":"search_term_string"}}],"inLanguage":"pt-BR"},{"@type":"Organization","@id":"https:\/\/bhimportsexports.com\/hl=pt\/#organization","name":"BH IMPORTS & EXPORTS","url":"https:\/\/bhimportsexports.com\/hl=pt\/","logo":{"@type":"ImageObject","inLanguage":"pt-BR","@id":"https:\/\/bhimportsexports.com\/hl=pt\/#\/schema\/logo\/image\/","url":"https:\/\/bhimportsexports.com\/wp-content\/uploads\/2024\/09\/BH-IMPORTS.png","contentUrl":"https:\/\/bhimportsexports.com\/wp-content\/uploads\/2024\/09\/BH-IMPORTS.png","width":300,"height":200,"caption":"BH IMPORTS & EXPORTS"},"image":{"@id":"https:\/\/bhimportsexports.com\/hl=pt\/#\/schema\/logo\/image\/"}}]}},"_links":{"self":[{"href":"https:\/\/bhimportsexports.com\/hl=pt\/wp-json\/wp\/v2\/product\/3812","targetHints":{"allow":["GET"]}}],"collection":[{"href":"https:\/\/bhimportsexports.com\/hl=pt\/wp-json\/wp\/v2\/product"}],"about":[{"href":"https:\/\/bhimportsexports.com\/hl=pt\/wp-json\/wp\/v2\/types\/product"}],"replies":[{"embeddable":true,"href":"https:\/\/bhimportsexports.com\/hl=pt\/wp-json\/wp\/v2\/comments?post=3812"}],"wp:featuredmedia":[{"embeddable":true,"href":"https:\/\/bhimportsexports.com\/hl=pt\/wp-json\/wp\/v2\/media\/3813"}],"wp:attachment":[{"href":"https:\/\/bhimportsexports.com\/hl=pt\/wp-json\/wp\/v2\/media?parent=3812"}],"wp:term":[{"taxonomy":"product_brand","embeddable":true,"href":"https:\/\/bhimportsexports.com\/hl=pt\/wp-json\/wp\/v2\/product_brand?post=3812"},{"taxonomy":"product_cat","embeddable":true,"href":"https:\/\/bhimportsexports.com\/hl=pt\/wp-json\/wp\/v2\/product_cat?post=3812"},{"taxonomy":"product_tag","embeddable":true,"href":"https:\/\/bhimportsexports.com\/hl=pt\/wp-json\/wp\/v2\/product_tag?post=3812"}],"curies":[{"name":"wp","href":"https:\/\/api.w.org\/{rel}","templated":true}]}}