{"id":3803,"date":"2025-01-21T13:50:22","date_gmt":"2025-01-21T13:50:22","guid":{"rendered":"https:\/\/bhimportsexports.com\/hl=pt\/?post_type=product&#038;p=3803"},"modified":"2025-01-21T13:50:23","modified_gmt":"2025-01-21T13:50:23","slug":"tampas-de-extremidade-para-cp3x225-y-o-protetor-de-cabo-linebacker-de-3-canais-cpec3x225-o","status":"publish","type":"product","link":"https:\/\/bhimportsexports.com\/hl=pt\/produto\/tampas-de-extremidade-para-cp3x225-y-o-protetor-de-cabo-linebacker-de-3-canais-cpec3x225-o\/","title":{"rendered":"Tampas de extremidade para CP3X225-Y\/O, protetor de cabo Linebacker\u00ae de 3 canais \u2013 CPEC3X225-O"},"content":{"rendered":"<p>Use as tampas de extremidade Linebacker\u00ae de 3 canais para servi\u00e7os pesados \u200b\u200bcom o PROTETOR DE CABO Linebacker\u00ae de 3 canais com tampa articulada. Fornece uma travessia segura para ve\u00edculos e tr\u00e1fego de pedestres, ao mesmo tempo em que protege cabos el\u00e9tricos valiosos e linhas de mangueiras contra danos em condi\u00e7\u00f5es clim\u00e1ticas extremas e ambientes de trabalho. O design de intertravamento modular \u00e9 ideal para uso em aplica\u00e7\u00f5es de petr\u00f3leo e g\u00e1s, minera\u00e7\u00e3o, militares e outros ambientes industriais com caminh\u00f5es pesados \u200b\u200be empilhadeiras para cabos de at\u00e9 2,25\u2033 de altura e 2,25\u2033 de largura. Protetores de cabo personalizados podem ser feitos com cores diferentes e logotipos em relevo. Obtenha um or\u00e7amento com seus requisitos espec\u00edficos. UPC 812958000786 Cor Laranja Quantidade inclu\u00edda 1 Quantidade de paletes 60 Capacidade de carga por eixo 28420 lbs Capacidade de carga por pneu 14210 Comprimento (polegadas) 8,25 Largura (polegadas) 20 Altura (polegadas) 3,05 Di\u00e2metro externo m\u00e1ximo do cabo (polegadas) 2,25 N\u00famero de canais Tipo de conector de 3 canais Conector T Largura do canal do conector 2,25<\/p>\n","protected":false},"excerpt":{"rendered":"<p>Use as tampas de extremidade Linebacker\u00ae de 3 canais para servi\u00e7os pesados \u200b\u200bcom o PROTETOR DE CABO Linebacker\u00ae de 3 canais com tampa articulada. Fornece uma travessia segura para ve\u00edculos e tr\u00e1fego de pedestres, ao mesmo tempo em que protege cabos el\u00e9tricos valiosos e linhas de mangueiras contra danos em condi\u00e7\u00f5es clim\u00e1ticas extremas e ambientes [&hellip;]<\/p>\n","protected":false},"featured_media":3804,"comment_status":"open","ping_status":"closed","template":"","meta":[],"product_brand":[],"product_cat":[1132],"product_tag":[],"class_list":{"0":"post-3803","1":"product","2":"type-product","3":"status-publish","4":"has-post-thumbnail","6":"product_cat-protetor-de-cabo","8":"first","9":"onbackorder","10":"shipping-taxable","11":"purchasable","12":"product-type-simple"},"yoast_head":"<!-- This site is optimized with the Yoast SEO plugin v27.4 - https:\/\/yoast.com\/product\/yoast-seo-wordpress\/ -->\n<title>Tampas de extremidade para CP3X225-Y\/O, protetor de cabo Linebacker\u00ae de 3 canais \u2013 CPEC3X225-O - BH IMPORTS &amp; EXPORTS<\/title>\n<meta name=\"robots\" content=\"index, follow, max-snippet:-1, max-image-preview:large, max-video-preview:-1\" \/>\n<link rel=\"canonical\" href=\"https:\/\/bhimportsexports.com\/hl=pt\/produto\/tampas-de-extremidade-para-cp3x225-y-o-protetor-de-cabo-linebacker-de-3-canais-cpec3x225-o\/\" \/>\n<meta property=\"og:locale\" content=\"pt_BR\" \/>\n<meta property=\"og:type\" content=\"article\" \/>\n<meta property=\"og:title\" content=\"Tampas de extremidade para CP3X225-Y\/O, protetor de cabo Linebacker\u00ae de 3 canais \u2013 CPEC3X225-O - BH IMPORTS &amp; EXPORTS\" \/>\n<meta property=\"og:description\" content=\"Use as tampas de extremidade Linebacker\u00ae de 3 canais para servi\u00e7os pesados \u200b\u200bcom o PROTETOR DE CABO Linebacker\u00ae de 3 canais com tampa articulada. Fornece uma travessia segura para ve\u00edculos e tr\u00e1fego de pedestres, ao mesmo tempo em que protege cabos el\u00e9tricos valiosos e linhas de mangueiras contra danos em condi\u00e7\u00f5es clim\u00e1ticas extremas e ambientes [&hellip;]\" \/>\n<meta property=\"og:url\" content=\"https:\/\/bhimportsexports.com\/hl=pt\/produto\/tampas-de-extremidade-para-cp3x225-y-o-protetor-de-cabo-linebacker-de-3-canais-cpec3x225-o\/\" \/>\n<meta property=\"og:site_name\" content=\"BH IMPORTS &amp; EXPORTS\" \/>\n<meta property=\"article:modified_time\" content=\"2025-01-21T13:50:23+00:00\" \/>\n<meta property=\"og:image\" content=\"https:\/\/bhimportsexports.com\/wp-content\/uploads\/2025\/01\/51IznhEVKzL._AC_UF10001000_QL80_-300x140-1.jpg\" \/>\n\t<meta property=\"og:image:width\" content=\"300\" \/>\n\t<meta property=\"og:image:height\" content=\"140\" \/>\n\t<meta property=\"og:image:type\" content=\"image\/jpeg\" \/>\n<meta name=\"twitter:card\" content=\"summary_large_image\" \/>\n<meta name=\"twitter:label1\" content=\"Est. tempo de leitura\" \/>\n\t<meta name=\"twitter:data1\" content=\"2 minutos\" \/>\n<script type=\"application\/ld+json\" class=\"yoast-schema-graph\">{\"@context\":\"https:\\\/\\\/schema.org\",\"@graph\":[{\"@type\":\"WebPage\",\"@id\":\"https:\\\/\\\/bhimportsexports.com\\\/hl=pt\\\/produto\\\/tampas-de-extremidade-para-cp3x225-y-o-protetor-de-cabo-linebacker-de-3-canais-cpec3x225-o\\\/\",\"url\":\"https:\\\/\\\/bhimportsexports.com\\\/hl=pt\\\/produto\\\/tampas-de-extremidade-para-cp3x225-y-o-protetor-de-cabo-linebacker-de-3-canais-cpec3x225-o\\\/\",\"name\":\"Tampas de extremidade para CP3X225-Y\\\/O, protetor de cabo Linebacker\u00ae de 3 canais \u2013 CPEC3X225-O - BH IMPORTS &amp; EXPORTS\",\"isPartOf\":{\"@id\":\"https:\\\/\\\/bhimportsexports.com\\\/hl=pt\\\/#website\"},\"primaryImageOfPage\":{\"@id\":\"https:\\\/\\\/bhimportsexports.com\\\/hl=pt\\\/produto\\\/tampas-de-extremidade-para-cp3x225-y-o-protetor-de-cabo-linebacker-de-3-canais-cpec3x225-o\\\/#primaryimage\"},\"image\":{\"@id\":\"https:\\\/\\\/bhimportsexports.com\\\/hl=pt\\\/produto\\\/tampas-de-extremidade-para-cp3x225-y-o-protetor-de-cabo-linebacker-de-3-canais-cpec3x225-o\\\/#primaryimage\"},\"thumbnailUrl\":\"https:\\\/\\\/bhimportsexports.com\\\/wp-content\\\/uploads\\\/2025\\\/01\\\/51IznhEVKzL._AC_UF10001000_QL80_-300x140-1.jpg\",\"datePublished\":\"2025-01-21T13:50:22+00:00\",\"dateModified\":\"2025-01-21T13:50:23+00:00\",\"breadcrumb\":{\"@id\":\"https:\\\/\\\/bhimportsexports.com\\\/hl=pt\\\/produto\\\/tampas-de-extremidade-para-cp3x225-y-o-protetor-de-cabo-linebacker-de-3-canais-cpec3x225-o\\\/#breadcrumb\"},\"inLanguage\":\"pt-BR\",\"potentialAction\":[{\"@type\":\"ReadAction\",\"target\":[\"https:\\\/\\\/bhimportsexports.com\\\/hl=pt\\\/produto\\\/tampas-de-extremidade-para-cp3x225-y-o-protetor-de-cabo-linebacker-de-3-canais-cpec3x225-o\\\/\"]}]},{\"@type\":\"ImageObject\",\"inLanguage\":\"pt-BR\",\"@id\":\"https:\\\/\\\/bhimportsexports.com\\\/hl=pt\\\/produto\\\/tampas-de-extremidade-para-cp3x225-y-o-protetor-de-cabo-linebacker-de-3-canais-cpec3x225-o\\\/#primaryimage\",\"url\":\"https:\\\/\\\/bhimportsexports.com\\\/wp-content\\\/uploads\\\/2025\\\/01\\\/51IznhEVKzL._AC_UF10001000_QL80_-300x140-1.jpg\",\"contentUrl\":\"https:\\\/\\\/bhimportsexports.com\\\/wp-content\\\/uploads\\\/2025\\\/01\\\/51IznhEVKzL._AC_UF10001000_QL80_-300x140-1.jpg\",\"width\":300,\"height\":140},{\"@type\":\"BreadcrumbList\",\"@id\":\"https:\\\/\\\/bhimportsexports.com\\\/hl=pt\\\/produto\\\/tampas-de-extremidade-para-cp3x225-y-o-protetor-de-cabo-linebacker-de-3-canais-cpec3x225-o\\\/#breadcrumb\",\"itemListElement\":[{\"@type\":\"ListItem\",\"position\":1,\"name\":\"In\u00edcio\",\"item\":\"https:\\\/\\\/bhimportsexports.com\\\/hl=pt\\\/\"},{\"@type\":\"ListItem\",\"position\":2,\"name\":\"Loja\",\"item\":\"https:\\\/\\\/bhimportsexports.com\\\/hl=pt\\\/loja\\\/\"},{\"@type\":\"ListItem\",\"position\":3,\"name\":\"Tampas de extremidade para CP3X225-Y\\\/O, protetor de cabo Linebacker\u00ae de 3 canais \u2013 CPEC3X225-O\"}]},{\"@type\":\"WebSite\",\"@id\":\"https:\\\/\\\/bhimportsexports.com\\\/hl=pt\\\/#website\",\"url\":\"https:\\\/\\\/bhimportsexports.com\\\/hl=pt\\\/\",\"name\":\"BH IMPORTS & EXPORTS\",\"description\":\"Innovation and excellence in international trade. Import, export, consultancy and sourcing.\",\"publisher\":{\"@id\":\"https:\\\/\\\/bhimportsexports.com\\\/hl=pt\\\/#organization\"},\"potentialAction\":[{\"@type\":\"SearchAction\",\"target\":{\"@type\":\"EntryPoint\",\"urlTemplate\":\"https:\\\/\\\/bhimportsexports.com\\\/hl=pt\\\/?s={search_term_string}\"},\"query-input\":{\"@type\":\"PropertyValueSpecification\",\"valueRequired\":true,\"valueName\":\"search_term_string\"}}],\"inLanguage\":\"pt-BR\"},{\"@type\":\"Organization\",\"@id\":\"https:\\\/\\\/bhimportsexports.com\\\/hl=pt\\\/#organization\",\"name\":\"BH IMPORTS & EXPORTS\",\"url\":\"https:\\\/\\\/bhimportsexports.com\\\/hl=pt\\\/\",\"logo\":{\"@type\":\"ImageObject\",\"inLanguage\":\"pt-BR\",\"@id\":\"https:\\\/\\\/bhimportsexports.com\\\/hl=pt\\\/#\\\/schema\\\/logo\\\/image\\\/\",\"url\":\"https:\\\/\\\/bhimportsexports.com\\\/wp-content\\\/uploads\\\/2024\\\/09\\\/BH-IMPORTS.png\",\"contentUrl\":\"https:\\\/\\\/bhimportsexports.com\\\/wp-content\\\/uploads\\\/2024\\\/09\\\/BH-IMPORTS.png\",\"width\":300,\"height\":200,\"caption\":\"BH IMPORTS & EXPORTS\"},\"image\":{\"@id\":\"https:\\\/\\\/bhimportsexports.com\\\/hl=pt\\\/#\\\/schema\\\/logo\\\/image\\\/\"}}]}<\/script>\n<!-- \/ Yoast SEO plugin. -->","yoast_head_json":{"title":"Tampas de extremidade para CP3X225-Y\/O, protetor de cabo Linebacker\u00ae de 3 canais \u2013 CPEC3X225-O - BH IMPORTS &amp; EXPORTS","robots":{"index":"index","follow":"follow","max-snippet":"max-snippet:-1","max-image-preview":"max-image-preview:large","max-video-preview":"max-video-preview:-1"},"canonical":"https:\/\/bhimportsexports.com\/hl=pt\/produto\/tampas-de-extremidade-para-cp3x225-y-o-protetor-de-cabo-linebacker-de-3-canais-cpec3x225-o\/","og_locale":"pt_BR","og_type":"article","og_title":"Tampas de extremidade para CP3X225-Y\/O, protetor de cabo Linebacker\u00ae de 3 canais \u2013 CPEC3X225-O - BH IMPORTS &amp; EXPORTS","og_description":"Use as tampas de extremidade Linebacker\u00ae de 3 canais para servi\u00e7os pesados \u200b\u200bcom o PROTETOR DE CABO Linebacker\u00ae de 3 canais com tampa articulada. Fornece uma travessia segura para ve\u00edculos e tr\u00e1fego de pedestres, ao mesmo tempo em que protege cabos el\u00e9tricos valiosos e linhas de mangueiras contra danos em condi\u00e7\u00f5es clim\u00e1ticas extremas e ambientes [&hellip;]","og_url":"https:\/\/bhimportsexports.com\/hl=pt\/produto\/tampas-de-extremidade-para-cp3x225-y-o-protetor-de-cabo-linebacker-de-3-canais-cpec3x225-o\/","og_site_name":"BH IMPORTS &amp; EXPORTS","article_modified_time":"2025-01-21T13:50:23+00:00","og_image":[{"width":300,"height":140,"url":"https:\/\/bhimportsexports.com\/wp-content\/uploads\/2025\/01\/51IznhEVKzL._AC_UF10001000_QL80_-300x140-1.jpg","type":"image\/jpeg"}],"twitter_card":"summary_large_image","twitter_misc":{"Est. tempo de leitura":"2 minutos"},"schema":{"@context":"https:\/\/schema.org","@graph":[{"@type":"WebPage","@id":"https:\/\/bhimportsexports.com\/hl=pt\/produto\/tampas-de-extremidade-para-cp3x225-y-o-protetor-de-cabo-linebacker-de-3-canais-cpec3x225-o\/","url":"https:\/\/bhimportsexports.com\/hl=pt\/produto\/tampas-de-extremidade-para-cp3x225-y-o-protetor-de-cabo-linebacker-de-3-canais-cpec3x225-o\/","name":"Tampas de extremidade para CP3X225-Y\/O, protetor de cabo Linebacker\u00ae de 3 canais \u2013 CPEC3X225-O - BH IMPORTS &amp; EXPORTS","isPartOf":{"@id":"https:\/\/bhimportsexports.com\/hl=pt\/#website"},"primaryImageOfPage":{"@id":"https:\/\/bhimportsexports.com\/hl=pt\/produto\/tampas-de-extremidade-para-cp3x225-y-o-protetor-de-cabo-linebacker-de-3-canais-cpec3x225-o\/#primaryimage"},"image":{"@id":"https:\/\/bhimportsexports.com\/hl=pt\/produto\/tampas-de-extremidade-para-cp3x225-y-o-protetor-de-cabo-linebacker-de-3-canais-cpec3x225-o\/#primaryimage"},"thumbnailUrl":"https:\/\/bhimportsexports.com\/wp-content\/uploads\/2025\/01\/51IznhEVKzL._AC_UF10001000_QL80_-300x140-1.jpg","datePublished":"2025-01-21T13:50:22+00:00","dateModified":"2025-01-21T13:50:23+00:00","breadcrumb":{"@id":"https:\/\/bhimportsexports.com\/hl=pt\/produto\/tampas-de-extremidade-para-cp3x225-y-o-protetor-de-cabo-linebacker-de-3-canais-cpec3x225-o\/#breadcrumb"},"inLanguage":"pt-BR","potentialAction":[{"@type":"ReadAction","target":["https:\/\/bhimportsexports.com\/hl=pt\/produto\/tampas-de-extremidade-para-cp3x225-y-o-protetor-de-cabo-linebacker-de-3-canais-cpec3x225-o\/"]}]},{"@type":"ImageObject","inLanguage":"pt-BR","@id":"https:\/\/bhimportsexports.com\/hl=pt\/produto\/tampas-de-extremidade-para-cp3x225-y-o-protetor-de-cabo-linebacker-de-3-canais-cpec3x225-o\/#primaryimage","url":"https:\/\/bhimportsexports.com\/wp-content\/uploads\/2025\/01\/51IznhEVKzL._AC_UF10001000_QL80_-300x140-1.jpg","contentUrl":"https:\/\/bhimportsexports.com\/wp-content\/uploads\/2025\/01\/51IznhEVKzL._AC_UF10001000_QL80_-300x140-1.jpg","width":300,"height":140},{"@type":"BreadcrumbList","@id":"https:\/\/bhimportsexports.com\/hl=pt\/produto\/tampas-de-extremidade-para-cp3x225-y-o-protetor-de-cabo-linebacker-de-3-canais-cpec3x225-o\/#breadcrumb","itemListElement":[{"@type":"ListItem","position":1,"name":"In\u00edcio","item":"https:\/\/bhimportsexports.com\/hl=pt\/"},{"@type":"ListItem","position":2,"name":"Loja","item":"https:\/\/bhimportsexports.com\/hl=pt\/loja\/"},{"@type":"ListItem","position":3,"name":"Tampas de extremidade para CP3X225-Y\/O, protetor de cabo Linebacker\u00ae de 3 canais \u2013 CPEC3X225-O"}]},{"@type":"WebSite","@id":"https:\/\/bhimportsexports.com\/hl=pt\/#website","url":"https:\/\/bhimportsexports.com\/hl=pt\/","name":"BH IMPORTS & EXPORTS","description":"Innovation and excellence in international trade. Import, export, consultancy and sourcing.","publisher":{"@id":"https:\/\/bhimportsexports.com\/hl=pt\/#organization"},"potentialAction":[{"@type":"SearchAction","target":{"@type":"EntryPoint","urlTemplate":"https:\/\/bhimportsexports.com\/hl=pt\/?s={search_term_string}"},"query-input":{"@type":"PropertyValueSpecification","valueRequired":true,"valueName":"search_term_string"}}],"inLanguage":"pt-BR"},{"@type":"Organization","@id":"https:\/\/bhimportsexports.com\/hl=pt\/#organization","name":"BH IMPORTS & EXPORTS","url":"https:\/\/bhimportsexports.com\/hl=pt\/","logo":{"@type":"ImageObject","inLanguage":"pt-BR","@id":"https:\/\/bhimportsexports.com\/hl=pt\/#\/schema\/logo\/image\/","url":"https:\/\/bhimportsexports.com\/wp-content\/uploads\/2024\/09\/BH-IMPORTS.png","contentUrl":"https:\/\/bhimportsexports.com\/wp-content\/uploads\/2024\/09\/BH-IMPORTS.png","width":300,"height":200,"caption":"BH IMPORTS & EXPORTS"},"image":{"@id":"https:\/\/bhimportsexports.com\/hl=pt\/#\/schema\/logo\/image\/"}}]}},"_links":{"self":[{"href":"https:\/\/bhimportsexports.com\/hl=pt\/wp-json\/wp\/v2\/product\/3803","targetHints":{"allow":["GET"]}}],"collection":[{"href":"https:\/\/bhimportsexports.com\/hl=pt\/wp-json\/wp\/v2\/product"}],"about":[{"href":"https:\/\/bhimportsexports.com\/hl=pt\/wp-json\/wp\/v2\/types\/product"}],"replies":[{"embeddable":true,"href":"https:\/\/bhimportsexports.com\/hl=pt\/wp-json\/wp\/v2\/comments?post=3803"}],"wp:featuredmedia":[{"embeddable":true,"href":"https:\/\/bhimportsexports.com\/hl=pt\/wp-json\/wp\/v2\/media\/3804"}],"wp:attachment":[{"href":"https:\/\/bhimportsexports.com\/hl=pt\/wp-json\/wp\/v2\/media?parent=3803"}],"wp:term":[{"taxonomy":"product_brand","embeddable":true,"href":"https:\/\/bhimportsexports.com\/hl=pt\/wp-json\/wp\/v2\/product_brand?post=3803"},{"taxonomy":"product_cat","embeddable":true,"href":"https:\/\/bhimportsexports.com\/hl=pt\/wp-json\/wp\/v2\/product_cat?post=3803"},{"taxonomy":"product_tag","embeddable":true,"href":"https:\/\/bhimportsexports.com\/hl=pt\/wp-json\/wp\/v2\/product_tag?post=3803"}],"curies":[{"name":"wp","href":"https:\/\/api.w.org\/{rel}","templated":true}]}}