{"id":3778,"date":"2025-01-06T17:37:45","date_gmt":"2025-01-06T17:37:45","guid":{"rendered":"https:\/\/bhimportsexports.com\/hl=pt\/?post_type=product&#038;p=3778"},"modified":"2025-01-06T17:37:45","modified_gmt":"2025-01-06T17:37:45","slug":"isometro-irdh275bm-7-benden","status":"publish","type":"product","link":"https:\/\/bhimportsexports.com\/hl=pt\/produto\/isometro-irdh275bm-7-benden\/","title":{"rendered":"ISOMETRO IRDH275BM-7 BENDEN"},"content":{"rendered":"<p>Dispositivo de monitoramento de isolamento para sistemas de TI CA e CC; Aplica\u00e7\u00e3o para acionamentos, incluindo conversores de m\u00e9dia tens\u00e3o de at\u00e9 15,5 kV; Em combina\u00e7\u00e3o com AGH675S-7 e AGH675S-MV15; Mem\u00f3ria de hist\u00f3rico com rel\u00f3gio em tempo real para armazenar mensagens de alarme com data e hora. Interface RS-485 galvanicamente isolada para troca de dados A combina\u00e7\u00e3o de dispositivos ISOMETER\u00ae IRDH275BM-7 e o dispositivo de acoplamento AGH675S-7 ou os dispositivos de acoplamento AGH675S-7MV15 \u00e9 projetada para monitorar a resist\u00eancia de isolamento de sistemas de m\u00e9dia tens\u00e3o n\u00e3o aterrados (sistemas de TI). \u00c9 adequado para uso universal em sistemas 3CA, CA\/CC e CC combinados. Os sistemas CA podem incluir cargas extensas fornecidas por CC. O m\u00e9todo de medi\u00e7\u00e3o AMPPlus atende aos requisitos espec\u00edficos de fontes de alimenta\u00e7\u00e3o modernas, que geralmente incluem retificadores, conversores, acionamentos CC controlados por tiristores e componentes CC conectados diretamente. Levando em considera\u00e7\u00e3o as capacit\u00e2ncias de fuga do sistema, o IRDH275BM-7 se adapta automaticamente \u00e0s condi\u00e7\u00f5es existentes do sistema para otimizar o tempo de medi\u00e7\u00e3o.<\/p>\n","protected":false},"excerpt":{"rendered":"<p>Dispositivo de monitoramento de isolamento para sistemas de TI CA e CC; Aplica\u00e7\u00e3o para acionamentos, incluindo conversores de m\u00e9dia tens\u00e3o de at\u00e9 15,5 kV; Em combina\u00e7\u00e3o com AGH675S-7 e AGH675S-MV15; Mem\u00f3ria de hist\u00f3rico com rel\u00f3gio em tempo real para armazenar mensagens de alarme com data e hora. Interface RS-485 galvanicamente isolada para troca de dados [&hellip;]<\/p>\n","protected":false},"featured_media":3779,"comment_status":"open","ping_status":"closed","template":"","meta":[],"product_brand":[],"product_cat":[1124],"product_tag":[],"class_list":{"0":"post-3778","1":"product","2":"type-product","3":"status-publish","4":"has-post-thumbnail","6":"product_cat-isometro","8":"first","9":"onbackorder","10":"shipping-taxable","11":"purchasable","12":"product-type-simple"},"yoast_head":"<!-- This site is optimized with the Yoast SEO plugin v27.4 - https:\/\/yoast.com\/product\/yoast-seo-wordpress\/ -->\n<title>ISOMETRO IRDH275BM-7 BENDEN - BH IMPORTS &amp; EXPORTS<\/title>\n<meta name=\"robots\" content=\"index, follow, max-snippet:-1, max-image-preview:large, max-video-preview:-1\" \/>\n<link rel=\"canonical\" href=\"https:\/\/bhimportsexports.com\/hl=pt\/produto\/isometro-irdh275bm-7-benden\/\" \/>\n<meta property=\"og:locale\" content=\"pt_BR\" \/>\n<meta property=\"og:type\" content=\"article\" \/>\n<meta property=\"og:title\" content=\"ISOMETRO IRDH275BM-7 BENDEN - BH IMPORTS &amp; EXPORTS\" \/>\n<meta property=\"og:description\" content=\"Dispositivo de monitoramento de isolamento para sistemas de TI CA e CC; Aplica\u00e7\u00e3o para acionamentos, incluindo conversores de m\u00e9dia tens\u00e3o de at\u00e9 15,5 kV; Em combina\u00e7\u00e3o com AGH675S-7 e AGH675S-MV15; Mem\u00f3ria de hist\u00f3rico com rel\u00f3gio em tempo real para armazenar mensagens de alarme com data e hora. Interface RS-485 galvanicamente isolada para troca de dados [&hellip;]\" \/>\n<meta property=\"og:url\" content=\"https:\/\/bhimportsexports.com\/hl=pt\/produto\/isometro-irdh275bm-7-benden\/\" \/>\n<meta property=\"og:site_name\" content=\"BH IMPORTS &amp; EXPORTS\" \/>\n<meta property=\"og:image\" content=\"https:\/\/bhimportsexports.com\/wp-content\/uploads\/2025\/01\/IRDH275BM-7_01_WEB.webp\" \/>\n\t<meta property=\"og:image:width\" content=\"600\" \/>\n\t<meta property=\"og:image:height\" content=\"461\" \/>\n\t<meta property=\"og:image:type\" content=\"image\/webp\" \/>\n<meta name=\"twitter:card\" content=\"summary_large_image\" \/>\n<meta name=\"twitter:label1\" content=\"Est. tempo de leitura\" \/>\n\t<meta name=\"twitter:data1\" content=\"2 minutos\" \/>\n<script type=\"application\/ld+json\" class=\"yoast-schema-graph\">{\"@context\":\"https:\\\/\\\/schema.org\",\"@graph\":[{\"@type\":\"WebPage\",\"@id\":\"https:\\\/\\\/bhimportsexports.com\\\/hl=pt\\\/produto\\\/isometro-irdh275bm-7-benden\\\/\",\"url\":\"https:\\\/\\\/bhimportsexports.com\\\/hl=pt\\\/produto\\\/isometro-irdh275bm-7-benden\\\/\",\"name\":\"ISOMETRO IRDH275BM-7 BENDEN - BH IMPORTS &amp; EXPORTS\",\"isPartOf\":{\"@id\":\"https:\\\/\\\/bhimportsexports.com\\\/hl=pt\\\/#website\"},\"primaryImageOfPage\":{\"@id\":\"https:\\\/\\\/bhimportsexports.com\\\/hl=pt\\\/produto\\\/isometro-irdh275bm-7-benden\\\/#primaryimage\"},\"image\":{\"@id\":\"https:\\\/\\\/bhimportsexports.com\\\/hl=pt\\\/produto\\\/isometro-irdh275bm-7-benden\\\/#primaryimage\"},\"thumbnailUrl\":\"https:\\\/\\\/bhimportsexports.com\\\/wp-content\\\/uploads\\\/2025\\\/01\\\/IRDH275BM-7_01_WEB.webp\",\"datePublished\":\"2025-01-06T17:37:45+00:00\",\"breadcrumb\":{\"@id\":\"https:\\\/\\\/bhimportsexports.com\\\/hl=pt\\\/produto\\\/isometro-irdh275bm-7-benden\\\/#breadcrumb\"},\"inLanguage\":\"pt-BR\",\"potentialAction\":[{\"@type\":\"ReadAction\",\"target\":[\"https:\\\/\\\/bhimportsexports.com\\\/hl=pt\\\/produto\\\/isometro-irdh275bm-7-benden\\\/\"]}]},{\"@type\":\"ImageObject\",\"inLanguage\":\"pt-BR\",\"@id\":\"https:\\\/\\\/bhimportsexports.com\\\/hl=pt\\\/produto\\\/isometro-irdh275bm-7-benden\\\/#primaryimage\",\"url\":\"https:\\\/\\\/bhimportsexports.com\\\/wp-content\\\/uploads\\\/2025\\\/01\\\/IRDH275BM-7_01_WEB.webp\",\"contentUrl\":\"https:\\\/\\\/bhimportsexports.com\\\/wp-content\\\/uploads\\\/2025\\\/01\\\/IRDH275BM-7_01_WEB.webp\",\"width\":600,\"height\":461},{\"@type\":\"BreadcrumbList\",\"@id\":\"https:\\\/\\\/bhimportsexports.com\\\/hl=pt\\\/produto\\\/isometro-irdh275bm-7-benden\\\/#breadcrumb\",\"itemListElement\":[{\"@type\":\"ListItem\",\"position\":1,\"name\":\"In\u00edcio\",\"item\":\"https:\\\/\\\/bhimportsexports.com\\\/hl=pt\\\/\"},{\"@type\":\"ListItem\",\"position\":2,\"name\":\"Loja\",\"item\":\"https:\\\/\\\/bhimportsexports.com\\\/hl=pt\\\/loja\\\/\"},{\"@type\":\"ListItem\",\"position\":3,\"name\":\"ISOMETRO IRDH275BM-7 BENDEN\"}]},{\"@type\":\"WebSite\",\"@id\":\"https:\\\/\\\/bhimportsexports.com\\\/hl=pt\\\/#website\",\"url\":\"https:\\\/\\\/bhimportsexports.com\\\/hl=pt\\\/\",\"name\":\"BH IMPORTS & EXPORTS\",\"description\":\"Innovation and excellence in international trade. Import, export, consultancy and sourcing.\",\"publisher\":{\"@id\":\"https:\\\/\\\/bhimportsexports.com\\\/hl=pt\\\/#organization\"},\"potentialAction\":[{\"@type\":\"SearchAction\",\"target\":{\"@type\":\"EntryPoint\",\"urlTemplate\":\"https:\\\/\\\/bhimportsexports.com\\\/hl=pt\\\/?s={search_term_string}\"},\"query-input\":{\"@type\":\"PropertyValueSpecification\",\"valueRequired\":true,\"valueName\":\"search_term_string\"}}],\"inLanguage\":\"pt-BR\"},{\"@type\":\"Organization\",\"@id\":\"https:\\\/\\\/bhimportsexports.com\\\/hl=pt\\\/#organization\",\"name\":\"BH IMPORTS & EXPORTS\",\"url\":\"https:\\\/\\\/bhimportsexports.com\\\/hl=pt\\\/\",\"logo\":{\"@type\":\"ImageObject\",\"inLanguage\":\"pt-BR\",\"@id\":\"https:\\\/\\\/bhimportsexports.com\\\/hl=pt\\\/#\\\/schema\\\/logo\\\/image\\\/\",\"url\":\"https:\\\/\\\/bhimportsexports.com\\\/wp-content\\\/uploads\\\/2024\\\/09\\\/BH-IMPORTS.png\",\"contentUrl\":\"https:\\\/\\\/bhimportsexports.com\\\/wp-content\\\/uploads\\\/2024\\\/09\\\/BH-IMPORTS.png\",\"width\":300,\"height\":200,\"caption\":\"BH IMPORTS & EXPORTS\"},\"image\":{\"@id\":\"https:\\\/\\\/bhimportsexports.com\\\/hl=pt\\\/#\\\/schema\\\/logo\\\/image\\\/\"}}]}<\/script>\n<!-- \/ Yoast SEO plugin. -->","yoast_head_json":{"title":"ISOMETRO IRDH275BM-7 BENDEN - BH IMPORTS &amp; EXPORTS","robots":{"index":"index","follow":"follow","max-snippet":"max-snippet:-1","max-image-preview":"max-image-preview:large","max-video-preview":"max-video-preview:-1"},"canonical":"https:\/\/bhimportsexports.com\/hl=pt\/produto\/isometro-irdh275bm-7-benden\/","og_locale":"pt_BR","og_type":"article","og_title":"ISOMETRO IRDH275BM-7 BENDEN - BH IMPORTS &amp; EXPORTS","og_description":"Dispositivo de monitoramento de isolamento para sistemas de TI CA e CC; Aplica\u00e7\u00e3o para acionamentos, incluindo conversores de m\u00e9dia tens\u00e3o de at\u00e9 15,5 kV; Em combina\u00e7\u00e3o com AGH675S-7 e AGH675S-MV15; Mem\u00f3ria de hist\u00f3rico com rel\u00f3gio em tempo real para armazenar mensagens de alarme com data e hora. Interface RS-485 galvanicamente isolada para troca de dados [&hellip;]","og_url":"https:\/\/bhimportsexports.com\/hl=pt\/produto\/isometro-irdh275bm-7-benden\/","og_site_name":"BH IMPORTS &amp; EXPORTS","og_image":[{"width":600,"height":461,"url":"https:\/\/bhimportsexports.com\/wp-content\/uploads\/2025\/01\/IRDH275BM-7_01_WEB.webp","type":"image\/webp"}],"twitter_card":"summary_large_image","twitter_misc":{"Est. tempo de leitura":"2 minutos"},"schema":{"@context":"https:\/\/schema.org","@graph":[{"@type":"WebPage","@id":"https:\/\/bhimportsexports.com\/hl=pt\/produto\/isometro-irdh275bm-7-benden\/","url":"https:\/\/bhimportsexports.com\/hl=pt\/produto\/isometro-irdh275bm-7-benden\/","name":"ISOMETRO IRDH275BM-7 BENDEN - BH IMPORTS &amp; EXPORTS","isPartOf":{"@id":"https:\/\/bhimportsexports.com\/hl=pt\/#website"},"primaryImageOfPage":{"@id":"https:\/\/bhimportsexports.com\/hl=pt\/produto\/isometro-irdh275bm-7-benden\/#primaryimage"},"image":{"@id":"https:\/\/bhimportsexports.com\/hl=pt\/produto\/isometro-irdh275bm-7-benden\/#primaryimage"},"thumbnailUrl":"https:\/\/bhimportsexports.com\/wp-content\/uploads\/2025\/01\/IRDH275BM-7_01_WEB.webp","datePublished":"2025-01-06T17:37:45+00:00","breadcrumb":{"@id":"https:\/\/bhimportsexports.com\/hl=pt\/produto\/isometro-irdh275bm-7-benden\/#breadcrumb"},"inLanguage":"pt-BR","potentialAction":[{"@type":"ReadAction","target":["https:\/\/bhimportsexports.com\/hl=pt\/produto\/isometro-irdh275bm-7-benden\/"]}]},{"@type":"ImageObject","inLanguage":"pt-BR","@id":"https:\/\/bhimportsexports.com\/hl=pt\/produto\/isometro-irdh275bm-7-benden\/#primaryimage","url":"https:\/\/bhimportsexports.com\/wp-content\/uploads\/2025\/01\/IRDH275BM-7_01_WEB.webp","contentUrl":"https:\/\/bhimportsexports.com\/wp-content\/uploads\/2025\/01\/IRDH275BM-7_01_WEB.webp","width":600,"height":461},{"@type":"BreadcrumbList","@id":"https:\/\/bhimportsexports.com\/hl=pt\/produto\/isometro-irdh275bm-7-benden\/#breadcrumb","itemListElement":[{"@type":"ListItem","position":1,"name":"In\u00edcio","item":"https:\/\/bhimportsexports.com\/hl=pt\/"},{"@type":"ListItem","position":2,"name":"Loja","item":"https:\/\/bhimportsexports.com\/hl=pt\/loja\/"},{"@type":"ListItem","position":3,"name":"ISOMETRO IRDH275BM-7 BENDEN"}]},{"@type":"WebSite","@id":"https:\/\/bhimportsexports.com\/hl=pt\/#website","url":"https:\/\/bhimportsexports.com\/hl=pt\/","name":"BH IMPORTS & EXPORTS","description":"Innovation and excellence in international trade. Import, export, consultancy and sourcing.","publisher":{"@id":"https:\/\/bhimportsexports.com\/hl=pt\/#organization"},"potentialAction":[{"@type":"SearchAction","target":{"@type":"EntryPoint","urlTemplate":"https:\/\/bhimportsexports.com\/hl=pt\/?s={search_term_string}"},"query-input":{"@type":"PropertyValueSpecification","valueRequired":true,"valueName":"search_term_string"}}],"inLanguage":"pt-BR"},{"@type":"Organization","@id":"https:\/\/bhimportsexports.com\/hl=pt\/#organization","name":"BH IMPORTS & EXPORTS","url":"https:\/\/bhimportsexports.com\/hl=pt\/","logo":{"@type":"ImageObject","inLanguage":"pt-BR","@id":"https:\/\/bhimportsexports.com\/hl=pt\/#\/schema\/logo\/image\/","url":"https:\/\/bhimportsexports.com\/wp-content\/uploads\/2024\/09\/BH-IMPORTS.png","contentUrl":"https:\/\/bhimportsexports.com\/wp-content\/uploads\/2024\/09\/BH-IMPORTS.png","width":300,"height":200,"caption":"BH IMPORTS & EXPORTS"},"image":{"@id":"https:\/\/bhimportsexports.com\/hl=pt\/#\/schema\/logo\/image\/"}}]}},"_links":{"self":[{"href":"https:\/\/bhimportsexports.com\/hl=pt\/wp-json\/wp\/v2\/product\/3778","targetHints":{"allow":["GET"]}}],"collection":[{"href":"https:\/\/bhimportsexports.com\/hl=pt\/wp-json\/wp\/v2\/product"}],"about":[{"href":"https:\/\/bhimportsexports.com\/hl=pt\/wp-json\/wp\/v2\/types\/product"}],"replies":[{"embeddable":true,"href":"https:\/\/bhimportsexports.com\/hl=pt\/wp-json\/wp\/v2\/comments?post=3778"}],"wp:featuredmedia":[{"embeddable":true,"href":"https:\/\/bhimportsexports.com\/hl=pt\/wp-json\/wp\/v2\/media\/3779"}],"wp:attachment":[{"href":"https:\/\/bhimportsexports.com\/hl=pt\/wp-json\/wp\/v2\/media?parent=3778"}],"wp:term":[{"taxonomy":"product_brand","embeddable":true,"href":"https:\/\/bhimportsexports.com\/hl=pt\/wp-json\/wp\/v2\/product_brand?post=3778"},{"taxonomy":"product_cat","embeddable":true,"href":"https:\/\/bhimportsexports.com\/hl=pt\/wp-json\/wp\/v2\/product_cat?post=3778"},{"taxonomy":"product_tag","embeddable":true,"href":"https:\/\/bhimportsexports.com\/hl=pt\/wp-json\/wp\/v2\/product_tag?post=3778"}],"curies":[{"name":"wp","href":"https:\/\/api.w.org\/{rel}","templated":true}]}}