{"id":3766,"date":"2025-01-03T14:39:26","date_gmt":"2025-01-03T14:39:26","guid":{"rendered":"https:\/\/bhimportsexports.com\/hl=pt\/?post_type=product&#038;p=3766"},"modified":"2025-01-03T14:39:26","modified_gmt":"2025-01-03T14:39:26","slug":"terminal-de-barramento-saida-digital-de-2-canais-24-vcc-05-a-com-diagnostico-2","status":"publish","type":"product","link":"https:\/\/bhimportsexports.com\/hl=pt\/produto\/terminal-de-barramento-saida-digital-de-2-canais-24-vcc-05-a-com-diagnostico-2\/","title":{"rendered":"Terminal de barramento, sa\u00edda digital de 2 canais, 24 VCC, 0,5 A, com diagn\u00f3stico"},"content":{"rendered":"<p>Tecnologia de conex\u00e3o de 4 fios N\u00famero de sa\u00eddas 2 Tens\u00e3o nominal 24 V DC (-15%\/+20%) Tipo de carga \u00f4hmica, indutiva, carga de l\u00e2mpada Corrente m\u00e1xima de sa\u00edda 0,5 A (\u00e0 prova de curto-circuito) por canal Corrente de curto-circuito &lt; 2 A Energia de ruptura &lt; 150 mJ\/canal Prote\u00e7\u00e3o contra tens\u00e3o reversa \u2013 Isolamento el\u00e9trico 500 V (potencial de campo\/barramento K) Tipo de contatos de pot\u00eancia de consumo de corrente. 15 mA + carga Consumo de corrente Tipo de barramento K. 15 mA Largura de bits na imagem do processo 4 entradas\/4 sa\u00eddas (2 sa\u00eddas sem sentido) Significado dos bits de diagn\u00f3stico (2 bits por canal) 00 \u2013 sem erro 10 \u2013 curto-circuito com GND 01 \u2013 curto-circuito com VCC 11 \u2013 subtens\u00e3o Configura\u00e7\u00e3o sem endere\u00e7o ou configura\u00e7\u00e3o Peso aprox. 60g Temperatura de opera\u00e7\u00e3o\/armazenamento 0\u2026+55\u00b0C\/-25\u2026+85\u00b0C Umidade relativa 95%, sem condensa\u00e7\u00e3o Resist\u00eancia \u00e0 vibra\u00e7\u00e3o\/choque em conformidade com EN 60068-2-6\/EN 60068-2-27 Imunidade\/emiss\u00e3o EMC de acordo com EN 61000-6-2\/EN 61000-6-4 Classifica\u00e7\u00e3o de prote\u00e7\u00e3o\/instala\u00e7\u00e3o pos. IP20\/vari\u00e1vel Fia\u00e7\u00e3o plug\u00e1vel para todos os terminais de barramento KSxxxx Aprova\u00e7\u00f5es\/marca\u00e7\u00f5es CE, UL, ATEX, IECEx Marca\u00e7\u00e3o Ex ATEX: II 3 G Ex ec IIC T4 Gc IECEx: Ex ec IIC T4 Gc<\/p>\n","protected":false},"excerpt":{"rendered":"<p>Tecnologia de conex\u00e3o de 4 fios N\u00famero de sa\u00eddas 2 Tens\u00e3o nominal 24 V DC (-15%\/+20%) Tipo de carga \u00f4hmica, indutiva, carga de l\u00e2mpada Corrente m\u00e1xima de sa\u00edda 0,5 A (\u00e0 prova de curto-circuito) por canal Corrente de curto-circuito &lt; 2 A Energia de ruptura &lt; 150 mJ\/canal Prote\u00e7\u00e3o contra tens\u00e3o reversa \u2013 Isolamento el\u00e9trico [&hellip;]<\/p>\n","protected":false},"featured_media":3767,"comment_status":"open","ping_status":"closed","template":"","meta":[],"product_brand":[],"product_cat":[1119],"product_tag":[],"class_list":{"0":"post-3766","1":"product","2":"type-product","3":"status-publish","4":"has-post-thumbnail","6":"product_cat-terminal-de-barramento","8":"first","9":"onbackorder","10":"shipping-taxable","11":"purchasable","12":"product-type-simple"},"yoast_head":"<!-- This site is optimized with the Yoast SEO plugin v27.4 - https:\/\/yoast.com\/product\/yoast-seo-wordpress\/ -->\n<title>Terminal de barramento, sa\u00edda digital de 2 canais, 24 VCC, 0,5 A, com diagn\u00f3stico - BH IMPORTS &amp; EXPORTS<\/title>\n<meta name=\"robots\" content=\"index, follow, max-snippet:-1, max-image-preview:large, max-video-preview:-1\" \/>\n<link rel=\"canonical\" href=\"https:\/\/bhimportsexports.com\/hl=pt\/produto\/terminal-de-barramento-saida-digital-de-2-canais-24-vcc-05-a-com-diagnostico-2\/\" \/>\n<meta property=\"og:locale\" content=\"pt_BR\" \/>\n<meta property=\"og:type\" content=\"article\" \/>\n<meta property=\"og:title\" content=\"Terminal de barramento, sa\u00edda digital de 2 canais, 24 VCC, 0,5 A, com diagn\u00f3stico - BH IMPORTS &amp; EXPORTS\" \/>\n<meta property=\"og:description\" content=\"Tecnologia de conex\u00e3o de 4 fios N\u00famero de sa\u00eddas 2 Tens\u00e3o nominal 24 V DC (-15%\/+20%) Tipo de carga \u00f4hmica, indutiva, carga de l\u00e2mpada Corrente m\u00e1xima de sa\u00edda 0,5 A (\u00e0 prova de curto-circuito) por canal Corrente de curto-circuito &lt; 2 A Energia de ruptura &lt; 150 mJ\/canal Prote\u00e7\u00e3o contra tens\u00e3o reversa \u2013 Isolamento el\u00e9trico [&hellip;]\" \/>\n<meta property=\"og:url\" content=\"https:\/\/bhimportsexports.com\/hl=pt\/produto\/terminal-de-barramento-saida-digital-de-2-canais-24-vcc-05-a-com-diagnostico-2\/\" \/>\n<meta property=\"og:site_name\" content=\"BH IMPORTS &amp; EXPORTS\" \/>\n<meta property=\"og:image\" content=\"https:\/\/bhimportsexports.com\/wp-content\/uploads\/2025\/01\/kl2212__web_preview.png-300x300-1.webp\" \/>\n\t<meta property=\"og:image:width\" content=\"300\" \/>\n\t<meta property=\"og:image:height\" content=\"300\" \/>\n\t<meta property=\"og:image:type\" content=\"image\/webp\" \/>\n<meta name=\"twitter:card\" content=\"summary_large_image\" \/>\n<meta name=\"twitter:label1\" content=\"Est. tempo de leitura\" \/>\n\t<meta name=\"twitter:data1\" content=\"1 minuto\" \/>\n<script type=\"application\/ld+json\" class=\"yoast-schema-graph\">{\"@context\":\"https:\\\/\\\/schema.org\",\"@graph\":[{\"@type\":\"WebPage\",\"@id\":\"https:\\\/\\\/bhimportsexports.com\\\/hl=pt\\\/produto\\\/terminal-de-barramento-saida-digital-de-2-canais-24-vcc-05-a-com-diagnostico-2\\\/\",\"url\":\"https:\\\/\\\/bhimportsexports.com\\\/hl=pt\\\/produto\\\/terminal-de-barramento-saida-digital-de-2-canais-24-vcc-05-a-com-diagnostico-2\\\/\",\"name\":\"Terminal de barramento, sa\u00edda digital de 2 canais, 24 VCC, 0,5 A, com diagn\u00f3stico - BH IMPORTS &amp; EXPORTS\",\"isPartOf\":{\"@id\":\"https:\\\/\\\/bhimportsexports.com\\\/hl=pt\\\/#website\"},\"primaryImageOfPage\":{\"@id\":\"https:\\\/\\\/bhimportsexports.com\\\/hl=pt\\\/produto\\\/terminal-de-barramento-saida-digital-de-2-canais-24-vcc-05-a-com-diagnostico-2\\\/#primaryimage\"},\"image\":{\"@id\":\"https:\\\/\\\/bhimportsexports.com\\\/hl=pt\\\/produto\\\/terminal-de-barramento-saida-digital-de-2-canais-24-vcc-05-a-com-diagnostico-2\\\/#primaryimage\"},\"thumbnailUrl\":\"https:\\\/\\\/bhimportsexports.com\\\/wp-content\\\/uploads\\\/2025\\\/01\\\/kl2212__web_preview.png-300x300-1.webp\",\"datePublished\":\"2025-01-03T14:39:26+00:00\",\"breadcrumb\":{\"@id\":\"https:\\\/\\\/bhimportsexports.com\\\/hl=pt\\\/produto\\\/terminal-de-barramento-saida-digital-de-2-canais-24-vcc-05-a-com-diagnostico-2\\\/#breadcrumb\"},\"inLanguage\":\"pt-BR\",\"potentialAction\":[{\"@type\":\"ReadAction\",\"target\":[\"https:\\\/\\\/bhimportsexports.com\\\/hl=pt\\\/produto\\\/terminal-de-barramento-saida-digital-de-2-canais-24-vcc-05-a-com-diagnostico-2\\\/\"]}]},{\"@type\":\"ImageObject\",\"inLanguage\":\"pt-BR\",\"@id\":\"https:\\\/\\\/bhimportsexports.com\\\/hl=pt\\\/produto\\\/terminal-de-barramento-saida-digital-de-2-canais-24-vcc-05-a-com-diagnostico-2\\\/#primaryimage\",\"url\":\"https:\\\/\\\/bhimportsexports.com\\\/wp-content\\\/uploads\\\/2025\\\/01\\\/kl2212__web_preview.png-300x300-1.webp\",\"contentUrl\":\"https:\\\/\\\/bhimportsexports.com\\\/wp-content\\\/uploads\\\/2025\\\/01\\\/kl2212__web_preview.png-300x300-1.webp\",\"width\":300,\"height\":300},{\"@type\":\"BreadcrumbList\",\"@id\":\"https:\\\/\\\/bhimportsexports.com\\\/hl=pt\\\/produto\\\/terminal-de-barramento-saida-digital-de-2-canais-24-vcc-05-a-com-diagnostico-2\\\/#breadcrumb\",\"itemListElement\":[{\"@type\":\"ListItem\",\"position\":1,\"name\":\"In\u00edcio\",\"item\":\"https:\\\/\\\/bhimportsexports.com\\\/hl=pt\\\/\"},{\"@type\":\"ListItem\",\"position\":2,\"name\":\"Loja\",\"item\":\"https:\\\/\\\/bhimportsexports.com\\\/hl=pt\\\/loja\\\/\"},{\"@type\":\"ListItem\",\"position\":3,\"name\":\"Terminal de barramento, sa\u00edda digital de 2 canais, 24 VCC, 0,5 A, com diagn\u00f3stico\"}]},{\"@type\":\"WebSite\",\"@id\":\"https:\\\/\\\/bhimportsexports.com\\\/hl=pt\\\/#website\",\"url\":\"https:\\\/\\\/bhimportsexports.com\\\/hl=pt\\\/\",\"name\":\"BH IMPORTS & EXPORTS\",\"description\":\"Innovation and excellence in international trade. Import, export, consultancy and sourcing.\",\"publisher\":{\"@id\":\"https:\\\/\\\/bhimportsexports.com\\\/hl=pt\\\/#organization\"},\"potentialAction\":[{\"@type\":\"SearchAction\",\"target\":{\"@type\":\"EntryPoint\",\"urlTemplate\":\"https:\\\/\\\/bhimportsexports.com\\\/hl=pt\\\/?s={search_term_string}\"},\"query-input\":{\"@type\":\"PropertyValueSpecification\",\"valueRequired\":true,\"valueName\":\"search_term_string\"}}],\"inLanguage\":\"pt-BR\"},{\"@type\":\"Organization\",\"@id\":\"https:\\\/\\\/bhimportsexports.com\\\/hl=pt\\\/#organization\",\"name\":\"BH IMPORTS & EXPORTS\",\"url\":\"https:\\\/\\\/bhimportsexports.com\\\/hl=pt\\\/\",\"logo\":{\"@type\":\"ImageObject\",\"inLanguage\":\"pt-BR\",\"@id\":\"https:\\\/\\\/bhimportsexports.com\\\/hl=pt\\\/#\\\/schema\\\/logo\\\/image\\\/\",\"url\":\"https:\\\/\\\/bhimportsexports.com\\\/wp-content\\\/uploads\\\/2024\\\/09\\\/BH-IMPORTS.png\",\"contentUrl\":\"https:\\\/\\\/bhimportsexports.com\\\/wp-content\\\/uploads\\\/2024\\\/09\\\/BH-IMPORTS.png\",\"width\":300,\"height\":200,\"caption\":\"BH IMPORTS & EXPORTS\"},\"image\":{\"@id\":\"https:\\\/\\\/bhimportsexports.com\\\/hl=pt\\\/#\\\/schema\\\/logo\\\/image\\\/\"}}]}<\/script>\n<!-- \/ Yoast SEO plugin. -->","yoast_head_json":{"title":"Terminal de barramento, sa\u00edda digital de 2 canais, 24 VCC, 0,5 A, com diagn\u00f3stico - BH IMPORTS &amp; EXPORTS","robots":{"index":"index","follow":"follow","max-snippet":"max-snippet:-1","max-image-preview":"max-image-preview:large","max-video-preview":"max-video-preview:-1"},"canonical":"https:\/\/bhimportsexports.com\/hl=pt\/produto\/terminal-de-barramento-saida-digital-de-2-canais-24-vcc-05-a-com-diagnostico-2\/","og_locale":"pt_BR","og_type":"article","og_title":"Terminal de barramento, sa\u00edda digital de 2 canais, 24 VCC, 0,5 A, com diagn\u00f3stico - BH IMPORTS &amp; EXPORTS","og_description":"Tecnologia de conex\u00e3o de 4 fios N\u00famero de sa\u00eddas 2 Tens\u00e3o nominal 24 V DC (-15%\/+20%) Tipo de carga \u00f4hmica, indutiva, carga de l\u00e2mpada Corrente m\u00e1xima de sa\u00edda 0,5 A (\u00e0 prova de curto-circuito) por canal Corrente de curto-circuito &lt; 2 A Energia de ruptura &lt; 150 mJ\/canal Prote\u00e7\u00e3o contra tens\u00e3o reversa \u2013 Isolamento el\u00e9trico [&hellip;]","og_url":"https:\/\/bhimportsexports.com\/hl=pt\/produto\/terminal-de-barramento-saida-digital-de-2-canais-24-vcc-05-a-com-diagnostico-2\/","og_site_name":"BH IMPORTS &amp; EXPORTS","og_image":[{"width":300,"height":300,"url":"https:\/\/bhimportsexports.com\/wp-content\/uploads\/2025\/01\/kl2212__web_preview.png-300x300-1.webp","type":"image\/webp"}],"twitter_card":"summary_large_image","twitter_misc":{"Est. tempo de leitura":"1 minuto"},"schema":{"@context":"https:\/\/schema.org","@graph":[{"@type":"WebPage","@id":"https:\/\/bhimportsexports.com\/hl=pt\/produto\/terminal-de-barramento-saida-digital-de-2-canais-24-vcc-05-a-com-diagnostico-2\/","url":"https:\/\/bhimportsexports.com\/hl=pt\/produto\/terminal-de-barramento-saida-digital-de-2-canais-24-vcc-05-a-com-diagnostico-2\/","name":"Terminal de barramento, sa\u00edda digital de 2 canais, 24 VCC, 0,5 A, com diagn\u00f3stico - BH IMPORTS &amp; EXPORTS","isPartOf":{"@id":"https:\/\/bhimportsexports.com\/hl=pt\/#website"},"primaryImageOfPage":{"@id":"https:\/\/bhimportsexports.com\/hl=pt\/produto\/terminal-de-barramento-saida-digital-de-2-canais-24-vcc-05-a-com-diagnostico-2\/#primaryimage"},"image":{"@id":"https:\/\/bhimportsexports.com\/hl=pt\/produto\/terminal-de-barramento-saida-digital-de-2-canais-24-vcc-05-a-com-diagnostico-2\/#primaryimage"},"thumbnailUrl":"https:\/\/bhimportsexports.com\/wp-content\/uploads\/2025\/01\/kl2212__web_preview.png-300x300-1.webp","datePublished":"2025-01-03T14:39:26+00:00","breadcrumb":{"@id":"https:\/\/bhimportsexports.com\/hl=pt\/produto\/terminal-de-barramento-saida-digital-de-2-canais-24-vcc-05-a-com-diagnostico-2\/#breadcrumb"},"inLanguage":"pt-BR","potentialAction":[{"@type":"ReadAction","target":["https:\/\/bhimportsexports.com\/hl=pt\/produto\/terminal-de-barramento-saida-digital-de-2-canais-24-vcc-05-a-com-diagnostico-2\/"]}]},{"@type":"ImageObject","inLanguage":"pt-BR","@id":"https:\/\/bhimportsexports.com\/hl=pt\/produto\/terminal-de-barramento-saida-digital-de-2-canais-24-vcc-05-a-com-diagnostico-2\/#primaryimage","url":"https:\/\/bhimportsexports.com\/wp-content\/uploads\/2025\/01\/kl2212__web_preview.png-300x300-1.webp","contentUrl":"https:\/\/bhimportsexports.com\/wp-content\/uploads\/2025\/01\/kl2212__web_preview.png-300x300-1.webp","width":300,"height":300},{"@type":"BreadcrumbList","@id":"https:\/\/bhimportsexports.com\/hl=pt\/produto\/terminal-de-barramento-saida-digital-de-2-canais-24-vcc-05-a-com-diagnostico-2\/#breadcrumb","itemListElement":[{"@type":"ListItem","position":1,"name":"In\u00edcio","item":"https:\/\/bhimportsexports.com\/hl=pt\/"},{"@type":"ListItem","position":2,"name":"Loja","item":"https:\/\/bhimportsexports.com\/hl=pt\/loja\/"},{"@type":"ListItem","position":3,"name":"Terminal de barramento, sa\u00edda digital de 2 canais, 24 VCC, 0,5 A, com diagn\u00f3stico"}]},{"@type":"WebSite","@id":"https:\/\/bhimportsexports.com\/hl=pt\/#website","url":"https:\/\/bhimportsexports.com\/hl=pt\/","name":"BH IMPORTS & EXPORTS","description":"Innovation and excellence in international trade. Import, export, consultancy and sourcing.","publisher":{"@id":"https:\/\/bhimportsexports.com\/hl=pt\/#organization"},"potentialAction":[{"@type":"SearchAction","target":{"@type":"EntryPoint","urlTemplate":"https:\/\/bhimportsexports.com\/hl=pt\/?s={search_term_string}"},"query-input":{"@type":"PropertyValueSpecification","valueRequired":true,"valueName":"search_term_string"}}],"inLanguage":"pt-BR"},{"@type":"Organization","@id":"https:\/\/bhimportsexports.com\/hl=pt\/#organization","name":"BH IMPORTS & EXPORTS","url":"https:\/\/bhimportsexports.com\/hl=pt\/","logo":{"@type":"ImageObject","inLanguage":"pt-BR","@id":"https:\/\/bhimportsexports.com\/hl=pt\/#\/schema\/logo\/image\/","url":"https:\/\/bhimportsexports.com\/wp-content\/uploads\/2024\/09\/BH-IMPORTS.png","contentUrl":"https:\/\/bhimportsexports.com\/wp-content\/uploads\/2024\/09\/BH-IMPORTS.png","width":300,"height":200,"caption":"BH IMPORTS & EXPORTS"},"image":{"@id":"https:\/\/bhimportsexports.com\/hl=pt\/#\/schema\/logo\/image\/"}}]}},"_links":{"self":[{"href":"https:\/\/bhimportsexports.com\/hl=pt\/wp-json\/wp\/v2\/product\/3766","targetHints":{"allow":["GET"]}}],"collection":[{"href":"https:\/\/bhimportsexports.com\/hl=pt\/wp-json\/wp\/v2\/product"}],"about":[{"href":"https:\/\/bhimportsexports.com\/hl=pt\/wp-json\/wp\/v2\/types\/product"}],"replies":[{"embeddable":true,"href":"https:\/\/bhimportsexports.com\/hl=pt\/wp-json\/wp\/v2\/comments?post=3766"}],"wp:featuredmedia":[{"embeddable":true,"href":"https:\/\/bhimportsexports.com\/hl=pt\/wp-json\/wp\/v2\/media\/3767"}],"wp:attachment":[{"href":"https:\/\/bhimportsexports.com\/hl=pt\/wp-json\/wp\/v2\/media?parent=3766"}],"wp:term":[{"taxonomy":"product_brand","embeddable":true,"href":"https:\/\/bhimportsexports.com\/hl=pt\/wp-json\/wp\/v2\/product_brand?post=3766"},{"taxonomy":"product_cat","embeddable":true,"href":"https:\/\/bhimportsexports.com\/hl=pt\/wp-json\/wp\/v2\/product_cat?post=3766"},{"taxonomy":"product_tag","embeddable":true,"href":"https:\/\/bhimportsexports.com\/hl=pt\/wp-json\/wp\/v2\/product_tag?post=3766"}],"curies":[{"name":"wp","href":"https:\/\/api.w.org\/{rel}","templated":true}]}}