{"id":3758,"date":"2024-12-30T17:11:13","date_gmt":"2024-12-30T17:11:13","guid":{"rendered":"https:\/\/bhimportsexports.com\/hl=pt\/?post_type=product&#038;p=3758"},"modified":"2025-01-02T14:26:44","modified_gmt":"2025-01-02T14:26:44","slug":"emissor-de-sensor-fotoeletrico-banner-ez-beam-t306e-60-mts","status":"publish","type":"product","link":"https:\/\/bhimportsexports.com\/hl=pt\/produto\/emissor-de-sensor-fotoeletrico-banner-ez-beam-t306e-60-mts\/","title":{"rendered":"Emissor de sensor fotoel\u00e9trico Banner Ez-beam-t306e-60 Mts"},"content":{"rendered":"<p>N\u00famero: 32483 Resultados: Tipo PNP: fotoel\u00e9trico\/emissor\/campo fixo. Dist\u00e2ncia m\u00e1xima de detec\u00e7\u00e3o: 60.000 mm Fonte de alimenta\u00e7\u00e3o\/tens\u00e3o: 10 a 30 VCC Receptor de modo oposto: T30SN6R-32484 (nos meus an\u00fancios). Tempo de resposta de sa\u00edda (ms): 3 ligado\/1,5 desligado. Umidade relativa m\u00e1xima de opera\u00e7\u00e3o: 90% a 50 \u00b0C Caracter\u00edstica especial: intrinsecamente seguro: n\u00e3o Material do inv\u00f3lucro prim\u00e1rio: termopl\u00e1stico. Transmissor\/receptor de modo oposto: emissor Temperatura m\u00ednima de opera\u00e7\u00e3o: -40 \u00b0C Temperatura m\u00e1xima de opera\u00e7\u00e3o: 70 \u00b0C Caracter\u00edstica especial: detec\u00e7\u00e3o de \u00e1gua: n\u00e3o Modo de detec\u00e7\u00e3o (detalhado): emissor. Caracter\u00edstica: classifica\u00e7\u00e3o de lavagem: sim Feixe de detec\u00e7\u00e3o: LED infravermelho. Caracter\u00edstica especial: ensino remoto: n\u00e3o Sinal de sa\u00edda de sa\u00fade\/marginal: sim Repetibilidade: 375 microssegundos Modo de detec\u00e7\u00e3o (geral): oposto. Opera\u00e7\u00e3o: opera\u00e7\u00e3o clara\/escura. Recurso: tempo (Hold\/Delay): n\u00e3o Recurso: Desconex\u00e3o r\u00e1pida: N\u00e3o Recurso: Encapsulado: Sim Recurso: Certificado pela Ecolab: sim Classifica\u00e7\u00e3o de sa\u00edda: 150 mA Atraso de inicializa\u00e7\u00e3o: 100 ms Estilo do inv\u00f3lucro: tipo barril Comprimento do cabo: 2 mts Di\u00e2metro do barril: 30 mm Material da lente: acr\u00edlico Classifica\u00e7\u00e3o NEMA: 6P Recurso: Aud\u00edvel: N\u00e3o Classifica\u00e7\u00e3o: IP69K N\u00famero de pinos: 2 Peso: 120 gramas Indicador: LEDs Conex\u00e3o: cabo Configura\u00e7\u00f5es: N\/A Pot\u00eancia: CC CARACTER\u00cdSTICAS: &#8211; Os sensores de campo fixo aut\u00f4nomos T30 s\u00e3o pequenos, poderosos, sensores infravermelhos de modo difuso com corte de limite distante (um tipo de supress\u00e3o de fundo). Seu alto ganho excessivo e tecnologia de campo fixo permitem a detec\u00e7\u00e3o de objetos de baixa refletividade, ignorando superf\u00edcies de fundo. &#8211; N\u00e3o deve ser usado para prote\u00e7\u00e3o pessoal. Nunca use este dispositivo como um dispositivo de detec\u00e7\u00e3o para prote\u00e7\u00e3o pessoal. Isso pode causar ferimentos graves. Este dispositivo n\u00e3o inclui o circuito redundante de autoverifica\u00e7\u00e3o necess\u00e1rio para permitir seu uso em aplica\u00e7\u00f5es de seguran\u00e7a pessoal. -Completamente encapsulado em ep\u00f3xi, proporcionando durabilidade superior, mesmo em ambientes de detec\u00e7\u00e3o severos, classificado de acordo com DIN IP69K. -Tecnologia EZ-BEAM, \u00f3ptica e eletr\u00f4nica especialmente projetadas, fornecem confiabilidade e detec\u00e7\u00e3o sem ajustes. -Inv\u00f3lucro de poli\u00e9ster PBT estilo &#8220;T&#8221; com lente de rosca de 30 mm em modos de campo oposto, retrorreflexivo ou fixo. -Sistema de indicador duplo inovador, elimina as suposi\u00e7\u00f5es do monitoramento do desempenho do sensor. -Diagn\u00f3stico avan\u00e7ado alerta voc\u00ea sobre condi\u00e7\u00f5es marginais de detec\u00e7\u00e3o ou sobrecarga de sa\u00edda. -10 VCC a 30 VCC; PNP (m\u00e1ximo de 150 mA)<\/p>\n","protected":false},"excerpt":{"rendered":"<p>N\u00famero: 32483 Resultados: Tipo PNP: fotoel\u00e9trico\/emissor\/campo fixo. Dist\u00e2ncia m\u00e1xima de detec\u00e7\u00e3o: 60.000 mm Fonte de alimenta\u00e7\u00e3o\/tens\u00e3o: 10 a 30 VCC Receptor de modo oposto: T30SN6R-32484 (nos meus an\u00fancios). Tempo de resposta de sa\u00edda (ms): 3 ligado\/1,5 desligado. Umidade relativa m\u00e1xima de opera\u00e7\u00e3o: 90% a 50 \u00b0C Caracter\u00edstica especial: intrinsecamente seguro: n\u00e3o Material do inv\u00f3lucro prim\u00e1rio: [&hellip;]<\/p>\n","protected":false},"featured_media":3759,"comment_status":"open","ping_status":"closed","template":"","meta":[],"product_brand":[],"product_cat":[1115],"product_tag":[],"class_list":{"0":"post-3758","1":"product","2":"type-product","3":"status-publish","4":"has-post-thumbnail","6":"product_cat-sensor","8":"first","9":"onbackorder","10":"shipping-taxable","11":"purchasable","12":"product-type-simple"},"yoast_head":"<!-- This site is optimized with the Yoast SEO plugin v27.4 - https:\/\/yoast.com\/product\/yoast-seo-wordpress\/ -->\n<title>Emissor de sensor fotoel\u00e9trico Banner Ez-beam-t306e-60 Mts - BH IMPORTS &amp; EXPORTS<\/title>\n<meta name=\"robots\" content=\"index, follow, max-snippet:-1, max-image-preview:large, max-video-preview:-1\" \/>\n<link rel=\"canonical\" href=\"https:\/\/bhimportsexports.com\/hl=pt\/produto\/emissor-de-sensor-fotoeletrico-banner-ez-beam-t306e-60-mts\/\" \/>\n<meta property=\"og:locale\" content=\"pt_BR\" \/>\n<meta property=\"og:type\" content=\"article\" \/>\n<meta property=\"og:title\" content=\"Emissor de sensor fotoel\u00e9trico Banner Ez-beam-t306e-60 Mts - BH IMPORTS &amp; EXPORTS\" \/>\n<meta property=\"og:description\" content=\"N\u00famero: 32483 Resultados: Tipo PNP: fotoel\u00e9trico\/emissor\/campo fixo. Dist\u00e2ncia m\u00e1xima de detec\u00e7\u00e3o: 60.000 mm Fonte de alimenta\u00e7\u00e3o\/tens\u00e3o: 10 a 30 VCC Receptor de modo oposto: T30SN6R-32484 (nos meus an\u00fancios). Tempo de resposta de sa\u00edda (ms): 3 ligado\/1,5 desligado. Umidade relativa m\u00e1xima de opera\u00e7\u00e3o: 90% a 50 \u00b0C Caracter\u00edstica especial: intrinsecamente seguro: n\u00e3o Material do inv\u00f3lucro prim\u00e1rio: [&hellip;]\" \/>\n<meta property=\"og:url\" content=\"https:\/\/bhimportsexports.com\/hl=pt\/produto\/emissor-de-sensor-fotoeletrico-banner-ez-beam-t306e-60-mts\/\" \/>\n<meta property=\"og:site_name\" content=\"BH IMPORTS &amp; EXPORTS\" \/>\n<meta property=\"article:modified_time\" content=\"2025-01-02T14:26:44+00:00\" \/>\n<meta property=\"og:image\" content=\"https:\/\/bhimportsexports.com\/wp-content\/uploads\/2024\/12\/D_NQ_NP_907118-MLB74922397456_032024-O-215x300-1.webp\" \/>\n\t<meta property=\"og:image:width\" content=\"215\" \/>\n\t<meta property=\"og:image:height\" content=\"300\" \/>\n\t<meta property=\"og:image:type\" content=\"image\/webp\" \/>\n<meta name=\"twitter:card\" content=\"summary_large_image\" \/>\n<meta name=\"twitter:label1\" content=\"Est. tempo de leitura\" \/>\n\t<meta name=\"twitter:data1\" content=\"3 minutos\" \/>\n<script type=\"application\/ld+json\" class=\"yoast-schema-graph\">{\"@context\":\"https:\\\/\\\/schema.org\",\"@graph\":[{\"@type\":\"WebPage\",\"@id\":\"https:\\\/\\\/bhimportsexports.com\\\/hl=pt\\\/produto\\\/emissor-de-sensor-fotoeletrico-banner-ez-beam-t306e-60-mts\\\/\",\"url\":\"https:\\\/\\\/bhimportsexports.com\\\/hl=pt\\\/produto\\\/emissor-de-sensor-fotoeletrico-banner-ez-beam-t306e-60-mts\\\/\",\"name\":\"Emissor de sensor fotoel\u00e9trico Banner Ez-beam-t306e-60 Mts - BH IMPORTS &amp; EXPORTS\",\"isPartOf\":{\"@id\":\"https:\\\/\\\/bhimportsexports.com\\\/hl=pt\\\/#website\"},\"primaryImageOfPage\":{\"@id\":\"https:\\\/\\\/bhimportsexports.com\\\/hl=pt\\\/produto\\\/emissor-de-sensor-fotoeletrico-banner-ez-beam-t306e-60-mts\\\/#primaryimage\"},\"image\":{\"@id\":\"https:\\\/\\\/bhimportsexports.com\\\/hl=pt\\\/produto\\\/emissor-de-sensor-fotoeletrico-banner-ez-beam-t306e-60-mts\\\/#primaryimage\"},\"thumbnailUrl\":\"https:\\\/\\\/bhimportsexports.com\\\/wp-content\\\/uploads\\\/2024\\\/12\\\/D_NQ_NP_907118-MLB74922397456_032024-O-215x300-1.webp\",\"datePublished\":\"2024-12-30T17:11:13+00:00\",\"dateModified\":\"2025-01-02T14:26:44+00:00\",\"breadcrumb\":{\"@id\":\"https:\\\/\\\/bhimportsexports.com\\\/hl=pt\\\/produto\\\/emissor-de-sensor-fotoeletrico-banner-ez-beam-t306e-60-mts\\\/#breadcrumb\"},\"inLanguage\":\"pt-BR\",\"potentialAction\":[{\"@type\":\"ReadAction\",\"target\":[\"https:\\\/\\\/bhimportsexports.com\\\/hl=pt\\\/produto\\\/emissor-de-sensor-fotoeletrico-banner-ez-beam-t306e-60-mts\\\/\"]}]},{\"@type\":\"ImageObject\",\"inLanguage\":\"pt-BR\",\"@id\":\"https:\\\/\\\/bhimportsexports.com\\\/hl=pt\\\/produto\\\/emissor-de-sensor-fotoeletrico-banner-ez-beam-t306e-60-mts\\\/#primaryimage\",\"url\":\"https:\\\/\\\/bhimportsexports.com\\\/wp-content\\\/uploads\\\/2024\\\/12\\\/D_NQ_NP_907118-MLB74922397456_032024-O-215x300-1.webp\",\"contentUrl\":\"https:\\\/\\\/bhimportsexports.com\\\/wp-content\\\/uploads\\\/2024\\\/12\\\/D_NQ_NP_907118-MLB74922397456_032024-O-215x300-1.webp\",\"width\":215,\"height\":300},{\"@type\":\"BreadcrumbList\",\"@id\":\"https:\\\/\\\/bhimportsexports.com\\\/hl=pt\\\/produto\\\/emissor-de-sensor-fotoeletrico-banner-ez-beam-t306e-60-mts\\\/#breadcrumb\",\"itemListElement\":[{\"@type\":\"ListItem\",\"position\":1,\"name\":\"In\u00edcio\",\"item\":\"https:\\\/\\\/bhimportsexports.com\\\/hl=pt\\\/\"},{\"@type\":\"ListItem\",\"position\":2,\"name\":\"Loja\",\"item\":\"https:\\\/\\\/bhimportsexports.com\\\/hl=pt\\\/loja\\\/\"},{\"@type\":\"ListItem\",\"position\":3,\"name\":\"Emissor de sensor fotoel\u00e9trico Banner Ez-beam-t306e-60 Mts\"}]},{\"@type\":\"WebSite\",\"@id\":\"https:\\\/\\\/bhimportsexports.com\\\/hl=pt\\\/#website\",\"url\":\"https:\\\/\\\/bhimportsexports.com\\\/hl=pt\\\/\",\"name\":\"BH IMPORTS & EXPORTS\",\"description\":\"Innovation and excellence in international trade. Import, export, consultancy and sourcing.\",\"publisher\":{\"@id\":\"https:\\\/\\\/bhimportsexports.com\\\/hl=pt\\\/#organization\"},\"potentialAction\":[{\"@type\":\"SearchAction\",\"target\":{\"@type\":\"EntryPoint\",\"urlTemplate\":\"https:\\\/\\\/bhimportsexports.com\\\/hl=pt\\\/?s={search_term_string}\"},\"query-input\":{\"@type\":\"PropertyValueSpecification\",\"valueRequired\":true,\"valueName\":\"search_term_string\"}}],\"inLanguage\":\"pt-BR\"},{\"@type\":\"Organization\",\"@id\":\"https:\\\/\\\/bhimportsexports.com\\\/hl=pt\\\/#organization\",\"name\":\"BH IMPORTS & EXPORTS\",\"url\":\"https:\\\/\\\/bhimportsexports.com\\\/hl=pt\\\/\",\"logo\":{\"@type\":\"ImageObject\",\"inLanguage\":\"pt-BR\",\"@id\":\"https:\\\/\\\/bhimportsexports.com\\\/hl=pt\\\/#\\\/schema\\\/logo\\\/image\\\/\",\"url\":\"https:\\\/\\\/bhimportsexports.com\\\/wp-content\\\/uploads\\\/2024\\\/09\\\/BH-IMPORTS.png\",\"contentUrl\":\"https:\\\/\\\/bhimportsexports.com\\\/wp-content\\\/uploads\\\/2024\\\/09\\\/BH-IMPORTS.png\",\"width\":300,\"height\":200,\"caption\":\"BH IMPORTS & EXPORTS\"},\"image\":{\"@id\":\"https:\\\/\\\/bhimportsexports.com\\\/hl=pt\\\/#\\\/schema\\\/logo\\\/image\\\/\"}}]}<\/script>\n<!-- \/ Yoast SEO plugin. -->","yoast_head_json":{"title":"Emissor de sensor fotoel\u00e9trico Banner Ez-beam-t306e-60 Mts - BH IMPORTS &amp; EXPORTS","robots":{"index":"index","follow":"follow","max-snippet":"max-snippet:-1","max-image-preview":"max-image-preview:large","max-video-preview":"max-video-preview:-1"},"canonical":"https:\/\/bhimportsexports.com\/hl=pt\/produto\/emissor-de-sensor-fotoeletrico-banner-ez-beam-t306e-60-mts\/","og_locale":"pt_BR","og_type":"article","og_title":"Emissor de sensor fotoel\u00e9trico Banner Ez-beam-t306e-60 Mts - BH IMPORTS &amp; EXPORTS","og_description":"N\u00famero: 32483 Resultados: Tipo PNP: fotoel\u00e9trico\/emissor\/campo fixo. Dist\u00e2ncia m\u00e1xima de detec\u00e7\u00e3o: 60.000 mm Fonte de alimenta\u00e7\u00e3o\/tens\u00e3o: 10 a 30 VCC Receptor de modo oposto: T30SN6R-32484 (nos meus an\u00fancios). Tempo de resposta de sa\u00edda (ms): 3 ligado\/1,5 desligado. Umidade relativa m\u00e1xima de opera\u00e7\u00e3o: 90% a 50 \u00b0C Caracter\u00edstica especial: intrinsecamente seguro: n\u00e3o Material do inv\u00f3lucro prim\u00e1rio: [&hellip;]","og_url":"https:\/\/bhimportsexports.com\/hl=pt\/produto\/emissor-de-sensor-fotoeletrico-banner-ez-beam-t306e-60-mts\/","og_site_name":"BH IMPORTS &amp; EXPORTS","article_modified_time":"2025-01-02T14:26:44+00:00","og_image":[{"width":215,"height":300,"url":"https:\/\/bhimportsexports.com\/wp-content\/uploads\/2024\/12\/D_NQ_NP_907118-MLB74922397456_032024-O-215x300-1.webp","type":"image\/webp"}],"twitter_card":"summary_large_image","twitter_misc":{"Est. tempo de leitura":"3 minutos"},"schema":{"@context":"https:\/\/schema.org","@graph":[{"@type":"WebPage","@id":"https:\/\/bhimportsexports.com\/hl=pt\/produto\/emissor-de-sensor-fotoeletrico-banner-ez-beam-t306e-60-mts\/","url":"https:\/\/bhimportsexports.com\/hl=pt\/produto\/emissor-de-sensor-fotoeletrico-banner-ez-beam-t306e-60-mts\/","name":"Emissor de sensor fotoel\u00e9trico Banner Ez-beam-t306e-60 Mts - BH IMPORTS &amp; EXPORTS","isPartOf":{"@id":"https:\/\/bhimportsexports.com\/hl=pt\/#website"},"primaryImageOfPage":{"@id":"https:\/\/bhimportsexports.com\/hl=pt\/produto\/emissor-de-sensor-fotoeletrico-banner-ez-beam-t306e-60-mts\/#primaryimage"},"image":{"@id":"https:\/\/bhimportsexports.com\/hl=pt\/produto\/emissor-de-sensor-fotoeletrico-banner-ez-beam-t306e-60-mts\/#primaryimage"},"thumbnailUrl":"https:\/\/bhimportsexports.com\/wp-content\/uploads\/2024\/12\/D_NQ_NP_907118-MLB74922397456_032024-O-215x300-1.webp","datePublished":"2024-12-30T17:11:13+00:00","dateModified":"2025-01-02T14:26:44+00:00","breadcrumb":{"@id":"https:\/\/bhimportsexports.com\/hl=pt\/produto\/emissor-de-sensor-fotoeletrico-banner-ez-beam-t306e-60-mts\/#breadcrumb"},"inLanguage":"pt-BR","potentialAction":[{"@type":"ReadAction","target":["https:\/\/bhimportsexports.com\/hl=pt\/produto\/emissor-de-sensor-fotoeletrico-banner-ez-beam-t306e-60-mts\/"]}]},{"@type":"ImageObject","inLanguage":"pt-BR","@id":"https:\/\/bhimportsexports.com\/hl=pt\/produto\/emissor-de-sensor-fotoeletrico-banner-ez-beam-t306e-60-mts\/#primaryimage","url":"https:\/\/bhimportsexports.com\/wp-content\/uploads\/2024\/12\/D_NQ_NP_907118-MLB74922397456_032024-O-215x300-1.webp","contentUrl":"https:\/\/bhimportsexports.com\/wp-content\/uploads\/2024\/12\/D_NQ_NP_907118-MLB74922397456_032024-O-215x300-1.webp","width":215,"height":300},{"@type":"BreadcrumbList","@id":"https:\/\/bhimportsexports.com\/hl=pt\/produto\/emissor-de-sensor-fotoeletrico-banner-ez-beam-t306e-60-mts\/#breadcrumb","itemListElement":[{"@type":"ListItem","position":1,"name":"In\u00edcio","item":"https:\/\/bhimportsexports.com\/hl=pt\/"},{"@type":"ListItem","position":2,"name":"Loja","item":"https:\/\/bhimportsexports.com\/hl=pt\/loja\/"},{"@type":"ListItem","position":3,"name":"Emissor de sensor fotoel\u00e9trico Banner Ez-beam-t306e-60 Mts"}]},{"@type":"WebSite","@id":"https:\/\/bhimportsexports.com\/hl=pt\/#website","url":"https:\/\/bhimportsexports.com\/hl=pt\/","name":"BH IMPORTS & EXPORTS","description":"Innovation and excellence in international trade. Import, export, consultancy and sourcing.","publisher":{"@id":"https:\/\/bhimportsexports.com\/hl=pt\/#organization"},"potentialAction":[{"@type":"SearchAction","target":{"@type":"EntryPoint","urlTemplate":"https:\/\/bhimportsexports.com\/hl=pt\/?s={search_term_string}"},"query-input":{"@type":"PropertyValueSpecification","valueRequired":true,"valueName":"search_term_string"}}],"inLanguage":"pt-BR"},{"@type":"Organization","@id":"https:\/\/bhimportsexports.com\/hl=pt\/#organization","name":"BH IMPORTS & EXPORTS","url":"https:\/\/bhimportsexports.com\/hl=pt\/","logo":{"@type":"ImageObject","inLanguage":"pt-BR","@id":"https:\/\/bhimportsexports.com\/hl=pt\/#\/schema\/logo\/image\/","url":"https:\/\/bhimportsexports.com\/wp-content\/uploads\/2024\/09\/BH-IMPORTS.png","contentUrl":"https:\/\/bhimportsexports.com\/wp-content\/uploads\/2024\/09\/BH-IMPORTS.png","width":300,"height":200,"caption":"BH IMPORTS & EXPORTS"},"image":{"@id":"https:\/\/bhimportsexports.com\/hl=pt\/#\/schema\/logo\/image\/"}}]}},"_links":{"self":[{"href":"https:\/\/bhimportsexports.com\/hl=pt\/wp-json\/wp\/v2\/product\/3758","targetHints":{"allow":["GET"]}}],"collection":[{"href":"https:\/\/bhimportsexports.com\/hl=pt\/wp-json\/wp\/v2\/product"}],"about":[{"href":"https:\/\/bhimportsexports.com\/hl=pt\/wp-json\/wp\/v2\/types\/product"}],"replies":[{"embeddable":true,"href":"https:\/\/bhimportsexports.com\/hl=pt\/wp-json\/wp\/v2\/comments?post=3758"}],"wp:featuredmedia":[{"embeddable":true,"href":"https:\/\/bhimportsexports.com\/hl=pt\/wp-json\/wp\/v2\/media\/3759"}],"wp:attachment":[{"href":"https:\/\/bhimportsexports.com\/hl=pt\/wp-json\/wp\/v2\/media?parent=3758"}],"wp:term":[{"taxonomy":"product_brand","embeddable":true,"href":"https:\/\/bhimportsexports.com\/hl=pt\/wp-json\/wp\/v2\/product_brand?post=3758"},{"taxonomy":"product_cat","embeddable":true,"href":"https:\/\/bhimportsexports.com\/hl=pt\/wp-json\/wp\/v2\/product_cat?post=3758"},{"taxonomy":"product_tag","embeddable":true,"href":"https:\/\/bhimportsexports.com\/hl=pt\/wp-json\/wp\/v2\/product_tag?post=3758"}],"curies":[{"name":"wp","href":"https:\/\/api.w.org\/{rel}","templated":true}]}}