{"id":3754,"date":"2024-12-30T16:29:43","date_gmt":"2024-12-30T16:29:43","guid":{"rendered":"https:\/\/bhimportsexports.com\/hl=pt\/?post_type=product&#038;p=3754"},"modified":"2024-12-30T16:29:44","modified_gmt":"2024-12-30T16:29:44","slug":"sensor-laser-de-longo-alcance-e-tempo-de-voo-ltf12ic2ldq","status":"publish","type":"product","link":"https:\/\/bhimportsexports.com\/hl=pt\/produto\/sensor-laser-de-longo-alcance-e-tempo-de-voo-ltf12ic2ldq\/","title":{"rendered":"SENSOR LASER DE LONGO ALCANCE E TEMPO DE VOO LTF12IC2LDQ"},"content":{"rendered":"<p>Feixe de detec\u00e7\u00e3o CCLaser vermelho vis\u00edvelClassifica\u00e7\u00e3o de tipo NEMA\/ULClassifica\u00e7\u00e3o IP NEMA 4X Modo de detec\u00e7\u00e3o IP67 (geral)Modo de detec\u00e7\u00e3o de proximidade (detalhado)Tempo de voo Estilo do inv\u00f3lucroRetangular Tipo de dispositivoMaterial do inv\u00f3lucro prim\u00e1rio do sensorLiga de zinco fundido Classifica\u00e7\u00e3o do laserClasse 2 Entrada\/sa\u00eddaConfigura\u00e7\u00e3o de sa\u00edda anal\u00f3gica e anal\u00f3gica discretaConex\u00e3o de 4 a 20 mATipo de desconex\u00e3o r\u00e1pida QD integralM12 Dist\u00e2ncia m\u00e1xima de detec\u00e7\u00e3o (mm)12000 Dist\u00e2ncia m\u00ednima de detec\u00e7\u00e3o (mm)50 Fonte de alimenta\u00e7\u00e3o12 a 30 V CC AjustesBot\u00e3o de press\u00e3o; N\u00famero de pinos de ensino remoto5 Sa\u00eddas discretas (comutadas)1 NPN\/PNP configur\u00e1vel Temperatura operacional m\u00e1xima (\u00b0C)55 Temperatura operacional m\u00ednima (\u00b0C)-20 Tempo de resposta m\u00ednimo (ms)1,5 Controle do laserSim Luz ambiente m\u00e1xima (lux)40000 Recurso: Ensino remotoSim Recurso: Temporiza\u00e7\u00e3o (reten\u00e7\u00e3o\/atraso)Sim Recurso: Desconex\u00e3o r\u00e1pidaSim Recurso: Sa\u00edda de sinal de sa\u00fade\/marginalSim<\/p>\n","protected":false},"excerpt":{"rendered":"<p>Feixe de detec\u00e7\u00e3o CCLaser vermelho vis\u00edvelClassifica\u00e7\u00e3o de tipo NEMA\/ULClassifica\u00e7\u00e3o IP NEMA 4X Modo de detec\u00e7\u00e3o IP67 (geral)Modo de detec\u00e7\u00e3o de proximidade (detalhado)Tempo de voo Estilo do inv\u00f3lucroRetangular Tipo de dispositivoMaterial do inv\u00f3lucro prim\u00e1rio do sensorLiga de zinco fundido Classifica\u00e7\u00e3o do laserClasse 2 Entrada\/sa\u00eddaConfigura\u00e7\u00e3o de sa\u00edda anal\u00f3gica e anal\u00f3gica discretaConex\u00e3o de 4 a 20 mATipo de [&hellip;]<\/p>\n","protected":false},"featured_media":3755,"comment_status":"open","ping_status":"closed","template":"","meta":[],"product_brand":[],"product_cat":[1115],"product_tag":[],"class_list":{"0":"post-3754","1":"product","2":"type-product","3":"status-publish","4":"has-post-thumbnail","6":"product_cat-sensor","8":"first","9":"onbackorder","10":"shipping-taxable","11":"purchasable","12":"product-type-simple"},"yoast_head":"<!-- This site is optimized with the Yoast SEO plugin v27.4 - https:\/\/yoast.com\/product\/yoast-seo-wordpress\/ -->\n<title>SENSOR LASER DE LONGO ALCANCE E TEMPO DE VOO LTF12IC2LDQ - BH IMPORTS &amp; EXPORTS<\/title>\n<meta name=\"robots\" content=\"index, follow, max-snippet:-1, max-image-preview:large, max-video-preview:-1\" \/>\n<link rel=\"canonical\" href=\"https:\/\/bhimportsexports.com\/hl=pt\/produto\/sensor-laser-de-longo-alcance-e-tempo-de-voo-ltf12ic2ldq\/\" \/>\n<meta property=\"og:locale\" content=\"pt_BR\" \/>\n<meta property=\"og:type\" content=\"article\" \/>\n<meta property=\"og:title\" content=\"SENSOR LASER DE LONGO ALCANCE E TEMPO DE VOO LTF12IC2LDQ - BH IMPORTS &amp; EXPORTS\" \/>\n<meta property=\"og:description\" content=\"Feixe de detec\u00e7\u00e3o CCLaser vermelho vis\u00edvelClassifica\u00e7\u00e3o de tipo NEMA\/ULClassifica\u00e7\u00e3o IP NEMA 4X Modo de detec\u00e7\u00e3o IP67 (geral)Modo de detec\u00e7\u00e3o de proximidade (detalhado)Tempo de voo Estilo do inv\u00f3lucroRetangular Tipo de dispositivoMaterial do inv\u00f3lucro prim\u00e1rio do sensorLiga de zinco fundido Classifica\u00e7\u00e3o do laserClasse 2 Entrada\/sa\u00eddaConfigura\u00e7\u00e3o de sa\u00edda anal\u00f3gica e anal\u00f3gica discretaConex\u00e3o de 4 a 20 mATipo de [&hellip;]\" \/>\n<meta property=\"og:url\" content=\"https:\/\/bhimportsexports.com\/hl=pt\/produto\/sensor-laser-de-longo-alcance-e-tempo-de-voo-ltf12ic2ldq\/\" \/>\n<meta property=\"og:site_name\" content=\"BH IMPORTS &amp; EXPORTS\" \/>\n<meta property=\"article:modified_time\" content=\"2024-12-30T16:29:44+00:00\" \/>\n<meta property=\"og:image\" content=\"https:\/\/bhimportsexports.com\/wp-content\/uploads\/2024\/12\/cq5dam.web_.1280.1280-300x300-1.jpeg\" \/>\n\t<meta property=\"og:image:width\" content=\"300\" \/>\n\t<meta property=\"og:image:height\" content=\"300\" \/>\n\t<meta property=\"og:image:type\" content=\"image\/jpeg\" \/>\n<meta name=\"twitter:card\" content=\"summary_large_image\" \/>\n<meta name=\"twitter:label1\" content=\"Est. tempo de leitura\" \/>\n\t<meta name=\"twitter:data1\" content=\"1 minuto\" \/>\n<script type=\"application\/ld+json\" class=\"yoast-schema-graph\">{\"@context\":\"https:\\\/\\\/schema.org\",\"@graph\":[{\"@type\":\"WebPage\",\"@id\":\"https:\\\/\\\/bhimportsexports.com\\\/hl=pt\\\/produto\\\/sensor-laser-de-longo-alcance-e-tempo-de-voo-ltf12ic2ldq\\\/\",\"url\":\"https:\\\/\\\/bhimportsexports.com\\\/hl=pt\\\/produto\\\/sensor-laser-de-longo-alcance-e-tempo-de-voo-ltf12ic2ldq\\\/\",\"name\":\"SENSOR LASER DE LONGO ALCANCE E TEMPO DE VOO LTF12IC2LDQ - BH IMPORTS &amp; EXPORTS\",\"isPartOf\":{\"@id\":\"https:\\\/\\\/bhimportsexports.com\\\/hl=pt\\\/#website\"},\"primaryImageOfPage\":{\"@id\":\"https:\\\/\\\/bhimportsexports.com\\\/hl=pt\\\/produto\\\/sensor-laser-de-longo-alcance-e-tempo-de-voo-ltf12ic2ldq\\\/#primaryimage\"},\"image\":{\"@id\":\"https:\\\/\\\/bhimportsexports.com\\\/hl=pt\\\/produto\\\/sensor-laser-de-longo-alcance-e-tempo-de-voo-ltf12ic2ldq\\\/#primaryimage\"},\"thumbnailUrl\":\"https:\\\/\\\/bhimportsexports.com\\\/wp-content\\\/uploads\\\/2024\\\/12\\\/cq5dam.web_.1280.1280-300x300-1.jpeg\",\"datePublished\":\"2024-12-30T16:29:43+00:00\",\"dateModified\":\"2024-12-30T16:29:44+00:00\",\"breadcrumb\":{\"@id\":\"https:\\\/\\\/bhimportsexports.com\\\/hl=pt\\\/produto\\\/sensor-laser-de-longo-alcance-e-tempo-de-voo-ltf12ic2ldq\\\/#breadcrumb\"},\"inLanguage\":\"pt-BR\",\"potentialAction\":[{\"@type\":\"ReadAction\",\"target\":[\"https:\\\/\\\/bhimportsexports.com\\\/hl=pt\\\/produto\\\/sensor-laser-de-longo-alcance-e-tempo-de-voo-ltf12ic2ldq\\\/\"]}]},{\"@type\":\"ImageObject\",\"inLanguage\":\"pt-BR\",\"@id\":\"https:\\\/\\\/bhimportsexports.com\\\/hl=pt\\\/produto\\\/sensor-laser-de-longo-alcance-e-tempo-de-voo-ltf12ic2ldq\\\/#primaryimage\",\"url\":\"https:\\\/\\\/bhimportsexports.com\\\/wp-content\\\/uploads\\\/2024\\\/12\\\/cq5dam.web_.1280.1280-300x300-1.jpeg\",\"contentUrl\":\"https:\\\/\\\/bhimportsexports.com\\\/wp-content\\\/uploads\\\/2024\\\/12\\\/cq5dam.web_.1280.1280-300x300-1.jpeg\",\"width\":300,\"height\":300},{\"@type\":\"BreadcrumbList\",\"@id\":\"https:\\\/\\\/bhimportsexports.com\\\/hl=pt\\\/produto\\\/sensor-laser-de-longo-alcance-e-tempo-de-voo-ltf12ic2ldq\\\/#breadcrumb\",\"itemListElement\":[{\"@type\":\"ListItem\",\"position\":1,\"name\":\"In\u00edcio\",\"item\":\"https:\\\/\\\/bhimportsexports.com\\\/hl=pt\\\/\"},{\"@type\":\"ListItem\",\"position\":2,\"name\":\"Loja\",\"item\":\"https:\\\/\\\/bhimportsexports.com\\\/hl=pt\\\/loja\\\/\"},{\"@type\":\"ListItem\",\"position\":3,\"name\":\"SENSOR LASER DE LONGO ALCANCE E TEMPO DE VOO LTF12IC2LDQ\"}]},{\"@type\":\"WebSite\",\"@id\":\"https:\\\/\\\/bhimportsexports.com\\\/hl=pt\\\/#website\",\"url\":\"https:\\\/\\\/bhimportsexports.com\\\/hl=pt\\\/\",\"name\":\"BH IMPORTS & EXPORTS\",\"description\":\"Innovation and excellence in international trade. Import, export, consultancy and sourcing.\",\"publisher\":{\"@id\":\"https:\\\/\\\/bhimportsexports.com\\\/hl=pt\\\/#organization\"},\"potentialAction\":[{\"@type\":\"SearchAction\",\"target\":{\"@type\":\"EntryPoint\",\"urlTemplate\":\"https:\\\/\\\/bhimportsexports.com\\\/hl=pt\\\/?s={search_term_string}\"},\"query-input\":{\"@type\":\"PropertyValueSpecification\",\"valueRequired\":true,\"valueName\":\"search_term_string\"}}],\"inLanguage\":\"pt-BR\"},{\"@type\":\"Organization\",\"@id\":\"https:\\\/\\\/bhimportsexports.com\\\/hl=pt\\\/#organization\",\"name\":\"BH IMPORTS & EXPORTS\",\"url\":\"https:\\\/\\\/bhimportsexports.com\\\/hl=pt\\\/\",\"logo\":{\"@type\":\"ImageObject\",\"inLanguage\":\"pt-BR\",\"@id\":\"https:\\\/\\\/bhimportsexports.com\\\/hl=pt\\\/#\\\/schema\\\/logo\\\/image\\\/\",\"url\":\"https:\\\/\\\/bhimportsexports.com\\\/wp-content\\\/uploads\\\/2024\\\/09\\\/BH-IMPORTS.png\",\"contentUrl\":\"https:\\\/\\\/bhimportsexports.com\\\/wp-content\\\/uploads\\\/2024\\\/09\\\/BH-IMPORTS.png\",\"width\":300,\"height\":200,\"caption\":\"BH IMPORTS & EXPORTS\"},\"image\":{\"@id\":\"https:\\\/\\\/bhimportsexports.com\\\/hl=pt\\\/#\\\/schema\\\/logo\\\/image\\\/\"}}]}<\/script>\n<!-- \/ Yoast SEO plugin. -->","yoast_head_json":{"title":"SENSOR LASER DE LONGO ALCANCE E TEMPO DE VOO LTF12IC2LDQ - BH IMPORTS &amp; EXPORTS","robots":{"index":"index","follow":"follow","max-snippet":"max-snippet:-1","max-image-preview":"max-image-preview:large","max-video-preview":"max-video-preview:-1"},"canonical":"https:\/\/bhimportsexports.com\/hl=pt\/produto\/sensor-laser-de-longo-alcance-e-tempo-de-voo-ltf12ic2ldq\/","og_locale":"pt_BR","og_type":"article","og_title":"SENSOR LASER DE LONGO ALCANCE E TEMPO DE VOO LTF12IC2LDQ - BH IMPORTS &amp; EXPORTS","og_description":"Feixe de detec\u00e7\u00e3o CCLaser vermelho vis\u00edvelClassifica\u00e7\u00e3o de tipo NEMA\/ULClassifica\u00e7\u00e3o IP NEMA 4X Modo de detec\u00e7\u00e3o IP67 (geral)Modo de detec\u00e7\u00e3o de proximidade (detalhado)Tempo de voo Estilo do inv\u00f3lucroRetangular Tipo de dispositivoMaterial do inv\u00f3lucro prim\u00e1rio do sensorLiga de zinco fundido Classifica\u00e7\u00e3o do laserClasse 2 Entrada\/sa\u00eddaConfigura\u00e7\u00e3o de sa\u00edda anal\u00f3gica e anal\u00f3gica discretaConex\u00e3o de 4 a 20 mATipo de [&hellip;]","og_url":"https:\/\/bhimportsexports.com\/hl=pt\/produto\/sensor-laser-de-longo-alcance-e-tempo-de-voo-ltf12ic2ldq\/","og_site_name":"BH IMPORTS &amp; EXPORTS","article_modified_time":"2024-12-30T16:29:44+00:00","og_image":[{"width":300,"height":300,"url":"https:\/\/bhimportsexports.com\/wp-content\/uploads\/2024\/12\/cq5dam.web_.1280.1280-300x300-1.jpeg","type":"image\/jpeg"}],"twitter_card":"summary_large_image","twitter_misc":{"Est. tempo de leitura":"1 minuto"},"schema":{"@context":"https:\/\/schema.org","@graph":[{"@type":"WebPage","@id":"https:\/\/bhimportsexports.com\/hl=pt\/produto\/sensor-laser-de-longo-alcance-e-tempo-de-voo-ltf12ic2ldq\/","url":"https:\/\/bhimportsexports.com\/hl=pt\/produto\/sensor-laser-de-longo-alcance-e-tempo-de-voo-ltf12ic2ldq\/","name":"SENSOR LASER DE LONGO ALCANCE E TEMPO DE VOO LTF12IC2LDQ - BH IMPORTS &amp; EXPORTS","isPartOf":{"@id":"https:\/\/bhimportsexports.com\/hl=pt\/#website"},"primaryImageOfPage":{"@id":"https:\/\/bhimportsexports.com\/hl=pt\/produto\/sensor-laser-de-longo-alcance-e-tempo-de-voo-ltf12ic2ldq\/#primaryimage"},"image":{"@id":"https:\/\/bhimportsexports.com\/hl=pt\/produto\/sensor-laser-de-longo-alcance-e-tempo-de-voo-ltf12ic2ldq\/#primaryimage"},"thumbnailUrl":"https:\/\/bhimportsexports.com\/wp-content\/uploads\/2024\/12\/cq5dam.web_.1280.1280-300x300-1.jpeg","datePublished":"2024-12-30T16:29:43+00:00","dateModified":"2024-12-30T16:29:44+00:00","breadcrumb":{"@id":"https:\/\/bhimportsexports.com\/hl=pt\/produto\/sensor-laser-de-longo-alcance-e-tempo-de-voo-ltf12ic2ldq\/#breadcrumb"},"inLanguage":"pt-BR","potentialAction":[{"@type":"ReadAction","target":["https:\/\/bhimportsexports.com\/hl=pt\/produto\/sensor-laser-de-longo-alcance-e-tempo-de-voo-ltf12ic2ldq\/"]}]},{"@type":"ImageObject","inLanguage":"pt-BR","@id":"https:\/\/bhimportsexports.com\/hl=pt\/produto\/sensor-laser-de-longo-alcance-e-tempo-de-voo-ltf12ic2ldq\/#primaryimage","url":"https:\/\/bhimportsexports.com\/wp-content\/uploads\/2024\/12\/cq5dam.web_.1280.1280-300x300-1.jpeg","contentUrl":"https:\/\/bhimportsexports.com\/wp-content\/uploads\/2024\/12\/cq5dam.web_.1280.1280-300x300-1.jpeg","width":300,"height":300},{"@type":"BreadcrumbList","@id":"https:\/\/bhimportsexports.com\/hl=pt\/produto\/sensor-laser-de-longo-alcance-e-tempo-de-voo-ltf12ic2ldq\/#breadcrumb","itemListElement":[{"@type":"ListItem","position":1,"name":"In\u00edcio","item":"https:\/\/bhimportsexports.com\/hl=pt\/"},{"@type":"ListItem","position":2,"name":"Loja","item":"https:\/\/bhimportsexports.com\/hl=pt\/loja\/"},{"@type":"ListItem","position":3,"name":"SENSOR LASER DE LONGO ALCANCE E TEMPO DE VOO LTF12IC2LDQ"}]},{"@type":"WebSite","@id":"https:\/\/bhimportsexports.com\/hl=pt\/#website","url":"https:\/\/bhimportsexports.com\/hl=pt\/","name":"BH IMPORTS & EXPORTS","description":"Innovation and excellence in international trade. Import, export, consultancy and sourcing.","publisher":{"@id":"https:\/\/bhimportsexports.com\/hl=pt\/#organization"},"potentialAction":[{"@type":"SearchAction","target":{"@type":"EntryPoint","urlTemplate":"https:\/\/bhimportsexports.com\/hl=pt\/?s={search_term_string}"},"query-input":{"@type":"PropertyValueSpecification","valueRequired":true,"valueName":"search_term_string"}}],"inLanguage":"pt-BR"},{"@type":"Organization","@id":"https:\/\/bhimportsexports.com\/hl=pt\/#organization","name":"BH IMPORTS & EXPORTS","url":"https:\/\/bhimportsexports.com\/hl=pt\/","logo":{"@type":"ImageObject","inLanguage":"pt-BR","@id":"https:\/\/bhimportsexports.com\/hl=pt\/#\/schema\/logo\/image\/","url":"https:\/\/bhimportsexports.com\/wp-content\/uploads\/2024\/09\/BH-IMPORTS.png","contentUrl":"https:\/\/bhimportsexports.com\/wp-content\/uploads\/2024\/09\/BH-IMPORTS.png","width":300,"height":200,"caption":"BH IMPORTS & EXPORTS"},"image":{"@id":"https:\/\/bhimportsexports.com\/hl=pt\/#\/schema\/logo\/image\/"}}]}},"_links":{"self":[{"href":"https:\/\/bhimportsexports.com\/hl=pt\/wp-json\/wp\/v2\/product\/3754","targetHints":{"allow":["GET"]}}],"collection":[{"href":"https:\/\/bhimportsexports.com\/hl=pt\/wp-json\/wp\/v2\/product"}],"about":[{"href":"https:\/\/bhimportsexports.com\/hl=pt\/wp-json\/wp\/v2\/types\/product"}],"replies":[{"embeddable":true,"href":"https:\/\/bhimportsexports.com\/hl=pt\/wp-json\/wp\/v2\/comments?post=3754"}],"wp:featuredmedia":[{"embeddable":true,"href":"https:\/\/bhimportsexports.com\/hl=pt\/wp-json\/wp\/v2\/media\/3755"}],"wp:attachment":[{"href":"https:\/\/bhimportsexports.com\/hl=pt\/wp-json\/wp\/v2\/media?parent=3754"}],"wp:term":[{"taxonomy":"product_brand","embeddable":true,"href":"https:\/\/bhimportsexports.com\/hl=pt\/wp-json\/wp\/v2\/product_brand?post=3754"},{"taxonomy":"product_cat","embeddable":true,"href":"https:\/\/bhimportsexports.com\/hl=pt\/wp-json\/wp\/v2\/product_cat?post=3754"},{"taxonomy":"product_tag","embeddable":true,"href":"https:\/\/bhimportsexports.com\/hl=pt\/wp-json\/wp\/v2\/product_tag?post=3754"}],"curies":[{"name":"wp","href":"https:\/\/api.w.org\/{rel}","templated":true}]}}