{"id":3751,"date":"2024-12-30T15:40:39","date_gmt":"2024-12-30T15:40:39","guid":{"rendered":"https:\/\/bhimportsexports.com\/hl=pt\/?post_type=product&#038;p=3751"},"modified":"2025-01-02T16:01:41","modified_gmt":"2025-01-02T16:01:41","slug":"sensor-m18-banner-qs18vp6lpq8-difuso-450mm","status":"publish","type":"product","link":"https:\/\/bhimportsexports.com\/hl=pt\/produto\/sensor-m18-banner-qs18vp6lpq8-difuso-450mm\/","title":{"rendered":"Sensor M18 Banner QS18VP6LPQ8 Difuso 450mm"},"content":{"rendered":"<p>M\u00e9todo de detec\u00e7\u00e3o: Retrorrefletivo, Polarizado Tipo de sa\u00edda: N\/A Dist\u00e2ncia de detec\u00e7\u00e3o: 35.000 mm Tempo de resposta: 600 \u00b5s Voltagem \u2013 Pot\u00eancia: 10 V a 30 V Configura\u00e7\u00e3o de sa\u00edda: PNP \u2013 Dark-ON\/Light-ON Fonte de luz: LED Modo de conex\u00e3o: Conector Prote\u00e7\u00e3o de entrada: NEMA 6P, IEC IP67 Temperatura de opera\u00e7\u00e3o: -20 \u00b0C a 70 \u00b0C<\/p>\n","protected":false},"excerpt":{"rendered":"<p>M\u00e9todo de detec\u00e7\u00e3o: Retrorrefletivo, Polarizado Tipo de sa\u00edda: N\/A Dist\u00e2ncia de detec\u00e7\u00e3o: 35.000 mm Tempo de resposta: 600 \u00b5s Voltagem \u2013 Pot\u00eancia: 10 V a 30 V Configura\u00e7\u00e3o de sa\u00edda: PNP \u2013 Dark-ON\/Light-ON Fonte de luz: LED Modo de conex\u00e3o: Conector Prote\u00e7\u00e3o de entrada: NEMA 6P, IEC IP67 Temperatura de opera\u00e7\u00e3o: -20 \u00b0C a 70 [&hellip;]<\/p>\n","protected":false},"featured_media":3752,"comment_status":"open","ping_status":"closed","template":"","meta":[],"product_brand":[],"product_cat":[1115],"product_tag":[],"class_list":{"0":"post-3751","1":"product","2":"type-product","3":"status-publish","4":"has-post-thumbnail","6":"product_cat-sensor","8":"first","9":"onbackorder","10":"shipping-taxable","11":"purchasable","12":"product-type-simple"},"yoast_head":"<!-- This site is optimized with the Yoast SEO plugin v27.4 - https:\/\/yoast.com\/product\/yoast-seo-wordpress\/ -->\n<title>Sensor M18 Banner QS18VP6LPQ8 Difuso 450mm - BH IMPORTS &amp; EXPORTS<\/title>\n<meta name=\"robots\" content=\"index, follow, max-snippet:-1, max-image-preview:large, max-video-preview:-1\" \/>\n<link rel=\"canonical\" href=\"https:\/\/bhimportsexports.com\/hl=pt\/produto\/sensor-m18-banner-qs18vp6lpq8-difuso-450mm\/\" \/>\n<meta property=\"og:locale\" content=\"pt_BR\" \/>\n<meta property=\"og:type\" content=\"article\" \/>\n<meta property=\"og:title\" content=\"Sensor M18 Banner QS18VP6LPQ8 Difuso 450mm - BH IMPORTS &amp; EXPORTS\" \/>\n<meta property=\"og:description\" content=\"M\u00e9todo de detec\u00e7\u00e3o: Retrorrefletivo, Polarizado Tipo de sa\u00edda: N\/A Dist\u00e2ncia de detec\u00e7\u00e3o: 35.000 mm Tempo de resposta: 600 \u00b5s Voltagem \u2013 Pot\u00eancia: 10 V a 30 V Configura\u00e7\u00e3o de sa\u00edda: PNP \u2013 Dark-ON\/Light-ON Fonte de luz: LED Modo de conex\u00e3o: Conector Prote\u00e7\u00e3o de entrada: NEMA 6P, IEC IP67 Temperatura de opera\u00e7\u00e3o: -20 \u00b0C a 70 [&hellip;]\" \/>\n<meta property=\"og:url\" content=\"https:\/\/bhimportsexports.com\/hl=pt\/produto\/sensor-m18-banner-qs18vp6lpq8-difuso-450mm\/\" \/>\n<meta property=\"og:site_name\" content=\"BH IMPORTS &amp; EXPORTS\" \/>\n<meta property=\"article:modified_time\" content=\"2025-01-02T16:01:41+00:00\" \/>\n<meta property=\"og:image\" content=\"https:\/\/bhimportsexports.com\/wp-content\/uploads\/2024\/12\/D_NQ_NP_614605-MLB70393875930_072023-O-197x300-1.webp\" \/>\n\t<meta property=\"og:image:width\" content=\"197\" \/>\n\t<meta property=\"og:image:height\" content=\"300\" \/>\n\t<meta property=\"og:image:type\" content=\"image\/webp\" \/>\n<meta name=\"twitter:card\" content=\"summary_large_image\" \/>\n<meta name=\"twitter:label1\" content=\"Est. tempo de leitura\" \/>\n\t<meta name=\"twitter:data1\" content=\"1 minuto\" \/>\n<script type=\"application\/ld+json\" class=\"yoast-schema-graph\">{\"@context\":\"https:\\\/\\\/schema.org\",\"@graph\":[{\"@type\":\"WebPage\",\"@id\":\"https:\\\/\\\/bhimportsexports.com\\\/hl=pt\\\/produto\\\/sensor-m18-banner-qs18vp6lpq8-difuso-450mm\\\/\",\"url\":\"https:\\\/\\\/bhimportsexports.com\\\/hl=pt\\\/produto\\\/sensor-m18-banner-qs18vp6lpq8-difuso-450mm\\\/\",\"name\":\"Sensor M18 Banner QS18VP6LPQ8 Difuso 450mm - BH IMPORTS &amp; EXPORTS\",\"isPartOf\":{\"@id\":\"https:\\\/\\\/bhimportsexports.com\\\/hl=pt\\\/#website\"},\"primaryImageOfPage\":{\"@id\":\"https:\\\/\\\/bhimportsexports.com\\\/hl=pt\\\/produto\\\/sensor-m18-banner-qs18vp6lpq8-difuso-450mm\\\/#primaryimage\"},\"image\":{\"@id\":\"https:\\\/\\\/bhimportsexports.com\\\/hl=pt\\\/produto\\\/sensor-m18-banner-qs18vp6lpq8-difuso-450mm\\\/#primaryimage\"},\"thumbnailUrl\":\"https:\\\/\\\/bhimportsexports.com\\\/wp-content\\\/uploads\\\/2024\\\/12\\\/D_NQ_NP_614605-MLB70393875930_072023-O-197x300-1.webp\",\"datePublished\":\"2024-12-30T15:40:39+00:00\",\"dateModified\":\"2025-01-02T16:01:41+00:00\",\"breadcrumb\":{\"@id\":\"https:\\\/\\\/bhimportsexports.com\\\/hl=pt\\\/produto\\\/sensor-m18-banner-qs18vp6lpq8-difuso-450mm\\\/#breadcrumb\"},\"inLanguage\":\"pt-BR\",\"potentialAction\":[{\"@type\":\"ReadAction\",\"target\":[\"https:\\\/\\\/bhimportsexports.com\\\/hl=pt\\\/produto\\\/sensor-m18-banner-qs18vp6lpq8-difuso-450mm\\\/\"]}]},{\"@type\":\"ImageObject\",\"inLanguage\":\"pt-BR\",\"@id\":\"https:\\\/\\\/bhimportsexports.com\\\/hl=pt\\\/produto\\\/sensor-m18-banner-qs18vp6lpq8-difuso-450mm\\\/#primaryimage\",\"url\":\"https:\\\/\\\/bhimportsexports.com\\\/wp-content\\\/uploads\\\/2024\\\/12\\\/D_NQ_NP_614605-MLB70393875930_072023-O-197x300-1.webp\",\"contentUrl\":\"https:\\\/\\\/bhimportsexports.com\\\/wp-content\\\/uploads\\\/2024\\\/12\\\/D_NQ_NP_614605-MLB70393875930_072023-O-197x300-1.webp\",\"width\":197,\"height\":300},{\"@type\":\"BreadcrumbList\",\"@id\":\"https:\\\/\\\/bhimportsexports.com\\\/hl=pt\\\/produto\\\/sensor-m18-banner-qs18vp6lpq8-difuso-450mm\\\/#breadcrumb\",\"itemListElement\":[{\"@type\":\"ListItem\",\"position\":1,\"name\":\"In\u00edcio\",\"item\":\"https:\\\/\\\/bhimportsexports.com\\\/hl=pt\\\/\"},{\"@type\":\"ListItem\",\"position\":2,\"name\":\"Loja\",\"item\":\"https:\\\/\\\/bhimportsexports.com\\\/hl=pt\\\/loja\\\/\"},{\"@type\":\"ListItem\",\"position\":3,\"name\":\"Sensor M18 Banner QS18VP6LPQ8 Difuso 450mm\"}]},{\"@type\":\"WebSite\",\"@id\":\"https:\\\/\\\/bhimportsexports.com\\\/hl=pt\\\/#website\",\"url\":\"https:\\\/\\\/bhimportsexports.com\\\/hl=pt\\\/\",\"name\":\"BH IMPORTS & EXPORTS\",\"description\":\"Innovation and excellence in international trade. Import, export, consultancy and sourcing.\",\"publisher\":{\"@id\":\"https:\\\/\\\/bhimportsexports.com\\\/hl=pt\\\/#organization\"},\"potentialAction\":[{\"@type\":\"SearchAction\",\"target\":{\"@type\":\"EntryPoint\",\"urlTemplate\":\"https:\\\/\\\/bhimportsexports.com\\\/hl=pt\\\/?s={search_term_string}\"},\"query-input\":{\"@type\":\"PropertyValueSpecification\",\"valueRequired\":true,\"valueName\":\"search_term_string\"}}],\"inLanguage\":\"pt-BR\"},{\"@type\":\"Organization\",\"@id\":\"https:\\\/\\\/bhimportsexports.com\\\/hl=pt\\\/#organization\",\"name\":\"BH IMPORTS & EXPORTS\",\"url\":\"https:\\\/\\\/bhimportsexports.com\\\/hl=pt\\\/\",\"logo\":{\"@type\":\"ImageObject\",\"inLanguage\":\"pt-BR\",\"@id\":\"https:\\\/\\\/bhimportsexports.com\\\/hl=pt\\\/#\\\/schema\\\/logo\\\/image\\\/\",\"url\":\"https:\\\/\\\/bhimportsexports.com\\\/wp-content\\\/uploads\\\/2024\\\/09\\\/BH-IMPORTS.png\",\"contentUrl\":\"https:\\\/\\\/bhimportsexports.com\\\/wp-content\\\/uploads\\\/2024\\\/09\\\/BH-IMPORTS.png\",\"width\":300,\"height\":200,\"caption\":\"BH IMPORTS & EXPORTS\"},\"image\":{\"@id\":\"https:\\\/\\\/bhimportsexports.com\\\/hl=pt\\\/#\\\/schema\\\/logo\\\/image\\\/\"}}]}<\/script>\n<!-- \/ Yoast SEO plugin. -->","yoast_head_json":{"title":"Sensor M18 Banner QS18VP6LPQ8 Difuso 450mm - BH IMPORTS &amp; EXPORTS","robots":{"index":"index","follow":"follow","max-snippet":"max-snippet:-1","max-image-preview":"max-image-preview:large","max-video-preview":"max-video-preview:-1"},"canonical":"https:\/\/bhimportsexports.com\/hl=pt\/produto\/sensor-m18-banner-qs18vp6lpq8-difuso-450mm\/","og_locale":"pt_BR","og_type":"article","og_title":"Sensor M18 Banner QS18VP6LPQ8 Difuso 450mm - BH IMPORTS &amp; EXPORTS","og_description":"M\u00e9todo de detec\u00e7\u00e3o: Retrorrefletivo, Polarizado Tipo de sa\u00edda: N\/A Dist\u00e2ncia de detec\u00e7\u00e3o: 35.000 mm Tempo de resposta: 600 \u00b5s Voltagem \u2013 Pot\u00eancia: 10 V a 30 V Configura\u00e7\u00e3o de sa\u00edda: PNP \u2013 Dark-ON\/Light-ON Fonte de luz: LED Modo de conex\u00e3o: Conector Prote\u00e7\u00e3o de entrada: NEMA 6P, IEC IP67 Temperatura de opera\u00e7\u00e3o: -20 \u00b0C a 70 [&hellip;]","og_url":"https:\/\/bhimportsexports.com\/hl=pt\/produto\/sensor-m18-banner-qs18vp6lpq8-difuso-450mm\/","og_site_name":"BH IMPORTS &amp; EXPORTS","article_modified_time":"2025-01-02T16:01:41+00:00","og_image":[{"width":197,"height":300,"url":"https:\/\/bhimportsexports.com\/wp-content\/uploads\/2024\/12\/D_NQ_NP_614605-MLB70393875930_072023-O-197x300-1.webp","type":"image\/webp"}],"twitter_card":"summary_large_image","twitter_misc":{"Est. tempo de leitura":"1 minuto"},"schema":{"@context":"https:\/\/schema.org","@graph":[{"@type":"WebPage","@id":"https:\/\/bhimportsexports.com\/hl=pt\/produto\/sensor-m18-banner-qs18vp6lpq8-difuso-450mm\/","url":"https:\/\/bhimportsexports.com\/hl=pt\/produto\/sensor-m18-banner-qs18vp6lpq8-difuso-450mm\/","name":"Sensor M18 Banner QS18VP6LPQ8 Difuso 450mm - BH IMPORTS &amp; EXPORTS","isPartOf":{"@id":"https:\/\/bhimportsexports.com\/hl=pt\/#website"},"primaryImageOfPage":{"@id":"https:\/\/bhimportsexports.com\/hl=pt\/produto\/sensor-m18-banner-qs18vp6lpq8-difuso-450mm\/#primaryimage"},"image":{"@id":"https:\/\/bhimportsexports.com\/hl=pt\/produto\/sensor-m18-banner-qs18vp6lpq8-difuso-450mm\/#primaryimage"},"thumbnailUrl":"https:\/\/bhimportsexports.com\/wp-content\/uploads\/2024\/12\/D_NQ_NP_614605-MLB70393875930_072023-O-197x300-1.webp","datePublished":"2024-12-30T15:40:39+00:00","dateModified":"2025-01-02T16:01:41+00:00","breadcrumb":{"@id":"https:\/\/bhimportsexports.com\/hl=pt\/produto\/sensor-m18-banner-qs18vp6lpq8-difuso-450mm\/#breadcrumb"},"inLanguage":"pt-BR","potentialAction":[{"@type":"ReadAction","target":["https:\/\/bhimportsexports.com\/hl=pt\/produto\/sensor-m18-banner-qs18vp6lpq8-difuso-450mm\/"]}]},{"@type":"ImageObject","inLanguage":"pt-BR","@id":"https:\/\/bhimportsexports.com\/hl=pt\/produto\/sensor-m18-banner-qs18vp6lpq8-difuso-450mm\/#primaryimage","url":"https:\/\/bhimportsexports.com\/wp-content\/uploads\/2024\/12\/D_NQ_NP_614605-MLB70393875930_072023-O-197x300-1.webp","contentUrl":"https:\/\/bhimportsexports.com\/wp-content\/uploads\/2024\/12\/D_NQ_NP_614605-MLB70393875930_072023-O-197x300-1.webp","width":197,"height":300},{"@type":"BreadcrumbList","@id":"https:\/\/bhimportsexports.com\/hl=pt\/produto\/sensor-m18-banner-qs18vp6lpq8-difuso-450mm\/#breadcrumb","itemListElement":[{"@type":"ListItem","position":1,"name":"In\u00edcio","item":"https:\/\/bhimportsexports.com\/hl=pt\/"},{"@type":"ListItem","position":2,"name":"Loja","item":"https:\/\/bhimportsexports.com\/hl=pt\/loja\/"},{"@type":"ListItem","position":3,"name":"Sensor M18 Banner QS18VP6LPQ8 Difuso 450mm"}]},{"@type":"WebSite","@id":"https:\/\/bhimportsexports.com\/hl=pt\/#website","url":"https:\/\/bhimportsexports.com\/hl=pt\/","name":"BH IMPORTS & EXPORTS","description":"Innovation and excellence in international trade. Import, export, consultancy and sourcing.","publisher":{"@id":"https:\/\/bhimportsexports.com\/hl=pt\/#organization"},"potentialAction":[{"@type":"SearchAction","target":{"@type":"EntryPoint","urlTemplate":"https:\/\/bhimportsexports.com\/hl=pt\/?s={search_term_string}"},"query-input":{"@type":"PropertyValueSpecification","valueRequired":true,"valueName":"search_term_string"}}],"inLanguage":"pt-BR"},{"@type":"Organization","@id":"https:\/\/bhimportsexports.com\/hl=pt\/#organization","name":"BH IMPORTS & EXPORTS","url":"https:\/\/bhimportsexports.com\/hl=pt\/","logo":{"@type":"ImageObject","inLanguage":"pt-BR","@id":"https:\/\/bhimportsexports.com\/hl=pt\/#\/schema\/logo\/image\/","url":"https:\/\/bhimportsexports.com\/wp-content\/uploads\/2024\/09\/BH-IMPORTS.png","contentUrl":"https:\/\/bhimportsexports.com\/wp-content\/uploads\/2024\/09\/BH-IMPORTS.png","width":300,"height":200,"caption":"BH IMPORTS & EXPORTS"},"image":{"@id":"https:\/\/bhimportsexports.com\/hl=pt\/#\/schema\/logo\/image\/"}}]}},"_links":{"self":[{"href":"https:\/\/bhimportsexports.com\/hl=pt\/wp-json\/wp\/v2\/product\/3751","targetHints":{"allow":["GET"]}}],"collection":[{"href":"https:\/\/bhimportsexports.com\/hl=pt\/wp-json\/wp\/v2\/product"}],"about":[{"href":"https:\/\/bhimportsexports.com\/hl=pt\/wp-json\/wp\/v2\/types\/product"}],"replies":[{"embeddable":true,"href":"https:\/\/bhimportsexports.com\/hl=pt\/wp-json\/wp\/v2\/comments?post=3751"}],"wp:featuredmedia":[{"embeddable":true,"href":"https:\/\/bhimportsexports.com\/hl=pt\/wp-json\/wp\/v2\/media\/3752"}],"wp:attachment":[{"href":"https:\/\/bhimportsexports.com\/hl=pt\/wp-json\/wp\/v2\/media?parent=3751"}],"wp:term":[{"taxonomy":"product_brand","embeddable":true,"href":"https:\/\/bhimportsexports.com\/hl=pt\/wp-json\/wp\/v2\/product_brand?post=3751"},{"taxonomy":"product_cat","embeddable":true,"href":"https:\/\/bhimportsexports.com\/hl=pt\/wp-json\/wp\/v2\/product_cat?post=3751"},{"taxonomy":"product_tag","embeddable":true,"href":"https:\/\/bhimportsexports.com\/hl=pt\/wp-json\/wp\/v2\/product_tag?post=3751"}],"curies":[{"name":"wp","href":"https:\/\/api.w.org\/{rel}","templated":true}]}}