{"id":3735,"date":"2024-12-30T14:48:42","date_gmt":"2024-12-30T14:48:42","guid":{"rendered":"https:\/\/bhimportsexports.com\/hl=pt\/?post_type=product&#038;p=3735"},"modified":"2024-12-30T14:49:08","modified_gmt":"2024-12-30T14:49:08","slug":"sensor-optoeletronico-bos-18kf-pa-1qd-s4c","status":"publish","type":"product","link":"https:\/\/bhimportsexports.com\/hl=pt\/produto\/sensor-optoeletronico-bos-18kf-pa-1qd-s4c\/","title":{"rendered":"Sensor optoeletr\u00f4nico BOS-18KF-PA-1QD-S4C"},"content":{"rendered":"<div class=\"elementor-element elementor-element-589b9f3 e-flex e-con-boxed e-con e-child\" data-id=\"589b9f3\" data-element_type=\"container\">\n<div class=\"e-con-inner\">\n<div class=\"elementor-element elementor-element-85d65c7 elementor-widget elementor-widget-text-editor\" data-id=\"85d65c7\" data-element_type=\"widget\" data-widget_type=\"text-editor.default\">\n<div class=\"elementor-widget-container\">S\u00e9rie: 18KF Dimens\u00f5es: \u00d8 18 x 81.5 mm Interface: PNP Contato normalmente aberto (NA) PNP Contato normalmente fechado (NF) Princ\u00edpio de funcionamento: Sensor \u00f3tico Princ\u00edpio de funcionamento \u00f3tico: Sensor \u00f3tico retroreflexivo Tipo de luz: LED Luz vermelha Alcance: 0\u20264.5 m Conex\u00e3o: Conector de encaixe Material do inv\u00f3lucro: PBT Superf\u00edcie ativa, material: PMMA Tens\u00e3o de servi\u00e7o UB: 10\u202630 VDC Certifica\u00e7\u00e3o\/conformidade: CE cULus WEEE<\/div>\n<\/div>\n<\/div>\n<\/div>\n<div class=\"elementor-element elementor-element-b780bfe elementor-widget elementor-widget-spacer\" data-id=\"b780bfe\" data-element_type=\"widget\" data-widget_type=\"spacer.default\">\n<div class=\"elementor-widget-container\">\n<div class=\"elementor-spacer\"><\/div>\n<\/div>\n<\/div>\n","protected":false},"excerpt":{"rendered":"<p>S\u00e9rie: 18KF Dimens\u00f5es: \u00d8 18 x 81.5 mm Interface: PNP Contato normalmente aberto (NA) PNP Contato normalmente fechado (NF) Princ\u00edpio de funcionamento: Sensor \u00f3tico Princ\u00edpio de funcionamento \u00f3tico: Sensor \u00f3tico retroreflexivo Tipo de luz: LED Luz vermelha Alcance: 0\u20264.5 m Conex\u00e3o: Conector de encaixe Material do inv\u00f3lucro: PBT Superf\u00edcie ativa, material: PMMA Tens\u00e3o de servi\u00e7o [&hellip;]<\/p>\n","protected":false},"featured_media":3736,"comment_status":"open","ping_status":"closed","template":"","meta":[],"product_brand":[],"product_cat":[1115],"product_tag":[],"class_list":{"0":"post-3735","1":"product","2":"type-product","3":"status-publish","4":"has-post-thumbnail","6":"product_cat-sensor","8":"first","9":"onbackorder","10":"shipping-taxable","11":"purchasable","12":"product-type-simple"},"yoast_head":"<!-- This site is optimized with the Yoast SEO plugin v27.4 - https:\/\/yoast.com\/product\/yoast-seo-wordpress\/ -->\n<title>Sensor optoeletr\u00f4nico BOS-18KF-PA-1QD-S4C - BH IMPORTS &amp; EXPORTS<\/title>\n<meta name=\"robots\" content=\"index, follow, max-snippet:-1, max-image-preview:large, max-video-preview:-1\" \/>\n<link rel=\"canonical\" href=\"https:\/\/bhimportsexports.com\/hl=pt\/produto\/sensor-optoeletronico-bos-18kf-pa-1qd-s4c\/\" \/>\n<meta property=\"og:locale\" content=\"pt_BR\" \/>\n<meta property=\"og:type\" content=\"article\" \/>\n<meta property=\"og:title\" content=\"Sensor optoeletr\u00f4nico BOS-18KF-PA-1QD-S4C - BH IMPORTS &amp; EXPORTS\" \/>\n<meta property=\"og:description\" content=\"S\u00e9rie: 18KF Dimens\u00f5es: \u00d8 18 x 81.5 mm Interface: PNP Contato normalmente aberto (NA) PNP Contato normalmente fechado (NF) Princ\u00edpio de funcionamento: Sensor \u00f3tico Princ\u00edpio de funcionamento \u00f3tico: Sensor \u00f3tico retroreflexivo Tipo de luz: LED Luz vermelha Alcance: 0\u20264.5 m Conex\u00e3o: Conector de encaixe Material do inv\u00f3lucro: PBT Superf\u00edcie ativa, material: PMMA Tens\u00e3o de servi\u00e7o [&hellip;]\" \/>\n<meta property=\"og:url\" content=\"https:\/\/bhimportsexports.com\/hl=pt\/produto\/sensor-optoeletronico-bos-18kf-pa-1qd-s4c\/\" \/>\n<meta property=\"og:site_name\" content=\"BH IMPORTS &amp; EXPORTS\" \/>\n<meta property=\"article:modified_time\" content=\"2024-12-30T14:49:08+00:00\" \/>\n<meta property=\"og:image\" content=\"https:\/\/bhimportsexports.com\/wp-content\/uploads\/2024\/12\/download-1-1.jpeg\" \/>\n\t<meta property=\"og:image:width\" content=\"225\" \/>\n\t<meta property=\"og:image:height\" content=\"225\" \/>\n\t<meta property=\"og:image:type\" content=\"image\/jpeg\" \/>\n<meta name=\"twitter:card\" content=\"summary_large_image\" \/>\n<meta name=\"twitter:label1\" content=\"Est. tempo de leitura\" \/>\n\t<meta name=\"twitter:data1\" content=\"1 minuto\" \/>\n<script type=\"application\/ld+json\" class=\"yoast-schema-graph\">{\"@context\":\"https:\\\/\\\/schema.org\",\"@graph\":[{\"@type\":\"WebPage\",\"@id\":\"https:\\\/\\\/bhimportsexports.com\\\/hl=pt\\\/produto\\\/sensor-optoeletronico-bos-18kf-pa-1qd-s4c\\\/\",\"url\":\"https:\\\/\\\/bhimportsexports.com\\\/hl=pt\\\/produto\\\/sensor-optoeletronico-bos-18kf-pa-1qd-s4c\\\/\",\"name\":\"Sensor optoeletr\u00f4nico BOS-18KF-PA-1QD-S4C - BH IMPORTS &amp; EXPORTS\",\"isPartOf\":{\"@id\":\"https:\\\/\\\/bhimportsexports.com\\\/hl=pt\\\/#website\"},\"primaryImageOfPage\":{\"@id\":\"https:\\\/\\\/bhimportsexports.com\\\/hl=pt\\\/produto\\\/sensor-optoeletronico-bos-18kf-pa-1qd-s4c\\\/#primaryimage\"},\"image\":{\"@id\":\"https:\\\/\\\/bhimportsexports.com\\\/hl=pt\\\/produto\\\/sensor-optoeletronico-bos-18kf-pa-1qd-s4c\\\/#primaryimage\"},\"thumbnailUrl\":\"https:\\\/\\\/bhimportsexports.com\\\/wp-content\\\/uploads\\\/2024\\\/12\\\/download-1-1.jpeg\",\"datePublished\":\"2024-12-30T14:48:42+00:00\",\"dateModified\":\"2024-12-30T14:49:08+00:00\",\"breadcrumb\":{\"@id\":\"https:\\\/\\\/bhimportsexports.com\\\/hl=pt\\\/produto\\\/sensor-optoeletronico-bos-18kf-pa-1qd-s4c\\\/#breadcrumb\"},\"inLanguage\":\"pt-BR\",\"potentialAction\":[{\"@type\":\"ReadAction\",\"target\":[\"https:\\\/\\\/bhimportsexports.com\\\/hl=pt\\\/produto\\\/sensor-optoeletronico-bos-18kf-pa-1qd-s4c\\\/\"]}]},{\"@type\":\"ImageObject\",\"inLanguage\":\"pt-BR\",\"@id\":\"https:\\\/\\\/bhimportsexports.com\\\/hl=pt\\\/produto\\\/sensor-optoeletronico-bos-18kf-pa-1qd-s4c\\\/#primaryimage\",\"url\":\"https:\\\/\\\/bhimportsexports.com\\\/wp-content\\\/uploads\\\/2024\\\/12\\\/download-1-1.jpeg\",\"contentUrl\":\"https:\\\/\\\/bhimportsexports.com\\\/wp-content\\\/uploads\\\/2024\\\/12\\\/download-1-1.jpeg\",\"width\":225,\"height\":225},{\"@type\":\"BreadcrumbList\",\"@id\":\"https:\\\/\\\/bhimportsexports.com\\\/hl=pt\\\/produto\\\/sensor-optoeletronico-bos-18kf-pa-1qd-s4c\\\/#breadcrumb\",\"itemListElement\":[{\"@type\":\"ListItem\",\"position\":1,\"name\":\"In\u00edcio\",\"item\":\"https:\\\/\\\/bhimportsexports.com\\\/hl=pt\\\/\"},{\"@type\":\"ListItem\",\"position\":2,\"name\":\"Loja\",\"item\":\"https:\\\/\\\/bhimportsexports.com\\\/hl=pt\\\/loja\\\/\"},{\"@type\":\"ListItem\",\"position\":3,\"name\":\"Sensor optoeletr\u00f4nico BOS-18KF-PA-1QD-S4C\"}]},{\"@type\":\"WebSite\",\"@id\":\"https:\\\/\\\/bhimportsexports.com\\\/hl=pt\\\/#website\",\"url\":\"https:\\\/\\\/bhimportsexports.com\\\/hl=pt\\\/\",\"name\":\"BH IMPORTS & EXPORTS\",\"description\":\"Innovation and excellence in international trade. Import, export, consultancy and sourcing.\",\"publisher\":{\"@id\":\"https:\\\/\\\/bhimportsexports.com\\\/hl=pt\\\/#organization\"},\"potentialAction\":[{\"@type\":\"SearchAction\",\"target\":{\"@type\":\"EntryPoint\",\"urlTemplate\":\"https:\\\/\\\/bhimportsexports.com\\\/hl=pt\\\/?s={search_term_string}\"},\"query-input\":{\"@type\":\"PropertyValueSpecification\",\"valueRequired\":true,\"valueName\":\"search_term_string\"}}],\"inLanguage\":\"pt-BR\"},{\"@type\":\"Organization\",\"@id\":\"https:\\\/\\\/bhimportsexports.com\\\/hl=pt\\\/#organization\",\"name\":\"BH IMPORTS & EXPORTS\",\"url\":\"https:\\\/\\\/bhimportsexports.com\\\/hl=pt\\\/\",\"logo\":{\"@type\":\"ImageObject\",\"inLanguage\":\"pt-BR\",\"@id\":\"https:\\\/\\\/bhimportsexports.com\\\/hl=pt\\\/#\\\/schema\\\/logo\\\/image\\\/\",\"url\":\"https:\\\/\\\/bhimportsexports.com\\\/wp-content\\\/uploads\\\/2024\\\/09\\\/BH-IMPORTS.png\",\"contentUrl\":\"https:\\\/\\\/bhimportsexports.com\\\/wp-content\\\/uploads\\\/2024\\\/09\\\/BH-IMPORTS.png\",\"width\":300,\"height\":200,\"caption\":\"BH IMPORTS & EXPORTS\"},\"image\":{\"@id\":\"https:\\\/\\\/bhimportsexports.com\\\/hl=pt\\\/#\\\/schema\\\/logo\\\/image\\\/\"}}]}<\/script>\n<!-- \/ Yoast SEO plugin. -->","yoast_head_json":{"title":"Sensor optoeletr\u00f4nico BOS-18KF-PA-1QD-S4C - BH IMPORTS &amp; EXPORTS","robots":{"index":"index","follow":"follow","max-snippet":"max-snippet:-1","max-image-preview":"max-image-preview:large","max-video-preview":"max-video-preview:-1"},"canonical":"https:\/\/bhimportsexports.com\/hl=pt\/produto\/sensor-optoeletronico-bos-18kf-pa-1qd-s4c\/","og_locale":"pt_BR","og_type":"article","og_title":"Sensor optoeletr\u00f4nico BOS-18KF-PA-1QD-S4C - BH IMPORTS &amp; EXPORTS","og_description":"S\u00e9rie: 18KF Dimens\u00f5es: \u00d8 18 x 81.5 mm Interface: PNP Contato normalmente aberto (NA) PNP Contato normalmente fechado (NF) Princ\u00edpio de funcionamento: Sensor \u00f3tico Princ\u00edpio de funcionamento \u00f3tico: Sensor \u00f3tico retroreflexivo Tipo de luz: LED Luz vermelha Alcance: 0\u20264.5 m Conex\u00e3o: Conector de encaixe Material do inv\u00f3lucro: PBT Superf\u00edcie ativa, material: PMMA Tens\u00e3o de servi\u00e7o [&hellip;]","og_url":"https:\/\/bhimportsexports.com\/hl=pt\/produto\/sensor-optoeletronico-bos-18kf-pa-1qd-s4c\/","og_site_name":"BH IMPORTS &amp; EXPORTS","article_modified_time":"2024-12-30T14:49:08+00:00","og_image":[{"width":225,"height":225,"url":"https:\/\/bhimportsexports.com\/wp-content\/uploads\/2024\/12\/download-1-1.jpeg","type":"image\/jpeg"}],"twitter_card":"summary_large_image","twitter_misc":{"Est. tempo de leitura":"1 minuto"},"schema":{"@context":"https:\/\/schema.org","@graph":[{"@type":"WebPage","@id":"https:\/\/bhimportsexports.com\/hl=pt\/produto\/sensor-optoeletronico-bos-18kf-pa-1qd-s4c\/","url":"https:\/\/bhimportsexports.com\/hl=pt\/produto\/sensor-optoeletronico-bos-18kf-pa-1qd-s4c\/","name":"Sensor optoeletr\u00f4nico BOS-18KF-PA-1QD-S4C - BH IMPORTS &amp; EXPORTS","isPartOf":{"@id":"https:\/\/bhimportsexports.com\/hl=pt\/#website"},"primaryImageOfPage":{"@id":"https:\/\/bhimportsexports.com\/hl=pt\/produto\/sensor-optoeletronico-bos-18kf-pa-1qd-s4c\/#primaryimage"},"image":{"@id":"https:\/\/bhimportsexports.com\/hl=pt\/produto\/sensor-optoeletronico-bos-18kf-pa-1qd-s4c\/#primaryimage"},"thumbnailUrl":"https:\/\/bhimportsexports.com\/wp-content\/uploads\/2024\/12\/download-1-1.jpeg","datePublished":"2024-12-30T14:48:42+00:00","dateModified":"2024-12-30T14:49:08+00:00","breadcrumb":{"@id":"https:\/\/bhimportsexports.com\/hl=pt\/produto\/sensor-optoeletronico-bos-18kf-pa-1qd-s4c\/#breadcrumb"},"inLanguage":"pt-BR","potentialAction":[{"@type":"ReadAction","target":["https:\/\/bhimportsexports.com\/hl=pt\/produto\/sensor-optoeletronico-bos-18kf-pa-1qd-s4c\/"]}]},{"@type":"ImageObject","inLanguage":"pt-BR","@id":"https:\/\/bhimportsexports.com\/hl=pt\/produto\/sensor-optoeletronico-bos-18kf-pa-1qd-s4c\/#primaryimage","url":"https:\/\/bhimportsexports.com\/wp-content\/uploads\/2024\/12\/download-1-1.jpeg","contentUrl":"https:\/\/bhimportsexports.com\/wp-content\/uploads\/2024\/12\/download-1-1.jpeg","width":225,"height":225},{"@type":"BreadcrumbList","@id":"https:\/\/bhimportsexports.com\/hl=pt\/produto\/sensor-optoeletronico-bos-18kf-pa-1qd-s4c\/#breadcrumb","itemListElement":[{"@type":"ListItem","position":1,"name":"In\u00edcio","item":"https:\/\/bhimportsexports.com\/hl=pt\/"},{"@type":"ListItem","position":2,"name":"Loja","item":"https:\/\/bhimportsexports.com\/hl=pt\/loja\/"},{"@type":"ListItem","position":3,"name":"Sensor optoeletr\u00f4nico BOS-18KF-PA-1QD-S4C"}]},{"@type":"WebSite","@id":"https:\/\/bhimportsexports.com\/hl=pt\/#website","url":"https:\/\/bhimportsexports.com\/hl=pt\/","name":"BH IMPORTS & EXPORTS","description":"Innovation and excellence in international trade. Import, export, consultancy and sourcing.","publisher":{"@id":"https:\/\/bhimportsexports.com\/hl=pt\/#organization"},"potentialAction":[{"@type":"SearchAction","target":{"@type":"EntryPoint","urlTemplate":"https:\/\/bhimportsexports.com\/hl=pt\/?s={search_term_string}"},"query-input":{"@type":"PropertyValueSpecification","valueRequired":true,"valueName":"search_term_string"}}],"inLanguage":"pt-BR"},{"@type":"Organization","@id":"https:\/\/bhimportsexports.com\/hl=pt\/#organization","name":"BH IMPORTS & EXPORTS","url":"https:\/\/bhimportsexports.com\/hl=pt\/","logo":{"@type":"ImageObject","inLanguage":"pt-BR","@id":"https:\/\/bhimportsexports.com\/hl=pt\/#\/schema\/logo\/image\/","url":"https:\/\/bhimportsexports.com\/wp-content\/uploads\/2024\/09\/BH-IMPORTS.png","contentUrl":"https:\/\/bhimportsexports.com\/wp-content\/uploads\/2024\/09\/BH-IMPORTS.png","width":300,"height":200,"caption":"BH IMPORTS & EXPORTS"},"image":{"@id":"https:\/\/bhimportsexports.com\/hl=pt\/#\/schema\/logo\/image\/"}}]}},"_links":{"self":[{"href":"https:\/\/bhimportsexports.com\/hl=pt\/wp-json\/wp\/v2\/product\/3735","targetHints":{"allow":["GET"]}}],"collection":[{"href":"https:\/\/bhimportsexports.com\/hl=pt\/wp-json\/wp\/v2\/product"}],"about":[{"href":"https:\/\/bhimportsexports.com\/hl=pt\/wp-json\/wp\/v2\/types\/product"}],"replies":[{"embeddable":true,"href":"https:\/\/bhimportsexports.com\/hl=pt\/wp-json\/wp\/v2\/comments?post=3735"}],"wp:featuredmedia":[{"embeddable":true,"href":"https:\/\/bhimportsexports.com\/hl=pt\/wp-json\/wp\/v2\/media\/3736"}],"wp:attachment":[{"href":"https:\/\/bhimportsexports.com\/hl=pt\/wp-json\/wp\/v2\/media?parent=3735"}],"wp:term":[{"taxonomy":"product_brand","embeddable":true,"href":"https:\/\/bhimportsexports.com\/hl=pt\/wp-json\/wp\/v2\/product_brand?post=3735"},{"taxonomy":"product_cat","embeddable":true,"href":"https:\/\/bhimportsexports.com\/hl=pt\/wp-json\/wp\/v2\/product_cat?post=3735"},{"taxonomy":"product_tag","embeddable":true,"href":"https:\/\/bhimportsexports.com\/hl=pt\/wp-json\/wp\/v2\/product_tag?post=3735"}],"curies":[{"name":"wp","href":"https:\/\/api.w.org\/{rel}","templated":true}]}}